{"id":15390,"date":"2022-11-01T15:03:04","date_gmt":"2022-11-01T13:03:04","guid":{"rendered":"https:\/\/veneakselisto.com\/kauppa\/?post_type=product&#038;p=15390"},"modified":"2024-09-01T00:29:11","modified_gmt":"2024-08-31T21:29:11","slug":"vetus-mgp9090-vesilukko-23-l","status":"publish","type":"product","link":"https:\/\/veneakselisto.com\/kauppa\/tuote\/vetus-mgp9090-vesilukko-23-l\/","title":{"rendered":"Vetus MGP9090 90mm vesilukko 23 l"},"content":{"rendered":"<p>Vetus MGP9090 vesilukko 23 l<\/p>\n<p>Vesilukot suurempiin veneisiin<\/p>\n<p>Sopivuus 90 mm Pakoletkulle<\/p>\n<p>Erinomainen \u00e4\u00e4nenvaimennus minimaalisella vastapaineella<br \/>\nMG-vesilukot helpottavat asennusta sill\u00e4 niiss\u00e4 on 360\u00b0k\u00e4\u00e4ntyv\u00e4 yl\u00e4osa ja tuloyhde on 45 asteen kulmassa yl\u00e4viistoon.<br \/>\nMG-mallit on tarkoitettu vain vesij\u00e4\u00e4hdytteisiin pakoputkij\u00e4rjestelmiin. Ne vaimentavat eritt\u00e4in hyvin \u00e4\u00e4nt\u00e4 mutta aiheuttavat<br \/>\neritt\u00e4in v\u00e4h\u00e4n vastapainetta. Vesilukkojen materiaalit ovat t\u00e4ysin korroosionkest\u00e4v\u00e4t eiv\u00e4tk\u00e4 ne aiheuta galvaanista reaktiota.<\/p>\n<p>MITAT<\/p>\n<p>d=90 mm<\/p>\n<p>D=90 mm<\/p>\n<p>A=270 mm<\/p>\n<p>B=450 mm<\/p>\n<p>Malli MG<br \/>\nTiedot<br \/>\n\u2022 Erinomainen \u00e4\u00e4nenvaimennus<br \/>\n\u2022 Minimaalinen vastapaine<br \/>\n\u2022 Poistotulppa talvis\u00e4ilytyst\u00e4 varten<br \/>\n\u2022 Sopii sis\u00e4halkaisijaltaan \u00d890, 102, 127, 152, 209 ja 250 mm:n pakoletkuille<br \/>\n\u2022 Tilavuudet 23, 75 ja 130 litraa<br \/>\n\u2022 Tyhjennystulppa M12<\/p>\n<p>Vetus vesilukko veneeseen<\/p>\n<p>Ns. M\u00e4rk\u00e4 pakoputki<br \/>\nKuivien pakoj\u00e4rjestelmien ongelma on p\u00e4\u00e4asiassa meteli sek\u00e4 korkea l\u00e4mp\u00f6tila joka saattaa dieselkoneessa nousta jopa yli 600\u00b0C.<br \/>\nNs. m\u00e4riss\u00e4 pakoputkissa l\u00e4mp\u00f6tilaa lasketaan noin 40\u00b0 &#8211; 50\u00b0C paikkeille sekoittamalla pakokaasuun vett\u00e4.<br \/>\nL\u00e4ht\u00f6kohtaisesti m\u00e4rk\u00e4 pakoj\u00e4rjestelm\u00e4 koostuu seuraavista osista:<br \/>\n\u2022 Pakoletku<br \/>\n\u2022 Vesilukko\/\u00e4\u00e4nenvaimennin<br \/>\n\u2022 Joutsenkaula<br \/>\n\u2022 L\u00e4pivienti<br \/>\nMonta syyt\u00e4 valita VETUS pakoj\u00e4rjestelm\u00e4<br \/>\nKaikki VETUS pakoj\u00e4rjestelm\u00e4komponentit ovat korkealaatuisia, kest\u00e4vi\u00e4 ja turvallisia.<br \/>\nT\u00e4ss\u00e4 muutamia ominaisuuksia:<br \/>\n\u2022 Kaikki VETUS pakoj\u00e4rjestelm\u00e4t t\u00e4ytt\u00e4v\u00e4t ABYC- vaatimukset<br \/>\n\u2022 Useissa komponenteissa on k\u00e4\u00e4ntyv\u00e4t letkuyhteet jotka helpottavat asennusta<br \/>\n\u2022 Huipputason \u00e4\u00e4nenvaimennus mahdollisimman pienell\u00e4 vastapaineella<br \/>\n\u2022 Saatavana my\u00f6s joutsenkaula\/\u00e4\u00e4nenvaimennin- ja vesilukko\/\u00e4\u00e4nenvaimennin-yhdistelmi\u00e4<br \/>\n\u2022 ASD laponestoventtiilin voi avata ilman ty\u00f6kaluja ja puhdistaa helposti<br \/>\n\u2022 VETUS pakoletkut ovat eritt\u00e4in taipuisia mik\u00e4 tekee asennuksen helpoksi<br \/>\n\u2022 Pakokaasun l\u00e4mp\u00f6tilavaroitin saatavana lis\u00e4varusteena<\/p>\n","protected":false},"excerpt":{"rendered":"<p>Vetus MGP9090 vesilukko 23 l<\/p>\n<p>Vesilukot suurempiin veneisiin<\/p>\n<p>Sopivuus 90 mm Pakoletkulle<\/p>\n<p>Erinomainen \u00e4\u00e4nenvaimennus minimaalisella vastapaineella<br \/>\nMG-vesilukot helpottavat asennusta sill\u00e4 niiss\u00e4 on 360\u00b0k\u00e4\u00e4ntyv\u00e4 yl\u00e4osa ja tuloyhde on 45 asteen kulmassa yl\u00e4viistoon.<br \/>\nMG-mallit on tarkoitettu vain vesij\u00e4\u00e4hdytteisiin pakoputkij\u00e4rjestelmiin. Ne vaimentavat eritt\u00e4in hyvin \u00e4\u00e4nt\u00e4 mutta aiheuttavat<br \/>\neritt\u00e4in v\u00e4h\u00e4n vastapainetta. Vesilukkojen materiaalit ovat t\u00e4ysin korroosionkest\u00e4v\u00e4t eiv\u00e4tk\u00e4 ne aiheuta galvaanista reaktiota.<\/p>\n<p>Tehdastoimitus. Toimitusaika 4-5pv normaalisti<\/p>\n","protected":false},"featured_media":15389,"comment_status":"open","ping_status":"closed","template":"","meta":{"jetpack_post_was_ever_published":false,"jetpack_publicize_message":"","jetpack_publicize_feature_enabled":true,"jetpack_social_post_already_shared":true,"jetpack_social_options":{"image_generator_settings":{"template":"highway","default_image_id":0,"font":"","enabled":false},"version":2}},"product_brand":[],"product_cat":[37,1091,38,1094,470],"product_tag":[162,98],"class_list":{"0":"post-15390","1":"product","2":"type-product","3":"status-publish","4":"has-post-thumbnail","6":"product_cat-pakoputkistot-ja-tarvikkeet","7":"product_cat-veneen-pakoputkisto-vetus","8":"product_cat-vesilukot","9":"product_cat-vesilukko-aanenvaimennin-veneen","10":"product_cat-vetus_vetus-venetarvikkeet_venetarvikeiden-maahantuonti-ja-myynti","11":"product_tag-vesilukko","12":"product_tag-vetus","13":"brand-vetus","15":"first","16":"instock","17":"sale","18":"taxable","19":"shipping-taxable","20":"purchasable","21":"product-type-simple"},"yoast_head":"<!-- This site is optimized with the Yoast SEO plugin v27.3 - https:\/\/yoast.com\/product\/yoast-seo-wordpress\/ -->\n<title>Vetus MGP9090 vesilukko 23 l-Veneakselisto.com<\/title>\n<meta name=\"description\" content=\"Vetus MGP9090 vesilukko 23 l. Vetus vesilukot 127mm toimittaa aina edullinen Veneakselisto.com-Venetarvikkeiden maahantuonti ja myynti\" \/>\n<meta name=\"robots\" content=\"index, follow, max-snippet:-1, max-image-preview:large, max-video-preview:-1\" \/>\n<link rel=\"canonical\" href=\"https:\/\/veneakselisto.com\/kauppa\/tuote\/vetus-mgp9090-vesilukko-23-l\/\" \/>\n<meta property=\"og:locale\" content=\"fi_FI\" \/>\n<meta property=\"og:type\" content=\"article\" \/>\n<meta property=\"og:title\" content=\"Vetus MGP9090 vesilukko 23 l-Veneakselisto.com\" \/>\n<meta property=\"og:description\" content=\"Vetus MGP9090 vesilukko 23 l. Vetus vesilukot 127mm toimittaa aina edullinen Veneakselisto.com-Venetarvikkeiden maahantuonti ja myynti\" \/>\n<meta property=\"og:url\" content=\"https:\/\/veneakselisto.com\/kauppa\/tuote\/vetus-mgp9090-vesilukko-23-l\/\" \/>\n<meta property=\"og:site_name\" content=\"Veneakselisto.com - verkkokauppa\" \/>\n<meta property=\"article:publisher\" content=\"https:\/\/www.facebook.com\/AlaMikkula\/\" \/>\n<meta property=\"article:modified_time\" content=\"2024-08-31T21:29:11+00:00\" \/>\n<meta property=\"og:image\" content=\"https:\/\/veneakselisto.com\/kauppa\/wp-content\/uploads\/2022\/11\/MGP-vesilukko.png\" \/>\n\t<meta property=\"og:image:width\" content=\"500\" \/>\n\t<meta property=\"og:image:height\" content=\"500\" \/>\n\t<meta property=\"og:image:type\" content=\"image\/png\" \/>\n<meta name=\"twitter:card\" content=\"summary_large_image\" \/>\n<meta name=\"twitter:label1\" content=\"Arvioitu lukuaika\" \/>\n\t<meta name=\"twitter:data1\" content=\"2 minuuttia\" \/>\n<script type=\"application\/ld+json\" class=\"yoast-schema-graph\">{\"@context\":\"https:\\\/\\\/schema.org\",\"@graph\":[{\"@type\":\"WebPage\",\"@id\":\"https:\\\/\\\/veneakselisto.com\\\/kauppa\\\/tuote\\\/vetus-mgp9090-vesilukko-23-l\\\/\",\"url\":\"https:\\\/\\\/veneakselisto.com\\\/kauppa\\\/tuote\\\/vetus-mgp9090-vesilukko-23-l\\\/\",\"name\":\"Vetus MGP9090 vesilukko 23 l-Veneakselisto.com\",\"isPartOf\":{\"@id\":\"https:\\\/\\\/veneakselisto.com\\\/kauppa\\\/#website\"},\"primaryImageOfPage\":{\"@id\":\"https:\\\/\\\/veneakselisto.com\\\/kauppa\\\/tuote\\\/vetus-mgp9090-vesilukko-23-l\\\/#primaryimage\"},\"image\":{\"@id\":\"https:\\\/\\\/veneakselisto.com\\\/kauppa\\\/tuote\\\/vetus-mgp9090-vesilukko-23-l\\\/#primaryimage\"},\"thumbnailUrl\":\"https:\\\/\\\/i0.wp.com\\\/veneakselisto.com\\\/kauppa\\\/wp-content\\\/uploads\\\/2022\\\/11\\\/MGP-vesilukko.png?fit=500%2C500&ssl=1\",\"datePublished\":\"2022-11-01T13:03:04+00:00\",\"dateModified\":\"2024-08-31T21:29:11+00:00\",\"description\":\"Vetus MGP9090 vesilukko 23 l. Vetus vesilukot 127mm toimittaa aina edullinen Veneakselisto.com-Venetarvikkeiden maahantuonti ja myynti\",\"breadcrumb\":{\"@id\":\"https:\\\/\\\/veneakselisto.com\\\/kauppa\\\/tuote\\\/vetus-mgp9090-vesilukko-23-l\\\/#breadcrumb\"},\"inLanguage\":\"fi\",\"potentialAction\":[{\"@type\":\"ReadAction\",\"target\":[\"https:\\\/\\\/veneakselisto.com\\\/kauppa\\\/tuote\\\/vetus-mgp9090-vesilukko-23-l\\\/\"]}]},{\"@type\":\"ImageObject\",\"inLanguage\":\"fi\",\"@id\":\"https:\\\/\\\/veneakselisto.com\\\/kauppa\\\/tuote\\\/vetus-mgp9090-vesilukko-23-l\\\/#primaryimage\",\"url\":\"https:\\\/\\\/i0.wp.com\\\/veneakselisto.com\\\/kauppa\\\/wp-content\\\/uploads\\\/2022\\\/11\\\/MGP-vesilukko.png?fit=500%2C500&ssl=1\",\"contentUrl\":\"https:\\\/\\\/i0.wp.com\\\/veneakselisto.com\\\/kauppa\\\/wp-content\\\/uploads\\\/2022\\\/11\\\/MGP-vesilukko.png?fit=500%2C500&ssl=1\",\"width\":500,\"height\":500,\"caption\":\"Vetus MGP vesilukko suuriin veneisiin-veneakselisto.com\"},{\"@type\":\"BreadcrumbList\",\"@id\":\"https:\\\/\\\/veneakselisto.com\\\/kauppa\\\/tuote\\\/vetus-mgp9090-vesilukko-23-l\\\/#breadcrumb\",\"itemListElement\":[{\"@type\":\"ListItem\",\"position\":1,\"name\":\"Etusivu\",\"item\":\"https:\\\/\\\/veneakselisto.com\\\/kauppa\\\/\"},{\"@type\":\"ListItem\",\"position\":2,\"name\":\"Kauppa\",\"item\":\"https:\\\/\\\/veneakselisto.com\\\/kauppa\\\/\"},{\"@type\":\"ListItem\",\"position\":3,\"name\":\"Vetus MGP9090 90mm vesilukko 23 l\"}]},{\"@type\":\"WebSite\",\"@id\":\"https:\\\/\\\/veneakselisto.com\\\/kauppa\\\/#website\",\"url\":\"https:\\\/\\\/veneakselisto.com\\\/kauppa\\\/\",\"name\":\"Veneakselisto.com - verkkokauppa\",\"description\":\"Venetarvikkeiden maahantuonti ja myynti\",\"publisher\":{\"@id\":\"https:\\\/\\\/veneakselisto.com\\\/kauppa\\\/#organization\"},\"potentialAction\":[{\"@type\":\"SearchAction\",\"target\":{\"@type\":\"EntryPoint\",\"urlTemplate\":\"https:\\\/\\\/veneakselisto.com\\\/kauppa\\\/?s={search_term_string}\"},\"query-input\":{\"@type\":\"PropertyValueSpecification\",\"valueRequired\":true,\"valueName\":\"search_term_string\"}}],\"inLanguage\":\"fi\"},{\"@type\":\"Organization\",\"@id\":\"https:\\\/\\\/veneakselisto.com\\\/kauppa\\\/#organization\",\"name\":\"Veneakselisto.com verkkokauppa\",\"url\":\"https:\\\/\\\/veneakselisto.com\\\/kauppa\\\/\",\"logo\":{\"@type\":\"ImageObject\",\"inLanguage\":\"fi\",\"@id\":\"https:\\\/\\\/veneakselisto.com\\\/kauppa\\\/#\\\/schema\\\/logo\\\/image\\\/\",\"url\":\"https:\\\/\\\/i2.wp.com\\\/veneakselisto.com\\\/kauppa\\\/wp-content\\\/uploads\\\/2016\\\/06\\\/fb_icon.jpg?fit=327%2C327&ssl=1\",\"contentUrl\":\"https:\\\/\\\/i2.wp.com\\\/veneakselisto.com\\\/kauppa\\\/wp-content\\\/uploads\\\/2016\\\/06\\\/fb_icon.jpg?fit=327%2C327&ssl=1\",\"width\":327,\"height\":327,\"caption\":\"Veneakselisto.com verkkokauppa\"},\"image\":{\"@id\":\"https:\\\/\\\/veneakselisto.com\\\/kauppa\\\/#\\\/schema\\\/logo\\\/image\\\/\"},\"sameAs\":[\"https:\\\/\\\/www.facebook.com\\\/AlaMikkula\\\/\"]}]}<\/script>\n<!-- \/ Yoast SEO plugin. -->","yoast_head_json":{"title":"Vetus MGP9090 vesilukko 23 l-Veneakselisto.com","description":"Vetus MGP9090 vesilukko 23 l. Vetus vesilukot 127mm toimittaa aina edullinen Veneakselisto.com-Venetarvikkeiden maahantuonti ja myynti","robots":{"index":"index","follow":"follow","max-snippet":"max-snippet:-1","max-image-preview":"max-image-preview:large","max-video-preview":"max-video-preview:-1"},"canonical":"https:\/\/veneakselisto.com\/kauppa\/tuote\/vetus-mgp9090-vesilukko-23-l\/","og_locale":"fi_FI","og_type":"article","og_title":"Vetus MGP9090 vesilukko 23 l-Veneakselisto.com","og_description":"Vetus MGP9090 vesilukko 23 l. Vetus vesilukot 127mm toimittaa aina edullinen Veneakselisto.com-Venetarvikkeiden maahantuonti ja myynti","og_url":"https:\/\/veneakselisto.com\/kauppa\/tuote\/vetus-mgp9090-vesilukko-23-l\/","og_site_name":"Veneakselisto.com - verkkokauppa","article_publisher":"https:\/\/www.facebook.com\/AlaMikkula\/","article_modified_time":"2024-08-31T21:29:11+00:00","og_image":[{"width":500,"height":500,"url":"https:\/\/veneakselisto.com\/kauppa\/wp-content\/uploads\/2022\/11\/MGP-vesilukko.png","type":"image\/png"}],"twitter_card":"summary_large_image","twitter_misc":{"Arvioitu lukuaika":"2 minuuttia"},"schema":{"@context":"https:\/\/schema.org","@graph":[{"@type":"WebPage","@id":"https:\/\/veneakselisto.com\/kauppa\/tuote\/vetus-mgp9090-vesilukko-23-l\/","url":"https:\/\/veneakselisto.com\/kauppa\/tuote\/vetus-mgp9090-vesilukko-23-l\/","name":"Vetus MGP9090 vesilukko 23 l-Veneakselisto.com","isPartOf":{"@id":"https:\/\/veneakselisto.com\/kauppa\/#website"},"primaryImageOfPage":{"@id":"https:\/\/veneakselisto.com\/kauppa\/tuote\/vetus-mgp9090-vesilukko-23-l\/#primaryimage"},"image":{"@id":"https:\/\/veneakselisto.com\/kauppa\/tuote\/vetus-mgp9090-vesilukko-23-l\/#primaryimage"},"thumbnailUrl":"https:\/\/i0.wp.com\/veneakselisto.com\/kauppa\/wp-content\/uploads\/2022\/11\/MGP-vesilukko.png?fit=500%2C500&ssl=1","datePublished":"2022-11-01T13:03:04+00:00","dateModified":"2024-08-31T21:29:11+00:00","description":"Vetus MGP9090 vesilukko 23 l. Vetus vesilukot 127mm toimittaa aina edullinen Veneakselisto.com-Venetarvikkeiden maahantuonti ja myynti","breadcrumb":{"@id":"https:\/\/veneakselisto.com\/kauppa\/tuote\/vetus-mgp9090-vesilukko-23-l\/#breadcrumb"},"inLanguage":"fi","potentialAction":[{"@type":"ReadAction","target":["https:\/\/veneakselisto.com\/kauppa\/tuote\/vetus-mgp9090-vesilukko-23-l\/"]}]},{"@type":"ImageObject","inLanguage":"fi","@id":"https:\/\/veneakselisto.com\/kauppa\/tuote\/vetus-mgp9090-vesilukko-23-l\/#primaryimage","url":"https:\/\/i0.wp.com\/veneakselisto.com\/kauppa\/wp-content\/uploads\/2022\/11\/MGP-vesilukko.png?fit=500%2C500&ssl=1","contentUrl":"https:\/\/i0.wp.com\/veneakselisto.com\/kauppa\/wp-content\/uploads\/2022\/11\/MGP-vesilukko.png?fit=500%2C500&ssl=1","width":500,"height":500,"caption":"Vetus MGP vesilukko suuriin veneisiin-veneakselisto.com"},{"@type":"BreadcrumbList","@id":"https:\/\/veneakselisto.com\/kauppa\/tuote\/vetus-mgp9090-vesilukko-23-l\/#breadcrumb","itemListElement":[{"@type":"ListItem","position":1,"name":"Etusivu","item":"https:\/\/veneakselisto.com\/kauppa\/"},{"@type":"ListItem","position":2,"name":"Kauppa","item":"https:\/\/veneakselisto.com\/kauppa\/"},{"@type":"ListItem","position":3,"name":"Vetus MGP9090 90mm vesilukko 23 l"}]},{"@type":"WebSite","@id":"https:\/\/veneakselisto.com\/kauppa\/#website","url":"https:\/\/veneakselisto.com\/kauppa\/","name":"Veneakselisto.com - verkkokauppa","description":"Venetarvikkeiden maahantuonti ja myynti","publisher":{"@id":"https:\/\/veneakselisto.com\/kauppa\/#organization"},"potentialAction":[{"@type":"SearchAction","target":{"@type":"EntryPoint","urlTemplate":"https:\/\/veneakselisto.com\/kauppa\/?s={search_term_string}"},"query-input":{"@type":"PropertyValueSpecification","valueRequired":true,"valueName":"search_term_string"}}],"inLanguage":"fi"},{"@type":"Organization","@id":"https:\/\/veneakselisto.com\/kauppa\/#organization","name":"Veneakselisto.com verkkokauppa","url":"https:\/\/veneakselisto.com\/kauppa\/","logo":{"@type":"ImageObject","inLanguage":"fi","@id":"https:\/\/veneakselisto.com\/kauppa\/#\/schema\/logo\/image\/","url":"https:\/\/i2.wp.com\/veneakselisto.com\/kauppa\/wp-content\/uploads\/2016\/06\/fb_icon.jpg?fit=327%2C327&ssl=1","contentUrl":"https:\/\/i2.wp.com\/veneakselisto.com\/kauppa\/wp-content\/uploads\/2016\/06\/fb_icon.jpg?fit=327%2C327&ssl=1","width":327,"height":327,"caption":"Veneakselisto.com verkkokauppa"},"image":{"@id":"https:\/\/veneakselisto.com\/kauppa\/#\/schema\/logo\/image\/"},"sameAs":["https:\/\/www.facebook.com\/AlaMikkula\/"]}]}},"jetpack_publicize_connections":[],"jetpack_sharing_enabled":true,"_links":{"self":[{"href":"https:\/\/veneakselisto.com\/kauppa\/wp-json\/wp\/v2\/product\/15390","targetHints":{"allow":["GET"]}}],"collection":[{"href":"https:\/\/veneakselisto.com\/kauppa\/wp-json\/wp\/v2\/product"}],"about":[{"href":"https:\/\/veneakselisto.com\/kauppa\/wp-json\/wp\/v2\/types\/product"}],"replies":[{"embeddable":true,"href":"https:\/\/veneakselisto.com\/kauppa\/wp-json\/wp\/v2\/comments?post=15390"}],"wp:featuredmedia":[{"embeddable":true,"href":"https:\/\/veneakselisto.com\/kauppa\/wp-json\/wp\/v2\/media\/15389"}],"wp:attachment":[{"href":"https:\/\/veneakselisto.com\/kauppa\/wp-json\/wp\/v2\/media?parent=15390"}],"wp:term":[{"taxonomy":"product_brand","embeddable":true,"href":"https:\/\/veneakselisto.com\/kauppa\/wp-json\/wp\/v2\/product_brand?post=15390"},{"taxonomy":"product_cat","embeddable":true,"href":"https:\/\/veneakselisto.com\/kauppa\/wp-json\/wp\/v2\/product_cat?post=15390"},{"taxonomy":"product_tag","embeddable":true,"href":"https:\/\/veneakselisto.com\/kauppa\/wp-json\/wp\/v2\/product_tag?post=15390"}],"curies":[{"name":"wp","href":"https:\/\/api.w.org\/{rel}","templated":true}]}}