{"id":15362,"date":"2022-11-01T10:07:07","date_gmt":"2022-11-01T08:07:07","guid":{"rendered":"https:\/\/veneakselisto.com\/kauppa\/?post_type=product&#038;p=15362"},"modified":"2026-04-01T11:26:05","modified_gmt":"2026-04-01T08:26:05","slug":"vetus-aanenvaimennin-joutsenkaulayhdistelma-90mm","status":"publish","type":"product","link":"https:\/\/veneakselisto.com\/kauppa\/tuote\/vetus-aanenvaimennin-joutsenkaulayhdistelma-90mm\/","title":{"rendered":"Vetus \u00c4\u00e4nenvaimennin\/joutsenkaulayhdistelm\u00e4 90mm"},"content":{"rendered":"<p>Vetus \u00c4\u00e4nenvaimennin\/joutsenkaulayhdistelm\u00e4 90mm<\/p>\n<p>\u00c4\u00e4nenvaimentimen ja joutsenkaulan yhdistelm\u00e4<br \/>\n\u00c4\u00e4nenvaimennin\/joutsenkaulayhdistelm\u00e4 nopeuttaa asennusta ja s\u00e4\u00e4st\u00e4\u00e4 tilaa. NLPG-malleissa on eritt\u00e4in pieni vastapaine<br \/>\nmutta se toimii tehokkaana \u00e4\u00e4nenvaimentimena.<\/p>\n<p>Tiedot<br \/>\nSopii sis\u00e4halkaisijaltaan \u00d8 90 pakoletkuille<\/p>\n<p>360\u00ba k\u00e4\u00e4ntyv\u00e4 runko ja letkuyhteet<\/p>\n<p>Tilavuus 10l<\/p>\n<p>Liit\u00e4nt\u00e4 laponestoventtiilin letkua varten<\/p>\n<p>Ns. M\u00c4RK\u00c4 PAKOPUTKI<br \/>\nKuivien pakoj\u00e4rjestelmien ongelma on p\u00e4\u00e4asiassa meteli sek\u00e4 korkea l\u00e4mp\u00f6tila joka saattaa dieselkoneessa nousta jopa yli 600\u00b0C.<br \/>\nNs. m\u00e4riss\u00e4 pakoputkissa l\u00e4mp\u00f6tilaa lasketaan noin 40\u00b0 \u2013 50\u00b0C paikkeille sekoittamalla pakokaasuun vett\u00e4.<\/p>\n<p>L\u00e4ht\u00f6kohtaisesti m\u00e4rk\u00e4 pakoj\u00e4rjestelm\u00e4 koostuu seuraavista osista:<br \/>\n\u2022 Pakoletku<br \/>\n\u2022 Vesilukko\/\u00e4\u00e4nenvaimennin<br \/>\n\u2022 Joutsenkaula<br \/>\n\u2022 L\u00e4pivienti<\/p>\n<p>Monta syyt\u00e4 valita VETUS pakoj\u00e4rjestelm\u00e4<br \/>\nKaikki VETUS pakoj\u00e4rjestelm\u00e4komponentit ovat korkealaatuisia, kest\u00e4vi\u00e4 ja turvallisia. T\u00e4ss\u00e4 muutamia ominaisuuksia:<br \/>\n\u2022 Kaikki VETUS pakoj\u00e4rjestelm\u00e4t t\u00e4ytt\u00e4v\u00e4t ABYC- vaatimukset<br \/>\n\u2022 Useissa komponenteissa on k\u00e4\u00e4ntyv\u00e4t letkuyhteet jotka helpottavat asennusta<br \/>\n\u2022 Huipputason \u00e4\u00e4nenvaimennus mahdollisimman pienell\u00e4 vastapaineella<br \/>\n\u2022 Saatavana my\u00f6s joutsenkaula\/\u00e4\u00e4nenvaimennin- ja vesilukko\/\u00e4\u00e4nenvaimennin-yhdistelmi\u00e4<br \/>\n\u2022 ASD laponestoventtiilin voi avata ilman ty\u00f6kaluja ja puhdistaa helposti<br \/>\n\u2022 VETUS pakoletkut ovat eritt\u00e4in taipuisia mik\u00e4 tekee asennuksen helpoksi<\/p>\n","protected":false},"excerpt":{"rendered":"<p>Vetus \u00c4\u00e4nenvaimennin\/joutsenkaulayhdistelm\u00e4 90mm<\/p>\n<p>\u00c4\u00e4nenvaimentimen ja joutsenkaulan yhdistelm\u00e4<br \/>\n\u00c4\u00e4nenvaimennin\/joutsenkaulayhdistelm\u00e4 nopeuttaa asennusta ja s\u00e4\u00e4st\u00e4\u00e4 tilaa. NLPG-malleissa on eritt\u00e4in pieni vastapaine<br \/>\nmutta se toimii tehokkaana \u00e4\u00e4nenvaimentimena.<\/p>\n<p>Tehdastoimitus 4-5pv normaalisti.<\/p>\n","protected":false},"featured_media":15352,"comment_status":"open","ping_status":"closed","template":"","meta":{"jetpack_post_was_ever_published":false,"jetpack_publicize_message":"","jetpack_publicize_feature_enabled":true,"jetpack_social_post_already_shared":true,"jetpack_social_options":{"image_generator_settings":{"template":"highway","default_image_id":0,"font":"","enabled":false},"version":2}},"product_brand":[],"product_cat":[37,1091,38,1094,470],"product_tag":[1289,162],"class_list":{"0":"post-15362","1":"product","2":"type-product","3":"status-publish","4":"has-post-thumbnail","6":"product_cat-pakoputkistot-ja-tarvikkeet","7":"product_cat-veneen-pakoputkisto-vetus","8":"product_cat-vesilukot","9":"product_cat-vesilukko-aanenvaimennin-veneen","10":"product_cat-vetus_vetus-venetarvikkeet_venetarvikeiden-maahantuonti-ja-myynti","11":"product_tag-jotsenkaula","12":"product_tag-vesilukko","13":"brand-vetus","15":"first","16":"onbackorder","17":"sale","18":"taxable","19":"shipping-taxable","20":"purchasable","21":"product-type-simple"},"yoast_head":"<!-- This site is optimized with the Yoast SEO plugin v27.3 - https:\/\/yoast.com\/product\/yoast-seo-wordpress\/ -->\n<title>Vetus \u00c4\u00e4nenvaimennin\/joutsenkaulayhdistelm\u00e4 90mm-Veneakselisto<\/title>\n<meta name=\"description\" content=\"Vetus \u00c4\u00e4nenvaimennin\/joutsenkaulayhdistelm\u00e4 90mm. Tuotteen toimittaa aina edullinen Veneakselisto.com - Venetarvikkeiden maahantuonti ja myynti.\" \/>\n<meta name=\"robots\" content=\"index, follow, max-snippet:-1, max-image-preview:large, max-video-preview:-1\" \/>\n<link rel=\"canonical\" href=\"https:\/\/veneakselisto.com\/kauppa\/tuote\/vetus-aanenvaimennin-joutsenkaulayhdistelma-90mm\/\" \/>\n<meta property=\"og:locale\" content=\"fi_FI\" \/>\n<meta property=\"og:type\" content=\"article\" \/>\n<meta property=\"og:title\" content=\"Vetus \u00c4\u00e4nenvaimennin\/joutsenkaulayhdistelm\u00e4 90mm-Veneakselisto\" \/>\n<meta property=\"og:description\" content=\"Vetus \u00c4\u00e4nenvaimennin\/joutsenkaulayhdistelm\u00e4 90mm. Tuotteen toimittaa aina edullinen Veneakselisto.com - Venetarvikkeiden maahantuonti ja myynti.\" \/>\n<meta property=\"og:url\" content=\"https:\/\/veneakselisto.com\/kauppa\/tuote\/vetus-aanenvaimennin-joutsenkaulayhdistelma-90mm\/\" \/>\n<meta property=\"og:site_name\" content=\"Veneakselisto.com - verkkokauppa\" \/>\n<meta property=\"article:publisher\" content=\"https:\/\/www.facebook.com\/AlaMikkula\/\" \/>\n<meta property=\"article:modified_time\" content=\"2026-04-01T08:26:05+00:00\" \/>\n<meta property=\"og:image\" content=\"https:\/\/veneakselisto.com\/kauppa\/wp-content\/uploads\/2022\/10\/NLPG-jotsenkaula.png\" \/>\n\t<meta property=\"og:image:width\" content=\"500\" \/>\n\t<meta property=\"og:image:height\" content=\"500\" \/>\n\t<meta property=\"og:image:type\" content=\"image\/png\" \/>\n<meta name=\"twitter:card\" content=\"summary_large_image\" \/>\n<meta name=\"twitter:label1\" content=\"Arvioitu lukuaika\" \/>\n\t<meta name=\"twitter:data1\" content=\"1 minuutti\" \/>\n<script type=\"application\/ld+json\" class=\"yoast-schema-graph\">{\"@context\":\"https:\\\/\\\/schema.org\",\"@graph\":[{\"@type\":\"WebPage\",\"@id\":\"https:\\\/\\\/veneakselisto.com\\\/kauppa\\\/tuote\\\/vetus-aanenvaimennin-joutsenkaulayhdistelma-90mm\\\/\",\"url\":\"https:\\\/\\\/veneakselisto.com\\\/kauppa\\\/tuote\\\/vetus-aanenvaimennin-joutsenkaulayhdistelma-90mm\\\/\",\"name\":\"Vetus \u00c4\u00e4nenvaimennin\\\/joutsenkaulayhdistelm\u00e4 90mm-Veneakselisto\",\"isPartOf\":{\"@id\":\"https:\\\/\\\/veneakselisto.com\\\/kauppa\\\/#website\"},\"primaryImageOfPage\":{\"@id\":\"https:\\\/\\\/veneakselisto.com\\\/kauppa\\\/tuote\\\/vetus-aanenvaimennin-joutsenkaulayhdistelma-90mm\\\/#primaryimage\"},\"image\":{\"@id\":\"https:\\\/\\\/veneakselisto.com\\\/kauppa\\\/tuote\\\/vetus-aanenvaimennin-joutsenkaulayhdistelma-90mm\\\/#primaryimage\"},\"thumbnailUrl\":\"https:\\\/\\\/i0.wp.com\\\/veneakselisto.com\\\/kauppa\\\/wp-content\\\/uploads\\\/2022\\\/10\\\/NLPG-jotsenkaula.png?fit=500%2C500&ssl=1\",\"datePublished\":\"2022-11-01T08:07:07+00:00\",\"dateModified\":\"2026-04-01T08:26:05+00:00\",\"description\":\"Vetus \u00c4\u00e4nenvaimennin\\\/joutsenkaulayhdistelm\u00e4 90mm. Tuotteen toimittaa aina edullinen Veneakselisto.com - Venetarvikkeiden maahantuonti ja myynti.\",\"breadcrumb\":{\"@id\":\"https:\\\/\\\/veneakselisto.com\\\/kauppa\\\/tuote\\\/vetus-aanenvaimennin-joutsenkaulayhdistelma-90mm\\\/#breadcrumb\"},\"inLanguage\":\"fi\",\"potentialAction\":[{\"@type\":\"ReadAction\",\"target\":[\"https:\\\/\\\/veneakselisto.com\\\/kauppa\\\/tuote\\\/vetus-aanenvaimennin-joutsenkaulayhdistelma-90mm\\\/\"]}]},{\"@type\":\"ImageObject\",\"inLanguage\":\"fi\",\"@id\":\"https:\\\/\\\/veneakselisto.com\\\/kauppa\\\/tuote\\\/vetus-aanenvaimennin-joutsenkaulayhdistelma-90mm\\\/#primaryimage\",\"url\":\"https:\\\/\\\/i0.wp.com\\\/veneakselisto.com\\\/kauppa\\\/wp-content\\\/uploads\\\/2022\\\/10\\\/NLPG-jotsenkaula.png?fit=500%2C500&ssl=1\",\"contentUrl\":\"https:\\\/\\\/i0.wp.com\\\/veneakselisto.com\\\/kauppa\\\/wp-content\\\/uploads\\\/2022\\\/10\\\/NLPG-jotsenkaula.png?fit=500%2C500&ssl=1\",\"width\":500,\"height\":500,\"caption\":\"Vetus vesilukko-Joutsenkaula-Veneakselisto.com\"},{\"@type\":\"BreadcrumbList\",\"@id\":\"https:\\\/\\\/veneakselisto.com\\\/kauppa\\\/tuote\\\/vetus-aanenvaimennin-joutsenkaulayhdistelma-90mm\\\/#breadcrumb\",\"itemListElement\":[{\"@type\":\"ListItem\",\"position\":1,\"name\":\"Etusivu\",\"item\":\"https:\\\/\\\/veneakselisto.com\\\/kauppa\\\/\"},{\"@type\":\"ListItem\",\"position\":2,\"name\":\"Kauppa\",\"item\":\"https:\\\/\\\/veneakselisto.com\\\/kauppa\\\/\"},{\"@type\":\"ListItem\",\"position\":3,\"name\":\"Vetus \u00c4\u00e4nenvaimennin\\\/joutsenkaulayhdistelm\u00e4 90mm\"}]},{\"@type\":\"WebSite\",\"@id\":\"https:\\\/\\\/veneakselisto.com\\\/kauppa\\\/#website\",\"url\":\"https:\\\/\\\/veneakselisto.com\\\/kauppa\\\/\",\"name\":\"Veneakselisto.com - verkkokauppa\",\"description\":\"Venetarvikkeiden maahantuonti ja myynti\",\"publisher\":{\"@id\":\"https:\\\/\\\/veneakselisto.com\\\/kauppa\\\/#organization\"},\"potentialAction\":[{\"@type\":\"SearchAction\",\"target\":{\"@type\":\"EntryPoint\",\"urlTemplate\":\"https:\\\/\\\/veneakselisto.com\\\/kauppa\\\/?s={search_term_string}\"},\"query-input\":{\"@type\":\"PropertyValueSpecification\",\"valueRequired\":true,\"valueName\":\"search_term_string\"}}],\"inLanguage\":\"fi\"},{\"@type\":\"Organization\",\"@id\":\"https:\\\/\\\/veneakselisto.com\\\/kauppa\\\/#organization\",\"name\":\"Veneakselisto.com verkkokauppa\",\"url\":\"https:\\\/\\\/veneakselisto.com\\\/kauppa\\\/\",\"logo\":{\"@type\":\"ImageObject\",\"inLanguage\":\"fi\",\"@id\":\"https:\\\/\\\/veneakselisto.com\\\/kauppa\\\/#\\\/schema\\\/logo\\\/image\\\/\",\"url\":\"https:\\\/\\\/i2.wp.com\\\/veneakselisto.com\\\/kauppa\\\/wp-content\\\/uploads\\\/2016\\\/06\\\/fb_icon.jpg?fit=327%2C327&ssl=1\",\"contentUrl\":\"https:\\\/\\\/i2.wp.com\\\/veneakselisto.com\\\/kauppa\\\/wp-content\\\/uploads\\\/2016\\\/06\\\/fb_icon.jpg?fit=327%2C327&ssl=1\",\"width\":327,\"height\":327,\"caption\":\"Veneakselisto.com verkkokauppa\"},\"image\":{\"@id\":\"https:\\\/\\\/veneakselisto.com\\\/kauppa\\\/#\\\/schema\\\/logo\\\/image\\\/\"},\"sameAs\":[\"https:\\\/\\\/www.facebook.com\\\/AlaMikkula\\\/\"]}]}<\/script>\n<!-- \/ Yoast SEO plugin. -->","yoast_head_json":{"title":"Vetus \u00c4\u00e4nenvaimennin\/joutsenkaulayhdistelm\u00e4 90mm-Veneakselisto","description":"Vetus \u00c4\u00e4nenvaimennin\/joutsenkaulayhdistelm\u00e4 90mm. Tuotteen toimittaa aina edullinen Veneakselisto.com - Venetarvikkeiden maahantuonti ja myynti.","robots":{"index":"index","follow":"follow","max-snippet":"max-snippet:-1","max-image-preview":"max-image-preview:large","max-video-preview":"max-video-preview:-1"},"canonical":"https:\/\/veneakselisto.com\/kauppa\/tuote\/vetus-aanenvaimennin-joutsenkaulayhdistelma-90mm\/","og_locale":"fi_FI","og_type":"article","og_title":"Vetus \u00c4\u00e4nenvaimennin\/joutsenkaulayhdistelm\u00e4 90mm-Veneakselisto","og_description":"Vetus \u00c4\u00e4nenvaimennin\/joutsenkaulayhdistelm\u00e4 90mm. Tuotteen toimittaa aina edullinen Veneakselisto.com - Venetarvikkeiden maahantuonti ja myynti.","og_url":"https:\/\/veneakselisto.com\/kauppa\/tuote\/vetus-aanenvaimennin-joutsenkaulayhdistelma-90mm\/","og_site_name":"Veneakselisto.com - verkkokauppa","article_publisher":"https:\/\/www.facebook.com\/AlaMikkula\/","article_modified_time":"2026-04-01T08:26:05+00:00","og_image":[{"width":500,"height":500,"url":"https:\/\/veneakselisto.com\/kauppa\/wp-content\/uploads\/2022\/10\/NLPG-jotsenkaula.png","type":"image\/png"}],"twitter_card":"summary_large_image","twitter_misc":{"Arvioitu lukuaika":"1 minuutti"},"schema":{"@context":"https:\/\/schema.org","@graph":[{"@type":"WebPage","@id":"https:\/\/veneakselisto.com\/kauppa\/tuote\/vetus-aanenvaimennin-joutsenkaulayhdistelma-90mm\/","url":"https:\/\/veneakselisto.com\/kauppa\/tuote\/vetus-aanenvaimennin-joutsenkaulayhdistelma-90mm\/","name":"Vetus \u00c4\u00e4nenvaimennin\/joutsenkaulayhdistelm\u00e4 90mm-Veneakselisto","isPartOf":{"@id":"https:\/\/veneakselisto.com\/kauppa\/#website"},"primaryImageOfPage":{"@id":"https:\/\/veneakselisto.com\/kauppa\/tuote\/vetus-aanenvaimennin-joutsenkaulayhdistelma-90mm\/#primaryimage"},"image":{"@id":"https:\/\/veneakselisto.com\/kauppa\/tuote\/vetus-aanenvaimennin-joutsenkaulayhdistelma-90mm\/#primaryimage"},"thumbnailUrl":"https:\/\/i0.wp.com\/veneakselisto.com\/kauppa\/wp-content\/uploads\/2022\/10\/NLPG-jotsenkaula.png?fit=500%2C500&ssl=1","datePublished":"2022-11-01T08:07:07+00:00","dateModified":"2026-04-01T08:26:05+00:00","description":"Vetus \u00c4\u00e4nenvaimennin\/joutsenkaulayhdistelm\u00e4 90mm. Tuotteen toimittaa aina edullinen Veneakselisto.com - Venetarvikkeiden maahantuonti ja myynti.","breadcrumb":{"@id":"https:\/\/veneakselisto.com\/kauppa\/tuote\/vetus-aanenvaimennin-joutsenkaulayhdistelma-90mm\/#breadcrumb"},"inLanguage":"fi","potentialAction":[{"@type":"ReadAction","target":["https:\/\/veneakselisto.com\/kauppa\/tuote\/vetus-aanenvaimennin-joutsenkaulayhdistelma-90mm\/"]}]},{"@type":"ImageObject","inLanguage":"fi","@id":"https:\/\/veneakselisto.com\/kauppa\/tuote\/vetus-aanenvaimennin-joutsenkaulayhdistelma-90mm\/#primaryimage","url":"https:\/\/i0.wp.com\/veneakselisto.com\/kauppa\/wp-content\/uploads\/2022\/10\/NLPG-jotsenkaula.png?fit=500%2C500&ssl=1","contentUrl":"https:\/\/i0.wp.com\/veneakselisto.com\/kauppa\/wp-content\/uploads\/2022\/10\/NLPG-jotsenkaula.png?fit=500%2C500&ssl=1","width":500,"height":500,"caption":"Vetus vesilukko-Joutsenkaula-Veneakselisto.com"},{"@type":"BreadcrumbList","@id":"https:\/\/veneakselisto.com\/kauppa\/tuote\/vetus-aanenvaimennin-joutsenkaulayhdistelma-90mm\/#breadcrumb","itemListElement":[{"@type":"ListItem","position":1,"name":"Etusivu","item":"https:\/\/veneakselisto.com\/kauppa\/"},{"@type":"ListItem","position":2,"name":"Kauppa","item":"https:\/\/veneakselisto.com\/kauppa\/"},{"@type":"ListItem","position":3,"name":"Vetus \u00c4\u00e4nenvaimennin\/joutsenkaulayhdistelm\u00e4 90mm"}]},{"@type":"WebSite","@id":"https:\/\/veneakselisto.com\/kauppa\/#website","url":"https:\/\/veneakselisto.com\/kauppa\/","name":"Veneakselisto.com - verkkokauppa","description":"Venetarvikkeiden maahantuonti ja myynti","publisher":{"@id":"https:\/\/veneakselisto.com\/kauppa\/#organization"},"potentialAction":[{"@type":"SearchAction","target":{"@type":"EntryPoint","urlTemplate":"https:\/\/veneakselisto.com\/kauppa\/?s={search_term_string}"},"query-input":{"@type":"PropertyValueSpecification","valueRequired":true,"valueName":"search_term_string"}}],"inLanguage":"fi"},{"@type":"Organization","@id":"https:\/\/veneakselisto.com\/kauppa\/#organization","name":"Veneakselisto.com verkkokauppa","url":"https:\/\/veneakselisto.com\/kauppa\/","logo":{"@type":"ImageObject","inLanguage":"fi","@id":"https:\/\/veneakselisto.com\/kauppa\/#\/schema\/logo\/image\/","url":"https:\/\/i2.wp.com\/veneakselisto.com\/kauppa\/wp-content\/uploads\/2016\/06\/fb_icon.jpg?fit=327%2C327&ssl=1","contentUrl":"https:\/\/i2.wp.com\/veneakselisto.com\/kauppa\/wp-content\/uploads\/2016\/06\/fb_icon.jpg?fit=327%2C327&ssl=1","width":327,"height":327,"caption":"Veneakselisto.com verkkokauppa"},"image":{"@id":"https:\/\/veneakselisto.com\/kauppa\/#\/schema\/logo\/image\/"},"sameAs":["https:\/\/www.facebook.com\/AlaMikkula\/"]}]}},"jetpack_publicize_connections":[],"jetpack_sharing_enabled":true,"_links":{"self":[{"href":"https:\/\/veneakselisto.com\/kauppa\/wp-json\/wp\/v2\/product\/15362","targetHints":{"allow":["GET"]}}],"collection":[{"href":"https:\/\/veneakselisto.com\/kauppa\/wp-json\/wp\/v2\/product"}],"about":[{"href":"https:\/\/veneakselisto.com\/kauppa\/wp-json\/wp\/v2\/types\/product"}],"replies":[{"embeddable":true,"href":"https:\/\/veneakselisto.com\/kauppa\/wp-json\/wp\/v2\/comments?post=15362"}],"wp:featuredmedia":[{"embeddable":true,"href":"https:\/\/veneakselisto.com\/kauppa\/wp-json\/wp\/v2\/media\/15352"}],"wp:attachment":[{"href":"https:\/\/veneakselisto.com\/kauppa\/wp-json\/wp\/v2\/media?parent=15362"}],"wp:term":[{"taxonomy":"product_brand","embeddable":true,"href":"https:\/\/veneakselisto.com\/kauppa\/wp-json\/wp\/v2\/product_brand?post=15362"},{"taxonomy":"product_cat","embeddable":true,"href":"https:\/\/veneakselisto.com\/kauppa\/wp-json\/wp\/v2\/product_cat?post=15362"},{"taxonomy":"product_tag","embeddable":true,"href":"https:\/\/veneakselisto.com\/kauppa\/wp-json\/wp\/v2\/product_tag?post=15362"}],"curies":[{"name":"wp","href":"https:\/\/api.w.org\/{rel}","templated":true}]}}