{"id":15328,"date":"2022-10-31T16:08:58","date_gmt":"2022-10-31T14:08:58","guid":{"rendered":"https:\/\/veneakselisto.com\/kauppa\/?post_type=product&#038;p=15328"},"modified":"2024-09-01T00:29:29","modified_gmt":"2024-08-31T21:29:29","slug":"johnson-pump-painevesipumppu-12v-flowmaster-5-0","status":"publish","type":"product","link":"https:\/\/veneakselisto.com\/kauppa\/tuote\/johnson-pump-painevesipumppu-12v-flowmaster-5-0\/","title":{"rendered":"Johnson Pump Painevesipumppu 12V Flowmaster 5.0"},"content":{"rendered":"<pre class=\"page-title\"><span class=\"base\" data-ui-id=\"page-title-wrapper\">Johnson Pump painevesipumppu 12v Flowmaster 5.0\r\n<\/span>10-13329-03 Johnson Pump<\/pre>\n<div id=\"description\" class=\"data item content\" role=\"tabpanel\" data-role=\"content\" aria-labelledby=\"tab-label-description\" aria-hidden=\"false\">\n<div class=\"product attribute description\">\n<div class=\"value\">\n<p><strong>AQUA JET FLOWMASTER 5.0 WPS Painevesipumppu<\/strong><\/p>\n<p>Flowmaster 5.0 on viisikammioinen kalvopumppu, joka on ihanteellinen veneiden ja vapaa-ajan ajoneuvojen suljettujen painevesij\u00e4rjestelmien pumpuksi. Digitaalinen s\u00e4\u00e4din s\u00e4\u00e4telee veden virtausta kun veden tarve lis\u00e4\u00e4ntyy tai v\u00e4henee, ja silti tasainen virtaus s\u00e4ilyy jatkuvasti.<br \/>\nFlowmasterin ainutlaatuinen muuttuva virtaus sallii asennuksen ilman paines\u00e4ili\u00f6t\u00e4 vaikka k\u00e4yt\u00f6ss\u00e4 olisi useitakin vesipisteit\u00e4 samanaikaisesti.<\/p>\n<ul>\n<li>Paino 2 kg\/4.5 lbs<\/li>\n<li>Moottori WPS 5.0 150 W, 12V DC<\/li>\n<li>(sis\u00e4\u00e4nrakennettu l\u00e4mp\u00f6suoja)<\/li>\n<li>Runko Nailonia\/Polypropyleenia<\/li>\n<li>Venttiilit Santopeenia\/EPDM<\/li>\n<li>Kalvot Santopeenia<\/li>\n<li>Mitat ja painot pituus 239 mm\/9.4&#8243; x leveys 209 mm\/8.22&#8243; x korkeus 113 mm\/4.49&#8243;<\/li>\n<\/ul>\n<\/div>\n<\/div>\n<\/div>\n<p>Johnson Pump Flowmaster, portaattomalla s\u00e4\u00e4d\u00f6ll\u00e4 oleva painevesipumppu mobiileihin vesij\u00e4rjestelmiin. Tuotto 19L\/min, j\u00e4nnite 24V<\/p>\n","protected":false},"excerpt":{"rendered":"<pre class=\"page-title\"><span class=\"base\" data-ui-id=\"page-title-wrapper\">Johnson Pump painevesipumppu 12v Flowmaster 5.0\r\n<\/span>10-13329-03 Johnson Pump<\/pre>\n<div id=\"description\" class=\"data item content\" role=\"tabpanel\" data-role=\"content\" aria-labelledby=\"tab-label-description\" aria-hidden=\"false\">\n<div class=\"product attribute description\">\n<div class=\"value\">\n<p>Flowmaster 5.0 on viisikammioinen kalvopumppu, joka on ihanteellinen veneiden ja vapaa-ajan ajoneuvojen suljettujen painevesij\u00e4rjestelmien pumpuksi. Digitaalinen s\u00e4\u00e4din s\u00e4\u00e4telee veden virtausta kun veden tarve lis\u00e4\u00e4ntyy tai v\u00e4henee, ja silti tasainen virtaus s\u00e4ilyy jatkuvasti.<br \/>\nFlowmasterin ainutlaatuinen muuttuva virtaus sallii asennuksen ilman paines\u00e4ili\u00f6t\u00e4 vaikka k\u00e4yt\u00f6ss\u00e4 olisi useitakin vesipisteit\u00e4 samanaikaisesti.<\/p>\n<\/div>\n<\/div>\n<\/div>\n","protected":false},"featured_media":8651,"comment_status":"open","ping_status":"closed","template":"","meta":{"jetpack_post_was_ever_published":false,"jetpack_publicize_message":"","jetpack_publicize_feature_enabled":true,"jetpack_social_post_already_shared":true,"jetpack_social_options":{"image_generator_settings":{"template":"highway","default_image_id":0,"font":"","enabled":false},"version":2}},"product_brand":[],"product_cat":[54,1078,56,1284,1285],"product_tag":[],"class_list":{"0":"post-15328","1":"product","2":"type-product","3":"status-publish","4":"has-post-thumbnail","6":"product_cat-johnson-pump","7":"product_cat-vetus-makeavesijarjestelma-juomavesi","8":"product_cat-paine-ja-kiertovesipumput","9":"product_cat-veneen_painevesi_jarjestelma","10":"product_cat-veneen_painevesi_jarjestelma-vetus_vetus-venetarvikkeet_venetarvikeiden-maahantuonti-ja-myynti-vetus_vetus-venetarvikkeet_venetarvikeiden-maahantuonti-ja-myynti","11":"brand-johnson-pump","13":"first","14":"instock","15":"sale","16":"taxable","17":"shipping-taxable","18":"purchasable","19":"product-type-simple"},"yoast_head":"<!-- This site is optimized with the Yoast SEO plugin v27.4 - https:\/\/yoast.com\/product\/yoast-seo-wordpress\/ -->\n<title>Johnson Pump painevesipumppu 12v Flowmaster 5.0-Veneakselisto.com<\/title>\n<meta name=\"description\" content=\"Johnson Pump painevesipumppu 12v Flowmaster 5.0. Johnson Pump kiertovesipumput toimittaa venetarvikkeiden erikoisliike-Veneakselisto.com\" \/>\n<meta name=\"robots\" content=\"index, follow, max-snippet:-1, max-image-preview:large, max-video-preview:-1\" \/>\n<link rel=\"canonical\" href=\"https:\/\/veneakselisto.com\/kauppa\/tuote\/johnson-pump-painevesipumppu-12v-flowmaster-5-0\/\" \/>\n<meta property=\"og:locale\" content=\"fi_FI\" \/>\n<meta property=\"og:type\" content=\"article\" \/>\n<meta property=\"og:title\" content=\"Johnson Pump painevesipumppu 12v Flowmaster 5.0-Veneakselisto.com\" \/>\n<meta property=\"og:description\" content=\"Johnson Pump painevesipumppu 12v Flowmaster 5.0. Johnson Pump kiertovesipumput toimittaa venetarvikkeiden erikoisliike-Veneakselisto.com\" \/>\n<meta property=\"og:url\" content=\"https:\/\/veneakselisto.com\/kauppa\/tuote\/johnson-pump-painevesipumppu-12v-flowmaster-5-0\/\" \/>\n<meta property=\"og:site_name\" content=\"Veneakselisto.com - verkkokauppa\" \/>\n<meta property=\"article:publisher\" content=\"https:\/\/www.facebook.com\/AlaMikkula\/\" \/>\n<meta property=\"article:modified_time\" content=\"2024-08-31T21:29:29+00:00\" \/>\n<meta property=\"og:image\" content=\"https:\/\/veneakselisto.com\/kauppa\/wp-content\/uploads\/2020\/11\/10-13329.jpg\" \/>\n\t<meta property=\"og:image:width\" content=\"500\" \/>\n\t<meta property=\"og:image:height\" content=\"500\" \/>\n\t<meta property=\"og:image:type\" content=\"image\/jpeg\" \/>\n<meta name=\"twitter:card\" content=\"summary_large_image\" \/>\n<meta name=\"twitter:label1\" content=\"Arvioitu lukuaika\" \/>\n\t<meta name=\"twitter:data1\" content=\"1 minuutti\" \/>\n<script type=\"application\/ld+json\" class=\"yoast-schema-graph\">{\"@context\":\"https:\\\/\\\/schema.org\",\"@graph\":[{\"@type\":\"WebPage\",\"@id\":\"https:\\\/\\\/veneakselisto.com\\\/kauppa\\\/tuote\\\/johnson-pump-painevesipumppu-12v-flowmaster-5-0\\\/\",\"url\":\"https:\\\/\\\/veneakselisto.com\\\/kauppa\\\/tuote\\\/johnson-pump-painevesipumppu-12v-flowmaster-5-0\\\/\",\"name\":\"Johnson Pump painevesipumppu 12v Flowmaster 5.0-Veneakselisto.com\",\"isPartOf\":{\"@id\":\"https:\\\/\\\/veneakselisto.com\\\/kauppa\\\/#website\"},\"primaryImageOfPage\":{\"@id\":\"https:\\\/\\\/veneakselisto.com\\\/kauppa\\\/tuote\\\/johnson-pump-painevesipumppu-12v-flowmaster-5-0\\\/#primaryimage\"},\"image\":{\"@id\":\"https:\\\/\\\/veneakselisto.com\\\/kauppa\\\/tuote\\\/johnson-pump-painevesipumppu-12v-flowmaster-5-0\\\/#primaryimage\"},\"thumbnailUrl\":\"https:\\\/\\\/i0.wp.com\\\/veneakselisto.com\\\/kauppa\\\/wp-content\\\/uploads\\\/2020\\\/11\\\/10-13329.jpg?fit=500%2C500&ssl=1\",\"datePublished\":\"2022-10-31T14:08:58+00:00\",\"dateModified\":\"2024-08-31T21:29:29+00:00\",\"description\":\"Johnson Pump painevesipumppu 12v Flowmaster 5.0. Johnson Pump kiertovesipumput toimittaa venetarvikkeiden erikoisliike-Veneakselisto.com\",\"breadcrumb\":{\"@id\":\"https:\\\/\\\/veneakselisto.com\\\/kauppa\\\/tuote\\\/johnson-pump-painevesipumppu-12v-flowmaster-5-0\\\/#breadcrumb\"},\"inLanguage\":\"fi\",\"potentialAction\":[{\"@type\":\"ReadAction\",\"target\":[\"https:\\\/\\\/veneakselisto.com\\\/kauppa\\\/tuote\\\/johnson-pump-painevesipumppu-12v-flowmaster-5-0\\\/\"]}]},{\"@type\":\"ImageObject\",\"inLanguage\":\"fi\",\"@id\":\"https:\\\/\\\/veneakselisto.com\\\/kauppa\\\/tuote\\\/johnson-pump-painevesipumppu-12v-flowmaster-5-0\\\/#primaryimage\",\"url\":\"https:\\\/\\\/i0.wp.com\\\/veneakselisto.com\\\/kauppa\\\/wp-content\\\/uploads\\\/2020\\\/11\\\/10-13329.jpg?fit=500%2C500&ssl=1\",\"contentUrl\":\"https:\\\/\\\/i0.wp.com\\\/veneakselisto.com\\\/kauppa\\\/wp-content\\\/uploads\\\/2020\\\/11\\\/10-13329.jpg?fit=500%2C500&ssl=1\",\"width\":500,\"height\":500,\"caption\":\"Johnson Pump tuotteet toimittaa venetarvikkeiden erikoisliike-Veneakselisto.com\"},{\"@type\":\"BreadcrumbList\",\"@id\":\"https:\\\/\\\/veneakselisto.com\\\/kauppa\\\/tuote\\\/johnson-pump-painevesipumppu-12v-flowmaster-5-0\\\/#breadcrumb\",\"itemListElement\":[{\"@type\":\"ListItem\",\"position\":1,\"name\":\"Etusivu\",\"item\":\"https:\\\/\\\/veneakselisto.com\\\/kauppa\\\/\"},{\"@type\":\"ListItem\",\"position\":2,\"name\":\"Kauppa\",\"item\":\"https:\\\/\\\/veneakselisto.com\\\/kauppa\\\/\"},{\"@type\":\"ListItem\",\"position\":3,\"name\":\"Johnson Pump Painevesipumppu 12V Flowmaster 5.0\"}]},{\"@type\":\"WebSite\",\"@id\":\"https:\\\/\\\/veneakselisto.com\\\/kauppa\\\/#website\",\"url\":\"https:\\\/\\\/veneakselisto.com\\\/kauppa\\\/\",\"name\":\"Veneakselisto.com - verkkokauppa\",\"description\":\"Venetarvikkeiden maahantuonti ja myynti\",\"publisher\":{\"@id\":\"https:\\\/\\\/veneakselisto.com\\\/kauppa\\\/#organization\"},\"potentialAction\":[{\"@type\":\"SearchAction\",\"target\":{\"@type\":\"EntryPoint\",\"urlTemplate\":\"https:\\\/\\\/veneakselisto.com\\\/kauppa\\\/?s={search_term_string}\"},\"query-input\":{\"@type\":\"PropertyValueSpecification\",\"valueRequired\":true,\"valueName\":\"search_term_string\"}}],\"inLanguage\":\"fi\"},{\"@type\":\"Organization\",\"@id\":\"https:\\\/\\\/veneakselisto.com\\\/kauppa\\\/#organization\",\"name\":\"Veneakselisto.com verkkokauppa\",\"url\":\"https:\\\/\\\/veneakselisto.com\\\/kauppa\\\/\",\"logo\":{\"@type\":\"ImageObject\",\"inLanguage\":\"fi\",\"@id\":\"https:\\\/\\\/veneakselisto.com\\\/kauppa\\\/#\\\/schema\\\/logo\\\/image\\\/\",\"url\":\"https:\\\/\\\/i2.wp.com\\\/veneakselisto.com\\\/kauppa\\\/wp-content\\\/uploads\\\/2016\\\/06\\\/fb_icon.jpg?fit=327%2C327&ssl=1\",\"contentUrl\":\"https:\\\/\\\/i2.wp.com\\\/veneakselisto.com\\\/kauppa\\\/wp-content\\\/uploads\\\/2016\\\/06\\\/fb_icon.jpg?fit=327%2C327&ssl=1\",\"width\":327,\"height\":327,\"caption\":\"Veneakselisto.com verkkokauppa\"},\"image\":{\"@id\":\"https:\\\/\\\/veneakselisto.com\\\/kauppa\\\/#\\\/schema\\\/logo\\\/image\\\/\"},\"sameAs\":[\"https:\\\/\\\/www.facebook.com\\\/AlaMikkula\\\/\"]}]}<\/script>\n<!-- \/ Yoast SEO plugin. -->","yoast_head_json":{"title":"Johnson Pump painevesipumppu 12v Flowmaster 5.0-Veneakselisto.com","description":"Johnson Pump painevesipumppu 12v Flowmaster 5.0. Johnson Pump kiertovesipumput toimittaa venetarvikkeiden erikoisliike-Veneakselisto.com","robots":{"index":"index","follow":"follow","max-snippet":"max-snippet:-1","max-image-preview":"max-image-preview:large","max-video-preview":"max-video-preview:-1"},"canonical":"https:\/\/veneakselisto.com\/kauppa\/tuote\/johnson-pump-painevesipumppu-12v-flowmaster-5-0\/","og_locale":"fi_FI","og_type":"article","og_title":"Johnson Pump painevesipumppu 12v Flowmaster 5.0-Veneakselisto.com","og_description":"Johnson Pump painevesipumppu 12v Flowmaster 5.0. Johnson Pump kiertovesipumput toimittaa venetarvikkeiden erikoisliike-Veneakselisto.com","og_url":"https:\/\/veneakselisto.com\/kauppa\/tuote\/johnson-pump-painevesipumppu-12v-flowmaster-5-0\/","og_site_name":"Veneakselisto.com - verkkokauppa","article_publisher":"https:\/\/www.facebook.com\/AlaMikkula\/","article_modified_time":"2024-08-31T21:29:29+00:00","og_image":[{"width":500,"height":500,"url":"https:\/\/veneakselisto.com\/kauppa\/wp-content\/uploads\/2020\/11\/10-13329.jpg","type":"image\/jpeg"}],"twitter_card":"summary_large_image","twitter_misc":{"Arvioitu lukuaika":"1 minuutti"},"schema":{"@context":"https:\/\/schema.org","@graph":[{"@type":"WebPage","@id":"https:\/\/veneakselisto.com\/kauppa\/tuote\/johnson-pump-painevesipumppu-12v-flowmaster-5-0\/","url":"https:\/\/veneakselisto.com\/kauppa\/tuote\/johnson-pump-painevesipumppu-12v-flowmaster-5-0\/","name":"Johnson Pump painevesipumppu 12v Flowmaster 5.0-Veneakselisto.com","isPartOf":{"@id":"https:\/\/veneakselisto.com\/kauppa\/#website"},"primaryImageOfPage":{"@id":"https:\/\/veneakselisto.com\/kauppa\/tuote\/johnson-pump-painevesipumppu-12v-flowmaster-5-0\/#primaryimage"},"image":{"@id":"https:\/\/veneakselisto.com\/kauppa\/tuote\/johnson-pump-painevesipumppu-12v-flowmaster-5-0\/#primaryimage"},"thumbnailUrl":"https:\/\/i0.wp.com\/veneakselisto.com\/kauppa\/wp-content\/uploads\/2020\/11\/10-13329.jpg?fit=500%2C500&ssl=1","datePublished":"2022-10-31T14:08:58+00:00","dateModified":"2024-08-31T21:29:29+00:00","description":"Johnson Pump painevesipumppu 12v Flowmaster 5.0. Johnson Pump kiertovesipumput toimittaa venetarvikkeiden erikoisliike-Veneakselisto.com","breadcrumb":{"@id":"https:\/\/veneakselisto.com\/kauppa\/tuote\/johnson-pump-painevesipumppu-12v-flowmaster-5-0\/#breadcrumb"},"inLanguage":"fi","potentialAction":[{"@type":"ReadAction","target":["https:\/\/veneakselisto.com\/kauppa\/tuote\/johnson-pump-painevesipumppu-12v-flowmaster-5-0\/"]}]},{"@type":"ImageObject","inLanguage":"fi","@id":"https:\/\/veneakselisto.com\/kauppa\/tuote\/johnson-pump-painevesipumppu-12v-flowmaster-5-0\/#primaryimage","url":"https:\/\/i0.wp.com\/veneakselisto.com\/kauppa\/wp-content\/uploads\/2020\/11\/10-13329.jpg?fit=500%2C500&ssl=1","contentUrl":"https:\/\/i0.wp.com\/veneakselisto.com\/kauppa\/wp-content\/uploads\/2020\/11\/10-13329.jpg?fit=500%2C500&ssl=1","width":500,"height":500,"caption":"Johnson Pump tuotteet toimittaa venetarvikkeiden erikoisliike-Veneakselisto.com"},{"@type":"BreadcrumbList","@id":"https:\/\/veneakselisto.com\/kauppa\/tuote\/johnson-pump-painevesipumppu-12v-flowmaster-5-0\/#breadcrumb","itemListElement":[{"@type":"ListItem","position":1,"name":"Etusivu","item":"https:\/\/veneakselisto.com\/kauppa\/"},{"@type":"ListItem","position":2,"name":"Kauppa","item":"https:\/\/veneakselisto.com\/kauppa\/"},{"@type":"ListItem","position":3,"name":"Johnson Pump Painevesipumppu 12V Flowmaster 5.0"}]},{"@type":"WebSite","@id":"https:\/\/veneakselisto.com\/kauppa\/#website","url":"https:\/\/veneakselisto.com\/kauppa\/","name":"Veneakselisto.com - verkkokauppa","description":"Venetarvikkeiden maahantuonti ja myynti","publisher":{"@id":"https:\/\/veneakselisto.com\/kauppa\/#organization"},"potentialAction":[{"@type":"SearchAction","target":{"@type":"EntryPoint","urlTemplate":"https:\/\/veneakselisto.com\/kauppa\/?s={search_term_string}"},"query-input":{"@type":"PropertyValueSpecification","valueRequired":true,"valueName":"search_term_string"}}],"inLanguage":"fi"},{"@type":"Organization","@id":"https:\/\/veneakselisto.com\/kauppa\/#organization","name":"Veneakselisto.com verkkokauppa","url":"https:\/\/veneakselisto.com\/kauppa\/","logo":{"@type":"ImageObject","inLanguage":"fi","@id":"https:\/\/veneakselisto.com\/kauppa\/#\/schema\/logo\/image\/","url":"https:\/\/i2.wp.com\/veneakselisto.com\/kauppa\/wp-content\/uploads\/2016\/06\/fb_icon.jpg?fit=327%2C327&ssl=1","contentUrl":"https:\/\/i2.wp.com\/veneakselisto.com\/kauppa\/wp-content\/uploads\/2016\/06\/fb_icon.jpg?fit=327%2C327&ssl=1","width":327,"height":327,"caption":"Veneakselisto.com verkkokauppa"},"image":{"@id":"https:\/\/veneakselisto.com\/kauppa\/#\/schema\/logo\/image\/"},"sameAs":["https:\/\/www.facebook.com\/AlaMikkula\/"]}]}},"jetpack_publicize_connections":[],"jetpack_sharing_enabled":true,"_links":{"self":[{"href":"https:\/\/veneakselisto.com\/kauppa\/wp-json\/wp\/v2\/product\/15328","targetHints":{"allow":["GET"]}}],"collection":[{"href":"https:\/\/veneakselisto.com\/kauppa\/wp-json\/wp\/v2\/product"}],"about":[{"href":"https:\/\/veneakselisto.com\/kauppa\/wp-json\/wp\/v2\/types\/product"}],"replies":[{"embeddable":true,"href":"https:\/\/veneakselisto.com\/kauppa\/wp-json\/wp\/v2\/comments?post=15328"}],"wp:featuredmedia":[{"embeddable":true,"href":"https:\/\/veneakselisto.com\/kauppa\/wp-json\/wp\/v2\/media\/8651"}],"wp:attachment":[{"href":"https:\/\/veneakselisto.com\/kauppa\/wp-json\/wp\/v2\/media?parent=15328"}],"wp:term":[{"taxonomy":"product_brand","embeddable":true,"href":"https:\/\/veneakselisto.com\/kauppa\/wp-json\/wp\/v2\/product_brand?post=15328"},{"taxonomy":"product_cat","embeddable":true,"href":"https:\/\/veneakselisto.com\/kauppa\/wp-json\/wp\/v2\/product_cat?post=15328"},{"taxonomy":"product_tag","embeddable":true,"href":"https:\/\/veneakselisto.com\/kauppa\/wp-json\/wp\/v2\/product_tag?post=15328"}],"curies":[{"name":"wp","href":"https:\/\/api.w.org\/{rel}","templated":true}]}}