{"id":15304,"date":"2022-10-31T10:11:48","date_gmt":"2022-10-31T08:11:48","guid":{"rendered":"https:\/\/veneakselisto.com\/kauppa\/?post_type=product&#038;p=15304"},"modified":"2024-09-01T00:29:39","modified_gmt":"2024-08-31T21:29:39","slug":"lgs5038-pakokaasueroitin-generaattorille-50mm","status":"publish","type":"product","link":"https:\/\/veneakselisto.com\/kauppa\/tuote\/lgs5038-pakokaasueroitin-generaattorille-50mm\/","title":{"rendered":"Vetus LGS5038 pakokaasueroitin Generaattorille 50mm"},"content":{"rendered":"<p>LGS5038 pakokaasueroitin Generaattorille 50mm<\/p>\n<p>Separaattorit<br \/>\nMerimoottoreille ja generaattoreille<br \/>\nSeparaattorit erottavat kertaalleen sekoitetun pakokaasun ja veden siten ett\u00e4 raakavesi johdetaan vesilinjan alapuolelle ja<br \/>\nj\u00e4\u00e4hdytetty pakokaasu ulkoilmaan. N\u00e4in v\u00e4ltyt\u00e4\u00e4n h\u00e4iritsev\u00e4lt\u00e4 veden loiskeelta esimerkiksi generaattorin k\u00e4ydess\u00e4 satamassa.<br \/>\nSeparaattori toimii samalla my\u00f6s joutsenkaulana.<br \/>\nMalli LGS 50<\/p>\n<p>Tiedot<br \/>\n-Pakoletku 50mm<\/p>\n<p>-Poistoyhde 38mm<\/p>\n<p>\u2022 Mukana haponkest\u00e4v\u00e4 asennusteline muovisilla siteill\u00e4 (ei malli LGS90)<\/p>\n<p>&nbsp;<\/p>\n","protected":false},"excerpt":{"rendered":"<p>LGS5038 pakokaasueroitin Generaattorille 50mm<\/p>\n<p>Separaattorit<br \/>\nMerimoottoreille ja generaattoreille<br \/>\nSeparaattorit erottavat kertaalleen sekoitetun pakokaasun ja veden siten ett\u00e4 raakavesi johdetaan vesilinjan alapuolelle ja<br \/>\nj\u00e4\u00e4hdytetty pakokaasu ulkoilmaan. N\u00e4in v\u00e4ltyt\u00e4\u00e4n h\u00e4iritsev\u00e4lt\u00e4 veden loiskeelta esimerkiksi generaattorin k\u00e4ydess\u00e4 satamassa.<br \/>\nSeparaattori toimii samalla my\u00f6s joutsenkaulana.<br \/>\nMalli LGS 50<\/p>\n<p>Tiedot<\/p>\n<p>-Pakoletku 50mm<\/p>\n<p>-Poistoyhde 38mm<\/p>\n<p>Tehdastoimitus. Toimitusaika 4-7pv normaalisti<\/p>\n","protected":false},"featured_media":15301,"comment_status":"open","ping_status":"closed","template":"","meta":{"jetpack_post_was_ever_published":false,"jetpack_publicize_message":"","jetpack_publicize_feature_enabled":true,"jetpack_social_post_already_shared":true,"jetpack_social_options":{"image_generator_settings":{"template":"highway","default_image_id":0,"font":"","enabled":false},"version":2}},"product_brand":[],"product_cat":[37,1091,38,1094,470],"product_tag":[112,162,98],"class_list":{"0":"post-15304","1":"product","2":"type-product","3":"status-publish","4":"has-post-thumbnail","6":"product_cat-pakoputkistot-ja-tarvikkeet","7":"product_cat-veneen-pakoputkisto-vetus","8":"product_cat-vesilukot","9":"product_cat-vesilukko-aanenvaimennin-veneen","10":"product_cat-vetus_vetus-venetarvikkeet_venetarvikeiden-maahantuonti-ja-myynti","11":"product_tag-45mm","12":"product_tag-vesilukko","13":"product_tag-vetus","14":"brand-vetus","16":"first","17":"instock","18":"sale","19":"taxable","20":"shipping-taxable","21":"purchasable","22":"product-type-simple"},"yoast_head":"<!-- This site is optimized with the Yoast SEO plugin v27.3 - https:\/\/yoast.com\/product\/yoast-seo-wordpress\/ -->\n<title>LGS5038 pakokaasueroitin Generaattorille 50mm -Veneakselisto<\/title>\n<meta name=\"description\" content=\"LGS5038 pakokaasueroitin Generaattorille 50mm -Generaattorin Vesilukko. Vetus separaattorit edullisesti Veneakselisto.com. Veneen vesilukko\" \/>\n<meta name=\"robots\" content=\"index, follow, max-snippet:-1, max-image-preview:large, max-video-preview:-1\" \/>\n<link rel=\"canonical\" href=\"https:\/\/veneakselisto.com\/kauppa\/tuote\/lgs5038-pakokaasueroitin-generaattorille-50mm\/\" \/>\n<meta property=\"og:locale\" content=\"fi_FI\" \/>\n<meta property=\"og:type\" content=\"article\" \/>\n<meta property=\"og:title\" content=\"LGS5038 pakokaasueroitin Generaattorille 50mm -Veneakselisto\" \/>\n<meta property=\"og:description\" content=\"LGS5038 pakokaasueroitin Generaattorille 50mm -Generaattorin Vesilukko. Vetus separaattorit edullisesti Veneakselisto.com. Veneen vesilukko\" \/>\n<meta property=\"og:url\" content=\"https:\/\/veneakselisto.com\/kauppa\/tuote\/lgs5038-pakokaasueroitin-generaattorille-50mm\/\" \/>\n<meta property=\"og:site_name\" content=\"Veneakselisto.com - verkkokauppa\" \/>\n<meta property=\"article:publisher\" content=\"https:\/\/www.facebook.com\/AlaMikkula\/\" \/>\n<meta property=\"article:modified_time\" content=\"2024-08-31T21:29:39+00:00\" \/>\n<meta property=\"og:image\" content=\"https:\/\/veneakselisto.com\/kauppa\/wp-content\/uploads\/2022\/10\/LGS-vesilukko.png\" \/>\n\t<meta property=\"og:image:width\" content=\"500\" \/>\n\t<meta property=\"og:image:height\" content=\"500\" \/>\n\t<meta property=\"og:image:type\" content=\"image\/png\" \/>\n<meta name=\"twitter:card\" content=\"summary_large_image\" \/>\n<meta name=\"twitter:label1\" content=\"Arvioitu lukuaika\" \/>\n\t<meta name=\"twitter:data1\" content=\"1 minuutti\" \/>\n<script type=\"application\/ld+json\" class=\"yoast-schema-graph\">{\"@context\":\"https:\\\/\\\/schema.org\",\"@graph\":[{\"@type\":\"WebPage\",\"@id\":\"https:\\\/\\\/veneakselisto.com\\\/kauppa\\\/tuote\\\/lgs5038-pakokaasueroitin-generaattorille-50mm\\\/\",\"url\":\"https:\\\/\\\/veneakselisto.com\\\/kauppa\\\/tuote\\\/lgs5038-pakokaasueroitin-generaattorille-50mm\\\/\",\"name\":\"LGS5038 pakokaasueroitin Generaattorille 50mm -Veneakselisto\",\"isPartOf\":{\"@id\":\"https:\\\/\\\/veneakselisto.com\\\/kauppa\\\/#website\"},\"primaryImageOfPage\":{\"@id\":\"https:\\\/\\\/veneakselisto.com\\\/kauppa\\\/tuote\\\/lgs5038-pakokaasueroitin-generaattorille-50mm\\\/#primaryimage\"},\"image\":{\"@id\":\"https:\\\/\\\/veneakselisto.com\\\/kauppa\\\/tuote\\\/lgs5038-pakokaasueroitin-generaattorille-50mm\\\/#primaryimage\"},\"thumbnailUrl\":\"https:\\\/\\\/i0.wp.com\\\/veneakselisto.com\\\/kauppa\\\/wp-content\\\/uploads\\\/2022\\\/10\\\/LGS-vesilukko.png?fit=500%2C500&ssl=1\",\"datePublished\":\"2022-10-31T08:11:48+00:00\",\"dateModified\":\"2024-08-31T21:29:39+00:00\",\"description\":\"LGS5038 pakokaasueroitin Generaattorille 50mm -Generaattorin Vesilukko. Vetus separaattorit edullisesti Veneakselisto.com. Veneen vesilukko\",\"breadcrumb\":{\"@id\":\"https:\\\/\\\/veneakselisto.com\\\/kauppa\\\/tuote\\\/lgs5038-pakokaasueroitin-generaattorille-50mm\\\/#breadcrumb\"},\"inLanguage\":\"fi\",\"potentialAction\":[{\"@type\":\"ReadAction\",\"target\":[\"https:\\\/\\\/veneakselisto.com\\\/kauppa\\\/tuote\\\/lgs5038-pakokaasueroitin-generaattorille-50mm\\\/\"]}]},{\"@type\":\"ImageObject\",\"inLanguage\":\"fi\",\"@id\":\"https:\\\/\\\/veneakselisto.com\\\/kauppa\\\/tuote\\\/lgs5038-pakokaasueroitin-generaattorille-50mm\\\/#primaryimage\",\"url\":\"https:\\\/\\\/i0.wp.com\\\/veneakselisto.com\\\/kauppa\\\/wp-content\\\/uploads\\\/2022\\\/10\\\/LGS-vesilukko.png?fit=500%2C500&ssl=1\",\"contentUrl\":\"https:\\\/\\\/i0.wp.com\\\/veneakselisto.com\\\/kauppa\\\/wp-content\\\/uploads\\\/2022\\\/10\\\/LGS-vesilukko.png?fit=500%2C500&ssl=1\",\"width\":500,\"height\":500,\"caption\":\"LGS vetus vesilukko generaattoreille-Veneakselisto.com\"},{\"@type\":\"BreadcrumbList\",\"@id\":\"https:\\\/\\\/veneakselisto.com\\\/kauppa\\\/tuote\\\/lgs5038-pakokaasueroitin-generaattorille-50mm\\\/#breadcrumb\",\"itemListElement\":[{\"@type\":\"ListItem\",\"position\":1,\"name\":\"Etusivu\",\"item\":\"https:\\\/\\\/veneakselisto.com\\\/kauppa\\\/\"},{\"@type\":\"ListItem\",\"position\":2,\"name\":\"Kauppa\",\"item\":\"https:\\\/\\\/veneakselisto.com\\\/kauppa\\\/\"},{\"@type\":\"ListItem\",\"position\":3,\"name\":\"Vetus LGS5038 pakokaasueroitin Generaattorille 50mm\"}]},{\"@type\":\"WebSite\",\"@id\":\"https:\\\/\\\/veneakselisto.com\\\/kauppa\\\/#website\",\"url\":\"https:\\\/\\\/veneakselisto.com\\\/kauppa\\\/\",\"name\":\"Veneakselisto.com - verkkokauppa\",\"description\":\"Venetarvikkeiden maahantuonti ja myynti\",\"publisher\":{\"@id\":\"https:\\\/\\\/veneakselisto.com\\\/kauppa\\\/#organization\"},\"potentialAction\":[{\"@type\":\"SearchAction\",\"target\":{\"@type\":\"EntryPoint\",\"urlTemplate\":\"https:\\\/\\\/veneakselisto.com\\\/kauppa\\\/?s={search_term_string}\"},\"query-input\":{\"@type\":\"PropertyValueSpecification\",\"valueRequired\":true,\"valueName\":\"search_term_string\"}}],\"inLanguage\":\"fi\"},{\"@type\":\"Organization\",\"@id\":\"https:\\\/\\\/veneakselisto.com\\\/kauppa\\\/#organization\",\"name\":\"Veneakselisto.com verkkokauppa\",\"url\":\"https:\\\/\\\/veneakselisto.com\\\/kauppa\\\/\",\"logo\":{\"@type\":\"ImageObject\",\"inLanguage\":\"fi\",\"@id\":\"https:\\\/\\\/veneakselisto.com\\\/kauppa\\\/#\\\/schema\\\/logo\\\/image\\\/\",\"url\":\"https:\\\/\\\/i2.wp.com\\\/veneakselisto.com\\\/kauppa\\\/wp-content\\\/uploads\\\/2016\\\/06\\\/fb_icon.jpg?fit=327%2C327&ssl=1\",\"contentUrl\":\"https:\\\/\\\/i2.wp.com\\\/veneakselisto.com\\\/kauppa\\\/wp-content\\\/uploads\\\/2016\\\/06\\\/fb_icon.jpg?fit=327%2C327&ssl=1\",\"width\":327,\"height\":327,\"caption\":\"Veneakselisto.com verkkokauppa\"},\"image\":{\"@id\":\"https:\\\/\\\/veneakselisto.com\\\/kauppa\\\/#\\\/schema\\\/logo\\\/image\\\/\"},\"sameAs\":[\"https:\\\/\\\/www.facebook.com\\\/AlaMikkula\\\/\"]}]}<\/script>\n<!-- \/ Yoast SEO plugin. -->","yoast_head_json":{"title":"LGS5038 pakokaasueroitin Generaattorille 50mm -Veneakselisto","description":"LGS5038 pakokaasueroitin Generaattorille 50mm -Generaattorin Vesilukko. Vetus separaattorit edullisesti Veneakselisto.com. Veneen vesilukko","robots":{"index":"index","follow":"follow","max-snippet":"max-snippet:-1","max-image-preview":"max-image-preview:large","max-video-preview":"max-video-preview:-1"},"canonical":"https:\/\/veneakselisto.com\/kauppa\/tuote\/lgs5038-pakokaasueroitin-generaattorille-50mm\/","og_locale":"fi_FI","og_type":"article","og_title":"LGS5038 pakokaasueroitin Generaattorille 50mm -Veneakselisto","og_description":"LGS5038 pakokaasueroitin Generaattorille 50mm -Generaattorin Vesilukko. Vetus separaattorit edullisesti Veneakselisto.com. Veneen vesilukko","og_url":"https:\/\/veneakselisto.com\/kauppa\/tuote\/lgs5038-pakokaasueroitin-generaattorille-50mm\/","og_site_name":"Veneakselisto.com - verkkokauppa","article_publisher":"https:\/\/www.facebook.com\/AlaMikkula\/","article_modified_time":"2024-08-31T21:29:39+00:00","og_image":[{"width":500,"height":500,"url":"https:\/\/veneakselisto.com\/kauppa\/wp-content\/uploads\/2022\/10\/LGS-vesilukko.png","type":"image\/png"}],"twitter_card":"summary_large_image","twitter_misc":{"Arvioitu lukuaika":"1 minuutti"},"schema":{"@context":"https:\/\/schema.org","@graph":[{"@type":"WebPage","@id":"https:\/\/veneakselisto.com\/kauppa\/tuote\/lgs5038-pakokaasueroitin-generaattorille-50mm\/","url":"https:\/\/veneakselisto.com\/kauppa\/tuote\/lgs5038-pakokaasueroitin-generaattorille-50mm\/","name":"LGS5038 pakokaasueroitin Generaattorille 50mm -Veneakselisto","isPartOf":{"@id":"https:\/\/veneakselisto.com\/kauppa\/#website"},"primaryImageOfPage":{"@id":"https:\/\/veneakselisto.com\/kauppa\/tuote\/lgs5038-pakokaasueroitin-generaattorille-50mm\/#primaryimage"},"image":{"@id":"https:\/\/veneakselisto.com\/kauppa\/tuote\/lgs5038-pakokaasueroitin-generaattorille-50mm\/#primaryimage"},"thumbnailUrl":"https:\/\/i0.wp.com\/veneakselisto.com\/kauppa\/wp-content\/uploads\/2022\/10\/LGS-vesilukko.png?fit=500%2C500&ssl=1","datePublished":"2022-10-31T08:11:48+00:00","dateModified":"2024-08-31T21:29:39+00:00","description":"LGS5038 pakokaasueroitin Generaattorille 50mm -Generaattorin Vesilukko. Vetus separaattorit edullisesti Veneakselisto.com. Veneen vesilukko","breadcrumb":{"@id":"https:\/\/veneakselisto.com\/kauppa\/tuote\/lgs5038-pakokaasueroitin-generaattorille-50mm\/#breadcrumb"},"inLanguage":"fi","potentialAction":[{"@type":"ReadAction","target":["https:\/\/veneakselisto.com\/kauppa\/tuote\/lgs5038-pakokaasueroitin-generaattorille-50mm\/"]}]},{"@type":"ImageObject","inLanguage":"fi","@id":"https:\/\/veneakselisto.com\/kauppa\/tuote\/lgs5038-pakokaasueroitin-generaattorille-50mm\/#primaryimage","url":"https:\/\/i0.wp.com\/veneakselisto.com\/kauppa\/wp-content\/uploads\/2022\/10\/LGS-vesilukko.png?fit=500%2C500&ssl=1","contentUrl":"https:\/\/i0.wp.com\/veneakselisto.com\/kauppa\/wp-content\/uploads\/2022\/10\/LGS-vesilukko.png?fit=500%2C500&ssl=1","width":500,"height":500,"caption":"LGS vetus vesilukko generaattoreille-Veneakselisto.com"},{"@type":"BreadcrumbList","@id":"https:\/\/veneakselisto.com\/kauppa\/tuote\/lgs5038-pakokaasueroitin-generaattorille-50mm\/#breadcrumb","itemListElement":[{"@type":"ListItem","position":1,"name":"Etusivu","item":"https:\/\/veneakselisto.com\/kauppa\/"},{"@type":"ListItem","position":2,"name":"Kauppa","item":"https:\/\/veneakselisto.com\/kauppa\/"},{"@type":"ListItem","position":3,"name":"Vetus LGS5038 pakokaasueroitin Generaattorille 50mm"}]},{"@type":"WebSite","@id":"https:\/\/veneakselisto.com\/kauppa\/#website","url":"https:\/\/veneakselisto.com\/kauppa\/","name":"Veneakselisto.com - verkkokauppa","description":"Venetarvikkeiden maahantuonti ja myynti","publisher":{"@id":"https:\/\/veneakselisto.com\/kauppa\/#organization"},"potentialAction":[{"@type":"SearchAction","target":{"@type":"EntryPoint","urlTemplate":"https:\/\/veneakselisto.com\/kauppa\/?s={search_term_string}"},"query-input":{"@type":"PropertyValueSpecification","valueRequired":true,"valueName":"search_term_string"}}],"inLanguage":"fi"},{"@type":"Organization","@id":"https:\/\/veneakselisto.com\/kauppa\/#organization","name":"Veneakselisto.com verkkokauppa","url":"https:\/\/veneakselisto.com\/kauppa\/","logo":{"@type":"ImageObject","inLanguage":"fi","@id":"https:\/\/veneakselisto.com\/kauppa\/#\/schema\/logo\/image\/","url":"https:\/\/i2.wp.com\/veneakselisto.com\/kauppa\/wp-content\/uploads\/2016\/06\/fb_icon.jpg?fit=327%2C327&ssl=1","contentUrl":"https:\/\/i2.wp.com\/veneakselisto.com\/kauppa\/wp-content\/uploads\/2016\/06\/fb_icon.jpg?fit=327%2C327&ssl=1","width":327,"height":327,"caption":"Veneakselisto.com verkkokauppa"},"image":{"@id":"https:\/\/veneakselisto.com\/kauppa\/#\/schema\/logo\/image\/"},"sameAs":["https:\/\/www.facebook.com\/AlaMikkula\/"]}]}},"jetpack_publicize_connections":[],"jetpack_sharing_enabled":true,"_links":{"self":[{"href":"https:\/\/veneakselisto.com\/kauppa\/wp-json\/wp\/v2\/product\/15304","targetHints":{"allow":["GET"]}}],"collection":[{"href":"https:\/\/veneakselisto.com\/kauppa\/wp-json\/wp\/v2\/product"}],"about":[{"href":"https:\/\/veneakselisto.com\/kauppa\/wp-json\/wp\/v2\/types\/product"}],"replies":[{"embeddable":true,"href":"https:\/\/veneakselisto.com\/kauppa\/wp-json\/wp\/v2\/comments?post=15304"}],"wp:featuredmedia":[{"embeddable":true,"href":"https:\/\/veneakselisto.com\/kauppa\/wp-json\/wp\/v2\/media\/15301"}],"wp:attachment":[{"href":"https:\/\/veneakselisto.com\/kauppa\/wp-json\/wp\/v2\/media?parent=15304"}],"wp:term":[{"taxonomy":"product_brand","embeddable":true,"href":"https:\/\/veneakselisto.com\/kauppa\/wp-json\/wp\/v2\/product_brand?post=15304"},{"taxonomy":"product_cat","embeddable":true,"href":"https:\/\/veneakselisto.com\/kauppa\/wp-json\/wp\/v2\/product_cat?post=15304"},{"taxonomy":"product_tag","embeddable":true,"href":"https:\/\/veneakselisto.com\/kauppa\/wp-json\/wp\/v2\/product_tag?post=15304"}],"curies":[{"name":"wp","href":"https:\/\/api.w.org\/{rel}","templated":true}]}}