{"id":15264,"date":"2022-10-27T14:48:43","date_gmt":"2022-10-27T11:48:43","guid":{"rendered":"https:\/\/veneakselisto.com\/kauppa\/?post_type=product&#038;p=15264"},"modified":"2024-09-01T00:22:23","modified_gmt":"2024-08-31T21:22:23","slug":"makeavesitankki-160l-joustava","status":"publish","type":"product","link":"https:\/\/veneakselisto.com\/kauppa\/tuote\/makeavesitankki-160l-joustava\/","title":{"rendered":"Makeavesitankki 160l joustava"},"content":{"rendered":"<p>Makeavesitankki 160l joustava<\/p>\n<p>Pehme\u00e4 tankki<br \/>\nPehme\u00e4 tankki on hyv\u00e4 vaihtoehto silloin kun veneeseen ei esimerkiksi ahtaan paikan takia pysty asentamaan kiinte\u00e4\u00e4<br \/>\ntankkia. Asennus on nopea ja helppo; ainoastaan sis\u00e4\u00e4ntulo- ja imupuolen liit\u00e4nn\u00e4t pit\u00e4\u00e4 asentaa erikseen.<\/p>\n<p>-Tilavuus 160l<\/p>\n<p>-Mitat (noin) 790 x 1420mm<\/p>\n<p>-Korkeus (noin) 270mm t\u00e4ytettyn\u00e4<\/p>\n<p>Toimitussis\u00e4lt\u00f6<br \/>\n\u2022 \u00d8 38 kulmaliitin t\u00e4ytt\u00f6\u00e4 varten<br \/>\n\u2022 \u00d8 16 letkuliitin imupuolta varten<br \/>\nMuita liittimi\u00e4 tarvittaessa saatavana erikseen.<\/p>\n<p>Joustavat VETUS s\u00e4ili\u00f6t on tehty kolminkertaisesta<br \/>\nkankaasta<br \/>\n1. kulutusta kest\u00e4v\u00e4 kangas<br \/>\n2. sitke\u00e4 v\u00e4likangas<br \/>\n3. makua antamaton kangas<\/p>\n<p>Hitsattujen saumojen lis\u00e4ksi, VETUS on varmistanut tiiviyden lis\u00e4\u00e4m\u00e4ll\u00e4 sis\u00e4puolelle, sauman<br \/>\nkohdalle, lis\u00e4vahvikkeen (katso kuva A). Tukiliuska v\u00e4hent\u00e4\u00e4 oleellisesti saumaan kohdistuvaa<br \/>\nrasitetta ja kest\u00e4\u00e4 paremmin painetta, varsinkin jos tankin sis\u00e4lt\u00f6 p\u00e4\u00e4see liikkumaaan veneen<br \/>\nkallistuessa ja iskiess\u00e4 kovassa aallokossa.<\/p>\n<p>Miksi VETUS?<br \/>\nPuhdas makeavesi on tietenkin yksi perusedellytys mukavaan veneilyyn. Veneen makeavesij\u00e4rjestelm\u00e4n komponenttien<br \/>\nlaadulla on suuri merkitys siihen kuinka pitk\u00e4\u00e4n makeavesi pysyy veneess\u00e4 juomakelpoisena. Vetuksen laadukkaat tarvikkeet<br \/>\nmakeavesij\u00e4rjestelmiin takaavat ett\u00e4 vesi pysyy pitk\u00e4\u00e4n raikkaana ja terveellisen\u00e4.<br \/>\nMonta syyt\u00e4 valita VETUS<br \/>\n\u2022 Kaikki VETUS-makeavesis\u00e4ili\u00f6t on tehty korkealaatuisesta elintarvikemuovista joten ne eiv\u00e4t aiheuta makuhaittoja eiv\u00e4tk\u00e4<br \/>\nluonnollisesti my\u00f6sk\u00e4\u00e4n ruostu<br \/>\n\u2022 Tankit on helppo puhdistaa suurikokoisen tarkastusluukun ansiosta<br \/>\n\u2022 Tankin sein\u00e4m\u00e4paksuus vaihtelee 5-8 mm:n v\u00e4lill\u00e4<br \/>\n\u2022 Helppo s\u00e4ili\u00f6n puhdistus tarkistusluukun kautta<br \/>\n\u2022 Kaikki osat yhteensopivia ja helppoja asentaa<br \/>\n\u2022 Meill\u00e4 on laaja valikoima tankkeja<br \/>\n\u2022 VETUS-l\u00e4mminvesivaraajien rakenne mahdollistaa jopa seitsem\u00e4n kertaa nopeamman l\u00e4mmityksen ja eritt\u00e4in pienen<br \/>\nl\u00e4mp\u00f6h\u00e4vi\u00f6n.<\/p>\n<p>Vetus juomavesitankki joustava<\/p>\n","protected":false},"excerpt":{"rendered":"<p>Makeavesitankki 160l joustava<\/p>\n<p>Pehme\u00e4 tankki<br \/>\nPehme\u00e4 tankki on hyv\u00e4 vaihtoehto silloin kun veneeseen ei esimerkiksi ahtaan paikan takia pysty asentamaan kiinte\u00e4\u00e4<br \/>\ntankkia. Asennus on nopea ja helppo; ainoastaan sis\u00e4\u00e4ntulo- ja imupuolen liit\u00e4nn\u00e4t pit\u00e4\u00e4 asentaa erikseen.<\/p>\n<p>-Tilavuus 160l<\/p>\n<p>-Mitat (noin) 790 x 1420mm<\/p>\n<p>-Korkeus (noin) 270mm t\u00e4ytettyn\u00e4<\/p>\n<p>Verkkokauppatuote.Tuotteella normaalisti 4-7pv toimitusaika<\/p>\n","protected":false},"featured_media":15258,"comment_status":"open","ping_status":"closed","template":"","meta":{"jetpack_post_was_ever_published":false,"jetpack_publicize_message":"","jetpack_publicize_feature_enabled":true,"jetpack_social_post_already_shared":true,"jetpack_social_options":{"image_generator_settings":{"template":"highway","default_image_id":0,"font":"","enabled":false},"version":2}},"product_brand":[],"product_cat":[1078,1085,477,476,470],"product_tag":[536,98],"class_list":{"0":"post-15264","1":"product","2":"type-product","3":"status-publish","4":"has-post-thumbnail","6":"product_cat-vetus-makeavesijarjestelma-juomavesi","7":"product_cat-vetus-makeavesijarjestelma-vetus-makeavesijarjestelma-juomavesi-2","8":"product_cat-makeavesijarjestelma_vetus_venetarvike_veneakselisto","9":"product_cat-vetus_vetus-venetarvikkeet_venetarvikeiden-maahantuonti-ja-myynti-vetus_vetus-venetarvikkeet_venetarvikeiden-maahantuonti-ja-myynti","10":"product_cat-vetus_vetus-venetarvikkeet_venetarvikeiden-maahantuonti-ja-myynti","11":"product_tag-makeavesitankki","12":"product_tag-vetus","13":"brand-vetus","15":"first","16":"instock","17":"sale","18":"taxable","19":"shipping-taxable","20":"purchasable","21":"product-type-simple"},"yoast_head":"<!-- This site is optimized with the Yoast SEO plugin v27.3 - https:\/\/yoast.com\/product\/yoast-seo-wordpress\/ -->\n<title>Makeavesitankki 160l joustava -Makeavesis\u00e4ili\u00f6 - Veneakselisto<\/title>\n<meta name=\"description\" content=\"Makeavesitankki 160l joustava. Joustavat Makeavesitankit toimittaa Venetarvikkeiden maahantuonti ja myynti-Veneakselisto.com\" \/>\n<meta name=\"robots\" content=\"index, follow, max-snippet:-1, max-image-preview:large, max-video-preview:-1\" \/>\n<link rel=\"canonical\" href=\"https:\/\/veneakselisto.com\/kauppa\/tuote\/makeavesitankki-160l-joustava\/\" \/>\n<meta property=\"og:locale\" content=\"fi_FI\" \/>\n<meta property=\"og:type\" content=\"article\" \/>\n<meta property=\"og:title\" content=\"Makeavesitankki 160l joustava -Makeavesis\u00e4ili\u00f6 - Veneakselisto\" \/>\n<meta property=\"og:description\" content=\"Makeavesitankki 160l joustava. Joustavat Makeavesitankit toimittaa Venetarvikkeiden maahantuonti ja myynti-Veneakselisto.com\" \/>\n<meta property=\"og:url\" content=\"https:\/\/veneakselisto.com\/kauppa\/tuote\/makeavesitankki-160l-joustava\/\" \/>\n<meta property=\"og:site_name\" content=\"Veneakselisto.com - verkkokauppa\" \/>\n<meta property=\"article:publisher\" content=\"https:\/\/www.facebook.com\/AlaMikkula\/\" \/>\n<meta property=\"article:modified_time\" content=\"2024-08-31T21:22:23+00:00\" \/>\n<meta property=\"og:image\" content=\"https:\/\/veneakselisto.com\/kauppa\/wp-content\/uploads\/2022\/10\/TANKW55.png\" \/>\n\t<meta property=\"og:image:width\" content=\"500\" \/>\n\t<meta property=\"og:image:height\" content=\"500\" \/>\n\t<meta property=\"og:image:type\" content=\"image\/png\" \/>\n<meta name=\"twitter:card\" content=\"summary_large_image\" \/>\n<meta name=\"twitter:label1\" content=\"Arvioitu lukuaika\" \/>\n\t<meta name=\"twitter:data1\" content=\"2 minuuttia\" \/>\n<script type=\"application\/ld+json\" class=\"yoast-schema-graph\">{\"@context\":\"https:\\\/\\\/schema.org\",\"@graph\":[{\"@type\":\"WebPage\",\"@id\":\"https:\\\/\\\/veneakselisto.com\\\/kauppa\\\/tuote\\\/makeavesitankki-160l-joustava\\\/\",\"url\":\"https:\\\/\\\/veneakselisto.com\\\/kauppa\\\/tuote\\\/makeavesitankki-160l-joustava\\\/\",\"name\":\"Makeavesitankki 160l joustava -Makeavesis\u00e4ili\u00f6 - Veneakselisto\",\"isPartOf\":{\"@id\":\"https:\\\/\\\/veneakselisto.com\\\/kauppa\\\/#website\"},\"primaryImageOfPage\":{\"@id\":\"https:\\\/\\\/veneakselisto.com\\\/kauppa\\\/tuote\\\/makeavesitankki-160l-joustava\\\/#primaryimage\"},\"image\":{\"@id\":\"https:\\\/\\\/veneakselisto.com\\\/kauppa\\\/tuote\\\/makeavesitankki-160l-joustava\\\/#primaryimage\"},\"thumbnailUrl\":\"https:\\\/\\\/i0.wp.com\\\/veneakselisto.com\\\/kauppa\\\/wp-content\\\/uploads\\\/2022\\\/10\\\/TANKW55.png?fit=500%2C500&ssl=1\",\"datePublished\":\"2022-10-27T11:48:43+00:00\",\"dateModified\":\"2024-08-31T21:22:23+00:00\",\"description\":\"Makeavesitankki 160l joustava. Joustavat Makeavesitankit toimittaa Venetarvikkeiden maahantuonti ja myynti-Veneakselisto.com\",\"breadcrumb\":{\"@id\":\"https:\\\/\\\/veneakselisto.com\\\/kauppa\\\/tuote\\\/makeavesitankki-160l-joustava\\\/#breadcrumb\"},\"inLanguage\":\"fi\",\"potentialAction\":[{\"@type\":\"ReadAction\",\"target\":[\"https:\\\/\\\/veneakselisto.com\\\/kauppa\\\/tuote\\\/makeavesitankki-160l-joustava\\\/\"]}]},{\"@type\":\"ImageObject\",\"inLanguage\":\"fi\",\"@id\":\"https:\\\/\\\/veneakselisto.com\\\/kauppa\\\/tuote\\\/makeavesitankki-160l-joustava\\\/#primaryimage\",\"url\":\"https:\\\/\\\/i0.wp.com\\\/veneakselisto.com\\\/kauppa\\\/wp-content\\\/uploads\\\/2022\\\/10\\\/TANKW55.png?fit=500%2C500&ssl=1\",\"contentUrl\":\"https:\\\/\\\/i0.wp.com\\\/veneakselisto.com\\\/kauppa\\\/wp-content\\\/uploads\\\/2022\\\/10\\\/TANKW55.png?fit=500%2C500&ssl=1\",\"width\":500,\"height\":500,\"caption\":\"Vetus joustava makeavesitankki-Veneakselisto.com\"},{\"@type\":\"BreadcrumbList\",\"@id\":\"https:\\\/\\\/veneakselisto.com\\\/kauppa\\\/tuote\\\/makeavesitankki-160l-joustava\\\/#breadcrumb\",\"itemListElement\":[{\"@type\":\"ListItem\",\"position\":1,\"name\":\"Etusivu\",\"item\":\"https:\\\/\\\/veneakselisto.com\\\/kauppa\\\/\"},{\"@type\":\"ListItem\",\"position\":2,\"name\":\"Kauppa\",\"item\":\"https:\\\/\\\/veneakselisto.com\\\/kauppa\\\/\"},{\"@type\":\"ListItem\",\"position\":3,\"name\":\"Makeavesitankki 160l joustava\"}]},{\"@type\":\"WebSite\",\"@id\":\"https:\\\/\\\/veneakselisto.com\\\/kauppa\\\/#website\",\"url\":\"https:\\\/\\\/veneakselisto.com\\\/kauppa\\\/\",\"name\":\"Veneakselisto.com - verkkokauppa\",\"description\":\"Venetarvikkeiden maahantuonti ja myynti\",\"publisher\":{\"@id\":\"https:\\\/\\\/veneakselisto.com\\\/kauppa\\\/#organization\"},\"potentialAction\":[{\"@type\":\"SearchAction\",\"target\":{\"@type\":\"EntryPoint\",\"urlTemplate\":\"https:\\\/\\\/veneakselisto.com\\\/kauppa\\\/?s={search_term_string}\"},\"query-input\":{\"@type\":\"PropertyValueSpecification\",\"valueRequired\":true,\"valueName\":\"search_term_string\"}}],\"inLanguage\":\"fi\"},{\"@type\":\"Organization\",\"@id\":\"https:\\\/\\\/veneakselisto.com\\\/kauppa\\\/#organization\",\"name\":\"Veneakselisto.com verkkokauppa\",\"url\":\"https:\\\/\\\/veneakselisto.com\\\/kauppa\\\/\",\"logo\":{\"@type\":\"ImageObject\",\"inLanguage\":\"fi\",\"@id\":\"https:\\\/\\\/veneakselisto.com\\\/kauppa\\\/#\\\/schema\\\/logo\\\/image\\\/\",\"url\":\"https:\\\/\\\/i2.wp.com\\\/veneakselisto.com\\\/kauppa\\\/wp-content\\\/uploads\\\/2016\\\/06\\\/fb_icon.jpg?fit=327%2C327&ssl=1\",\"contentUrl\":\"https:\\\/\\\/i2.wp.com\\\/veneakselisto.com\\\/kauppa\\\/wp-content\\\/uploads\\\/2016\\\/06\\\/fb_icon.jpg?fit=327%2C327&ssl=1\",\"width\":327,\"height\":327,\"caption\":\"Veneakselisto.com verkkokauppa\"},\"image\":{\"@id\":\"https:\\\/\\\/veneakselisto.com\\\/kauppa\\\/#\\\/schema\\\/logo\\\/image\\\/\"},\"sameAs\":[\"https:\\\/\\\/www.facebook.com\\\/AlaMikkula\\\/\"]}]}<\/script>\n<!-- \/ Yoast SEO plugin. -->","yoast_head_json":{"title":"Makeavesitankki 160l joustava -Makeavesis\u00e4ili\u00f6 - Veneakselisto","description":"Makeavesitankki 160l joustava. Joustavat Makeavesitankit toimittaa Venetarvikkeiden maahantuonti ja myynti-Veneakselisto.com","robots":{"index":"index","follow":"follow","max-snippet":"max-snippet:-1","max-image-preview":"max-image-preview:large","max-video-preview":"max-video-preview:-1"},"canonical":"https:\/\/veneakselisto.com\/kauppa\/tuote\/makeavesitankki-160l-joustava\/","og_locale":"fi_FI","og_type":"article","og_title":"Makeavesitankki 160l joustava -Makeavesis\u00e4ili\u00f6 - Veneakselisto","og_description":"Makeavesitankki 160l joustava. Joustavat Makeavesitankit toimittaa Venetarvikkeiden maahantuonti ja myynti-Veneakselisto.com","og_url":"https:\/\/veneakselisto.com\/kauppa\/tuote\/makeavesitankki-160l-joustava\/","og_site_name":"Veneakselisto.com - verkkokauppa","article_publisher":"https:\/\/www.facebook.com\/AlaMikkula\/","article_modified_time":"2024-08-31T21:22:23+00:00","og_image":[{"width":500,"height":500,"url":"https:\/\/veneakselisto.com\/kauppa\/wp-content\/uploads\/2022\/10\/TANKW55.png","type":"image\/png"}],"twitter_card":"summary_large_image","twitter_misc":{"Arvioitu lukuaika":"2 minuuttia"},"schema":{"@context":"https:\/\/schema.org","@graph":[{"@type":"WebPage","@id":"https:\/\/veneakselisto.com\/kauppa\/tuote\/makeavesitankki-160l-joustava\/","url":"https:\/\/veneakselisto.com\/kauppa\/tuote\/makeavesitankki-160l-joustava\/","name":"Makeavesitankki 160l joustava -Makeavesis\u00e4ili\u00f6 - Veneakselisto","isPartOf":{"@id":"https:\/\/veneakselisto.com\/kauppa\/#website"},"primaryImageOfPage":{"@id":"https:\/\/veneakselisto.com\/kauppa\/tuote\/makeavesitankki-160l-joustava\/#primaryimage"},"image":{"@id":"https:\/\/veneakselisto.com\/kauppa\/tuote\/makeavesitankki-160l-joustava\/#primaryimage"},"thumbnailUrl":"https:\/\/i0.wp.com\/veneakselisto.com\/kauppa\/wp-content\/uploads\/2022\/10\/TANKW55.png?fit=500%2C500&ssl=1","datePublished":"2022-10-27T11:48:43+00:00","dateModified":"2024-08-31T21:22:23+00:00","description":"Makeavesitankki 160l joustava. Joustavat Makeavesitankit toimittaa Venetarvikkeiden maahantuonti ja myynti-Veneakselisto.com","breadcrumb":{"@id":"https:\/\/veneakselisto.com\/kauppa\/tuote\/makeavesitankki-160l-joustava\/#breadcrumb"},"inLanguage":"fi","potentialAction":[{"@type":"ReadAction","target":["https:\/\/veneakselisto.com\/kauppa\/tuote\/makeavesitankki-160l-joustava\/"]}]},{"@type":"ImageObject","inLanguage":"fi","@id":"https:\/\/veneakselisto.com\/kauppa\/tuote\/makeavesitankki-160l-joustava\/#primaryimage","url":"https:\/\/i0.wp.com\/veneakselisto.com\/kauppa\/wp-content\/uploads\/2022\/10\/TANKW55.png?fit=500%2C500&ssl=1","contentUrl":"https:\/\/i0.wp.com\/veneakselisto.com\/kauppa\/wp-content\/uploads\/2022\/10\/TANKW55.png?fit=500%2C500&ssl=1","width":500,"height":500,"caption":"Vetus joustava makeavesitankki-Veneakselisto.com"},{"@type":"BreadcrumbList","@id":"https:\/\/veneakselisto.com\/kauppa\/tuote\/makeavesitankki-160l-joustava\/#breadcrumb","itemListElement":[{"@type":"ListItem","position":1,"name":"Etusivu","item":"https:\/\/veneakselisto.com\/kauppa\/"},{"@type":"ListItem","position":2,"name":"Kauppa","item":"https:\/\/veneakselisto.com\/kauppa\/"},{"@type":"ListItem","position":3,"name":"Makeavesitankki 160l joustava"}]},{"@type":"WebSite","@id":"https:\/\/veneakselisto.com\/kauppa\/#website","url":"https:\/\/veneakselisto.com\/kauppa\/","name":"Veneakselisto.com - verkkokauppa","description":"Venetarvikkeiden maahantuonti ja myynti","publisher":{"@id":"https:\/\/veneakselisto.com\/kauppa\/#organization"},"potentialAction":[{"@type":"SearchAction","target":{"@type":"EntryPoint","urlTemplate":"https:\/\/veneakselisto.com\/kauppa\/?s={search_term_string}"},"query-input":{"@type":"PropertyValueSpecification","valueRequired":true,"valueName":"search_term_string"}}],"inLanguage":"fi"},{"@type":"Organization","@id":"https:\/\/veneakselisto.com\/kauppa\/#organization","name":"Veneakselisto.com verkkokauppa","url":"https:\/\/veneakselisto.com\/kauppa\/","logo":{"@type":"ImageObject","inLanguage":"fi","@id":"https:\/\/veneakselisto.com\/kauppa\/#\/schema\/logo\/image\/","url":"https:\/\/i2.wp.com\/veneakselisto.com\/kauppa\/wp-content\/uploads\/2016\/06\/fb_icon.jpg?fit=327%2C327&ssl=1","contentUrl":"https:\/\/i2.wp.com\/veneakselisto.com\/kauppa\/wp-content\/uploads\/2016\/06\/fb_icon.jpg?fit=327%2C327&ssl=1","width":327,"height":327,"caption":"Veneakselisto.com verkkokauppa"},"image":{"@id":"https:\/\/veneakselisto.com\/kauppa\/#\/schema\/logo\/image\/"},"sameAs":["https:\/\/www.facebook.com\/AlaMikkula\/"]}]}},"jetpack_publicize_connections":[],"jetpack_sharing_enabled":true,"_links":{"self":[{"href":"https:\/\/veneakselisto.com\/kauppa\/wp-json\/wp\/v2\/product\/15264","targetHints":{"allow":["GET"]}}],"collection":[{"href":"https:\/\/veneakselisto.com\/kauppa\/wp-json\/wp\/v2\/product"}],"about":[{"href":"https:\/\/veneakselisto.com\/kauppa\/wp-json\/wp\/v2\/types\/product"}],"replies":[{"embeddable":true,"href":"https:\/\/veneakselisto.com\/kauppa\/wp-json\/wp\/v2\/comments?post=15264"}],"wp:featuredmedia":[{"embeddable":true,"href":"https:\/\/veneakselisto.com\/kauppa\/wp-json\/wp\/v2\/media\/15258"}],"wp:attachment":[{"href":"https:\/\/veneakselisto.com\/kauppa\/wp-json\/wp\/v2\/media?parent=15264"}],"wp:term":[{"taxonomy":"product_brand","embeddable":true,"href":"https:\/\/veneakselisto.com\/kauppa\/wp-json\/wp\/v2\/product_brand?post=15264"},{"taxonomy":"product_cat","embeddable":true,"href":"https:\/\/veneakselisto.com\/kauppa\/wp-json\/wp\/v2\/product_cat?post=15264"},{"taxonomy":"product_tag","embeddable":true,"href":"https:\/\/veneakselisto.com\/kauppa\/wp-json\/wp\/v2\/product_tag?post=15264"}],"curies":[{"name":"wp","href":"https:\/\/api.w.org\/{rel}","templated":true}]}}