{"id":15253,"date":"2022-10-27T09:44:34","date_gmt":"2022-10-27T06:44:34","guid":{"rendered":"https:\/\/veneakselisto.com\/kauppa\/?post_type=product&#038;p=15253"},"modified":"2025-12-29T11:32:33","modified_gmt":"2025-12-29T09:32:33","slug":"makeavesitankki-dwsc04224-42l-taydellinen","status":"publish","type":"product","link":"https:\/\/veneakselisto.com\/kauppa\/tuote\/makeavesitankki-dwsc04224-42l-taydellinen\/","title":{"rendered":"Makeavesitankki DWSC04224 42l t\u00e4ydellinen"},"content":{"rendered":"<p>Makeavesitankki DWSC04224 42l t\u00e4ydellinen<\/p>\n<p>DWSC makeavesij\u00e4rjestelm\u00e4<br \/>\nT\u00e4ydellinen ja valmis j\u00e4rjestelm\u00e4<br \/>\nKorkealaatuiseen tankkiin on valmiiksi asennettu painekytkimell\u00e4 varustettu painevesipumppu.<br \/>\nTiedot<br \/>\n\u2022 Tilavuus 42 l<br \/>\n\u2022 Pumppu 24V<br \/>\n\u2022 Tuotto 13,2 ltr\/min (vaakatasossa)<br \/>\n\u2022 T\u00e4ytt\u00f6liitin \u00d8 38 mm, imuliiit\u00e4nt\u00e4 \u00d8 13 mm ja<br \/>\nhuohotinliit\u00e4nt\u00e4 \u00d8 16 mm<br \/>\n\u2022 Mukana tarkistuskansi, tankkianturi sek\u00e4 imulinjan suodatin<\/p>\n<p>Miksi VETUS?<br \/>\nPuhdas makeavesi on tietenkin yksi perusedellytys mukavaan veneilyyn. Veneen makeavesij\u00e4rjestelm\u00e4n komponenttien<br \/>\nlaadulla on suuri merkitys siihen kuinka pitk\u00e4\u00e4n makeavesi pysyy veneess\u00e4 juomakelpoisena. Vetuksen laadukkaat tarvikkeet<br \/>\nmakeavesij\u00e4rjestelmiin takaavat ett\u00e4 vesi pysyy pitk\u00e4\u00e4n raikkaana ja terveellisen\u00e4.<br \/>\nMonta syyt\u00e4 valita VETUS<br \/>\n\u2022 Kaikki VETUS-makeavesis\u00e4ili\u00f6t on tehty korkealaatuisesta elintarvikemuovista joten ne eiv\u00e4t aiheuta makuhaittoja eiv\u00e4tk\u00e4<br \/>\nluonnollisesti my\u00f6sk\u00e4\u00e4n ruostu<br \/>\n\u2022 Tankit on helppo puhdistaa suurikokoisen tarkastusluukun ansiosta<br \/>\n\u2022 Tankin sein\u00e4m\u00e4paksuus vaihtelee 5-8 mm:n v\u00e4lill\u00e4<br \/>\n\u2022 Helppo s\u00e4ili\u00f6n puhdistus tarkistusluukun kautta<br \/>\n\u2022 Kaikki osat yhteensopivia ja helppoja asentaa<br \/>\n\u2022 Meill\u00e4 on laaja valikoima tankkeja<br \/>\n\u2022 VETUS-l\u00e4mminvesivaraajien rakenne mahdollistaa jopa seitsem\u00e4n kertaa nopeamman l\u00e4mmityksen ja eritt\u00e4in pienen<br \/>\nl\u00e4mp\u00f6h\u00e4vi\u00f6n<\/p>\n","protected":false},"excerpt":{"rendered":"<p>Makeavesitankki DWSC04224 42l t\u00e4ydellinen\u00a0 24v<\/p>\n<p>DWSC makeavesij\u00e4rjestelm\u00e4<br \/>\nT\u00e4ydellinen ja valmis j\u00e4rjestelm\u00e4<br \/>\nKorkealaatuiseen tankkiin on valmiiksi asennettu painekytkimell\u00e4 varustettu painevesipumppu.<\/p>\n<p>Verkkokauppatuote.Tuotteella normaalisti 3-7pv toimitusaika<\/p>\n","protected":false},"featured_media":6628,"comment_status":"open","ping_status":"closed","template":"","meta":{"jetpack_post_was_ever_published":false,"jetpack_publicize_message":"","jetpack_publicize_feature_enabled":true,"jetpack_social_post_already_shared":true,"jetpack_social_options":{"image_generator_settings":{"template":"highway","default_image_id":0,"font":"","enabled":false},"version":2}},"product_brand":[],"product_cat":[1078,1085,477,476,470],"product_tag":[536,98],"class_list":{"0":"post-15253","1":"product","2":"type-product","3":"status-publish","4":"has-post-thumbnail","6":"product_cat-vetus-makeavesijarjestelma-juomavesi","7":"product_cat-vetus-makeavesijarjestelma-vetus-makeavesijarjestelma-juomavesi-2","8":"product_cat-makeavesijarjestelma_vetus_venetarvike_veneakselisto","9":"product_cat-vetus_vetus-venetarvikkeet_venetarvikeiden-maahantuonti-ja-myynti-vetus_vetus-venetarvikkeet_venetarvikeiden-maahantuonti-ja-myynti","10":"product_cat-vetus_vetus-venetarvikkeet_venetarvikeiden-maahantuonti-ja-myynti","11":"product_tag-makeavesitankki","12":"product_tag-vetus","13":"brand-vetus","15":"first","16":"onbackorder","17":"sale","18":"taxable","19":"shipping-taxable","20":"purchasable","21":"product-type-simple"},"yoast_head":"<!-- This site is optimized with the Yoast SEO plugin v27.3 - https:\/\/yoast.com\/product\/yoast-seo-wordpress\/ -->\n<title>Makeavesitankki DWSC04224 42l t\u00e4ydellinen-Veneakselisto.com<\/title>\n<meta name=\"description\" content=\"Makeavesitankki DWSC04224 42l t\u00e4ydellinen sopii juomavedelle. Tankissa liittimet valmiina. Venetarvikkeiden maahantuonti ja myynti-Veneakselisto.com\" \/>\n<meta name=\"robots\" content=\"index, follow, max-snippet:-1, max-image-preview:large, max-video-preview:-1\" \/>\n<link rel=\"canonical\" href=\"https:\/\/veneakselisto.com\/kauppa\/tuote\/makeavesitankki-dwsc04224-42l-taydellinen\/\" \/>\n<meta property=\"og:locale\" content=\"fi_FI\" \/>\n<meta property=\"og:type\" content=\"article\" \/>\n<meta property=\"og:title\" content=\"Makeavesitankki DWSC04224 42l t\u00e4ydellinen-Veneakselisto.com\" \/>\n<meta property=\"og:description\" content=\"Makeavesitankki DWSC04224 42l t\u00e4ydellinen sopii juomavedelle. Tankissa liittimet valmiina. Venetarvikkeiden maahantuonti ja myynti-Veneakselisto.com\" \/>\n<meta property=\"og:url\" content=\"https:\/\/veneakselisto.com\/kauppa\/tuote\/makeavesitankki-dwsc04224-42l-taydellinen\/\" \/>\n<meta property=\"og:site_name\" content=\"Veneakselisto.com - verkkokauppa\" \/>\n<meta property=\"article:publisher\" content=\"https:\/\/www.facebook.com\/AlaMikkula\/\" \/>\n<meta property=\"article:modified_time\" content=\"2025-12-29T09:32:33+00:00\" \/>\n<meta property=\"og:image\" content=\"https:\/\/veneakselisto.com\/kauppa\/wp-content\/uploads\/2020\/01\/DWSC.png\" \/>\n\t<meta property=\"og:image:width\" content=\"500\" \/>\n\t<meta property=\"og:image:height\" content=\"500\" \/>\n\t<meta property=\"og:image:type\" content=\"image\/png\" \/>\n<meta name=\"twitter:card\" content=\"summary_large_image\" \/>\n<meta name=\"twitter:label1\" content=\"Arvioitu lukuaika\" \/>\n\t<meta name=\"twitter:data1\" content=\"1 minuutti\" \/>\n<script type=\"application\/ld+json\" class=\"yoast-schema-graph\">{\"@context\":\"https:\\\/\\\/schema.org\",\"@graph\":[{\"@type\":\"WebPage\",\"@id\":\"https:\\\/\\\/veneakselisto.com\\\/kauppa\\\/tuote\\\/makeavesitankki-dwsc04224-42l-taydellinen\\\/\",\"url\":\"https:\\\/\\\/veneakselisto.com\\\/kauppa\\\/tuote\\\/makeavesitankki-dwsc04224-42l-taydellinen\\\/\",\"name\":\"Makeavesitankki DWSC04224 42l t\u00e4ydellinen-Veneakselisto.com\",\"isPartOf\":{\"@id\":\"https:\\\/\\\/veneakselisto.com\\\/kauppa\\\/#website\"},\"primaryImageOfPage\":{\"@id\":\"https:\\\/\\\/veneakselisto.com\\\/kauppa\\\/tuote\\\/makeavesitankki-dwsc04224-42l-taydellinen\\\/#primaryimage\"},\"image\":{\"@id\":\"https:\\\/\\\/veneakselisto.com\\\/kauppa\\\/tuote\\\/makeavesitankki-dwsc04224-42l-taydellinen\\\/#primaryimage\"},\"thumbnailUrl\":\"https:\\\/\\\/i0.wp.com\\\/veneakselisto.com\\\/kauppa\\\/wp-content\\\/uploads\\\/2020\\\/01\\\/DWSC.png?fit=500%2C500&ssl=1\",\"datePublished\":\"2022-10-27T06:44:34+00:00\",\"dateModified\":\"2025-12-29T09:32:33+00:00\",\"description\":\"Makeavesitankki DWSC04224 42l t\u00e4ydellinen sopii juomavedelle. Tankissa liittimet valmiina. Venetarvikkeiden maahantuonti ja myynti-Veneakselisto.com\",\"breadcrumb\":{\"@id\":\"https:\\\/\\\/veneakselisto.com\\\/kauppa\\\/tuote\\\/makeavesitankki-dwsc04224-42l-taydellinen\\\/#breadcrumb\"},\"inLanguage\":\"fi\",\"potentialAction\":[{\"@type\":\"ReadAction\",\"target\":[\"https:\\\/\\\/veneakselisto.com\\\/kauppa\\\/tuote\\\/makeavesitankki-dwsc04224-42l-taydellinen\\\/\"]}]},{\"@type\":\"ImageObject\",\"inLanguage\":\"fi\",\"@id\":\"https:\\\/\\\/veneakselisto.com\\\/kauppa\\\/tuote\\\/makeavesitankki-dwsc04224-42l-taydellinen\\\/#primaryimage\",\"url\":\"https:\\\/\\\/i0.wp.com\\\/veneakselisto.com\\\/kauppa\\\/wp-content\\\/uploads\\\/2020\\\/01\\\/DWSC.png?fit=500%2C500&ssl=1\",\"contentUrl\":\"https:\\\/\\\/i0.wp.com\\\/veneakselisto.com\\\/kauppa\\\/wp-content\\\/uploads\\\/2020\\\/01\\\/DWSC.png?fit=500%2C500&ssl=1\",\"width\":500,\"height\":500,\"caption\":\"Vetus makeavesis\u00e4ili\u00f6t toimittaa Veneakselisto.com\"},{\"@type\":\"BreadcrumbList\",\"@id\":\"https:\\\/\\\/veneakselisto.com\\\/kauppa\\\/tuote\\\/makeavesitankki-dwsc04224-42l-taydellinen\\\/#breadcrumb\",\"itemListElement\":[{\"@type\":\"ListItem\",\"position\":1,\"name\":\"Etusivu\",\"item\":\"https:\\\/\\\/veneakselisto.com\\\/kauppa\\\/\"},{\"@type\":\"ListItem\",\"position\":2,\"name\":\"Kauppa\",\"item\":\"https:\\\/\\\/veneakselisto.com\\\/kauppa\\\/\"},{\"@type\":\"ListItem\",\"position\":3,\"name\":\"Makeavesitankki DWSC04224 42l t\u00e4ydellinen\"}]},{\"@type\":\"WebSite\",\"@id\":\"https:\\\/\\\/veneakselisto.com\\\/kauppa\\\/#website\",\"url\":\"https:\\\/\\\/veneakselisto.com\\\/kauppa\\\/\",\"name\":\"Veneakselisto.com - verkkokauppa\",\"description\":\"Venetarvikkeiden maahantuonti ja myynti\",\"publisher\":{\"@id\":\"https:\\\/\\\/veneakselisto.com\\\/kauppa\\\/#organization\"},\"potentialAction\":[{\"@type\":\"SearchAction\",\"target\":{\"@type\":\"EntryPoint\",\"urlTemplate\":\"https:\\\/\\\/veneakselisto.com\\\/kauppa\\\/?s={search_term_string}\"},\"query-input\":{\"@type\":\"PropertyValueSpecification\",\"valueRequired\":true,\"valueName\":\"search_term_string\"}}],\"inLanguage\":\"fi\"},{\"@type\":\"Organization\",\"@id\":\"https:\\\/\\\/veneakselisto.com\\\/kauppa\\\/#organization\",\"name\":\"Veneakselisto.com verkkokauppa\",\"url\":\"https:\\\/\\\/veneakselisto.com\\\/kauppa\\\/\",\"logo\":{\"@type\":\"ImageObject\",\"inLanguage\":\"fi\",\"@id\":\"https:\\\/\\\/veneakselisto.com\\\/kauppa\\\/#\\\/schema\\\/logo\\\/image\\\/\",\"url\":\"https:\\\/\\\/i2.wp.com\\\/veneakselisto.com\\\/kauppa\\\/wp-content\\\/uploads\\\/2016\\\/06\\\/fb_icon.jpg?fit=327%2C327&ssl=1\",\"contentUrl\":\"https:\\\/\\\/i2.wp.com\\\/veneakselisto.com\\\/kauppa\\\/wp-content\\\/uploads\\\/2016\\\/06\\\/fb_icon.jpg?fit=327%2C327&ssl=1\",\"width\":327,\"height\":327,\"caption\":\"Veneakselisto.com verkkokauppa\"},\"image\":{\"@id\":\"https:\\\/\\\/veneakselisto.com\\\/kauppa\\\/#\\\/schema\\\/logo\\\/image\\\/\"},\"sameAs\":[\"https:\\\/\\\/www.facebook.com\\\/AlaMikkula\\\/\"]}]}<\/script>\n<!-- \/ Yoast SEO plugin. -->","yoast_head_json":{"title":"Makeavesitankki DWSC04224 42l t\u00e4ydellinen-Veneakselisto.com","description":"Makeavesitankki DWSC04224 42l t\u00e4ydellinen sopii juomavedelle. Tankissa liittimet valmiina. Venetarvikkeiden maahantuonti ja myynti-Veneakselisto.com","robots":{"index":"index","follow":"follow","max-snippet":"max-snippet:-1","max-image-preview":"max-image-preview:large","max-video-preview":"max-video-preview:-1"},"canonical":"https:\/\/veneakselisto.com\/kauppa\/tuote\/makeavesitankki-dwsc04224-42l-taydellinen\/","og_locale":"fi_FI","og_type":"article","og_title":"Makeavesitankki DWSC04224 42l t\u00e4ydellinen-Veneakselisto.com","og_description":"Makeavesitankki DWSC04224 42l t\u00e4ydellinen sopii juomavedelle. Tankissa liittimet valmiina. Venetarvikkeiden maahantuonti ja myynti-Veneakselisto.com","og_url":"https:\/\/veneakselisto.com\/kauppa\/tuote\/makeavesitankki-dwsc04224-42l-taydellinen\/","og_site_name":"Veneakselisto.com - verkkokauppa","article_publisher":"https:\/\/www.facebook.com\/AlaMikkula\/","article_modified_time":"2025-12-29T09:32:33+00:00","og_image":[{"width":500,"height":500,"url":"https:\/\/veneakselisto.com\/kauppa\/wp-content\/uploads\/2020\/01\/DWSC.png","type":"image\/png"}],"twitter_card":"summary_large_image","twitter_misc":{"Arvioitu lukuaika":"1 minuutti"},"schema":{"@context":"https:\/\/schema.org","@graph":[{"@type":"WebPage","@id":"https:\/\/veneakselisto.com\/kauppa\/tuote\/makeavesitankki-dwsc04224-42l-taydellinen\/","url":"https:\/\/veneakselisto.com\/kauppa\/tuote\/makeavesitankki-dwsc04224-42l-taydellinen\/","name":"Makeavesitankki DWSC04224 42l t\u00e4ydellinen-Veneakselisto.com","isPartOf":{"@id":"https:\/\/veneakselisto.com\/kauppa\/#website"},"primaryImageOfPage":{"@id":"https:\/\/veneakselisto.com\/kauppa\/tuote\/makeavesitankki-dwsc04224-42l-taydellinen\/#primaryimage"},"image":{"@id":"https:\/\/veneakselisto.com\/kauppa\/tuote\/makeavesitankki-dwsc04224-42l-taydellinen\/#primaryimage"},"thumbnailUrl":"https:\/\/i0.wp.com\/veneakselisto.com\/kauppa\/wp-content\/uploads\/2020\/01\/DWSC.png?fit=500%2C500&ssl=1","datePublished":"2022-10-27T06:44:34+00:00","dateModified":"2025-12-29T09:32:33+00:00","description":"Makeavesitankki DWSC04224 42l t\u00e4ydellinen sopii juomavedelle. Tankissa liittimet valmiina. Venetarvikkeiden maahantuonti ja myynti-Veneakselisto.com","breadcrumb":{"@id":"https:\/\/veneakselisto.com\/kauppa\/tuote\/makeavesitankki-dwsc04224-42l-taydellinen\/#breadcrumb"},"inLanguage":"fi","potentialAction":[{"@type":"ReadAction","target":["https:\/\/veneakselisto.com\/kauppa\/tuote\/makeavesitankki-dwsc04224-42l-taydellinen\/"]}]},{"@type":"ImageObject","inLanguage":"fi","@id":"https:\/\/veneakselisto.com\/kauppa\/tuote\/makeavesitankki-dwsc04224-42l-taydellinen\/#primaryimage","url":"https:\/\/i0.wp.com\/veneakselisto.com\/kauppa\/wp-content\/uploads\/2020\/01\/DWSC.png?fit=500%2C500&ssl=1","contentUrl":"https:\/\/i0.wp.com\/veneakselisto.com\/kauppa\/wp-content\/uploads\/2020\/01\/DWSC.png?fit=500%2C500&ssl=1","width":500,"height":500,"caption":"Vetus makeavesis\u00e4ili\u00f6t toimittaa Veneakselisto.com"},{"@type":"BreadcrumbList","@id":"https:\/\/veneakselisto.com\/kauppa\/tuote\/makeavesitankki-dwsc04224-42l-taydellinen\/#breadcrumb","itemListElement":[{"@type":"ListItem","position":1,"name":"Etusivu","item":"https:\/\/veneakselisto.com\/kauppa\/"},{"@type":"ListItem","position":2,"name":"Kauppa","item":"https:\/\/veneakselisto.com\/kauppa\/"},{"@type":"ListItem","position":3,"name":"Makeavesitankki DWSC04224 42l t\u00e4ydellinen"}]},{"@type":"WebSite","@id":"https:\/\/veneakselisto.com\/kauppa\/#website","url":"https:\/\/veneakselisto.com\/kauppa\/","name":"Veneakselisto.com - verkkokauppa","description":"Venetarvikkeiden maahantuonti ja myynti","publisher":{"@id":"https:\/\/veneakselisto.com\/kauppa\/#organization"},"potentialAction":[{"@type":"SearchAction","target":{"@type":"EntryPoint","urlTemplate":"https:\/\/veneakselisto.com\/kauppa\/?s={search_term_string}"},"query-input":{"@type":"PropertyValueSpecification","valueRequired":true,"valueName":"search_term_string"}}],"inLanguage":"fi"},{"@type":"Organization","@id":"https:\/\/veneakselisto.com\/kauppa\/#organization","name":"Veneakselisto.com verkkokauppa","url":"https:\/\/veneakselisto.com\/kauppa\/","logo":{"@type":"ImageObject","inLanguage":"fi","@id":"https:\/\/veneakselisto.com\/kauppa\/#\/schema\/logo\/image\/","url":"https:\/\/i2.wp.com\/veneakselisto.com\/kauppa\/wp-content\/uploads\/2016\/06\/fb_icon.jpg?fit=327%2C327&ssl=1","contentUrl":"https:\/\/i2.wp.com\/veneakselisto.com\/kauppa\/wp-content\/uploads\/2016\/06\/fb_icon.jpg?fit=327%2C327&ssl=1","width":327,"height":327,"caption":"Veneakselisto.com verkkokauppa"},"image":{"@id":"https:\/\/veneakselisto.com\/kauppa\/#\/schema\/logo\/image\/"},"sameAs":["https:\/\/www.facebook.com\/AlaMikkula\/"]}]}},"jetpack_publicize_connections":[],"jetpack_sharing_enabled":true,"_links":{"self":[{"href":"https:\/\/veneakselisto.com\/kauppa\/wp-json\/wp\/v2\/product\/15253","targetHints":{"allow":["GET"]}}],"collection":[{"href":"https:\/\/veneakselisto.com\/kauppa\/wp-json\/wp\/v2\/product"}],"about":[{"href":"https:\/\/veneakselisto.com\/kauppa\/wp-json\/wp\/v2\/types\/product"}],"replies":[{"embeddable":true,"href":"https:\/\/veneakselisto.com\/kauppa\/wp-json\/wp\/v2\/comments?post=15253"}],"wp:featuredmedia":[{"embeddable":true,"href":"https:\/\/veneakselisto.com\/kauppa\/wp-json\/wp\/v2\/media\/6628"}],"wp:attachment":[{"href":"https:\/\/veneakselisto.com\/kauppa\/wp-json\/wp\/v2\/media?parent=15253"}],"wp:term":[{"taxonomy":"product_brand","embeddable":true,"href":"https:\/\/veneakselisto.com\/kauppa\/wp-json\/wp\/v2\/product_brand?post=15253"},{"taxonomy":"product_cat","embeddable":true,"href":"https:\/\/veneakselisto.com\/kauppa\/wp-json\/wp\/v2\/product_cat?post=15253"},{"taxonomy":"product_tag","embeddable":true,"href":"https:\/\/veneakselisto.com\/kauppa\/wp-json\/wp\/v2\/product_tag?post=15253"}],"curies":[{"name":"wp","href":"https:\/\/api.w.org\/{rel}","templated":true}]}}