{"id":15225,"date":"2022-10-26T15:34:40","date_gmt":"2022-10-26T12:34:40","guid":{"rendered":"https:\/\/veneakselisto.com\/kauppa\/?post_type=product&#038;p=15225"},"modified":"2024-09-01T00:22:35","modified_gmt":"2024-08-31T21:22:35","slug":"vetus-hydrf24-painevesijarjestelma","status":"publish","type":"product","link":"https:\/\/veneakselisto.com\/kauppa\/tuote\/vetus-hydrf24-painevesijarjestelma\/","title":{"rendered":"Vetus HYDRF24 painevesij\u00e4rjestelm\u00e4"},"content":{"rendered":"<p>Vetus HYDRF24 painevesij\u00e4rjestelm\u00e4<\/p>\n<p>S\u00e4\u00e4dett\u00e4v\u00e4lla painekytkimell\u00e4<br \/>\nHYDRF painevesij\u00e4rjestelm\u00e4 toimii kuten HF-mallit mutta siin\u00e4 on lis\u00e4ksi s\u00e4\u00e4dett\u00e4v\u00e4<br \/>\npainekytkin, manometri sek\u00e4 ylim\u00e4\u00e4r\u00e4inen takaiskuventtiili. T\u00e4ytt\u00e4\u00e4 EMC-vaatimukset.<\/p>\n<p>Tasainen vesipaine<br \/>\nT\u00e4m\u00e4 VETUS-painevesij\u00e4rjestelm\u00e4 tuottaa tasaisen paineen ja virtauksen veneen<br \/>\npainevesij\u00e4rjestelm\u00e4\u00e4n. Kumikalvolla varustetun paines\u00e4ili\u00f6n ansiosta pumppu ei<br \/>\nk\u00e4ynnisty aina kun esimerkiksi hana avataan, vaan vasta kun paine laskee s\u00e4\u00e4detyn<br \/>\narvon alapuolelle. N\u00e4in ollen paine on tasaisempi ja j\u00e4rjestelm\u00e4 hiljaisempi.<br \/>\nKumikalvo on vaihdettavissa ja saatavissa varaosana<\/p>\n<p>Varustukseen kuuluu<br \/>\n\u2022 Itseimev\u00e4 pumppu<br \/>\n\u2022 Tuloveden suodatin<br \/>\n\u2022 S\u00e4\u00e4dett\u00e4v\u00e4 painekatkaisija<br \/>\n\u2022 Kiinnityslevy<\/p>\n<p>-Paineastian tilavuus 8 ltr<\/p>\n<p>-J\u00e4nnite 24v<\/p>\n<p>-Putkiliit\u00e4nt\u00e4 13mm<\/p>\n<p>-Tuotto 12.5l\/min<\/p>\n<p>-Max. paine 2.5 bar<\/p>\n<p>-Maksimi imukorkeus 3 m<\/p>\n<p>&nbsp;<\/p>\n<p>MIKSI VETUS?<br \/>\nPuhdas makeavesi on tietenkin yksi perusedellytys mukavaan veneilyyn. Veneen makeavesij\u00e4rjestelm\u00e4n komponenttien<br \/>\nlaadulla on suuri merkitys siihen kuinka pitk\u00e4\u00e4n makeavesi pysyy veneess\u00e4 juomakelpoisena. Vetuksen laadukkaat tarvikkeet<br \/>\nmakeavesij\u00e4rjestelmiin takaavat ett\u00e4 vesi pysyy pitk\u00e4\u00e4n raikkaana ja terveellisen\u00e4.<br \/>\nMonta syyt\u00e4 valita VETUS<br \/>\n\u2022 Kaikki VETUS-makeavesis\u00e4ili\u00f6t on tehty korkealaatuisesta elintarvikemuovista joten ne eiv\u00e4t aiheuta makuhaittoja eiv\u00e4tk\u00e4<br \/>\n\u2022 luonnollisesti my\u00f6sk\u00e4\u00e4n ruostu<br \/>\n\u2022 Helppo s\u00e4ili\u00f6n puhdistus tarkistusluukun kautta<br \/>\n\u2022 Kaikki osat yhteensopivia ja helppoja asentaa<br \/>\n\u2022 Laadukkaat pehme\u00e4t s\u00e4ili\u00f6t voivat ratkaista hankalat tilaongelmat<br \/>\n\u2022 VETUS-l\u00e4mminvesivaraajien rakenne mahdollistaa jopa seitsem\u00e4n kertaa nopeamman l\u00e4mmityksen ja eritt\u00e4in pienen<br \/>\nl\u00e4mp\u00f6h\u00e4vi\u00f6n.<\/p>\n","protected":false},"excerpt":{"rendered":"<p>Vetus HYDRF24 painevesij\u00e4rjestelm\u00e4<\/p>\n<p>S\u00e4\u00e4dett\u00e4v\u00e4lla painekytkimell\u00e4<\/p>\n<p>HYDRF painevesij\u00e4rjestelm\u00e4 toimii kuten HF-mallit mutta siin\u00e4 on lis\u00e4ksi s\u00e4\u00e4dett\u00e4v\u00e4<br \/>\npainekytkin, manometri sek\u00e4 ylim\u00e4\u00e4r\u00e4inen takaiskuventtiili. T\u00e4ytt\u00e4\u00e4 EMC-vaatimukset.<\/p>\n<p>T\u00e4m\u00e4 VETUS-painevesij\u00e4rjestelm\u00e4 tuottaa tasaisen paineen ja virtauksen veneen<br \/>\npainevesij\u00e4rjestelm\u00e4\u00e4n. Kumikalvolla varustetun paines\u00e4ili\u00f6n ansiosta pumppu ei<br \/>\nk\u00e4ynnisty aina kun esimerkiksi hana avataan, vaan vasta kun paine laskee s\u00e4\u00e4detyn<br \/>\narvon alapuolelle. N\u00e4in ollen paine on tasaisempi ja j\u00e4rjestelm\u00e4 hiljaisempi.<br \/>\nKumikalvo on vaihdettavissa ja saatavissa varaosana.<\/p>\n<p>Varustukseen kuuluu<br \/>\n\u2022 Itseimev\u00e4 pumppu<br \/>\n\u2022 Tuloveden suodatin<br \/>\n\u2022 S\u00e4\u00e4dett\u00e4v\u00e4 painekatkaisija<br \/>\n\u2022 Kiinnityslevy<\/p>\n<p>Verkkokauppatuote. Toimitus 5-8pv normaalisti<\/p>\n","protected":false},"featured_media":15224,"comment_status":"open","ping_status":"closed","template":"","meta":{"jetpack_post_was_ever_published":false,"jetpack_publicize_message":"","jetpack_publicize_feature_enabled":true,"jetpack_social_post_already_shared":true,"jetpack_social_options":{"image_generator_settings":{"template":"highway","default_image_id":0,"font":"","enabled":false},"version":2}},"product_brand":[],"product_cat":[1078,1284,1285,476,470],"product_tag":[],"class_list":{"0":"post-15225","1":"product","2":"type-product","3":"status-publish","4":"has-post-thumbnail","6":"product_cat-vetus-makeavesijarjestelma-juomavesi","7":"product_cat-veneen_painevesi_jarjestelma","8":"product_cat-veneen_painevesi_jarjestelma-vetus_vetus-venetarvikkeet_venetarvikeiden-maahantuonti-ja-myynti-vetus_vetus-venetarvikkeet_venetarvikeiden-maahantuonti-ja-myynti","9":"product_cat-vetus_vetus-venetarvikkeet_venetarvikeiden-maahantuonti-ja-myynti-vetus_vetus-venetarvikkeet_venetarvikeiden-maahantuonti-ja-myynti","10":"product_cat-vetus_vetus-venetarvikkeet_venetarvikeiden-maahantuonti-ja-myynti","11":"brand-vetus","13":"first","14":"instock","15":"taxable","16":"shipping-taxable","17":"purchasable","18":"product-type-simple"},"yoast_head":"<!-- This site is optimized with the Yoast SEO plugin v27.3 - https:\/\/yoast.com\/product\/yoast-seo-wordpress\/ -->\n<title>Vetus HYDRF24 painevesij\u00e4rjestelm\u00e4 - Veneakselisto.com<\/title>\n<meta name=\"description\" content=\"Vetus HYDRF24 painevesij\u00e4rjestelm\u00e4-Vetus painevesij\u00e4rjestelm\u00e4n toimittaa venetarvikkeiden erikoisliike-Veneakselisto-Venetarvikkeiden maahantuonti ja myynti.\" \/>\n<meta name=\"robots\" content=\"index, follow, max-snippet:-1, max-image-preview:large, max-video-preview:-1\" \/>\n<link rel=\"canonical\" href=\"https:\/\/veneakselisto.com\/kauppa\/tuote\/vetus-hydrf24-painevesijarjestelma\/\" \/>\n<meta property=\"og:locale\" content=\"fi_FI\" \/>\n<meta property=\"og:type\" content=\"article\" \/>\n<meta property=\"og:title\" content=\"Vetus HYDRF24 painevesij\u00e4rjestelm\u00e4 - Veneakselisto.com\" \/>\n<meta property=\"og:description\" content=\"Vetus HYDRF24 painevesij\u00e4rjestelm\u00e4-Vetus painevesij\u00e4rjestelm\u00e4n toimittaa venetarvikkeiden erikoisliike-Veneakselisto-Venetarvikkeiden maahantuonti ja myynti.\" \/>\n<meta property=\"og:url\" content=\"https:\/\/veneakselisto.com\/kauppa\/tuote\/vetus-hydrf24-painevesijarjestelma\/\" \/>\n<meta property=\"og:site_name\" content=\"Veneakselisto.com - verkkokauppa\" \/>\n<meta property=\"article:publisher\" content=\"https:\/\/www.facebook.com\/AlaMikkula\/\" \/>\n<meta property=\"article:modified_time\" content=\"2024-08-31T21:22:35+00:00\" \/>\n<meta property=\"og:image\" content=\"https:\/\/veneakselisto.com\/kauppa\/wp-content\/uploads\/2022\/10\/HYDRF12-24.png\" \/>\n\t<meta property=\"og:image:width\" content=\"538\" \/>\n\t<meta property=\"og:image:height\" content=\"550\" \/>\n\t<meta property=\"og:image:type\" content=\"image\/png\" \/>\n<meta name=\"twitter:card\" content=\"summary_large_image\" \/>\n<meta name=\"twitter:label1\" content=\"Arvioitu lukuaika\" \/>\n\t<meta name=\"twitter:data1\" content=\"2 minuuttia\" \/>\n<script type=\"application\/ld+json\" class=\"yoast-schema-graph\">{\"@context\":\"https:\\\/\\\/schema.org\",\"@graph\":[{\"@type\":\"WebPage\",\"@id\":\"https:\\\/\\\/veneakselisto.com\\\/kauppa\\\/tuote\\\/vetus-hydrf24-painevesijarjestelma\\\/\",\"url\":\"https:\\\/\\\/veneakselisto.com\\\/kauppa\\\/tuote\\\/vetus-hydrf24-painevesijarjestelma\\\/\",\"name\":\"Vetus HYDRF24 painevesij\u00e4rjestelm\u00e4 - Veneakselisto.com\",\"isPartOf\":{\"@id\":\"https:\\\/\\\/veneakselisto.com\\\/kauppa\\\/#website\"},\"primaryImageOfPage\":{\"@id\":\"https:\\\/\\\/veneakselisto.com\\\/kauppa\\\/tuote\\\/vetus-hydrf24-painevesijarjestelma\\\/#primaryimage\"},\"image\":{\"@id\":\"https:\\\/\\\/veneakselisto.com\\\/kauppa\\\/tuote\\\/vetus-hydrf24-painevesijarjestelma\\\/#primaryimage\"},\"thumbnailUrl\":\"https:\\\/\\\/i0.wp.com\\\/veneakselisto.com\\\/kauppa\\\/wp-content\\\/uploads\\\/2022\\\/10\\\/HYDRF12-24.png?fit=538%2C550&ssl=1\",\"datePublished\":\"2022-10-26T12:34:40+00:00\",\"dateModified\":\"2024-08-31T21:22:35+00:00\",\"description\":\"Vetus HYDRF24 painevesij\u00e4rjestelm\u00e4-Vetus painevesij\u00e4rjestelm\u00e4n toimittaa venetarvikkeiden erikoisliike-Veneakselisto-Venetarvikkeiden maahantuonti ja myynti.\",\"breadcrumb\":{\"@id\":\"https:\\\/\\\/veneakselisto.com\\\/kauppa\\\/tuote\\\/vetus-hydrf24-painevesijarjestelma\\\/#breadcrumb\"},\"inLanguage\":\"fi\",\"potentialAction\":[{\"@type\":\"ReadAction\",\"target\":[\"https:\\\/\\\/veneakselisto.com\\\/kauppa\\\/tuote\\\/vetus-hydrf24-painevesijarjestelma\\\/\"]}]},{\"@type\":\"ImageObject\",\"inLanguage\":\"fi\",\"@id\":\"https:\\\/\\\/veneakselisto.com\\\/kauppa\\\/tuote\\\/vetus-hydrf24-painevesijarjestelma\\\/#primaryimage\",\"url\":\"https:\\\/\\\/i0.wp.com\\\/veneakselisto.com\\\/kauppa\\\/wp-content\\\/uploads\\\/2022\\\/10\\\/HYDRF12-24.png?fit=538%2C550&ssl=1\",\"contentUrl\":\"https:\\\/\\\/i0.wp.com\\\/veneakselisto.com\\\/kauppa\\\/wp-content\\\/uploads\\\/2022\\\/10\\\/HYDRF12-24.png?fit=538%2C550&ssl=1\",\"width\":538,\"height\":550,\"caption\":\"HYDRF-Vetus-Veneen-painevesij\u00e4rjestelm\u00e4-Veneakselisto.com\"},{\"@type\":\"BreadcrumbList\",\"@id\":\"https:\\\/\\\/veneakselisto.com\\\/kauppa\\\/tuote\\\/vetus-hydrf24-painevesijarjestelma\\\/#breadcrumb\",\"itemListElement\":[{\"@type\":\"ListItem\",\"position\":1,\"name\":\"Etusivu\",\"item\":\"https:\\\/\\\/veneakselisto.com\\\/kauppa\\\/\"},{\"@type\":\"ListItem\",\"position\":2,\"name\":\"Kauppa\",\"item\":\"https:\\\/\\\/veneakselisto.com\\\/kauppa\\\/\"},{\"@type\":\"ListItem\",\"position\":3,\"name\":\"Vetus HYDRF24 painevesij\u00e4rjestelm\u00e4\"}]},{\"@type\":\"WebSite\",\"@id\":\"https:\\\/\\\/veneakselisto.com\\\/kauppa\\\/#website\",\"url\":\"https:\\\/\\\/veneakselisto.com\\\/kauppa\\\/\",\"name\":\"Veneakselisto.com - verkkokauppa\",\"description\":\"Venetarvikkeiden maahantuonti ja myynti\",\"publisher\":{\"@id\":\"https:\\\/\\\/veneakselisto.com\\\/kauppa\\\/#organization\"},\"potentialAction\":[{\"@type\":\"SearchAction\",\"target\":{\"@type\":\"EntryPoint\",\"urlTemplate\":\"https:\\\/\\\/veneakselisto.com\\\/kauppa\\\/?s={search_term_string}\"},\"query-input\":{\"@type\":\"PropertyValueSpecification\",\"valueRequired\":true,\"valueName\":\"search_term_string\"}}],\"inLanguage\":\"fi\"},{\"@type\":\"Organization\",\"@id\":\"https:\\\/\\\/veneakselisto.com\\\/kauppa\\\/#organization\",\"name\":\"Veneakselisto.com verkkokauppa\",\"url\":\"https:\\\/\\\/veneakselisto.com\\\/kauppa\\\/\",\"logo\":{\"@type\":\"ImageObject\",\"inLanguage\":\"fi\",\"@id\":\"https:\\\/\\\/veneakselisto.com\\\/kauppa\\\/#\\\/schema\\\/logo\\\/image\\\/\",\"url\":\"https:\\\/\\\/i2.wp.com\\\/veneakselisto.com\\\/kauppa\\\/wp-content\\\/uploads\\\/2016\\\/06\\\/fb_icon.jpg?fit=327%2C327&ssl=1\",\"contentUrl\":\"https:\\\/\\\/i2.wp.com\\\/veneakselisto.com\\\/kauppa\\\/wp-content\\\/uploads\\\/2016\\\/06\\\/fb_icon.jpg?fit=327%2C327&ssl=1\",\"width\":327,\"height\":327,\"caption\":\"Veneakselisto.com verkkokauppa\"},\"image\":{\"@id\":\"https:\\\/\\\/veneakselisto.com\\\/kauppa\\\/#\\\/schema\\\/logo\\\/image\\\/\"},\"sameAs\":[\"https:\\\/\\\/www.facebook.com\\\/AlaMikkula\\\/\"]}]}<\/script>\n<!-- \/ Yoast SEO plugin. -->","yoast_head_json":{"title":"Vetus HYDRF24 painevesij\u00e4rjestelm\u00e4 - Veneakselisto.com","description":"Vetus HYDRF24 painevesij\u00e4rjestelm\u00e4-Vetus painevesij\u00e4rjestelm\u00e4n toimittaa venetarvikkeiden erikoisliike-Veneakselisto-Venetarvikkeiden maahantuonti ja myynti.","robots":{"index":"index","follow":"follow","max-snippet":"max-snippet:-1","max-image-preview":"max-image-preview:large","max-video-preview":"max-video-preview:-1"},"canonical":"https:\/\/veneakselisto.com\/kauppa\/tuote\/vetus-hydrf24-painevesijarjestelma\/","og_locale":"fi_FI","og_type":"article","og_title":"Vetus HYDRF24 painevesij\u00e4rjestelm\u00e4 - Veneakselisto.com","og_description":"Vetus HYDRF24 painevesij\u00e4rjestelm\u00e4-Vetus painevesij\u00e4rjestelm\u00e4n toimittaa venetarvikkeiden erikoisliike-Veneakselisto-Venetarvikkeiden maahantuonti ja myynti.","og_url":"https:\/\/veneakselisto.com\/kauppa\/tuote\/vetus-hydrf24-painevesijarjestelma\/","og_site_name":"Veneakselisto.com - verkkokauppa","article_publisher":"https:\/\/www.facebook.com\/AlaMikkula\/","article_modified_time":"2024-08-31T21:22:35+00:00","og_image":[{"width":538,"height":550,"url":"https:\/\/veneakselisto.com\/kauppa\/wp-content\/uploads\/2022\/10\/HYDRF12-24.png","type":"image\/png"}],"twitter_card":"summary_large_image","twitter_misc":{"Arvioitu lukuaika":"2 minuuttia"},"schema":{"@context":"https:\/\/schema.org","@graph":[{"@type":"WebPage","@id":"https:\/\/veneakselisto.com\/kauppa\/tuote\/vetus-hydrf24-painevesijarjestelma\/","url":"https:\/\/veneakselisto.com\/kauppa\/tuote\/vetus-hydrf24-painevesijarjestelma\/","name":"Vetus HYDRF24 painevesij\u00e4rjestelm\u00e4 - Veneakselisto.com","isPartOf":{"@id":"https:\/\/veneakselisto.com\/kauppa\/#website"},"primaryImageOfPage":{"@id":"https:\/\/veneakselisto.com\/kauppa\/tuote\/vetus-hydrf24-painevesijarjestelma\/#primaryimage"},"image":{"@id":"https:\/\/veneakselisto.com\/kauppa\/tuote\/vetus-hydrf24-painevesijarjestelma\/#primaryimage"},"thumbnailUrl":"https:\/\/i0.wp.com\/veneakselisto.com\/kauppa\/wp-content\/uploads\/2022\/10\/HYDRF12-24.png?fit=538%2C550&ssl=1","datePublished":"2022-10-26T12:34:40+00:00","dateModified":"2024-08-31T21:22:35+00:00","description":"Vetus HYDRF24 painevesij\u00e4rjestelm\u00e4-Vetus painevesij\u00e4rjestelm\u00e4n toimittaa venetarvikkeiden erikoisliike-Veneakselisto-Venetarvikkeiden maahantuonti ja myynti.","breadcrumb":{"@id":"https:\/\/veneakselisto.com\/kauppa\/tuote\/vetus-hydrf24-painevesijarjestelma\/#breadcrumb"},"inLanguage":"fi","potentialAction":[{"@type":"ReadAction","target":["https:\/\/veneakselisto.com\/kauppa\/tuote\/vetus-hydrf24-painevesijarjestelma\/"]}]},{"@type":"ImageObject","inLanguage":"fi","@id":"https:\/\/veneakselisto.com\/kauppa\/tuote\/vetus-hydrf24-painevesijarjestelma\/#primaryimage","url":"https:\/\/i0.wp.com\/veneakselisto.com\/kauppa\/wp-content\/uploads\/2022\/10\/HYDRF12-24.png?fit=538%2C550&ssl=1","contentUrl":"https:\/\/i0.wp.com\/veneakselisto.com\/kauppa\/wp-content\/uploads\/2022\/10\/HYDRF12-24.png?fit=538%2C550&ssl=1","width":538,"height":550,"caption":"HYDRF-Vetus-Veneen-painevesij\u00e4rjestelm\u00e4-Veneakselisto.com"},{"@type":"BreadcrumbList","@id":"https:\/\/veneakselisto.com\/kauppa\/tuote\/vetus-hydrf24-painevesijarjestelma\/#breadcrumb","itemListElement":[{"@type":"ListItem","position":1,"name":"Etusivu","item":"https:\/\/veneakselisto.com\/kauppa\/"},{"@type":"ListItem","position":2,"name":"Kauppa","item":"https:\/\/veneakselisto.com\/kauppa\/"},{"@type":"ListItem","position":3,"name":"Vetus HYDRF24 painevesij\u00e4rjestelm\u00e4"}]},{"@type":"WebSite","@id":"https:\/\/veneakselisto.com\/kauppa\/#website","url":"https:\/\/veneakselisto.com\/kauppa\/","name":"Veneakselisto.com - verkkokauppa","description":"Venetarvikkeiden maahantuonti ja myynti","publisher":{"@id":"https:\/\/veneakselisto.com\/kauppa\/#organization"},"potentialAction":[{"@type":"SearchAction","target":{"@type":"EntryPoint","urlTemplate":"https:\/\/veneakselisto.com\/kauppa\/?s={search_term_string}"},"query-input":{"@type":"PropertyValueSpecification","valueRequired":true,"valueName":"search_term_string"}}],"inLanguage":"fi"},{"@type":"Organization","@id":"https:\/\/veneakselisto.com\/kauppa\/#organization","name":"Veneakselisto.com verkkokauppa","url":"https:\/\/veneakselisto.com\/kauppa\/","logo":{"@type":"ImageObject","inLanguage":"fi","@id":"https:\/\/veneakselisto.com\/kauppa\/#\/schema\/logo\/image\/","url":"https:\/\/i2.wp.com\/veneakselisto.com\/kauppa\/wp-content\/uploads\/2016\/06\/fb_icon.jpg?fit=327%2C327&ssl=1","contentUrl":"https:\/\/i2.wp.com\/veneakselisto.com\/kauppa\/wp-content\/uploads\/2016\/06\/fb_icon.jpg?fit=327%2C327&ssl=1","width":327,"height":327,"caption":"Veneakselisto.com verkkokauppa"},"image":{"@id":"https:\/\/veneakselisto.com\/kauppa\/#\/schema\/logo\/image\/"},"sameAs":["https:\/\/www.facebook.com\/AlaMikkula\/"]}]}},"jetpack_publicize_connections":[],"jetpack_sharing_enabled":true,"_links":{"self":[{"href":"https:\/\/veneakselisto.com\/kauppa\/wp-json\/wp\/v2\/product\/15225","targetHints":{"allow":["GET"]}}],"collection":[{"href":"https:\/\/veneakselisto.com\/kauppa\/wp-json\/wp\/v2\/product"}],"about":[{"href":"https:\/\/veneakselisto.com\/kauppa\/wp-json\/wp\/v2\/types\/product"}],"replies":[{"embeddable":true,"href":"https:\/\/veneakselisto.com\/kauppa\/wp-json\/wp\/v2\/comments?post=15225"}],"wp:featuredmedia":[{"embeddable":true,"href":"https:\/\/veneakselisto.com\/kauppa\/wp-json\/wp\/v2\/media\/15224"}],"wp:attachment":[{"href":"https:\/\/veneakselisto.com\/kauppa\/wp-json\/wp\/v2\/media?parent=15225"}],"wp:term":[{"taxonomy":"product_brand","embeddable":true,"href":"https:\/\/veneakselisto.com\/kauppa\/wp-json\/wp\/v2\/product_brand?post=15225"},{"taxonomy":"product_cat","embeddable":true,"href":"https:\/\/veneakselisto.com\/kauppa\/wp-json\/wp\/v2\/product_cat?post=15225"},{"taxonomy":"product_tag","embeddable":true,"href":"https:\/\/veneakselisto.com\/kauppa\/wp-json\/wp\/v2\/product_tag?post=15225"}],"curies":[{"name":"wp","href":"https:\/\/api.w.org\/{rel}","templated":true}]}}