{"id":15176,"date":"2022-10-25T15:54:46","date_gmt":"2022-10-25T12:54:46","guid":{"rendered":"https:\/\/veneakselisto.com\/kauppa\/?post_type=product&#038;p=15176"},"modified":"2026-03-12T10:07:12","modified_gmt":"2026-03-12T08:07:12","slug":"vetus-lamminvesivaraaja-100l","status":"publish","type":"product","link":"https:\/\/veneakselisto.com\/kauppa\/tuote\/vetus-lamminvesivaraaja-100l\/","title":{"rendered":"Vetus WHT L\u00e4mminvesivaraaja 100L"},"content":{"rendered":"<p>Vetus L\u00e4mminvesivaraaja 100L<\/p>\n<p>Parannetut tuplakierukalla varustetut WHT-l\u00e4mminvesivaraajat<br \/>\nN\u00e4iss\u00e4 l\u00e4mminvesivaraajissa on kaksi l\u00e4mmityskierukkaa veden l\u00e4mmitt\u00e4miseen, joista toinen voidaan liitt\u00e4\u00e4 moottoriin ja toinen veneen p\u00e4\u00e4l\u00e4mmitysj\u00e4rjestelm\u00e4\u00e4n.<br \/>\nKaikissa l\u00e4mminvesivaraajissamme on 1500 W:n l\u00e4mmitysvastus, kuusi 16 mmm:n liitint\u00e4 sek\u00e4 kuuden barin ylipaineventtiili.<\/p>\n<p>Koko 100L\/1500w<\/p>\n<p>Mitat:<\/p>\n<p>A Pituus=1052mm<\/p>\n<p>B Halkaisija=470mm<\/p>\n<p>L\u00e4mminvesivaraaja 100l<\/p>\n<p><span class=\"HwtZe\" lang=\"fi\"><span class=\"jCAhz ChMk0b\"><span class=\"ryNqvb\">T\u00e4m\u00e4 100 litran l\u00e4mminvesivaraaja toimitetaan ylim\u00e4\u00e4r\u00e4isell\u00e4 kierukalla, joten vesi voidaan l\u00e4mmitt\u00e4\u00e4 my\u00f6s aluksen l\u00e4mmitysj\u00e4rjestelm\u00e4ll\u00e4! Erinomainen my\u00f6s kaksimoottori asennuksissa!<\/span><\/span> <\/span><\/p>\n<p><span class=\"HwtZe\" lang=\"fi\"><span class=\"jCAhz ChMk0b\"><span class=\"ryNqvb\">VETUS-l\u00e4mminvesivaraajat hy\u00f6dynt\u00e4v\u00e4t moottorin ylim\u00e4\u00e4r\u00e4ist\u00e4 l\u00e4mp\u00f6\u00e4 tuottamaan kuumaa makeaa vett\u00e4.<\/span><\/span> VETUS-l\u00e4mminvesivaraajissa<span class=\"jCAhz ChMk0b\"><span class=\"ryNqvb\"> on my\u00f6s s\u00e4hk\u00f6inen l\u00e4mmityselementti k\u00e4ytett\u00e4v\u00e4ksi, kun moottori ei ole k\u00e4ynniss\u00e4.<\/span><\/span> <span class=\"jCAhz ChMk0b\"><span class=\"ryNqvb\">Kaikki VETUS-l\u00e4mminvesivaraajat sis\u00e4lt\u00e4v\u00e4t tukevat asennuskannattimet turvalliseen asennukseen ja t\u00e4ydellisen liit\u00e4nt\u00e4sarjan paineenalennusventtiilill\u00e4 sek\u00e4 1,5 kW:n l\u00e4mmitysvastuksen.<\/span><\/span> <span class=\"jCAhz ChMk0b\"><span class=\"ryNqvb\">Vetus-l\u00e4mminvesivaraajan sis\u00e4s\u00e4ili\u00f6 duplex ruostumatonta ter\u00e4st\u00e4 ja ulkos\u00e4ili\u00f6 ruostumatonta ter\u00e4st\u00e4 AISI 304 &#8211; eristykseen k\u00e4ytet\u00e4\u00e4n 35 mm polyuretaanivaahtoa, joka on viimeistelty kiilt\u00e4v\u00e4ll\u00e4 ruostumattomalla ter\u00e4ksisell\u00e4 ulkovaipalla.<\/span><\/span> <span class=\"jCAhz ChMk0b\"><span class=\"ryNqvb\">Vetus-l\u00e4mminvesivaraaja on varustettu 230 voltin 1500 watin l\u00e4mmitysvastuksella.<\/span><\/span><\/span><\/p>\n<p>MIKSI VETUS?<br \/>\nPuhdas makeavesi on tietenkin yksi perusedellytys mukavaan veneilyyn. Veneen makeavesij\u00e4rjestelm\u00e4n komponenttien<br \/>\nlaadulla on suuri merkitys siihen kuinka pitk\u00e4\u00e4n makeavesi pysyy veneess\u00e4 juomakelpoisena. Vetuksen laadukkaat tarvikkeet<br \/>\nmakeavesij\u00e4rjestelmiin takaavat ett\u00e4 vesi pysyy pitk\u00e4\u00e4n raikkaana ja terveellisen\u00e4.<br \/>\nMonta syyt\u00e4 valita VETUS<br \/>\n\u2022 Kaikki VETUS-makeavesis\u00e4ili\u00f6t on tehty korkealaatuisesta elintarvikemuovista joten ne eiv\u00e4t aiheuta makuhaittoja eiv\u00e4tk\u00e4<br \/>\n\u2022 luonnollisesti my\u00f6sk\u00e4\u00e4n ruostu<br \/>\n\u2022 Helppo s\u00e4ili\u00f6n puhdistus tarkistusluukun kautta<br \/>\n\u2022 Kaikki osat yhteensopivia ja helppoja asentaa<br \/>\n\u2022 Laadukkaat pehme\u00e4t s\u00e4ili\u00f6t voivat ratkaista hankalat tilaongelmat<br \/>\n\u2022 VETUS-l\u00e4mminvesivaraajien rakenne mahdollistaa jopa seitsem\u00e4n kertaa nopeamman l\u00e4mmityksen ja eritt\u00e4in pienen<br \/>\nl\u00e4mp\u00f6h\u00e4vi\u00f6n<\/p>\n","protected":false},"excerpt":{"rendered":"<p>Vetus L\u00e4mminvesivaraaja 100L<\/p>\n<p>Parannetut tuplakierukalla varustetut WHT-l\u00e4mminvesivaraajat<br \/>\nN\u00e4iss\u00e4 l\u00e4mminvesivaraajissa on kaksi l\u00e4mmityskierukkaa veden l\u00e4mmitt\u00e4miseen, joista toinen voidaan liitt\u00e4\u00e4 moottoriin ja toinen veneen p\u00e4\u00e4l\u00e4mmitysj\u00e4rjestelm\u00e4\u00e4n.<br \/>\nKaikissa l\u00e4mminvesivaraajissamme on 1500 W:n l\u00e4mmitysvastus, kuusi 16 mmm:n liitint\u00e4 sek\u00e4 kuuden barin ylipaineventtiili.<\/p>\n<p>Verkkokauppatuote. Toimitus 3-5pv normaalisti<\/p>\n","protected":false},"featured_media":15150,"comment_status":"open","ping_status":"closed","template":"","meta":{"jetpack_post_was_ever_published":false,"jetpack_publicize_message":"","jetpack_publicize_feature_enabled":true,"jetpack_social_post_already_shared":true,"jetpack_social_options":{"image_generator_settings":{"template":"highway","default_image_id":0,"font":"","enabled":false},"version":2}},"product_brand":[],"product_cat":[1281,1078,1283,476,470],"product_tag":[],"class_list":{"0":"post-15176","1":"product","2":"type-product","3":"status-publish","4":"has-post-thumbnail","6":"product_cat-lamminvesivaraaja_veneeseen_quick_vetus","7":"product_cat-vetus-makeavesijarjestelma-juomavesi","8":"product_cat-vetus_lamminvesivaraaja_veneeseen","9":"product_cat-vetus_vetus-venetarvikkeet_venetarvikeiden-maahantuonti-ja-myynti-vetus_vetus-venetarvikkeet_venetarvikeiden-maahantuonti-ja-myynti","10":"product_cat-vetus_vetus-venetarvikkeet_venetarvikeiden-maahantuonti-ja-myynti","11":"brand-vetus","13":"first","14":"onbackorder","15":"sale","16":"taxable","17":"shipping-taxable","18":"purchasable","19":"product-type-simple"},"yoast_head":"<!-- This site is optimized with the Yoast SEO plugin v27.3 - https:\/\/yoast.com\/product\/yoast-seo-wordpress\/ -->\n<title>Vetus L\u00e4mminvesivaraaja 100L - Veneakselisto.com<\/title>\n<meta name=\"description\" content=\"Vetus L\u00e4mminvesivaraaja 100L - Vetus L\u00e4mminvesivaraajat toimittaa venetarvikkeiden erikoisliike-Veneakselisto.com-Venetarvikkeiden maahantuonti ja myynti.\" \/>\n<meta name=\"robots\" content=\"index, follow, max-snippet:-1, max-image-preview:large, max-video-preview:-1\" \/>\n<link rel=\"canonical\" href=\"https:\/\/veneakselisto.com\/kauppa\/tuote\/vetus-lamminvesivaraaja-100l\/\" \/>\n<meta property=\"og:locale\" content=\"fi_FI\" \/>\n<meta property=\"og:type\" content=\"article\" \/>\n<meta property=\"og:title\" content=\"Vetus L\u00e4mminvesivaraaja 100L - Veneakselisto.com\" \/>\n<meta property=\"og:description\" content=\"Vetus L\u00e4mminvesivaraaja 100L - Vetus L\u00e4mminvesivaraajat toimittaa venetarvikkeiden erikoisliike-Veneakselisto.com-Venetarvikkeiden maahantuonti ja myynti.\" \/>\n<meta property=\"og:url\" content=\"https:\/\/veneakselisto.com\/kauppa\/tuote\/vetus-lamminvesivaraaja-100l\/\" \/>\n<meta property=\"og:site_name\" content=\"Veneakselisto.com - verkkokauppa\" \/>\n<meta property=\"article:publisher\" content=\"https:\/\/www.facebook.com\/AlaMikkula\/\" \/>\n<meta property=\"article:modified_time\" content=\"2026-03-12T08:07:12+00:00\" \/>\n<meta property=\"og:image\" content=\"https:\/\/veneakselisto.com\/kauppa\/wp-content\/uploads\/2022\/10\/Vetus-WHT-lamminvesivaraaja.png\" \/>\n\t<meta property=\"og:image:width\" content=\"500\" \/>\n\t<meta property=\"og:image:height\" content=\"500\" \/>\n\t<meta property=\"og:image:type\" content=\"image\/png\" \/>\n<meta name=\"twitter:card\" content=\"summary_large_image\" \/>\n<meta name=\"twitter:label1\" content=\"Arvioitu lukuaika\" \/>\n\t<meta name=\"twitter:data1\" content=\"2 minuuttia\" \/>\n<script type=\"application\/ld+json\" class=\"yoast-schema-graph\">{\"@context\":\"https:\\\/\\\/schema.org\",\"@graph\":[{\"@type\":\"WebPage\",\"@id\":\"https:\\\/\\\/veneakselisto.com\\\/kauppa\\\/tuote\\\/vetus-lamminvesivaraaja-100l\\\/\",\"url\":\"https:\\\/\\\/veneakselisto.com\\\/kauppa\\\/tuote\\\/vetus-lamminvesivaraaja-100l\\\/\",\"name\":\"Vetus L\u00e4mminvesivaraaja 100L - Veneakselisto.com\",\"isPartOf\":{\"@id\":\"https:\\\/\\\/veneakselisto.com\\\/kauppa\\\/#website\"},\"primaryImageOfPage\":{\"@id\":\"https:\\\/\\\/veneakselisto.com\\\/kauppa\\\/tuote\\\/vetus-lamminvesivaraaja-100l\\\/#primaryimage\"},\"image\":{\"@id\":\"https:\\\/\\\/veneakselisto.com\\\/kauppa\\\/tuote\\\/vetus-lamminvesivaraaja-100l\\\/#primaryimage\"},\"thumbnailUrl\":\"https:\\\/\\\/i0.wp.com\\\/veneakselisto.com\\\/kauppa\\\/wp-content\\\/uploads\\\/2022\\\/10\\\/Vetus-WHT-lamminvesivaraaja.png?fit=500%2C500&ssl=1\",\"datePublished\":\"2022-10-25T12:54:46+00:00\",\"dateModified\":\"2026-03-12T08:07:12+00:00\",\"description\":\"Vetus L\u00e4mminvesivaraaja 100L - Vetus L\u00e4mminvesivaraajat toimittaa venetarvikkeiden erikoisliike-Veneakselisto.com-Venetarvikkeiden maahantuonti ja myynti.\",\"breadcrumb\":{\"@id\":\"https:\\\/\\\/veneakselisto.com\\\/kauppa\\\/tuote\\\/vetus-lamminvesivaraaja-100l\\\/#breadcrumb\"},\"inLanguage\":\"fi\",\"potentialAction\":[{\"@type\":\"ReadAction\",\"target\":[\"https:\\\/\\\/veneakselisto.com\\\/kauppa\\\/tuote\\\/vetus-lamminvesivaraaja-100l\\\/\"]}]},{\"@type\":\"ImageObject\",\"inLanguage\":\"fi\",\"@id\":\"https:\\\/\\\/veneakselisto.com\\\/kauppa\\\/tuote\\\/vetus-lamminvesivaraaja-100l\\\/#primaryimage\",\"url\":\"https:\\\/\\\/i0.wp.com\\\/veneakselisto.com\\\/kauppa\\\/wp-content\\\/uploads\\\/2022\\\/10\\\/Vetus-WHT-lamminvesivaraaja.png?fit=500%2C500&ssl=1\",\"contentUrl\":\"https:\\\/\\\/i0.wp.com\\\/veneakselisto.com\\\/kauppa\\\/wp-content\\\/uploads\\\/2022\\\/10\\\/Vetus-WHT-lamminvesivaraaja.png?fit=500%2C500&ssl=1\",\"width\":500,\"height\":500,\"caption\":\"Vetus-l\u00e4mminvesivaraaja-Venetarvikkeiden maahantuonti ja myynti. Veneakselisto.com\"},{\"@type\":\"BreadcrumbList\",\"@id\":\"https:\\\/\\\/veneakselisto.com\\\/kauppa\\\/tuote\\\/vetus-lamminvesivaraaja-100l\\\/#breadcrumb\",\"itemListElement\":[{\"@type\":\"ListItem\",\"position\":1,\"name\":\"Etusivu\",\"item\":\"https:\\\/\\\/veneakselisto.com\\\/kauppa\\\/\"},{\"@type\":\"ListItem\",\"position\":2,\"name\":\"Kauppa\",\"item\":\"https:\\\/\\\/veneakselisto.com\\\/kauppa\\\/\"},{\"@type\":\"ListItem\",\"position\":3,\"name\":\"Vetus WHT L\u00e4mminvesivaraaja 100L\"}]},{\"@type\":\"WebSite\",\"@id\":\"https:\\\/\\\/veneakselisto.com\\\/kauppa\\\/#website\",\"url\":\"https:\\\/\\\/veneakselisto.com\\\/kauppa\\\/\",\"name\":\"Veneakselisto.com - verkkokauppa\",\"description\":\"Venetarvikkeiden maahantuonti ja myynti\",\"publisher\":{\"@id\":\"https:\\\/\\\/veneakselisto.com\\\/kauppa\\\/#organization\"},\"potentialAction\":[{\"@type\":\"SearchAction\",\"target\":{\"@type\":\"EntryPoint\",\"urlTemplate\":\"https:\\\/\\\/veneakselisto.com\\\/kauppa\\\/?s={search_term_string}\"},\"query-input\":{\"@type\":\"PropertyValueSpecification\",\"valueRequired\":true,\"valueName\":\"search_term_string\"}}],\"inLanguage\":\"fi\"},{\"@type\":\"Organization\",\"@id\":\"https:\\\/\\\/veneakselisto.com\\\/kauppa\\\/#organization\",\"name\":\"Veneakselisto.com verkkokauppa\",\"url\":\"https:\\\/\\\/veneakselisto.com\\\/kauppa\\\/\",\"logo\":{\"@type\":\"ImageObject\",\"inLanguage\":\"fi\",\"@id\":\"https:\\\/\\\/veneakselisto.com\\\/kauppa\\\/#\\\/schema\\\/logo\\\/image\\\/\",\"url\":\"https:\\\/\\\/i2.wp.com\\\/veneakselisto.com\\\/kauppa\\\/wp-content\\\/uploads\\\/2016\\\/06\\\/fb_icon.jpg?fit=327%2C327&ssl=1\",\"contentUrl\":\"https:\\\/\\\/i2.wp.com\\\/veneakselisto.com\\\/kauppa\\\/wp-content\\\/uploads\\\/2016\\\/06\\\/fb_icon.jpg?fit=327%2C327&ssl=1\",\"width\":327,\"height\":327,\"caption\":\"Veneakselisto.com verkkokauppa\"},\"image\":{\"@id\":\"https:\\\/\\\/veneakselisto.com\\\/kauppa\\\/#\\\/schema\\\/logo\\\/image\\\/\"},\"sameAs\":[\"https:\\\/\\\/www.facebook.com\\\/AlaMikkula\\\/\"]}]}<\/script>\n<!-- \/ Yoast SEO plugin. -->","yoast_head_json":{"title":"Vetus L\u00e4mminvesivaraaja 100L - Veneakselisto.com","description":"Vetus L\u00e4mminvesivaraaja 100L - Vetus L\u00e4mminvesivaraajat toimittaa venetarvikkeiden erikoisliike-Veneakselisto.com-Venetarvikkeiden maahantuonti ja myynti.","robots":{"index":"index","follow":"follow","max-snippet":"max-snippet:-1","max-image-preview":"max-image-preview:large","max-video-preview":"max-video-preview:-1"},"canonical":"https:\/\/veneakselisto.com\/kauppa\/tuote\/vetus-lamminvesivaraaja-100l\/","og_locale":"fi_FI","og_type":"article","og_title":"Vetus L\u00e4mminvesivaraaja 100L - Veneakselisto.com","og_description":"Vetus L\u00e4mminvesivaraaja 100L - Vetus L\u00e4mminvesivaraajat toimittaa venetarvikkeiden erikoisliike-Veneakselisto.com-Venetarvikkeiden maahantuonti ja myynti.","og_url":"https:\/\/veneakselisto.com\/kauppa\/tuote\/vetus-lamminvesivaraaja-100l\/","og_site_name":"Veneakselisto.com - verkkokauppa","article_publisher":"https:\/\/www.facebook.com\/AlaMikkula\/","article_modified_time":"2026-03-12T08:07:12+00:00","og_image":[{"width":500,"height":500,"url":"https:\/\/veneakselisto.com\/kauppa\/wp-content\/uploads\/2022\/10\/Vetus-WHT-lamminvesivaraaja.png","type":"image\/png"}],"twitter_card":"summary_large_image","twitter_misc":{"Arvioitu lukuaika":"2 minuuttia"},"schema":{"@context":"https:\/\/schema.org","@graph":[{"@type":"WebPage","@id":"https:\/\/veneakselisto.com\/kauppa\/tuote\/vetus-lamminvesivaraaja-100l\/","url":"https:\/\/veneakselisto.com\/kauppa\/tuote\/vetus-lamminvesivaraaja-100l\/","name":"Vetus L\u00e4mminvesivaraaja 100L - Veneakselisto.com","isPartOf":{"@id":"https:\/\/veneakselisto.com\/kauppa\/#website"},"primaryImageOfPage":{"@id":"https:\/\/veneakselisto.com\/kauppa\/tuote\/vetus-lamminvesivaraaja-100l\/#primaryimage"},"image":{"@id":"https:\/\/veneakselisto.com\/kauppa\/tuote\/vetus-lamminvesivaraaja-100l\/#primaryimage"},"thumbnailUrl":"https:\/\/i0.wp.com\/veneakselisto.com\/kauppa\/wp-content\/uploads\/2022\/10\/Vetus-WHT-lamminvesivaraaja.png?fit=500%2C500&ssl=1","datePublished":"2022-10-25T12:54:46+00:00","dateModified":"2026-03-12T08:07:12+00:00","description":"Vetus L\u00e4mminvesivaraaja 100L - Vetus L\u00e4mminvesivaraajat toimittaa venetarvikkeiden erikoisliike-Veneakselisto.com-Venetarvikkeiden maahantuonti ja myynti.","breadcrumb":{"@id":"https:\/\/veneakselisto.com\/kauppa\/tuote\/vetus-lamminvesivaraaja-100l\/#breadcrumb"},"inLanguage":"fi","potentialAction":[{"@type":"ReadAction","target":["https:\/\/veneakselisto.com\/kauppa\/tuote\/vetus-lamminvesivaraaja-100l\/"]}]},{"@type":"ImageObject","inLanguage":"fi","@id":"https:\/\/veneakselisto.com\/kauppa\/tuote\/vetus-lamminvesivaraaja-100l\/#primaryimage","url":"https:\/\/i0.wp.com\/veneakselisto.com\/kauppa\/wp-content\/uploads\/2022\/10\/Vetus-WHT-lamminvesivaraaja.png?fit=500%2C500&ssl=1","contentUrl":"https:\/\/i0.wp.com\/veneakselisto.com\/kauppa\/wp-content\/uploads\/2022\/10\/Vetus-WHT-lamminvesivaraaja.png?fit=500%2C500&ssl=1","width":500,"height":500,"caption":"Vetus-l\u00e4mminvesivaraaja-Venetarvikkeiden maahantuonti ja myynti. Veneakselisto.com"},{"@type":"BreadcrumbList","@id":"https:\/\/veneakselisto.com\/kauppa\/tuote\/vetus-lamminvesivaraaja-100l\/#breadcrumb","itemListElement":[{"@type":"ListItem","position":1,"name":"Etusivu","item":"https:\/\/veneakselisto.com\/kauppa\/"},{"@type":"ListItem","position":2,"name":"Kauppa","item":"https:\/\/veneakselisto.com\/kauppa\/"},{"@type":"ListItem","position":3,"name":"Vetus WHT L\u00e4mminvesivaraaja 100L"}]},{"@type":"WebSite","@id":"https:\/\/veneakselisto.com\/kauppa\/#website","url":"https:\/\/veneakselisto.com\/kauppa\/","name":"Veneakselisto.com - verkkokauppa","description":"Venetarvikkeiden maahantuonti ja myynti","publisher":{"@id":"https:\/\/veneakselisto.com\/kauppa\/#organization"},"potentialAction":[{"@type":"SearchAction","target":{"@type":"EntryPoint","urlTemplate":"https:\/\/veneakselisto.com\/kauppa\/?s={search_term_string}"},"query-input":{"@type":"PropertyValueSpecification","valueRequired":true,"valueName":"search_term_string"}}],"inLanguage":"fi"},{"@type":"Organization","@id":"https:\/\/veneakselisto.com\/kauppa\/#organization","name":"Veneakselisto.com verkkokauppa","url":"https:\/\/veneakselisto.com\/kauppa\/","logo":{"@type":"ImageObject","inLanguage":"fi","@id":"https:\/\/veneakselisto.com\/kauppa\/#\/schema\/logo\/image\/","url":"https:\/\/i2.wp.com\/veneakselisto.com\/kauppa\/wp-content\/uploads\/2016\/06\/fb_icon.jpg?fit=327%2C327&ssl=1","contentUrl":"https:\/\/i2.wp.com\/veneakselisto.com\/kauppa\/wp-content\/uploads\/2016\/06\/fb_icon.jpg?fit=327%2C327&ssl=1","width":327,"height":327,"caption":"Veneakselisto.com verkkokauppa"},"image":{"@id":"https:\/\/veneakselisto.com\/kauppa\/#\/schema\/logo\/image\/"},"sameAs":["https:\/\/www.facebook.com\/AlaMikkula\/"]}]}},"jetpack_publicize_connections":[],"jetpack_sharing_enabled":true,"_links":{"self":[{"href":"https:\/\/veneakselisto.com\/kauppa\/wp-json\/wp\/v2\/product\/15176","targetHints":{"allow":["GET"]}}],"collection":[{"href":"https:\/\/veneakselisto.com\/kauppa\/wp-json\/wp\/v2\/product"}],"about":[{"href":"https:\/\/veneakselisto.com\/kauppa\/wp-json\/wp\/v2\/types\/product"}],"replies":[{"embeddable":true,"href":"https:\/\/veneakselisto.com\/kauppa\/wp-json\/wp\/v2\/comments?post=15176"}],"wp:featuredmedia":[{"embeddable":true,"href":"https:\/\/veneakselisto.com\/kauppa\/wp-json\/wp\/v2\/media\/15150"}],"wp:attachment":[{"href":"https:\/\/veneakselisto.com\/kauppa\/wp-json\/wp\/v2\/media?parent=15176"}],"wp:term":[{"taxonomy":"product_brand","embeddable":true,"href":"https:\/\/veneakselisto.com\/kauppa\/wp-json\/wp\/v2\/product_brand?post=15176"},{"taxonomy":"product_cat","embeddable":true,"href":"https:\/\/veneakselisto.com\/kauppa\/wp-json\/wp\/v2\/product_cat?post=15176"},{"taxonomy":"product_tag","embeddable":true,"href":"https:\/\/veneakselisto.com\/kauppa\/wp-json\/wp\/v2\/product_tag?post=15176"}],"curies":[{"name":"wp","href":"https:\/\/api.w.org\/{rel}","templated":true}]}}