{"id":15171,"date":"2022-10-25T15:39:16","date_gmt":"2022-10-25T12:39:16","guid":{"rendered":"https:\/\/veneakselisto.com\/kauppa\/?post_type=product&#038;p=15171"},"modified":"2026-03-12T10:07:13","modified_gmt":"2026-03-12T08:07:13","slug":"termostaatti-vetus-lamminvesivaraajille","status":"publish","type":"product","link":"https:\/\/veneakselisto.com\/kauppa\/tuote\/termostaatti-vetus-lamminvesivaraajille\/","title":{"rendered":"Termostaatti Vetus L\u00e4mminvesivaraajille"},"content":{"rendered":"<p>Termostaatti Vetus L\u00e4mminvesivaraajille<\/p>\n<p>Termostaatti l\u00e4mminvesivaraajille<\/p>\n<p>Veneiss\u00e4 moottorin j\u00e4\u00e4hdytysnesteell\u00e4 l\u00e4mmitett\u00e4v\u00e4t l\u00e4mminvesivaraajat tuottavat<br \/>\nkuumaa vett\u00e4, jonka l\u00e4mp\u00f6tila voi nousta jopa yli 90 \u00baC. Kuuma vesi voi aiheuttaa<br \/>\npalovammoja, ja voi vied\u00e4 kauankin ennen kuin hanasta tuleva vesi tuntuu sopivalta.<br \/>\nL\u00e4mmitetty\u00e4 vett\u00e4 kuluu siis turhaan.<br \/>\nTermostaatilla v\u00e4ltyt\u00e4\u00e4n liian kuumalta vedelt\u00e4 ja sopiva l\u00e4mp\u00f6tila on helppo s\u00e4\u00e4t\u00e4\u00e4.<br \/>\nKuumaa vett\u00e4 ei siis kulu hukkaan ja veden l\u00e4mp\u00f6tila hanassa pysyy tasaisena.<br \/>\nTermostaatissa on G\u00bd kierteitys. L\u00e4mp\u00f6tila portaattomasti s\u00e4\u00e4dett\u00e4viss\u00e4 v\u00e4lill\u00e4 30\u00ba-70\u00baC.<\/p>\n<p>MIKSI VETUS?<br \/>\nPuhdas makeavesi on tietenkin yksi perusedellytys mukavaan veneilyyn. Veneen makeavesij\u00e4rjestelm\u00e4n komponenttien<br \/>\nlaadulla on suuri merkitys siihen kuinka pitk\u00e4\u00e4n makeavesi pysyy veneess\u00e4 juomakelpoisena. Vetuksen laadukkaat tarvikkeet<br \/>\nmakeavesij\u00e4rjestelmiin takaavat ett\u00e4 vesi pysyy pitk\u00e4\u00e4n raikkaana ja terveellisen\u00e4.<br \/>\nMonta syyt\u00e4 valita VETUS<br \/>\n\u2022 Kaikki VETUS-makeavesis\u00e4ili\u00f6t on tehty korkealaatuisesta elintarvikemuovista joten ne eiv\u00e4t aiheuta makuhaittoja eiv\u00e4tk\u00e4<br \/>\n\u2022 luonnollisesti my\u00f6sk\u00e4\u00e4n ruostu<br \/>\n\u2022 Helppo s\u00e4ili\u00f6n puhdistus tarkistusluukun kautta<br \/>\n\u2022 Kaikki osat yhteensopivia ja helppoja asentaa<br \/>\n\u2022 Laadukkaat pehme\u00e4t s\u00e4ili\u00f6t voivat ratkaista hankalat tilaongelmat<br \/>\n\u2022 VETUS-l\u00e4mminvesivaraajien rakenne mahdollistaa jopa seitsem\u00e4n kertaa nopeamman l\u00e4mmityksen ja eritt\u00e4in pienen<br \/>\nl\u00e4mp\u00f6h\u00e4vi\u00f6n<\/p>\n<p>&nbsp;<\/p>\n","protected":false},"excerpt":{"rendered":"<p>Termostaatti Vetus L\u00e4mminvesivaraajille<\/p>\n<p>Termostaatti l\u00e4mminvesivaraajille<\/p>\n<p>Veneiss\u00e4 moottorin j\u00e4\u00e4hdytysnesteell\u00e4 l\u00e4mmitett\u00e4v\u00e4t l\u00e4mminvesivaraajat tuottavat<br \/>\nkuumaa vett\u00e4, jonka l\u00e4mp\u00f6tila voi nousta jopa yli 90 \u00baC. Kuuma vesi voi aiheuttaa<br \/>\npalovammoja, ja voi vied\u00e4 kauankin ennen kuin hanasta tuleva vesi tuntuu sopivalta.<br \/>\nL\u00e4mmitetty\u00e4 vett\u00e4 kuluu siis turhaan.<br \/>\nTermostaatilla v\u00e4ltyt\u00e4\u00e4n liian kuumalta vedelt\u00e4 ja sopiva l\u00e4mp\u00f6tila on helppo s\u00e4\u00e4t\u00e4\u00e4.<br \/>\nKuumaa vett\u00e4 ei siis kulu hukkaan ja veden l\u00e4mp\u00f6tila hanassa pysyy tasaisena.<br \/>\nTermostaatissa on G\u00bd kierteitys. L\u00e4mp\u00f6tila portaattomasti s\u00e4\u00e4dett\u00e4viss\u00e4 v\u00e4lill\u00e4 30\u00ba-70\u00baC.<\/p>\n<p>Verkkokauppatuote. Toimitus 3-5pv normaalisti<\/p>\n","protected":false},"featured_media":15172,"comment_status":"open","ping_status":"closed","template":"","meta":{"jetpack_post_was_ever_published":false,"jetpack_publicize_message":"","jetpack_publicize_feature_enabled":true,"jetpack_social_post_already_shared":true,"jetpack_social_options":{"image_generator_settings":{"template":"highway","default_image_id":0,"font":"","enabled":false},"version":2}},"product_brand":[],"product_cat":[1281,1078,1283,476,470],"product_tag":[],"class_list":{"0":"post-15171","1":"product","2":"type-product","3":"status-publish","4":"has-post-thumbnail","6":"product_cat-lamminvesivaraaja_veneeseen_quick_vetus","7":"product_cat-vetus-makeavesijarjestelma-juomavesi","8":"product_cat-vetus_lamminvesivaraaja_veneeseen","9":"product_cat-vetus_vetus-venetarvikkeet_venetarvikeiden-maahantuonti-ja-myynti-vetus_vetus-venetarvikkeet_venetarvikeiden-maahantuonti-ja-myynti","10":"product_cat-vetus_vetus-venetarvikkeet_venetarvikeiden-maahantuonti-ja-myynti","11":"brand-vetus","13":"first","14":"onbackorder","15":"sale","16":"taxable","17":"shipping-taxable","18":"purchasable","19":"product-type-simple"},"yoast_head":"<!-- This site is optimized with the Yoast SEO plugin v27.3 - https:\/\/yoast.com\/product\/yoast-seo-wordpress\/ -->\n<title>Termostaatti Vetus L\u00e4mminvesivaraajille - Veneakselisto.com<\/title>\n<meta name=\"description\" content=\"Termostaatti Vetus L\u00e4mminvesivaraajille-Vetus L\u00e4mminvesivaraajat toimittaa venetarvikkeiden erikoisliike-Veneakselisto.com-Venetarvikkeiden maahantuonti ja myynti.\" \/>\n<meta name=\"robots\" content=\"index, follow, max-snippet:-1, max-image-preview:large, max-video-preview:-1\" \/>\n<link rel=\"canonical\" href=\"https:\/\/veneakselisto.com\/kauppa\/tuote\/termostaatti-vetus-lamminvesivaraajille\/\" \/>\n<meta property=\"og:locale\" content=\"fi_FI\" \/>\n<meta property=\"og:type\" content=\"article\" \/>\n<meta property=\"og:title\" content=\"Termostaatti Vetus L\u00e4mminvesivaraajille - Veneakselisto.com\" \/>\n<meta property=\"og:description\" content=\"Termostaatti Vetus L\u00e4mminvesivaraajille-Vetus L\u00e4mminvesivaraajat toimittaa venetarvikkeiden erikoisliike-Veneakselisto.com-Venetarvikkeiden maahantuonti ja myynti.\" \/>\n<meta property=\"og:url\" content=\"https:\/\/veneakselisto.com\/kauppa\/tuote\/termostaatti-vetus-lamminvesivaraajille\/\" \/>\n<meta property=\"og:site_name\" content=\"Veneakselisto.com - verkkokauppa\" \/>\n<meta property=\"article:publisher\" content=\"https:\/\/www.facebook.com\/AlaMikkula\/\" \/>\n<meta property=\"article:modified_time\" content=\"2026-03-12T08:07:13+00:00\" \/>\n<meta property=\"og:image\" content=\"https:\/\/veneakselisto.com\/kauppa\/wp-content\/uploads\/2022\/10\/WHMIXER.png\" \/>\n\t<meta property=\"og:image:width\" content=\"500\" \/>\n\t<meta property=\"og:image:height\" content=\"500\" \/>\n\t<meta property=\"og:image:type\" content=\"image\/png\" \/>\n<meta name=\"twitter:card\" content=\"summary_large_image\" \/>\n<meta name=\"twitter:label1\" content=\"Arvioitu lukuaika\" \/>\n\t<meta name=\"twitter:data1\" content=\"2 minuuttia\" \/>\n<script type=\"application\/ld+json\" class=\"yoast-schema-graph\">{\"@context\":\"https:\\\/\\\/schema.org\",\"@graph\":[{\"@type\":\"WebPage\",\"@id\":\"https:\\\/\\\/veneakselisto.com\\\/kauppa\\\/tuote\\\/termostaatti-vetus-lamminvesivaraajille\\\/\",\"url\":\"https:\\\/\\\/veneakselisto.com\\\/kauppa\\\/tuote\\\/termostaatti-vetus-lamminvesivaraajille\\\/\",\"name\":\"Termostaatti Vetus L\u00e4mminvesivaraajille - Veneakselisto.com\",\"isPartOf\":{\"@id\":\"https:\\\/\\\/veneakselisto.com\\\/kauppa\\\/#website\"},\"primaryImageOfPage\":{\"@id\":\"https:\\\/\\\/veneakselisto.com\\\/kauppa\\\/tuote\\\/termostaatti-vetus-lamminvesivaraajille\\\/#primaryimage\"},\"image\":{\"@id\":\"https:\\\/\\\/veneakselisto.com\\\/kauppa\\\/tuote\\\/termostaatti-vetus-lamminvesivaraajille\\\/#primaryimage\"},\"thumbnailUrl\":\"https:\\\/\\\/i0.wp.com\\\/veneakselisto.com\\\/kauppa\\\/wp-content\\\/uploads\\\/2022\\\/10\\\/WHMIXER.png?fit=500%2C500&ssl=1\",\"datePublished\":\"2022-10-25T12:39:16+00:00\",\"dateModified\":\"2026-03-12T08:07:13+00:00\",\"description\":\"Termostaatti Vetus L\u00e4mminvesivaraajille-Vetus L\u00e4mminvesivaraajat toimittaa venetarvikkeiden erikoisliike-Veneakselisto.com-Venetarvikkeiden maahantuonti ja myynti.\",\"breadcrumb\":{\"@id\":\"https:\\\/\\\/veneakselisto.com\\\/kauppa\\\/tuote\\\/termostaatti-vetus-lamminvesivaraajille\\\/#breadcrumb\"},\"inLanguage\":\"fi\",\"potentialAction\":[{\"@type\":\"ReadAction\",\"target\":[\"https:\\\/\\\/veneakselisto.com\\\/kauppa\\\/tuote\\\/termostaatti-vetus-lamminvesivaraajille\\\/\"]}]},{\"@type\":\"ImageObject\",\"inLanguage\":\"fi\",\"@id\":\"https:\\\/\\\/veneakselisto.com\\\/kauppa\\\/tuote\\\/termostaatti-vetus-lamminvesivaraajille\\\/#primaryimage\",\"url\":\"https:\\\/\\\/i0.wp.com\\\/veneakselisto.com\\\/kauppa\\\/wp-content\\\/uploads\\\/2022\\\/10\\\/WHMIXER.png?fit=500%2C500&ssl=1\",\"contentUrl\":\"https:\\\/\\\/i0.wp.com\\\/veneakselisto.com\\\/kauppa\\\/wp-content\\\/uploads\\\/2022\\\/10\\\/WHMIXER.png?fit=500%2C500&ssl=1\",\"width\":500,\"height\":500,\"caption\":\"Termostaatti Vetus l\u00e4mminvesivaraajalle-Veneakselisto.com\"},{\"@type\":\"BreadcrumbList\",\"@id\":\"https:\\\/\\\/veneakselisto.com\\\/kauppa\\\/tuote\\\/termostaatti-vetus-lamminvesivaraajille\\\/#breadcrumb\",\"itemListElement\":[{\"@type\":\"ListItem\",\"position\":1,\"name\":\"Etusivu\",\"item\":\"https:\\\/\\\/veneakselisto.com\\\/kauppa\\\/\"},{\"@type\":\"ListItem\",\"position\":2,\"name\":\"Kauppa\",\"item\":\"https:\\\/\\\/veneakselisto.com\\\/kauppa\\\/\"},{\"@type\":\"ListItem\",\"position\":3,\"name\":\"Termostaatti Vetus L\u00e4mminvesivaraajille\"}]},{\"@type\":\"WebSite\",\"@id\":\"https:\\\/\\\/veneakselisto.com\\\/kauppa\\\/#website\",\"url\":\"https:\\\/\\\/veneakselisto.com\\\/kauppa\\\/\",\"name\":\"Veneakselisto.com - verkkokauppa\",\"description\":\"Venetarvikkeiden maahantuonti ja myynti\",\"publisher\":{\"@id\":\"https:\\\/\\\/veneakselisto.com\\\/kauppa\\\/#organization\"},\"potentialAction\":[{\"@type\":\"SearchAction\",\"target\":{\"@type\":\"EntryPoint\",\"urlTemplate\":\"https:\\\/\\\/veneakselisto.com\\\/kauppa\\\/?s={search_term_string}\"},\"query-input\":{\"@type\":\"PropertyValueSpecification\",\"valueRequired\":true,\"valueName\":\"search_term_string\"}}],\"inLanguage\":\"fi\"},{\"@type\":\"Organization\",\"@id\":\"https:\\\/\\\/veneakselisto.com\\\/kauppa\\\/#organization\",\"name\":\"Veneakselisto.com verkkokauppa\",\"url\":\"https:\\\/\\\/veneakselisto.com\\\/kauppa\\\/\",\"logo\":{\"@type\":\"ImageObject\",\"inLanguage\":\"fi\",\"@id\":\"https:\\\/\\\/veneakselisto.com\\\/kauppa\\\/#\\\/schema\\\/logo\\\/image\\\/\",\"url\":\"https:\\\/\\\/i2.wp.com\\\/veneakselisto.com\\\/kauppa\\\/wp-content\\\/uploads\\\/2016\\\/06\\\/fb_icon.jpg?fit=327%2C327&ssl=1\",\"contentUrl\":\"https:\\\/\\\/i2.wp.com\\\/veneakselisto.com\\\/kauppa\\\/wp-content\\\/uploads\\\/2016\\\/06\\\/fb_icon.jpg?fit=327%2C327&ssl=1\",\"width\":327,\"height\":327,\"caption\":\"Veneakselisto.com verkkokauppa\"},\"image\":{\"@id\":\"https:\\\/\\\/veneakselisto.com\\\/kauppa\\\/#\\\/schema\\\/logo\\\/image\\\/\"},\"sameAs\":[\"https:\\\/\\\/www.facebook.com\\\/AlaMikkula\\\/\"]}]}<\/script>\n<!-- \/ Yoast SEO plugin. -->","yoast_head_json":{"title":"Termostaatti Vetus L\u00e4mminvesivaraajille - Veneakselisto.com","description":"Termostaatti Vetus L\u00e4mminvesivaraajille-Vetus L\u00e4mminvesivaraajat toimittaa venetarvikkeiden erikoisliike-Veneakselisto.com-Venetarvikkeiden maahantuonti ja myynti.","robots":{"index":"index","follow":"follow","max-snippet":"max-snippet:-1","max-image-preview":"max-image-preview:large","max-video-preview":"max-video-preview:-1"},"canonical":"https:\/\/veneakselisto.com\/kauppa\/tuote\/termostaatti-vetus-lamminvesivaraajille\/","og_locale":"fi_FI","og_type":"article","og_title":"Termostaatti Vetus L\u00e4mminvesivaraajille - Veneakselisto.com","og_description":"Termostaatti Vetus L\u00e4mminvesivaraajille-Vetus L\u00e4mminvesivaraajat toimittaa venetarvikkeiden erikoisliike-Veneakselisto.com-Venetarvikkeiden maahantuonti ja myynti.","og_url":"https:\/\/veneakselisto.com\/kauppa\/tuote\/termostaatti-vetus-lamminvesivaraajille\/","og_site_name":"Veneakselisto.com - verkkokauppa","article_publisher":"https:\/\/www.facebook.com\/AlaMikkula\/","article_modified_time":"2026-03-12T08:07:13+00:00","og_image":[{"width":500,"height":500,"url":"https:\/\/veneakselisto.com\/kauppa\/wp-content\/uploads\/2022\/10\/WHMIXER.png","type":"image\/png"}],"twitter_card":"summary_large_image","twitter_misc":{"Arvioitu lukuaika":"2 minuuttia"},"schema":{"@context":"https:\/\/schema.org","@graph":[{"@type":"WebPage","@id":"https:\/\/veneakselisto.com\/kauppa\/tuote\/termostaatti-vetus-lamminvesivaraajille\/","url":"https:\/\/veneakselisto.com\/kauppa\/tuote\/termostaatti-vetus-lamminvesivaraajille\/","name":"Termostaatti Vetus L\u00e4mminvesivaraajille - Veneakselisto.com","isPartOf":{"@id":"https:\/\/veneakselisto.com\/kauppa\/#website"},"primaryImageOfPage":{"@id":"https:\/\/veneakselisto.com\/kauppa\/tuote\/termostaatti-vetus-lamminvesivaraajille\/#primaryimage"},"image":{"@id":"https:\/\/veneakselisto.com\/kauppa\/tuote\/termostaatti-vetus-lamminvesivaraajille\/#primaryimage"},"thumbnailUrl":"https:\/\/i0.wp.com\/veneakselisto.com\/kauppa\/wp-content\/uploads\/2022\/10\/WHMIXER.png?fit=500%2C500&ssl=1","datePublished":"2022-10-25T12:39:16+00:00","dateModified":"2026-03-12T08:07:13+00:00","description":"Termostaatti Vetus L\u00e4mminvesivaraajille-Vetus L\u00e4mminvesivaraajat toimittaa venetarvikkeiden erikoisliike-Veneakselisto.com-Venetarvikkeiden maahantuonti ja myynti.","breadcrumb":{"@id":"https:\/\/veneakselisto.com\/kauppa\/tuote\/termostaatti-vetus-lamminvesivaraajille\/#breadcrumb"},"inLanguage":"fi","potentialAction":[{"@type":"ReadAction","target":["https:\/\/veneakselisto.com\/kauppa\/tuote\/termostaatti-vetus-lamminvesivaraajille\/"]}]},{"@type":"ImageObject","inLanguage":"fi","@id":"https:\/\/veneakselisto.com\/kauppa\/tuote\/termostaatti-vetus-lamminvesivaraajille\/#primaryimage","url":"https:\/\/i0.wp.com\/veneakselisto.com\/kauppa\/wp-content\/uploads\/2022\/10\/WHMIXER.png?fit=500%2C500&ssl=1","contentUrl":"https:\/\/i0.wp.com\/veneakselisto.com\/kauppa\/wp-content\/uploads\/2022\/10\/WHMIXER.png?fit=500%2C500&ssl=1","width":500,"height":500,"caption":"Termostaatti Vetus l\u00e4mminvesivaraajalle-Veneakselisto.com"},{"@type":"BreadcrumbList","@id":"https:\/\/veneakselisto.com\/kauppa\/tuote\/termostaatti-vetus-lamminvesivaraajille\/#breadcrumb","itemListElement":[{"@type":"ListItem","position":1,"name":"Etusivu","item":"https:\/\/veneakselisto.com\/kauppa\/"},{"@type":"ListItem","position":2,"name":"Kauppa","item":"https:\/\/veneakselisto.com\/kauppa\/"},{"@type":"ListItem","position":3,"name":"Termostaatti Vetus L\u00e4mminvesivaraajille"}]},{"@type":"WebSite","@id":"https:\/\/veneakselisto.com\/kauppa\/#website","url":"https:\/\/veneakselisto.com\/kauppa\/","name":"Veneakselisto.com - verkkokauppa","description":"Venetarvikkeiden maahantuonti ja myynti","publisher":{"@id":"https:\/\/veneakselisto.com\/kauppa\/#organization"},"potentialAction":[{"@type":"SearchAction","target":{"@type":"EntryPoint","urlTemplate":"https:\/\/veneakselisto.com\/kauppa\/?s={search_term_string}"},"query-input":{"@type":"PropertyValueSpecification","valueRequired":true,"valueName":"search_term_string"}}],"inLanguage":"fi"},{"@type":"Organization","@id":"https:\/\/veneakselisto.com\/kauppa\/#organization","name":"Veneakselisto.com verkkokauppa","url":"https:\/\/veneakselisto.com\/kauppa\/","logo":{"@type":"ImageObject","inLanguage":"fi","@id":"https:\/\/veneakselisto.com\/kauppa\/#\/schema\/logo\/image\/","url":"https:\/\/i2.wp.com\/veneakselisto.com\/kauppa\/wp-content\/uploads\/2016\/06\/fb_icon.jpg?fit=327%2C327&ssl=1","contentUrl":"https:\/\/i2.wp.com\/veneakselisto.com\/kauppa\/wp-content\/uploads\/2016\/06\/fb_icon.jpg?fit=327%2C327&ssl=1","width":327,"height":327,"caption":"Veneakselisto.com verkkokauppa"},"image":{"@id":"https:\/\/veneakselisto.com\/kauppa\/#\/schema\/logo\/image\/"},"sameAs":["https:\/\/www.facebook.com\/AlaMikkula\/"]}]}},"jetpack_publicize_connections":[],"jetpack_sharing_enabled":true,"_links":{"self":[{"href":"https:\/\/veneakselisto.com\/kauppa\/wp-json\/wp\/v2\/product\/15171","targetHints":{"allow":["GET"]}}],"collection":[{"href":"https:\/\/veneakselisto.com\/kauppa\/wp-json\/wp\/v2\/product"}],"about":[{"href":"https:\/\/veneakselisto.com\/kauppa\/wp-json\/wp\/v2\/types\/product"}],"replies":[{"embeddable":true,"href":"https:\/\/veneakselisto.com\/kauppa\/wp-json\/wp\/v2\/comments?post=15171"}],"wp:featuredmedia":[{"embeddable":true,"href":"https:\/\/veneakselisto.com\/kauppa\/wp-json\/wp\/v2\/media\/15172"}],"wp:attachment":[{"href":"https:\/\/veneakselisto.com\/kauppa\/wp-json\/wp\/v2\/media?parent=15171"}],"wp:term":[{"taxonomy":"product_brand","embeddable":true,"href":"https:\/\/veneakselisto.com\/kauppa\/wp-json\/wp\/v2\/product_brand?post=15171"},{"taxonomy":"product_cat","embeddable":true,"href":"https:\/\/veneakselisto.com\/kauppa\/wp-json\/wp\/v2\/product_cat?post=15171"},{"taxonomy":"product_tag","embeddable":true,"href":"https:\/\/veneakselisto.com\/kauppa\/wp-json\/wp\/v2\/product_tag?post=15171"}],"curies":[{"name":"wp","href":"https:\/\/api.w.org\/{rel}","templated":true}]}}