{"id":15118,"date":"2022-10-20T15:35:55","date_gmt":"2022-10-20T12:35:55","guid":{"rendered":"https:\/\/veneakselisto.com\/kauppa\/?post_type=product&#038;p=15118"},"modified":"2026-02-09T14:16:25","modified_gmt":"2026-02-09T12:16:25","slug":"vetus-vh4-65-merimoottori-tm345-21","status":"publish","type":"product","link":"https:\/\/veneakselisto.com\/kauppa\/tuote\/vetus-vh4-65-merimoottori-tm345-21\/","title":{"rendered":"Vetus VH4.65 Merimoottori TM345 2:1"},"content":{"rendered":"<div class=\"wpb-content-wrapper\"><p>Vetus VH4.65 Merimoottori TM345 2:1<\/p>\n<ul>\n<li>65.3hv<\/li>\n<li>Max rpm 3000<\/li>\n<li>sylinteri luku 4<\/li>\n<li>Laturi 115amp<\/li>\n<li>MPA22KBS2 mittaripaneeli<\/li>\n<li>Hydraulinen Merivaihde TMC345 2:1<\/li>\n<li>Makeavesij\u00e4\u00e4hdytys<\/li>\n<\/ul>\n<p>[\/vc_column_text][\/vc_column][\/vc_row][vc_row][vc_column][vc_column_text]<\/p>\n<h4>Rahti kuuluu hintaan ostaessasi Vetus merimoottorin.<\/h4>\n<p>H-LINE Vetus meridiesel<\/p>\n<p>H-Line sarja edustaa vahvoja ja luotettavia moottoreita jotka sopivat esimerkiksi katettuihin veneisiin ja pieniin<br \/>\nkalastusveneisiin. Moottorit ovat hiljaisia, tasak\u00e4yntisi\u00e4 ja polttoainetaloudellisia.<br \/>\nNelisylinterisiss\u00e4 H-Line sarjan moottoreissa on ep\u00e4suora polttoaineruiskutus ja kaksinkertainen j\u00e4\u00e4hdytysveden kierto<br \/>\nintegroidulla l\u00e4mm\u00f6nvaihtimella.<\/p>\n<p>H-Line lyhyesti<br \/>\n\u2022 Eritt\u00e4in hyv\u00e4 teho\/painosuhde<br \/>\n\u2022 Vastapainotettu kampiakseli tekee k\u00e4ynnist\u00e4 hiljaisen ja tasaisen<br \/>\n\u2022 Pieni polttoainekulutus<br \/>\n\u2022 V\u00e4hemm\u00e4n letkuliitoksia<br \/>\n\u2022 Tehokas laturi joka on erityisesti suunniteltu venek\u00e4ytt\u00f6\u00f6n<br \/>\n\u2022 Itseilmaava polttoainej\u00e4rjestelm\u00e4<br \/>\n\u2022 Huolto-kohteet sijoitettu helposti huollettavaksi<br \/>\nLis\u00e4ksi<br \/>\n\u2022 H-Line moottorit saatavana sek\u00e4 merikytkimell\u00e4 ett\u00e4 purjevenevetolaitteella varustettuna<br \/>\n\u2022 My\u00f6s saatavana hydraulivetolaitteella jolloin moottorin voi periaatteessa<\/p>\n<p>H-sarjan moottorit ovat kest\u00e4vi\u00e4 ja luotettavia moottoreita, jotka sopivat moniin k\u00e4ytt\u00f6tarkoituksiin, kuten hyttiveneisiin, pieniin kalastusveneisiin ja suurempiin kanavaveneisiin. N\u00e4iss\u00e4 moottoreissa on alhainen melu- ja t\u00e4rin\u00e4taso kest\u00e4v\u00e4n rakenteensa ansiosta. Ne ovat my\u00f6s eritt\u00e4in polttoainetehokkaita. H-sarjan moottorit ovat nelisylinterisi\u00e4, nelitahtisia moottoreita, joissa on ep\u00e4suora polttoaineen ruiskutusj\u00e4rjestelm\u00e4, kaksipiirij\u00e4\u00e4hdytysj\u00e4rjestelm\u00e4 integroidulla l\u00e4mm\u00f6nvaihtimella ja merivedell\u00e4 ruiskutettu pakoputken mutka.<\/p>\n<h4>\nMuutamia n\u00e4iden moottoreiden etuja<\/h4>\n<p>Eritt\u00e4in edullinen teho-painosuhde<\/p>\n<p>Eritt\u00e4in alhainen melu- ja t\u00e4rin\u00e4taso vastapainoakselien ansiosta<\/p>\n<p>Eritt\u00e4in alhainen polttoaineenkulutus<\/p>\n<p>Minimaalinen letkuliit\u00e4nt\u00f6jen m\u00e4\u00e4r\u00e4 valettujen kumisten j\u00e4\u00e4hdytysj\u00e4rjestelm\u00e4n komponenttien laajan k\u00e4yt\u00f6n ansiosta<\/p>\n<p>Vakiovarusteena korkea laturin teho, kehitetty merik\u00e4ytt\u00f6\u00f6n akkujen nopeaa latausta varten<\/p>\n<p>Itseilmautuva polttoainej\u00e4rjestelm\u00e4<\/p>\n<p>Sopii: Hyttiveneisiin, Purjeveneisiin, Pieniin kalastusveneisiin<\/p>\n<\/div>","protected":false},"excerpt":{"rendered":"<p>Vetus VH4.65 Merimoottori TM345 2:1<\/p>\n<p>Hydraulinen merikytkin!<\/p>\n<p>Tehdastoimitus. Rahtivapaasti perille toimitettuna.<\/p>\n<ul>\n<li>65.3hv<\/li>\n<li>Max rpm 3000<\/li>\n<li>sylinteri luku 4<\/li>\n<li>Laturi 115amp<\/li>\n<li>MPA22KBS2 mittaripaneeli<\/li>\n<li>Hydraulinen Merivaihde TMC345 2:1<\/li>\n<li>Makeavesij\u00e4\u00e4hdytys<\/li>\n<\/ul>\n<p>Saatavana my\u00f6s TM345A merikytkimell\u00e4 jos 8 asteen kulma ulostulolaipassa.<\/p>\n<p><strong><span style=\"color: #ff0000;\">\u00a0<\/span><\/strong><\/p>\n","protected":false},"featured_media":15115,"comment_status":"open","ping_status":"closed","template":"","meta":{"jetpack_post_was_ever_published":false,"jetpack_publicize_message":"","jetpack_publicize_feature_enabled":true,"jetpack_social_post_already_shared":true,"jetpack_social_options":{"image_generator_settings":{"template":"highway","default_image_id":0,"font":"","enabled":false},"version":2}},"product_brand":[],"product_cat":[1241,1279,437,470],"product_tag":[245,98,1280],"class_list":{"0":"post-15118","1":"product","2":"type-product","3":"status-publish","4":"has-post-thumbnail","6":"product_cat-merimoottori-kubota-beta-marin-vetus-mitsubishi","7":"product_cat-vetus_merimoottori_veneeseen","8":"product_cat-vetus-merimoottorit","9":"product_cat-vetus_vetus-venetarvikkeet_venetarvikeiden-maahantuonti-ja-myynti","10":"product_tag-merimoottori","11":"product_tag-vetus","12":"product_tag-vetus-merimoottori","13":"product_shipping_class-rahti","14":"brand-vetus","16":"first","17":"onbackorder","18":"sale","19":"taxable","20":"shipping-taxable","21":"purchasable","22":"product-type-simple"},"yoast_head":"<!-- This site is optimized with the Yoast SEO plugin v27.3 - https:\/\/yoast.com\/product\/yoast-seo-wordpress\/ -->\n<title>Vetus M4.65 Merimoottori TM345 2:1- Veneakselisto.com<\/title>\n<meta name=\"description\" content=\"Vetus M4.65 Merimoottori TM345 2:1. Vetus merimoottorit toimittaa aina edullinen Veneakselisto.com-Verkkokauppa-Venetarvikkeiden maahantuonti ja myynti.\" \/>\n<meta name=\"robots\" content=\"index, follow, max-snippet:-1, max-image-preview:large, max-video-preview:-1\" \/>\n<link rel=\"canonical\" href=\"https:\/\/veneakselisto.com\/kauppa\/tuote\/vetus-vh4-65-merimoottori-tm345-21\/\" \/>\n<meta property=\"og:locale\" content=\"fi_FI\" \/>\n<meta property=\"og:type\" content=\"article\" \/>\n<meta property=\"og:title\" content=\"Vetus M4.65 Merimoottori TM345 2:1- Veneakselisto.com\" \/>\n<meta property=\"og:description\" content=\"Vetus M4.65 Merimoottori TM345 2:1. Vetus merimoottorit toimittaa aina edullinen Veneakselisto.com-Verkkokauppa-Venetarvikkeiden maahantuonti ja myynti.\" \/>\n<meta property=\"og:url\" content=\"https:\/\/veneakselisto.com\/kauppa\/tuote\/vetus-vh4-65-merimoottori-tm345-21\/\" \/>\n<meta property=\"og:site_name\" content=\"Veneakselisto.com - verkkokauppa\" \/>\n<meta property=\"article:publisher\" content=\"https:\/\/www.facebook.com\/AlaMikkula\/\" \/>\n<meta property=\"article:modified_time\" content=\"2026-02-09T12:16:25+00:00\" \/>\n<meta property=\"og:image\" content=\"https:\/\/veneakselisto.com\/kauppa\/wp-content\/uploads\/2022\/10\/VH465_png.png\" \/>\n\t<meta property=\"og:image:width\" content=\"500\" \/>\n\t<meta property=\"og:image:height\" content=\"500\" \/>\n\t<meta property=\"og:image:type\" content=\"image\/png\" \/>\n<meta name=\"twitter:card\" content=\"summary_large_image\" \/>\n<meta name=\"twitter:label1\" content=\"Arvioitu lukuaika\" \/>\n\t<meta name=\"twitter:data1\" content=\"2 minuuttia\" \/>\n<script type=\"application\/ld+json\" class=\"yoast-schema-graph\">{\"@context\":\"https:\\\/\\\/schema.org\",\"@graph\":[{\"@type\":\"WebPage\",\"@id\":\"https:\\\/\\\/veneakselisto.com\\\/kauppa\\\/tuote\\\/vetus-vh4-65-merimoottori-tm345-21\\\/\",\"url\":\"https:\\\/\\\/veneakselisto.com\\\/kauppa\\\/tuote\\\/vetus-vh4-65-merimoottori-tm345-21\\\/\",\"name\":\"Vetus M4.65 Merimoottori TM345 2:1- Veneakselisto.com\",\"isPartOf\":{\"@id\":\"https:\\\/\\\/veneakselisto.com\\\/kauppa\\\/#website\"},\"primaryImageOfPage\":{\"@id\":\"https:\\\/\\\/veneakselisto.com\\\/kauppa\\\/tuote\\\/vetus-vh4-65-merimoottori-tm345-21\\\/#primaryimage\"},\"image\":{\"@id\":\"https:\\\/\\\/veneakselisto.com\\\/kauppa\\\/tuote\\\/vetus-vh4-65-merimoottori-tm345-21\\\/#primaryimage\"},\"thumbnailUrl\":\"https:\\\/\\\/i0.wp.com\\\/veneakselisto.com\\\/kauppa\\\/wp-content\\\/uploads\\\/2022\\\/10\\\/VH465_png.png?fit=500%2C500&ssl=1\",\"datePublished\":\"2022-10-20T12:35:55+00:00\",\"dateModified\":\"2026-02-09T12:16:25+00:00\",\"description\":\"Vetus M4.65 Merimoottori TM345 2:1. Vetus merimoottorit toimittaa aina edullinen Veneakselisto.com-Verkkokauppa-Venetarvikkeiden maahantuonti ja myynti.\",\"breadcrumb\":{\"@id\":\"https:\\\/\\\/veneakselisto.com\\\/kauppa\\\/tuote\\\/vetus-vh4-65-merimoottori-tm345-21\\\/#breadcrumb\"},\"inLanguage\":\"fi\",\"potentialAction\":[{\"@type\":\"ReadAction\",\"target\":[\"https:\\\/\\\/veneakselisto.com\\\/kauppa\\\/tuote\\\/vetus-vh4-65-merimoottori-tm345-21\\\/\"]}]},{\"@type\":\"ImageObject\",\"inLanguage\":\"fi\",\"@id\":\"https:\\\/\\\/veneakselisto.com\\\/kauppa\\\/tuote\\\/vetus-vh4-65-merimoottori-tm345-21\\\/#primaryimage\",\"url\":\"https:\\\/\\\/i0.wp.com\\\/veneakselisto.com\\\/kauppa\\\/wp-content\\\/uploads\\\/2022\\\/10\\\/VH465_png.png?fit=500%2C500&ssl=1\",\"contentUrl\":\"https:\\\/\\\/i0.wp.com\\\/veneakselisto.com\\\/kauppa\\\/wp-content\\\/uploads\\\/2022\\\/10\\\/VH465_png.png?fit=500%2C500&ssl=1\",\"width\":500,\"height\":500,\"caption\":\"Vetus-65hv-meridiesel-Veneakselisto.com\"},{\"@type\":\"BreadcrumbList\",\"@id\":\"https:\\\/\\\/veneakselisto.com\\\/kauppa\\\/tuote\\\/vetus-vh4-65-merimoottori-tm345-21\\\/#breadcrumb\",\"itemListElement\":[{\"@type\":\"ListItem\",\"position\":1,\"name\":\"Etusivu\",\"item\":\"https:\\\/\\\/veneakselisto.com\\\/kauppa\\\/\"},{\"@type\":\"ListItem\",\"position\":2,\"name\":\"Kauppa\",\"item\":\"https:\\\/\\\/veneakselisto.com\\\/kauppa\\\/\"},{\"@type\":\"ListItem\",\"position\":3,\"name\":\"Vetus VH4.65 Merimoottori TM345 2:1\"}]},{\"@type\":\"WebSite\",\"@id\":\"https:\\\/\\\/veneakselisto.com\\\/kauppa\\\/#website\",\"url\":\"https:\\\/\\\/veneakselisto.com\\\/kauppa\\\/\",\"name\":\"Veneakselisto.com - verkkokauppa\",\"description\":\"Venetarvikkeiden maahantuonti ja myynti\",\"publisher\":{\"@id\":\"https:\\\/\\\/veneakselisto.com\\\/kauppa\\\/#organization\"},\"potentialAction\":[{\"@type\":\"SearchAction\",\"target\":{\"@type\":\"EntryPoint\",\"urlTemplate\":\"https:\\\/\\\/veneakselisto.com\\\/kauppa\\\/?s={search_term_string}\"},\"query-input\":{\"@type\":\"PropertyValueSpecification\",\"valueRequired\":true,\"valueName\":\"search_term_string\"}}],\"inLanguage\":\"fi\"},{\"@type\":\"Organization\",\"@id\":\"https:\\\/\\\/veneakselisto.com\\\/kauppa\\\/#organization\",\"name\":\"Veneakselisto.com verkkokauppa\",\"url\":\"https:\\\/\\\/veneakselisto.com\\\/kauppa\\\/\",\"logo\":{\"@type\":\"ImageObject\",\"inLanguage\":\"fi\",\"@id\":\"https:\\\/\\\/veneakselisto.com\\\/kauppa\\\/#\\\/schema\\\/logo\\\/image\\\/\",\"url\":\"https:\\\/\\\/i2.wp.com\\\/veneakselisto.com\\\/kauppa\\\/wp-content\\\/uploads\\\/2016\\\/06\\\/fb_icon.jpg?fit=327%2C327&ssl=1\",\"contentUrl\":\"https:\\\/\\\/i2.wp.com\\\/veneakselisto.com\\\/kauppa\\\/wp-content\\\/uploads\\\/2016\\\/06\\\/fb_icon.jpg?fit=327%2C327&ssl=1\",\"width\":327,\"height\":327,\"caption\":\"Veneakselisto.com verkkokauppa\"},\"image\":{\"@id\":\"https:\\\/\\\/veneakselisto.com\\\/kauppa\\\/#\\\/schema\\\/logo\\\/image\\\/\"},\"sameAs\":[\"https:\\\/\\\/www.facebook.com\\\/AlaMikkula\\\/\"]}]}<\/script>\n<!-- \/ Yoast SEO plugin. -->","yoast_head_json":{"title":"Vetus M4.65 Merimoottori TM345 2:1- Veneakselisto.com","description":"Vetus M4.65 Merimoottori TM345 2:1. Vetus merimoottorit toimittaa aina edullinen Veneakselisto.com-Verkkokauppa-Venetarvikkeiden maahantuonti ja myynti.","robots":{"index":"index","follow":"follow","max-snippet":"max-snippet:-1","max-image-preview":"max-image-preview:large","max-video-preview":"max-video-preview:-1"},"canonical":"https:\/\/veneakselisto.com\/kauppa\/tuote\/vetus-vh4-65-merimoottori-tm345-21\/","og_locale":"fi_FI","og_type":"article","og_title":"Vetus M4.65 Merimoottori TM345 2:1- Veneakselisto.com","og_description":"Vetus M4.65 Merimoottori TM345 2:1. Vetus merimoottorit toimittaa aina edullinen Veneakselisto.com-Verkkokauppa-Venetarvikkeiden maahantuonti ja myynti.","og_url":"https:\/\/veneakselisto.com\/kauppa\/tuote\/vetus-vh4-65-merimoottori-tm345-21\/","og_site_name":"Veneakselisto.com - verkkokauppa","article_publisher":"https:\/\/www.facebook.com\/AlaMikkula\/","article_modified_time":"2026-02-09T12:16:25+00:00","og_image":[{"width":500,"height":500,"url":"https:\/\/veneakselisto.com\/kauppa\/wp-content\/uploads\/2022\/10\/VH465_png.png","type":"image\/png"}],"twitter_card":"summary_large_image","twitter_misc":{"Arvioitu lukuaika":"2 minuuttia"},"schema":{"@context":"https:\/\/schema.org","@graph":[{"@type":"WebPage","@id":"https:\/\/veneakselisto.com\/kauppa\/tuote\/vetus-vh4-65-merimoottori-tm345-21\/","url":"https:\/\/veneakselisto.com\/kauppa\/tuote\/vetus-vh4-65-merimoottori-tm345-21\/","name":"Vetus M4.65 Merimoottori TM345 2:1- Veneakselisto.com","isPartOf":{"@id":"https:\/\/veneakselisto.com\/kauppa\/#website"},"primaryImageOfPage":{"@id":"https:\/\/veneakselisto.com\/kauppa\/tuote\/vetus-vh4-65-merimoottori-tm345-21\/#primaryimage"},"image":{"@id":"https:\/\/veneakselisto.com\/kauppa\/tuote\/vetus-vh4-65-merimoottori-tm345-21\/#primaryimage"},"thumbnailUrl":"https:\/\/i0.wp.com\/veneakselisto.com\/kauppa\/wp-content\/uploads\/2022\/10\/VH465_png.png?fit=500%2C500&ssl=1","datePublished":"2022-10-20T12:35:55+00:00","dateModified":"2026-02-09T12:16:25+00:00","description":"Vetus M4.65 Merimoottori TM345 2:1. Vetus merimoottorit toimittaa aina edullinen Veneakselisto.com-Verkkokauppa-Venetarvikkeiden maahantuonti ja myynti.","breadcrumb":{"@id":"https:\/\/veneakselisto.com\/kauppa\/tuote\/vetus-vh4-65-merimoottori-tm345-21\/#breadcrumb"},"inLanguage":"fi","potentialAction":[{"@type":"ReadAction","target":["https:\/\/veneakselisto.com\/kauppa\/tuote\/vetus-vh4-65-merimoottori-tm345-21\/"]}]},{"@type":"ImageObject","inLanguage":"fi","@id":"https:\/\/veneakselisto.com\/kauppa\/tuote\/vetus-vh4-65-merimoottori-tm345-21\/#primaryimage","url":"https:\/\/i0.wp.com\/veneakselisto.com\/kauppa\/wp-content\/uploads\/2022\/10\/VH465_png.png?fit=500%2C500&ssl=1","contentUrl":"https:\/\/i0.wp.com\/veneakselisto.com\/kauppa\/wp-content\/uploads\/2022\/10\/VH465_png.png?fit=500%2C500&ssl=1","width":500,"height":500,"caption":"Vetus-65hv-meridiesel-Veneakselisto.com"},{"@type":"BreadcrumbList","@id":"https:\/\/veneakselisto.com\/kauppa\/tuote\/vetus-vh4-65-merimoottori-tm345-21\/#breadcrumb","itemListElement":[{"@type":"ListItem","position":1,"name":"Etusivu","item":"https:\/\/veneakselisto.com\/kauppa\/"},{"@type":"ListItem","position":2,"name":"Kauppa","item":"https:\/\/veneakselisto.com\/kauppa\/"},{"@type":"ListItem","position":3,"name":"Vetus VH4.65 Merimoottori TM345 2:1"}]},{"@type":"WebSite","@id":"https:\/\/veneakselisto.com\/kauppa\/#website","url":"https:\/\/veneakselisto.com\/kauppa\/","name":"Veneakselisto.com - verkkokauppa","description":"Venetarvikkeiden maahantuonti ja myynti","publisher":{"@id":"https:\/\/veneakselisto.com\/kauppa\/#organization"},"potentialAction":[{"@type":"SearchAction","target":{"@type":"EntryPoint","urlTemplate":"https:\/\/veneakselisto.com\/kauppa\/?s={search_term_string}"},"query-input":{"@type":"PropertyValueSpecification","valueRequired":true,"valueName":"search_term_string"}}],"inLanguage":"fi"},{"@type":"Organization","@id":"https:\/\/veneakselisto.com\/kauppa\/#organization","name":"Veneakselisto.com verkkokauppa","url":"https:\/\/veneakselisto.com\/kauppa\/","logo":{"@type":"ImageObject","inLanguage":"fi","@id":"https:\/\/veneakselisto.com\/kauppa\/#\/schema\/logo\/image\/","url":"https:\/\/i2.wp.com\/veneakselisto.com\/kauppa\/wp-content\/uploads\/2016\/06\/fb_icon.jpg?fit=327%2C327&ssl=1","contentUrl":"https:\/\/i2.wp.com\/veneakselisto.com\/kauppa\/wp-content\/uploads\/2016\/06\/fb_icon.jpg?fit=327%2C327&ssl=1","width":327,"height":327,"caption":"Veneakselisto.com verkkokauppa"},"image":{"@id":"https:\/\/veneakselisto.com\/kauppa\/#\/schema\/logo\/image\/"},"sameAs":["https:\/\/www.facebook.com\/AlaMikkula\/"]}]}},"jetpack_publicize_connections":[],"jetpack_sharing_enabled":true,"_links":{"self":[{"href":"https:\/\/veneakselisto.com\/kauppa\/wp-json\/wp\/v2\/product\/15118","targetHints":{"allow":["GET"]}}],"collection":[{"href":"https:\/\/veneakselisto.com\/kauppa\/wp-json\/wp\/v2\/product"}],"about":[{"href":"https:\/\/veneakselisto.com\/kauppa\/wp-json\/wp\/v2\/types\/product"}],"replies":[{"embeddable":true,"href":"https:\/\/veneakselisto.com\/kauppa\/wp-json\/wp\/v2\/comments?post=15118"}],"wp:featuredmedia":[{"embeddable":true,"href":"https:\/\/veneakselisto.com\/kauppa\/wp-json\/wp\/v2\/media\/15115"}],"wp:attachment":[{"href":"https:\/\/veneakselisto.com\/kauppa\/wp-json\/wp\/v2\/media?parent=15118"}],"wp:term":[{"taxonomy":"product_brand","embeddable":true,"href":"https:\/\/veneakselisto.com\/kauppa\/wp-json\/wp\/v2\/product_brand?post=15118"},{"taxonomy":"product_cat","embeddable":true,"href":"https:\/\/veneakselisto.com\/kauppa\/wp-json\/wp\/v2\/product_cat?post=15118"},{"taxonomy":"product_tag","embeddable":true,"href":"https:\/\/veneakselisto.com\/kauppa\/wp-json\/wp\/v2\/product_tag?post=15118"}],"curies":[{"name":"wp","href":"https:\/\/api.w.org\/{rel}","templated":true}]}}