{"id":15109,"date":"2022-10-20T14:38:48","date_gmt":"2022-10-20T11:38:48","guid":{"rendered":"https:\/\/veneakselisto.com\/kauppa\/?post_type=product&#038;p=15109"},"modified":"2026-02-07T11:20:14","modified_gmt":"2026-02-07T09:20:14","slug":"vetus-m4-56-merimoottori-2-51","status":"publish","type":"product","link":"https:\/\/veneakselisto.com\/kauppa\/tuote\/vetus-m4-56-merimoottori-2-51\/","title":{"rendered":"Vetus M4.56 Merimoottori 2.5:1 TMC60A"},"content":{"rendered":"<div class=\"wpb-content-wrapper\"><p>Vetus M4.56 Merimoottori 2.5:1 TMC60A<\/p>\n<ul>\n<li>52hv<\/li>\n<li>Max rpm 3000<\/li>\n<li>sylinteri luku 4<\/li>\n<li>Laturi 110amp<\/li>\n<li>MPA22KBS2 mittaripaneeli<\/li>\n<li><span style=\"color: #ff0000;\">Merivaihde TMC60A 2.45:1 ulostulolaipassa 7 asteen kulma<\/span><\/li>\n<li>Alumininen lauhdutuskansi<\/li>\n<li>Makeavesij\u00e4\u00e4hdytys<\/li>\n<\/ul>\n<p>[\/vc_column_text][\/vc_column][\/vc_row][vc_row][vc_column][vc_column_text]<\/p>\n<h4>Rahti kuuluu hintaan ostaessasi Vetus merimoottorin.<\/h4>\n<p>Lis\u00e4tietoa <a href=\"https:\/\/www.vetus.com\/media\/magentominds\/sasdocument\/20180903122140_0.pdf\" target=\"_blank\" rel=\"noopener noreferrer\">M-LINE merimoottoreista<\/a>[\/vc_column_text][\/vc_column][\/vc_row]<\/p>\n<h5>M-Line Vetus merimoottorit ovat hiljaisia, taloudellisia, luotettavia ja niill\u00e4 on hyv\u00e4 teho ja v\u00e4\u00e4nt\u00f6.<br \/>\nPolttoainej\u00e4rjestelm\u00e4 on itseilmaava ja niiss\u00e4 on tehokas laturi. Kaikkiin M4-sarjan koneisiin on lis\u00e4ksi saatavana lis\u00e4laturi.<\/h5>\n<h5><strong>INNOVAATIO<\/strong><\/h5>\n<p><strong><em>Moottoritilan l\u00e4mm\u00f6nhallinta<\/em><\/strong><\/p>\n<p>Moottoritilan l\u00e4mp\u00f6tila voi helposti nousta 70\u00b0 C asteeseen. Korkeasta l\u00e4mp\u00f6tilasta on luonnollisesti haittaa sek\u00e4 moottorin suoritusteholle ett\u00e4 konetilassa oleville muille komponenteille.<\/p>\n<p>VETUKSEN kehitt\u00e4m\u00e4 vesij\u00e4\u00e4hdytteinen, moottorin p\u00e4\u00e4ll\u00e4 oleva, tukeva valualumiinista valmistettu lauhdutuskansi absorboi tehokkaasti koneen l\u00e4mp\u00f6\u00e4. Se laskee moottoritilan l\u00e4mp\u00f6\u00e4 jopa 15 \u00b0C eli jopa 20%. Alhaisempi l\u00e4mp\u00f6tila parantaa moottorin suorituskyky\u00e4. J\u00e4lleen kerran ainutlaatuinen innovaatio VETUKSELTA.<\/p>\n<p>M-Line moottorit ovat hiljaisia, taloudellisia, luotettavia ja niill\u00e4 on hyv\u00e4 teho ja v\u00e4\u00e4nt\u00f6.<\/p>\n<p>Polttoainej\u00e4rjestelm\u00e4 on itseilmaava ja niiss\u00e4 on tehokas laturi. Kaikkiin M-Line-sarjan koneisiin on lis\u00e4ksi saatavana lis\u00e4laturi.<\/p>\n<p>Vetus merimoottorit. Vetus M4.56 Merimoottori 2.5:1 TMC60A<\/p>\n<p><strong><em>\u00c4\u00e4nitason hallinta\u00a0<\/em><\/strong><\/p>\n<p>Melusaaste vaikuttaa suoraan sek\u00e4 veneilyn mukavuuteen ett\u00e4 ymp\u00e4rist\u00f6\u00f6n. Siksi haluammekin ett\u00e4 veneily on niin hiljaista kuin vain mahdollista.<\/p>\n<p>Tukeva lauhdutuskansi yhdess\u00e4 uuden tehokkaan imuilmasuodatinkotelon kanssa laskee \u00e4\u00e4nt\u00e4 noin 5 dB(A) matkanopeudella noin 2200 kierr.\/min kierroslukualueella.<\/p>\n<p>\u00c4\u00e4nitaso on useimmiten subjektiivinen kokemus mutta uuteen mallistoon tutustuneiden mielipide on ollut johdonmukainen \u2013 \u201d\u00e4\u00e4nitaso on selke\u00e4sti miellytt\u00e4v\u00e4mpi korvalle\u201d.<\/p>\n<h4>OMINAISUUKSIA<br \/>\nVuosien kokemusten perusteella olemme tehneet useita muutoksia helpottamaan sek\u00e4 asentajan ett\u00e4 loppuk\u00e4ytt\u00e4j\u00e4n el\u00e4m\u00e4\u00e4.<\/h4>\n<p>\u2022 Huoltokohteiden paranneltu sijoittaminen; releet(A), polttoainesuodatin ja \u2013 liit\u00e4nn\u00e4t(B),<br \/>\nsiipipy\u00f6r\u00e4 (C), \u00f6ljytikku (D), \u00f6ljynsuodatin (E). Kaikissa M4-sarjan moottoreissa<br \/>\nlukuunottamatta M4.56 raakavesipumppu sijaitsee moottorin etupuolella jolloin<br \/>\nimpellerin vaihtaminen on helpompaa<br \/>\n\u2022 Parannettu johtosarja helpottamaan asennusta ja lis\u00e4\u00e4m\u00e4\u00e4n turvallisuutta<br \/>\n\u2022 Kaikissa M-sarjan koneissa on s\u00e4hk\u00f6inen polttoainepumppu (F) joka kytkeytyy virtalukosta<br \/>\n\u2022 Uusi imuilmasuodatin vaimentaa merkitt\u00e4v\u00e4sti imuilma\u00e4\u00e4nt\u00e4 (G)<br \/>\n\u2022 L\u00e4mm\u00f6nvaihtimessa on jopa 26 uudistusta mukaan lukien uudet materiaalit ja pinnoitteet<br \/>\n\u2022 Kiilahihnojen suojakotelo parantaa turvallisuutta<br \/>\n\u2022 \u00d6ljy- ja polttoainesuodatin (H) voidaan lis\u00e4varusteella sijoittaa etupuolelle helpottamaan<br \/>\nhuoltotoimia<br \/>\n\u2022 M4-mallit saatavana my\u00f6s Power-Pack hydrauligeneraattoreina tai hydraulipropulsiolla<br \/>\nKatso sivu 31<br \/>\n\u2022 Lis\u00e4ksi kaikki M-Line moottoreihin on saatavana Volvo Penta saildrive-adapteri<br \/>\n(mallit 110S\/120S ja 120SB).<br \/>\n\u2022 Vaihda moottori \u2013 \u00e4l\u00e4 vetolaitetta. Kiinte\u00e4 \u00f6ljynvaihtopumppu helpottaa huoltotoimenpiteit\u00e4 (I)<br \/>\n\u2022 Viimeisen\u00e4 mutta ei v\u00e4h\u00e4isimp\u00e4n\u00e4 alumiininen lauhdutuskansi (J) joka sek\u00e4 alentaa moottoritilan l\u00e4mp\u00f6tilaa sek\u00e4 \u00e4\u00e4nt\u00e4 ja toimii sen lis\u00e4ksi askelmana.<\/p>\n<p>52 hv:n M4.56-merimoottori on suunniteltu tyylikkyytt\u00e4 ja suorituskyky\u00e4 silm\u00e4ll\u00e4 pit\u00e4en. Moottorimme on kehitetty kokonaan itse, ja se on kompakti, polttoainetehokas ja tehokas. T\u00e4m\u00e4n ansiosta meridieselmoottorimme kilpailee markkinoiden parhaiden kanssa. Vuosien varrella innovaatiot ja lis\u00e4ykset ovat johtaneet merkitt\u00e4viin parannuksiin. Vesij\u00e4\u00e4hdytteisen yl\u00e4kannen ansiosta moottorin s\u00e4teilyl\u00e4mp\u00f6 imeytyy ja poistuu paljon vaikuttamatta konehuoneeseen. T\u00e4m\u00e4 imeytyminen johtaa siihen, ett\u00e4 huoneen l\u00e4mp\u00f6tila pysyy 15\u201320 \u00b0C alhaisempana (20 % lasku!) verrattuna muihin samankokoisiin moottoreihin.<\/p>\n<p>Lis\u00e4ksi k\u00e4ynniss\u00e4 olevan moottorin aiheuttaman melun v\u00e4hent\u00e4miseksi runkoon on asennettu valettu alumiininen yl\u00e4kansi, joka on suunniteltu askelmaksi, mik\u00e4 helpottaa moottorin ymp\u00e4rill\u00e4 liikkumista.<\/p>\n<p>52 hv:n M4.56-merimoottorissamme on vakiona tehokas merilaturi. T\u00e4m\u00e4n ansiosta akut latautuvat eritt\u00e4in nopeasti. T\u00e4m\u00e4 moottori t\u00e4ytt\u00e4\u00e4 my\u00f6s kaikki SOLAS-vaatimukset. M-Line-moottorit on my\u00f6s hyv\u00e4ksytty k\u00e4ytett\u00e4v\u00e4ksi vetyk\u00e4sitellyll\u00e4 kasvi\u00f6ljyll\u00e4 (HVO). T\u00e4m\u00e4 v\u00e4h\u00e4hiilinen polttoaine on kest\u00e4v\u00e4mpi vaihtoehto dieselille ja sis\u00e4lt\u00e4\u00e4 v\u00e4h\u00e4n rikki\u00e4 ja aromaattisia yhdisteit\u00e4. Uusiutuvien polttoaineiden k\u00e4ytt\u00f6 v\u00e4hent\u00e4\u00e4 pakokaasup\u00e4\u00e4st\u00f6j\u00e4 merkitt\u00e4v\u00e4sti, jopa 90 %:lla CO2-, CO-, HC-, NOx- ja PM-p\u00e4\u00e4st\u00f6jen osalta.<\/p>\n<\/div>","protected":false},"excerpt":{"rendered":"<p>Vetus M4.56 Merimoottori 2.5:1 TMC60A<\/p>\n<p>Tehdastoimitus. Rahtivapaasti perille toimitettuna.<\/p>\n<ul>\n<li>52hv<\/li>\n<li>Max rpm 3000<\/li>\n<li>sylinteri luku 4<\/li>\n<li>Laturi 110amp<\/li>\n<li>MPA22KBS2 mittaripaneeli<\/li>\n<li>Merivaihde TMC60 2.5:1 ulostulolaipassa 7 asteen kulma<\/li>\n<li>Alumininen lauhdutuskansi<\/li>\n<li>Makeavesij\u00e4\u00e4hdytys<\/li>\n<\/ul>\n<p>Saatavana my\u00f6s TMC60A merikytkimell\u00e4 jos 7 asteen kulma ulostulolaipassa.<\/p>\n<p><span style=\"color: #ff0000;\"><strong>\u00a0<\/strong><\/span><\/p>\n","protected":false},"featured_media":3352,"comment_status":"open","ping_status":"closed","template":"","meta":{"jetpack_post_was_ever_published":false,"jetpack_publicize_message":"","jetpack_publicize_feature_enabled":true,"jetpack_social_post_already_shared":true,"jetpack_social_options":{"image_generator_settings":{"template":"highway","default_image_id":0,"font":"","enabled":false},"version":2}},"product_brand":[],"product_cat":[1279,1241,437,470],"product_tag":[438,245,98],"class_list":{"0":"post-15109","1":"product","2":"type-product","3":"status-publish","4":"has-post-thumbnail","6":"product_cat-vetus_merimoottori_veneeseen","7":"product_cat-merimoottori-kubota-beta-marin-vetus-mitsubishi","8":"product_cat-vetus-merimoottorit","9":"product_cat-vetus_vetus-venetarvikkeet_venetarvikeiden-maahantuonti-ja-myynti","10":"product_tag-m-line","11":"product_tag-merimoottori","12":"product_tag-vetus","13":"product_shipping_class-rahti","14":"brand-vetus","16":"first","17":"onbackorder","18":"sale","19":"taxable","20":"shipping-taxable","21":"purchasable","22":"product-type-simple"},"yoast_head":"<!-- This site is optimized with the Yoast SEO plugin v27.3 - https:\/\/yoast.com\/product\/yoast-seo-wordpress\/ -->\n<title>Vetus M4.56 Merimoottori 2.5:1 - Veneakselisto.com<\/title>\n<meta name=\"description\" content=\"Vetus M4.56 Merimoottori 2.5:1. Vetus merimoottorit toimittaa aina edullinen Veneakselisto.com - Verkkokauppa - Venetarvikkeiden maahantuonti ja myynti.\" \/>\n<meta name=\"robots\" content=\"index, follow, max-snippet:-1, max-image-preview:large, max-video-preview:-1\" \/>\n<link rel=\"canonical\" href=\"https:\/\/veneakselisto.com\/kauppa\/tuote\/vetus-m4-56-merimoottori-2-51\/\" \/>\n<meta property=\"og:locale\" content=\"fi_FI\" \/>\n<meta property=\"og:type\" content=\"article\" \/>\n<meta property=\"og:title\" content=\"Vetus M4.56 Merimoottori 2.5:1 - Veneakselisto.com\" \/>\n<meta property=\"og:description\" content=\"Vetus M4.56 Merimoottori 2.5:1. Vetus merimoottorit toimittaa aina edullinen Veneakselisto.com - Verkkokauppa - Venetarvikkeiden maahantuonti ja myynti.\" \/>\n<meta property=\"og:url\" content=\"https:\/\/veneakselisto.com\/kauppa\/tuote\/vetus-m4-56-merimoottori-2-51\/\" \/>\n<meta property=\"og:site_name\" content=\"Veneakselisto.com - verkkokauppa\" \/>\n<meta property=\"article:publisher\" content=\"https:\/\/www.facebook.com\/AlaMikkula\/\" \/>\n<meta property=\"article:modified_time\" content=\"2026-02-07T09:20:14+00:00\" \/>\n<meta property=\"og:image\" content=\"https:\/\/veneakselisto.com\/kauppa\/wp-content\/uploads\/2018\/10\/m456.jpg\" \/>\n\t<meta property=\"og:image:width\" content=\"700\" \/>\n\t<meta property=\"og:image:height\" content=\"700\" \/>\n\t<meta property=\"og:image:type\" content=\"image\/jpeg\" \/>\n<meta name=\"twitter:card\" content=\"summary_large_image\" \/>\n<meta name=\"twitter:label1\" content=\"Arvioitu lukuaika\" \/>\n\t<meta name=\"twitter:data1\" content=\"4 minuuttia\" \/>\n<script type=\"application\/ld+json\" class=\"yoast-schema-graph\">{\"@context\":\"https:\\\/\\\/schema.org\",\"@graph\":[{\"@type\":\"WebPage\",\"@id\":\"https:\\\/\\\/veneakselisto.com\\\/kauppa\\\/tuote\\\/vetus-m4-56-merimoottori-2-51\\\/\",\"url\":\"https:\\\/\\\/veneakselisto.com\\\/kauppa\\\/tuote\\\/vetus-m4-56-merimoottori-2-51\\\/\",\"name\":\"Vetus M4.56 Merimoottori 2.5:1 - Veneakselisto.com\",\"isPartOf\":{\"@id\":\"https:\\\/\\\/veneakselisto.com\\\/kauppa\\\/#website\"},\"primaryImageOfPage\":{\"@id\":\"https:\\\/\\\/veneakselisto.com\\\/kauppa\\\/tuote\\\/vetus-m4-56-merimoottori-2-51\\\/#primaryimage\"},\"image\":{\"@id\":\"https:\\\/\\\/veneakselisto.com\\\/kauppa\\\/tuote\\\/vetus-m4-56-merimoottori-2-51\\\/#primaryimage\"},\"thumbnailUrl\":\"https:\\\/\\\/i0.wp.com\\\/veneakselisto.com\\\/kauppa\\\/wp-content\\\/uploads\\\/2018\\\/10\\\/m456.jpg?fit=700%2C700&ssl=1\",\"datePublished\":\"2022-10-20T11:38:48+00:00\",\"dateModified\":\"2026-02-07T09:20:14+00:00\",\"description\":\"Vetus M4.56 Merimoottori 2.5:1. Vetus merimoottorit toimittaa aina edullinen Veneakselisto.com - Verkkokauppa - Venetarvikkeiden maahantuonti ja myynti.\",\"breadcrumb\":{\"@id\":\"https:\\\/\\\/veneakselisto.com\\\/kauppa\\\/tuote\\\/vetus-m4-56-merimoottori-2-51\\\/#breadcrumb\"},\"inLanguage\":\"fi\",\"potentialAction\":[{\"@type\":\"ReadAction\",\"target\":[\"https:\\\/\\\/veneakselisto.com\\\/kauppa\\\/tuote\\\/vetus-m4-56-merimoottori-2-51\\\/\"]}]},{\"@type\":\"ImageObject\",\"inLanguage\":\"fi\",\"@id\":\"https:\\\/\\\/veneakselisto.com\\\/kauppa\\\/tuote\\\/vetus-m4-56-merimoottori-2-51\\\/#primaryimage\",\"url\":\"https:\\\/\\\/i0.wp.com\\\/veneakselisto.com\\\/kauppa\\\/wp-content\\\/uploads\\\/2018\\\/10\\\/m456.jpg?fit=700%2C700&ssl=1\",\"contentUrl\":\"https:\\\/\\\/i0.wp.com\\\/veneakselisto.com\\\/kauppa\\\/wp-content\\\/uploads\\\/2018\\\/10\\\/m456.jpg?fit=700%2C700&ssl=1\",\"width\":700,\"height\":700,\"caption\":\"Vetus M-line merimoottorit veneakselisto.com -verkkokaupasta.\"},{\"@type\":\"BreadcrumbList\",\"@id\":\"https:\\\/\\\/veneakselisto.com\\\/kauppa\\\/tuote\\\/vetus-m4-56-merimoottori-2-51\\\/#breadcrumb\",\"itemListElement\":[{\"@type\":\"ListItem\",\"position\":1,\"name\":\"Etusivu\",\"item\":\"https:\\\/\\\/veneakselisto.com\\\/kauppa\\\/\"},{\"@type\":\"ListItem\",\"position\":2,\"name\":\"Kauppa\",\"item\":\"https:\\\/\\\/veneakselisto.com\\\/kauppa\\\/\"},{\"@type\":\"ListItem\",\"position\":3,\"name\":\"Vetus M4.56 Merimoottori 2.5:1 TMC60A\"}]},{\"@type\":\"WebSite\",\"@id\":\"https:\\\/\\\/veneakselisto.com\\\/kauppa\\\/#website\",\"url\":\"https:\\\/\\\/veneakselisto.com\\\/kauppa\\\/\",\"name\":\"Veneakselisto.com - verkkokauppa\",\"description\":\"Venetarvikkeiden maahantuonti ja myynti\",\"publisher\":{\"@id\":\"https:\\\/\\\/veneakselisto.com\\\/kauppa\\\/#organization\"},\"potentialAction\":[{\"@type\":\"SearchAction\",\"target\":{\"@type\":\"EntryPoint\",\"urlTemplate\":\"https:\\\/\\\/veneakselisto.com\\\/kauppa\\\/?s={search_term_string}\"},\"query-input\":{\"@type\":\"PropertyValueSpecification\",\"valueRequired\":true,\"valueName\":\"search_term_string\"}}],\"inLanguage\":\"fi\"},{\"@type\":\"Organization\",\"@id\":\"https:\\\/\\\/veneakselisto.com\\\/kauppa\\\/#organization\",\"name\":\"Veneakselisto.com verkkokauppa\",\"url\":\"https:\\\/\\\/veneakselisto.com\\\/kauppa\\\/\",\"logo\":{\"@type\":\"ImageObject\",\"inLanguage\":\"fi\",\"@id\":\"https:\\\/\\\/veneakselisto.com\\\/kauppa\\\/#\\\/schema\\\/logo\\\/image\\\/\",\"url\":\"https:\\\/\\\/i2.wp.com\\\/veneakselisto.com\\\/kauppa\\\/wp-content\\\/uploads\\\/2016\\\/06\\\/fb_icon.jpg?fit=327%2C327&ssl=1\",\"contentUrl\":\"https:\\\/\\\/i2.wp.com\\\/veneakselisto.com\\\/kauppa\\\/wp-content\\\/uploads\\\/2016\\\/06\\\/fb_icon.jpg?fit=327%2C327&ssl=1\",\"width\":327,\"height\":327,\"caption\":\"Veneakselisto.com verkkokauppa\"},\"image\":{\"@id\":\"https:\\\/\\\/veneakselisto.com\\\/kauppa\\\/#\\\/schema\\\/logo\\\/image\\\/\"},\"sameAs\":[\"https:\\\/\\\/www.facebook.com\\\/AlaMikkula\\\/\"]}]}<\/script>\n<!-- \/ Yoast SEO plugin. -->","yoast_head_json":{"title":"Vetus M4.56 Merimoottori 2.5:1 - Veneakselisto.com","description":"Vetus M4.56 Merimoottori 2.5:1. Vetus merimoottorit toimittaa aina edullinen Veneakselisto.com - Verkkokauppa - Venetarvikkeiden maahantuonti ja myynti.","robots":{"index":"index","follow":"follow","max-snippet":"max-snippet:-1","max-image-preview":"max-image-preview:large","max-video-preview":"max-video-preview:-1"},"canonical":"https:\/\/veneakselisto.com\/kauppa\/tuote\/vetus-m4-56-merimoottori-2-51\/","og_locale":"fi_FI","og_type":"article","og_title":"Vetus M4.56 Merimoottori 2.5:1 - Veneakselisto.com","og_description":"Vetus M4.56 Merimoottori 2.5:1. Vetus merimoottorit toimittaa aina edullinen Veneakselisto.com - Verkkokauppa - Venetarvikkeiden maahantuonti ja myynti.","og_url":"https:\/\/veneakselisto.com\/kauppa\/tuote\/vetus-m4-56-merimoottori-2-51\/","og_site_name":"Veneakselisto.com - verkkokauppa","article_publisher":"https:\/\/www.facebook.com\/AlaMikkula\/","article_modified_time":"2026-02-07T09:20:14+00:00","og_image":[{"width":700,"height":700,"url":"https:\/\/veneakselisto.com\/kauppa\/wp-content\/uploads\/2018\/10\/m456.jpg","type":"image\/jpeg"}],"twitter_card":"summary_large_image","twitter_misc":{"Arvioitu lukuaika":"4 minuuttia"},"schema":{"@context":"https:\/\/schema.org","@graph":[{"@type":"WebPage","@id":"https:\/\/veneakselisto.com\/kauppa\/tuote\/vetus-m4-56-merimoottori-2-51\/","url":"https:\/\/veneakselisto.com\/kauppa\/tuote\/vetus-m4-56-merimoottori-2-51\/","name":"Vetus M4.56 Merimoottori 2.5:1 - Veneakselisto.com","isPartOf":{"@id":"https:\/\/veneakselisto.com\/kauppa\/#website"},"primaryImageOfPage":{"@id":"https:\/\/veneakselisto.com\/kauppa\/tuote\/vetus-m4-56-merimoottori-2-51\/#primaryimage"},"image":{"@id":"https:\/\/veneakselisto.com\/kauppa\/tuote\/vetus-m4-56-merimoottori-2-51\/#primaryimage"},"thumbnailUrl":"https:\/\/i0.wp.com\/veneakselisto.com\/kauppa\/wp-content\/uploads\/2018\/10\/m456.jpg?fit=700%2C700&ssl=1","datePublished":"2022-10-20T11:38:48+00:00","dateModified":"2026-02-07T09:20:14+00:00","description":"Vetus M4.56 Merimoottori 2.5:1. Vetus merimoottorit toimittaa aina edullinen Veneakselisto.com - Verkkokauppa - Venetarvikkeiden maahantuonti ja myynti.","breadcrumb":{"@id":"https:\/\/veneakselisto.com\/kauppa\/tuote\/vetus-m4-56-merimoottori-2-51\/#breadcrumb"},"inLanguage":"fi","potentialAction":[{"@type":"ReadAction","target":["https:\/\/veneakselisto.com\/kauppa\/tuote\/vetus-m4-56-merimoottori-2-51\/"]}]},{"@type":"ImageObject","inLanguage":"fi","@id":"https:\/\/veneakselisto.com\/kauppa\/tuote\/vetus-m4-56-merimoottori-2-51\/#primaryimage","url":"https:\/\/i0.wp.com\/veneakselisto.com\/kauppa\/wp-content\/uploads\/2018\/10\/m456.jpg?fit=700%2C700&ssl=1","contentUrl":"https:\/\/i0.wp.com\/veneakselisto.com\/kauppa\/wp-content\/uploads\/2018\/10\/m456.jpg?fit=700%2C700&ssl=1","width":700,"height":700,"caption":"Vetus M-line merimoottorit veneakselisto.com -verkkokaupasta."},{"@type":"BreadcrumbList","@id":"https:\/\/veneakselisto.com\/kauppa\/tuote\/vetus-m4-56-merimoottori-2-51\/#breadcrumb","itemListElement":[{"@type":"ListItem","position":1,"name":"Etusivu","item":"https:\/\/veneakselisto.com\/kauppa\/"},{"@type":"ListItem","position":2,"name":"Kauppa","item":"https:\/\/veneakselisto.com\/kauppa\/"},{"@type":"ListItem","position":3,"name":"Vetus M4.56 Merimoottori 2.5:1 TMC60A"}]},{"@type":"WebSite","@id":"https:\/\/veneakselisto.com\/kauppa\/#website","url":"https:\/\/veneakselisto.com\/kauppa\/","name":"Veneakselisto.com - verkkokauppa","description":"Venetarvikkeiden maahantuonti ja myynti","publisher":{"@id":"https:\/\/veneakselisto.com\/kauppa\/#organization"},"potentialAction":[{"@type":"SearchAction","target":{"@type":"EntryPoint","urlTemplate":"https:\/\/veneakselisto.com\/kauppa\/?s={search_term_string}"},"query-input":{"@type":"PropertyValueSpecification","valueRequired":true,"valueName":"search_term_string"}}],"inLanguage":"fi"},{"@type":"Organization","@id":"https:\/\/veneakselisto.com\/kauppa\/#organization","name":"Veneakselisto.com verkkokauppa","url":"https:\/\/veneakselisto.com\/kauppa\/","logo":{"@type":"ImageObject","inLanguage":"fi","@id":"https:\/\/veneakselisto.com\/kauppa\/#\/schema\/logo\/image\/","url":"https:\/\/i2.wp.com\/veneakselisto.com\/kauppa\/wp-content\/uploads\/2016\/06\/fb_icon.jpg?fit=327%2C327&ssl=1","contentUrl":"https:\/\/i2.wp.com\/veneakselisto.com\/kauppa\/wp-content\/uploads\/2016\/06\/fb_icon.jpg?fit=327%2C327&ssl=1","width":327,"height":327,"caption":"Veneakselisto.com verkkokauppa"},"image":{"@id":"https:\/\/veneakselisto.com\/kauppa\/#\/schema\/logo\/image\/"},"sameAs":["https:\/\/www.facebook.com\/AlaMikkula\/"]}]}},"jetpack_publicize_connections":[],"jetpack_sharing_enabled":true,"_links":{"self":[{"href":"https:\/\/veneakselisto.com\/kauppa\/wp-json\/wp\/v2\/product\/15109","targetHints":{"allow":["GET"]}}],"collection":[{"href":"https:\/\/veneakselisto.com\/kauppa\/wp-json\/wp\/v2\/product"}],"about":[{"href":"https:\/\/veneakselisto.com\/kauppa\/wp-json\/wp\/v2\/types\/product"}],"replies":[{"embeddable":true,"href":"https:\/\/veneakselisto.com\/kauppa\/wp-json\/wp\/v2\/comments?post=15109"}],"wp:featuredmedia":[{"embeddable":true,"href":"https:\/\/veneakselisto.com\/kauppa\/wp-json\/wp\/v2\/media\/3352"}],"wp:attachment":[{"href":"https:\/\/veneakselisto.com\/kauppa\/wp-json\/wp\/v2\/media?parent=15109"}],"wp:term":[{"taxonomy":"product_brand","embeddable":true,"href":"https:\/\/veneakselisto.com\/kauppa\/wp-json\/wp\/v2\/product_brand?post=15109"},{"taxonomy":"product_cat","embeddable":true,"href":"https:\/\/veneakselisto.com\/kauppa\/wp-json\/wp\/v2\/product_cat?post=15109"},{"taxonomy":"product_tag","embeddable":true,"href":"https:\/\/veneakselisto.com\/kauppa\/wp-json\/wp\/v2\/product_tag?post=15109"}],"curies":[{"name":"wp","href":"https:\/\/api.w.org\/{rel}","templated":true}]}}