{"id":14595,"date":"2022-09-22T11:24:51","date_gmt":"2022-09-22T08:24:51","guid":{"rendered":"https:\/\/veneakselisto.com\/kauppa\/?post_type=product&#038;p=14595"},"modified":"2025-11-12T13:23:52","modified_gmt":"2025-11-12T11:23:52","slug":"40-70hv-evinrude-johnson-12-1-4-x-15-peramoottorin-potkuri","status":"publish","type":"product","link":"https:\/\/veneakselisto.com\/kauppa\/tuote\/40-70hv-evinrude-johnson-12-1-4-x-15-peramoottorin-potkuri\/","title":{"rendered":"12 1\/4 x 15 40-70hv Evinrude Johnson per\u00e4moottorin potkuri"},"content":{"rendered":"<div>40-70hv Evinrude Johnson 12 1\/4 x 15 per\u00e4moottorin potkuri<\/div>\n<div><\/div>\n<div>Valmistaja Polastorm<\/div>\n<div>\n<p>KOKO 12 1\/4 x 15<\/p>\n<p>13 rihlaa<\/p>\n<div id=\"short_description_block\">\n<div id=\"short_description_content\" class=\"rte align_justify\">\n<div id=\"short_description_block\">\n<div id=\"short_description_content\" class=\"rte align_justify\">\n<div>Johnson\/Evinrude<\/div>\n<div>40-75HP &#8211; 3 3\/8 Gearcase &#8211; 13 tooth spline<\/div>\n<div><\/div>\n<div>40HP 1984-2005<\/div>\n<div>48HP 1987-96<\/div>\n<div>50HP 1975-2005<\/div>\n<div>55HP 1976-79<\/div>\n<div>60HP 1980-85<\/div>\n<div>65HP 1980-85<\/div>\n<div>75HP 1975-85<\/div>\n<div>Sprint 1986-92<\/div>\n<div>Formula E 1986-92<\/div>\n<\/div>\n<\/div>\n<\/div>\n<\/div>\n<\/div>\n<div><\/div>\n<div>My\u00f6s muita kokoja&#8230;Kysy!<\/div>\n<div>\n<p>Hyv\u00e4 tiet\u00e4\u00e4 potkurin valinnassa.<\/p>\n<p>Selvit\u00e4 mik\u00e4 potkuri sinulla on nyt moottorissasi. Potkurin koko lukee potkurin navassa lapojen v\u00e4liss\u00e4 tai navan p\u00e4\u00e4ss\u00e4. Esim. 13 1\/4 x 17. Ensinm\u00e4inen numero on potkurin halkaisija ja j\u00e4lkinm\u00e4inen on potkurin nousu.<\/p>\n<p>Muutos potkurin nousussa voi lis\u00e4t\u00e4 tai v\u00e4hent\u00e4\u00e4 moottorin kierroslukua. Kahden tuuman (2\u201d) lis\u00e4ys tai v\u00e4hennys potkurin nousuun muuttaa moottorin kierroslukua noin +- 350 rpm. Tarkista my\u00f6s moottorinvalmistajan suosittelema kierroslukualue!<\/p>\n<p>Potkurimyyj\u00e4lle k\u00e4site \u201dvakiopotkuri\u201d on vaikea, sill\u00e4 kaikki potkurivalmistajan valikoimassa olevat potkurit ovat periaatteessa vakiopotkureita. Kahdessa t\u00e4ysin samanlaisessa veneess\u00e4, varustettuna saman tehoisilla moottoreilla, voi potkurit olla eri kokoiset mik\u00e4li veneit\u00e4 ajetaan eri kuormalla. Siksi on eritt\u00e4in t\u00e4rke\u00e4\u00e4 merkit\u00e4 muistiin potkurin koko ja suurin kierrosluku, jonka moottori saavuttaa sek\u00e4 veneen suurin nopeus.<\/p>\n<p>Moottorioston yhteydess\u00e4 moottorin kanssa on yleens\u00e4 toimitettu potkuri, jota kutsutaan \u201cvakiopotkuriksi\u201d. Kooltaan t\u00e4m\u00e4 potkuri on arvioitu sopivan mahdollisimman moneen moottori\/vene yhdistelm\u00e4\u00e4n. Vakiopotkuri ei siis aina ole paras vaihtoehto.<\/p>\n<\/div>\n","protected":false},"excerpt":{"rendered":"<div>40-70hv Evinrude Johnson 12 1\/4 x 15 per\u00e4moottorin potkuri<\/div>\n<div><\/div>\n<div>Johnson\/Evinrude<\/div>\n<div>40-75HP &#8211; 3 3\/8 Gearcase &#8211; 13 tooth spline<\/div>\n<div><\/div>\n<div>40HP 1984-2005<\/div>\n<div>48HP 1987-96<\/div>\n<div>50HP 1975-2005<\/div>\n<div>55HP 1976-79<\/div>\n<div>60HP 1980-85<\/div>\n<div>65HP 1980-85<\/div>\n<div>75HP 1975-85<\/div>\n<div>Sprint 1986-92<\/div>\n<div>Formula E 1986-92<\/div>\n<div><\/div>\n<div>Verkkokauppa tuote. Toimitusaika 1-4pv normaalisti.<\/div>\n","protected":false},"featured_media":14469,"comment_status":"open","ping_status":"closed","template":"","meta":{"jetpack_post_was_ever_published":false,"jetpack_publicize_message":"","jetpack_publicize_feature_enabled":true,"jetpack_social_post_already_shared":true,"jetpack_social_options":{"image_generator_settings":{"template":"highway","default_image_id":0,"font":"","enabled":false},"version":2}},"product_brand":[],"product_cat":[1227,1188,553,18],"product_tag":[385,384,383,554,89],"class_list":{"0":"post-14595","1":"product","2":"type-product","3":"status-publish","4":"has-post-thumbnail","6":"product_cat-johnson-evinrude-potkuri-johnson-evinrude-potkuri","7":"product_cat-johnson-evinrude-potkuri","8":"product_cat-solas_polastorm_alumiinipotkurit","9":"product_cat-potkurit","10":"product_tag-evinrude","11":"product_tag-johnson","12":"product_tag-peramoottori","13":"product_tag-peramoottorinpotkuri","14":"product_tag-potkuri","15":"brand-polastorm","17":"first","18":"onbackorder","19":"taxable","20":"shipping-taxable","21":"purchasable","22":"product-type-simple"},"yoast_head":"<!-- This site is optimized with the Yoast SEO plugin v27.3 - https:\/\/yoast.com\/product\/yoast-seo-wordpress\/ -->\n<title>40-70hv Evinrude Johnson 12 1\/4 x 15 per\u00e4moottorin potkuri -Veneakselisto<\/title>\n<meta name=\"description\" content=\"40-70hv Evinrude Johnson 12 1\/2 x 13 per\u00e4moottorin potkuri- Potkurin toimittaa potkureiden erikoisliike-Veneakselisto.com-Evinrude potkuri\" \/>\n<meta name=\"robots\" content=\"index, follow, max-snippet:-1, max-image-preview:large, max-video-preview:-1\" \/>\n<link rel=\"canonical\" href=\"https:\/\/veneakselisto.com\/kauppa\/tuote\/40-70hv-evinrude-johnson-12-1-4-x-15-peramoottorin-potkuri\/\" \/>\n<meta property=\"og:locale\" content=\"fi_FI\" \/>\n<meta property=\"og:type\" content=\"article\" \/>\n<meta property=\"og:title\" content=\"40-70hv Evinrude Johnson 12 1\/4 x 15 per\u00e4moottorin potkuri -Veneakselisto\" \/>\n<meta property=\"og:description\" content=\"40-70hv Evinrude Johnson 12 1\/2 x 13 per\u00e4moottorin potkuri- Potkurin toimittaa potkureiden erikoisliike-Veneakselisto.com-Evinrude potkuri\" \/>\n<meta property=\"og:url\" content=\"https:\/\/veneakselisto.com\/kauppa\/tuote\/40-70hv-evinrude-johnson-12-1-4-x-15-peramoottorin-potkuri\/\" \/>\n<meta property=\"og:site_name\" content=\"Veneakselisto.com - verkkokauppa\" \/>\n<meta property=\"article:publisher\" content=\"https:\/\/www.facebook.com\/AlaMikkula\/\" \/>\n<meta property=\"article:modified_time\" content=\"2025-11-12T11:23:52+00:00\" \/>\n<meta property=\"og:image\" content=\"https:\/\/veneakselisto.com\/kauppa\/wp-content\/uploads\/2022\/09\/Nissan-potkuri-pola.jpg\" \/>\n\t<meta property=\"og:image:width\" content=\"500\" \/>\n\t<meta property=\"og:image:height\" content=\"500\" \/>\n\t<meta property=\"og:image:type\" content=\"image\/jpeg\" \/>\n<meta name=\"twitter:card\" content=\"summary_large_image\" \/>\n<meta name=\"twitter:label1\" content=\"Arvioitu lukuaika\" \/>\n\t<meta name=\"twitter:data1\" content=\"2 minuuttia\" \/>\n<script type=\"application\/ld+json\" class=\"yoast-schema-graph\">{\"@context\":\"https:\\\/\\\/schema.org\",\"@graph\":[{\"@type\":\"WebPage\",\"@id\":\"https:\\\/\\\/veneakselisto.com\\\/kauppa\\\/tuote\\\/40-70hv-evinrude-johnson-12-1-4-x-15-peramoottorin-potkuri\\\/\",\"url\":\"https:\\\/\\\/veneakselisto.com\\\/kauppa\\\/tuote\\\/40-70hv-evinrude-johnson-12-1-4-x-15-peramoottorin-potkuri\\\/\",\"name\":\"40-70hv Evinrude Johnson 12 1\\\/4 x 15 per\u00e4moottorin potkuri -Veneakselisto\",\"isPartOf\":{\"@id\":\"https:\\\/\\\/veneakselisto.com\\\/kauppa\\\/#website\"},\"primaryImageOfPage\":{\"@id\":\"https:\\\/\\\/veneakselisto.com\\\/kauppa\\\/tuote\\\/40-70hv-evinrude-johnson-12-1-4-x-15-peramoottorin-potkuri\\\/#primaryimage\"},\"image\":{\"@id\":\"https:\\\/\\\/veneakselisto.com\\\/kauppa\\\/tuote\\\/40-70hv-evinrude-johnson-12-1-4-x-15-peramoottorin-potkuri\\\/#primaryimage\"},\"thumbnailUrl\":\"https:\\\/\\\/i0.wp.com\\\/veneakselisto.com\\\/kauppa\\\/wp-content\\\/uploads\\\/2022\\\/09\\\/Nissan-potkuri-pola.jpg?fit=500%2C500&ssl=1\",\"datePublished\":\"2022-09-22T08:24:51+00:00\",\"dateModified\":\"2025-11-12T11:23:52+00:00\",\"description\":\"40-70hv Evinrude Johnson 12 1\\\/2 x 13 per\u00e4moottorin potkuri- Potkurin toimittaa potkureiden erikoisliike-Veneakselisto.com-Evinrude potkuri\",\"breadcrumb\":{\"@id\":\"https:\\\/\\\/veneakselisto.com\\\/kauppa\\\/tuote\\\/40-70hv-evinrude-johnson-12-1-4-x-15-peramoottorin-potkuri\\\/#breadcrumb\"},\"inLanguage\":\"fi\",\"potentialAction\":[{\"@type\":\"ReadAction\",\"target\":[\"https:\\\/\\\/veneakselisto.com\\\/kauppa\\\/tuote\\\/40-70hv-evinrude-johnson-12-1-4-x-15-peramoottorin-potkuri\\\/\"]}]},{\"@type\":\"ImageObject\",\"inLanguage\":\"fi\",\"@id\":\"https:\\\/\\\/veneakselisto.com\\\/kauppa\\\/tuote\\\/40-70hv-evinrude-johnson-12-1-4-x-15-peramoottorin-potkuri\\\/#primaryimage\",\"url\":\"https:\\\/\\\/i0.wp.com\\\/veneakselisto.com\\\/kauppa\\\/wp-content\\\/uploads\\\/2022\\\/09\\\/Nissan-potkuri-pola.jpg?fit=500%2C500&ssl=1\",\"contentUrl\":\"https:\\\/\\\/i0.wp.com\\\/veneakselisto.com\\\/kauppa\\\/wp-content\\\/uploads\\\/2022\\\/09\\\/Nissan-potkuri-pola.jpg?fit=500%2C500&ssl=1\",\"width\":500,\"height\":500,\"caption\":\"Mercury-Tohatsu-Suzuki-per\u00e4moottorin-potkuri-Plastorm-Veneakselisto.com\"},{\"@type\":\"BreadcrumbList\",\"@id\":\"https:\\\/\\\/veneakselisto.com\\\/kauppa\\\/tuote\\\/40-70hv-evinrude-johnson-12-1-4-x-15-peramoottorin-potkuri\\\/#breadcrumb\",\"itemListElement\":[{\"@type\":\"ListItem\",\"position\":1,\"name\":\"Etusivu\",\"item\":\"https:\\\/\\\/veneakselisto.com\\\/kauppa\\\/\"},{\"@type\":\"ListItem\",\"position\":2,\"name\":\"Kauppa\",\"item\":\"https:\\\/\\\/veneakselisto.com\\\/kauppa\\\/\"},{\"@type\":\"ListItem\",\"position\":3,\"name\":\"12 1\\\/4 x 15 40-70hv Evinrude Johnson per\u00e4moottorin potkuri\"}]},{\"@type\":\"WebSite\",\"@id\":\"https:\\\/\\\/veneakselisto.com\\\/kauppa\\\/#website\",\"url\":\"https:\\\/\\\/veneakselisto.com\\\/kauppa\\\/\",\"name\":\"Veneakselisto.com - verkkokauppa\",\"description\":\"Venetarvikkeiden maahantuonti ja myynti\",\"publisher\":{\"@id\":\"https:\\\/\\\/veneakselisto.com\\\/kauppa\\\/#organization\"},\"potentialAction\":[{\"@type\":\"SearchAction\",\"target\":{\"@type\":\"EntryPoint\",\"urlTemplate\":\"https:\\\/\\\/veneakselisto.com\\\/kauppa\\\/?s={search_term_string}\"},\"query-input\":{\"@type\":\"PropertyValueSpecification\",\"valueRequired\":true,\"valueName\":\"search_term_string\"}}],\"inLanguage\":\"fi\"},{\"@type\":\"Organization\",\"@id\":\"https:\\\/\\\/veneakselisto.com\\\/kauppa\\\/#organization\",\"name\":\"Veneakselisto.com verkkokauppa\",\"url\":\"https:\\\/\\\/veneakselisto.com\\\/kauppa\\\/\",\"logo\":{\"@type\":\"ImageObject\",\"inLanguage\":\"fi\",\"@id\":\"https:\\\/\\\/veneakselisto.com\\\/kauppa\\\/#\\\/schema\\\/logo\\\/image\\\/\",\"url\":\"https:\\\/\\\/i2.wp.com\\\/veneakselisto.com\\\/kauppa\\\/wp-content\\\/uploads\\\/2016\\\/06\\\/fb_icon.jpg?fit=327%2C327&ssl=1\",\"contentUrl\":\"https:\\\/\\\/i2.wp.com\\\/veneakselisto.com\\\/kauppa\\\/wp-content\\\/uploads\\\/2016\\\/06\\\/fb_icon.jpg?fit=327%2C327&ssl=1\",\"width\":327,\"height\":327,\"caption\":\"Veneakselisto.com verkkokauppa\"},\"image\":{\"@id\":\"https:\\\/\\\/veneakselisto.com\\\/kauppa\\\/#\\\/schema\\\/logo\\\/image\\\/\"},\"sameAs\":[\"https:\\\/\\\/www.facebook.com\\\/AlaMikkula\\\/\"]}]}<\/script>\n<!-- \/ Yoast SEO plugin. -->","yoast_head_json":{"title":"40-70hv Evinrude Johnson 12 1\/4 x 15 per\u00e4moottorin potkuri -Veneakselisto","description":"40-70hv Evinrude Johnson 12 1\/2 x 13 per\u00e4moottorin potkuri- Potkurin toimittaa potkureiden erikoisliike-Veneakselisto.com-Evinrude potkuri","robots":{"index":"index","follow":"follow","max-snippet":"max-snippet:-1","max-image-preview":"max-image-preview:large","max-video-preview":"max-video-preview:-1"},"canonical":"https:\/\/veneakselisto.com\/kauppa\/tuote\/40-70hv-evinrude-johnson-12-1-4-x-15-peramoottorin-potkuri\/","og_locale":"fi_FI","og_type":"article","og_title":"40-70hv Evinrude Johnson 12 1\/4 x 15 per\u00e4moottorin potkuri -Veneakselisto","og_description":"40-70hv Evinrude Johnson 12 1\/2 x 13 per\u00e4moottorin potkuri- Potkurin toimittaa potkureiden erikoisliike-Veneakselisto.com-Evinrude potkuri","og_url":"https:\/\/veneakselisto.com\/kauppa\/tuote\/40-70hv-evinrude-johnson-12-1-4-x-15-peramoottorin-potkuri\/","og_site_name":"Veneakselisto.com - verkkokauppa","article_publisher":"https:\/\/www.facebook.com\/AlaMikkula\/","article_modified_time":"2025-11-12T11:23:52+00:00","og_image":[{"width":500,"height":500,"url":"https:\/\/veneakselisto.com\/kauppa\/wp-content\/uploads\/2022\/09\/Nissan-potkuri-pola.jpg","type":"image\/jpeg"}],"twitter_card":"summary_large_image","twitter_misc":{"Arvioitu lukuaika":"2 minuuttia"},"schema":{"@context":"https:\/\/schema.org","@graph":[{"@type":"WebPage","@id":"https:\/\/veneakselisto.com\/kauppa\/tuote\/40-70hv-evinrude-johnson-12-1-4-x-15-peramoottorin-potkuri\/","url":"https:\/\/veneakselisto.com\/kauppa\/tuote\/40-70hv-evinrude-johnson-12-1-4-x-15-peramoottorin-potkuri\/","name":"40-70hv Evinrude Johnson 12 1\/4 x 15 per\u00e4moottorin potkuri -Veneakselisto","isPartOf":{"@id":"https:\/\/veneakselisto.com\/kauppa\/#website"},"primaryImageOfPage":{"@id":"https:\/\/veneakselisto.com\/kauppa\/tuote\/40-70hv-evinrude-johnson-12-1-4-x-15-peramoottorin-potkuri\/#primaryimage"},"image":{"@id":"https:\/\/veneakselisto.com\/kauppa\/tuote\/40-70hv-evinrude-johnson-12-1-4-x-15-peramoottorin-potkuri\/#primaryimage"},"thumbnailUrl":"https:\/\/i0.wp.com\/veneakselisto.com\/kauppa\/wp-content\/uploads\/2022\/09\/Nissan-potkuri-pola.jpg?fit=500%2C500&ssl=1","datePublished":"2022-09-22T08:24:51+00:00","dateModified":"2025-11-12T11:23:52+00:00","description":"40-70hv Evinrude Johnson 12 1\/2 x 13 per\u00e4moottorin potkuri- Potkurin toimittaa potkureiden erikoisliike-Veneakselisto.com-Evinrude potkuri","breadcrumb":{"@id":"https:\/\/veneakselisto.com\/kauppa\/tuote\/40-70hv-evinrude-johnson-12-1-4-x-15-peramoottorin-potkuri\/#breadcrumb"},"inLanguage":"fi","potentialAction":[{"@type":"ReadAction","target":["https:\/\/veneakselisto.com\/kauppa\/tuote\/40-70hv-evinrude-johnson-12-1-4-x-15-peramoottorin-potkuri\/"]}]},{"@type":"ImageObject","inLanguage":"fi","@id":"https:\/\/veneakselisto.com\/kauppa\/tuote\/40-70hv-evinrude-johnson-12-1-4-x-15-peramoottorin-potkuri\/#primaryimage","url":"https:\/\/i0.wp.com\/veneakselisto.com\/kauppa\/wp-content\/uploads\/2022\/09\/Nissan-potkuri-pola.jpg?fit=500%2C500&ssl=1","contentUrl":"https:\/\/i0.wp.com\/veneakselisto.com\/kauppa\/wp-content\/uploads\/2022\/09\/Nissan-potkuri-pola.jpg?fit=500%2C500&ssl=1","width":500,"height":500,"caption":"Mercury-Tohatsu-Suzuki-per\u00e4moottorin-potkuri-Plastorm-Veneakselisto.com"},{"@type":"BreadcrumbList","@id":"https:\/\/veneakselisto.com\/kauppa\/tuote\/40-70hv-evinrude-johnson-12-1-4-x-15-peramoottorin-potkuri\/#breadcrumb","itemListElement":[{"@type":"ListItem","position":1,"name":"Etusivu","item":"https:\/\/veneakselisto.com\/kauppa\/"},{"@type":"ListItem","position":2,"name":"Kauppa","item":"https:\/\/veneakselisto.com\/kauppa\/"},{"@type":"ListItem","position":3,"name":"12 1\/4 x 15 40-70hv Evinrude Johnson per\u00e4moottorin potkuri"}]},{"@type":"WebSite","@id":"https:\/\/veneakselisto.com\/kauppa\/#website","url":"https:\/\/veneakselisto.com\/kauppa\/","name":"Veneakselisto.com - verkkokauppa","description":"Venetarvikkeiden maahantuonti ja myynti","publisher":{"@id":"https:\/\/veneakselisto.com\/kauppa\/#organization"},"potentialAction":[{"@type":"SearchAction","target":{"@type":"EntryPoint","urlTemplate":"https:\/\/veneakselisto.com\/kauppa\/?s={search_term_string}"},"query-input":{"@type":"PropertyValueSpecification","valueRequired":true,"valueName":"search_term_string"}}],"inLanguage":"fi"},{"@type":"Organization","@id":"https:\/\/veneakselisto.com\/kauppa\/#organization","name":"Veneakselisto.com verkkokauppa","url":"https:\/\/veneakselisto.com\/kauppa\/","logo":{"@type":"ImageObject","inLanguage":"fi","@id":"https:\/\/veneakselisto.com\/kauppa\/#\/schema\/logo\/image\/","url":"https:\/\/i2.wp.com\/veneakselisto.com\/kauppa\/wp-content\/uploads\/2016\/06\/fb_icon.jpg?fit=327%2C327&ssl=1","contentUrl":"https:\/\/i2.wp.com\/veneakselisto.com\/kauppa\/wp-content\/uploads\/2016\/06\/fb_icon.jpg?fit=327%2C327&ssl=1","width":327,"height":327,"caption":"Veneakselisto.com verkkokauppa"},"image":{"@id":"https:\/\/veneakselisto.com\/kauppa\/#\/schema\/logo\/image\/"},"sameAs":["https:\/\/www.facebook.com\/AlaMikkula\/"]}]}},"jetpack_publicize_connections":[],"jetpack_sharing_enabled":true,"_links":{"self":[{"href":"https:\/\/veneakselisto.com\/kauppa\/wp-json\/wp\/v2\/product\/14595","targetHints":{"allow":["GET"]}}],"collection":[{"href":"https:\/\/veneakselisto.com\/kauppa\/wp-json\/wp\/v2\/product"}],"about":[{"href":"https:\/\/veneakselisto.com\/kauppa\/wp-json\/wp\/v2\/types\/product"}],"replies":[{"embeddable":true,"href":"https:\/\/veneakselisto.com\/kauppa\/wp-json\/wp\/v2\/comments?post=14595"}],"wp:featuredmedia":[{"embeddable":true,"href":"https:\/\/veneakselisto.com\/kauppa\/wp-json\/wp\/v2\/media\/14469"}],"wp:attachment":[{"href":"https:\/\/veneakselisto.com\/kauppa\/wp-json\/wp\/v2\/media?parent=14595"}],"wp:term":[{"taxonomy":"product_brand","embeddable":true,"href":"https:\/\/veneakselisto.com\/kauppa\/wp-json\/wp\/v2\/product_brand?post=14595"},{"taxonomy":"product_cat","embeddable":true,"href":"https:\/\/veneakselisto.com\/kauppa\/wp-json\/wp\/v2\/product_cat?post=14595"},{"taxonomy":"product_tag","embeddable":true,"href":"https:\/\/veneakselisto.com\/kauppa\/wp-json\/wp\/v2\/product_tag?post=14595"}],"curies":[{"name":"wp","href":"https:\/\/api.w.org\/{rel}","templated":true}]}}