{"id":13657,"date":"2022-06-07T09:56:41","date_gmt":"2022-06-07T06:56:41","guid":{"rendered":"https:\/\/veneakselisto.com\/kauppa\/?post_type=product&#038;p=13657"},"modified":"2025-12-08T09:05:43","modified_gmt":"2025-12-08T07:05:43","slug":"hallintalaite-pinta-asennus-chrome","status":"publish","type":"product","link":"https:\/\/veneakselisto.com\/kauppa\/tuote\/hallintalaite-pinta-asennus-chrome\/","title":{"rendered":"HALLINTALAITE PINTA ASENNUS CHROME"},"content":{"rendered":"<p>HALLINTALAITE PINTA ASENNUS CHROME<\/p>\n<p>Teleflex\u00a0 kaukohallintalaite CH7540P\u00a0 pinta-asennukseen(&#8220;pulpetti malli&#8221;)<\/p>\n<p>SOPII ERINOMAISESTI esim. TELEFLEX 172107 tilalle<\/p>\n<p>Kaukos\u00e4\u00e4t\u00f6laite, Kaukohallintalaite<\/p>\n<div class=\"std\">\n<ul>\n<li>2-toimiset hallintalaitteet<\/li>\n<li>hallitset yhdell\u00e4 kahvalla sek\u00e4 kytkint\u00e4 ett\u00e4 kierroslukua<\/li>\n<li>helppok\u00e4ytt\u00f6isi\u00e4 ja siksi hyvin suosittuja<\/li>\n<li>ei voida kytke\u00e4 sarjaan<\/li>\n<li>pinta-asennus<\/li>\n<li>Kaukos\u00e4\u00e4t\u00f6laite Teleflex-Veneakselisto.com<\/li>\n<\/ul>\n<\/div>\n<div class=\"std-attributes\"><\/div>\n","protected":false},"excerpt":{"rendered":"<p>HALLINTALAITE PINTA ASENNUS CHROME<\/p>\n<p>Teleflex\u00a0 kaukohallintalaite CH7540P\u00a0 pinta-asennukseen(&#8220;pulpetti malli&#8221;)<\/p>\n<p>SOPII ERINOMAISESTI esim. TELEFLEX 172107 tilalle<\/p>\n<p>Kaikilla tuotteille 1-5 p\u00e4iv\u00e4n toimitusaika normaalisti<\/p>\n","protected":false},"featured_media":13658,"comment_status":"open","ping_status":"closed","template":"","meta":{"jetpack_post_was_ever_published":false,"jetpack_publicize_message":"","jetpack_publicize_feature_enabled":true,"jetpack_social_post_already_shared":true,"jetpack_social_options":{"image_generator_settings":{"template":"highway","default_image_id":0,"font":"","enabled":false},"version":2}},"product_brand":[],"product_cat":[498],"product_tag":[486,968,489,488,487],"class_list":{"0":"post-13657","1":"product","2":"type-product","3":"status-publish","4":"has-post-thumbnail","6":"product_cat-kaukosaatolaite_kaukohallintalaite_teleflex_morse","7":"product_tag-kaukohallintalaite","8":"product_tag-kaukosaatolaite","9":"product_tag-morse","10":"product_tag-teleflex","11":"product_tag-veneen-ohjaus","12":"brand-teleflex-morse","14":"first","15":"outofstock","16":"taxable","17":"shipping-taxable","18":"purchasable","19":"product-type-simple"},"yoast_head":"<!-- This site is optimized with the Yoast SEO plugin v27.4 - https:\/\/yoast.com\/product\/yoast-seo-wordpress\/ -->\n<title>HALLINTALAITE PINTA ASENNUS CHROME -Veneen-Kaukos\u00e4\u00e4t\u00f6laite<\/title>\n<meta name=\"description\" content=\"HALLINTALAITE PINTA ASENNUS CHROME . LaadukasTeleflex Morse kaukohallintalaite- Veneakselisto.com-maahantuonti ja myynti\" \/>\n<meta name=\"robots\" content=\"index, follow, max-snippet:-1, max-image-preview:large, max-video-preview:-1\" \/>\n<link rel=\"canonical\" href=\"https:\/\/veneakselisto.com\/kauppa\/tuote\/hallintalaite-pinta-asennus-chrome\/\" \/>\n<meta property=\"og:locale\" content=\"fi_FI\" \/>\n<meta property=\"og:type\" content=\"article\" \/>\n<meta property=\"og:title\" content=\"HALLINTALAITE PINTA ASENNUS CHROME -Veneen-Kaukos\u00e4\u00e4t\u00f6laite\" \/>\n<meta property=\"og:description\" content=\"HALLINTALAITE PINTA ASENNUS CHROME . LaadukasTeleflex Morse kaukohallintalaite- Veneakselisto.com-maahantuonti ja myynti\" \/>\n<meta property=\"og:url\" content=\"https:\/\/veneakselisto.com\/kauppa\/tuote\/hallintalaite-pinta-asennus-chrome\/\" \/>\n<meta property=\"og:site_name\" content=\"Veneakselisto.com - verkkokauppa\" \/>\n<meta property=\"article:publisher\" content=\"https:\/\/www.facebook.com\/AlaMikkula\/\" \/>\n<meta property=\"article:modified_time\" content=\"2025-12-08T07:05:43+00:00\" \/>\n<meta property=\"og:image\" content=\"https:\/\/veneakselisto.com\/kauppa\/wp-content\/uploads\/2022\/06\/TeleflexCH7540P.jpg\" \/>\n\t<meta property=\"og:image:width\" content=\"500\" \/>\n\t<meta property=\"og:image:height\" content=\"500\" \/>\n\t<meta property=\"og:image:type\" content=\"image\/jpeg\" \/>\n<meta name=\"twitter:card\" content=\"summary_large_image\" \/>\n<meta name=\"twitter:label1\" content=\"Arvioitu lukuaika\" \/>\n\t<meta name=\"twitter:data1\" content=\"1 minuutti\" \/>\n<script type=\"application\/ld+json\" class=\"yoast-schema-graph\">{\"@context\":\"https:\\\/\\\/schema.org\",\"@graph\":[{\"@type\":\"WebPage\",\"@id\":\"https:\\\/\\\/veneakselisto.com\\\/kauppa\\\/tuote\\\/hallintalaite-pinta-asennus-chrome\\\/\",\"url\":\"https:\\\/\\\/veneakselisto.com\\\/kauppa\\\/tuote\\\/hallintalaite-pinta-asennus-chrome\\\/\",\"name\":\"HALLINTALAITE PINTA ASENNUS CHROME -Veneen-Kaukos\u00e4\u00e4t\u00f6laite\",\"isPartOf\":{\"@id\":\"https:\\\/\\\/veneakselisto.com\\\/kauppa\\\/#website\"},\"primaryImageOfPage\":{\"@id\":\"https:\\\/\\\/veneakselisto.com\\\/kauppa\\\/tuote\\\/hallintalaite-pinta-asennus-chrome\\\/#primaryimage\"},\"image\":{\"@id\":\"https:\\\/\\\/veneakselisto.com\\\/kauppa\\\/tuote\\\/hallintalaite-pinta-asennus-chrome\\\/#primaryimage\"},\"thumbnailUrl\":\"https:\\\/\\\/i0.wp.com\\\/veneakselisto.com\\\/kauppa\\\/wp-content\\\/uploads\\\/2022\\\/06\\\/TeleflexCH7540P.jpg?fit=500%2C500&ssl=1\",\"datePublished\":\"2022-06-07T06:56:41+00:00\",\"dateModified\":\"2025-12-08T07:05:43+00:00\",\"description\":\"HALLINTALAITE PINTA ASENNUS CHROME . LaadukasTeleflex Morse kaukohallintalaite- Veneakselisto.com-maahantuonti ja myynti\",\"breadcrumb\":{\"@id\":\"https:\\\/\\\/veneakselisto.com\\\/kauppa\\\/tuote\\\/hallintalaite-pinta-asennus-chrome\\\/#breadcrumb\"},\"inLanguage\":\"fi\",\"potentialAction\":[{\"@type\":\"ReadAction\",\"target\":[\"https:\\\/\\\/veneakselisto.com\\\/kauppa\\\/tuote\\\/hallintalaite-pinta-asennus-chrome\\\/\"]}]},{\"@type\":\"ImageObject\",\"inLanguage\":\"fi\",\"@id\":\"https:\\\/\\\/veneakselisto.com\\\/kauppa\\\/tuote\\\/hallintalaite-pinta-asennus-chrome\\\/#primaryimage\",\"url\":\"https:\\\/\\\/i0.wp.com\\\/veneakselisto.com\\\/kauppa\\\/wp-content\\\/uploads\\\/2022\\\/06\\\/TeleflexCH7540P.jpg?fit=500%2C500&ssl=1\",\"contentUrl\":\"https:\\\/\\\/i0.wp.com\\\/veneakselisto.com\\\/kauppa\\\/wp-content\\\/uploads\\\/2022\\\/06\\\/TeleflexCH7540P.jpg?fit=500%2C500&ssl=1\",\"width\":500,\"height\":500,\"caption\":\"Teleflex kaukohallintalaite-veneakselisto.com\"},{\"@type\":\"BreadcrumbList\",\"@id\":\"https:\\\/\\\/veneakselisto.com\\\/kauppa\\\/tuote\\\/hallintalaite-pinta-asennus-chrome\\\/#breadcrumb\",\"itemListElement\":[{\"@type\":\"ListItem\",\"position\":1,\"name\":\"Etusivu\",\"item\":\"https:\\\/\\\/veneakselisto.com\\\/kauppa\\\/\"},{\"@type\":\"ListItem\",\"position\":2,\"name\":\"Kauppa\",\"item\":\"https:\\\/\\\/veneakselisto.com\\\/kauppa\\\/\"},{\"@type\":\"ListItem\",\"position\":3,\"name\":\"HALLINTALAITE PINTA ASENNUS CHROME\"}]},{\"@type\":\"WebSite\",\"@id\":\"https:\\\/\\\/veneakselisto.com\\\/kauppa\\\/#website\",\"url\":\"https:\\\/\\\/veneakselisto.com\\\/kauppa\\\/\",\"name\":\"Veneakselisto.com - verkkokauppa\",\"description\":\"Venetarvikkeiden maahantuonti ja myynti\",\"publisher\":{\"@id\":\"https:\\\/\\\/veneakselisto.com\\\/kauppa\\\/#organization\"},\"potentialAction\":[{\"@type\":\"SearchAction\",\"target\":{\"@type\":\"EntryPoint\",\"urlTemplate\":\"https:\\\/\\\/veneakselisto.com\\\/kauppa\\\/?s={search_term_string}\"},\"query-input\":{\"@type\":\"PropertyValueSpecification\",\"valueRequired\":true,\"valueName\":\"search_term_string\"}}],\"inLanguage\":\"fi\"},{\"@type\":\"Organization\",\"@id\":\"https:\\\/\\\/veneakselisto.com\\\/kauppa\\\/#organization\",\"name\":\"Veneakselisto.com verkkokauppa\",\"url\":\"https:\\\/\\\/veneakselisto.com\\\/kauppa\\\/\",\"logo\":{\"@type\":\"ImageObject\",\"inLanguage\":\"fi\",\"@id\":\"https:\\\/\\\/veneakselisto.com\\\/kauppa\\\/#\\\/schema\\\/logo\\\/image\\\/\",\"url\":\"https:\\\/\\\/i2.wp.com\\\/veneakselisto.com\\\/kauppa\\\/wp-content\\\/uploads\\\/2016\\\/06\\\/fb_icon.jpg?fit=327%2C327&ssl=1\",\"contentUrl\":\"https:\\\/\\\/i2.wp.com\\\/veneakselisto.com\\\/kauppa\\\/wp-content\\\/uploads\\\/2016\\\/06\\\/fb_icon.jpg?fit=327%2C327&ssl=1\",\"width\":327,\"height\":327,\"caption\":\"Veneakselisto.com verkkokauppa\"},\"image\":{\"@id\":\"https:\\\/\\\/veneakselisto.com\\\/kauppa\\\/#\\\/schema\\\/logo\\\/image\\\/\"},\"sameAs\":[\"https:\\\/\\\/www.facebook.com\\\/AlaMikkula\\\/\"]}]}<\/script>\n<!-- \/ Yoast SEO plugin. -->","yoast_head_json":{"title":"HALLINTALAITE PINTA ASENNUS CHROME -Veneen-Kaukos\u00e4\u00e4t\u00f6laite","description":"HALLINTALAITE PINTA ASENNUS CHROME . LaadukasTeleflex Morse kaukohallintalaite- Veneakselisto.com-maahantuonti ja myynti","robots":{"index":"index","follow":"follow","max-snippet":"max-snippet:-1","max-image-preview":"max-image-preview:large","max-video-preview":"max-video-preview:-1"},"canonical":"https:\/\/veneakselisto.com\/kauppa\/tuote\/hallintalaite-pinta-asennus-chrome\/","og_locale":"fi_FI","og_type":"article","og_title":"HALLINTALAITE PINTA ASENNUS CHROME -Veneen-Kaukos\u00e4\u00e4t\u00f6laite","og_description":"HALLINTALAITE PINTA ASENNUS CHROME . LaadukasTeleflex Morse kaukohallintalaite- Veneakselisto.com-maahantuonti ja myynti","og_url":"https:\/\/veneakselisto.com\/kauppa\/tuote\/hallintalaite-pinta-asennus-chrome\/","og_site_name":"Veneakselisto.com - verkkokauppa","article_publisher":"https:\/\/www.facebook.com\/AlaMikkula\/","article_modified_time":"2025-12-08T07:05:43+00:00","og_image":[{"width":500,"height":500,"url":"https:\/\/veneakselisto.com\/kauppa\/wp-content\/uploads\/2022\/06\/TeleflexCH7540P.jpg","type":"image\/jpeg"}],"twitter_card":"summary_large_image","twitter_misc":{"Arvioitu lukuaika":"1 minuutti"},"schema":{"@context":"https:\/\/schema.org","@graph":[{"@type":"WebPage","@id":"https:\/\/veneakselisto.com\/kauppa\/tuote\/hallintalaite-pinta-asennus-chrome\/","url":"https:\/\/veneakselisto.com\/kauppa\/tuote\/hallintalaite-pinta-asennus-chrome\/","name":"HALLINTALAITE PINTA ASENNUS CHROME -Veneen-Kaukos\u00e4\u00e4t\u00f6laite","isPartOf":{"@id":"https:\/\/veneakselisto.com\/kauppa\/#website"},"primaryImageOfPage":{"@id":"https:\/\/veneakselisto.com\/kauppa\/tuote\/hallintalaite-pinta-asennus-chrome\/#primaryimage"},"image":{"@id":"https:\/\/veneakselisto.com\/kauppa\/tuote\/hallintalaite-pinta-asennus-chrome\/#primaryimage"},"thumbnailUrl":"https:\/\/i0.wp.com\/veneakselisto.com\/kauppa\/wp-content\/uploads\/2022\/06\/TeleflexCH7540P.jpg?fit=500%2C500&ssl=1","datePublished":"2022-06-07T06:56:41+00:00","dateModified":"2025-12-08T07:05:43+00:00","description":"HALLINTALAITE PINTA ASENNUS CHROME . LaadukasTeleflex Morse kaukohallintalaite- Veneakselisto.com-maahantuonti ja myynti","breadcrumb":{"@id":"https:\/\/veneakselisto.com\/kauppa\/tuote\/hallintalaite-pinta-asennus-chrome\/#breadcrumb"},"inLanguage":"fi","potentialAction":[{"@type":"ReadAction","target":["https:\/\/veneakselisto.com\/kauppa\/tuote\/hallintalaite-pinta-asennus-chrome\/"]}]},{"@type":"ImageObject","inLanguage":"fi","@id":"https:\/\/veneakselisto.com\/kauppa\/tuote\/hallintalaite-pinta-asennus-chrome\/#primaryimage","url":"https:\/\/i0.wp.com\/veneakselisto.com\/kauppa\/wp-content\/uploads\/2022\/06\/TeleflexCH7540P.jpg?fit=500%2C500&ssl=1","contentUrl":"https:\/\/i0.wp.com\/veneakselisto.com\/kauppa\/wp-content\/uploads\/2022\/06\/TeleflexCH7540P.jpg?fit=500%2C500&ssl=1","width":500,"height":500,"caption":"Teleflex kaukohallintalaite-veneakselisto.com"},{"@type":"BreadcrumbList","@id":"https:\/\/veneakselisto.com\/kauppa\/tuote\/hallintalaite-pinta-asennus-chrome\/#breadcrumb","itemListElement":[{"@type":"ListItem","position":1,"name":"Etusivu","item":"https:\/\/veneakselisto.com\/kauppa\/"},{"@type":"ListItem","position":2,"name":"Kauppa","item":"https:\/\/veneakselisto.com\/kauppa\/"},{"@type":"ListItem","position":3,"name":"HALLINTALAITE PINTA ASENNUS CHROME"}]},{"@type":"WebSite","@id":"https:\/\/veneakselisto.com\/kauppa\/#website","url":"https:\/\/veneakselisto.com\/kauppa\/","name":"Veneakselisto.com - verkkokauppa","description":"Venetarvikkeiden maahantuonti ja myynti","publisher":{"@id":"https:\/\/veneakselisto.com\/kauppa\/#organization"},"potentialAction":[{"@type":"SearchAction","target":{"@type":"EntryPoint","urlTemplate":"https:\/\/veneakselisto.com\/kauppa\/?s={search_term_string}"},"query-input":{"@type":"PropertyValueSpecification","valueRequired":true,"valueName":"search_term_string"}}],"inLanguage":"fi"},{"@type":"Organization","@id":"https:\/\/veneakselisto.com\/kauppa\/#organization","name":"Veneakselisto.com verkkokauppa","url":"https:\/\/veneakselisto.com\/kauppa\/","logo":{"@type":"ImageObject","inLanguage":"fi","@id":"https:\/\/veneakselisto.com\/kauppa\/#\/schema\/logo\/image\/","url":"https:\/\/i2.wp.com\/veneakselisto.com\/kauppa\/wp-content\/uploads\/2016\/06\/fb_icon.jpg?fit=327%2C327&ssl=1","contentUrl":"https:\/\/i2.wp.com\/veneakselisto.com\/kauppa\/wp-content\/uploads\/2016\/06\/fb_icon.jpg?fit=327%2C327&ssl=1","width":327,"height":327,"caption":"Veneakselisto.com verkkokauppa"},"image":{"@id":"https:\/\/veneakselisto.com\/kauppa\/#\/schema\/logo\/image\/"},"sameAs":["https:\/\/www.facebook.com\/AlaMikkula\/"]}]}},"jetpack_publicize_connections":[],"jetpack_sharing_enabled":true,"_links":{"self":[{"href":"https:\/\/veneakselisto.com\/kauppa\/wp-json\/wp\/v2\/product\/13657","targetHints":{"allow":["GET"]}}],"collection":[{"href":"https:\/\/veneakselisto.com\/kauppa\/wp-json\/wp\/v2\/product"}],"about":[{"href":"https:\/\/veneakselisto.com\/kauppa\/wp-json\/wp\/v2\/types\/product"}],"replies":[{"embeddable":true,"href":"https:\/\/veneakselisto.com\/kauppa\/wp-json\/wp\/v2\/comments?post=13657"}],"wp:featuredmedia":[{"embeddable":true,"href":"https:\/\/veneakselisto.com\/kauppa\/wp-json\/wp\/v2\/media\/13658"}],"wp:attachment":[{"href":"https:\/\/veneakselisto.com\/kauppa\/wp-json\/wp\/v2\/media?parent=13657"}],"wp:term":[{"taxonomy":"product_brand","embeddable":true,"href":"https:\/\/veneakselisto.com\/kauppa\/wp-json\/wp\/v2\/product_brand?post=13657"},{"taxonomy":"product_cat","embeddable":true,"href":"https:\/\/veneakselisto.com\/kauppa\/wp-json\/wp\/v2\/product_cat?post=13657"},{"taxonomy":"product_tag","embeddable":true,"href":"https:\/\/veneakselisto.com\/kauppa\/wp-json\/wp\/v2\/product_tag?post=13657"}],"curies":[{"name":"wp","href":"https:\/\/api.w.org\/{rel}","templated":true}]}}