{"id":13036,"date":"2022-03-30T19:27:00","date_gmt":"2022-03-30T16:27:00","guid":{"rendered":"https:\/\/veneakselisto.com\/kauppa\/?post_type=product&#038;p=13036"},"modified":"2025-04-22T16:00:31","modified_gmt":"2025-04-22T13:00:31","slug":"johnson-pump-ultima-800-automaattinen","status":"publish","type":"product","link":"https:\/\/veneakselisto.com\/kauppa\/tuote\/johnson-pump-ultima-800-automaattinen\/","title":{"rendered":"Johnson Pump Ultima 800 automaattinen"},"content":{"rendered":"<p>Johnson Pump Ultima 800 automaattinen<\/p>\n<p>Johnson Pump upotettava pilssipumppu automaattikytkimell\u00e4.<br \/>\nTuotto: 51l\/min<br \/>\nLetkukoko: 19mm<br \/>\nK\u00e4ytt\u00f6j\u00e4nnite: 12V<\/p>\n<p>Johnson Pump Ultima Bilge 800 automaattinen pilssipumppu 12 V. Luotettava, k\u00e4tev\u00e4 ja kompakti sis\u00e4\u00e4nrakennetulla Ultima-automaattikytkimell\u00e4 varustettu asennusvalmis pumppu vuosien on luotettavaan k\u00e4ytt\u00f6\u00f6n. Pumppua toimitetaan 600-800- 1000-1250 gall\/h versiona 12 V nimellisj\u00e4nnitteell\u00e4. 600-1000 gallonaiset pumput toimitetaan suoralla ja 90 Dura-Port letkuruuvikkeella, jolla eliminoidaan mahdollinen letkukiristimen ylikirist\u00e4misest\u00e4 aiheutuva letkuliitoksen j\u00e4nnitysmurtuma. Suurituottoisin 1250:n gallonan pumppu on toimitetaan 28mm ja 32mm kierrett\u00e4v\u00e4ll\u00e4 letkuruuvikkeella. Kaikissa pumpuissa on lis\u00e4ksi irroitettava takaiskuventtiili.<\/p>\n","protected":false},"excerpt":{"rendered":"<p>Johnson Pump Ultima 800 automaattinen<\/p>\n<p>Johnson Pump upotettava pilssipumppu automaattikytkimell\u00e4.<br \/>\nTuotto: 51l\/min<br \/>\nLetkukoko: 19mm<br \/>\nK\u00e4ytt\u00f6j\u00e4nnite: 12V<\/p>\n<p>Johnson Pump Ultima Bilge 800 automaattinen pilssipumppu 12 V. Luotettava, k\u00e4tev\u00e4 ja kompakti sis\u00e4\u00e4nrakennetulla Ultima-automaattikytkimell\u00e4 varustettu asennusvalmis pumppu vuosien on luotettavaan k\u00e4ytt\u00f6\u00f6n.<\/p>\n<p>Er\u00e4 Johnson Pump pilssipumppuja eritt\u00e4in edullisesti<\/p>\n","protected":false},"featured_media":13037,"comment_status":"open","ping_status":"closed","template":"","meta":{"jetpack_post_was_ever_published":false,"jetpack_publicize_message":"","jetpack_publicize_feature_enabled":true,"jetpack_social_post_already_shared":true,"jetpack_social_options":{"image_generator_settings":{"template":"highway","default_image_id":0,"font":"","enabled":false},"version":2}},"product_brand":[],"product_cat":[54,57,331],"product_tag":[192,207],"class_list":{"0":"post-13036","1":"product","2":"type-product","3":"status-publish","4":"has-post-thumbnail","6":"product_cat-johnson-pump","7":"product_cat-pilssipumpu","8":"product_cat-poistotuotteet_kaytetyt_venevaraosat_venetarvikkeet","9":"product_tag-19mm","10":"product_tag-pilssipumppu","11":"brand-johnson-pump","13":"first","14":"instock","15":"sale","16":"taxable","17":"shipping-taxable","18":"purchasable","19":"product-type-simple"},"yoast_head":"<!-- This site is optimized with the Yoast SEO plugin v27.4 - https:\/\/yoast.com\/product\/yoast-seo-wordpress\/ -->\n<title>Johnson Pump Ultima 800 automaattinen -Pilssipumppu-Veneakselisto<\/title>\n<meta name=\"description\" content=\"Johnson Pump Ultima 800 automaattinen pilssipumppu. Venetarvikkeiden erikoisliike -maahantuonti ja myynti. Pilssipumppu-Johnson Pump\" \/>\n<meta name=\"robots\" content=\"index, follow, max-snippet:-1, max-image-preview:large, max-video-preview:-1\" \/>\n<link rel=\"canonical\" href=\"https:\/\/veneakselisto.com\/kauppa\/tuote\/johnson-pump-ultima-800-automaattinen\/\" \/>\n<meta property=\"og:locale\" content=\"fi_FI\" \/>\n<meta property=\"og:type\" content=\"article\" \/>\n<meta property=\"og:title\" content=\"Johnson Pump Ultima 800 automaattinen -Pilssipumppu-Veneakselisto\" \/>\n<meta property=\"og:description\" content=\"Johnson Pump Ultima 800 automaattinen pilssipumppu. Venetarvikkeiden erikoisliike -maahantuonti ja myynti. Pilssipumppu-Johnson Pump\" \/>\n<meta property=\"og:url\" content=\"https:\/\/veneakselisto.com\/kauppa\/tuote\/johnson-pump-ultima-800-automaattinen\/\" \/>\n<meta property=\"og:site_name\" content=\"Veneakselisto.com - verkkokauppa\" \/>\n<meta property=\"article:publisher\" content=\"https:\/\/www.facebook.com\/AlaMikkula\/\" \/>\n<meta property=\"article:modified_time\" content=\"2025-04-22T13:00:31+00:00\" \/>\n<meta property=\"og:image\" content=\"https:\/\/veneakselisto.com\/kauppa\/wp-content\/uploads\/2022\/03\/32-47258-008.jpg\" \/>\n\t<meta property=\"og:image:width\" content=\"500\" \/>\n\t<meta property=\"og:image:height\" content=\"500\" \/>\n\t<meta property=\"og:image:type\" content=\"image\/jpeg\" \/>\n<meta name=\"twitter:card\" content=\"summary_large_image\" \/>\n<meta name=\"twitter:label1\" content=\"Arvioitu lukuaika\" \/>\n\t<meta name=\"twitter:data1\" content=\"1 minuutti\" \/>\n<script type=\"application\/ld+json\" class=\"yoast-schema-graph\">{\"@context\":\"https:\\\/\\\/schema.org\",\"@graph\":[{\"@type\":\"WebPage\",\"@id\":\"https:\\\/\\\/veneakselisto.com\\\/kauppa\\\/tuote\\\/johnson-pump-ultima-800-automaattinen\\\/\",\"url\":\"https:\\\/\\\/veneakselisto.com\\\/kauppa\\\/tuote\\\/johnson-pump-ultima-800-automaattinen\\\/\",\"name\":\"Johnson Pump Ultima 800 automaattinen -Pilssipumppu-Veneakselisto\",\"isPartOf\":{\"@id\":\"https:\\\/\\\/veneakselisto.com\\\/kauppa\\\/#website\"},\"primaryImageOfPage\":{\"@id\":\"https:\\\/\\\/veneakselisto.com\\\/kauppa\\\/tuote\\\/johnson-pump-ultima-800-automaattinen\\\/#primaryimage\"},\"image\":{\"@id\":\"https:\\\/\\\/veneakselisto.com\\\/kauppa\\\/tuote\\\/johnson-pump-ultima-800-automaattinen\\\/#primaryimage\"},\"thumbnailUrl\":\"https:\\\/\\\/i0.wp.com\\\/veneakselisto.com\\\/kauppa\\\/wp-content\\\/uploads\\\/2022\\\/03\\\/32-47258-008.jpg?fit=500%2C500&ssl=1\",\"datePublished\":\"2022-03-30T16:27:00+00:00\",\"dateModified\":\"2025-04-22T13:00:31+00:00\",\"description\":\"Johnson Pump Ultima 800 automaattinen pilssipumppu. Venetarvikkeiden erikoisliike -maahantuonti ja myynti. Pilssipumppu-Johnson Pump\",\"breadcrumb\":{\"@id\":\"https:\\\/\\\/veneakselisto.com\\\/kauppa\\\/tuote\\\/johnson-pump-ultima-800-automaattinen\\\/#breadcrumb\"},\"inLanguage\":\"fi\",\"potentialAction\":[{\"@type\":\"ReadAction\",\"target\":[\"https:\\\/\\\/veneakselisto.com\\\/kauppa\\\/tuote\\\/johnson-pump-ultima-800-automaattinen\\\/\"]}]},{\"@type\":\"ImageObject\",\"inLanguage\":\"fi\",\"@id\":\"https:\\\/\\\/veneakselisto.com\\\/kauppa\\\/tuote\\\/johnson-pump-ultima-800-automaattinen\\\/#primaryimage\",\"url\":\"https:\\\/\\\/i0.wp.com\\\/veneakselisto.com\\\/kauppa\\\/wp-content\\\/uploads\\\/2022\\\/03\\\/32-47258-008.jpg?fit=500%2C500&ssl=1\",\"contentUrl\":\"https:\\\/\\\/i0.wp.com\\\/veneakselisto.com\\\/kauppa\\\/wp-content\\\/uploads\\\/2022\\\/03\\\/32-47258-008.jpg?fit=500%2C500&ssl=1\",\"width\":500,\"height\":500,\"caption\":\"Pilssipumppu automaattikytkimell\u00e4-Johnson Pump-Veneakselisto.com-Venetarvikkeiden erikoisliike\"},{\"@type\":\"BreadcrumbList\",\"@id\":\"https:\\\/\\\/veneakselisto.com\\\/kauppa\\\/tuote\\\/johnson-pump-ultima-800-automaattinen\\\/#breadcrumb\",\"itemListElement\":[{\"@type\":\"ListItem\",\"position\":1,\"name\":\"Etusivu\",\"item\":\"https:\\\/\\\/veneakselisto.com\\\/kauppa\\\/\"},{\"@type\":\"ListItem\",\"position\":2,\"name\":\"Kauppa\",\"item\":\"https:\\\/\\\/veneakselisto.com\\\/kauppa\\\/\"},{\"@type\":\"ListItem\",\"position\":3,\"name\":\"Johnson Pump Ultima 800 automaattinen\"}]},{\"@type\":\"WebSite\",\"@id\":\"https:\\\/\\\/veneakselisto.com\\\/kauppa\\\/#website\",\"url\":\"https:\\\/\\\/veneakselisto.com\\\/kauppa\\\/\",\"name\":\"Veneakselisto.com - verkkokauppa\",\"description\":\"Venetarvikkeiden maahantuonti ja myynti\",\"publisher\":{\"@id\":\"https:\\\/\\\/veneakselisto.com\\\/kauppa\\\/#organization\"},\"potentialAction\":[{\"@type\":\"SearchAction\",\"target\":{\"@type\":\"EntryPoint\",\"urlTemplate\":\"https:\\\/\\\/veneakselisto.com\\\/kauppa\\\/?s={search_term_string}\"},\"query-input\":{\"@type\":\"PropertyValueSpecification\",\"valueRequired\":true,\"valueName\":\"search_term_string\"}}],\"inLanguage\":\"fi\"},{\"@type\":\"Organization\",\"@id\":\"https:\\\/\\\/veneakselisto.com\\\/kauppa\\\/#organization\",\"name\":\"Veneakselisto.com verkkokauppa\",\"url\":\"https:\\\/\\\/veneakselisto.com\\\/kauppa\\\/\",\"logo\":{\"@type\":\"ImageObject\",\"inLanguage\":\"fi\",\"@id\":\"https:\\\/\\\/veneakselisto.com\\\/kauppa\\\/#\\\/schema\\\/logo\\\/image\\\/\",\"url\":\"https:\\\/\\\/i2.wp.com\\\/veneakselisto.com\\\/kauppa\\\/wp-content\\\/uploads\\\/2016\\\/06\\\/fb_icon.jpg?fit=327%2C327&ssl=1\",\"contentUrl\":\"https:\\\/\\\/i2.wp.com\\\/veneakselisto.com\\\/kauppa\\\/wp-content\\\/uploads\\\/2016\\\/06\\\/fb_icon.jpg?fit=327%2C327&ssl=1\",\"width\":327,\"height\":327,\"caption\":\"Veneakselisto.com verkkokauppa\"},\"image\":{\"@id\":\"https:\\\/\\\/veneakselisto.com\\\/kauppa\\\/#\\\/schema\\\/logo\\\/image\\\/\"},\"sameAs\":[\"https:\\\/\\\/www.facebook.com\\\/AlaMikkula\\\/\"]}]}<\/script>\n<!-- \/ Yoast SEO plugin. -->","yoast_head_json":{"title":"Johnson Pump Ultima 800 automaattinen -Pilssipumppu-Veneakselisto","description":"Johnson Pump Ultima 800 automaattinen pilssipumppu. Venetarvikkeiden erikoisliike -maahantuonti ja myynti. Pilssipumppu-Johnson Pump","robots":{"index":"index","follow":"follow","max-snippet":"max-snippet:-1","max-image-preview":"max-image-preview:large","max-video-preview":"max-video-preview:-1"},"canonical":"https:\/\/veneakselisto.com\/kauppa\/tuote\/johnson-pump-ultima-800-automaattinen\/","og_locale":"fi_FI","og_type":"article","og_title":"Johnson Pump Ultima 800 automaattinen -Pilssipumppu-Veneakselisto","og_description":"Johnson Pump Ultima 800 automaattinen pilssipumppu. Venetarvikkeiden erikoisliike -maahantuonti ja myynti. Pilssipumppu-Johnson Pump","og_url":"https:\/\/veneakselisto.com\/kauppa\/tuote\/johnson-pump-ultima-800-automaattinen\/","og_site_name":"Veneakselisto.com - verkkokauppa","article_publisher":"https:\/\/www.facebook.com\/AlaMikkula\/","article_modified_time":"2025-04-22T13:00:31+00:00","og_image":[{"width":500,"height":500,"url":"https:\/\/veneakselisto.com\/kauppa\/wp-content\/uploads\/2022\/03\/32-47258-008.jpg","type":"image\/jpeg"}],"twitter_card":"summary_large_image","twitter_misc":{"Arvioitu lukuaika":"1 minuutti"},"schema":{"@context":"https:\/\/schema.org","@graph":[{"@type":"WebPage","@id":"https:\/\/veneakselisto.com\/kauppa\/tuote\/johnson-pump-ultima-800-automaattinen\/","url":"https:\/\/veneakselisto.com\/kauppa\/tuote\/johnson-pump-ultima-800-automaattinen\/","name":"Johnson Pump Ultima 800 automaattinen -Pilssipumppu-Veneakselisto","isPartOf":{"@id":"https:\/\/veneakselisto.com\/kauppa\/#website"},"primaryImageOfPage":{"@id":"https:\/\/veneakselisto.com\/kauppa\/tuote\/johnson-pump-ultima-800-automaattinen\/#primaryimage"},"image":{"@id":"https:\/\/veneakselisto.com\/kauppa\/tuote\/johnson-pump-ultima-800-automaattinen\/#primaryimage"},"thumbnailUrl":"https:\/\/i0.wp.com\/veneakselisto.com\/kauppa\/wp-content\/uploads\/2022\/03\/32-47258-008.jpg?fit=500%2C500&ssl=1","datePublished":"2022-03-30T16:27:00+00:00","dateModified":"2025-04-22T13:00:31+00:00","description":"Johnson Pump Ultima 800 automaattinen pilssipumppu. Venetarvikkeiden erikoisliike -maahantuonti ja myynti. Pilssipumppu-Johnson Pump","breadcrumb":{"@id":"https:\/\/veneakselisto.com\/kauppa\/tuote\/johnson-pump-ultima-800-automaattinen\/#breadcrumb"},"inLanguage":"fi","potentialAction":[{"@type":"ReadAction","target":["https:\/\/veneakselisto.com\/kauppa\/tuote\/johnson-pump-ultima-800-automaattinen\/"]}]},{"@type":"ImageObject","inLanguage":"fi","@id":"https:\/\/veneakselisto.com\/kauppa\/tuote\/johnson-pump-ultima-800-automaattinen\/#primaryimage","url":"https:\/\/i0.wp.com\/veneakselisto.com\/kauppa\/wp-content\/uploads\/2022\/03\/32-47258-008.jpg?fit=500%2C500&ssl=1","contentUrl":"https:\/\/i0.wp.com\/veneakselisto.com\/kauppa\/wp-content\/uploads\/2022\/03\/32-47258-008.jpg?fit=500%2C500&ssl=1","width":500,"height":500,"caption":"Pilssipumppu automaattikytkimell\u00e4-Johnson Pump-Veneakselisto.com-Venetarvikkeiden erikoisliike"},{"@type":"BreadcrumbList","@id":"https:\/\/veneakselisto.com\/kauppa\/tuote\/johnson-pump-ultima-800-automaattinen\/#breadcrumb","itemListElement":[{"@type":"ListItem","position":1,"name":"Etusivu","item":"https:\/\/veneakselisto.com\/kauppa\/"},{"@type":"ListItem","position":2,"name":"Kauppa","item":"https:\/\/veneakselisto.com\/kauppa\/"},{"@type":"ListItem","position":3,"name":"Johnson Pump Ultima 800 automaattinen"}]},{"@type":"WebSite","@id":"https:\/\/veneakselisto.com\/kauppa\/#website","url":"https:\/\/veneakselisto.com\/kauppa\/","name":"Veneakselisto.com - verkkokauppa","description":"Venetarvikkeiden maahantuonti ja myynti","publisher":{"@id":"https:\/\/veneakselisto.com\/kauppa\/#organization"},"potentialAction":[{"@type":"SearchAction","target":{"@type":"EntryPoint","urlTemplate":"https:\/\/veneakselisto.com\/kauppa\/?s={search_term_string}"},"query-input":{"@type":"PropertyValueSpecification","valueRequired":true,"valueName":"search_term_string"}}],"inLanguage":"fi"},{"@type":"Organization","@id":"https:\/\/veneakselisto.com\/kauppa\/#organization","name":"Veneakselisto.com verkkokauppa","url":"https:\/\/veneakselisto.com\/kauppa\/","logo":{"@type":"ImageObject","inLanguage":"fi","@id":"https:\/\/veneakselisto.com\/kauppa\/#\/schema\/logo\/image\/","url":"https:\/\/i2.wp.com\/veneakselisto.com\/kauppa\/wp-content\/uploads\/2016\/06\/fb_icon.jpg?fit=327%2C327&ssl=1","contentUrl":"https:\/\/i2.wp.com\/veneakselisto.com\/kauppa\/wp-content\/uploads\/2016\/06\/fb_icon.jpg?fit=327%2C327&ssl=1","width":327,"height":327,"caption":"Veneakselisto.com verkkokauppa"},"image":{"@id":"https:\/\/veneakselisto.com\/kauppa\/#\/schema\/logo\/image\/"},"sameAs":["https:\/\/www.facebook.com\/AlaMikkula\/"]}]}},"jetpack_publicize_connections":[],"jetpack_sharing_enabled":true,"_links":{"self":[{"href":"https:\/\/veneakselisto.com\/kauppa\/wp-json\/wp\/v2\/product\/13036","targetHints":{"allow":["GET"]}}],"collection":[{"href":"https:\/\/veneakselisto.com\/kauppa\/wp-json\/wp\/v2\/product"}],"about":[{"href":"https:\/\/veneakselisto.com\/kauppa\/wp-json\/wp\/v2\/types\/product"}],"replies":[{"embeddable":true,"href":"https:\/\/veneakselisto.com\/kauppa\/wp-json\/wp\/v2\/comments?post=13036"}],"wp:featuredmedia":[{"embeddable":true,"href":"https:\/\/veneakselisto.com\/kauppa\/wp-json\/wp\/v2\/media\/13037"}],"wp:attachment":[{"href":"https:\/\/veneakselisto.com\/kauppa\/wp-json\/wp\/v2\/media?parent=13036"}],"wp:term":[{"taxonomy":"product_brand","embeddable":true,"href":"https:\/\/veneakselisto.com\/kauppa\/wp-json\/wp\/v2\/product_brand?post=13036"},{"taxonomy":"product_cat","embeddable":true,"href":"https:\/\/veneakselisto.com\/kauppa\/wp-json\/wp\/v2\/product_cat?post=13036"},{"taxonomy":"product_tag","embeddable":true,"href":"https:\/\/veneakselisto.com\/kauppa\/wp-json\/wp\/v2\/product_tag?post=13036"}],"curies":[{"name":"wp","href":"https:\/\/api.w.org\/{rel}","templated":true}]}}