{"id":1302,"date":"2017-02-03T14:00:44","date_gmt":"2017-02-03T12:00:44","guid":{"rendered":"https:\/\/veneakselisto.com\/kauppa\/tuote\/vetus-keulapotkurin-ohjauspaneeli-painonapeilla\/"},"modified":"2025-02-15T11:58:27","modified_gmt":"2025-02-15T09:58:27","slug":"vetus-keulapotkurin-ohjauspaneeli-painonapeilla","status":"publish","type":"product","link":"https:\/\/veneakselisto.com\/kauppa\/tuote\/vetus-keulapotkurin-ohjauspaneeli-painonapeilla\/","title":{"rendered":"VETUS keulapotkurin ohjauspaneeli painonapeilla"},"content":{"rendered":"<div class=\"wpb-content-wrapper\"><p>[vc_row][vc_column][vc_column_text]VETUS keulapotkurin ohjauspaneeli painonapeilla<\/p>\n<p>BPSR<\/p>\n<ul>\n<li>Sis\u00e4lt\u00e4\u00e4 viiveyksik\u00f6n<\/li>\n<li>Lapsilukko<\/li>\n<li>Kaytt\u00f6j\u00e4nnite: 12V ja 24V<\/li>\n<li>BPSR, BPJR, BPAS ja BPAJ panelit ovat kompakteja ja niden asennusreik\u00e4 on 52 mm. Ohjauspanelit ovat vesitiiviit\u00e4 IP65 mukaisesti ja niiss\u00e4 on erillinen ulosotto (maks. 3A) ylim\u00e4\u00e4r\u00e4iselle laitteelle. Lis\u00e4ksi paneleissa on haaroitus johon voi liitt\u00e4\u00e4 lis\u00e4ohjaimen. Kaikki mallit sopivat my\u00f6s vanhoille Vetus-keulapotkureille. Panelit sammuvat automaattisesti 30 minuutin j\u00e4lkeen mik\u00e4li niit\u00e4 ei k\u00e4ytet\u00e4<br \/>\nmutta toiminnon saa halutessa my\u00f6s poistettua. Lis\u00e4turvatoimintona paneli my\u00f6s sammuttaa keulapotkurin mik\u00e4li sit\u00e4 k\u00e4ytet\u00e4\u00e4n yht\u00e4jaksoisesti yli kaksi minuuttia.<\/li>\n<li><\/li>\n<\/ul>\n<p>[\/vc_column_text][\/vc_column][\/vc_row][vc_row][vc_column][vc_column_text]Tekniset tiedot:\u00a0<a href=\"http:\/\/www.vetus.com\/media\/magentominds\/sasdocument\/20130829131645_0.pdf\" target=\"_blank\" rel=\"noopener noreferrer\">BPAJ, BPAS, BPJR, BPSR THRUSTER CONTROL PANELS DATASHEET US (EN)<\/a><\/p>\n<p>Kaapelointi: <a href=\"http:\/\/www.vetus.com\/media\/magentominds\/sasdocument\/20130829114740_0.pdf\" target=\"_blank\" rel=\"noopener noreferrer\">BPAJ, BPAS, BPJR, BPSR WIRING DIAGRAMS (EN, NL, DE, FR, ES, IT, NO, SE, SU)<\/a><\/p>\n<p>Mitat: <a href=\"http:\/\/www.vetus.com\/media\/magentominds\/sasdocument\/20130829114159_0.pdf\" target=\"_blank\" rel=\"noopener noreferrer\">BPAJ, BPAS, BPJR, BPSR OVERALL DIMENSIONS (EN, NL, DE, FR, ES, IT, NO, SE, SU)<\/a>[\/vc_column_text][\/vc_column][\/vc_row]<\/p>\n<\/div>","protected":false},"excerpt":{"rendered":"<p>BPSR<\/p>\n<p>Sis\u00e4lt\u00e4\u00e4 viiveyksik\u00f6n,<\/p>\n<p>IP65 vesitiiveys,<\/p>\n<p>Sama pikaliitin, kuin vanhemmissakin malleissa,<\/p>\n<p>Lapsilukko,<\/p>\n<p>Kaytt\u00f6j\u00e4nnite: 12V ja 24V<\/p>\n","protected":false},"featured_media":1304,"comment_status":"open","ping_status":"closed","template":"","meta":{"jetpack_post_was_ever_published":false,"jetpack_publicize_message":"","jetpack_publicize_feature_enabled":true,"jetpack_social_post_already_shared":true,"jetpack_social_options":{"image_generator_settings":{"template":"highway","default_image_id":0,"font":"","enabled":false},"version":2}},"product_brand":[],"product_cat":[71,484,485,1203,69,470],"product_tag":[97,303,302,98],"class_list":{"0":"post-1302","1":"product","2":"type-product","3":"status-publish","4":"has-post-thumbnail","6":"product_cat-keulapotkuritarvikkeet","7":"product_cat-veneen-ohjaus-kaukosaatolaite-keulapotkuri","8":"product_cat-veneen-ohjaus-hallinta","9":"product_cat-keulapotkuri-vetus-vetus_keulapotkuri","10":"product_cat-vetus-keulapotkurit","11":"product_cat-vetus_vetus-venetarvikkeet_venetarvikeiden-maahantuonti-ja-myynti","12":"product_tag-keulapotkuri","13":"product_tag-keulapotkuritarvikkeet","14":"product_tag-tarvikkeet","15":"product_tag-vetus","16":"brand-vetus","18":"first","19":"instock","20":"sale","21":"taxable","22":"shipping-taxable","23":"purchasable","24":"product-type-simple"},"yoast_head":"<!-- This site is optimized with the Yoast SEO plugin v27.3 - https:\/\/yoast.com\/product\/yoast-seo-wordpress\/ -->\n<title>VETUS keulapotkurin ohjauspaneeli painonapeilla - Veneakselisto.com<\/title>\n<meta name=\"description\" content=\"VETUS keulapotkurin ohjauspaneeli painonapeilla. Tuotteen toimittaa aina edullinen Veneakselisto.com - Venetarvikkeiden maahantuonti ja myynti.\" \/>\n<meta name=\"robots\" content=\"index, follow, max-snippet:-1, max-image-preview:large, max-video-preview:-1\" \/>\n<link rel=\"canonical\" href=\"https:\/\/veneakselisto.com\/kauppa\/tuote\/vetus-keulapotkurin-ohjauspaneeli-painonapeilla\/\" \/>\n<meta property=\"og:locale\" content=\"fi_FI\" \/>\n<meta property=\"og:type\" content=\"article\" \/>\n<meta property=\"og:title\" content=\"VETUS keulapotkurin ohjauspaneeli painonapeilla - Veneakselisto.com\" \/>\n<meta property=\"og:description\" content=\"VETUS keulapotkurin ohjauspaneeli painonapeilla. Tuotteen toimittaa aina edullinen Veneakselisto.com - Venetarvikkeiden maahantuonti ja myynti.\" \/>\n<meta property=\"og:url\" content=\"https:\/\/veneakselisto.com\/kauppa\/tuote\/vetus-keulapotkurin-ohjauspaneeli-painonapeilla\/\" \/>\n<meta property=\"og:site_name\" content=\"Veneakselisto.com - verkkokauppa\" \/>\n<meta property=\"article:publisher\" content=\"https:\/\/www.facebook.com\/AlaMikkula\/\" \/>\n<meta property=\"article:modified_time\" content=\"2025-02-15T09:58:27+00:00\" \/>\n<meta property=\"og:image\" content=\"https:\/\/veneakselisto.com\/kauppa\/wp-content\/uploads\/2017\/02\/BPSR.jpg\" \/>\n\t<meta property=\"og:image:width\" content=\"700\" \/>\n\t<meta property=\"og:image:height\" content=\"700\" \/>\n\t<meta property=\"og:image:type\" content=\"image\/jpeg\" \/>\n<meta name=\"twitter:card\" content=\"summary_large_image\" \/>\n<meta name=\"twitter:label1\" content=\"Arvioitu lukuaika\" \/>\n\t<meta name=\"twitter:data1\" content=\"1 minuutti\" \/>\n<script type=\"application\/ld+json\" class=\"yoast-schema-graph\">{\"@context\":\"https:\\\/\\\/schema.org\",\"@graph\":[{\"@type\":\"WebPage\",\"@id\":\"https:\\\/\\\/veneakselisto.com\\\/kauppa\\\/tuote\\\/vetus-keulapotkurin-ohjauspaneeli-painonapeilla\\\/\",\"url\":\"https:\\\/\\\/veneakselisto.com\\\/kauppa\\\/tuote\\\/vetus-keulapotkurin-ohjauspaneeli-painonapeilla\\\/\",\"name\":\"VETUS keulapotkurin ohjauspaneeli painonapeilla - Veneakselisto.com\",\"isPartOf\":{\"@id\":\"https:\\\/\\\/veneakselisto.com\\\/kauppa\\\/#website\"},\"primaryImageOfPage\":{\"@id\":\"https:\\\/\\\/veneakselisto.com\\\/kauppa\\\/tuote\\\/vetus-keulapotkurin-ohjauspaneeli-painonapeilla\\\/#primaryimage\"},\"image\":{\"@id\":\"https:\\\/\\\/veneakselisto.com\\\/kauppa\\\/tuote\\\/vetus-keulapotkurin-ohjauspaneeli-painonapeilla\\\/#primaryimage\"},\"thumbnailUrl\":\"https:\\\/\\\/i0.wp.com\\\/veneakselisto.com\\\/kauppa\\\/wp-content\\\/uploads\\\/2017\\\/02\\\/BPSR.jpg?fit=700%2C700&ssl=1\",\"datePublished\":\"2017-02-03T12:00:44+00:00\",\"dateModified\":\"2025-02-15T09:58:27+00:00\",\"description\":\"VETUS keulapotkurin ohjauspaneeli painonapeilla. Tuotteen toimittaa aina edullinen Veneakselisto.com - Venetarvikkeiden maahantuonti ja myynti.\",\"breadcrumb\":{\"@id\":\"https:\\\/\\\/veneakselisto.com\\\/kauppa\\\/tuote\\\/vetus-keulapotkurin-ohjauspaneeli-painonapeilla\\\/#breadcrumb\"},\"inLanguage\":\"fi\",\"potentialAction\":[{\"@type\":\"ReadAction\",\"target\":[\"https:\\\/\\\/veneakselisto.com\\\/kauppa\\\/tuote\\\/vetus-keulapotkurin-ohjauspaneeli-painonapeilla\\\/\"]}]},{\"@type\":\"ImageObject\",\"inLanguage\":\"fi\",\"@id\":\"https:\\\/\\\/veneakselisto.com\\\/kauppa\\\/tuote\\\/vetus-keulapotkurin-ohjauspaneeli-painonapeilla\\\/#primaryimage\",\"url\":\"https:\\\/\\\/i0.wp.com\\\/veneakselisto.com\\\/kauppa\\\/wp-content\\\/uploads\\\/2017\\\/02\\\/BPSR.jpg?fit=700%2C700&ssl=1\",\"contentUrl\":\"https:\\\/\\\/i0.wp.com\\\/veneakselisto.com\\\/kauppa\\\/wp-content\\\/uploads\\\/2017\\\/02\\\/BPSR.jpg?fit=700%2C700&ssl=1\",\"width\":700,\"height\":700,\"caption\":\"Aluper\u00e4iset VETUS keulapotkurin ohjauspaneelit-Veneakselisto.com\"},{\"@type\":\"BreadcrumbList\",\"@id\":\"https:\\\/\\\/veneakselisto.com\\\/kauppa\\\/tuote\\\/vetus-keulapotkurin-ohjauspaneeli-painonapeilla\\\/#breadcrumb\",\"itemListElement\":[{\"@type\":\"ListItem\",\"position\":1,\"name\":\"Etusivu\",\"item\":\"https:\\\/\\\/veneakselisto.com\\\/kauppa\\\/\"},{\"@type\":\"ListItem\",\"position\":2,\"name\":\"Kauppa\",\"item\":\"https:\\\/\\\/veneakselisto.com\\\/kauppa\\\/\"},{\"@type\":\"ListItem\",\"position\":3,\"name\":\"VETUS keulapotkurin ohjauspaneeli painonapeilla\"}]},{\"@type\":\"WebSite\",\"@id\":\"https:\\\/\\\/veneakselisto.com\\\/kauppa\\\/#website\",\"url\":\"https:\\\/\\\/veneakselisto.com\\\/kauppa\\\/\",\"name\":\"Veneakselisto.com - verkkokauppa\",\"description\":\"Venetarvikkeiden maahantuonti ja myynti\",\"publisher\":{\"@id\":\"https:\\\/\\\/veneakselisto.com\\\/kauppa\\\/#organization\"},\"potentialAction\":[{\"@type\":\"SearchAction\",\"target\":{\"@type\":\"EntryPoint\",\"urlTemplate\":\"https:\\\/\\\/veneakselisto.com\\\/kauppa\\\/?s={search_term_string}\"},\"query-input\":{\"@type\":\"PropertyValueSpecification\",\"valueRequired\":true,\"valueName\":\"search_term_string\"}}],\"inLanguage\":\"fi\"},{\"@type\":\"Organization\",\"@id\":\"https:\\\/\\\/veneakselisto.com\\\/kauppa\\\/#organization\",\"name\":\"Veneakselisto.com verkkokauppa\",\"url\":\"https:\\\/\\\/veneakselisto.com\\\/kauppa\\\/\",\"logo\":{\"@type\":\"ImageObject\",\"inLanguage\":\"fi\",\"@id\":\"https:\\\/\\\/veneakselisto.com\\\/kauppa\\\/#\\\/schema\\\/logo\\\/image\\\/\",\"url\":\"https:\\\/\\\/i2.wp.com\\\/veneakselisto.com\\\/kauppa\\\/wp-content\\\/uploads\\\/2016\\\/06\\\/fb_icon.jpg?fit=327%2C327&ssl=1\",\"contentUrl\":\"https:\\\/\\\/i2.wp.com\\\/veneakselisto.com\\\/kauppa\\\/wp-content\\\/uploads\\\/2016\\\/06\\\/fb_icon.jpg?fit=327%2C327&ssl=1\",\"width\":327,\"height\":327,\"caption\":\"Veneakselisto.com verkkokauppa\"},\"image\":{\"@id\":\"https:\\\/\\\/veneakselisto.com\\\/kauppa\\\/#\\\/schema\\\/logo\\\/image\\\/\"},\"sameAs\":[\"https:\\\/\\\/www.facebook.com\\\/AlaMikkula\\\/\"]}]}<\/script>\n<!-- \/ Yoast SEO plugin. -->","yoast_head_json":{"title":"VETUS keulapotkurin ohjauspaneeli painonapeilla - Veneakselisto.com","description":"VETUS keulapotkurin ohjauspaneeli painonapeilla. Tuotteen toimittaa aina edullinen Veneakselisto.com - Venetarvikkeiden maahantuonti ja myynti.","robots":{"index":"index","follow":"follow","max-snippet":"max-snippet:-1","max-image-preview":"max-image-preview:large","max-video-preview":"max-video-preview:-1"},"canonical":"https:\/\/veneakselisto.com\/kauppa\/tuote\/vetus-keulapotkurin-ohjauspaneeli-painonapeilla\/","og_locale":"fi_FI","og_type":"article","og_title":"VETUS keulapotkurin ohjauspaneeli painonapeilla - Veneakselisto.com","og_description":"VETUS keulapotkurin ohjauspaneeli painonapeilla. Tuotteen toimittaa aina edullinen Veneakselisto.com - Venetarvikkeiden maahantuonti ja myynti.","og_url":"https:\/\/veneakselisto.com\/kauppa\/tuote\/vetus-keulapotkurin-ohjauspaneeli-painonapeilla\/","og_site_name":"Veneakselisto.com - verkkokauppa","article_publisher":"https:\/\/www.facebook.com\/AlaMikkula\/","article_modified_time":"2025-02-15T09:58:27+00:00","og_image":[{"width":700,"height":700,"url":"https:\/\/veneakselisto.com\/kauppa\/wp-content\/uploads\/2017\/02\/BPSR.jpg","type":"image\/jpeg"}],"twitter_card":"summary_large_image","twitter_misc":{"Arvioitu lukuaika":"1 minuutti"},"schema":{"@context":"https:\/\/schema.org","@graph":[{"@type":"WebPage","@id":"https:\/\/veneakselisto.com\/kauppa\/tuote\/vetus-keulapotkurin-ohjauspaneeli-painonapeilla\/","url":"https:\/\/veneakselisto.com\/kauppa\/tuote\/vetus-keulapotkurin-ohjauspaneeli-painonapeilla\/","name":"VETUS keulapotkurin ohjauspaneeli painonapeilla - Veneakselisto.com","isPartOf":{"@id":"https:\/\/veneakselisto.com\/kauppa\/#website"},"primaryImageOfPage":{"@id":"https:\/\/veneakselisto.com\/kauppa\/tuote\/vetus-keulapotkurin-ohjauspaneeli-painonapeilla\/#primaryimage"},"image":{"@id":"https:\/\/veneakselisto.com\/kauppa\/tuote\/vetus-keulapotkurin-ohjauspaneeli-painonapeilla\/#primaryimage"},"thumbnailUrl":"https:\/\/i0.wp.com\/veneakselisto.com\/kauppa\/wp-content\/uploads\/2017\/02\/BPSR.jpg?fit=700%2C700&ssl=1","datePublished":"2017-02-03T12:00:44+00:00","dateModified":"2025-02-15T09:58:27+00:00","description":"VETUS keulapotkurin ohjauspaneeli painonapeilla. Tuotteen toimittaa aina edullinen Veneakselisto.com - Venetarvikkeiden maahantuonti ja myynti.","breadcrumb":{"@id":"https:\/\/veneakselisto.com\/kauppa\/tuote\/vetus-keulapotkurin-ohjauspaneeli-painonapeilla\/#breadcrumb"},"inLanguage":"fi","potentialAction":[{"@type":"ReadAction","target":["https:\/\/veneakselisto.com\/kauppa\/tuote\/vetus-keulapotkurin-ohjauspaneeli-painonapeilla\/"]}]},{"@type":"ImageObject","inLanguage":"fi","@id":"https:\/\/veneakselisto.com\/kauppa\/tuote\/vetus-keulapotkurin-ohjauspaneeli-painonapeilla\/#primaryimage","url":"https:\/\/i0.wp.com\/veneakselisto.com\/kauppa\/wp-content\/uploads\/2017\/02\/BPSR.jpg?fit=700%2C700&ssl=1","contentUrl":"https:\/\/i0.wp.com\/veneakselisto.com\/kauppa\/wp-content\/uploads\/2017\/02\/BPSR.jpg?fit=700%2C700&ssl=1","width":700,"height":700,"caption":"Aluper\u00e4iset VETUS keulapotkurin ohjauspaneelit-Veneakselisto.com"},{"@type":"BreadcrumbList","@id":"https:\/\/veneakselisto.com\/kauppa\/tuote\/vetus-keulapotkurin-ohjauspaneeli-painonapeilla\/#breadcrumb","itemListElement":[{"@type":"ListItem","position":1,"name":"Etusivu","item":"https:\/\/veneakselisto.com\/kauppa\/"},{"@type":"ListItem","position":2,"name":"Kauppa","item":"https:\/\/veneakselisto.com\/kauppa\/"},{"@type":"ListItem","position":3,"name":"VETUS keulapotkurin ohjauspaneeli painonapeilla"}]},{"@type":"WebSite","@id":"https:\/\/veneakselisto.com\/kauppa\/#website","url":"https:\/\/veneakselisto.com\/kauppa\/","name":"Veneakselisto.com - verkkokauppa","description":"Venetarvikkeiden maahantuonti ja myynti","publisher":{"@id":"https:\/\/veneakselisto.com\/kauppa\/#organization"},"potentialAction":[{"@type":"SearchAction","target":{"@type":"EntryPoint","urlTemplate":"https:\/\/veneakselisto.com\/kauppa\/?s={search_term_string}"},"query-input":{"@type":"PropertyValueSpecification","valueRequired":true,"valueName":"search_term_string"}}],"inLanguage":"fi"},{"@type":"Organization","@id":"https:\/\/veneakselisto.com\/kauppa\/#organization","name":"Veneakselisto.com verkkokauppa","url":"https:\/\/veneakselisto.com\/kauppa\/","logo":{"@type":"ImageObject","inLanguage":"fi","@id":"https:\/\/veneakselisto.com\/kauppa\/#\/schema\/logo\/image\/","url":"https:\/\/i2.wp.com\/veneakselisto.com\/kauppa\/wp-content\/uploads\/2016\/06\/fb_icon.jpg?fit=327%2C327&ssl=1","contentUrl":"https:\/\/i2.wp.com\/veneakselisto.com\/kauppa\/wp-content\/uploads\/2016\/06\/fb_icon.jpg?fit=327%2C327&ssl=1","width":327,"height":327,"caption":"Veneakselisto.com verkkokauppa"},"image":{"@id":"https:\/\/veneakselisto.com\/kauppa\/#\/schema\/logo\/image\/"},"sameAs":["https:\/\/www.facebook.com\/AlaMikkula\/"]}]}},"jetpack_publicize_connections":[],"jetpack_sharing_enabled":true,"_links":{"self":[{"href":"https:\/\/veneakselisto.com\/kauppa\/wp-json\/wp\/v2\/product\/1302","targetHints":{"allow":["GET"]}}],"collection":[{"href":"https:\/\/veneakselisto.com\/kauppa\/wp-json\/wp\/v2\/product"}],"about":[{"href":"https:\/\/veneakselisto.com\/kauppa\/wp-json\/wp\/v2\/types\/product"}],"replies":[{"embeddable":true,"href":"https:\/\/veneakselisto.com\/kauppa\/wp-json\/wp\/v2\/comments?post=1302"}],"wp:featuredmedia":[{"embeddable":true,"href":"https:\/\/veneakselisto.com\/kauppa\/wp-json\/wp\/v2\/media\/1304"}],"wp:attachment":[{"href":"https:\/\/veneakselisto.com\/kauppa\/wp-json\/wp\/v2\/media?parent=1302"}],"wp:term":[{"taxonomy":"product_brand","embeddable":true,"href":"https:\/\/veneakselisto.com\/kauppa\/wp-json\/wp\/v2\/product_brand?post=1302"},{"taxonomy":"product_cat","embeddable":true,"href":"https:\/\/veneakselisto.com\/kauppa\/wp-json\/wp\/v2\/product_cat?post=1302"},{"taxonomy":"product_tag","embeddable":true,"href":"https:\/\/veneakselisto.com\/kauppa\/wp-json\/wp\/v2\/product_tag?post=1302"}],"curies":[{"name":"wp","href":"https:\/\/api.w.org\/{rel}","templated":true}]}}