{"id":12792,"date":"2022-03-01T21:45:00","date_gmt":"2022-03-01T19:45:00","guid":{"rendered":"https:\/\/veneakselisto.com\/kauppa\/?post_type=product&#038;p=12792"},"modified":"2025-12-02T19:55:30","modified_gmt":"2025-12-02T17:55:30","slug":"evinrude-johnson-14-5x19-peramoottorin-potkuri-90-300hv","status":"publish","type":"product","link":"https:\/\/veneakselisto.com\/kauppa\/tuote\/evinrude-johnson-14-5x19-peramoottorin-potkuri-90-300hv\/","title":{"rendered":"14.5&#215;19 Evinrude Johnson per\u00e4moottorin potkuri 90-300hv"},"content":{"rendered":"<div>14.5&#215;19 Evinrude Johnson per\u00e4moottorin potkuri 90-300hv<\/div>\n<div><\/div>\n<div>Valmistaja SOLAS<\/div>\n<div>\n<p>KOKO 14.5&#215;19<\/p>\n<p>15 rihlaa<\/p>\n<h5>Evinrude<\/h5>\n<ul>\n<li>90 HP\/E90 DPX (E-Tec)(15 Spline)\/2006 &#8211; Present<\/li>\n<li>90 HP\/V4 (V6 Gearcase)(15 Spline)\/1995-Present<\/li>\n<li>100 HP\/V4 Commercial (V6 Gearcase)(15 Spline)\/1984-Present<\/li>\n<li>115 HP\/DSX, DPX, DCX (E-Tec 15 Spline)\/All Years<\/li>\n<li>115 HP\/V4 (V6 Gearcase)(15 Spline)\/1995-Present<\/li>\n<li>120 HP\/V4 Large Gearcase (15 Spline)\/1985 &#8211; Present<\/li>\n<li>130 HP\/V4 Large Gearcase (15 Spline)\/1995 &#8211; Present<\/li>\n<li>135 HP\/V6 Gearcase (15 Spline)\/2001-Present<\/li>\n<li>140 HP\/2-Stroke Large Gearcase (15 Spline)\/1985 &#8211; 1994<\/li>\n<li>150 HP\/E-Tec (15 Spline)\/All Years<\/li>\n<li>150 HP\/V6 (Includes E-Tec)(15 Spline)\/1978-Present<\/li>\n<li>150 HP\/V6 Commercial (15 Spline)\/1993 &#8211; Present<\/li>\n<li>155 HP\/V6 Commercial (15 Spline)\/1978-Present<\/li>\n<li>175 HP\/V6 (15 Spline)\/1977 &#8211; Present<\/li>\n<li>185 HP\/V6 (15 Spline)\/1984 &#8211; 1985<\/li>\n<li>200 HP\/E-Tec (15 Spline)\/2005 &#8211; Present<\/li>\n<li>200 HP\/V6 (15 Spline)\/1976 &#8211; Present<\/li>\n<li>225 HP\/E-Tec (15 Spline)\/2005 &#8211; Present<\/li>\n<li>225 HP\/V6 (15 Spline)\/1986 &#8211; Present<\/li>\n<li>235 HP\/V6 (15 Spline)\/1978 &#8211; 1985<\/li>\n<li>250 HP\/E-Tec (15 Spline)\/2005 &#8211; Present<\/li>\n<li>250 HP\/V6 (15 Spline)\/2001 &#8211; Present<\/li>\n<li>250 HP\/V8 (15 Spline)\/1991 &#8211; Present<\/li>\n<li>275 HP\/V8 (15 Spline)\/1986 &#8211; 1988<\/li>\n<li>300 HP\/V8 2-Stroke (15 Spline) 86-90\/1986 &#8211; 1995<\/li>\n<li>2.6L\/V6 (15 Spline)\/1984 &#8211; 1985<\/li>\n<li>3.6 L\/V8 (15 Spline)\/1986 &#8211; 1987<\/li>\n<\/ul>\n<div id=\"1\" class=\"more\">\n<h5><em>\u00a0Johnson<\/em><\/h5>\n<ul>\n<li>90 HP\/E90 DPX (E-Tec)(15 Spline)\/2006 &#8211; Present<\/li>\n<li>90 HP\/V4 (V6 Gearcase)(15 Spline)\/1995-Present<\/li>\n<li>100 HP\/V4 Commercial (V6 Gearcase)(15 Spline)\/1984-Present<\/li>\n<li>115 HP\/DSX, DPX, DCX (E-Tec 15 Spline)\/All Years<\/li>\n<li>115 HP\/V4 (V6 Gearcase)(15 Spline)\/1995-Present<\/li>\n<li>120 HP\/V4 Large Gearcase (15 Spline)\/1985 &#8211; Present<\/li>\n<li>130 HP\/V4 Large Gearcase (15 Spline)\/1995 &#8211; Present<\/li>\n<li>135 HP\/V6 Gearcase (15 Spline)\/2001-Present<\/li>\n<li>140 HP\/2-Stroke Large Gearcase (15 Spline)\/1985 &#8211; 1994<\/li>\n<li>150 HP\/E-Tec (15 Spline)\/All Years<\/li>\n<li>150 HP\/V6 (Includes E-Tec)(15 Spline)\/1978-Present<\/li>\n<li>150 HP\/V6 Commercial (15 Spline)\/1993 &#8211; Present<\/li>\n<li>155 HP\/V6 Commercial (15 Spline)\/1978-Present<\/li>\n<li>175 HP\/V6 (15 Spline)\/1977 &#8211; Present<\/li>\n<li>185 HP\/V6 (15 Spline)\/1984 &#8211; 1985<\/li>\n<li>200 HP\/E-Tec (15 Spline)\/2005 &#8211; Present<\/li>\n<li>200 HP\/V6 (15 Spline)\/1976 &#8211; Present<\/li>\n<li>225 HP\/E-Tec (15 Spline)\/2005 &#8211; Present<\/li>\n<li>225 HP\/V6 (15 Spline)\/1986 &#8211; Present<\/li>\n<li>235 HP\/V6 (15 Spline)\/1978 &#8211; 1985<\/li>\n<li>250 HP\/E-Tec (15 Spline)\/2005 &#8211; Present<\/li>\n<li>250 HP\/V6 (15 Spline)\/2001 &#8211; Present<\/li>\n<li>250 HP\/V8 (15 Spline)\/1991 &#8211; Present<\/li>\n<li>275 HP\/V8 (15 Spline)\/1986 &#8211; 1988<\/li>\n<li>300 HP\/V8 2-Stroke (15 Spline) 86-90\/1986 &#8211; 1995<\/li>\n<li>2.6L\/V6 (15 Spline)\/1984 &#8211; 1985<\/li>\n<li>3.6 L\/V8 (15 Spline)\/1986 &#8211; 1987<\/li>\n<\/ul>\n<\/div>\n<\/div>\n<div>My\u00f6s muita kokoja&#8230;Kysy!<\/div>\n<div>14.5&#215;19 Evinrude Johnson per\u00e4moottorin potkuri 90-300hv<\/div>\n<div>\n<p>Hyv\u00e4 tiet\u00e4\u00e4 potkurin valinnassa.<\/p>\n<p>Selvit\u00e4 mik\u00e4 potkuri sinulla on nyt moottorissasi. Potkurin koko lukee potkurin navassa lapojen v\u00e4liss\u00e4 tai navan p\u00e4\u00e4ss\u00e4. Esim. 13 1\/4 x 17. Ensinm\u00e4inen numero on potkurin halkaisija ja j\u00e4lkinm\u00e4inen on potkurin nousu.<\/p>\n<p>Muutos potkurin nousussa voi lis\u00e4t\u00e4 tai v\u00e4hent\u00e4\u00e4 moottorin kierroslukua. Kahden tuuman (2\u201d) lis\u00e4ys tai v\u00e4hennys potkurin nousuun muuttaa moottorin kierroslukua noin +- 350 rpm. Tarkista my\u00f6s moottorinvalmistajan suosittelema kierroslukualue!<\/p>\n<p>Potkurimyyj\u00e4lle k\u00e4site \u201dvakiopotkuri\u201d on vaikea, sill\u00e4 kaikki potkurivalmistajan valikoimassa olevat potkurit ovat periaatteessa vakiopotkureita. Kahdessa t\u00e4ysin samanlaisessa veneess\u00e4, varustettuna saman tehoisilla moottoreilla, voi potkurit olla eri kokoiset mik\u00e4li veneit\u00e4 ajetaan eri kuormalla. Siksi on eritt\u00e4in t\u00e4rke\u00e4\u00e4 merkit\u00e4 muistiin potkurin koko ja suurin kierrosluku, jonka moottori saavuttaa sek\u00e4 veneen suurin nopeus.<\/p>\n<p>Moottorioston yhteydess\u00e4 moottorin kanssa on yleens\u00e4 toimitettu potkuri, jota kutsutaan \u201cvakiopotkuriksi\u201d. Kooltaan t\u00e4m\u00e4 potkuri on arvioitu sopivan mahdollisimman moneen moottori\/vene yhdistelm\u00e4\u00e4n. Vakiopotkuri ei siis aina ole paras vaihtoehto.<\/p>\n<p>Ostamalla Solas alumiinipotkurin tied\u00e4t saavasi korkean suorituskyvyn ja ensiluokkaisen laadun edullisella hinnalla Solas-potkurien avulla. Laadukkaimmista metalleista ja laajasta valikoimasta erilaisia potkureita koostuva Solas alumiinipotkuri valikoima on yksi veneen potkuriteollisuuden johtavista merkeist\u00e4. Kaksi asiaa, jotka erottavat Solas alumiinipotkurin muista merkeist\u00e4, ovat ainutlaatuinen valuprosessi, joka auttaa tuottamaan vahvempia, ohuempia ja sile\u00e4mpi\u00e4 teri\u00e4, ja niiden erityisesti suunnitellut, kumimallilliset kahdeksankulmaiset navat, jotka lis\u00e4\u00e4v\u00e4t t\u00e4rin\u00e4n vaimennusta ja v\u00e4hent\u00e4v\u00e4t liukumista.<\/p>\n<\/div>\n","protected":false},"excerpt":{"rendered":"<div>14.5&#215;19 Evinrude Johnson per\u00e4moottorin potkuri 90-300hv<\/div>\n<div><\/div>\n<div>Valmistaja SOLAS<\/div>\n<div>\n<p>KOKO 14.5&#215;19<\/p>\n<p>15 rihlaa<\/p>\n<\/div>\n<p>Katso tarkempi sopivuus alta.<\/p>\n<div class=\"std\">Verkkokauppa tuote. Toimitusaika 1-4pv normaalisti.<\/div>\n","protected":false},"featured_media":10760,"comment_status":"open","ping_status":"closed","template":"","meta":{"jetpack_post_was_ever_published":false,"jetpack_publicize_message":"","jetpack_publicize_feature_enabled":true,"jetpack_social_post_already_shared":true,"jetpack_social_options":{"image_generator_settings":{"template":"highway","default_image_id":0,"font":"","enabled":false},"version":2}},"product_brand":[],"product_cat":[1188,1227,553,18],"product_tag":[385,384,383,554,89],"class_list":{"0":"post-12792","1":"product","2":"type-product","3":"status-publish","4":"has-post-thumbnail","6":"product_cat-johnson-evinrude-potkuri","7":"product_cat-johnson-evinrude-potkuri-johnson-evinrude-potkuri","8":"product_cat-solas_polastorm_alumiinipotkurit","9":"product_cat-potkurit","10":"product_tag-evinrude","11":"product_tag-johnson","12":"product_tag-peramoottori","13":"product_tag-peramoottorinpotkuri","14":"product_tag-potkuri","15":"brand-solas","17":"first","18":"instock","19":"sale","20":"taxable","21":"shipping-taxable","22":"purchasable","23":"product-type-simple"},"yoast_head":"<!-- This site is optimized with the Yoast SEO plugin v27.3 - https:\/\/yoast.com\/product\/yoast-seo-wordpress\/ -->\n<title>14.5x19 Evinrude Johnson per\u00e4moottorin potkuri 90-300hv<\/title>\n<meta name=\"description\" content=\"14.5x19 Evinrude Johnson per\u00e4moottorin potkuri 90-300hv. Tuotteen toimittaa potkureiden erikoisliike-Veneakselisto.com-Evinrude potkuri\" \/>\n<meta name=\"robots\" content=\"index, follow, max-snippet:-1, max-image-preview:large, max-video-preview:-1\" \/>\n<link rel=\"canonical\" href=\"https:\/\/veneakselisto.com\/kauppa\/tuote\/evinrude-johnson-14-5x19-peramoottorin-potkuri-90-300hv\/\" \/>\n<meta property=\"og:locale\" content=\"fi_FI\" \/>\n<meta property=\"og:type\" content=\"article\" \/>\n<meta property=\"og:title\" content=\"14.5x19 Evinrude Johnson per\u00e4moottorin potkuri 90-300hv\" \/>\n<meta property=\"og:description\" content=\"14.5x19 Evinrude Johnson per\u00e4moottorin potkuri 90-300hv. Tuotteen toimittaa potkureiden erikoisliike-Veneakselisto.com-Evinrude potkuri\" \/>\n<meta property=\"og:url\" content=\"https:\/\/veneakselisto.com\/kauppa\/tuote\/evinrude-johnson-14-5x19-peramoottorin-potkuri-90-300hv\/\" \/>\n<meta property=\"og:site_name\" content=\"Veneakselisto.com - verkkokauppa\" \/>\n<meta property=\"article:publisher\" content=\"https:\/\/www.facebook.com\/AlaMikkula\/\" \/>\n<meta property=\"article:modified_time\" content=\"2025-12-02T17:55:30+00:00\" \/>\n<meta property=\"og:image\" content=\"https:\/\/veneakselisto.com\/kauppa\/wp-content\/uploads\/2021\/05\/Mercury-Solas-potkuri.png\" \/>\n\t<meta property=\"og:image:width\" content=\"500\" \/>\n\t<meta property=\"og:image:height\" content=\"500\" \/>\n\t<meta property=\"og:image:type\" content=\"image\/png\" \/>\n<meta name=\"twitter:card\" content=\"summary_large_image\" \/>\n<meta name=\"twitter:label1\" content=\"Arvioitu lukuaika\" \/>\n\t<meta name=\"twitter:data1\" content=\"4 minuuttia\" \/>\n<script type=\"application\/ld+json\" class=\"yoast-schema-graph\">{\"@context\":\"https:\\\/\\\/schema.org\",\"@graph\":[{\"@type\":\"WebPage\",\"@id\":\"https:\\\/\\\/veneakselisto.com\\\/kauppa\\\/tuote\\\/evinrude-johnson-14-5x19-peramoottorin-potkuri-90-300hv\\\/\",\"url\":\"https:\\\/\\\/veneakselisto.com\\\/kauppa\\\/tuote\\\/evinrude-johnson-14-5x19-peramoottorin-potkuri-90-300hv\\\/\",\"name\":\"14.5x19 Evinrude Johnson per\u00e4moottorin potkuri 90-300hv\",\"isPartOf\":{\"@id\":\"https:\\\/\\\/veneakselisto.com\\\/kauppa\\\/#website\"},\"primaryImageOfPage\":{\"@id\":\"https:\\\/\\\/veneakselisto.com\\\/kauppa\\\/tuote\\\/evinrude-johnson-14-5x19-peramoottorin-potkuri-90-300hv\\\/#primaryimage\"},\"image\":{\"@id\":\"https:\\\/\\\/veneakselisto.com\\\/kauppa\\\/tuote\\\/evinrude-johnson-14-5x19-peramoottorin-potkuri-90-300hv\\\/#primaryimage\"},\"thumbnailUrl\":\"https:\\\/\\\/i0.wp.com\\\/veneakselisto.com\\\/kauppa\\\/wp-content\\\/uploads\\\/2021\\\/05\\\/Mercury-Solas-potkuri.png?fit=500%2C500&ssl=1\",\"datePublished\":\"2022-03-01T19:45:00+00:00\",\"dateModified\":\"2025-12-02T17:55:30+00:00\",\"description\":\"14.5x19 Evinrude Johnson per\u00e4moottorin potkuri 90-300hv. Tuotteen toimittaa potkureiden erikoisliike-Veneakselisto.com-Evinrude potkuri\",\"breadcrumb\":{\"@id\":\"https:\\\/\\\/veneakselisto.com\\\/kauppa\\\/tuote\\\/evinrude-johnson-14-5x19-peramoottorin-potkuri-90-300hv\\\/#breadcrumb\"},\"inLanguage\":\"fi\",\"potentialAction\":[{\"@type\":\"ReadAction\",\"target\":[\"https:\\\/\\\/veneakselisto.com\\\/kauppa\\\/tuote\\\/evinrude-johnson-14-5x19-peramoottorin-potkuri-90-300hv\\\/\"]}]},{\"@type\":\"ImageObject\",\"inLanguage\":\"fi\",\"@id\":\"https:\\\/\\\/veneakselisto.com\\\/kauppa\\\/tuote\\\/evinrude-johnson-14-5x19-peramoottorin-potkuri-90-300hv\\\/#primaryimage\",\"url\":\"https:\\\/\\\/i0.wp.com\\\/veneakselisto.com\\\/kauppa\\\/wp-content\\\/uploads\\\/2021\\\/05\\\/Mercury-Solas-potkuri.png?fit=500%2C500&ssl=1\",\"contentUrl\":\"https:\\\/\\\/i0.wp.com\\\/veneakselisto.com\\\/kauppa\\\/wp-content\\\/uploads\\\/2021\\\/05\\\/Mercury-Solas-potkuri.png?fit=500%2C500&ssl=1\",\"width\":500,\"height\":500,\"caption\":\"Mercury ja Mariner per\u00e4moottorinpotkurit toimittaa potkureiden erikoisliike-Veneakselisto.com\"},{\"@type\":\"BreadcrumbList\",\"@id\":\"https:\\\/\\\/veneakselisto.com\\\/kauppa\\\/tuote\\\/evinrude-johnson-14-5x19-peramoottorin-potkuri-90-300hv\\\/#breadcrumb\",\"itemListElement\":[{\"@type\":\"ListItem\",\"position\":1,\"name\":\"Etusivu\",\"item\":\"https:\\\/\\\/veneakselisto.com\\\/kauppa\\\/\"},{\"@type\":\"ListItem\",\"position\":2,\"name\":\"Kauppa\",\"item\":\"https:\\\/\\\/veneakselisto.com\\\/kauppa\\\/\"},{\"@type\":\"ListItem\",\"position\":3,\"name\":\"14.5&#215;19 Evinrude Johnson per\u00e4moottorin potkuri 90-300hv\"}]},{\"@type\":\"WebSite\",\"@id\":\"https:\\\/\\\/veneakselisto.com\\\/kauppa\\\/#website\",\"url\":\"https:\\\/\\\/veneakselisto.com\\\/kauppa\\\/\",\"name\":\"Veneakselisto.com - verkkokauppa\",\"description\":\"Venetarvikkeiden maahantuonti ja myynti\",\"publisher\":{\"@id\":\"https:\\\/\\\/veneakselisto.com\\\/kauppa\\\/#organization\"},\"potentialAction\":[{\"@type\":\"SearchAction\",\"target\":{\"@type\":\"EntryPoint\",\"urlTemplate\":\"https:\\\/\\\/veneakselisto.com\\\/kauppa\\\/?s={search_term_string}\"},\"query-input\":{\"@type\":\"PropertyValueSpecification\",\"valueRequired\":true,\"valueName\":\"search_term_string\"}}],\"inLanguage\":\"fi\"},{\"@type\":\"Organization\",\"@id\":\"https:\\\/\\\/veneakselisto.com\\\/kauppa\\\/#organization\",\"name\":\"Veneakselisto.com verkkokauppa\",\"url\":\"https:\\\/\\\/veneakselisto.com\\\/kauppa\\\/\",\"logo\":{\"@type\":\"ImageObject\",\"inLanguage\":\"fi\",\"@id\":\"https:\\\/\\\/veneakselisto.com\\\/kauppa\\\/#\\\/schema\\\/logo\\\/image\\\/\",\"url\":\"https:\\\/\\\/i2.wp.com\\\/veneakselisto.com\\\/kauppa\\\/wp-content\\\/uploads\\\/2016\\\/06\\\/fb_icon.jpg?fit=327%2C327&ssl=1\",\"contentUrl\":\"https:\\\/\\\/i2.wp.com\\\/veneakselisto.com\\\/kauppa\\\/wp-content\\\/uploads\\\/2016\\\/06\\\/fb_icon.jpg?fit=327%2C327&ssl=1\",\"width\":327,\"height\":327,\"caption\":\"Veneakselisto.com verkkokauppa\"},\"image\":{\"@id\":\"https:\\\/\\\/veneakselisto.com\\\/kauppa\\\/#\\\/schema\\\/logo\\\/image\\\/\"},\"sameAs\":[\"https:\\\/\\\/www.facebook.com\\\/AlaMikkula\\\/\"]}]}<\/script>\n<!-- \/ Yoast SEO plugin. -->","yoast_head_json":{"title":"14.5x19 Evinrude Johnson per\u00e4moottorin potkuri 90-300hv","description":"14.5x19 Evinrude Johnson per\u00e4moottorin potkuri 90-300hv. Tuotteen toimittaa potkureiden erikoisliike-Veneakselisto.com-Evinrude potkuri","robots":{"index":"index","follow":"follow","max-snippet":"max-snippet:-1","max-image-preview":"max-image-preview:large","max-video-preview":"max-video-preview:-1"},"canonical":"https:\/\/veneakselisto.com\/kauppa\/tuote\/evinrude-johnson-14-5x19-peramoottorin-potkuri-90-300hv\/","og_locale":"fi_FI","og_type":"article","og_title":"14.5x19 Evinrude Johnson per\u00e4moottorin potkuri 90-300hv","og_description":"14.5x19 Evinrude Johnson per\u00e4moottorin potkuri 90-300hv. Tuotteen toimittaa potkureiden erikoisliike-Veneakselisto.com-Evinrude potkuri","og_url":"https:\/\/veneakselisto.com\/kauppa\/tuote\/evinrude-johnson-14-5x19-peramoottorin-potkuri-90-300hv\/","og_site_name":"Veneakselisto.com - verkkokauppa","article_publisher":"https:\/\/www.facebook.com\/AlaMikkula\/","article_modified_time":"2025-12-02T17:55:30+00:00","og_image":[{"width":500,"height":500,"url":"https:\/\/veneakselisto.com\/kauppa\/wp-content\/uploads\/2021\/05\/Mercury-Solas-potkuri.png","type":"image\/png"}],"twitter_card":"summary_large_image","twitter_misc":{"Arvioitu lukuaika":"4 minuuttia"},"schema":{"@context":"https:\/\/schema.org","@graph":[{"@type":"WebPage","@id":"https:\/\/veneakselisto.com\/kauppa\/tuote\/evinrude-johnson-14-5x19-peramoottorin-potkuri-90-300hv\/","url":"https:\/\/veneakselisto.com\/kauppa\/tuote\/evinrude-johnson-14-5x19-peramoottorin-potkuri-90-300hv\/","name":"14.5x19 Evinrude Johnson per\u00e4moottorin potkuri 90-300hv","isPartOf":{"@id":"https:\/\/veneakselisto.com\/kauppa\/#website"},"primaryImageOfPage":{"@id":"https:\/\/veneakselisto.com\/kauppa\/tuote\/evinrude-johnson-14-5x19-peramoottorin-potkuri-90-300hv\/#primaryimage"},"image":{"@id":"https:\/\/veneakselisto.com\/kauppa\/tuote\/evinrude-johnson-14-5x19-peramoottorin-potkuri-90-300hv\/#primaryimage"},"thumbnailUrl":"https:\/\/i0.wp.com\/veneakselisto.com\/kauppa\/wp-content\/uploads\/2021\/05\/Mercury-Solas-potkuri.png?fit=500%2C500&ssl=1","datePublished":"2022-03-01T19:45:00+00:00","dateModified":"2025-12-02T17:55:30+00:00","description":"14.5x19 Evinrude Johnson per\u00e4moottorin potkuri 90-300hv. Tuotteen toimittaa potkureiden erikoisliike-Veneakselisto.com-Evinrude potkuri","breadcrumb":{"@id":"https:\/\/veneakselisto.com\/kauppa\/tuote\/evinrude-johnson-14-5x19-peramoottorin-potkuri-90-300hv\/#breadcrumb"},"inLanguage":"fi","potentialAction":[{"@type":"ReadAction","target":["https:\/\/veneakselisto.com\/kauppa\/tuote\/evinrude-johnson-14-5x19-peramoottorin-potkuri-90-300hv\/"]}]},{"@type":"ImageObject","inLanguage":"fi","@id":"https:\/\/veneakselisto.com\/kauppa\/tuote\/evinrude-johnson-14-5x19-peramoottorin-potkuri-90-300hv\/#primaryimage","url":"https:\/\/i0.wp.com\/veneakselisto.com\/kauppa\/wp-content\/uploads\/2021\/05\/Mercury-Solas-potkuri.png?fit=500%2C500&ssl=1","contentUrl":"https:\/\/i0.wp.com\/veneakselisto.com\/kauppa\/wp-content\/uploads\/2021\/05\/Mercury-Solas-potkuri.png?fit=500%2C500&ssl=1","width":500,"height":500,"caption":"Mercury ja Mariner per\u00e4moottorinpotkurit toimittaa potkureiden erikoisliike-Veneakselisto.com"},{"@type":"BreadcrumbList","@id":"https:\/\/veneakselisto.com\/kauppa\/tuote\/evinrude-johnson-14-5x19-peramoottorin-potkuri-90-300hv\/#breadcrumb","itemListElement":[{"@type":"ListItem","position":1,"name":"Etusivu","item":"https:\/\/veneakselisto.com\/kauppa\/"},{"@type":"ListItem","position":2,"name":"Kauppa","item":"https:\/\/veneakselisto.com\/kauppa\/"},{"@type":"ListItem","position":3,"name":"14.5&#215;19 Evinrude Johnson per\u00e4moottorin potkuri 90-300hv"}]},{"@type":"WebSite","@id":"https:\/\/veneakselisto.com\/kauppa\/#website","url":"https:\/\/veneakselisto.com\/kauppa\/","name":"Veneakselisto.com - verkkokauppa","description":"Venetarvikkeiden maahantuonti ja myynti","publisher":{"@id":"https:\/\/veneakselisto.com\/kauppa\/#organization"},"potentialAction":[{"@type":"SearchAction","target":{"@type":"EntryPoint","urlTemplate":"https:\/\/veneakselisto.com\/kauppa\/?s={search_term_string}"},"query-input":{"@type":"PropertyValueSpecification","valueRequired":true,"valueName":"search_term_string"}}],"inLanguage":"fi"},{"@type":"Organization","@id":"https:\/\/veneakselisto.com\/kauppa\/#organization","name":"Veneakselisto.com verkkokauppa","url":"https:\/\/veneakselisto.com\/kauppa\/","logo":{"@type":"ImageObject","inLanguage":"fi","@id":"https:\/\/veneakselisto.com\/kauppa\/#\/schema\/logo\/image\/","url":"https:\/\/i2.wp.com\/veneakselisto.com\/kauppa\/wp-content\/uploads\/2016\/06\/fb_icon.jpg?fit=327%2C327&ssl=1","contentUrl":"https:\/\/i2.wp.com\/veneakselisto.com\/kauppa\/wp-content\/uploads\/2016\/06\/fb_icon.jpg?fit=327%2C327&ssl=1","width":327,"height":327,"caption":"Veneakselisto.com verkkokauppa"},"image":{"@id":"https:\/\/veneakselisto.com\/kauppa\/#\/schema\/logo\/image\/"},"sameAs":["https:\/\/www.facebook.com\/AlaMikkula\/"]}]}},"jetpack_publicize_connections":[],"jetpack_sharing_enabled":true,"_links":{"self":[{"href":"https:\/\/veneakselisto.com\/kauppa\/wp-json\/wp\/v2\/product\/12792","targetHints":{"allow":["GET"]}}],"collection":[{"href":"https:\/\/veneakselisto.com\/kauppa\/wp-json\/wp\/v2\/product"}],"about":[{"href":"https:\/\/veneakselisto.com\/kauppa\/wp-json\/wp\/v2\/types\/product"}],"replies":[{"embeddable":true,"href":"https:\/\/veneakselisto.com\/kauppa\/wp-json\/wp\/v2\/comments?post=12792"}],"wp:featuredmedia":[{"embeddable":true,"href":"https:\/\/veneakselisto.com\/kauppa\/wp-json\/wp\/v2\/media\/10760"}],"wp:attachment":[{"href":"https:\/\/veneakselisto.com\/kauppa\/wp-json\/wp\/v2\/media?parent=12792"}],"wp:term":[{"taxonomy":"product_brand","embeddable":true,"href":"https:\/\/veneakselisto.com\/kauppa\/wp-json\/wp\/v2\/product_brand?post=12792"},{"taxonomy":"product_cat","embeddable":true,"href":"https:\/\/veneakselisto.com\/kauppa\/wp-json\/wp\/v2\/product_cat?post=12792"},{"taxonomy":"product_tag","embeddable":true,"href":"https:\/\/veneakselisto.com\/kauppa\/wp-json\/wp\/v2\/product_tag?post=12792"}],"curies":[{"name":"wp","href":"https:\/\/api.w.org\/{rel}","templated":true}]}}