{"id":12783,"date":"2022-03-01T21:21:42","date_gmt":"2022-03-01T19:21:42","guid":{"rendered":"https:\/\/veneakselisto.com\/kauppa\/?post_type=product&#038;p=12783"},"modified":"2025-12-02T19:05:40","modified_gmt":"2025-12-02T17:05:40","slug":"evinrude-johnson-12-25x15-peramoottorin-potkuri-40-75hv","status":"publish","type":"product","link":"https:\/\/veneakselisto.com\/kauppa\/tuote\/evinrude-johnson-12-25x15-peramoottorin-potkuri-40-75hv\/","title":{"rendered":"12.25&#215;15 40-75hv Evinrude Johnson per\u00e4moottorin potkuri"},"content":{"rendered":"<div>Evinrude Johnson 12.25&#215;15 per\u00e4moottorin potkuri 40-75hv<\/div>\n<div><\/div>\n<div>Valmistaja SOLAS<\/div>\n<div>\n<p>KOKO 12.25&#215;15<\/p>\n<p>13 rihlaa<\/p>\n<h5>Evinrude<\/h5>\n<ul>\n<li>40 HP\/2-Stroke (13 Spline)\/1984 &#8211; Present<\/li>\n<li>40 HP\/Sprint (13 Spline)\/1986 &#8211; 1992<\/li>\n<li>48 HP\/2-Stroke (Small Gearcase)(13 Spline)\/1987-1996<\/li>\n<li>50 HP\/2-Cylinder (13 Spline)\/1975 &#8211; Present<\/li>\n<li>50 HP\/Sprint (13 Spline)\/1986 &#8211; 1992<\/li>\n<li>55 HP\/2-Stroke (Small Gearcase)(13 Spline)\/1976-1979<\/li>\n<li>55 HP\/Sprint (13 Spline)\/1986 &#8211; 1992<\/li>\n<li>60 HP\/2-Cylinder 2-Stroke (13 Spline)\/1980 &#8211; 1985<\/li>\n<li>60 HP\/Sprint (13 Spline)\/1986 &#8211; 1992<\/li>\n<li>70 HP\/2-Cylinder (13 Spline)\/Thru 1983<\/li>\n<li>70 HP\/Sprint (13 Spline)\/1986 &#8211; 1992<\/li>\n<li>75 HP\/3-Cylinder (Small Gearcase)(13 Spline)\/1975 &#8211; 1985<\/li>\n<li>75 HP\/Sprint, Formula E (13 Spline)\/1986 &#8211; 1992<\/li>\n<li><\/li>\n<\/ul>\n<div id=\"1\" class=\"more\">\n<h5><em>\u00a0Johnson<\/em><\/h5>\n<ul>\n<li>40 HP\/2-Stroke (13 Spline)\/1984 &#8211; Present<\/li>\n<li>40 HP\/Sprint (13 Spline)\/1986 &#8211; 1992<\/li>\n<li>48 HP\/2-Stroke (Small Gearcase)(13 Spline)\/1987-1996<\/li>\n<li>50 HP\/2-Cylinder (13 Spline)\/1975 &#8211; Present<\/li>\n<li>50 HP\/Sprint (13 Spline)\/1986 &#8211; 1992<\/li>\n<li>55 HP\/2-Stroke (Small Gearcase)(13 Spline)\/1976-1979<\/li>\n<li>55 HP\/Sprint (13 Spline)\/1986 &#8211; 1992<\/li>\n<li>60 HP\/2-Cylinder 2-Stroke (13 Spline)\/1980 &#8211; 1985<\/li>\n<li>60 HP\/Sprint (13 Spline)\/1986 &#8211; 1992<\/li>\n<li>70 HP\/2-Cylinder (13 Spline)\/Thru 1983<\/li>\n<li>70 HP\/Sprint (13 Spline)\/1986 &#8211; 1992<\/li>\n<li>75 HP\/3-Cylinder (Small Gearcase)(13 Spline)\/1975 &#8211; 1985<\/li>\n<li>75 HP\/Sprint, Formula E (13 Spline)\/1986 &#8211; 1992<\/li>\n<\/ul>\n<\/div>\n<\/div>\n<div>My\u00f6s muita kokoja&#8230;Kysy!<\/div>\n<div>\n<p>Hyv\u00e4 tiet\u00e4\u00e4 potkurin valinnassa.<\/p>\n<p>Selvit\u00e4 mik\u00e4 potkuri sinulla on nyt moottorissasi. Potkurin koko lukee potkurin navassa lapojen v\u00e4liss\u00e4 tai potkurin navan p\u00e4\u00e4ss\u00e4. Esim. 13 1\/4 x 17. Ensinm\u00e4inen numero on potkurin halkaisija ja j\u00e4lkinm\u00e4inen on potkurin nousu.<\/p>\n<p>Muutos potkurin nousussa voi lis\u00e4t\u00e4 tai v\u00e4hent\u00e4\u00e4 moottorin kierroslukua. Kahden tuuman (2\u201d) lis\u00e4ys tai v\u00e4hennys potkurin nousuun muuttaa moottorin kierroslukua noin +- 350 rpm. Tarkista my\u00f6s moottorinvalmistajan suosittelema kierroslukualue!<\/p>\n<p>Potkurimyyj\u00e4lle k\u00e4site \u201dvakiopotkuri\u201d on vaikea, sill\u00e4 kaikki potkurivalmistajan valikoimassa olevat potkurit ovat periaatteessa vakiopotkureita. Kahdessa t\u00e4ysin samanlaisessa veneess\u00e4, varustettuna saman tehoisilla moottoreilla, voi potkurit olla eri kokoiset mik\u00e4li veneit\u00e4 ajetaan eri kuormalla. Siksi on eritt\u00e4in t\u00e4rke\u00e4\u00e4 merkit\u00e4 muistiin potkurin koko ja suurin kierrosluku, jonka moottori saavuttaa sek\u00e4 veneen suurin nopeus.<\/p>\n<p>Moottorioston yhteydess\u00e4 moottorin kanssa on yleens\u00e4 toimitettu potkuri, jota kutsutaan \u201cvakiopotkuriksi\u201d. Kooltaan t\u00e4m\u00e4 potkuri on arvioitu sopivan mahdollisimman moneen moottori\/vene yhdistelm\u00e4\u00e4n. Vakiopotkuri ei siis aina ole paras vaihtoehto.<\/p>\n<p>Ostamalla Solas potkurin tied\u00e4t saavasi korkean suorituskyvyn ja ensiluokkaisen laadun edullisella hinnalla Solas-potkurien avulla. Laadukkaimmista metalleista ja laajasta valikoimasta erilaisia potkureita koostuva Solas potkuri valikoima on yksi veneen potkuriteollisuuden johtavista merkeist\u00e4. Kaksi asiaa, jotka erottavat Solas potkurin muista merkeist\u00e4, ovat ainutlaatuinen valuprosessi, joka auttaa tuottamaan vahvempia, ohuempia ja sile\u00e4mpi\u00e4 teri\u00e4, ja niiden erityisesti suunnitellut, kumimallilliset kahdeksankulmaiset navat, jotka lis\u00e4\u00e4v\u00e4t t\u00e4rin\u00e4n vaimennusta ja v\u00e4hent\u00e4v\u00e4t liukumista.<\/p>\n<p><strong>Alumiini vai ter\u00e4spotkuri?<\/strong> Useimmat veneet toimitetaan alumiinipotkurilla. Alumiinipotkurit ovat suhteellisen edullisia ja kest\u00e4v\u00e4t normaaliolosuhteissa useita vuosia. Ter\u00e4spotkurit ovat kalliimpia mutta paljon vahvempia ja kest\u00e4v\u00e4mpi\u00e4 kuin alumiinipotkurit. Jos kaipaat parempaa suorituskyky\u00e4 kuten huippunopeutta ja kiihtyvyytt\u00e4 kannattaa harkita ter\u00e4spotkurin hankintaa.<\/p>\n<\/div>\n","protected":false},"excerpt":{"rendered":"<div>Evinrude Johnson 12.25&#215;15 per\u00e4moottorin potkuri 40-75hv<\/div>\n<div><\/div>\n<div>Valmistaja SOLAS<\/div>\n<div>\n<p>KOKO 12.25&#215;15<\/p>\n<p>13 rihlaa<\/p>\n<\/div>\n<p>Katso tarkempi sopivuus alta.<\/p>\n<div class=\"std\">Verkkokauppa tuote. Toimitusaika 1-4pv normaalisti.<\/div>\n","protected":false},"featured_media":18814,"comment_status":"open","ping_status":"closed","template":"","meta":{"jetpack_post_was_ever_published":false,"jetpack_publicize_message":"","jetpack_publicize_feature_enabled":true,"jetpack_social_post_already_shared":true,"jetpack_social_options":{"image_generator_settings":{"template":"highway","default_image_id":0,"font":"","enabled":false},"version":2}},"product_brand":[],"product_cat":[1188,1227,553,18],"product_tag":[385,384,383,554,89],"class_list":{"0":"post-12783","1":"product","2":"type-product","3":"status-publish","4":"has-post-thumbnail","6":"product_cat-johnson-evinrude-potkuri","7":"product_cat-johnson-evinrude-potkuri-johnson-evinrude-potkuri","8":"product_cat-solas_polastorm_alumiinipotkurit","9":"product_cat-potkurit","10":"product_tag-evinrude","11":"product_tag-johnson","12":"product_tag-peramoottori","13":"product_tag-peramoottorinpotkuri","14":"product_tag-potkuri","15":"brand-solas","17":"first","18":"instock","19":"sale","20":"taxable","21":"shipping-taxable","22":"purchasable","23":"product-type-simple"},"yoast_head":"<!-- This site is optimized with the Yoast SEO plugin v27.3 - https:\/\/yoast.com\/product\/yoast-seo-wordpress\/ -->\n<title>Evinrude Johnson 12.25x15 per\u00e4moottorin potkuri 40-75hv-Veneakselisto<\/title>\n<meta name=\"description\" content=\"Evinrude Johnson 12.25x15 per\u00e4moottorin potkuri 40-75hv. Tuotteen toimittaa potkureiden erikoisliike-Veneakselisto.com-Evinrude potkuri\" \/>\n<meta name=\"robots\" content=\"index, follow, max-snippet:-1, max-image-preview:large, max-video-preview:-1\" \/>\n<link rel=\"canonical\" href=\"https:\/\/veneakselisto.com\/kauppa\/tuote\/evinrude-johnson-12-25x15-peramoottorin-potkuri-40-75hv\/\" \/>\n<meta property=\"og:locale\" content=\"fi_FI\" \/>\n<meta property=\"og:type\" content=\"article\" \/>\n<meta property=\"og:title\" content=\"Evinrude Johnson 12.25x15 per\u00e4moottorin potkuri 40-75hv-Veneakselisto\" \/>\n<meta property=\"og:description\" content=\"Evinrude Johnson 12.25x15 per\u00e4moottorin potkuri 40-75hv. Tuotteen toimittaa potkureiden erikoisliike-Veneakselisto.com-Evinrude potkuri\" \/>\n<meta property=\"og:url\" content=\"https:\/\/veneakselisto.com\/kauppa\/tuote\/evinrude-johnson-12-25x15-peramoottorin-potkuri-40-75hv\/\" \/>\n<meta property=\"og:site_name\" content=\"Veneakselisto.com - verkkokauppa\" \/>\n<meta property=\"article:publisher\" content=\"https:\/\/www.facebook.com\/AlaMikkula\/\" \/>\n<meta property=\"article:modified_time\" content=\"2025-12-02T17:05:40+00:00\" \/>\n<meta property=\"og:image\" content=\"https:\/\/veneakselisto.com\/kauppa\/wp-content\/uploads\/2021\/11\/Evinrude-Solas-alumiinipotkuri.jpg\" \/>\n\t<meta property=\"og:image:width\" content=\"500\" \/>\n\t<meta property=\"og:image:height\" content=\"500\" \/>\n\t<meta property=\"og:image:type\" content=\"image\/jpeg\" \/>\n<meta name=\"twitter:card\" content=\"summary_large_image\" \/>\n<meta name=\"twitter:label1\" content=\"Arvioitu lukuaika\" \/>\n\t<meta name=\"twitter:data1\" content=\"3 minuuttia\" \/>\n<script type=\"application\/ld+json\" class=\"yoast-schema-graph\">{\"@context\":\"https:\\\/\\\/schema.org\",\"@graph\":[{\"@type\":\"WebPage\",\"@id\":\"https:\\\/\\\/veneakselisto.com\\\/kauppa\\\/tuote\\\/evinrude-johnson-12-25x15-peramoottorin-potkuri-40-75hv\\\/\",\"url\":\"https:\\\/\\\/veneakselisto.com\\\/kauppa\\\/tuote\\\/evinrude-johnson-12-25x15-peramoottorin-potkuri-40-75hv\\\/\",\"name\":\"Evinrude Johnson 12.25x15 per\u00e4moottorin potkuri 40-75hv-Veneakselisto\",\"isPartOf\":{\"@id\":\"https:\\\/\\\/veneakselisto.com\\\/kauppa\\\/#website\"},\"primaryImageOfPage\":{\"@id\":\"https:\\\/\\\/veneakselisto.com\\\/kauppa\\\/tuote\\\/evinrude-johnson-12-25x15-peramoottorin-potkuri-40-75hv\\\/#primaryimage\"},\"image\":{\"@id\":\"https:\\\/\\\/veneakselisto.com\\\/kauppa\\\/tuote\\\/evinrude-johnson-12-25x15-peramoottorin-potkuri-40-75hv\\\/#primaryimage\"},\"thumbnailUrl\":\"https:\\\/\\\/i0.wp.com\\\/veneakselisto.com\\\/kauppa\\\/wp-content\\\/uploads\\\/2021\\\/11\\\/Evinrude-Solas-alumiinipotkuri.jpg?fit=500%2C500&ssl=1\",\"datePublished\":\"2022-03-01T19:21:42+00:00\",\"dateModified\":\"2025-12-02T17:05:40+00:00\",\"description\":\"Evinrude Johnson 12.25x15 per\u00e4moottorin potkuri 40-75hv. Tuotteen toimittaa potkureiden erikoisliike-Veneakselisto.com-Evinrude potkuri\",\"breadcrumb\":{\"@id\":\"https:\\\/\\\/veneakselisto.com\\\/kauppa\\\/tuote\\\/evinrude-johnson-12-25x15-peramoottorin-potkuri-40-75hv\\\/#breadcrumb\"},\"inLanguage\":\"fi\",\"potentialAction\":[{\"@type\":\"ReadAction\",\"target\":[\"https:\\\/\\\/veneakselisto.com\\\/kauppa\\\/tuote\\\/evinrude-johnson-12-25x15-peramoottorin-potkuri-40-75hv\\\/\"]}]},{\"@type\":\"ImageObject\",\"inLanguage\":\"fi\",\"@id\":\"https:\\\/\\\/veneakselisto.com\\\/kauppa\\\/tuote\\\/evinrude-johnson-12-25x15-peramoottorin-potkuri-40-75hv\\\/#primaryimage\",\"url\":\"https:\\\/\\\/i0.wp.com\\\/veneakselisto.com\\\/kauppa\\\/wp-content\\\/uploads\\\/2021\\\/11\\\/Evinrude-Solas-alumiinipotkuri.jpg?fit=500%2C500&ssl=1\",\"contentUrl\":\"https:\\\/\\\/i0.wp.com\\\/veneakselisto.com\\\/kauppa\\\/wp-content\\\/uploads\\\/2021\\\/11\\\/Evinrude-Solas-alumiinipotkuri.jpg?fit=500%2C500&ssl=1\",\"width\":500,\"height\":500,\"caption\":\"Evinrude-Solas-alumiinipotkuri-Johnson-Veneakselisto.com\"},{\"@type\":\"BreadcrumbList\",\"@id\":\"https:\\\/\\\/veneakselisto.com\\\/kauppa\\\/tuote\\\/evinrude-johnson-12-25x15-peramoottorin-potkuri-40-75hv\\\/#breadcrumb\",\"itemListElement\":[{\"@type\":\"ListItem\",\"position\":1,\"name\":\"Etusivu\",\"item\":\"https:\\\/\\\/veneakselisto.com\\\/kauppa\\\/\"},{\"@type\":\"ListItem\",\"position\":2,\"name\":\"Kauppa\",\"item\":\"https:\\\/\\\/veneakselisto.com\\\/kauppa\\\/\"},{\"@type\":\"ListItem\",\"position\":3,\"name\":\"12.25&#215;15 40-75hv Evinrude Johnson per\u00e4moottorin potkuri\"}]},{\"@type\":\"WebSite\",\"@id\":\"https:\\\/\\\/veneakselisto.com\\\/kauppa\\\/#website\",\"url\":\"https:\\\/\\\/veneakselisto.com\\\/kauppa\\\/\",\"name\":\"Veneakselisto.com - verkkokauppa\",\"description\":\"Venetarvikkeiden maahantuonti ja myynti\",\"publisher\":{\"@id\":\"https:\\\/\\\/veneakselisto.com\\\/kauppa\\\/#organization\"},\"potentialAction\":[{\"@type\":\"SearchAction\",\"target\":{\"@type\":\"EntryPoint\",\"urlTemplate\":\"https:\\\/\\\/veneakselisto.com\\\/kauppa\\\/?s={search_term_string}\"},\"query-input\":{\"@type\":\"PropertyValueSpecification\",\"valueRequired\":true,\"valueName\":\"search_term_string\"}}],\"inLanguage\":\"fi\"},{\"@type\":\"Organization\",\"@id\":\"https:\\\/\\\/veneakselisto.com\\\/kauppa\\\/#organization\",\"name\":\"Veneakselisto.com verkkokauppa\",\"url\":\"https:\\\/\\\/veneakselisto.com\\\/kauppa\\\/\",\"logo\":{\"@type\":\"ImageObject\",\"inLanguage\":\"fi\",\"@id\":\"https:\\\/\\\/veneakselisto.com\\\/kauppa\\\/#\\\/schema\\\/logo\\\/image\\\/\",\"url\":\"https:\\\/\\\/i2.wp.com\\\/veneakselisto.com\\\/kauppa\\\/wp-content\\\/uploads\\\/2016\\\/06\\\/fb_icon.jpg?fit=327%2C327&ssl=1\",\"contentUrl\":\"https:\\\/\\\/i2.wp.com\\\/veneakselisto.com\\\/kauppa\\\/wp-content\\\/uploads\\\/2016\\\/06\\\/fb_icon.jpg?fit=327%2C327&ssl=1\",\"width\":327,\"height\":327,\"caption\":\"Veneakselisto.com verkkokauppa\"},\"image\":{\"@id\":\"https:\\\/\\\/veneakselisto.com\\\/kauppa\\\/#\\\/schema\\\/logo\\\/image\\\/\"},\"sameAs\":[\"https:\\\/\\\/www.facebook.com\\\/AlaMikkula\\\/\"]}]}<\/script>\n<!-- \/ Yoast SEO plugin. -->","yoast_head_json":{"title":"Evinrude Johnson 12.25x15 per\u00e4moottorin potkuri 40-75hv-Veneakselisto","description":"Evinrude Johnson 12.25x15 per\u00e4moottorin potkuri 40-75hv. Tuotteen toimittaa potkureiden erikoisliike-Veneakselisto.com-Evinrude potkuri","robots":{"index":"index","follow":"follow","max-snippet":"max-snippet:-1","max-image-preview":"max-image-preview:large","max-video-preview":"max-video-preview:-1"},"canonical":"https:\/\/veneakselisto.com\/kauppa\/tuote\/evinrude-johnson-12-25x15-peramoottorin-potkuri-40-75hv\/","og_locale":"fi_FI","og_type":"article","og_title":"Evinrude Johnson 12.25x15 per\u00e4moottorin potkuri 40-75hv-Veneakselisto","og_description":"Evinrude Johnson 12.25x15 per\u00e4moottorin potkuri 40-75hv. Tuotteen toimittaa potkureiden erikoisliike-Veneakselisto.com-Evinrude potkuri","og_url":"https:\/\/veneakselisto.com\/kauppa\/tuote\/evinrude-johnson-12-25x15-peramoottorin-potkuri-40-75hv\/","og_site_name":"Veneakselisto.com - verkkokauppa","article_publisher":"https:\/\/www.facebook.com\/AlaMikkula\/","article_modified_time":"2025-12-02T17:05:40+00:00","og_image":[{"width":500,"height":500,"url":"https:\/\/veneakselisto.com\/kauppa\/wp-content\/uploads\/2021\/11\/Evinrude-Solas-alumiinipotkuri.jpg","type":"image\/jpeg"}],"twitter_card":"summary_large_image","twitter_misc":{"Arvioitu lukuaika":"3 minuuttia"},"schema":{"@context":"https:\/\/schema.org","@graph":[{"@type":"WebPage","@id":"https:\/\/veneakselisto.com\/kauppa\/tuote\/evinrude-johnson-12-25x15-peramoottorin-potkuri-40-75hv\/","url":"https:\/\/veneakselisto.com\/kauppa\/tuote\/evinrude-johnson-12-25x15-peramoottorin-potkuri-40-75hv\/","name":"Evinrude Johnson 12.25x15 per\u00e4moottorin potkuri 40-75hv-Veneakselisto","isPartOf":{"@id":"https:\/\/veneakselisto.com\/kauppa\/#website"},"primaryImageOfPage":{"@id":"https:\/\/veneakselisto.com\/kauppa\/tuote\/evinrude-johnson-12-25x15-peramoottorin-potkuri-40-75hv\/#primaryimage"},"image":{"@id":"https:\/\/veneakselisto.com\/kauppa\/tuote\/evinrude-johnson-12-25x15-peramoottorin-potkuri-40-75hv\/#primaryimage"},"thumbnailUrl":"https:\/\/i0.wp.com\/veneakselisto.com\/kauppa\/wp-content\/uploads\/2021\/11\/Evinrude-Solas-alumiinipotkuri.jpg?fit=500%2C500&ssl=1","datePublished":"2022-03-01T19:21:42+00:00","dateModified":"2025-12-02T17:05:40+00:00","description":"Evinrude Johnson 12.25x15 per\u00e4moottorin potkuri 40-75hv. Tuotteen toimittaa potkureiden erikoisliike-Veneakselisto.com-Evinrude potkuri","breadcrumb":{"@id":"https:\/\/veneakselisto.com\/kauppa\/tuote\/evinrude-johnson-12-25x15-peramoottorin-potkuri-40-75hv\/#breadcrumb"},"inLanguage":"fi","potentialAction":[{"@type":"ReadAction","target":["https:\/\/veneakselisto.com\/kauppa\/tuote\/evinrude-johnson-12-25x15-peramoottorin-potkuri-40-75hv\/"]}]},{"@type":"ImageObject","inLanguage":"fi","@id":"https:\/\/veneakselisto.com\/kauppa\/tuote\/evinrude-johnson-12-25x15-peramoottorin-potkuri-40-75hv\/#primaryimage","url":"https:\/\/i0.wp.com\/veneakselisto.com\/kauppa\/wp-content\/uploads\/2021\/11\/Evinrude-Solas-alumiinipotkuri.jpg?fit=500%2C500&ssl=1","contentUrl":"https:\/\/i0.wp.com\/veneakselisto.com\/kauppa\/wp-content\/uploads\/2021\/11\/Evinrude-Solas-alumiinipotkuri.jpg?fit=500%2C500&ssl=1","width":500,"height":500,"caption":"Evinrude-Solas-alumiinipotkuri-Johnson-Veneakselisto.com"},{"@type":"BreadcrumbList","@id":"https:\/\/veneakselisto.com\/kauppa\/tuote\/evinrude-johnson-12-25x15-peramoottorin-potkuri-40-75hv\/#breadcrumb","itemListElement":[{"@type":"ListItem","position":1,"name":"Etusivu","item":"https:\/\/veneakselisto.com\/kauppa\/"},{"@type":"ListItem","position":2,"name":"Kauppa","item":"https:\/\/veneakselisto.com\/kauppa\/"},{"@type":"ListItem","position":3,"name":"12.25&#215;15 40-75hv Evinrude Johnson per\u00e4moottorin potkuri"}]},{"@type":"WebSite","@id":"https:\/\/veneakselisto.com\/kauppa\/#website","url":"https:\/\/veneakselisto.com\/kauppa\/","name":"Veneakselisto.com - verkkokauppa","description":"Venetarvikkeiden maahantuonti ja myynti","publisher":{"@id":"https:\/\/veneakselisto.com\/kauppa\/#organization"},"potentialAction":[{"@type":"SearchAction","target":{"@type":"EntryPoint","urlTemplate":"https:\/\/veneakselisto.com\/kauppa\/?s={search_term_string}"},"query-input":{"@type":"PropertyValueSpecification","valueRequired":true,"valueName":"search_term_string"}}],"inLanguage":"fi"},{"@type":"Organization","@id":"https:\/\/veneakselisto.com\/kauppa\/#organization","name":"Veneakselisto.com verkkokauppa","url":"https:\/\/veneakselisto.com\/kauppa\/","logo":{"@type":"ImageObject","inLanguage":"fi","@id":"https:\/\/veneakselisto.com\/kauppa\/#\/schema\/logo\/image\/","url":"https:\/\/i2.wp.com\/veneakselisto.com\/kauppa\/wp-content\/uploads\/2016\/06\/fb_icon.jpg?fit=327%2C327&ssl=1","contentUrl":"https:\/\/i2.wp.com\/veneakselisto.com\/kauppa\/wp-content\/uploads\/2016\/06\/fb_icon.jpg?fit=327%2C327&ssl=1","width":327,"height":327,"caption":"Veneakselisto.com verkkokauppa"},"image":{"@id":"https:\/\/veneakselisto.com\/kauppa\/#\/schema\/logo\/image\/"},"sameAs":["https:\/\/www.facebook.com\/AlaMikkula\/"]}]}},"jetpack_publicize_connections":[],"jetpack_sharing_enabled":true,"_links":{"self":[{"href":"https:\/\/veneakselisto.com\/kauppa\/wp-json\/wp\/v2\/product\/12783","targetHints":{"allow":["GET"]}}],"collection":[{"href":"https:\/\/veneakselisto.com\/kauppa\/wp-json\/wp\/v2\/product"}],"about":[{"href":"https:\/\/veneakselisto.com\/kauppa\/wp-json\/wp\/v2\/types\/product"}],"replies":[{"embeddable":true,"href":"https:\/\/veneakselisto.com\/kauppa\/wp-json\/wp\/v2\/comments?post=12783"}],"wp:featuredmedia":[{"embeddable":true,"href":"https:\/\/veneakselisto.com\/kauppa\/wp-json\/wp\/v2\/media\/18814"}],"wp:attachment":[{"href":"https:\/\/veneakselisto.com\/kauppa\/wp-json\/wp\/v2\/media?parent=12783"}],"wp:term":[{"taxonomy":"product_brand","embeddable":true,"href":"https:\/\/veneakselisto.com\/kauppa\/wp-json\/wp\/v2\/product_brand?post=12783"},{"taxonomy":"product_cat","embeddable":true,"href":"https:\/\/veneakselisto.com\/kauppa\/wp-json\/wp\/v2\/product_cat?post=12783"},{"taxonomy":"product_tag","embeddable":true,"href":"https:\/\/veneakselisto.com\/kauppa\/wp-json\/wp\/v2\/product_tag?post=12783"}],"curies":[{"name":"wp","href":"https:\/\/api.w.org\/{rel}","templated":true}]}}