{"id":1253,"date":"2017-01-06T20:32:36","date_gmt":"2017-01-06T18:32:36","guid":{"rendered":"https:\/\/veneakselisto.com\/kauppa\/tuote\/siipipyora-yanmar-2gm-2qm-3gm-3qm-ysb8-ysb12-ysm12-sb12\/"},"modified":"2025-08-05T09:33:44","modified_gmt":"2025-08-05T06:33:44","slug":"siipipyora-yanmar-2gm-2qm-3gm-3qm-ysb8-ysb12-ysm12-sb12","status":"publish","type":"product","link":"https:\/\/veneakselisto.com\/kauppa\/tuote\/siipipyora-yanmar-2gm-2qm-3gm-3qm-ysb8-ysb12-ysm12-sb12\/","title":{"rendered":"Siipipy\u00f6r\u00e4 Yanmar 2GM, 3GM, YSB, SB"},"content":{"rendered":"<div class=\"wpb-content-wrapper\"><p>Siipipy\u00f6r\u00e4 Yanmar 2GM, 3GM, YSB, SB<\/p>\n<p>Siipipy\u00f6r\u00e4 poikkitapilla. Huom.! Yanmar malleja voi olla samalle pumpulle kahdella eri siipipy\u00f6r\u00e4ll\u00e4, poikkitapilla sek\u00e4 kiilauralla. Tarkista sopivuus!<\/p>\n<p>OEM nr: 104211-42071, 104211-42070<\/p>\n<p>Sopivuus:<\/p>\n<p><strong>2GM, 2QM, 3GM, 3QM, YSB8, YSB12, YSM12, SB12<\/strong><\/p>\n<p>2GM20, 2GM20B, 2GM20C, 2GM20VE<\/p>\n<p>3GM, 3GMD<\/p>\n<p>3GM30, 3GM30B, 3GM30C, 3GM30VE<\/p>\n<p>SB8, SB8-CY, SB8-EX, SB8G-CY, SB8G-EX, SBF8, SBF8G<\/p>\n<p>YSB8, YSB8-CY, YSB8-ECX, YSB8-R, YSB8G-CY, YSB8G-ECX<\/p>\n<p>YSB8G-R, YSBF8, YSBF8G, YSE8, YSE8L, YSM8, YSM8-J, YSM8-R, YSM8-Y<\/p>\n<p>SB12, SB12-CY, SB12-EX, SB12G-CY, SB12G-EX, SBF12, SBF12G<\/p>\n<p>YSB12, YSB12-CY, YSB12-ECX, YSB12-R, YSB12G-CY, YSB12G-ECX<\/p>\n<p>YSB12G-R, YSBF12, YSBF12G YSE12, YSE12L<\/p>\n<p>YSM12, YSM12-J, YSM12-R, YSM12-Y<\/p>\n<p>2QM*, 2QM15, 2QM20*, 3QM*, 3QM30*<\/p>\n<p>* Pilssipumpun siipipy\u00f6r\u00e4<strong>. N\u00e4iden moottoreiden merivesipumpun siipipy\u00f6r\u00e4 on 117-2-24003<\/strong><\/p>\n<p>[\/vc_column_text][\/vc_column][\/vc_row][vc_row][vc_column][vc_column_text]Laadukkaat ja edulliset Orbitrade Marine Yanmar siipipy\u00f6r\u00e4t.<\/p>\n<p>Valmistuumaa Ruotsi.[\/vc_column_text][\/vc_column][\/vc_row]<\/p>\n<\/div>","protected":false},"excerpt":{"rendered":"<p>Siipipy\u00f6r\u00e4 Yanmar 2GM, 3GM, YSB, SB<\/p>\n<p>Huom.! Yanmar malleja voi olla samalle pumpulle kahdella eri siipipy\u00f6r\u00e4ll\u00e4, poikkitapilla sek\u00e4 kiilauralla. Tarkista sopivuus!<\/p>\n<p>Siipipy\u00f6r\u00e4 poikkitapilla<\/p>\n<p>Tarkempi sopivuus alla.<\/p>\n","protected":false},"featured_media":1254,"comment_status":"open","ping_status":"closed","template":"","meta":{"jetpack_post_was_ever_published":false,"jetpack_publicize_message":"","jetpack_publicize_feature_enabled":true,"jetpack_social_post_already_shared":true,"jetpack_social_options":{"image_generator_settings":{"template":"highway","default_image_id":0,"font":"","enabled":false},"version":2}},"product_brand":[],"product_cat":[736,299],"product_tag":[633,626,627,628,267,266,632,145,254,625,612,630,629,631],"class_list":{"0":"post-1253","1":"product","2":"type-product","3":"status-publish","4":"has-post-thumbnail","6":"product_cat-siipipyora_merimoottorin","7":"product_cat-siipipyorat-yanmar","8":"product_tag-117-2-24001","9":"product_tag-2qm","10":"product_tag-3gm","11":"product_tag-3qm","12":"product_tag-huolto-osat","13":"product_tag-orbitrade-marine","14":"product_tag-sb12","15":"product_tag-siipipyora","16":"product_tag-varaosat","17":"product_tag-yanmar-2gm","18":"product_tag-yanmar-siipipyora","19":"product_tag-ysb12","20":"product_tag-ysb8","21":"product_tag-ysm12","22":"brand-orbitrade-marine","23":"brand-yanmar","25":"first","26":"instock","27":"sale","28":"taxable","29":"shipping-taxable","30":"purchasable","31":"product-type-simple"},"yoast_head":"<!-- This site is optimized with the Yoast SEO plugin v27.3 - https:\/\/yoast.com\/product\/yoast-seo-wordpress\/ -->\n<title>Siipipy\u00f6r\u00e4 Yanmar 2GM, 3GM, YSB, SB<\/title>\n<meta name=\"description\" content=\"Yanmar varaosat toimittaa Veneakselisto.com-Verkkokauppa. venetarvikkeiden maahantuonti ja myynti. Siipipy\u00f6r\u00e4 Yanmar 2GM, 3GM, YSB, SB\" \/>\n<meta name=\"robots\" content=\"index, follow, max-snippet:-1, max-image-preview:large, max-video-preview:-1\" \/>\n<link rel=\"canonical\" href=\"https:\/\/veneakselisto.com\/kauppa\/tuote\/siipipyora-yanmar-2gm-2qm-3gm-3qm-ysb8-ysb12-ysm12-sb12\/\" \/>\n<meta property=\"og:locale\" content=\"fi_FI\" \/>\n<meta property=\"og:type\" content=\"article\" \/>\n<meta property=\"og:title\" content=\"Siipipy\u00f6r\u00e4 Yanmar 2GM, 3GM, YSB, SB\" \/>\n<meta property=\"og:description\" content=\"Yanmar varaosat toimittaa Veneakselisto.com-Verkkokauppa. venetarvikkeiden maahantuonti ja myynti. Siipipy\u00f6r\u00e4 Yanmar 2GM, 3GM, YSB, SB\" \/>\n<meta property=\"og:url\" content=\"https:\/\/veneakselisto.com\/kauppa\/tuote\/siipipyora-yanmar-2gm-2qm-3gm-3qm-ysb8-ysb12-ysm12-sb12\/\" \/>\n<meta property=\"og:site_name\" content=\"Veneakselisto.com - verkkokauppa\" \/>\n<meta property=\"article:publisher\" content=\"https:\/\/www.facebook.com\/AlaMikkula\/\" \/>\n<meta property=\"article:modified_time\" content=\"2025-08-05T06:33:44+00:00\" \/>\n<meta property=\"og:image\" content=\"https:\/\/veneakselisto.com\/kauppa\/wp-content\/uploads\/2017\/01\/OT-8-24001.jpg\" \/>\n\t<meta property=\"og:image:width\" content=\"700\" \/>\n\t<meta property=\"og:image:height\" content=\"700\" \/>\n\t<meta property=\"og:image:type\" content=\"image\/jpeg\" \/>\n<meta name=\"twitter:card\" content=\"summary_large_image\" \/>\n<meta name=\"twitter:label1\" content=\"Arvioitu lukuaika\" \/>\n\t<meta name=\"twitter:data1\" content=\"1 minuutti\" \/>\n<script type=\"application\/ld+json\" class=\"yoast-schema-graph\">{\"@context\":\"https:\\\/\\\/schema.org\",\"@graph\":[{\"@type\":\"WebPage\",\"@id\":\"https:\\\/\\\/veneakselisto.com\\\/kauppa\\\/tuote\\\/siipipyora-yanmar-2gm-2qm-3gm-3qm-ysb8-ysb12-ysm12-sb12\\\/\",\"url\":\"https:\\\/\\\/veneakselisto.com\\\/kauppa\\\/tuote\\\/siipipyora-yanmar-2gm-2qm-3gm-3qm-ysb8-ysb12-ysm12-sb12\\\/\",\"name\":\"Siipipy\u00f6r\u00e4 Yanmar 2GM, 3GM, YSB, SB\",\"isPartOf\":{\"@id\":\"https:\\\/\\\/veneakselisto.com\\\/kauppa\\\/#website\"},\"primaryImageOfPage\":{\"@id\":\"https:\\\/\\\/veneakselisto.com\\\/kauppa\\\/tuote\\\/siipipyora-yanmar-2gm-2qm-3gm-3qm-ysb8-ysb12-ysm12-sb12\\\/#primaryimage\"},\"image\":{\"@id\":\"https:\\\/\\\/veneakselisto.com\\\/kauppa\\\/tuote\\\/siipipyora-yanmar-2gm-2qm-3gm-3qm-ysb8-ysb12-ysm12-sb12\\\/#primaryimage\"},\"thumbnailUrl\":\"https:\\\/\\\/i0.wp.com\\\/veneakselisto.com\\\/kauppa\\\/wp-content\\\/uploads\\\/2017\\\/01\\\/OT-8-24001.jpg?fit=700%2C700&ssl=1\",\"datePublished\":\"2017-01-06T18:32:36+00:00\",\"dateModified\":\"2025-08-05T06:33:44+00:00\",\"description\":\"Yanmar varaosat toimittaa Veneakselisto.com-Verkkokauppa. venetarvikkeiden maahantuonti ja myynti. Siipipy\u00f6r\u00e4 Yanmar 2GM, 3GM, YSB, SB\",\"breadcrumb\":{\"@id\":\"https:\\\/\\\/veneakselisto.com\\\/kauppa\\\/tuote\\\/siipipyora-yanmar-2gm-2qm-3gm-3qm-ysb8-ysb12-ysm12-sb12\\\/#breadcrumb\"},\"inLanguage\":\"fi\",\"potentialAction\":[{\"@type\":\"ReadAction\",\"target\":[\"https:\\\/\\\/veneakselisto.com\\\/kauppa\\\/tuote\\\/siipipyora-yanmar-2gm-2qm-3gm-3qm-ysb8-ysb12-ysm12-sb12\\\/\"]}]},{\"@type\":\"ImageObject\",\"inLanguage\":\"fi\",\"@id\":\"https:\\\/\\\/veneakselisto.com\\\/kauppa\\\/tuote\\\/siipipyora-yanmar-2gm-2qm-3gm-3qm-ysb8-ysb12-ysm12-sb12\\\/#primaryimage\",\"url\":\"https:\\\/\\\/i0.wp.com\\\/veneakselisto.com\\\/kauppa\\\/wp-content\\\/uploads\\\/2017\\\/01\\\/OT-8-24001.jpg?fit=700%2C700&ssl=1\",\"contentUrl\":\"https:\\\/\\\/i0.wp.com\\\/veneakselisto.com\\\/kauppa\\\/wp-content\\\/uploads\\\/2017\\\/01\\\/OT-8-24001.jpg?fit=700%2C700&ssl=1\",\"width\":700,\"height\":700,\"caption\":\"Yanmar siipipy\u00f6r\u00e4t Veneakselisto.com ja Venevaraosat.fi verkkokaupasta.\"},{\"@type\":\"BreadcrumbList\",\"@id\":\"https:\\\/\\\/veneakselisto.com\\\/kauppa\\\/tuote\\\/siipipyora-yanmar-2gm-2qm-3gm-3qm-ysb8-ysb12-ysm12-sb12\\\/#breadcrumb\",\"itemListElement\":[{\"@type\":\"ListItem\",\"position\":1,\"name\":\"Etusivu\",\"item\":\"https:\\\/\\\/veneakselisto.com\\\/kauppa\\\/\"},{\"@type\":\"ListItem\",\"position\":2,\"name\":\"Kauppa\",\"item\":\"https:\\\/\\\/veneakselisto.com\\\/kauppa\\\/\"},{\"@type\":\"ListItem\",\"position\":3,\"name\":\"Siipipy\u00f6r\u00e4 Yanmar 2GM, 3GM, YSB, SB\"}]},{\"@type\":\"WebSite\",\"@id\":\"https:\\\/\\\/veneakselisto.com\\\/kauppa\\\/#website\",\"url\":\"https:\\\/\\\/veneakselisto.com\\\/kauppa\\\/\",\"name\":\"Veneakselisto.com - verkkokauppa\",\"description\":\"Venetarvikkeiden maahantuonti ja myynti\",\"publisher\":{\"@id\":\"https:\\\/\\\/veneakselisto.com\\\/kauppa\\\/#organization\"},\"potentialAction\":[{\"@type\":\"SearchAction\",\"target\":{\"@type\":\"EntryPoint\",\"urlTemplate\":\"https:\\\/\\\/veneakselisto.com\\\/kauppa\\\/?s={search_term_string}\"},\"query-input\":{\"@type\":\"PropertyValueSpecification\",\"valueRequired\":true,\"valueName\":\"search_term_string\"}}],\"inLanguage\":\"fi\"},{\"@type\":\"Organization\",\"@id\":\"https:\\\/\\\/veneakselisto.com\\\/kauppa\\\/#organization\",\"name\":\"Veneakselisto.com verkkokauppa\",\"url\":\"https:\\\/\\\/veneakselisto.com\\\/kauppa\\\/\",\"logo\":{\"@type\":\"ImageObject\",\"inLanguage\":\"fi\",\"@id\":\"https:\\\/\\\/veneakselisto.com\\\/kauppa\\\/#\\\/schema\\\/logo\\\/image\\\/\",\"url\":\"https:\\\/\\\/i2.wp.com\\\/veneakselisto.com\\\/kauppa\\\/wp-content\\\/uploads\\\/2016\\\/06\\\/fb_icon.jpg?fit=327%2C327&ssl=1\",\"contentUrl\":\"https:\\\/\\\/i2.wp.com\\\/veneakselisto.com\\\/kauppa\\\/wp-content\\\/uploads\\\/2016\\\/06\\\/fb_icon.jpg?fit=327%2C327&ssl=1\",\"width\":327,\"height\":327,\"caption\":\"Veneakselisto.com verkkokauppa\"},\"image\":{\"@id\":\"https:\\\/\\\/veneakselisto.com\\\/kauppa\\\/#\\\/schema\\\/logo\\\/image\\\/\"},\"sameAs\":[\"https:\\\/\\\/www.facebook.com\\\/AlaMikkula\\\/\"]}]}<\/script>\n<!-- \/ Yoast SEO plugin. -->","yoast_head_json":{"title":"Siipipy\u00f6r\u00e4 Yanmar 2GM, 3GM, YSB, SB","description":"Yanmar varaosat toimittaa Veneakselisto.com-Verkkokauppa. venetarvikkeiden maahantuonti ja myynti. Siipipy\u00f6r\u00e4 Yanmar 2GM, 3GM, YSB, SB","robots":{"index":"index","follow":"follow","max-snippet":"max-snippet:-1","max-image-preview":"max-image-preview:large","max-video-preview":"max-video-preview:-1"},"canonical":"https:\/\/veneakselisto.com\/kauppa\/tuote\/siipipyora-yanmar-2gm-2qm-3gm-3qm-ysb8-ysb12-ysm12-sb12\/","og_locale":"fi_FI","og_type":"article","og_title":"Siipipy\u00f6r\u00e4 Yanmar 2GM, 3GM, YSB, SB","og_description":"Yanmar varaosat toimittaa Veneakselisto.com-Verkkokauppa. venetarvikkeiden maahantuonti ja myynti. Siipipy\u00f6r\u00e4 Yanmar 2GM, 3GM, YSB, SB","og_url":"https:\/\/veneakselisto.com\/kauppa\/tuote\/siipipyora-yanmar-2gm-2qm-3gm-3qm-ysb8-ysb12-ysm12-sb12\/","og_site_name":"Veneakselisto.com - verkkokauppa","article_publisher":"https:\/\/www.facebook.com\/AlaMikkula\/","article_modified_time":"2025-08-05T06:33:44+00:00","og_image":[{"width":700,"height":700,"url":"https:\/\/veneakselisto.com\/kauppa\/wp-content\/uploads\/2017\/01\/OT-8-24001.jpg","type":"image\/jpeg"}],"twitter_card":"summary_large_image","twitter_misc":{"Arvioitu lukuaika":"1 minuutti"},"schema":{"@context":"https:\/\/schema.org","@graph":[{"@type":"WebPage","@id":"https:\/\/veneakselisto.com\/kauppa\/tuote\/siipipyora-yanmar-2gm-2qm-3gm-3qm-ysb8-ysb12-ysm12-sb12\/","url":"https:\/\/veneakselisto.com\/kauppa\/tuote\/siipipyora-yanmar-2gm-2qm-3gm-3qm-ysb8-ysb12-ysm12-sb12\/","name":"Siipipy\u00f6r\u00e4 Yanmar 2GM, 3GM, YSB, SB","isPartOf":{"@id":"https:\/\/veneakselisto.com\/kauppa\/#website"},"primaryImageOfPage":{"@id":"https:\/\/veneakselisto.com\/kauppa\/tuote\/siipipyora-yanmar-2gm-2qm-3gm-3qm-ysb8-ysb12-ysm12-sb12\/#primaryimage"},"image":{"@id":"https:\/\/veneakselisto.com\/kauppa\/tuote\/siipipyora-yanmar-2gm-2qm-3gm-3qm-ysb8-ysb12-ysm12-sb12\/#primaryimage"},"thumbnailUrl":"https:\/\/i0.wp.com\/veneakselisto.com\/kauppa\/wp-content\/uploads\/2017\/01\/OT-8-24001.jpg?fit=700%2C700&ssl=1","datePublished":"2017-01-06T18:32:36+00:00","dateModified":"2025-08-05T06:33:44+00:00","description":"Yanmar varaosat toimittaa Veneakselisto.com-Verkkokauppa. venetarvikkeiden maahantuonti ja myynti. Siipipy\u00f6r\u00e4 Yanmar 2GM, 3GM, YSB, SB","breadcrumb":{"@id":"https:\/\/veneakselisto.com\/kauppa\/tuote\/siipipyora-yanmar-2gm-2qm-3gm-3qm-ysb8-ysb12-ysm12-sb12\/#breadcrumb"},"inLanguage":"fi","potentialAction":[{"@type":"ReadAction","target":["https:\/\/veneakselisto.com\/kauppa\/tuote\/siipipyora-yanmar-2gm-2qm-3gm-3qm-ysb8-ysb12-ysm12-sb12\/"]}]},{"@type":"ImageObject","inLanguage":"fi","@id":"https:\/\/veneakselisto.com\/kauppa\/tuote\/siipipyora-yanmar-2gm-2qm-3gm-3qm-ysb8-ysb12-ysm12-sb12\/#primaryimage","url":"https:\/\/i0.wp.com\/veneakselisto.com\/kauppa\/wp-content\/uploads\/2017\/01\/OT-8-24001.jpg?fit=700%2C700&ssl=1","contentUrl":"https:\/\/i0.wp.com\/veneakselisto.com\/kauppa\/wp-content\/uploads\/2017\/01\/OT-8-24001.jpg?fit=700%2C700&ssl=1","width":700,"height":700,"caption":"Yanmar siipipy\u00f6r\u00e4t Veneakselisto.com ja Venevaraosat.fi verkkokaupasta."},{"@type":"BreadcrumbList","@id":"https:\/\/veneakselisto.com\/kauppa\/tuote\/siipipyora-yanmar-2gm-2qm-3gm-3qm-ysb8-ysb12-ysm12-sb12\/#breadcrumb","itemListElement":[{"@type":"ListItem","position":1,"name":"Etusivu","item":"https:\/\/veneakselisto.com\/kauppa\/"},{"@type":"ListItem","position":2,"name":"Kauppa","item":"https:\/\/veneakselisto.com\/kauppa\/"},{"@type":"ListItem","position":3,"name":"Siipipy\u00f6r\u00e4 Yanmar 2GM, 3GM, YSB, SB"}]},{"@type":"WebSite","@id":"https:\/\/veneakselisto.com\/kauppa\/#website","url":"https:\/\/veneakselisto.com\/kauppa\/","name":"Veneakselisto.com - verkkokauppa","description":"Venetarvikkeiden maahantuonti ja myynti","publisher":{"@id":"https:\/\/veneakselisto.com\/kauppa\/#organization"},"potentialAction":[{"@type":"SearchAction","target":{"@type":"EntryPoint","urlTemplate":"https:\/\/veneakselisto.com\/kauppa\/?s={search_term_string}"},"query-input":{"@type":"PropertyValueSpecification","valueRequired":true,"valueName":"search_term_string"}}],"inLanguage":"fi"},{"@type":"Organization","@id":"https:\/\/veneakselisto.com\/kauppa\/#organization","name":"Veneakselisto.com verkkokauppa","url":"https:\/\/veneakselisto.com\/kauppa\/","logo":{"@type":"ImageObject","inLanguage":"fi","@id":"https:\/\/veneakselisto.com\/kauppa\/#\/schema\/logo\/image\/","url":"https:\/\/i2.wp.com\/veneakselisto.com\/kauppa\/wp-content\/uploads\/2016\/06\/fb_icon.jpg?fit=327%2C327&ssl=1","contentUrl":"https:\/\/i2.wp.com\/veneakselisto.com\/kauppa\/wp-content\/uploads\/2016\/06\/fb_icon.jpg?fit=327%2C327&ssl=1","width":327,"height":327,"caption":"Veneakselisto.com verkkokauppa"},"image":{"@id":"https:\/\/veneakselisto.com\/kauppa\/#\/schema\/logo\/image\/"},"sameAs":["https:\/\/www.facebook.com\/AlaMikkula\/"]}]}},"jetpack_publicize_connections":[],"jetpack_sharing_enabled":true,"_links":{"self":[{"href":"https:\/\/veneakselisto.com\/kauppa\/wp-json\/wp\/v2\/product\/1253","targetHints":{"allow":["GET"]}}],"collection":[{"href":"https:\/\/veneakselisto.com\/kauppa\/wp-json\/wp\/v2\/product"}],"about":[{"href":"https:\/\/veneakselisto.com\/kauppa\/wp-json\/wp\/v2\/types\/product"}],"replies":[{"embeddable":true,"href":"https:\/\/veneakselisto.com\/kauppa\/wp-json\/wp\/v2\/comments?post=1253"}],"wp:featuredmedia":[{"embeddable":true,"href":"https:\/\/veneakselisto.com\/kauppa\/wp-json\/wp\/v2\/media\/1254"}],"wp:attachment":[{"href":"https:\/\/veneakselisto.com\/kauppa\/wp-json\/wp\/v2\/media?parent=1253"}],"wp:term":[{"taxonomy":"product_brand","embeddable":true,"href":"https:\/\/veneakselisto.com\/kauppa\/wp-json\/wp\/v2\/product_brand?post=1253"},{"taxonomy":"product_cat","embeddable":true,"href":"https:\/\/veneakselisto.com\/kauppa\/wp-json\/wp\/v2\/product_cat?post=1253"},{"taxonomy":"product_tag","embeddable":true,"href":"https:\/\/veneakselisto.com\/kauppa\/wp-json\/wp\/v2\/product_tag?post=1253"}],"curies":[{"name":"wp","href":"https:\/\/api.w.org\/{rel}","templated":true}]}}