{"id":1249,"date":"2017-01-06T20:21:12","date_gmt":"2017-01-06T18:21:12","guid":{"rendered":"https:\/\/veneakselisto.com\/kauppa\/tuote\/siipipyora-yanmar-1gm\/"},"modified":"2025-04-25T10:14:56","modified_gmt":"2025-04-25T07:14:56","slug":"siipipyora-yanmar-1gm","status":"publish","type":"product","link":"https:\/\/veneakselisto.com\/kauppa\/tuote\/siipipyora-yanmar-1gm\/","title":{"rendered":"Siipipy\u00f6r\u00e4 Yanmar 1GM"},"content":{"rendered":"<div class=\"wpb-content-wrapper\"><p>[vc_row][vc_column][vc_column_text]Siipipy\u00f6r\u00e4 Yanmar 1GM<\/p>\n<p>OEM nr: 128176-42071<\/p>\n<p>Sopivuus:<\/p>\n<p><span lang=\"EN-US\">1GM, 1GM10, 1GM10-B, 1GM10C, 1GM10L, 1GM10VE<\/span> Yanmar merimoottorit.<\/p>\n<p>[\/vc_column_text][\/vc_column][\/vc_row][vc_row][vc_column][vc_column_text]Laadukkaat ja edulliset Orbitrade Marine Yanmar siipipy\u00f6r\u00e4t.<\/p>\n<p>Valmistuumaa Ruotsi.[\/vc_column_text][\/vc_column][\/vc_row]<\/p>\n<\/div>","protected":false},"excerpt":{"rendered":"<p>OEM nr: 128176-42071<\/p>\n<p>Sopivuus:<\/p>\n<p><span lang=\"EN-US\">1GM, 1GM10, 1GM10-B, 1GM10C, 1GM10L, 1GM10VE<\/span> Yanmar merimoottorit.<\/p>\n","protected":false},"featured_media":1250,"comment_status":"open","ping_status":"closed","template":"","meta":{"jetpack_post_was_ever_published":false,"jetpack_publicize_message":"","jetpack_publicize_feature_enabled":true,"jetpack_social_post_already_shared":true,"jetpack_social_options":{"image_generator_settings":{"template":"highway","default_image_id":0,"font":"","enabled":false},"version":2}},"product_brand":[],"product_cat":[736,299],"product_tag":[639,638,267,266,145,254,229,612],"class_list":{"0":"post-1249","1":"product","2":"type-product","3":"status-publish","4":"has-post-thumbnail","6":"product_cat-siipipyora_merimoottorin","7":"product_cat-siipipyorat-yanmar","8":"product_tag-117-2-24002","9":"product_tag-1gm","10":"product_tag-huolto-osat","11":"product_tag-orbitrade-marine","12":"product_tag-siipipyora","13":"product_tag-varaosat","14":"product_tag-yanmar","15":"product_tag-yanmar-siipipyora","16":"brand-orbitrade-marine","17":"brand-yanmar","19":"first","20":"instock","21":"sale","22":"taxable","23":"shipping-taxable","24":"purchasable","25":"product-type-simple"},"yoast_head":"<!-- This site is optimized with the Yoast SEO plugin v27.4 - https:\/\/yoast.com\/product\/yoast-seo-wordpress\/ -->\n<title>Siipipy\u00f6r\u00e4 Yanmar 1GM - Veneakselisto.com - verkkokauppa<\/title>\n<meta name=\"description\" content=\"Yanmar 1GM siipipy\u00f6r\u00e4-Varaosat. Valmistaja Orbitrade. Veneakselisto.com. Venetarvikkeiden maahantuonti ja myynti. Venevaraosat.fi.\" \/>\n<meta name=\"robots\" content=\"index, follow, max-snippet:-1, max-image-preview:large, max-video-preview:-1\" \/>\n<link rel=\"canonical\" href=\"https:\/\/veneakselisto.com\/kauppa\/tuote\/siipipyora-yanmar-1gm\/\" \/>\n<meta property=\"og:locale\" content=\"fi_FI\" \/>\n<meta property=\"og:type\" content=\"article\" \/>\n<meta property=\"og:title\" content=\"Siipipy\u00f6r\u00e4 Yanmar 1GM - Veneakselisto.com - verkkokauppa\" \/>\n<meta property=\"og:description\" content=\"Yanmar 1GM siipipy\u00f6r\u00e4-Varaosat. Valmistaja Orbitrade. Veneakselisto.com. Venetarvikkeiden maahantuonti ja myynti. Venevaraosat.fi.\" \/>\n<meta property=\"og:url\" content=\"https:\/\/veneakselisto.com\/kauppa\/tuote\/siipipyora-yanmar-1gm\/\" \/>\n<meta property=\"og:site_name\" content=\"Veneakselisto.com - verkkokauppa\" \/>\n<meta property=\"article:publisher\" content=\"https:\/\/www.facebook.com\/AlaMikkula\/\" \/>\n<meta property=\"article:modified_time\" content=\"2025-04-25T07:14:56+00:00\" \/>\n<meta property=\"og:image\" content=\"https:\/\/veneakselisto.com\/kauppa\/wp-content\/uploads\/2017\/01\/OT-8-24002.jpg\" \/>\n\t<meta property=\"og:image:width\" content=\"700\" \/>\n\t<meta property=\"og:image:height\" content=\"700\" \/>\n\t<meta property=\"og:image:type\" content=\"image\/jpeg\" \/>\n<meta name=\"twitter:card\" content=\"summary_large_image\" \/>\n<script type=\"application\/ld+json\" class=\"yoast-schema-graph\">{\"@context\":\"https:\\\/\\\/schema.org\",\"@graph\":[{\"@type\":\"WebPage\",\"@id\":\"https:\\\/\\\/veneakselisto.com\\\/kauppa\\\/tuote\\\/siipipyora-yanmar-1gm\\\/\",\"url\":\"https:\\\/\\\/veneakselisto.com\\\/kauppa\\\/tuote\\\/siipipyora-yanmar-1gm\\\/\",\"name\":\"Siipipy\u00f6r\u00e4 Yanmar 1GM - Veneakselisto.com - verkkokauppa\",\"isPartOf\":{\"@id\":\"https:\\\/\\\/veneakselisto.com\\\/kauppa\\\/#website\"},\"primaryImageOfPage\":{\"@id\":\"https:\\\/\\\/veneakselisto.com\\\/kauppa\\\/tuote\\\/siipipyora-yanmar-1gm\\\/#primaryimage\"},\"image\":{\"@id\":\"https:\\\/\\\/veneakselisto.com\\\/kauppa\\\/tuote\\\/siipipyora-yanmar-1gm\\\/#primaryimage\"},\"thumbnailUrl\":\"https:\\\/\\\/i0.wp.com\\\/veneakselisto.com\\\/kauppa\\\/wp-content\\\/uploads\\\/2017\\\/01\\\/OT-8-24002.jpg?fit=700%2C700&ssl=1\",\"datePublished\":\"2017-01-06T18:21:12+00:00\",\"dateModified\":\"2025-04-25T07:14:56+00:00\",\"description\":\"Yanmar 1GM siipipy\u00f6r\u00e4-Varaosat. Valmistaja Orbitrade. Veneakselisto.com. Venetarvikkeiden maahantuonti ja myynti. Venevaraosat.fi.\",\"breadcrumb\":{\"@id\":\"https:\\\/\\\/veneakselisto.com\\\/kauppa\\\/tuote\\\/siipipyora-yanmar-1gm\\\/#breadcrumb\"},\"inLanguage\":\"fi\",\"potentialAction\":[{\"@type\":\"ReadAction\",\"target\":[\"https:\\\/\\\/veneakselisto.com\\\/kauppa\\\/tuote\\\/siipipyora-yanmar-1gm\\\/\"]}]},{\"@type\":\"ImageObject\",\"inLanguage\":\"fi\",\"@id\":\"https:\\\/\\\/veneakselisto.com\\\/kauppa\\\/tuote\\\/siipipyora-yanmar-1gm\\\/#primaryimage\",\"url\":\"https:\\\/\\\/i0.wp.com\\\/veneakselisto.com\\\/kauppa\\\/wp-content\\\/uploads\\\/2017\\\/01\\\/OT-8-24002.jpg?fit=700%2C700&ssl=1\",\"contentUrl\":\"https:\\\/\\\/i0.wp.com\\\/veneakselisto.com\\\/kauppa\\\/wp-content\\\/uploads\\\/2017\\\/01\\\/OT-8-24002.jpg?fit=700%2C700&ssl=1\",\"width\":700,\"height\":700,\"caption\":\"Yanmar siipipy\u00f6r\u00e4t Veneakselisto.com ja Venevaraosat.fi verkkokaupasta.\"},{\"@type\":\"BreadcrumbList\",\"@id\":\"https:\\\/\\\/veneakselisto.com\\\/kauppa\\\/tuote\\\/siipipyora-yanmar-1gm\\\/#breadcrumb\",\"itemListElement\":[{\"@type\":\"ListItem\",\"position\":1,\"name\":\"Etusivu\",\"item\":\"https:\\\/\\\/veneakselisto.com\\\/kauppa\\\/\"},{\"@type\":\"ListItem\",\"position\":2,\"name\":\"Kauppa\",\"item\":\"https:\\\/\\\/veneakselisto.com\\\/kauppa\\\/\"},{\"@type\":\"ListItem\",\"position\":3,\"name\":\"Siipipy\u00f6r\u00e4 Yanmar 1GM\"}]},{\"@type\":\"WebSite\",\"@id\":\"https:\\\/\\\/veneakselisto.com\\\/kauppa\\\/#website\",\"url\":\"https:\\\/\\\/veneakselisto.com\\\/kauppa\\\/\",\"name\":\"Veneakselisto.com - verkkokauppa\",\"description\":\"Venetarvikkeiden maahantuonti ja myynti\",\"publisher\":{\"@id\":\"https:\\\/\\\/veneakselisto.com\\\/kauppa\\\/#organization\"},\"potentialAction\":[{\"@type\":\"SearchAction\",\"target\":{\"@type\":\"EntryPoint\",\"urlTemplate\":\"https:\\\/\\\/veneakselisto.com\\\/kauppa\\\/?s={search_term_string}\"},\"query-input\":{\"@type\":\"PropertyValueSpecification\",\"valueRequired\":true,\"valueName\":\"search_term_string\"}}],\"inLanguage\":\"fi\"},{\"@type\":\"Organization\",\"@id\":\"https:\\\/\\\/veneakselisto.com\\\/kauppa\\\/#organization\",\"name\":\"Veneakselisto.com verkkokauppa\",\"url\":\"https:\\\/\\\/veneakselisto.com\\\/kauppa\\\/\",\"logo\":{\"@type\":\"ImageObject\",\"inLanguage\":\"fi\",\"@id\":\"https:\\\/\\\/veneakselisto.com\\\/kauppa\\\/#\\\/schema\\\/logo\\\/image\\\/\",\"url\":\"https:\\\/\\\/i2.wp.com\\\/veneakselisto.com\\\/kauppa\\\/wp-content\\\/uploads\\\/2016\\\/06\\\/fb_icon.jpg?fit=327%2C327&ssl=1\",\"contentUrl\":\"https:\\\/\\\/i2.wp.com\\\/veneakselisto.com\\\/kauppa\\\/wp-content\\\/uploads\\\/2016\\\/06\\\/fb_icon.jpg?fit=327%2C327&ssl=1\",\"width\":327,\"height\":327,\"caption\":\"Veneakselisto.com verkkokauppa\"},\"image\":{\"@id\":\"https:\\\/\\\/veneakselisto.com\\\/kauppa\\\/#\\\/schema\\\/logo\\\/image\\\/\"},\"sameAs\":[\"https:\\\/\\\/www.facebook.com\\\/AlaMikkula\\\/\"]}]}<\/script>\n<!-- \/ Yoast SEO plugin. -->","yoast_head_json":{"title":"Siipipy\u00f6r\u00e4 Yanmar 1GM - Veneakselisto.com - verkkokauppa","description":"Yanmar 1GM siipipy\u00f6r\u00e4-Varaosat. Valmistaja Orbitrade. Veneakselisto.com. Venetarvikkeiden maahantuonti ja myynti. Venevaraosat.fi.","robots":{"index":"index","follow":"follow","max-snippet":"max-snippet:-1","max-image-preview":"max-image-preview:large","max-video-preview":"max-video-preview:-1"},"canonical":"https:\/\/veneakselisto.com\/kauppa\/tuote\/siipipyora-yanmar-1gm\/","og_locale":"fi_FI","og_type":"article","og_title":"Siipipy\u00f6r\u00e4 Yanmar 1GM - Veneakselisto.com - verkkokauppa","og_description":"Yanmar 1GM siipipy\u00f6r\u00e4-Varaosat. Valmistaja Orbitrade. Veneakselisto.com. Venetarvikkeiden maahantuonti ja myynti. Venevaraosat.fi.","og_url":"https:\/\/veneakselisto.com\/kauppa\/tuote\/siipipyora-yanmar-1gm\/","og_site_name":"Veneakselisto.com - verkkokauppa","article_publisher":"https:\/\/www.facebook.com\/AlaMikkula\/","article_modified_time":"2025-04-25T07:14:56+00:00","og_image":[{"width":700,"height":700,"url":"https:\/\/veneakselisto.com\/kauppa\/wp-content\/uploads\/2017\/01\/OT-8-24002.jpg","type":"image\/jpeg"}],"twitter_card":"summary_large_image","schema":{"@context":"https:\/\/schema.org","@graph":[{"@type":"WebPage","@id":"https:\/\/veneakselisto.com\/kauppa\/tuote\/siipipyora-yanmar-1gm\/","url":"https:\/\/veneakselisto.com\/kauppa\/tuote\/siipipyora-yanmar-1gm\/","name":"Siipipy\u00f6r\u00e4 Yanmar 1GM - Veneakselisto.com - verkkokauppa","isPartOf":{"@id":"https:\/\/veneakselisto.com\/kauppa\/#website"},"primaryImageOfPage":{"@id":"https:\/\/veneakselisto.com\/kauppa\/tuote\/siipipyora-yanmar-1gm\/#primaryimage"},"image":{"@id":"https:\/\/veneakselisto.com\/kauppa\/tuote\/siipipyora-yanmar-1gm\/#primaryimage"},"thumbnailUrl":"https:\/\/i0.wp.com\/veneakselisto.com\/kauppa\/wp-content\/uploads\/2017\/01\/OT-8-24002.jpg?fit=700%2C700&ssl=1","datePublished":"2017-01-06T18:21:12+00:00","dateModified":"2025-04-25T07:14:56+00:00","description":"Yanmar 1GM siipipy\u00f6r\u00e4-Varaosat. Valmistaja Orbitrade. Veneakselisto.com. Venetarvikkeiden maahantuonti ja myynti. Venevaraosat.fi.","breadcrumb":{"@id":"https:\/\/veneakselisto.com\/kauppa\/tuote\/siipipyora-yanmar-1gm\/#breadcrumb"},"inLanguage":"fi","potentialAction":[{"@type":"ReadAction","target":["https:\/\/veneakselisto.com\/kauppa\/tuote\/siipipyora-yanmar-1gm\/"]}]},{"@type":"ImageObject","inLanguage":"fi","@id":"https:\/\/veneakselisto.com\/kauppa\/tuote\/siipipyora-yanmar-1gm\/#primaryimage","url":"https:\/\/i0.wp.com\/veneakselisto.com\/kauppa\/wp-content\/uploads\/2017\/01\/OT-8-24002.jpg?fit=700%2C700&ssl=1","contentUrl":"https:\/\/i0.wp.com\/veneakselisto.com\/kauppa\/wp-content\/uploads\/2017\/01\/OT-8-24002.jpg?fit=700%2C700&ssl=1","width":700,"height":700,"caption":"Yanmar siipipy\u00f6r\u00e4t Veneakselisto.com ja Venevaraosat.fi verkkokaupasta."},{"@type":"BreadcrumbList","@id":"https:\/\/veneakselisto.com\/kauppa\/tuote\/siipipyora-yanmar-1gm\/#breadcrumb","itemListElement":[{"@type":"ListItem","position":1,"name":"Etusivu","item":"https:\/\/veneakselisto.com\/kauppa\/"},{"@type":"ListItem","position":2,"name":"Kauppa","item":"https:\/\/veneakselisto.com\/kauppa\/"},{"@type":"ListItem","position":3,"name":"Siipipy\u00f6r\u00e4 Yanmar 1GM"}]},{"@type":"WebSite","@id":"https:\/\/veneakselisto.com\/kauppa\/#website","url":"https:\/\/veneakselisto.com\/kauppa\/","name":"Veneakselisto.com - verkkokauppa","description":"Venetarvikkeiden maahantuonti ja myynti","publisher":{"@id":"https:\/\/veneakselisto.com\/kauppa\/#organization"},"potentialAction":[{"@type":"SearchAction","target":{"@type":"EntryPoint","urlTemplate":"https:\/\/veneakselisto.com\/kauppa\/?s={search_term_string}"},"query-input":{"@type":"PropertyValueSpecification","valueRequired":true,"valueName":"search_term_string"}}],"inLanguage":"fi"},{"@type":"Organization","@id":"https:\/\/veneakselisto.com\/kauppa\/#organization","name":"Veneakselisto.com verkkokauppa","url":"https:\/\/veneakselisto.com\/kauppa\/","logo":{"@type":"ImageObject","inLanguage":"fi","@id":"https:\/\/veneakselisto.com\/kauppa\/#\/schema\/logo\/image\/","url":"https:\/\/i2.wp.com\/veneakselisto.com\/kauppa\/wp-content\/uploads\/2016\/06\/fb_icon.jpg?fit=327%2C327&ssl=1","contentUrl":"https:\/\/i2.wp.com\/veneakselisto.com\/kauppa\/wp-content\/uploads\/2016\/06\/fb_icon.jpg?fit=327%2C327&ssl=1","width":327,"height":327,"caption":"Veneakselisto.com verkkokauppa"},"image":{"@id":"https:\/\/veneakselisto.com\/kauppa\/#\/schema\/logo\/image\/"},"sameAs":["https:\/\/www.facebook.com\/AlaMikkula\/"]}]}},"jetpack_publicize_connections":[],"jetpack_sharing_enabled":true,"_links":{"self":[{"href":"https:\/\/veneakselisto.com\/kauppa\/wp-json\/wp\/v2\/product\/1249","targetHints":{"allow":["GET"]}}],"collection":[{"href":"https:\/\/veneakselisto.com\/kauppa\/wp-json\/wp\/v2\/product"}],"about":[{"href":"https:\/\/veneakselisto.com\/kauppa\/wp-json\/wp\/v2\/types\/product"}],"replies":[{"embeddable":true,"href":"https:\/\/veneakselisto.com\/kauppa\/wp-json\/wp\/v2\/comments?post=1249"}],"wp:featuredmedia":[{"embeddable":true,"href":"https:\/\/veneakselisto.com\/kauppa\/wp-json\/wp\/v2\/media\/1250"}],"wp:attachment":[{"href":"https:\/\/veneakselisto.com\/kauppa\/wp-json\/wp\/v2\/media?parent=1249"}],"wp:term":[{"taxonomy":"product_brand","embeddable":true,"href":"https:\/\/veneakselisto.com\/kauppa\/wp-json\/wp\/v2\/product_brand?post=1249"},{"taxonomy":"product_cat","embeddable":true,"href":"https:\/\/veneakselisto.com\/kauppa\/wp-json\/wp\/v2\/product_cat?post=1249"},{"taxonomy":"product_tag","embeddable":true,"href":"https:\/\/veneakselisto.com\/kauppa\/wp-json\/wp\/v2\/product_tag?post=1249"}],"curies":[{"name":"wp","href":"https:\/\/api.w.org\/{rel}","templated":true}]}}