{"id":12388,"date":"2021-12-15T15:46:39","date_gmt":"2021-12-15T13:46:39","guid":{"rendered":"https:\/\/veneakselisto.com\/kauppa\/?post_type=product&#038;p=12388"},"modified":"2024-08-31T23:01:57","modified_gmt":"2024-08-31T20:01:57","slug":"vetus-vrc-koysileikkuri-30mm","status":"publish","type":"product","link":"https:\/\/veneakselisto.com\/kauppa\/tuote\/vetus-vrc-koysileikkuri-30mm\/","title":{"rendered":"Vetus VRC k\u00f6ysileikkuri 30mm"},"content":{"rendered":"<p>Vetus VRC k\u00f6ysileikkuri 30mm<\/p>\n<p>-Akselikoko 25mm<\/p>\n<p>-\u00f8 115mm<\/p>\n<p>-Suurin leveys 30mm<\/p>\n<p>K\u00f6ysileikkuri<br \/>\nLeikkaa tehokkaasti k\u00f6ydet, narut ja verkot. VETUS k\u00f6ysileikkuri (VRC) on valmistettu<br \/>\nhaponkest\u00e4v\u00e4st\u00e4 AISI 316L-ter\u00e4ksest\u00e4 ja se asennetaan akseliin potkurin etupuolelle.<\/p>\n<p>(kaksiosainen kiekko) sopii 30 mm akseleille.<br \/>\nSis\u00e4lt\u00e4\u00e4<br \/>\nVRC30 k\u00f6ysileikkurin puolikas A &#8211; VRC30 k\u00f6ysileikkurin puolikas B<br \/>\n2 x kuusiokoloruuvi M4X16 DIN912 A2 \u2013 lukitusruuvit M4x20 DIN916 A2<br \/>\n2 x aluslevy M4 DIN125-1A SS A2 &#8211; 2 x jousialuslevy M4 DIN127B A2 &#8211; 2 x lukitustappi<\/p>\n","protected":false},"excerpt":{"rendered":"<p>Vetus VRC k\u00f6ysileikkuri 25mm<\/p>\n<p>Akselikoko 30mm<\/p>\n<p>K\u00f6ysileikkuri<br \/>\nLeikkaa tehokkaasti k\u00f6ydet, narut ja verkot. VETUS k\u00f6ysileikkuri (VRC) on valmistettu<br \/>\nhaponkest\u00e4v\u00e4st\u00e4 AISI 316L-ter\u00e4ksest\u00e4 ja se asennetaan akseliin potkurin etupuolelle.<\/p>\n<p>(kaksiosainen kiekko) sopii 25 mm akseleille.<br \/>\nSis\u00e4lt\u00e4\u00e4<br \/>\nVRC30 k\u00f6ysileikkurin puolikas A &#8211; VRC30 k\u00f6ysileikkurin puolikas B<br \/>\n2 x kuusiokoloruuvi M4X16 DIN912 A2 \u2013 lukitusruuvit M4x20 DIN916 A2<br \/>\n2 x aluslevy M4 DIN125-1A SS A2 &#8211; 2 x jousialuslevy M4 DIN127B A2 &#8211; 2 x lukitustappi<\/p>\n<p><span style=\"color: #ff0000;\">TEHDASTOIMITUS 4-5pv NORMAALISTI<\/span><\/p>\n","protected":false},"featured_media":12386,"comment_status":"open","ping_status":"closed","template":"","meta":{"jetpack_post_was_ever_published":false,"jetpack_publicize_message":"","jetpack_publicize_feature_enabled":true,"jetpack_social_post_already_shared":true,"jetpack_social_options":{"image_generator_settings":{"template":"highway","default_image_id":0,"font":"","enabled":false},"version":2}},"product_brand":[],"product_cat":[126,127,1176,1177,458,30,125,210,214,23,24,21,22,1019,221,224,215,225,26,560,459,27,470],"product_tag":[213,1204],"class_list":{"0":"post-12388","1":"product","2":"type-product","3":"status-publish","4":"has-post-thumbnail","6":"product_cat-metricimperial-mitoituksella","7":"product_cat-imperial-mitoituksella","8":"product_cat-3-lapainen-akseliveto","9":"product_cat-4-lapainen-potkuri-akselivetoinen","10":"product_cat-vetus_akselianodit","11":"product_cat-kumilaakerit","12":"product_cat-metric-mitoituksella","13":"product_cat-metric-mitoituksella-potkuriakselin-mutterit","14":"product_cat-metric-mitoituksella-rst-stopruuvilla-ja-vaihdettavalla-sinkkianodilla","15":"product_cat-potkuriakselin-mutterit-anodit","16":"product_cat-potkuriakselin-kiilat","17":"product_cat-potkuriakselit_ja_tarvikkeet","18":"product_cat-potkuriakselit","19":"product_cat-radice-mutterin-anodit","20":"product_cat-imperial-mitoituksella-rst-stopruuvilla","21":"product_cat-rst-stopruuvilla-ja-vaihdettavalla-sinkkianodilla","22":"product_cat-varasinkit-metric-mitoituksella","23":"product_cat-varasinkit-imperial-mitoituksella","24":"product_cat-vesivoidellut-akselitiivisteet-volvo-penta-akselitiiviste","25":"product_cat-sinkkianodi_vetus_mutterille","26":"product_cat-vetus-mutterin-sinkkianodit","27":"product_cat-vetus-akselitiivisteet","28":"product_cat-vetus_vetus-venetarvikkeet_venetarvikeiden-maahantuonti-ja-myynti","29":"product_tag-akseli","30":"product_tag-koysileikkuri","31":"brand-vetus","33":"first","34":"instock","35":"sale","36":"taxable","37":"shipping-taxable","38":"purchasable","39":"product-type-simple"},"yoast_head":"<!-- This site is optimized with the Yoast SEO plugin v27.3 - https:\/\/yoast.com\/product\/yoast-seo-wordpress\/ -->\n<title>Vetus VRC k\u00f6ysileikkuri 30mm - Veneakselisto.com - verkkokauppa<\/title>\n<meta name=\"description\" content=\"Vetus VRC k\u00f6ysileikkuri 30mm. AISI 316 ter\u00e4ksest\u00e4 valmistettu laadukas k\u00f6ysileikkuri. Venetarvikkeiden erikoisliike-Veneakselisto.com\" \/>\n<meta name=\"robots\" content=\"index, follow, max-snippet:-1, max-image-preview:large, max-video-preview:-1\" \/>\n<link rel=\"canonical\" href=\"https:\/\/veneakselisto.com\/kauppa\/tuote\/vetus-vrc-koysileikkuri-30mm\/\" \/>\n<meta property=\"og:locale\" content=\"fi_FI\" \/>\n<meta property=\"og:type\" content=\"article\" \/>\n<meta property=\"og:title\" content=\"Vetus VRC k\u00f6ysileikkuri 30mm - Veneakselisto.com - verkkokauppa\" \/>\n<meta property=\"og:description\" content=\"Vetus VRC k\u00f6ysileikkuri 30mm. AISI 316 ter\u00e4ksest\u00e4 valmistettu laadukas k\u00f6ysileikkuri. Venetarvikkeiden erikoisliike-Veneakselisto.com\" \/>\n<meta property=\"og:url\" content=\"https:\/\/veneakselisto.com\/kauppa\/tuote\/vetus-vrc-koysileikkuri-30mm\/\" \/>\n<meta property=\"og:site_name\" content=\"Veneakselisto.com - verkkokauppa\" \/>\n<meta property=\"article:publisher\" content=\"https:\/\/www.facebook.com\/AlaMikkula\/\" \/>\n<meta property=\"article:modified_time\" content=\"2024-08-31T20:01:57+00:00\" \/>\n<meta property=\"og:image\" content=\"https:\/\/veneakselisto.com\/kauppa\/wp-content\/uploads\/2021\/12\/VRC-koysileikkuri.jpg\" \/>\n\t<meta property=\"og:image:width\" content=\"500\" \/>\n\t<meta property=\"og:image:height\" content=\"500\" \/>\n\t<meta property=\"og:image:type\" content=\"image\/jpeg\" \/>\n<meta name=\"twitter:card\" content=\"summary_large_image\" \/>\n<meta name=\"twitter:label1\" content=\"Arvioitu lukuaika\" \/>\n\t<meta name=\"twitter:data1\" content=\"1 minuutti\" \/>\n<script type=\"application\/ld+json\" class=\"yoast-schema-graph\">{\"@context\":\"https:\\\/\\\/schema.org\",\"@graph\":[{\"@type\":\"WebPage\",\"@id\":\"https:\\\/\\\/veneakselisto.com\\\/kauppa\\\/tuote\\\/vetus-vrc-koysileikkuri-30mm\\\/\",\"url\":\"https:\\\/\\\/veneakselisto.com\\\/kauppa\\\/tuote\\\/vetus-vrc-koysileikkuri-30mm\\\/\",\"name\":\"Vetus VRC k\u00f6ysileikkuri 30mm - Veneakselisto.com - verkkokauppa\",\"isPartOf\":{\"@id\":\"https:\\\/\\\/veneakselisto.com\\\/kauppa\\\/#website\"},\"primaryImageOfPage\":{\"@id\":\"https:\\\/\\\/veneakselisto.com\\\/kauppa\\\/tuote\\\/vetus-vrc-koysileikkuri-30mm\\\/#primaryimage\"},\"image\":{\"@id\":\"https:\\\/\\\/veneakselisto.com\\\/kauppa\\\/tuote\\\/vetus-vrc-koysileikkuri-30mm\\\/#primaryimage\"},\"thumbnailUrl\":\"https:\\\/\\\/i0.wp.com\\\/veneakselisto.com\\\/kauppa\\\/wp-content\\\/uploads\\\/2021\\\/12\\\/VRC-koysileikkuri.jpg?fit=500%2C500&ssl=1\",\"datePublished\":\"2021-12-15T13:46:39+00:00\",\"dateModified\":\"2024-08-31T20:01:57+00:00\",\"description\":\"Vetus VRC k\u00f6ysileikkuri 30mm. AISI 316 ter\u00e4ksest\u00e4 valmistettu laadukas k\u00f6ysileikkuri. Venetarvikkeiden erikoisliike-Veneakselisto.com\",\"breadcrumb\":{\"@id\":\"https:\\\/\\\/veneakselisto.com\\\/kauppa\\\/tuote\\\/vetus-vrc-koysileikkuri-30mm\\\/#breadcrumb\"},\"inLanguage\":\"fi\",\"potentialAction\":[{\"@type\":\"ReadAction\",\"target\":[\"https:\\\/\\\/veneakselisto.com\\\/kauppa\\\/tuote\\\/vetus-vrc-koysileikkuri-30mm\\\/\"]}]},{\"@type\":\"ImageObject\",\"inLanguage\":\"fi\",\"@id\":\"https:\\\/\\\/veneakselisto.com\\\/kauppa\\\/tuote\\\/vetus-vrc-koysileikkuri-30mm\\\/#primaryimage\",\"url\":\"https:\\\/\\\/i0.wp.com\\\/veneakselisto.com\\\/kauppa\\\/wp-content\\\/uploads\\\/2021\\\/12\\\/VRC-koysileikkuri.jpg?fit=500%2C500&ssl=1\",\"contentUrl\":\"https:\\\/\\\/i0.wp.com\\\/veneakselisto.com\\\/kauppa\\\/wp-content\\\/uploads\\\/2021\\\/12\\\/VRC-koysileikkuri.jpg?fit=500%2C500&ssl=1\",\"width\":500,\"height\":500,\"caption\":\"30mm k\u00f6ysileikkuri-VRC k\u00f6ysileikkuri 25mm potkuriakselille-Veneakselisto.com\"},{\"@type\":\"BreadcrumbList\",\"@id\":\"https:\\\/\\\/veneakselisto.com\\\/kauppa\\\/tuote\\\/vetus-vrc-koysileikkuri-30mm\\\/#breadcrumb\",\"itemListElement\":[{\"@type\":\"ListItem\",\"position\":1,\"name\":\"Etusivu\",\"item\":\"https:\\\/\\\/veneakselisto.com\\\/kauppa\\\/\"},{\"@type\":\"ListItem\",\"position\":2,\"name\":\"Kauppa\",\"item\":\"https:\\\/\\\/veneakselisto.com\\\/kauppa\\\/\"},{\"@type\":\"ListItem\",\"position\":3,\"name\":\"Vetus VRC k\u00f6ysileikkuri 30mm\"}]},{\"@type\":\"WebSite\",\"@id\":\"https:\\\/\\\/veneakselisto.com\\\/kauppa\\\/#website\",\"url\":\"https:\\\/\\\/veneakselisto.com\\\/kauppa\\\/\",\"name\":\"Veneakselisto.com - verkkokauppa\",\"description\":\"Venetarvikkeiden maahantuonti ja myynti\",\"publisher\":{\"@id\":\"https:\\\/\\\/veneakselisto.com\\\/kauppa\\\/#organization\"},\"potentialAction\":[{\"@type\":\"SearchAction\",\"target\":{\"@type\":\"EntryPoint\",\"urlTemplate\":\"https:\\\/\\\/veneakselisto.com\\\/kauppa\\\/?s={search_term_string}\"},\"query-input\":{\"@type\":\"PropertyValueSpecification\",\"valueRequired\":true,\"valueName\":\"search_term_string\"}}],\"inLanguage\":\"fi\"},{\"@type\":\"Organization\",\"@id\":\"https:\\\/\\\/veneakselisto.com\\\/kauppa\\\/#organization\",\"name\":\"Veneakselisto.com verkkokauppa\",\"url\":\"https:\\\/\\\/veneakselisto.com\\\/kauppa\\\/\",\"logo\":{\"@type\":\"ImageObject\",\"inLanguage\":\"fi\",\"@id\":\"https:\\\/\\\/veneakselisto.com\\\/kauppa\\\/#\\\/schema\\\/logo\\\/image\\\/\",\"url\":\"https:\\\/\\\/i2.wp.com\\\/veneakselisto.com\\\/kauppa\\\/wp-content\\\/uploads\\\/2016\\\/06\\\/fb_icon.jpg?fit=327%2C327&ssl=1\",\"contentUrl\":\"https:\\\/\\\/i2.wp.com\\\/veneakselisto.com\\\/kauppa\\\/wp-content\\\/uploads\\\/2016\\\/06\\\/fb_icon.jpg?fit=327%2C327&ssl=1\",\"width\":327,\"height\":327,\"caption\":\"Veneakselisto.com verkkokauppa\"},\"image\":{\"@id\":\"https:\\\/\\\/veneakselisto.com\\\/kauppa\\\/#\\\/schema\\\/logo\\\/image\\\/\"},\"sameAs\":[\"https:\\\/\\\/www.facebook.com\\\/AlaMikkula\\\/\"]}]}<\/script>\n<!-- \/ Yoast SEO plugin. -->","yoast_head_json":{"title":"Vetus VRC k\u00f6ysileikkuri 30mm - Veneakselisto.com - verkkokauppa","description":"Vetus VRC k\u00f6ysileikkuri 30mm. AISI 316 ter\u00e4ksest\u00e4 valmistettu laadukas k\u00f6ysileikkuri. Venetarvikkeiden erikoisliike-Veneakselisto.com","robots":{"index":"index","follow":"follow","max-snippet":"max-snippet:-1","max-image-preview":"max-image-preview:large","max-video-preview":"max-video-preview:-1"},"canonical":"https:\/\/veneakselisto.com\/kauppa\/tuote\/vetus-vrc-koysileikkuri-30mm\/","og_locale":"fi_FI","og_type":"article","og_title":"Vetus VRC k\u00f6ysileikkuri 30mm - Veneakselisto.com - verkkokauppa","og_description":"Vetus VRC k\u00f6ysileikkuri 30mm. AISI 316 ter\u00e4ksest\u00e4 valmistettu laadukas k\u00f6ysileikkuri. Venetarvikkeiden erikoisliike-Veneakselisto.com","og_url":"https:\/\/veneakselisto.com\/kauppa\/tuote\/vetus-vrc-koysileikkuri-30mm\/","og_site_name":"Veneakselisto.com - verkkokauppa","article_publisher":"https:\/\/www.facebook.com\/AlaMikkula\/","article_modified_time":"2024-08-31T20:01:57+00:00","og_image":[{"width":500,"height":500,"url":"https:\/\/veneakselisto.com\/kauppa\/wp-content\/uploads\/2021\/12\/VRC-koysileikkuri.jpg","type":"image\/jpeg"}],"twitter_card":"summary_large_image","twitter_misc":{"Arvioitu lukuaika":"1 minuutti"},"schema":{"@context":"https:\/\/schema.org","@graph":[{"@type":"WebPage","@id":"https:\/\/veneakselisto.com\/kauppa\/tuote\/vetus-vrc-koysileikkuri-30mm\/","url":"https:\/\/veneakselisto.com\/kauppa\/tuote\/vetus-vrc-koysileikkuri-30mm\/","name":"Vetus VRC k\u00f6ysileikkuri 30mm - Veneakselisto.com - verkkokauppa","isPartOf":{"@id":"https:\/\/veneakselisto.com\/kauppa\/#website"},"primaryImageOfPage":{"@id":"https:\/\/veneakselisto.com\/kauppa\/tuote\/vetus-vrc-koysileikkuri-30mm\/#primaryimage"},"image":{"@id":"https:\/\/veneakselisto.com\/kauppa\/tuote\/vetus-vrc-koysileikkuri-30mm\/#primaryimage"},"thumbnailUrl":"https:\/\/i0.wp.com\/veneakselisto.com\/kauppa\/wp-content\/uploads\/2021\/12\/VRC-koysileikkuri.jpg?fit=500%2C500&ssl=1","datePublished":"2021-12-15T13:46:39+00:00","dateModified":"2024-08-31T20:01:57+00:00","description":"Vetus VRC k\u00f6ysileikkuri 30mm. AISI 316 ter\u00e4ksest\u00e4 valmistettu laadukas k\u00f6ysileikkuri. Venetarvikkeiden erikoisliike-Veneakselisto.com","breadcrumb":{"@id":"https:\/\/veneakselisto.com\/kauppa\/tuote\/vetus-vrc-koysileikkuri-30mm\/#breadcrumb"},"inLanguage":"fi","potentialAction":[{"@type":"ReadAction","target":["https:\/\/veneakselisto.com\/kauppa\/tuote\/vetus-vrc-koysileikkuri-30mm\/"]}]},{"@type":"ImageObject","inLanguage":"fi","@id":"https:\/\/veneakselisto.com\/kauppa\/tuote\/vetus-vrc-koysileikkuri-30mm\/#primaryimage","url":"https:\/\/i0.wp.com\/veneakselisto.com\/kauppa\/wp-content\/uploads\/2021\/12\/VRC-koysileikkuri.jpg?fit=500%2C500&ssl=1","contentUrl":"https:\/\/i0.wp.com\/veneakselisto.com\/kauppa\/wp-content\/uploads\/2021\/12\/VRC-koysileikkuri.jpg?fit=500%2C500&ssl=1","width":500,"height":500,"caption":"30mm k\u00f6ysileikkuri-VRC k\u00f6ysileikkuri 25mm potkuriakselille-Veneakselisto.com"},{"@type":"BreadcrumbList","@id":"https:\/\/veneakselisto.com\/kauppa\/tuote\/vetus-vrc-koysileikkuri-30mm\/#breadcrumb","itemListElement":[{"@type":"ListItem","position":1,"name":"Etusivu","item":"https:\/\/veneakselisto.com\/kauppa\/"},{"@type":"ListItem","position":2,"name":"Kauppa","item":"https:\/\/veneakselisto.com\/kauppa\/"},{"@type":"ListItem","position":3,"name":"Vetus VRC k\u00f6ysileikkuri 30mm"}]},{"@type":"WebSite","@id":"https:\/\/veneakselisto.com\/kauppa\/#website","url":"https:\/\/veneakselisto.com\/kauppa\/","name":"Veneakselisto.com - verkkokauppa","description":"Venetarvikkeiden maahantuonti ja myynti","publisher":{"@id":"https:\/\/veneakselisto.com\/kauppa\/#organization"},"potentialAction":[{"@type":"SearchAction","target":{"@type":"EntryPoint","urlTemplate":"https:\/\/veneakselisto.com\/kauppa\/?s={search_term_string}"},"query-input":{"@type":"PropertyValueSpecification","valueRequired":true,"valueName":"search_term_string"}}],"inLanguage":"fi"},{"@type":"Organization","@id":"https:\/\/veneakselisto.com\/kauppa\/#organization","name":"Veneakselisto.com verkkokauppa","url":"https:\/\/veneakselisto.com\/kauppa\/","logo":{"@type":"ImageObject","inLanguage":"fi","@id":"https:\/\/veneakselisto.com\/kauppa\/#\/schema\/logo\/image\/","url":"https:\/\/i2.wp.com\/veneakselisto.com\/kauppa\/wp-content\/uploads\/2016\/06\/fb_icon.jpg?fit=327%2C327&ssl=1","contentUrl":"https:\/\/i2.wp.com\/veneakselisto.com\/kauppa\/wp-content\/uploads\/2016\/06\/fb_icon.jpg?fit=327%2C327&ssl=1","width":327,"height":327,"caption":"Veneakselisto.com verkkokauppa"},"image":{"@id":"https:\/\/veneakselisto.com\/kauppa\/#\/schema\/logo\/image\/"},"sameAs":["https:\/\/www.facebook.com\/AlaMikkula\/"]}]}},"jetpack_publicize_connections":[],"jetpack_sharing_enabled":true,"_links":{"self":[{"href":"https:\/\/veneakselisto.com\/kauppa\/wp-json\/wp\/v2\/product\/12388","targetHints":{"allow":["GET"]}}],"collection":[{"href":"https:\/\/veneakselisto.com\/kauppa\/wp-json\/wp\/v2\/product"}],"about":[{"href":"https:\/\/veneakselisto.com\/kauppa\/wp-json\/wp\/v2\/types\/product"}],"replies":[{"embeddable":true,"href":"https:\/\/veneakselisto.com\/kauppa\/wp-json\/wp\/v2\/comments?post=12388"}],"wp:featuredmedia":[{"embeddable":true,"href":"https:\/\/veneakselisto.com\/kauppa\/wp-json\/wp\/v2\/media\/12386"}],"wp:attachment":[{"href":"https:\/\/veneakselisto.com\/kauppa\/wp-json\/wp\/v2\/media?parent=12388"}],"wp:term":[{"taxonomy":"product_brand","embeddable":true,"href":"https:\/\/veneakselisto.com\/kauppa\/wp-json\/wp\/v2\/product_brand?post=12388"},{"taxonomy":"product_cat","embeddable":true,"href":"https:\/\/veneakselisto.com\/kauppa\/wp-json\/wp\/v2\/product_cat?post=12388"},{"taxonomy":"product_tag","embeddable":true,"href":"https:\/\/veneakselisto.com\/kauppa\/wp-json\/wp\/v2\/product_tag?post=12388"}],"curies":[{"name":"wp","href":"https:\/\/api.w.org\/{rel}","templated":true}]}}