{"id":12278,"date":"2021-12-09T11:09:52","date_gmt":"2021-12-09T09:09:52","guid":{"rendered":"https:\/\/veneakselisto.com\/kauppa\/?post_type=product&#038;p=12278"},"modified":"2025-03-20T10:15:34","modified_gmt":"2025-03-20T08:15:34","slug":"vetus-heavy-duty-nlp50s-vesilukko-vaimennin-50mm-pakoletkulle-10-l","status":"publish","type":"product","link":"https:\/\/veneakselisto.com\/kauppa\/tuote\/vetus-heavy-duty-nlp50s-vesilukko-vaimennin-50mm-pakoletkulle-10-l\/","title":{"rendered":"Vetus Heavy Duty NLP50S vesilukko\/vaimennin 50mm pakoletkulle, 10 l"},"content":{"rendered":"<div class=\"wpb-content-wrapper\"><p>[vc_row][vc_column][vc_column_text]Vetus Heavy Duty NLP50S vesilukko\/vaimennin 50mm pakoletkulle, 10 l<\/p>\n<p>Malli: NLP50SHD<br \/>\nPakoletkun halkaisija (\u2205D): 50mm<\/p>\n<p>Heavy Duty-mallisto<br \/>\nHeavy duty vesilukot<br \/>\nTehty erityisest\u00e4 NAVIDURIN\u00ae-komposiitista jonka l\u00e4mm\u00f6nkest\u00e4vyys on jopa 260\u00baC \u2013 mik\u00e4 on 170% enemm\u00e4n kuin<br \/>\nlujitemuovisten vesilukkojen l\u00e4mm\u00f6nkesto. Sama koskee paineenalaista l\u00e4mm\u00f6n aiheuttamaa muodonmuutosta.<br \/>\nValikoimissamme on toistaiseksi kaksi eri HD vesilukkomallistoa: NLPHD (4.5 &#8211; 10 litraa) sek\u00e4 HPW (55 litraa).<br \/>\nNLP-sarjan vesilukot ovat tunnettuja \u00e4\u00e4nenvaimennuskyvyst\u00e4\u00e4n, asennuksen helppoudesta ja eritt\u00e4in matalasta<br \/>\nvastapaineesta. NAVIDURIN\u00aemateriaalista valmistettuna vesilukot soveltuvat vaativimpiinkin kohteisiin ja on<br \/>\nainutlaatuinen markkinoilla.[\/vc_column_text][\/vc_column][\/vc_row][vc_row][vc_column][vc_column_text]NLP-vesilukoissa on kaksoiskammio. Yksikammioisiin vesilukkoihin verrattuna NLP-vesilukot takaavat tehokkaamman pako\u00e4\u00e4nien eristyksen. Vesilukon yl\u00e4- ja alaosa, sek\u00e4 letkuyhteet k\u00e4\u00e4ntyv\u00e4t 360\u00b0, jolloin vesilukon asentaminen usein ahtaissa tiloissa helpottuu.<\/p>\n<p>Asennussarjalla vesilukko voidaan asentaa joko lattiaan tai laipioon.<\/p>\n<p><a href=\"http:\/\/www.vetus.com\/media\/magentominds\/sasdocument\/20150611105144_0.pdf\" target=\"_blank\" rel=\"noopener noreferrer\">Asennusohjeet (En)<\/a><\/p>\n<p>Heavy Duty-mallisto<br \/>\nHeavy duty vesilukot<br \/>\nTehty erityisest\u00e4 NAVIDURIN\u00ae-komposiitista jonka l\u00e4mm\u00f6nkest\u00e4vyys on jopa 260\u00baC \u2013 mik\u00e4 on 170% enemm\u00e4n kuin<br \/>\nlujitemuovisten vesilukkojen l\u00e4mm\u00f6nkesto. Sama koskee paineenalaista l\u00e4mm\u00f6n aiheuttamaa muodonmuutosta.<br \/>\nValikoimissamme on toistaiseksi kaksi eri HD vesilukkomallistoa: NLPHD (4.5 &#8211; 10 litraa) sek\u00e4 HPW (55 litraa).<br \/>\nNLP-sarjan vesilukot ovat tunnettuja \u00e4\u00e4nenvaimennuskyvyst\u00e4\u00e4n, asennuksen helppoudesta ja eritt\u00e4in matalasta<br \/>\nvastapaineesta. NAVIDURIN\u00aemateriaalista valmistettuna vesilukot soveltuvat vaativimpiinkin kohteisiin ja on<br \/>\nainutlaatuinen markkinoilla.[\/vc_column_text][\/vc_column][\/vc_row]<\/p>\n<\/div>","protected":false},"excerpt":{"rendered":"<p>Vetus Heavy Duty NLP50S vesilukko\/vaimennin 50mm pakoletkulle, 10 l<\/p>\n<p>Tehty erityisest\u00e4 NAVIDURIN\u00ae-komposiitista<\/p>\n<p>Malli: NLP50SHD<br \/>\nPakoletkun halkaisija (\u2205D): 50mm<\/p>\n<p>Tehdastoimitus. Toimitusaika 4-5pv normaalisti<\/p>\n","protected":false},"featured_media":9264,"comment_status":"open","ping_status":"closed","template":"","meta":{"jetpack_post_was_ever_published":false,"jetpack_publicize_message":"","jetpack_publicize_feature_enabled":true,"jetpack_social_post_already_shared":true,"jetpack_social_options":{"image_generator_settings":{"template":"highway","default_image_id":0,"font":"","enabled":false},"version":2}},"product_brand":[],"product_cat":[37,1091,38,1094,470],"product_tag":[114,162,98],"class_list":{"0":"post-12278","1":"product","2":"type-product","3":"status-publish","4":"has-post-thumbnail","6":"product_cat-pakoputkistot-ja-tarvikkeet","7":"product_cat-veneen-pakoputkisto-vetus","8":"product_cat-vesilukot","9":"product_cat-vesilukko-aanenvaimennin-veneen","10":"product_cat-vetus_vetus-venetarvikkeet_venetarvikeiden-maahantuonti-ja-myynti","11":"product_tag-50mm","12":"product_tag-vesilukko","13":"product_tag-vetus","14":"brand-vetus","16":"first","17":"onbackorder","18":"sale","19":"taxable","20":"shipping-taxable","21":"purchasable","22":"product-type-simple"},"yoast_head":"<!-- This site is optimized with the Yoast SEO plugin v27.3 - https:\/\/yoast.com\/product\/yoast-seo-wordpress\/ -->\n<title>Vetus Heavy Duty NLP50S vesilukko\/vaimennin 50mm pakoletkulle<\/title>\n<meta name=\"description\" content=\"Vetus Heavy Duty NLP50 vesilukko\/vaimennin 50mm pakoletkulle. Tuotteen toimittaa edullinen Veneakselisto.com-Venetarvikkeiden maahantuonti\" \/>\n<meta name=\"robots\" content=\"index, follow, max-snippet:-1, max-image-preview:large, max-video-preview:-1\" \/>\n<link rel=\"canonical\" href=\"https:\/\/veneakselisto.com\/kauppa\/tuote\/vetus-heavy-duty-nlp50s-vesilukko-vaimennin-50mm-pakoletkulle-10-l\/\" \/>\n<meta property=\"og:locale\" content=\"fi_FI\" \/>\n<meta property=\"og:type\" content=\"article\" \/>\n<meta property=\"og:title\" content=\"Vetus Heavy Duty NLP50S vesilukko\/vaimennin 50mm pakoletkulle\" \/>\n<meta property=\"og:description\" content=\"Vetus Heavy Duty NLP50 vesilukko\/vaimennin 50mm pakoletkulle. Tuotteen toimittaa edullinen Veneakselisto.com-Venetarvikkeiden maahantuonti\" \/>\n<meta property=\"og:url\" content=\"https:\/\/veneakselisto.com\/kauppa\/tuote\/vetus-heavy-duty-nlp50s-vesilukko-vaimennin-50mm-pakoletkulle-10-l\/\" \/>\n<meta property=\"og:site_name\" content=\"Veneakselisto.com - verkkokauppa\" \/>\n<meta property=\"article:publisher\" content=\"https:\/\/www.facebook.com\/AlaMikkula\/\" \/>\n<meta property=\"article:modified_time\" content=\"2025-03-20T08:15:34+00:00\" \/>\n<meta property=\"og:image\" content=\"https:\/\/veneakselisto.com\/kauppa\/wp-content\/uploads\/2021\/02\/NLPHD.jpg\" \/>\n\t<meta property=\"og:image:width\" content=\"500\" \/>\n\t<meta property=\"og:image:height\" content=\"500\" \/>\n\t<meta property=\"og:image:type\" content=\"image\/jpeg\" \/>\n<meta name=\"twitter:card\" content=\"summary_large_image\" \/>\n<meta name=\"twitter:label1\" content=\"Arvioitu lukuaika\" \/>\n\t<meta name=\"twitter:data1\" content=\"1 minuutti\" \/>\n<script type=\"application\/ld+json\" class=\"yoast-schema-graph\">{\"@context\":\"https:\\\/\\\/schema.org\",\"@graph\":[{\"@type\":\"WebPage\",\"@id\":\"https:\\\/\\\/veneakselisto.com\\\/kauppa\\\/tuote\\\/vetus-heavy-duty-nlp50s-vesilukko-vaimennin-50mm-pakoletkulle-10-l\\\/\",\"url\":\"https:\\\/\\\/veneakselisto.com\\\/kauppa\\\/tuote\\\/vetus-heavy-duty-nlp50s-vesilukko-vaimennin-50mm-pakoletkulle-10-l\\\/\",\"name\":\"Vetus Heavy Duty NLP50S vesilukko\\\/vaimennin 50mm pakoletkulle\",\"isPartOf\":{\"@id\":\"https:\\\/\\\/veneakselisto.com\\\/kauppa\\\/#website\"},\"primaryImageOfPage\":{\"@id\":\"https:\\\/\\\/veneakselisto.com\\\/kauppa\\\/tuote\\\/vetus-heavy-duty-nlp50s-vesilukko-vaimennin-50mm-pakoletkulle-10-l\\\/#primaryimage\"},\"image\":{\"@id\":\"https:\\\/\\\/veneakselisto.com\\\/kauppa\\\/tuote\\\/vetus-heavy-duty-nlp50s-vesilukko-vaimennin-50mm-pakoletkulle-10-l\\\/#primaryimage\"},\"thumbnailUrl\":\"https:\\\/\\\/i0.wp.com\\\/veneakselisto.com\\\/kauppa\\\/wp-content\\\/uploads\\\/2021\\\/02\\\/NLPHD.jpg?fit=500%2C500&ssl=1\",\"datePublished\":\"2021-12-09T09:09:52+00:00\",\"dateModified\":\"2025-03-20T08:15:34+00:00\",\"description\":\"Vetus Heavy Duty NLP50 vesilukko\\\/vaimennin 50mm pakoletkulle. Tuotteen toimittaa edullinen Veneakselisto.com-Venetarvikkeiden maahantuonti\",\"breadcrumb\":{\"@id\":\"https:\\\/\\\/veneakselisto.com\\\/kauppa\\\/tuote\\\/vetus-heavy-duty-nlp50s-vesilukko-vaimennin-50mm-pakoletkulle-10-l\\\/#breadcrumb\"},\"inLanguage\":\"fi\",\"potentialAction\":[{\"@type\":\"ReadAction\",\"target\":[\"https:\\\/\\\/veneakselisto.com\\\/kauppa\\\/tuote\\\/vetus-heavy-duty-nlp50s-vesilukko-vaimennin-50mm-pakoletkulle-10-l\\\/\"]}]},{\"@type\":\"ImageObject\",\"inLanguage\":\"fi\",\"@id\":\"https:\\\/\\\/veneakselisto.com\\\/kauppa\\\/tuote\\\/vetus-heavy-duty-nlp50s-vesilukko-vaimennin-50mm-pakoletkulle-10-l\\\/#primaryimage\",\"url\":\"https:\\\/\\\/i0.wp.com\\\/veneakselisto.com\\\/kauppa\\\/wp-content\\\/uploads\\\/2021\\\/02\\\/NLPHD.jpg?fit=500%2C500&ssl=1\",\"contentUrl\":\"https:\\\/\\\/i0.wp.com\\\/veneakselisto.com\\\/kauppa\\\/wp-content\\\/uploads\\\/2021\\\/02\\\/NLPHD.jpg?fit=500%2C500&ssl=1\",\"width\":500,\"height\":500,\"caption\":\"Vesilukot veneeseen toimittaa venetarvikkeiden erikoisliike Veneakselisto.com\"},{\"@type\":\"BreadcrumbList\",\"@id\":\"https:\\\/\\\/veneakselisto.com\\\/kauppa\\\/tuote\\\/vetus-heavy-duty-nlp50s-vesilukko-vaimennin-50mm-pakoletkulle-10-l\\\/#breadcrumb\",\"itemListElement\":[{\"@type\":\"ListItem\",\"position\":1,\"name\":\"Etusivu\",\"item\":\"https:\\\/\\\/veneakselisto.com\\\/kauppa\\\/\"},{\"@type\":\"ListItem\",\"position\":2,\"name\":\"Kauppa\",\"item\":\"https:\\\/\\\/veneakselisto.com\\\/kauppa\\\/\"},{\"@type\":\"ListItem\",\"position\":3,\"name\":\"Vetus Heavy Duty NLP50S vesilukko\\\/vaimennin 50mm pakoletkulle, 10 l\"}]},{\"@type\":\"WebSite\",\"@id\":\"https:\\\/\\\/veneakselisto.com\\\/kauppa\\\/#website\",\"url\":\"https:\\\/\\\/veneakselisto.com\\\/kauppa\\\/\",\"name\":\"Veneakselisto.com - verkkokauppa\",\"description\":\"Venetarvikkeiden maahantuonti ja myynti\",\"publisher\":{\"@id\":\"https:\\\/\\\/veneakselisto.com\\\/kauppa\\\/#organization\"},\"potentialAction\":[{\"@type\":\"SearchAction\",\"target\":{\"@type\":\"EntryPoint\",\"urlTemplate\":\"https:\\\/\\\/veneakselisto.com\\\/kauppa\\\/?s={search_term_string}\"},\"query-input\":{\"@type\":\"PropertyValueSpecification\",\"valueRequired\":true,\"valueName\":\"search_term_string\"}}],\"inLanguage\":\"fi\"},{\"@type\":\"Organization\",\"@id\":\"https:\\\/\\\/veneakselisto.com\\\/kauppa\\\/#organization\",\"name\":\"Veneakselisto.com verkkokauppa\",\"url\":\"https:\\\/\\\/veneakselisto.com\\\/kauppa\\\/\",\"logo\":{\"@type\":\"ImageObject\",\"inLanguage\":\"fi\",\"@id\":\"https:\\\/\\\/veneakselisto.com\\\/kauppa\\\/#\\\/schema\\\/logo\\\/image\\\/\",\"url\":\"https:\\\/\\\/i2.wp.com\\\/veneakselisto.com\\\/kauppa\\\/wp-content\\\/uploads\\\/2016\\\/06\\\/fb_icon.jpg?fit=327%2C327&ssl=1\",\"contentUrl\":\"https:\\\/\\\/i2.wp.com\\\/veneakselisto.com\\\/kauppa\\\/wp-content\\\/uploads\\\/2016\\\/06\\\/fb_icon.jpg?fit=327%2C327&ssl=1\",\"width\":327,\"height\":327,\"caption\":\"Veneakselisto.com verkkokauppa\"},\"image\":{\"@id\":\"https:\\\/\\\/veneakselisto.com\\\/kauppa\\\/#\\\/schema\\\/logo\\\/image\\\/\"},\"sameAs\":[\"https:\\\/\\\/www.facebook.com\\\/AlaMikkula\\\/\"]}]}<\/script>\n<!-- \/ Yoast SEO plugin. -->","yoast_head_json":{"title":"Vetus Heavy Duty NLP50S vesilukko\/vaimennin 50mm pakoletkulle","description":"Vetus Heavy Duty NLP50 vesilukko\/vaimennin 50mm pakoletkulle. Tuotteen toimittaa edullinen Veneakselisto.com-Venetarvikkeiden maahantuonti","robots":{"index":"index","follow":"follow","max-snippet":"max-snippet:-1","max-image-preview":"max-image-preview:large","max-video-preview":"max-video-preview:-1"},"canonical":"https:\/\/veneakselisto.com\/kauppa\/tuote\/vetus-heavy-duty-nlp50s-vesilukko-vaimennin-50mm-pakoletkulle-10-l\/","og_locale":"fi_FI","og_type":"article","og_title":"Vetus Heavy Duty NLP50S vesilukko\/vaimennin 50mm pakoletkulle","og_description":"Vetus Heavy Duty NLP50 vesilukko\/vaimennin 50mm pakoletkulle. Tuotteen toimittaa edullinen Veneakselisto.com-Venetarvikkeiden maahantuonti","og_url":"https:\/\/veneakselisto.com\/kauppa\/tuote\/vetus-heavy-duty-nlp50s-vesilukko-vaimennin-50mm-pakoletkulle-10-l\/","og_site_name":"Veneakselisto.com - verkkokauppa","article_publisher":"https:\/\/www.facebook.com\/AlaMikkula\/","article_modified_time":"2025-03-20T08:15:34+00:00","og_image":[{"width":500,"height":500,"url":"https:\/\/veneakselisto.com\/kauppa\/wp-content\/uploads\/2021\/02\/NLPHD.jpg","type":"image\/jpeg"}],"twitter_card":"summary_large_image","twitter_misc":{"Arvioitu lukuaika":"1 minuutti"},"schema":{"@context":"https:\/\/schema.org","@graph":[{"@type":"WebPage","@id":"https:\/\/veneakselisto.com\/kauppa\/tuote\/vetus-heavy-duty-nlp50s-vesilukko-vaimennin-50mm-pakoletkulle-10-l\/","url":"https:\/\/veneakselisto.com\/kauppa\/tuote\/vetus-heavy-duty-nlp50s-vesilukko-vaimennin-50mm-pakoletkulle-10-l\/","name":"Vetus Heavy Duty NLP50S vesilukko\/vaimennin 50mm pakoletkulle","isPartOf":{"@id":"https:\/\/veneakselisto.com\/kauppa\/#website"},"primaryImageOfPage":{"@id":"https:\/\/veneakselisto.com\/kauppa\/tuote\/vetus-heavy-duty-nlp50s-vesilukko-vaimennin-50mm-pakoletkulle-10-l\/#primaryimage"},"image":{"@id":"https:\/\/veneakselisto.com\/kauppa\/tuote\/vetus-heavy-duty-nlp50s-vesilukko-vaimennin-50mm-pakoletkulle-10-l\/#primaryimage"},"thumbnailUrl":"https:\/\/i0.wp.com\/veneakselisto.com\/kauppa\/wp-content\/uploads\/2021\/02\/NLPHD.jpg?fit=500%2C500&ssl=1","datePublished":"2021-12-09T09:09:52+00:00","dateModified":"2025-03-20T08:15:34+00:00","description":"Vetus Heavy Duty NLP50 vesilukko\/vaimennin 50mm pakoletkulle. Tuotteen toimittaa edullinen Veneakselisto.com-Venetarvikkeiden maahantuonti","breadcrumb":{"@id":"https:\/\/veneakselisto.com\/kauppa\/tuote\/vetus-heavy-duty-nlp50s-vesilukko-vaimennin-50mm-pakoletkulle-10-l\/#breadcrumb"},"inLanguage":"fi","potentialAction":[{"@type":"ReadAction","target":["https:\/\/veneakselisto.com\/kauppa\/tuote\/vetus-heavy-duty-nlp50s-vesilukko-vaimennin-50mm-pakoletkulle-10-l\/"]}]},{"@type":"ImageObject","inLanguage":"fi","@id":"https:\/\/veneakselisto.com\/kauppa\/tuote\/vetus-heavy-duty-nlp50s-vesilukko-vaimennin-50mm-pakoletkulle-10-l\/#primaryimage","url":"https:\/\/i0.wp.com\/veneakselisto.com\/kauppa\/wp-content\/uploads\/2021\/02\/NLPHD.jpg?fit=500%2C500&ssl=1","contentUrl":"https:\/\/i0.wp.com\/veneakselisto.com\/kauppa\/wp-content\/uploads\/2021\/02\/NLPHD.jpg?fit=500%2C500&ssl=1","width":500,"height":500,"caption":"Vesilukot veneeseen toimittaa venetarvikkeiden erikoisliike Veneakselisto.com"},{"@type":"BreadcrumbList","@id":"https:\/\/veneakselisto.com\/kauppa\/tuote\/vetus-heavy-duty-nlp50s-vesilukko-vaimennin-50mm-pakoletkulle-10-l\/#breadcrumb","itemListElement":[{"@type":"ListItem","position":1,"name":"Etusivu","item":"https:\/\/veneakselisto.com\/kauppa\/"},{"@type":"ListItem","position":2,"name":"Kauppa","item":"https:\/\/veneakselisto.com\/kauppa\/"},{"@type":"ListItem","position":3,"name":"Vetus Heavy Duty NLP50S vesilukko\/vaimennin 50mm pakoletkulle, 10 l"}]},{"@type":"WebSite","@id":"https:\/\/veneakselisto.com\/kauppa\/#website","url":"https:\/\/veneakselisto.com\/kauppa\/","name":"Veneakselisto.com - verkkokauppa","description":"Venetarvikkeiden maahantuonti ja myynti","publisher":{"@id":"https:\/\/veneakselisto.com\/kauppa\/#organization"},"potentialAction":[{"@type":"SearchAction","target":{"@type":"EntryPoint","urlTemplate":"https:\/\/veneakselisto.com\/kauppa\/?s={search_term_string}"},"query-input":{"@type":"PropertyValueSpecification","valueRequired":true,"valueName":"search_term_string"}}],"inLanguage":"fi"},{"@type":"Organization","@id":"https:\/\/veneakselisto.com\/kauppa\/#organization","name":"Veneakselisto.com verkkokauppa","url":"https:\/\/veneakselisto.com\/kauppa\/","logo":{"@type":"ImageObject","inLanguage":"fi","@id":"https:\/\/veneakselisto.com\/kauppa\/#\/schema\/logo\/image\/","url":"https:\/\/i2.wp.com\/veneakselisto.com\/kauppa\/wp-content\/uploads\/2016\/06\/fb_icon.jpg?fit=327%2C327&ssl=1","contentUrl":"https:\/\/i2.wp.com\/veneakselisto.com\/kauppa\/wp-content\/uploads\/2016\/06\/fb_icon.jpg?fit=327%2C327&ssl=1","width":327,"height":327,"caption":"Veneakselisto.com verkkokauppa"},"image":{"@id":"https:\/\/veneakselisto.com\/kauppa\/#\/schema\/logo\/image\/"},"sameAs":["https:\/\/www.facebook.com\/AlaMikkula\/"]}]}},"jetpack_publicize_connections":[],"jetpack_sharing_enabled":true,"_links":{"self":[{"href":"https:\/\/veneakselisto.com\/kauppa\/wp-json\/wp\/v2\/product\/12278","targetHints":{"allow":["GET"]}}],"collection":[{"href":"https:\/\/veneakselisto.com\/kauppa\/wp-json\/wp\/v2\/product"}],"about":[{"href":"https:\/\/veneakselisto.com\/kauppa\/wp-json\/wp\/v2\/types\/product"}],"replies":[{"embeddable":true,"href":"https:\/\/veneakselisto.com\/kauppa\/wp-json\/wp\/v2\/comments?post=12278"}],"wp:featuredmedia":[{"embeddable":true,"href":"https:\/\/veneakselisto.com\/kauppa\/wp-json\/wp\/v2\/media\/9264"}],"wp:attachment":[{"href":"https:\/\/veneakselisto.com\/kauppa\/wp-json\/wp\/v2\/media?parent=12278"}],"wp:term":[{"taxonomy":"product_brand","embeddable":true,"href":"https:\/\/veneakselisto.com\/kauppa\/wp-json\/wp\/v2\/product_brand?post=12278"},{"taxonomy":"product_cat","embeddable":true,"href":"https:\/\/veneakselisto.com\/kauppa\/wp-json\/wp\/v2\/product_cat?post=12278"},{"taxonomy":"product_tag","embeddable":true,"href":"https:\/\/veneakselisto.com\/kauppa\/wp-json\/wp\/v2\/product_tag?post=12278"}],"curies":[{"name":"wp","href":"https:\/\/api.w.org\/{rel}","templated":true}]}}