{"id":12236,"date":"2021-12-03T14:32:17","date_gmt":"2021-12-03T12:32:17","guid":{"rendered":"https:\/\/veneakselisto.com\/kauppa\/?post_type=product&#038;p=12236"},"modified":"2025-04-11T08:11:30","modified_gmt":"2025-04-11T05:11:30","slug":"bow-pro-vetus-taydellinen-keulapotkurisarja-30-kgf","status":"publish","type":"product","link":"https:\/\/veneakselisto.com\/kauppa\/tuote\/bow-pro-vetus-taydellinen-keulapotkurisarja-30-kgf\/","title":{"rendered":"Bow Pro Vetus T\u00c4YDELLINEN keulapotkurisarja 30 kgf"},"content":{"rendered":"<div class=\"wpb-content-wrapper\"><p>[vc_row][vc_column][vc_column_text]Bow Pro Vetus T\u00c4YDELLINEN keulapotkurisarja 30 kgf<\/p>\n<p>Sis\u00e4lt\u00e4\u00e4:<\/p>\n<p><span style=\"color: #ff0000;\">BOWA0301 Bow Pro keulapotkurin<\/span><\/p>\n<p><span style=\"color: #ff0000;\">ZE250 sulakkeen<\/span><\/p>\n<p><span style=\"color: #ff0000;\">ZEHC100 sulakepitimen<\/span><\/p>\n<p><span style=\"color: #ff0000;\">BPROASET asennussarja<\/span><\/p>\n<p><span style=\"color: #ff0000;\">BPCAB10HF 10m CAN kaapelin Joystickiin (my\u00f6s muita pituukksia saatavilla)<br \/>\n<\/span><\/p>\n<p><span style=\"color: #ff0000;\">BPPJA Joystic portaattomalla s\u00e4\u00e4d\u00f6ll\u00e4, pitotoiminnolla ja lukitustoiminnolla<\/span><\/p>\n<p><span style=\"color: #ff0000;\">BP110G75 110mm L=750mm lasikuitutunneli (my\u00f6s muita pituukksia tai eri materiaalista saatavilla)<br \/>\n<\/span><\/p>\n<p>K\u00e4ytt\u00f6j\u00e4nnite: 12 V DC<\/p>\n<p>Ty\u00f6nt\u00f6voima (N \/ kgf): 300 \/ 30<\/p>\n<p>Teho: 1,2 kW<\/p>\n<p>Tunnelin sis\u00e4halkaisija: 110 mm<\/p>\n<p>Paino: 24 kg<\/p>\n<p>Sulake hidas: 250 A (sulake sis\u00e4ltyy toimitukseen)<\/p>\n<p>Rajaton k\u00e4ytt\u00f6aika josta 10min t\u00e4ydell\u00e4 teholla<\/p>\n<p>Mitat (katso kuva):<\/p>\n<p>A: 210 mm<\/p>\n<p>B: 350mm<\/p>\n<p>E: 200 mm<\/p>\n<p>F: 110 mm<\/p>\n<p>BOW PRO portaattomat keula- ja per\u00e4potkurit<br \/>\nAlansa edistyksellisint\u00e4 tekniikkaa<br \/>\nBOW PRO-keula- ja per\u00e4potkurit ovat alalnsa edistyksellisint\u00e4 tekniikka. Niiss\u00e4 on hiiliharjattomat, huoltovapaat<br \/>\ninduktiomoottorit jonka ansiosta niiss\u00e4 on rajoittamaton k\u00e4ytt\u00f6aika. Moottori on CANbus ohjattu Vetuksen MCV<br \/>\nmoottoriohjaimella. Ne ovat t\u00e4ysin portaattomia mik\u00e4 antaa k\u00e4ytt\u00f6mukavuutta ja lis\u00e4\u00e4 turvallisuutta.Niiss\u00e4 on lis\u00e4ksi l\u00e4mp\u00f6sek\u00e4<br \/>\nalij\u00e4nnitesuojaus.<br \/>\nBOW PRO keula- ja per\u00e4potkureissa on samat kulmavaihteet ja hiljaiset potkurit kuin tavanomaisissakin keulapotkureissa.<br \/>\nLis\u00e4ksi vanhan keulapotkurin p\u00e4ivitt\u00e4minen vanhasta Vetus- ja usein my\u00f6s muunmerkkisest\u00e4 keulapotkurista k\u00e4y varsin<br \/>\nhelposti samojen tunnelihalkaisijoiden vuoksi.<\/p>\n<p>V-CAN-ohjaimet<br \/>\nBOW PRO-malleihin on saatavanan kaksi ohjainmallia. Kummatkin toimivat t\u00e4ysin portaattomasti. BPPPA-mallissa on pelkk\u00e4<br \/>\nohjaus kahteen suuntaan sek\u00e4 p\u00e4\u00e4lle-\/pois-kytkin. BPPJA-mallissa on lis\u00e4ksi <span style=\"color: #ff0000;\">lukitustoiminto jolla keulapotkurin voi lukita<\/span><br \/>\n<span style=\"color: #ff0000;\">haluttuun tehoon<\/span> esimerkiksi laituria vasten kuormaamisen ajaksi.[\/vc_column_text][\/vc_column][\/vc_row][vc_row][vc_column][vc_column_text]<strong>BOW PRO portaattomat keula- ja per\u00e4potkurit<\/strong><br \/>\nAlansa edistyksellisint\u00e4 tekniikkaa BOW PRO-keula- ja per\u00e4potkurit ovat alalnsa edistyksellisint\u00e4 tekniikka. Niiss\u00e4 on hiiliharjattomat, huoltovapaat induktiomoottorit jonka ansiosta niiss\u00e4 on rajoittamaton k\u00e4ytt\u00f6aika. Moottori on CANbus ohjattu Vetuksen MCV moottoriohjaimella. Ne ovat t\u00e4ysin portaattomia mik\u00e4 antaa k\u00e4ytt\u00f6mukavuutta ja lis\u00e4\u00e4 turvallisuutta.Niiss\u00e4 on lis\u00e4ksi l\u00e4mp\u00f6sek\u00e4 alij\u00e4nnitesuojaus.<br \/>\nBOW PRO keula- ja per\u00e4potkureissa on samat kulmavaihteet ja hiljaiset potkurit kuin tavanomaisissakin keulapotkureissa.<br \/>\nLis\u00e4ksi vanhan keulapotkurin p\u00e4ivitt\u00e4minen vanhasta[\/vc_column_text][\/vc_column][\/vc_row]<\/p>\n<\/div>","protected":false},"excerpt":{"rendered":"<p><strong><span style=\"color: #ff0000;\">Messutarjouksena BOW PRO Vetus t\u00e4ydellinen keulapotkuri paketti<\/span><\/strong><\/p>\n<p>Bow Pro Vetus T\u00c4YDELLINEN keulapotkurisarja 30 kgf<\/p>\n<p>Soveltuu yleisesti 6-9m aluksiin<\/p>\n<p>Nyt sinun ei tarvitse mietti\u00e4 mit\u00e4 tarvitset keulapotkurin asennukseen T\u00c4SS\u00c4 SARJASSA ON KAIKKI. Jos haluat erimittaisen putken tai ohjauskaapelin, niin ota yhteytt\u00e4 09-8779230 tai akseli@veneakselisto.fi<\/p>\n<p>(ei sis\u00e4ll\u00e4 akkukaapeleita)<\/p>\n<p>Sis\u00e4lt\u00e4\u00e4:<\/p>\n<p>BOWA0301 Bow Pro keulapotkurin<\/p>\n<p>ZE250 sulakkeen<\/p>\n<p>ZEHC100 sulakepitimen<\/p>\n<p>BPROASET asennussarja<\/p>\n<p>BPCAB10HF 10m CAN kaapelin Joystickiin<\/p>\n<p>BPPJA Joystic portaattomalla s\u00e4\u00e4d\u00f6ll\u00e4, pitotoiminnolla ja lukitustoiminnolla<\/p>\n<p>BP110G75 110mm L=750mm lasikuitutunnelin<\/p>\n<p>Tehdastoimitus. Toimitusaika normaalisti 3-6 pv<\/p>\n<p>&nbsp;<\/p>\n","protected":false},"featured_media":12234,"comment_status":"open","ping_status":"closed","template":"","meta":{"jetpack_post_was_ever_published":false,"jetpack_publicize_message":"","jetpack_publicize_feature_enabled":true,"jetpack_social_post_already_shared":true,"jetpack_social_options":{"image_generator_settings":{"template":"highway","default_image_id":0,"font":"","enabled":false},"version":2}},"product_brand":[],"product_cat":[485,1201,1109,69,470],"product_tag":[99,1202,100,97,98],"class_list":{"0":"post-12236","1":"product","2":"type-product","3":"status-publish","4":"has-post-thumbnail","6":"product_cat-veneen-ohjaus-hallinta","7":"product_cat-vetus-bow-pro-keulapotkuri","8":"product_cat-vetus-keulapotkuri","9":"product_cat-vetus-keulapotkurit","10":"product_cat-vetus_vetus-venetarvikkeet_venetarvikeiden-maahantuonti-ja-myynti","11":"product_tag-12-v","12":"product_tag-bow-pro","13":"product_tag-dc","14":"product_tag-keulapotkuri","15":"product_tag-vetus","16":"brand-vetus","18":"first","19":"onbackorder","20":"sale","21":"taxable","22":"shipping-taxable","23":"purchasable","24":"product-type-simple"},"yoast_head":"<!-- This site is optimized with the Yoast SEO plugin v27.3 - https:\/\/yoast.com\/product\/yoast-seo-wordpress\/ -->\n<title>Bow Pro Vetus T\u00c4YDELLINEN keulapotkurisarja 30 kgf -Veneakselisto<\/title>\n<meta name=\"description\" content=\"Bow Pro Vetus T\u00c4YDELLINEN keulapotkurisarja 30 kgf . Vetus keulapotkurit toimittaa aina edullinen Veneakselisto.com\" \/>\n<meta name=\"robots\" content=\"index, follow, max-snippet:-1, max-image-preview:large, max-video-preview:-1\" \/>\n<link rel=\"canonical\" href=\"https:\/\/veneakselisto.com\/kauppa\/tuote\/bow-pro-vetus-taydellinen-keulapotkurisarja-30-kgf\/\" \/>\n<meta property=\"og:locale\" content=\"fi_FI\" \/>\n<meta property=\"og:type\" content=\"article\" \/>\n<meta property=\"og:title\" content=\"Bow Pro Vetus T\u00c4YDELLINEN keulapotkurisarja 30 kgf -Veneakselisto\" \/>\n<meta property=\"og:description\" content=\"Bow Pro Vetus T\u00c4YDELLINEN keulapotkurisarja 30 kgf . Vetus keulapotkurit toimittaa aina edullinen Veneakselisto.com\" \/>\n<meta property=\"og:url\" content=\"https:\/\/veneakselisto.com\/kauppa\/tuote\/bow-pro-vetus-taydellinen-keulapotkurisarja-30-kgf\/\" \/>\n<meta property=\"og:site_name\" content=\"Veneakselisto.com - verkkokauppa\" \/>\n<meta property=\"article:publisher\" content=\"https:\/\/www.facebook.com\/AlaMikkula\/\" \/>\n<meta property=\"article:modified_time\" content=\"2025-04-11T05:11:30+00:00\" \/>\n<meta property=\"og:image\" content=\"https:\/\/veneakselisto.com\/kauppa\/wp-content\/uploads\/2021\/12\/BOWA0301.jpg\" \/>\n\t<meta property=\"og:image:width\" content=\"1500\" \/>\n\t<meta property=\"og:image:height\" content=\"1500\" \/>\n\t<meta property=\"og:image:type\" content=\"image\/jpeg\" \/>\n<meta name=\"twitter:card\" content=\"summary_large_image\" \/>\n<meta name=\"twitter:label1\" content=\"Arvioitu lukuaika\" \/>\n\t<meta name=\"twitter:data1\" content=\"2 minuuttia\" \/>\n<script type=\"application\/ld+json\" class=\"yoast-schema-graph\">{\"@context\":\"https:\\\/\\\/schema.org\",\"@graph\":[{\"@type\":\"WebPage\",\"@id\":\"https:\\\/\\\/veneakselisto.com\\\/kauppa\\\/tuote\\\/bow-pro-vetus-taydellinen-keulapotkurisarja-30-kgf\\\/\",\"url\":\"https:\\\/\\\/veneakselisto.com\\\/kauppa\\\/tuote\\\/bow-pro-vetus-taydellinen-keulapotkurisarja-30-kgf\\\/\",\"name\":\"Bow Pro Vetus T\u00c4YDELLINEN keulapotkurisarja 30 kgf -Veneakselisto\",\"isPartOf\":{\"@id\":\"https:\\\/\\\/veneakselisto.com\\\/kauppa\\\/#website\"},\"primaryImageOfPage\":{\"@id\":\"https:\\\/\\\/veneakselisto.com\\\/kauppa\\\/tuote\\\/bow-pro-vetus-taydellinen-keulapotkurisarja-30-kgf\\\/#primaryimage\"},\"image\":{\"@id\":\"https:\\\/\\\/veneakselisto.com\\\/kauppa\\\/tuote\\\/bow-pro-vetus-taydellinen-keulapotkurisarja-30-kgf\\\/#primaryimage\"},\"thumbnailUrl\":\"https:\\\/\\\/i0.wp.com\\\/veneakselisto.com\\\/kauppa\\\/wp-content\\\/uploads\\\/2021\\\/12\\\/BOWA0301.jpg?fit=1500%2C1500&ssl=1\",\"datePublished\":\"2021-12-03T12:32:17+00:00\",\"dateModified\":\"2025-04-11T05:11:30+00:00\",\"description\":\"Bow Pro Vetus T\u00c4YDELLINEN keulapotkurisarja 30 kgf . Vetus keulapotkurit toimittaa aina edullinen Veneakselisto.com\",\"breadcrumb\":{\"@id\":\"https:\\\/\\\/veneakselisto.com\\\/kauppa\\\/tuote\\\/bow-pro-vetus-taydellinen-keulapotkurisarja-30-kgf\\\/#breadcrumb\"},\"inLanguage\":\"fi\",\"potentialAction\":[{\"@type\":\"ReadAction\",\"target\":[\"https:\\\/\\\/veneakselisto.com\\\/kauppa\\\/tuote\\\/bow-pro-vetus-taydellinen-keulapotkurisarja-30-kgf\\\/\"]}]},{\"@type\":\"ImageObject\",\"inLanguage\":\"fi\",\"@id\":\"https:\\\/\\\/veneakselisto.com\\\/kauppa\\\/tuote\\\/bow-pro-vetus-taydellinen-keulapotkurisarja-30-kgf\\\/#primaryimage\",\"url\":\"https:\\\/\\\/i0.wp.com\\\/veneakselisto.com\\\/kauppa\\\/wp-content\\\/uploads\\\/2021\\\/12\\\/BOWA0301.jpg?fit=1500%2C1500&ssl=1\",\"contentUrl\":\"https:\\\/\\\/i0.wp.com\\\/veneakselisto.com\\\/kauppa\\\/wp-content\\\/uploads\\\/2021\\\/12\\\/BOWA0301.jpg?fit=1500%2C1500&ssl=1\",\"width\":1500,\"height\":1500,\"caption\":\"Vetus Bow Pro keulapotkuri-Sarjat toimittaa keulapotkureiden erikoisliike-veneakselisto.com\"},{\"@type\":\"BreadcrumbList\",\"@id\":\"https:\\\/\\\/veneakselisto.com\\\/kauppa\\\/tuote\\\/bow-pro-vetus-taydellinen-keulapotkurisarja-30-kgf\\\/#breadcrumb\",\"itemListElement\":[{\"@type\":\"ListItem\",\"position\":1,\"name\":\"Etusivu\",\"item\":\"https:\\\/\\\/veneakselisto.com\\\/kauppa\\\/\"},{\"@type\":\"ListItem\",\"position\":2,\"name\":\"Kauppa\",\"item\":\"https:\\\/\\\/veneakselisto.com\\\/kauppa\\\/\"},{\"@type\":\"ListItem\",\"position\":3,\"name\":\"Bow Pro Vetus T\u00c4YDELLINEN keulapotkurisarja 30 kgf\"}]},{\"@type\":\"WebSite\",\"@id\":\"https:\\\/\\\/veneakselisto.com\\\/kauppa\\\/#website\",\"url\":\"https:\\\/\\\/veneakselisto.com\\\/kauppa\\\/\",\"name\":\"Veneakselisto.com - verkkokauppa\",\"description\":\"Venetarvikkeiden maahantuonti ja myynti\",\"publisher\":{\"@id\":\"https:\\\/\\\/veneakselisto.com\\\/kauppa\\\/#organization\"},\"potentialAction\":[{\"@type\":\"SearchAction\",\"target\":{\"@type\":\"EntryPoint\",\"urlTemplate\":\"https:\\\/\\\/veneakselisto.com\\\/kauppa\\\/?s={search_term_string}\"},\"query-input\":{\"@type\":\"PropertyValueSpecification\",\"valueRequired\":true,\"valueName\":\"search_term_string\"}}],\"inLanguage\":\"fi\"},{\"@type\":\"Organization\",\"@id\":\"https:\\\/\\\/veneakselisto.com\\\/kauppa\\\/#organization\",\"name\":\"Veneakselisto.com verkkokauppa\",\"url\":\"https:\\\/\\\/veneakselisto.com\\\/kauppa\\\/\",\"logo\":{\"@type\":\"ImageObject\",\"inLanguage\":\"fi\",\"@id\":\"https:\\\/\\\/veneakselisto.com\\\/kauppa\\\/#\\\/schema\\\/logo\\\/image\\\/\",\"url\":\"https:\\\/\\\/i2.wp.com\\\/veneakselisto.com\\\/kauppa\\\/wp-content\\\/uploads\\\/2016\\\/06\\\/fb_icon.jpg?fit=327%2C327&ssl=1\",\"contentUrl\":\"https:\\\/\\\/i2.wp.com\\\/veneakselisto.com\\\/kauppa\\\/wp-content\\\/uploads\\\/2016\\\/06\\\/fb_icon.jpg?fit=327%2C327&ssl=1\",\"width\":327,\"height\":327,\"caption\":\"Veneakselisto.com verkkokauppa\"},\"image\":{\"@id\":\"https:\\\/\\\/veneakselisto.com\\\/kauppa\\\/#\\\/schema\\\/logo\\\/image\\\/\"},\"sameAs\":[\"https:\\\/\\\/www.facebook.com\\\/AlaMikkula\\\/\"]}]}<\/script>\n<!-- \/ Yoast SEO plugin. -->","yoast_head_json":{"title":"Bow Pro Vetus T\u00c4YDELLINEN keulapotkurisarja 30 kgf -Veneakselisto","description":"Bow Pro Vetus T\u00c4YDELLINEN keulapotkurisarja 30 kgf . Vetus keulapotkurit toimittaa aina edullinen Veneakselisto.com","robots":{"index":"index","follow":"follow","max-snippet":"max-snippet:-1","max-image-preview":"max-image-preview:large","max-video-preview":"max-video-preview:-1"},"canonical":"https:\/\/veneakselisto.com\/kauppa\/tuote\/bow-pro-vetus-taydellinen-keulapotkurisarja-30-kgf\/","og_locale":"fi_FI","og_type":"article","og_title":"Bow Pro Vetus T\u00c4YDELLINEN keulapotkurisarja 30 kgf -Veneakselisto","og_description":"Bow Pro Vetus T\u00c4YDELLINEN keulapotkurisarja 30 kgf . Vetus keulapotkurit toimittaa aina edullinen Veneakselisto.com","og_url":"https:\/\/veneakselisto.com\/kauppa\/tuote\/bow-pro-vetus-taydellinen-keulapotkurisarja-30-kgf\/","og_site_name":"Veneakselisto.com - verkkokauppa","article_publisher":"https:\/\/www.facebook.com\/AlaMikkula\/","article_modified_time":"2025-04-11T05:11:30+00:00","og_image":[{"width":1500,"height":1500,"url":"https:\/\/veneakselisto.com\/kauppa\/wp-content\/uploads\/2021\/12\/BOWA0301.jpg","type":"image\/jpeg"}],"twitter_card":"summary_large_image","twitter_misc":{"Arvioitu lukuaika":"2 minuuttia"},"schema":{"@context":"https:\/\/schema.org","@graph":[{"@type":"WebPage","@id":"https:\/\/veneakselisto.com\/kauppa\/tuote\/bow-pro-vetus-taydellinen-keulapotkurisarja-30-kgf\/","url":"https:\/\/veneakselisto.com\/kauppa\/tuote\/bow-pro-vetus-taydellinen-keulapotkurisarja-30-kgf\/","name":"Bow Pro Vetus T\u00c4YDELLINEN keulapotkurisarja 30 kgf -Veneakselisto","isPartOf":{"@id":"https:\/\/veneakselisto.com\/kauppa\/#website"},"primaryImageOfPage":{"@id":"https:\/\/veneakselisto.com\/kauppa\/tuote\/bow-pro-vetus-taydellinen-keulapotkurisarja-30-kgf\/#primaryimage"},"image":{"@id":"https:\/\/veneakselisto.com\/kauppa\/tuote\/bow-pro-vetus-taydellinen-keulapotkurisarja-30-kgf\/#primaryimage"},"thumbnailUrl":"https:\/\/i0.wp.com\/veneakselisto.com\/kauppa\/wp-content\/uploads\/2021\/12\/BOWA0301.jpg?fit=1500%2C1500&ssl=1","datePublished":"2021-12-03T12:32:17+00:00","dateModified":"2025-04-11T05:11:30+00:00","description":"Bow Pro Vetus T\u00c4YDELLINEN keulapotkurisarja 30 kgf . Vetus keulapotkurit toimittaa aina edullinen Veneakselisto.com","breadcrumb":{"@id":"https:\/\/veneakselisto.com\/kauppa\/tuote\/bow-pro-vetus-taydellinen-keulapotkurisarja-30-kgf\/#breadcrumb"},"inLanguage":"fi","potentialAction":[{"@type":"ReadAction","target":["https:\/\/veneakselisto.com\/kauppa\/tuote\/bow-pro-vetus-taydellinen-keulapotkurisarja-30-kgf\/"]}]},{"@type":"ImageObject","inLanguage":"fi","@id":"https:\/\/veneakselisto.com\/kauppa\/tuote\/bow-pro-vetus-taydellinen-keulapotkurisarja-30-kgf\/#primaryimage","url":"https:\/\/i0.wp.com\/veneakselisto.com\/kauppa\/wp-content\/uploads\/2021\/12\/BOWA0301.jpg?fit=1500%2C1500&ssl=1","contentUrl":"https:\/\/i0.wp.com\/veneakselisto.com\/kauppa\/wp-content\/uploads\/2021\/12\/BOWA0301.jpg?fit=1500%2C1500&ssl=1","width":1500,"height":1500,"caption":"Vetus Bow Pro keulapotkuri-Sarjat toimittaa keulapotkureiden erikoisliike-veneakselisto.com"},{"@type":"BreadcrumbList","@id":"https:\/\/veneakselisto.com\/kauppa\/tuote\/bow-pro-vetus-taydellinen-keulapotkurisarja-30-kgf\/#breadcrumb","itemListElement":[{"@type":"ListItem","position":1,"name":"Etusivu","item":"https:\/\/veneakselisto.com\/kauppa\/"},{"@type":"ListItem","position":2,"name":"Kauppa","item":"https:\/\/veneakselisto.com\/kauppa\/"},{"@type":"ListItem","position":3,"name":"Bow Pro Vetus T\u00c4YDELLINEN keulapotkurisarja 30 kgf"}]},{"@type":"WebSite","@id":"https:\/\/veneakselisto.com\/kauppa\/#website","url":"https:\/\/veneakselisto.com\/kauppa\/","name":"Veneakselisto.com - verkkokauppa","description":"Venetarvikkeiden maahantuonti ja myynti","publisher":{"@id":"https:\/\/veneakselisto.com\/kauppa\/#organization"},"potentialAction":[{"@type":"SearchAction","target":{"@type":"EntryPoint","urlTemplate":"https:\/\/veneakselisto.com\/kauppa\/?s={search_term_string}"},"query-input":{"@type":"PropertyValueSpecification","valueRequired":true,"valueName":"search_term_string"}}],"inLanguage":"fi"},{"@type":"Organization","@id":"https:\/\/veneakselisto.com\/kauppa\/#organization","name":"Veneakselisto.com verkkokauppa","url":"https:\/\/veneakselisto.com\/kauppa\/","logo":{"@type":"ImageObject","inLanguage":"fi","@id":"https:\/\/veneakselisto.com\/kauppa\/#\/schema\/logo\/image\/","url":"https:\/\/i2.wp.com\/veneakselisto.com\/kauppa\/wp-content\/uploads\/2016\/06\/fb_icon.jpg?fit=327%2C327&ssl=1","contentUrl":"https:\/\/i2.wp.com\/veneakselisto.com\/kauppa\/wp-content\/uploads\/2016\/06\/fb_icon.jpg?fit=327%2C327&ssl=1","width":327,"height":327,"caption":"Veneakselisto.com verkkokauppa"},"image":{"@id":"https:\/\/veneakselisto.com\/kauppa\/#\/schema\/logo\/image\/"},"sameAs":["https:\/\/www.facebook.com\/AlaMikkula\/"]}]}},"jetpack_publicize_connections":[],"jetpack_sharing_enabled":true,"_links":{"self":[{"href":"https:\/\/veneakselisto.com\/kauppa\/wp-json\/wp\/v2\/product\/12236","targetHints":{"allow":["GET"]}}],"collection":[{"href":"https:\/\/veneakselisto.com\/kauppa\/wp-json\/wp\/v2\/product"}],"about":[{"href":"https:\/\/veneakselisto.com\/kauppa\/wp-json\/wp\/v2\/types\/product"}],"replies":[{"embeddable":true,"href":"https:\/\/veneakselisto.com\/kauppa\/wp-json\/wp\/v2\/comments?post=12236"}],"wp:featuredmedia":[{"embeddable":true,"href":"https:\/\/veneakselisto.com\/kauppa\/wp-json\/wp\/v2\/media\/12234"}],"wp:attachment":[{"href":"https:\/\/veneakselisto.com\/kauppa\/wp-json\/wp\/v2\/media?parent=12236"}],"wp:term":[{"taxonomy":"product_brand","embeddable":true,"href":"https:\/\/veneakselisto.com\/kauppa\/wp-json\/wp\/v2\/product_brand?post=12236"},{"taxonomy":"product_cat","embeddable":true,"href":"https:\/\/veneakselisto.com\/kauppa\/wp-json\/wp\/v2\/product_cat?post=12236"},{"taxonomy":"product_tag","embeddable":true,"href":"https:\/\/veneakselisto.com\/kauppa\/wp-json\/wp\/v2\/product_tag?post=12236"}],"curies":[{"name":"wp","href":"https:\/\/api.w.org\/{rel}","templated":true}]}}