{"id":12219,"date":"2021-12-02T16:12:02","date_gmt":"2021-12-02T14:12:02","guid":{"rendered":"https:\/\/veneakselisto.com\/kauppa\/?post_type=product&#038;p=12219"},"modified":"2024-08-31T23:10:45","modified_gmt":"2024-08-31T20:10:45","slug":"vetus-keulapotkurin-ohjauspaneeli-kahdelle-potkurille","status":"publish","type":"product","link":"https:\/\/veneakselisto.com\/kauppa\/tuote\/vetus-keulapotkurin-ohjauspaneeli-kahdelle-potkurille\/","title":{"rendered":"VETUS keulapotkurin ohjauspaneeli kahdelle potkurille"},"content":{"rendered":"<p>VETUS keulapotkurin ohjauspaneeli kahdelle potkurille<\/p>\n<p>EZDOCK2<\/p>\n<p>EZDOCK2-malli on erinomainen ja helppok\u00e4ytt\u00f6inen ohjain kun k\u00e4yt\u00f6ss\u00e4 on keula- ja<br \/>\nper\u00e4ohjailupotkuri.<\/p>\n<p>Malli 2-sarjan panelit (EZDOCK2, BPSE2, BPJE2 ja BPJDE2) on suojattu tahatonta k\u00e4ytt\u00f6\u00e4 ja ylikuormitusta vastaan. Paneli varoittaa valolla ja \u00e4\u00e4nimerkill\u00e4 mik\u00e4li keulapotkuria k\u00e4ytet\u00e4\u00e4n yht\u00e4jaksoisesti yli kaksi minuuttia. Paneleissa on haaroitus johon voi liitt\u00e4\u00e4 lis\u00e4ohjaimmen.<\/p>\n<p>12\/24v<\/p>\n<p>IP65 vesitiiveys<\/p>\n<p>Lapsilukko<\/p>\n<p>Asennusaukko 130 x 75<\/p>\n<p>Vetus Keulapotkuri<\/p>\n<p>Vetus Per\u00e4potkuri<\/p>\n","protected":false},"excerpt":{"rendered":"<p>VETUS keulapotkurin ohjauspaneeli kahdelle potkurille<\/p>\n<p>EZDOCK2<\/p>\n<p>EZDOCK2-malli on erinomainen ja helppok\u00e4ytt\u00f6inen ohjain kun k\u00e4yt\u00f6ss\u00e4 on keula- ja<br \/>\nper\u00e4ohjailupotkuri.<\/p>\n<p>Tehdastoimitus. Toimitusaika n.4-6 pv<\/p>\n","protected":false},"featured_media":12221,"comment_status":"open","ping_status":"closed","template":"","meta":{"jetpack_post_was_ever_published":false,"jetpack_publicize_message":"","jetpack_publicize_feature_enabled":true,"jetpack_social_post_already_shared":true,"jetpack_social_options":{"image_generator_settings":{"template":"highway","default_image_id":0,"font":"","enabled":false},"version":2}},"product_brand":[],"product_cat":[71,484,485,1203,470],"product_tag":[97,303,302,98],"class_list":{"0":"post-12219","1":"product","2":"type-product","3":"status-publish","4":"has-post-thumbnail","6":"product_cat-keulapotkuritarvikkeet","7":"product_cat-veneen-ohjaus-kaukosaatolaite-keulapotkuri","8":"product_cat-veneen-ohjaus-hallinta","9":"product_cat-keulapotkuri-vetus-vetus_keulapotkuri","10":"product_cat-vetus_vetus-venetarvikkeet_venetarvikeiden-maahantuonti-ja-myynti","11":"product_tag-keulapotkuri","12":"product_tag-keulapotkuritarvikkeet","13":"product_tag-tarvikkeet","14":"product_tag-vetus","15":"brand-vetus","17":"first","18":"instock","19":"sale","20":"taxable","21":"shipping-taxable","22":"purchasable","23":"product-type-simple"},"yoast_head":"<!-- This site is optimized with the Yoast SEO plugin v27.3 - https:\/\/yoast.com\/product\/yoast-seo-wordpress\/ -->\n<title>VETUS keulapotkurin ohjauspaneeli kahdelle potkurille- Veneakselisto.com<\/title>\n<meta name=\"description\" content=\"VETUS keulapotkurin ohjauspaneeli kahdelle potkurille. Erikoisliikkeest\u00e4-Veneakselisto.com - Venetarvikkeiden maahantuonti ja myynti.\" \/>\n<meta name=\"robots\" content=\"index, follow, max-snippet:-1, max-image-preview:large, max-video-preview:-1\" \/>\n<link rel=\"canonical\" href=\"https:\/\/veneakselisto.com\/kauppa\/tuote\/vetus-keulapotkurin-ohjauspaneeli-kahdelle-potkurille\/\" \/>\n<meta property=\"og:locale\" content=\"fi_FI\" \/>\n<meta property=\"og:type\" content=\"article\" \/>\n<meta property=\"og:title\" content=\"VETUS keulapotkurin ohjauspaneeli kahdelle potkurille- Veneakselisto.com\" \/>\n<meta property=\"og:description\" content=\"VETUS keulapotkurin ohjauspaneeli kahdelle potkurille. Erikoisliikkeest\u00e4-Veneakselisto.com - Venetarvikkeiden maahantuonti ja myynti.\" \/>\n<meta property=\"og:url\" content=\"https:\/\/veneakselisto.com\/kauppa\/tuote\/vetus-keulapotkurin-ohjauspaneeli-kahdelle-potkurille\/\" \/>\n<meta property=\"og:site_name\" content=\"Veneakselisto.com - verkkokauppa\" \/>\n<meta property=\"article:publisher\" content=\"https:\/\/www.facebook.com\/AlaMikkula\/\" \/>\n<meta property=\"article:modified_time\" content=\"2024-08-31T20:10:45+00:00\" \/>\n<meta property=\"og:image\" content=\"https:\/\/veneakselisto.com\/kauppa\/wp-content\/uploads\/2021\/12\/EZDOCK2.jpg\" \/>\n\t<meta property=\"og:image:width\" content=\"500\" \/>\n\t<meta property=\"og:image:height\" content=\"500\" \/>\n\t<meta property=\"og:image:type\" content=\"image\/jpeg\" \/>\n<meta name=\"twitter:card\" content=\"summary_large_image\" \/>\n<meta name=\"twitter:label1\" content=\"Arvioitu lukuaika\" \/>\n\t<meta name=\"twitter:data1\" content=\"1 minuutti\" \/>\n<script type=\"application\/ld+json\" class=\"yoast-schema-graph\">{\"@context\":\"https:\\\/\\\/schema.org\",\"@graph\":[{\"@type\":\"WebPage\",\"@id\":\"https:\\\/\\\/veneakselisto.com\\\/kauppa\\\/tuote\\\/vetus-keulapotkurin-ohjauspaneeli-kahdelle-potkurille\\\/\",\"url\":\"https:\\\/\\\/veneakselisto.com\\\/kauppa\\\/tuote\\\/vetus-keulapotkurin-ohjauspaneeli-kahdelle-potkurille\\\/\",\"name\":\"VETUS keulapotkurin ohjauspaneeli kahdelle potkurille- Veneakselisto.com\",\"isPartOf\":{\"@id\":\"https:\\\/\\\/veneakselisto.com\\\/kauppa\\\/#website\"},\"primaryImageOfPage\":{\"@id\":\"https:\\\/\\\/veneakselisto.com\\\/kauppa\\\/tuote\\\/vetus-keulapotkurin-ohjauspaneeli-kahdelle-potkurille\\\/#primaryimage\"},\"image\":{\"@id\":\"https:\\\/\\\/veneakselisto.com\\\/kauppa\\\/tuote\\\/vetus-keulapotkurin-ohjauspaneeli-kahdelle-potkurille\\\/#primaryimage\"},\"thumbnailUrl\":\"https:\\\/\\\/i0.wp.com\\\/veneakselisto.com\\\/kauppa\\\/wp-content\\\/uploads\\\/2021\\\/12\\\/EZDOCK2.jpg?fit=500%2C500&ssl=1\",\"datePublished\":\"2021-12-02T14:12:02+00:00\",\"dateModified\":\"2024-08-31T20:10:45+00:00\",\"description\":\"VETUS keulapotkurin ohjauspaneeli kahdelle potkurille. Erikoisliikkeest\u00e4-Veneakselisto.com - Venetarvikkeiden maahantuonti ja myynti.\",\"breadcrumb\":{\"@id\":\"https:\\\/\\\/veneakselisto.com\\\/kauppa\\\/tuote\\\/vetus-keulapotkurin-ohjauspaneeli-kahdelle-potkurille\\\/#breadcrumb\"},\"inLanguage\":\"fi\",\"potentialAction\":[{\"@type\":\"ReadAction\",\"target\":[\"https:\\\/\\\/veneakselisto.com\\\/kauppa\\\/tuote\\\/vetus-keulapotkurin-ohjauspaneeli-kahdelle-potkurille\\\/\"]}]},{\"@type\":\"ImageObject\",\"inLanguage\":\"fi\",\"@id\":\"https:\\\/\\\/veneakselisto.com\\\/kauppa\\\/tuote\\\/vetus-keulapotkurin-ohjauspaneeli-kahdelle-potkurille\\\/#primaryimage\",\"url\":\"https:\\\/\\\/i0.wp.com\\\/veneakselisto.com\\\/kauppa\\\/wp-content\\\/uploads\\\/2021\\\/12\\\/EZDOCK2.jpg?fit=500%2C500&ssl=1\",\"contentUrl\":\"https:\\\/\\\/i0.wp.com\\\/veneakselisto.com\\\/kauppa\\\/wp-content\\\/uploads\\\/2021\\\/12\\\/EZDOCK2.jpg?fit=500%2C500&ssl=1\",\"width\":500,\"height\":500,\"caption\":\"EZDOCK-Vetus Keulapotkuri- Ohjauspaneelit toimittaa venetarvikkeiden erikoisliike-Veneakselisto.com\"},{\"@type\":\"BreadcrumbList\",\"@id\":\"https:\\\/\\\/veneakselisto.com\\\/kauppa\\\/tuote\\\/vetus-keulapotkurin-ohjauspaneeli-kahdelle-potkurille\\\/#breadcrumb\",\"itemListElement\":[{\"@type\":\"ListItem\",\"position\":1,\"name\":\"Etusivu\",\"item\":\"https:\\\/\\\/veneakselisto.com\\\/kauppa\\\/\"},{\"@type\":\"ListItem\",\"position\":2,\"name\":\"Kauppa\",\"item\":\"https:\\\/\\\/veneakselisto.com\\\/kauppa\\\/\"},{\"@type\":\"ListItem\",\"position\":3,\"name\":\"VETUS keulapotkurin ohjauspaneeli kahdelle potkurille\"}]},{\"@type\":\"WebSite\",\"@id\":\"https:\\\/\\\/veneakselisto.com\\\/kauppa\\\/#website\",\"url\":\"https:\\\/\\\/veneakselisto.com\\\/kauppa\\\/\",\"name\":\"Veneakselisto.com - verkkokauppa\",\"description\":\"Venetarvikkeiden maahantuonti ja myynti\",\"publisher\":{\"@id\":\"https:\\\/\\\/veneakselisto.com\\\/kauppa\\\/#organization\"},\"potentialAction\":[{\"@type\":\"SearchAction\",\"target\":{\"@type\":\"EntryPoint\",\"urlTemplate\":\"https:\\\/\\\/veneakselisto.com\\\/kauppa\\\/?s={search_term_string}\"},\"query-input\":{\"@type\":\"PropertyValueSpecification\",\"valueRequired\":true,\"valueName\":\"search_term_string\"}}],\"inLanguage\":\"fi\"},{\"@type\":\"Organization\",\"@id\":\"https:\\\/\\\/veneakselisto.com\\\/kauppa\\\/#organization\",\"name\":\"Veneakselisto.com verkkokauppa\",\"url\":\"https:\\\/\\\/veneakselisto.com\\\/kauppa\\\/\",\"logo\":{\"@type\":\"ImageObject\",\"inLanguage\":\"fi\",\"@id\":\"https:\\\/\\\/veneakselisto.com\\\/kauppa\\\/#\\\/schema\\\/logo\\\/image\\\/\",\"url\":\"https:\\\/\\\/i2.wp.com\\\/veneakselisto.com\\\/kauppa\\\/wp-content\\\/uploads\\\/2016\\\/06\\\/fb_icon.jpg?fit=327%2C327&ssl=1\",\"contentUrl\":\"https:\\\/\\\/i2.wp.com\\\/veneakselisto.com\\\/kauppa\\\/wp-content\\\/uploads\\\/2016\\\/06\\\/fb_icon.jpg?fit=327%2C327&ssl=1\",\"width\":327,\"height\":327,\"caption\":\"Veneakselisto.com verkkokauppa\"},\"image\":{\"@id\":\"https:\\\/\\\/veneakselisto.com\\\/kauppa\\\/#\\\/schema\\\/logo\\\/image\\\/\"},\"sameAs\":[\"https:\\\/\\\/www.facebook.com\\\/AlaMikkula\\\/\"]}]}<\/script>\n<!-- \/ Yoast SEO plugin. -->","yoast_head_json":{"title":"VETUS keulapotkurin ohjauspaneeli kahdelle potkurille- Veneakselisto.com","description":"VETUS keulapotkurin ohjauspaneeli kahdelle potkurille. Erikoisliikkeest\u00e4-Veneakselisto.com - Venetarvikkeiden maahantuonti ja myynti.","robots":{"index":"index","follow":"follow","max-snippet":"max-snippet:-1","max-image-preview":"max-image-preview:large","max-video-preview":"max-video-preview:-1"},"canonical":"https:\/\/veneakselisto.com\/kauppa\/tuote\/vetus-keulapotkurin-ohjauspaneeli-kahdelle-potkurille\/","og_locale":"fi_FI","og_type":"article","og_title":"VETUS keulapotkurin ohjauspaneeli kahdelle potkurille- Veneakselisto.com","og_description":"VETUS keulapotkurin ohjauspaneeli kahdelle potkurille. Erikoisliikkeest\u00e4-Veneakselisto.com - Venetarvikkeiden maahantuonti ja myynti.","og_url":"https:\/\/veneakselisto.com\/kauppa\/tuote\/vetus-keulapotkurin-ohjauspaneeli-kahdelle-potkurille\/","og_site_name":"Veneakselisto.com - verkkokauppa","article_publisher":"https:\/\/www.facebook.com\/AlaMikkula\/","article_modified_time":"2024-08-31T20:10:45+00:00","og_image":[{"width":500,"height":500,"url":"https:\/\/veneakselisto.com\/kauppa\/wp-content\/uploads\/2021\/12\/EZDOCK2.jpg","type":"image\/jpeg"}],"twitter_card":"summary_large_image","twitter_misc":{"Arvioitu lukuaika":"1 minuutti"},"schema":{"@context":"https:\/\/schema.org","@graph":[{"@type":"WebPage","@id":"https:\/\/veneakselisto.com\/kauppa\/tuote\/vetus-keulapotkurin-ohjauspaneeli-kahdelle-potkurille\/","url":"https:\/\/veneakselisto.com\/kauppa\/tuote\/vetus-keulapotkurin-ohjauspaneeli-kahdelle-potkurille\/","name":"VETUS keulapotkurin ohjauspaneeli kahdelle potkurille- Veneakselisto.com","isPartOf":{"@id":"https:\/\/veneakselisto.com\/kauppa\/#website"},"primaryImageOfPage":{"@id":"https:\/\/veneakselisto.com\/kauppa\/tuote\/vetus-keulapotkurin-ohjauspaneeli-kahdelle-potkurille\/#primaryimage"},"image":{"@id":"https:\/\/veneakselisto.com\/kauppa\/tuote\/vetus-keulapotkurin-ohjauspaneeli-kahdelle-potkurille\/#primaryimage"},"thumbnailUrl":"https:\/\/i0.wp.com\/veneakselisto.com\/kauppa\/wp-content\/uploads\/2021\/12\/EZDOCK2.jpg?fit=500%2C500&ssl=1","datePublished":"2021-12-02T14:12:02+00:00","dateModified":"2024-08-31T20:10:45+00:00","description":"VETUS keulapotkurin ohjauspaneeli kahdelle potkurille. Erikoisliikkeest\u00e4-Veneakselisto.com - Venetarvikkeiden maahantuonti ja myynti.","breadcrumb":{"@id":"https:\/\/veneakselisto.com\/kauppa\/tuote\/vetus-keulapotkurin-ohjauspaneeli-kahdelle-potkurille\/#breadcrumb"},"inLanguage":"fi","potentialAction":[{"@type":"ReadAction","target":["https:\/\/veneakselisto.com\/kauppa\/tuote\/vetus-keulapotkurin-ohjauspaneeli-kahdelle-potkurille\/"]}]},{"@type":"ImageObject","inLanguage":"fi","@id":"https:\/\/veneakselisto.com\/kauppa\/tuote\/vetus-keulapotkurin-ohjauspaneeli-kahdelle-potkurille\/#primaryimage","url":"https:\/\/i0.wp.com\/veneakselisto.com\/kauppa\/wp-content\/uploads\/2021\/12\/EZDOCK2.jpg?fit=500%2C500&ssl=1","contentUrl":"https:\/\/i0.wp.com\/veneakselisto.com\/kauppa\/wp-content\/uploads\/2021\/12\/EZDOCK2.jpg?fit=500%2C500&ssl=1","width":500,"height":500,"caption":"EZDOCK-Vetus Keulapotkuri- Ohjauspaneelit toimittaa venetarvikkeiden erikoisliike-Veneakselisto.com"},{"@type":"BreadcrumbList","@id":"https:\/\/veneakselisto.com\/kauppa\/tuote\/vetus-keulapotkurin-ohjauspaneeli-kahdelle-potkurille\/#breadcrumb","itemListElement":[{"@type":"ListItem","position":1,"name":"Etusivu","item":"https:\/\/veneakselisto.com\/kauppa\/"},{"@type":"ListItem","position":2,"name":"Kauppa","item":"https:\/\/veneakselisto.com\/kauppa\/"},{"@type":"ListItem","position":3,"name":"VETUS keulapotkurin ohjauspaneeli kahdelle potkurille"}]},{"@type":"WebSite","@id":"https:\/\/veneakselisto.com\/kauppa\/#website","url":"https:\/\/veneakselisto.com\/kauppa\/","name":"Veneakselisto.com - verkkokauppa","description":"Venetarvikkeiden maahantuonti ja myynti","publisher":{"@id":"https:\/\/veneakselisto.com\/kauppa\/#organization"},"potentialAction":[{"@type":"SearchAction","target":{"@type":"EntryPoint","urlTemplate":"https:\/\/veneakselisto.com\/kauppa\/?s={search_term_string}"},"query-input":{"@type":"PropertyValueSpecification","valueRequired":true,"valueName":"search_term_string"}}],"inLanguage":"fi"},{"@type":"Organization","@id":"https:\/\/veneakselisto.com\/kauppa\/#organization","name":"Veneakselisto.com verkkokauppa","url":"https:\/\/veneakselisto.com\/kauppa\/","logo":{"@type":"ImageObject","inLanguage":"fi","@id":"https:\/\/veneakselisto.com\/kauppa\/#\/schema\/logo\/image\/","url":"https:\/\/i2.wp.com\/veneakselisto.com\/kauppa\/wp-content\/uploads\/2016\/06\/fb_icon.jpg?fit=327%2C327&ssl=1","contentUrl":"https:\/\/i2.wp.com\/veneakselisto.com\/kauppa\/wp-content\/uploads\/2016\/06\/fb_icon.jpg?fit=327%2C327&ssl=1","width":327,"height":327,"caption":"Veneakselisto.com verkkokauppa"},"image":{"@id":"https:\/\/veneakselisto.com\/kauppa\/#\/schema\/logo\/image\/"},"sameAs":["https:\/\/www.facebook.com\/AlaMikkula\/"]}]}},"jetpack_publicize_connections":[],"jetpack_sharing_enabled":true,"_links":{"self":[{"href":"https:\/\/veneakselisto.com\/kauppa\/wp-json\/wp\/v2\/product\/12219","targetHints":{"allow":["GET"]}}],"collection":[{"href":"https:\/\/veneakselisto.com\/kauppa\/wp-json\/wp\/v2\/product"}],"about":[{"href":"https:\/\/veneakselisto.com\/kauppa\/wp-json\/wp\/v2\/types\/product"}],"replies":[{"embeddable":true,"href":"https:\/\/veneakselisto.com\/kauppa\/wp-json\/wp\/v2\/comments?post=12219"}],"wp:featuredmedia":[{"embeddable":true,"href":"https:\/\/veneakselisto.com\/kauppa\/wp-json\/wp\/v2\/media\/12221"}],"wp:attachment":[{"href":"https:\/\/veneakselisto.com\/kauppa\/wp-json\/wp\/v2\/media?parent=12219"}],"wp:term":[{"taxonomy":"product_brand","embeddable":true,"href":"https:\/\/veneakselisto.com\/kauppa\/wp-json\/wp\/v2\/product_brand?post=12219"},{"taxonomy":"product_cat","embeddable":true,"href":"https:\/\/veneakselisto.com\/kauppa\/wp-json\/wp\/v2\/product_cat?post=12219"},{"taxonomy":"product_tag","embeddable":true,"href":"https:\/\/veneakselisto.com\/kauppa\/wp-json\/wp\/v2\/product_tag?post=12219"}],"curies":[{"name":"wp","href":"https:\/\/api.w.org\/{rel}","templated":true}]}}