{"id":1212,"date":"2017-01-05T15:29:09","date_gmt":"2017-01-05T13:29:09","guid":{"rendered":"https:\/\/veneakselisto.com\/kauppa\/tuote\/siipipyora-volvo-penta-d40-d61-d62-d70-d71-d100-d102-d120-d121-d122\/"},"modified":"2025-05-30T14:26:20","modified_gmt":"2025-05-30T11:26:20","slug":"siipipyora-volvo-penta-d40-d61-d62-d70-d71-d100-d102-d120-d121-d122","status":"publish","type":"product","link":"https:\/\/veneakselisto.com\/kauppa\/tuote\/siipipyora-volvo-penta-d40-d61-d62-d70-d71-d100-d102-d120-d121-d122\/","title":{"rendered":"Siipipy\u00f6r\u00e4 Volvo Penta D40, D61, D62, D70, D71, D100, D102, D120, D121, D122"},"content":{"rendered":"<div class=\"wpb-content-wrapper\"><p>[vc_row][vc_column][vc_column_text]Siipipy\u00f6r\u00e4 Volvo Penta D40, D61, D62, D70, D71, D100, D102, D120, D121, D122<\/p>\n<p>OEM nr: 21730344, 875736, 875660, 825942<\/p>\n<p><strong>D40, D61, D62, D70, D71, D72, D73, D100, D102, D120, D121, D122, D11<\/strong><\/p>\n<p>AD40B, AQAD40A, AQAD40B, TAMD40A, TAMD40B<\/p>\n<p>TAMD61A<\/p>\n<p>TAMD62A<\/p>\n<p>TD70CHC<\/p>\n<p>TAMD71A, TAMD71B, TAMD72A, TAMD72P-A, TAMD72WJ-A, TAMD73P-A, TAMD73WJ-A,<\/p>\n<p>D100BHC<\/p>\n<p>MD100A, MD100B, MD100BCC, MD100BK<\/p>\n<p>TD100AHC, TD100CHC, TMD100A, TMD100ACC, TMD100AK, TMD100C<\/p>\n<p>TAMD102A, TMD102A<\/p>\n<p>MD120A, MD120AK, TAD120AHC<\/p>\n<p>TAMD120A, TAMD120AK, TAMD120B, TAMD120BCC<\/p>\n<p>TD120AHC, TD120BHC, TMD120A, TMD120ACC, TMD120AK, TMD120B<\/p>\n<p>TAMD121D, TD121CHC, TMD121C<\/p>\n<p>TAMD122C, TAMD122D, TMD122A<\/p>\n<p>D11A-A, D11A-B, D11A-C, D11A-D,\u00a0D11A-E<\/p>\n<p><strong>\u00a0<\/strong><\/p>\n<p><strong>F\u00f6r pump med fem skruvar<\/strong><\/p>\n<p><strong>Impeller: 95 mm, H = 63 mm<\/strong><\/p>\n<p>Volvo Penta merimoottorit.<\/p>\n<p>[\/vc_column_text][\/vc_column][\/vc_row][vc_row][vc_column][vc_column_text]Todella laadukkaat ja edulliset Orbitrade Marine Volvo Penta siipipy\u00f6r\u00e4t.<\/p>\n<p>Valmistuumaa Ruotsi.[\/vc_column_text][\/vc_column][\/vc_row]<\/p>\n<\/div>","protected":false},"excerpt":{"rendered":"<p>OEM nr: 21730344, 875736, 875660, 825942<\/p>\n<p>Sopivuus:<\/p>\n<p>AD40B, AQAD40A, AQAD40B, TAMD40A, TAMD40B,<\/p>\n<p>TAMD61A,<\/p>\n<p>TAMD62A,<\/p>\n<p>TD70CHC,<\/p>\n<p>TAMD71A, TAMD71B,<\/p>\n<p>D100BHC,<\/p>\n<p>MD100A, MD100B, MD100BCC, MD100BK,<\/p>\n<p>TD100AHC, TD100CHC, TMD100A, TMD100ACC, TMD100AK, TMD100C,<\/p>\n<p>TAMD102A, TMD102A,<\/p>\n<p>MD120A, MD120AK, TAD120AHC,<\/p>\n<p>TAMD120A, TAMD120AK, TAMD120B, TAMD120BCC,<\/p>\n<p>TD120AHC, TD120BHC, TMD120A, TMD120ACC, TMD120AK, TMD120B,<\/p>\n<p>TAMD121D, TD121CHC, TMD121C,<\/p>\n<p>TAMD122C, TAMD122D, TMD122A,<\/p>\n<p>F\u00f6r pump med fem skruvar \/For pump with five screws in cover \/ Pumpulle, jossa 5\u00a0ruuvia kannessa,<\/p>\n<p>Impeller 95 mm H = 63 mm<\/p>\n<p>Volvo Penta merimoottorit.<\/p>\n","protected":false},"featured_media":1214,"comment_status":"open","ping_status":"closed","template":"","meta":{"jetpack_post_was_ever_published":false,"jetpack_publicize_message":"","jetpack_publicize_feature_enabled":true,"jetpack_social_post_already_shared":true,"jetpack_social_options":{"image_generator_settings":{"template":"highway","default_image_id":0,"font":"","enabled":false},"version":2}},"product_brand":[],"product_cat":[736,282],"product_tag":[267,266,248,145,228],"class_list":{"0":"post-1212","1":"product","2":"type-product","3":"status-publish","4":"has-post-thumbnail","6":"product_cat-siipipyora_merimoottorin","7":"product_cat-siipipyorat-volvo-penta-houlto-osat","8":"product_tag-huolto-osat","9":"product_tag-orbitrade-marine","10":"product_tag-penta","11":"product_tag-siipipyora","12":"product_tag-volvo","13":"brand-orbitrade-marine","15":"first","16":"instock","17":"taxable","18":"shipping-taxable","19":"purchasable","20":"product-type-simple"},"yoast_head":"<!-- This site is optimized with the Yoast SEO plugin v27.3 - https:\/\/yoast.com\/product\/yoast-seo-wordpress\/ -->\n<title>Siipipy\u00f6r\u00e4 Volvo Penta D40 D61 D62 - Veneakselisto.com<\/title>\n<meta name=\"description\" content=\"Siipipy\u00f6r\u00e4 Volvo Penta D40, D61, D62, D70, D71, D100, D102, D120, D121, D122. Tuotteen toimittaa aina edullinen Veneakselisto.com - Verkkokauppa\" \/>\n<meta name=\"robots\" content=\"index, follow, max-snippet:-1, max-image-preview:large, max-video-preview:-1\" \/>\n<link rel=\"canonical\" href=\"https:\/\/veneakselisto.com\/kauppa\/tuote\/siipipyora-volvo-penta-d40-d61-d62-d70-d71-d100-d102-d120-d121-d122\/\" \/>\n<meta property=\"og:locale\" content=\"fi_FI\" \/>\n<meta property=\"og:type\" content=\"article\" \/>\n<meta property=\"og:title\" content=\"Siipipy\u00f6r\u00e4 Volvo Penta D40 D61 D62 - Veneakselisto.com\" \/>\n<meta property=\"og:description\" content=\"Siipipy\u00f6r\u00e4 Volvo Penta D40, D61, D62, D70, D71, D100, D102, D120, D121, D122. Tuotteen toimittaa aina edullinen Veneakselisto.com - Verkkokauppa\" \/>\n<meta property=\"og:url\" content=\"https:\/\/veneakselisto.com\/kauppa\/tuote\/siipipyora-volvo-penta-d40-d61-d62-d70-d71-d100-d102-d120-d121-d122\/\" \/>\n<meta property=\"og:site_name\" content=\"Veneakselisto.com - verkkokauppa\" \/>\n<meta property=\"article:publisher\" content=\"https:\/\/www.facebook.com\/AlaMikkula\/\" \/>\n<meta property=\"article:modified_time\" content=\"2025-05-30T11:26:20+00:00\" \/>\n<meta property=\"og:image\" content=\"https:\/\/veneakselisto.com\/kauppa\/wp-content\/uploads\/2017\/01\/OT-2-15660.jpg\" \/>\n\t<meta property=\"og:image:width\" content=\"700\" \/>\n\t<meta property=\"og:image:height\" content=\"699\" \/>\n\t<meta property=\"og:image:type\" content=\"image\/jpeg\" \/>\n<meta name=\"twitter:card\" content=\"summary_large_image\" \/>\n<meta name=\"twitter:label1\" content=\"Arvioitu lukuaika\" \/>\n\t<meta name=\"twitter:data1\" content=\"1 minuutti\" \/>\n<script type=\"application\/ld+json\" class=\"yoast-schema-graph\">{\"@context\":\"https:\\\/\\\/schema.org\",\"@graph\":[{\"@type\":\"WebPage\",\"@id\":\"https:\\\/\\\/veneakselisto.com\\\/kauppa\\\/tuote\\\/siipipyora-volvo-penta-d40-d61-d62-d70-d71-d100-d102-d120-d121-d122\\\/\",\"url\":\"https:\\\/\\\/veneakselisto.com\\\/kauppa\\\/tuote\\\/siipipyora-volvo-penta-d40-d61-d62-d70-d71-d100-d102-d120-d121-d122\\\/\",\"name\":\"Siipipy\u00f6r\u00e4 Volvo Penta D40 D61 D62 - Veneakselisto.com\",\"isPartOf\":{\"@id\":\"https:\\\/\\\/veneakselisto.com\\\/kauppa\\\/#website\"},\"primaryImageOfPage\":{\"@id\":\"https:\\\/\\\/veneakselisto.com\\\/kauppa\\\/tuote\\\/siipipyora-volvo-penta-d40-d61-d62-d70-d71-d100-d102-d120-d121-d122\\\/#primaryimage\"},\"image\":{\"@id\":\"https:\\\/\\\/veneakselisto.com\\\/kauppa\\\/tuote\\\/siipipyora-volvo-penta-d40-d61-d62-d70-d71-d100-d102-d120-d121-d122\\\/#primaryimage\"},\"thumbnailUrl\":\"https:\\\/\\\/i0.wp.com\\\/veneakselisto.com\\\/kauppa\\\/wp-content\\\/uploads\\\/2017\\\/01\\\/OT-2-15660.jpg?fit=700%2C699&ssl=1\",\"datePublished\":\"2017-01-05T13:29:09+00:00\",\"dateModified\":\"2025-05-30T11:26:20+00:00\",\"description\":\"Siipipy\u00f6r\u00e4 Volvo Penta D40, D61, D62, D70, D71, D100, D102, D120, D121, D122. Tuotteen toimittaa aina edullinen Veneakselisto.com - Verkkokauppa\",\"breadcrumb\":{\"@id\":\"https:\\\/\\\/veneakselisto.com\\\/kauppa\\\/tuote\\\/siipipyora-volvo-penta-d40-d61-d62-d70-d71-d100-d102-d120-d121-d122\\\/#breadcrumb\"},\"inLanguage\":\"fi\",\"potentialAction\":[{\"@type\":\"ReadAction\",\"target\":[\"https:\\\/\\\/veneakselisto.com\\\/kauppa\\\/tuote\\\/siipipyora-volvo-penta-d40-d61-d62-d70-d71-d100-d102-d120-d121-d122\\\/\"]}]},{\"@type\":\"ImageObject\",\"inLanguage\":\"fi\",\"@id\":\"https:\\\/\\\/veneakselisto.com\\\/kauppa\\\/tuote\\\/siipipyora-volvo-penta-d40-d61-d62-d70-d71-d100-d102-d120-d121-d122\\\/#primaryimage\",\"url\":\"https:\\\/\\\/i0.wp.com\\\/veneakselisto.com\\\/kauppa\\\/wp-content\\\/uploads\\\/2017\\\/01\\\/OT-2-15660.jpg?fit=700%2C699&ssl=1\",\"contentUrl\":\"https:\\\/\\\/i0.wp.com\\\/veneakselisto.com\\\/kauppa\\\/wp-content\\\/uploads\\\/2017\\\/01\\\/OT-2-15660.jpg?fit=700%2C699&ssl=1\",\"width\":700,\"height\":699,\"caption\":\"Volvo Penta Siipipy\u00f6r\u00e4t Veneakselisto.com verkkokaupasta\"},{\"@type\":\"BreadcrumbList\",\"@id\":\"https:\\\/\\\/veneakselisto.com\\\/kauppa\\\/tuote\\\/siipipyora-volvo-penta-d40-d61-d62-d70-d71-d100-d102-d120-d121-d122\\\/#breadcrumb\",\"itemListElement\":[{\"@type\":\"ListItem\",\"position\":1,\"name\":\"Etusivu\",\"item\":\"https:\\\/\\\/veneakselisto.com\\\/kauppa\\\/\"},{\"@type\":\"ListItem\",\"position\":2,\"name\":\"Kauppa\",\"item\":\"https:\\\/\\\/veneakselisto.com\\\/kauppa\\\/\"},{\"@type\":\"ListItem\",\"position\":3,\"name\":\"Siipipy\u00f6r\u00e4 Volvo Penta D40, D61, D62, D70, D71, D100, D102, D120, D121, D122\"}]},{\"@type\":\"WebSite\",\"@id\":\"https:\\\/\\\/veneakselisto.com\\\/kauppa\\\/#website\",\"url\":\"https:\\\/\\\/veneakselisto.com\\\/kauppa\\\/\",\"name\":\"Veneakselisto.com - verkkokauppa\",\"description\":\"Venetarvikkeiden maahantuonti ja myynti\",\"publisher\":{\"@id\":\"https:\\\/\\\/veneakselisto.com\\\/kauppa\\\/#organization\"},\"potentialAction\":[{\"@type\":\"SearchAction\",\"target\":{\"@type\":\"EntryPoint\",\"urlTemplate\":\"https:\\\/\\\/veneakselisto.com\\\/kauppa\\\/?s={search_term_string}\"},\"query-input\":{\"@type\":\"PropertyValueSpecification\",\"valueRequired\":true,\"valueName\":\"search_term_string\"}}],\"inLanguage\":\"fi\"},{\"@type\":\"Organization\",\"@id\":\"https:\\\/\\\/veneakselisto.com\\\/kauppa\\\/#organization\",\"name\":\"Veneakselisto.com verkkokauppa\",\"url\":\"https:\\\/\\\/veneakselisto.com\\\/kauppa\\\/\",\"logo\":{\"@type\":\"ImageObject\",\"inLanguage\":\"fi\",\"@id\":\"https:\\\/\\\/veneakselisto.com\\\/kauppa\\\/#\\\/schema\\\/logo\\\/image\\\/\",\"url\":\"https:\\\/\\\/i2.wp.com\\\/veneakselisto.com\\\/kauppa\\\/wp-content\\\/uploads\\\/2016\\\/06\\\/fb_icon.jpg?fit=327%2C327&ssl=1\",\"contentUrl\":\"https:\\\/\\\/i2.wp.com\\\/veneakselisto.com\\\/kauppa\\\/wp-content\\\/uploads\\\/2016\\\/06\\\/fb_icon.jpg?fit=327%2C327&ssl=1\",\"width\":327,\"height\":327,\"caption\":\"Veneakselisto.com verkkokauppa\"},\"image\":{\"@id\":\"https:\\\/\\\/veneakselisto.com\\\/kauppa\\\/#\\\/schema\\\/logo\\\/image\\\/\"},\"sameAs\":[\"https:\\\/\\\/www.facebook.com\\\/AlaMikkula\\\/\"]}]}<\/script>\n<!-- \/ Yoast SEO plugin. -->","yoast_head_json":{"title":"Siipipy\u00f6r\u00e4 Volvo Penta D40 D61 D62 - Veneakselisto.com","description":"Siipipy\u00f6r\u00e4 Volvo Penta D40, D61, D62, D70, D71, D100, D102, D120, D121, D122. Tuotteen toimittaa aina edullinen Veneakselisto.com - Verkkokauppa","robots":{"index":"index","follow":"follow","max-snippet":"max-snippet:-1","max-image-preview":"max-image-preview:large","max-video-preview":"max-video-preview:-1"},"canonical":"https:\/\/veneakselisto.com\/kauppa\/tuote\/siipipyora-volvo-penta-d40-d61-d62-d70-d71-d100-d102-d120-d121-d122\/","og_locale":"fi_FI","og_type":"article","og_title":"Siipipy\u00f6r\u00e4 Volvo Penta D40 D61 D62 - Veneakselisto.com","og_description":"Siipipy\u00f6r\u00e4 Volvo Penta D40, D61, D62, D70, D71, D100, D102, D120, D121, D122. Tuotteen toimittaa aina edullinen Veneakselisto.com - Verkkokauppa","og_url":"https:\/\/veneakselisto.com\/kauppa\/tuote\/siipipyora-volvo-penta-d40-d61-d62-d70-d71-d100-d102-d120-d121-d122\/","og_site_name":"Veneakselisto.com - verkkokauppa","article_publisher":"https:\/\/www.facebook.com\/AlaMikkula\/","article_modified_time":"2025-05-30T11:26:20+00:00","og_image":[{"width":700,"height":699,"url":"https:\/\/veneakselisto.com\/kauppa\/wp-content\/uploads\/2017\/01\/OT-2-15660.jpg","type":"image\/jpeg"}],"twitter_card":"summary_large_image","twitter_misc":{"Arvioitu lukuaika":"1 minuutti"},"schema":{"@context":"https:\/\/schema.org","@graph":[{"@type":"WebPage","@id":"https:\/\/veneakselisto.com\/kauppa\/tuote\/siipipyora-volvo-penta-d40-d61-d62-d70-d71-d100-d102-d120-d121-d122\/","url":"https:\/\/veneakselisto.com\/kauppa\/tuote\/siipipyora-volvo-penta-d40-d61-d62-d70-d71-d100-d102-d120-d121-d122\/","name":"Siipipy\u00f6r\u00e4 Volvo Penta D40 D61 D62 - Veneakselisto.com","isPartOf":{"@id":"https:\/\/veneakselisto.com\/kauppa\/#website"},"primaryImageOfPage":{"@id":"https:\/\/veneakselisto.com\/kauppa\/tuote\/siipipyora-volvo-penta-d40-d61-d62-d70-d71-d100-d102-d120-d121-d122\/#primaryimage"},"image":{"@id":"https:\/\/veneakselisto.com\/kauppa\/tuote\/siipipyora-volvo-penta-d40-d61-d62-d70-d71-d100-d102-d120-d121-d122\/#primaryimage"},"thumbnailUrl":"https:\/\/i0.wp.com\/veneakselisto.com\/kauppa\/wp-content\/uploads\/2017\/01\/OT-2-15660.jpg?fit=700%2C699&ssl=1","datePublished":"2017-01-05T13:29:09+00:00","dateModified":"2025-05-30T11:26:20+00:00","description":"Siipipy\u00f6r\u00e4 Volvo Penta D40, D61, D62, D70, D71, D100, D102, D120, D121, D122. Tuotteen toimittaa aina edullinen Veneakselisto.com - Verkkokauppa","breadcrumb":{"@id":"https:\/\/veneakselisto.com\/kauppa\/tuote\/siipipyora-volvo-penta-d40-d61-d62-d70-d71-d100-d102-d120-d121-d122\/#breadcrumb"},"inLanguage":"fi","potentialAction":[{"@type":"ReadAction","target":["https:\/\/veneakselisto.com\/kauppa\/tuote\/siipipyora-volvo-penta-d40-d61-d62-d70-d71-d100-d102-d120-d121-d122\/"]}]},{"@type":"ImageObject","inLanguage":"fi","@id":"https:\/\/veneakselisto.com\/kauppa\/tuote\/siipipyora-volvo-penta-d40-d61-d62-d70-d71-d100-d102-d120-d121-d122\/#primaryimage","url":"https:\/\/i0.wp.com\/veneakselisto.com\/kauppa\/wp-content\/uploads\/2017\/01\/OT-2-15660.jpg?fit=700%2C699&ssl=1","contentUrl":"https:\/\/i0.wp.com\/veneakselisto.com\/kauppa\/wp-content\/uploads\/2017\/01\/OT-2-15660.jpg?fit=700%2C699&ssl=1","width":700,"height":699,"caption":"Volvo Penta Siipipy\u00f6r\u00e4t Veneakselisto.com verkkokaupasta"},{"@type":"BreadcrumbList","@id":"https:\/\/veneakselisto.com\/kauppa\/tuote\/siipipyora-volvo-penta-d40-d61-d62-d70-d71-d100-d102-d120-d121-d122\/#breadcrumb","itemListElement":[{"@type":"ListItem","position":1,"name":"Etusivu","item":"https:\/\/veneakselisto.com\/kauppa\/"},{"@type":"ListItem","position":2,"name":"Kauppa","item":"https:\/\/veneakselisto.com\/kauppa\/"},{"@type":"ListItem","position":3,"name":"Siipipy\u00f6r\u00e4 Volvo Penta D40, D61, D62, D70, D71, D100, D102, D120, D121, D122"}]},{"@type":"WebSite","@id":"https:\/\/veneakselisto.com\/kauppa\/#website","url":"https:\/\/veneakselisto.com\/kauppa\/","name":"Veneakselisto.com - verkkokauppa","description":"Venetarvikkeiden maahantuonti ja myynti","publisher":{"@id":"https:\/\/veneakselisto.com\/kauppa\/#organization"},"potentialAction":[{"@type":"SearchAction","target":{"@type":"EntryPoint","urlTemplate":"https:\/\/veneakselisto.com\/kauppa\/?s={search_term_string}"},"query-input":{"@type":"PropertyValueSpecification","valueRequired":true,"valueName":"search_term_string"}}],"inLanguage":"fi"},{"@type":"Organization","@id":"https:\/\/veneakselisto.com\/kauppa\/#organization","name":"Veneakselisto.com verkkokauppa","url":"https:\/\/veneakselisto.com\/kauppa\/","logo":{"@type":"ImageObject","inLanguage":"fi","@id":"https:\/\/veneakselisto.com\/kauppa\/#\/schema\/logo\/image\/","url":"https:\/\/i2.wp.com\/veneakselisto.com\/kauppa\/wp-content\/uploads\/2016\/06\/fb_icon.jpg?fit=327%2C327&ssl=1","contentUrl":"https:\/\/i2.wp.com\/veneakselisto.com\/kauppa\/wp-content\/uploads\/2016\/06\/fb_icon.jpg?fit=327%2C327&ssl=1","width":327,"height":327,"caption":"Veneakselisto.com verkkokauppa"},"image":{"@id":"https:\/\/veneakselisto.com\/kauppa\/#\/schema\/logo\/image\/"},"sameAs":["https:\/\/www.facebook.com\/AlaMikkula\/"]}]}},"jetpack_publicize_connections":[],"jetpack_sharing_enabled":true,"_links":{"self":[{"href":"https:\/\/veneakselisto.com\/kauppa\/wp-json\/wp\/v2\/product\/1212","targetHints":{"allow":["GET"]}}],"collection":[{"href":"https:\/\/veneakselisto.com\/kauppa\/wp-json\/wp\/v2\/product"}],"about":[{"href":"https:\/\/veneakselisto.com\/kauppa\/wp-json\/wp\/v2\/types\/product"}],"replies":[{"embeddable":true,"href":"https:\/\/veneakselisto.com\/kauppa\/wp-json\/wp\/v2\/comments?post=1212"}],"wp:featuredmedia":[{"embeddable":true,"href":"https:\/\/veneakselisto.com\/kauppa\/wp-json\/wp\/v2\/media\/1214"}],"wp:attachment":[{"href":"https:\/\/veneakselisto.com\/kauppa\/wp-json\/wp\/v2\/media?parent=1212"}],"wp:term":[{"taxonomy":"product_brand","embeddable":true,"href":"https:\/\/veneakselisto.com\/kauppa\/wp-json\/wp\/v2\/product_brand?post=1212"},{"taxonomy":"product_cat","embeddable":true,"href":"https:\/\/veneakselisto.com\/kauppa\/wp-json\/wp\/v2\/product_cat?post=1212"},{"taxonomy":"product_tag","embeddable":true,"href":"https:\/\/veneakselisto.com\/kauppa\/wp-json\/wp\/v2\/product_tag?post=1212"}],"curies":[{"name":"wp","href":"https:\/\/api.w.org\/{rel}","templated":true}]}}