{"id":12055,"date":"2021-11-11T11:12:57","date_gmt":"2021-11-11T09:12:57","guid":{"rendered":"https:\/\/veneakselisto.com\/kauppa\/?post_type=product&#038;p=12055"},"modified":"2025-04-16T09:04:47","modified_gmt":"2025-04-16T06:04:47","slug":"rd-7j7-vetolevy","status":"publish","type":"product","link":"https:\/\/veneakselisto.com\/kauppa\/tuote\/rd-7j7-vetolevy\/","title":{"rendered":"R&#038;D 7J7 Vetolevy"},"content":{"rendered":"<p>R&amp;D 7J7 Vetolevy<\/p>\n<p>-Rihlat 26 hammasta 20\/40 DP\u00a0 34,4mm<\/p>\n<p>-Halkaisija 180.8mm<\/p>\n<p>-Reik\u00e4jako 9 x 6.35mm on 167.4mm<\/p>\n<p>-Max v\u00e4\u00e4nt\u00f6momentti 405 Nm<\/p>\n<p>-Paksuus 36mm<\/p>\n<p>T\u00e4t\u00e4 vetolevy\u00e4 k\u00e4ytet\u00e4\u00e4 yleisesti esim. Perkins merimoottoreissa<\/p>\n<p>R&amp;D vetolevyiss\u00e4 joustoelementtin\u00e4 k\u00e4ytet\u00e4\u00e4n perinteisten jousien sijaan \u00f6ljynkest\u00e4v\u00e4st\u00e4 polyuretaanista valmistettua elementti\u00e4 joka ei ruostu eik\u00e4 ole herkk\u00e4 &#8220;r\u00e4min\u00e4lle&#8221; varsinkaan alhaisilla kierroksilla.<br \/>\nVetolevy valitaan vauhtipy\u00f6r\u00e4n kiinnityksen, merivaihteen sis\u00e4\u00e4ntuloakselin (rihla) sek\u00e4 moottorin v\u00e4\u00e4nt\u00f6momentin mukaan. Katso vetolevyn kiinnityspulttien mitat sek\u00e4 rihloitus ja v\u00e4\u00e4nt\u00f6momentti kohdasta lis\u00e4tiedot.<\/p>\n<p>Vetolevyn teht\u00e4v\u00e4n\u00e4 on v\u00e4litt\u00e4\u00e4 moottorin voima vauhtipy\u00f6r\u00e4st\u00e4 merivaihteelle. Merimoottoreissa k\u00e4ytet\u00e4\u00e4n yleisesti Vetolevy\u00e4 joissa joustoelementti ja joka v\u00e4hent\u00e4\u00e4 moottorista tulevaa v\u00e4\u00e4nt\u00f6v\u00e4r\u00e4htely\u00e4 ja siit\u00e4 syntyv\u00e4\u00e4 \u00e4\u00e4nt\u00e4. Vetolevy suojaa siis my\u00f6s vaihteiston akselia nopeilta suunnanvaihdoilta.<\/p>\n<p>&nbsp;<\/p>\n<p>&nbsp;<\/p>\n<p>&nbsp;<\/p>\n","protected":false},"excerpt":{"rendered":"<p>R&amp;D 7J7 Vetolevy<\/p>\n<p>-Rihlat 26 hammasta 20\/40 DP\u00a0 34,4mm<\/p>\n<p>-Halkaisija 180.8mm<\/p>\n<p>-Reik\u00e4jako 9 x 6.35mm on 167.4mm<\/p>\n<p>-Max v\u00e4\u00e4nt\u00f6momentti 405 Nm<\/p>\n<p>-Paksuus 36mm<\/p>\n<p>Verkkokauppatuote, toimitus aika normaalisti 1-5pv.<\/p>\n","protected":false},"featured_media":12053,"comment_status":"open","ping_status":"closed","template":"","meta":{"jetpack_post_was_ever_published":false,"jetpack_publicize_message":"","jetpack_publicize_feature_enabled":true,"jetpack_social_post_already_shared":true,"jetpack_social_options":{"image_generator_settings":{"template":"highway","default_image_id":0,"font":"","enabled":false},"version":2}},"product_brand":[],"product_cat":[1070,250,1186],"product_tag":[450,1073,1087],"class_list":{"0":"post-12055","1":"product","2":"type-product","3":"status-publish","4":"has-post-thumbnail","6":"product_cat-merikytkin-technodrive-kbw21","7":"product_cat-moottoreiden-huolto-osat","8":"product_cat-merikytkin-vetolevy","9":"product_tag-merikytkin","10":"product_tag-merivaihde","11":"product_tag-vetolevy","13":"first","14":"instock","15":"sale","16":"taxable","17":"shipping-taxable","18":"purchasable","19":"product-type-simple"},"yoast_head":"<!-- This site is optimized with the Yoast SEO plugin v27.4 - https:\/\/yoast.com\/product\/yoast-seo-wordpress\/ -->\n<title>R&amp;D 7J7 Vetolevy Veneakselisto.com - verkkokauppa<\/title>\n<meta name=\"description\" content=\"R&amp;D 7J7 Vetolevy-Vetolevyt toimittaa Veneakselisto.com-Venetarvikkeiden erikoisliike-verkkokauppa-R&amp;D vetolevy\" \/>\n<meta name=\"robots\" content=\"index, follow, max-snippet:-1, max-image-preview:large, max-video-preview:-1\" \/>\n<link rel=\"canonical\" href=\"https:\/\/veneakselisto.com\/kauppa\/tuote\/rd-7j7-vetolevy\/\" \/>\n<meta property=\"og:locale\" content=\"fi_FI\" \/>\n<meta property=\"og:type\" content=\"article\" \/>\n<meta property=\"og:title\" content=\"R&amp;D 7J7 Vetolevy Veneakselisto.com - verkkokauppa\" \/>\n<meta property=\"og:description\" content=\"R&amp;D 7J7 Vetolevy-Vetolevyt toimittaa Veneakselisto.com-Venetarvikkeiden erikoisliike-verkkokauppa-R&amp;D vetolevy\" \/>\n<meta property=\"og:url\" content=\"https:\/\/veneakselisto.com\/kauppa\/tuote\/rd-7j7-vetolevy\/\" \/>\n<meta property=\"og:site_name\" content=\"Veneakselisto.com - verkkokauppa\" \/>\n<meta property=\"article:publisher\" content=\"https:\/\/www.facebook.com\/AlaMikkula\/\" \/>\n<meta property=\"article:modified_time\" content=\"2025-04-16T06:04:47+00:00\" \/>\n<meta property=\"og:image\" content=\"https:\/\/veneakselisto.com\/kauppa\/wp-content\/uploads\/2021\/11\/6N6.jpg\" \/>\n\t<meta property=\"og:image:width\" content=\"500\" \/>\n\t<meta property=\"og:image:height\" content=\"500\" \/>\n\t<meta property=\"og:image:type\" content=\"image\/jpeg\" \/>\n<meta name=\"twitter:card\" content=\"summary_large_image\" \/>\n<meta name=\"twitter:label1\" content=\"Arvioitu lukuaika\" \/>\n\t<meta name=\"twitter:data1\" content=\"1 minuutti\" \/>\n<script type=\"application\/ld+json\" class=\"yoast-schema-graph\">{\"@context\":\"https:\\\/\\\/schema.org\",\"@graph\":[{\"@type\":\"WebPage\",\"@id\":\"https:\\\/\\\/veneakselisto.com\\\/kauppa\\\/tuote\\\/rd-7j7-vetolevy\\\/\",\"url\":\"https:\\\/\\\/veneakselisto.com\\\/kauppa\\\/tuote\\\/rd-7j7-vetolevy\\\/\",\"name\":\"R&D 7J7 Vetolevy Veneakselisto.com - verkkokauppa\",\"isPartOf\":{\"@id\":\"https:\\\/\\\/veneakselisto.com\\\/kauppa\\\/#website\"},\"primaryImageOfPage\":{\"@id\":\"https:\\\/\\\/veneakselisto.com\\\/kauppa\\\/tuote\\\/rd-7j7-vetolevy\\\/#primaryimage\"},\"image\":{\"@id\":\"https:\\\/\\\/veneakselisto.com\\\/kauppa\\\/tuote\\\/rd-7j7-vetolevy\\\/#primaryimage\"},\"thumbnailUrl\":\"https:\\\/\\\/i0.wp.com\\\/veneakselisto.com\\\/kauppa\\\/wp-content\\\/uploads\\\/2021\\\/11\\\/6N6.jpg?fit=500%2C500&ssl=1\",\"datePublished\":\"2021-11-11T09:12:57+00:00\",\"dateModified\":\"2025-04-16T06:04:47+00:00\",\"description\":\"R&D 7J7 Vetolevy-Vetolevyt toimittaa Veneakselisto.com-Venetarvikkeiden erikoisliike-verkkokauppa-R&D vetolevy\",\"breadcrumb\":{\"@id\":\"https:\\\/\\\/veneakselisto.com\\\/kauppa\\\/tuote\\\/rd-7j7-vetolevy\\\/#breadcrumb\"},\"inLanguage\":\"fi\",\"potentialAction\":[{\"@type\":\"ReadAction\",\"target\":[\"https:\\\/\\\/veneakselisto.com\\\/kauppa\\\/tuote\\\/rd-7j7-vetolevy\\\/\"]}]},{\"@type\":\"ImageObject\",\"inLanguage\":\"fi\",\"@id\":\"https:\\\/\\\/veneakselisto.com\\\/kauppa\\\/tuote\\\/rd-7j7-vetolevy\\\/#primaryimage\",\"url\":\"https:\\\/\\\/i0.wp.com\\\/veneakselisto.com\\\/kauppa\\\/wp-content\\\/uploads\\\/2021\\\/11\\\/6N6.jpg?fit=500%2C500&ssl=1\",\"contentUrl\":\"https:\\\/\\\/i0.wp.com\\\/veneakselisto.com\\\/kauppa\\\/wp-content\\\/uploads\\\/2021\\\/11\\\/6N6.jpg?fit=500%2C500&ssl=1\",\"width\":500,\"height\":500,\"caption\":\"6N6 R&D vetolevyt toimittaa venetarvikkeien erikoisliike-Veneakselisto.com\"},{\"@type\":\"BreadcrumbList\",\"@id\":\"https:\\\/\\\/veneakselisto.com\\\/kauppa\\\/tuote\\\/rd-7j7-vetolevy\\\/#breadcrumb\",\"itemListElement\":[{\"@type\":\"ListItem\",\"position\":1,\"name\":\"Etusivu\",\"item\":\"https:\\\/\\\/veneakselisto.com\\\/kauppa\\\/\"},{\"@type\":\"ListItem\",\"position\":2,\"name\":\"Kauppa\",\"item\":\"https:\\\/\\\/veneakselisto.com\\\/kauppa\\\/\"},{\"@type\":\"ListItem\",\"position\":3,\"name\":\"R&#038;D 7J7 Vetolevy\"}]},{\"@type\":\"WebSite\",\"@id\":\"https:\\\/\\\/veneakselisto.com\\\/kauppa\\\/#website\",\"url\":\"https:\\\/\\\/veneakselisto.com\\\/kauppa\\\/\",\"name\":\"Veneakselisto.com - verkkokauppa\",\"description\":\"Venetarvikkeiden maahantuonti ja myynti\",\"publisher\":{\"@id\":\"https:\\\/\\\/veneakselisto.com\\\/kauppa\\\/#organization\"},\"potentialAction\":[{\"@type\":\"SearchAction\",\"target\":{\"@type\":\"EntryPoint\",\"urlTemplate\":\"https:\\\/\\\/veneakselisto.com\\\/kauppa\\\/?s={search_term_string}\"},\"query-input\":{\"@type\":\"PropertyValueSpecification\",\"valueRequired\":true,\"valueName\":\"search_term_string\"}}],\"inLanguage\":\"fi\"},{\"@type\":\"Organization\",\"@id\":\"https:\\\/\\\/veneakselisto.com\\\/kauppa\\\/#organization\",\"name\":\"Veneakselisto.com verkkokauppa\",\"url\":\"https:\\\/\\\/veneakselisto.com\\\/kauppa\\\/\",\"logo\":{\"@type\":\"ImageObject\",\"inLanguage\":\"fi\",\"@id\":\"https:\\\/\\\/veneakselisto.com\\\/kauppa\\\/#\\\/schema\\\/logo\\\/image\\\/\",\"url\":\"https:\\\/\\\/i2.wp.com\\\/veneakselisto.com\\\/kauppa\\\/wp-content\\\/uploads\\\/2016\\\/06\\\/fb_icon.jpg?fit=327%2C327&ssl=1\",\"contentUrl\":\"https:\\\/\\\/i2.wp.com\\\/veneakselisto.com\\\/kauppa\\\/wp-content\\\/uploads\\\/2016\\\/06\\\/fb_icon.jpg?fit=327%2C327&ssl=1\",\"width\":327,\"height\":327,\"caption\":\"Veneakselisto.com verkkokauppa\"},\"image\":{\"@id\":\"https:\\\/\\\/veneakselisto.com\\\/kauppa\\\/#\\\/schema\\\/logo\\\/image\\\/\"},\"sameAs\":[\"https:\\\/\\\/www.facebook.com\\\/AlaMikkula\\\/\"]}]}<\/script>\n<!-- \/ Yoast SEO plugin. -->","yoast_head_json":{"title":"R&D 7J7 Vetolevy Veneakselisto.com - verkkokauppa","description":"R&D 7J7 Vetolevy-Vetolevyt toimittaa Veneakselisto.com-Venetarvikkeiden erikoisliike-verkkokauppa-R&D vetolevy","robots":{"index":"index","follow":"follow","max-snippet":"max-snippet:-1","max-image-preview":"max-image-preview:large","max-video-preview":"max-video-preview:-1"},"canonical":"https:\/\/veneakselisto.com\/kauppa\/tuote\/rd-7j7-vetolevy\/","og_locale":"fi_FI","og_type":"article","og_title":"R&D 7J7 Vetolevy Veneakselisto.com - verkkokauppa","og_description":"R&D 7J7 Vetolevy-Vetolevyt toimittaa Veneakselisto.com-Venetarvikkeiden erikoisliike-verkkokauppa-R&D vetolevy","og_url":"https:\/\/veneakselisto.com\/kauppa\/tuote\/rd-7j7-vetolevy\/","og_site_name":"Veneakselisto.com - verkkokauppa","article_publisher":"https:\/\/www.facebook.com\/AlaMikkula\/","article_modified_time":"2025-04-16T06:04:47+00:00","og_image":[{"width":500,"height":500,"url":"https:\/\/veneakselisto.com\/kauppa\/wp-content\/uploads\/2021\/11\/6N6.jpg","type":"image\/jpeg"}],"twitter_card":"summary_large_image","twitter_misc":{"Arvioitu lukuaika":"1 minuutti"},"schema":{"@context":"https:\/\/schema.org","@graph":[{"@type":"WebPage","@id":"https:\/\/veneakselisto.com\/kauppa\/tuote\/rd-7j7-vetolevy\/","url":"https:\/\/veneakselisto.com\/kauppa\/tuote\/rd-7j7-vetolevy\/","name":"R&D 7J7 Vetolevy Veneakselisto.com - verkkokauppa","isPartOf":{"@id":"https:\/\/veneakselisto.com\/kauppa\/#website"},"primaryImageOfPage":{"@id":"https:\/\/veneakselisto.com\/kauppa\/tuote\/rd-7j7-vetolevy\/#primaryimage"},"image":{"@id":"https:\/\/veneakselisto.com\/kauppa\/tuote\/rd-7j7-vetolevy\/#primaryimage"},"thumbnailUrl":"https:\/\/i0.wp.com\/veneakselisto.com\/kauppa\/wp-content\/uploads\/2021\/11\/6N6.jpg?fit=500%2C500&ssl=1","datePublished":"2021-11-11T09:12:57+00:00","dateModified":"2025-04-16T06:04:47+00:00","description":"R&D 7J7 Vetolevy-Vetolevyt toimittaa Veneakselisto.com-Venetarvikkeiden erikoisliike-verkkokauppa-R&D vetolevy","breadcrumb":{"@id":"https:\/\/veneakselisto.com\/kauppa\/tuote\/rd-7j7-vetolevy\/#breadcrumb"},"inLanguage":"fi","potentialAction":[{"@type":"ReadAction","target":["https:\/\/veneakselisto.com\/kauppa\/tuote\/rd-7j7-vetolevy\/"]}]},{"@type":"ImageObject","inLanguage":"fi","@id":"https:\/\/veneakselisto.com\/kauppa\/tuote\/rd-7j7-vetolevy\/#primaryimage","url":"https:\/\/i0.wp.com\/veneakselisto.com\/kauppa\/wp-content\/uploads\/2021\/11\/6N6.jpg?fit=500%2C500&ssl=1","contentUrl":"https:\/\/i0.wp.com\/veneakselisto.com\/kauppa\/wp-content\/uploads\/2021\/11\/6N6.jpg?fit=500%2C500&ssl=1","width":500,"height":500,"caption":"6N6 R&D vetolevyt toimittaa venetarvikkeien erikoisliike-Veneakselisto.com"},{"@type":"BreadcrumbList","@id":"https:\/\/veneakselisto.com\/kauppa\/tuote\/rd-7j7-vetolevy\/#breadcrumb","itemListElement":[{"@type":"ListItem","position":1,"name":"Etusivu","item":"https:\/\/veneakselisto.com\/kauppa\/"},{"@type":"ListItem","position":2,"name":"Kauppa","item":"https:\/\/veneakselisto.com\/kauppa\/"},{"@type":"ListItem","position":3,"name":"R&#038;D 7J7 Vetolevy"}]},{"@type":"WebSite","@id":"https:\/\/veneakselisto.com\/kauppa\/#website","url":"https:\/\/veneakselisto.com\/kauppa\/","name":"Veneakselisto.com - verkkokauppa","description":"Venetarvikkeiden maahantuonti ja myynti","publisher":{"@id":"https:\/\/veneakselisto.com\/kauppa\/#organization"},"potentialAction":[{"@type":"SearchAction","target":{"@type":"EntryPoint","urlTemplate":"https:\/\/veneakselisto.com\/kauppa\/?s={search_term_string}"},"query-input":{"@type":"PropertyValueSpecification","valueRequired":true,"valueName":"search_term_string"}}],"inLanguage":"fi"},{"@type":"Organization","@id":"https:\/\/veneakselisto.com\/kauppa\/#organization","name":"Veneakselisto.com verkkokauppa","url":"https:\/\/veneakselisto.com\/kauppa\/","logo":{"@type":"ImageObject","inLanguage":"fi","@id":"https:\/\/veneakselisto.com\/kauppa\/#\/schema\/logo\/image\/","url":"https:\/\/i2.wp.com\/veneakselisto.com\/kauppa\/wp-content\/uploads\/2016\/06\/fb_icon.jpg?fit=327%2C327&ssl=1","contentUrl":"https:\/\/i2.wp.com\/veneakselisto.com\/kauppa\/wp-content\/uploads\/2016\/06\/fb_icon.jpg?fit=327%2C327&ssl=1","width":327,"height":327,"caption":"Veneakselisto.com verkkokauppa"},"image":{"@id":"https:\/\/veneakselisto.com\/kauppa\/#\/schema\/logo\/image\/"},"sameAs":["https:\/\/www.facebook.com\/AlaMikkula\/"]}]}},"jetpack_publicize_connections":[],"jetpack_sharing_enabled":true,"_links":{"self":[{"href":"https:\/\/veneakselisto.com\/kauppa\/wp-json\/wp\/v2\/product\/12055","targetHints":{"allow":["GET"]}}],"collection":[{"href":"https:\/\/veneakselisto.com\/kauppa\/wp-json\/wp\/v2\/product"}],"about":[{"href":"https:\/\/veneakselisto.com\/kauppa\/wp-json\/wp\/v2\/types\/product"}],"replies":[{"embeddable":true,"href":"https:\/\/veneakselisto.com\/kauppa\/wp-json\/wp\/v2\/comments?post=12055"}],"wp:featuredmedia":[{"embeddable":true,"href":"https:\/\/veneakselisto.com\/kauppa\/wp-json\/wp\/v2\/media\/12053"}],"wp:attachment":[{"href":"https:\/\/veneakselisto.com\/kauppa\/wp-json\/wp\/v2\/media?parent=12055"}],"wp:term":[{"taxonomy":"product_brand","embeddable":true,"href":"https:\/\/veneakselisto.com\/kauppa\/wp-json\/wp\/v2\/product_brand?post=12055"},{"taxonomy":"product_cat","embeddable":true,"href":"https:\/\/veneakselisto.com\/kauppa\/wp-json\/wp\/v2\/product_cat?post=12055"},{"taxonomy":"product_tag","embeddable":true,"href":"https:\/\/veneakselisto.com\/kauppa\/wp-json\/wp\/v2\/product_tag?post=12055"}],"curies":[{"name":"wp","href":"https:\/\/api.w.org\/{rel}","templated":true}]}}