{"id":1200,"date":"2017-01-05T15:07:08","date_gmt":"2017-01-05T13:07:08","guid":{"rendered":"https:\/\/veneakselisto.com\/kauppa\/tuote\/siipipyora-volvo-penta-d3\/"},"modified":"2025-10-01T14:59:00","modified_gmt":"2025-10-01T11:59:00","slug":"siipipyora-volvo-penta-d3","status":"publish","type":"product","link":"https:\/\/veneakselisto.com\/kauppa\/tuote\/siipipyora-volvo-penta-d3\/","title":{"rendered":"Siipipy\u00f6r\u00e4 Volvo penta D3-3.0-V6-V8"},"content":{"rendered":"<div class=\"wpb-content-wrapper\"><p>Siipipy\u00f6r\u00e4 Volvo penta D3-3.0-V6-V8<\/p>\n<p>OEM nr: 22307636, 21951352, 21381693, 21951354, 21212794, 21213664, 3842786, 3593660<\/p>\n<p>Sopivuus:<\/p>\n<p>D=57mm, H=48mm,<\/p>\n<p><strong>D3, 3.0, V6, V8<\/strong><\/p>\n<p>D3-110I-A, D3-110I-B, D3-110I-C, D3-110I-D, D3-110I-E, D3-110I-F, D3-110I-G, D3-110I-H<\/p>\n<p>D3-130A-A, D3-130A-B, D3-130A-C, D3-130I-A, D3-130I-B, D3-130I-C<\/p>\n<p>D3-140A-D, D3-140A-E, D3-140A-F, D3-140A-G, D3-140A-H,\u00a0D3-140I-D, D3-140I-E, D3-140I-F, D3-140I-G, D3-140I-H<\/p>\n<p>D3-150I-D, D3-150I-E, D3-150I-F, D3-150I-G, D3-150I-H<\/p>\n<p>D3-160A-A, D3-160A-B, D3-160A-C, D3-160I-A, D3-160I-B,\u00a0D3-160I-C<\/p>\n<p>D3-170A-D, D3-170A-E, D3-170A-F, D3-170A-G, D3-170A-H, D3-170I-D, D3-170I-E, D3-170I-F, D3-170I-G, D3-170I-H<\/p>\n<p>D3-190A-B, D3-190A-C, D3-190I-A, D3-190I-B,\u00a0D3-190I-C<\/p>\n<p>D3-200A-D, D3-200A-E, D3-200A-F, D3-200A-G, D3-200A-H, D3-200I-D, D3-200I-E, D3-200I-F, D3-200I-G, D3-200I-H<\/p>\n<p>D3-220A-D, D3-220A-E, D3-220A-F, D3-220A-G, D3-220A-H, D3-220I-D, D3-220I-E, D3-220I-F, D3-220I-G, D3-220I-H<\/p>\n<p>&nbsp;<\/p>\n<p>&nbsp;<\/p>\n<p>3.0GLP-D, 3.0GLP-E, 3.0GLP-J, 3.0GLP-N, 3.0GXi-J, 3.0GXiC-J<\/p>\n<p>V6-200-A, V6-225-A, V6-225-E-A<\/p>\n<p>4.3GL-E, 4.3GL-EF, 4.3GL-G, 4.3GL-GF, 4.3GL-J, 4.3GL-JF, 4.3GL-P, 4.3Gi-200-R, 4.3GXi-225-R, 4.3GXi-225-S, 4.3GXiE-225-R, 4.3GXiE-225-S, 4.3GXi-F, 4.3GXi-FF, 4.3GXi-G, 4.3GXi-GF, 4.3GXi-J, 4.3GXi-JF, 4.3GXi-P, 4.3GXi-Q, 4.3GXiE-M, 4.3GXiE-P, 4.3GXiE-Q, 4.3OSi-F, 4.3OSi-FF, 4.3OSi-G, 4.3OSi-GF, 4.3OSi-J, 4.3OSi-JF<\/p>\n<p>V8-225-C-A, V8-225-C-B, V8-225-CE-A, V8-225-CE-B<\/p>\n<p>V8-270-A, V8-270-B, V8-270-C-A, V8-270-C-B, V8-270-CE-A, V8-270-CE-B, V8-270-E-A, V8-270-E-B<\/p>\n<p>V8-300-A, V8-300-B, V8-300-C-A, V8-300-C-B, V8-300-CE-A, V8-300-CE-B, V8-300-E-A, V8-300-E-B<\/p>\n<p>V8-320-A, V8-320-B, V8-320-C-A, V8-320-C-B, V8-320-E-A, V8-320-E-B<\/p>\n<p>V8-380-C-B, V8-380-CE-A<\/p>\n<p>5.0GL-F, 5.0GL-FF, 5.0GL-H, 5.0GL-HF, 5.0GL-H, 5.0GL-J, 5.0GL-H, 5.0GL-JF, 5.0GiC-J, 5.0GiC-225-S, 5.0GXi-270-R, 5.0GXi-F, 5.0GXi-FF, 5.0GXi-G, 5.0GXi-GF, 5.0GXi-J, 5.0GXi-JF, 5.0GXi-N, 5.0GXi-P, 5.0GXiC-270-R, 5.0GXiC-J, 5.0GXiC-JF, 5.0GXiC-P, 5.0GXiCE-270-R, 5.0GXiCE-J, 5.0GXiCE-JF, 5.0GiCE-M, 5.0GiCE-MF, 5.0GiCE-P, 5.0GXiE-270-R, 5.0GXiE-J, 5.0GXiE-JF, 5.0GXiE-K, 5.0GXiE-KF, 5.0GXiE-M, 5.0GXiE-MF, 5.0GXiE-N, 5.0GXiE-P, 5.0OSi-F, 5.0OSi-FF, 5.0OSi-G, 5.0OSI-GF, 5.0OSi-J, 5.0OSi-JF, 5.0OSiE-J, 5.0OSiE-JF<\/p>\n<p>5.7Gi-300-J, 5.7Gi-300-JF, 5.7Gi-300-N, 5.7Gi-300-P, 5.7Gi-300-R, 5.7Gi-F, 5.7Gi-FF, 5.7Gi-G, 5.7Gi-GF, .7GiC-300-J, 5.7GiC-300-JF, 5.7GiC-300-P, 5.7GiC-300-R, 5.7GiCE-300-J, 5.7GiCE-300-JF, 5.7GiCE-300-M, 5.7GiCE-300-MF, 5.7GiCE-300-J, 5.7GiCE-300-JF, 5.7GiCE-300-K, 5.7GiCE-300-M, 5.7GiCE-300-N, 5.7GiCE-300-P, 5.7GiCE-300-R, 5.7GiL-F, 5.7GiL-G, 5.7GXi-320-R, 5.7GXi-G, 5.7GXi-GF, 5.7GXi-H, 5.7GXi-HF, 5.7GXi-J, 5.7GXi-JF, 5.7GXi-N, 5.7GXi-P, 5.7GXiC-320-R, 5.7GXiC-J, 5.7GXiC-JF, 5.7GXiC-P, 5.7GXiCE-320-R, 5.7GXiCE-J, 5.7GXiCE-JF, 5.7GXiCE-M, 5.7GXiCE-P, 5.7GXiE-320-R, 5.7GXiE-J, 5.7GXiE-JF, 5.7GXiE-K, 5.7GXiE-KF, 5.7GXiE-M, 5.7GXiE-MF, 5.7GXiE-N, 5.7GXiE-P, 5.7GXiL-G, 5.7GXiL-H, 5.7OSi-300-J, 5.7OSi-300-JF, 5.7OSi-G, 5.7OSi-GF, 5.7OSiE-300-J, 5.7OSiE-300-JF, 5.7OSXi-E, 5.7OSXi-EF, 5.7OSXi-G, 5.7OSXi-GF, 5.7OSXi-J, 5.7OSXi-JF, 5.7OSXiE-J, 5.7OSXiE-JF<\/p>\n<p>8.1Gi-G, 8.1Gi-GF, 8.1Gi-H, 8.1Gi-HF, 8.1Gi-J, 8.1Gi-JF, 8.1GiC-J, 8.1GiC-JF, 8.1GiC-Q, 8.1GiCE-J, 8.1GiCE-JF, 8.1GiCE-M. 8.1GiCE-P, 8.1GiCE-Q, 8.1GiE-J, 8.1GiE-JF, 8.1GiE-K, 8.1GiE-KF, 8.1GiE-M, 8.1GiE-MF, 8.1GiE-P, 8.1GiL-G, 8.1GiL-H, 8.1GXi-G, 8.1GXi-GF, 8.1GXi-F, 8.1GXi-FF, 8.1GXi-J, 8.1GXi-JF, 8.1GXiE-J, 8.1GXiE-JF, 8.1GXiE-K, 8.1GXiE-KF, 8.1GXiE-M, 8.1GXiE-P, 8.1GXiL-F, 8.1GXiL-G, 8.1IPCE-JF, 8.1IPCE-MF, 8.1IPCE-P, 8.1IPCE-Q, 8.1IPSE-JF, 8.1IPSE-KF, 8.1OSi-C, 8.1OSi-CF, 8.1OSi-D, 8.1OSi-DF, 8.1OSi-J, 8.1OSi-JF, 8.1OSiE-J, 8.1OSiE-JF,<\/p>\n<p>&nbsp;<\/p>\n<p>Impeller 57 mm H = 48 mm<\/p>\n<p>Med splines \/ With splines \/ Rihloilla<\/p>\n<p>Volvo Penta merimoottorit.<\/p>\n<p>[\/vc_column_text][\/vc_column][\/vc_row][vc_row][vc_column][vc_column_text]Todella laadukkaat ja edulliset Orbitrade Marine Volvo Penta siipipy\u00f6r\u00e4t.<\/p>\n<p>Valmistuumaa Ruotsi.[\/vc_column_text][\/vc_column][\/vc_row]<\/p>\n<p>Siipipy\u00f6r\u00e4 Volvo penta D3-3.0-V6-V8<\/p>\n<\/div>","protected":false},"excerpt":{"rendered":"<p>Siipipy\u00f6r\u00e4 Volvo penta D3-3.0-V6-V8<\/p>\n<p>Volvo Penta siipipy\u00f6r\u00e4<\/p>\n<p>D=57mm, H=48mm<\/p>\n<p>Tarkempi sopivuus alla<\/p>\n","protected":false},"featured_media":1201,"comment_status":"open","ping_status":"closed","template":"","meta":{"jetpack_post_was_ever_published":false,"jetpack_publicize_message":"","jetpack_publicize_feature_enabled":true,"jetpack_social_post_already_shared":true,"jetpack_social_options":{"image_generator_settings":{"template":"highway","default_image_id":0,"font":"","enabled":false},"version":2}},"product_brand":[],"product_cat":[736,282],"product_tag":[267,266,248,145,228],"class_list":{"0":"post-1200","1":"product","2":"type-product","3":"status-publish","4":"has-post-thumbnail","6":"product_cat-siipipyora_merimoottorin","7":"product_cat-siipipyorat-volvo-penta-houlto-osat","8":"product_tag-huolto-osat","9":"product_tag-orbitrade-marine","10":"product_tag-penta","11":"product_tag-siipipyora","12":"product_tag-volvo","13":"brand-orbitrade-marine","15":"first","16":"instock","17":"sale","18":"taxable","19":"shipping-taxable","20":"purchasable","21":"product-type-simple"},"yoast_head":"<!-- This site is optimized with the Yoast SEO plugin v27.4 - https:\/\/yoast.com\/product\/yoast-seo-wordpress\/ -->\n<title>Siipipy\u00f6r\u00e4 Volvo penta D3-3.0-V6-V8 - Veneakselisto.com - verkkokauppa<\/title>\n<meta name=\"description\" content=\"Siipipy\u00f6r\u00e4 Volvo penta D3-3.0-V6-V8. Tuotteen toimittaa aina edullinen Veneakselisto.com - Venetarvikkeiden maahantuonti ja myynti.\" \/>\n<meta name=\"robots\" content=\"index, follow, max-snippet:-1, max-image-preview:large, max-video-preview:-1\" \/>\n<link rel=\"canonical\" href=\"https:\/\/veneakselisto.com\/kauppa\/tuote\/siipipyora-volvo-penta-d3\/\" \/>\n<meta property=\"og:locale\" content=\"fi_FI\" \/>\n<meta property=\"og:type\" content=\"article\" \/>\n<meta property=\"og:title\" content=\"Siipipy\u00f6r\u00e4 Volvo penta D3-3.0-V6-V8 - Veneakselisto.com - verkkokauppa\" \/>\n<meta property=\"og:description\" content=\"Siipipy\u00f6r\u00e4 Volvo penta D3-3.0-V6-V8. Tuotteen toimittaa aina edullinen Veneakselisto.com - Venetarvikkeiden maahantuonti ja myynti.\" \/>\n<meta property=\"og:url\" content=\"https:\/\/veneakselisto.com\/kauppa\/tuote\/siipipyora-volvo-penta-d3\/\" \/>\n<meta property=\"og:site_name\" content=\"Veneakselisto.com - verkkokauppa\" \/>\n<meta property=\"article:publisher\" content=\"https:\/\/www.facebook.com\/AlaMikkula\/\" \/>\n<meta property=\"article:modified_time\" content=\"2025-10-01T11:59:00+00:00\" \/>\n<meta property=\"og:image\" content=\"https:\/\/veneakselisto.com\/kauppa\/wp-content\/uploads\/2017\/01\/OT-2-15662.jpg\" \/>\n\t<meta property=\"og:image:width\" content=\"700\" \/>\n\t<meta property=\"og:image:height\" content=\"700\" \/>\n\t<meta property=\"og:image:type\" content=\"image\/jpeg\" \/>\n<meta name=\"twitter:card\" content=\"summary_large_image\" \/>\n<meta name=\"twitter:label1\" content=\"Arvioitu lukuaika\" \/>\n\t<meta name=\"twitter:data1\" content=\"3 minuuttia\" \/>\n<script type=\"application\/ld+json\" class=\"yoast-schema-graph\">{\"@context\":\"https:\\\/\\\/schema.org\",\"@graph\":[{\"@type\":\"WebPage\",\"@id\":\"https:\\\/\\\/veneakselisto.com\\\/kauppa\\\/tuote\\\/siipipyora-volvo-penta-d3\\\/\",\"url\":\"https:\\\/\\\/veneakselisto.com\\\/kauppa\\\/tuote\\\/siipipyora-volvo-penta-d3\\\/\",\"name\":\"Siipipy\u00f6r\u00e4 Volvo penta D3-3.0-V6-V8 - Veneakselisto.com - verkkokauppa\",\"isPartOf\":{\"@id\":\"https:\\\/\\\/veneakselisto.com\\\/kauppa\\\/#website\"},\"primaryImageOfPage\":{\"@id\":\"https:\\\/\\\/veneakselisto.com\\\/kauppa\\\/tuote\\\/siipipyora-volvo-penta-d3\\\/#primaryimage\"},\"image\":{\"@id\":\"https:\\\/\\\/veneakselisto.com\\\/kauppa\\\/tuote\\\/siipipyora-volvo-penta-d3\\\/#primaryimage\"},\"thumbnailUrl\":\"https:\\\/\\\/i0.wp.com\\\/veneakselisto.com\\\/kauppa\\\/wp-content\\\/uploads\\\/2017\\\/01\\\/OT-2-15662.jpg?fit=700%2C700&ssl=1\",\"datePublished\":\"2017-01-05T13:07:08+00:00\",\"dateModified\":\"2025-10-01T11:59:00+00:00\",\"description\":\"Siipipy\u00f6r\u00e4 Volvo penta D3-3.0-V6-V8. Tuotteen toimittaa aina edullinen Veneakselisto.com - Venetarvikkeiden maahantuonti ja myynti.\",\"breadcrumb\":{\"@id\":\"https:\\\/\\\/veneakselisto.com\\\/kauppa\\\/tuote\\\/siipipyora-volvo-penta-d3\\\/#breadcrumb\"},\"inLanguage\":\"fi\",\"potentialAction\":[{\"@type\":\"ReadAction\",\"target\":[\"https:\\\/\\\/veneakselisto.com\\\/kauppa\\\/tuote\\\/siipipyora-volvo-penta-d3\\\/\"]}]},{\"@type\":\"ImageObject\",\"inLanguage\":\"fi\",\"@id\":\"https:\\\/\\\/veneakselisto.com\\\/kauppa\\\/tuote\\\/siipipyora-volvo-penta-d3\\\/#primaryimage\",\"url\":\"https:\\\/\\\/i0.wp.com\\\/veneakselisto.com\\\/kauppa\\\/wp-content\\\/uploads\\\/2017\\\/01\\\/OT-2-15662.jpg?fit=700%2C700&ssl=1\",\"contentUrl\":\"https:\\\/\\\/i0.wp.com\\\/veneakselisto.com\\\/kauppa\\\/wp-content\\\/uploads\\\/2017\\\/01\\\/OT-2-15662.jpg?fit=700%2C700&ssl=1\",\"width\":700,\"height\":700,\"caption\":\"Volvo Penta Siipipy\u00f6r\u00e4t Veneakselisto.com verkkokaupasta\"},{\"@type\":\"BreadcrumbList\",\"@id\":\"https:\\\/\\\/veneakselisto.com\\\/kauppa\\\/tuote\\\/siipipyora-volvo-penta-d3\\\/#breadcrumb\",\"itemListElement\":[{\"@type\":\"ListItem\",\"position\":1,\"name\":\"Etusivu\",\"item\":\"https:\\\/\\\/veneakselisto.com\\\/kauppa\\\/\"},{\"@type\":\"ListItem\",\"position\":2,\"name\":\"Kauppa\",\"item\":\"https:\\\/\\\/veneakselisto.com\\\/kauppa\\\/\"},{\"@type\":\"ListItem\",\"position\":3,\"name\":\"Siipipy\u00f6r\u00e4 Volvo penta D3-3.0-V6-V8\"}]},{\"@type\":\"WebSite\",\"@id\":\"https:\\\/\\\/veneakselisto.com\\\/kauppa\\\/#website\",\"url\":\"https:\\\/\\\/veneakselisto.com\\\/kauppa\\\/\",\"name\":\"Veneakselisto.com - verkkokauppa\",\"description\":\"Venetarvikkeiden maahantuonti ja myynti\",\"publisher\":{\"@id\":\"https:\\\/\\\/veneakselisto.com\\\/kauppa\\\/#organization\"},\"potentialAction\":[{\"@type\":\"SearchAction\",\"target\":{\"@type\":\"EntryPoint\",\"urlTemplate\":\"https:\\\/\\\/veneakselisto.com\\\/kauppa\\\/?s={search_term_string}\"},\"query-input\":{\"@type\":\"PropertyValueSpecification\",\"valueRequired\":true,\"valueName\":\"search_term_string\"}}],\"inLanguage\":\"fi\"},{\"@type\":\"Organization\",\"@id\":\"https:\\\/\\\/veneakselisto.com\\\/kauppa\\\/#organization\",\"name\":\"Veneakselisto.com verkkokauppa\",\"url\":\"https:\\\/\\\/veneakselisto.com\\\/kauppa\\\/\",\"logo\":{\"@type\":\"ImageObject\",\"inLanguage\":\"fi\",\"@id\":\"https:\\\/\\\/veneakselisto.com\\\/kauppa\\\/#\\\/schema\\\/logo\\\/image\\\/\",\"url\":\"https:\\\/\\\/i2.wp.com\\\/veneakselisto.com\\\/kauppa\\\/wp-content\\\/uploads\\\/2016\\\/06\\\/fb_icon.jpg?fit=327%2C327&ssl=1\",\"contentUrl\":\"https:\\\/\\\/i2.wp.com\\\/veneakselisto.com\\\/kauppa\\\/wp-content\\\/uploads\\\/2016\\\/06\\\/fb_icon.jpg?fit=327%2C327&ssl=1\",\"width\":327,\"height\":327,\"caption\":\"Veneakselisto.com verkkokauppa\"},\"image\":{\"@id\":\"https:\\\/\\\/veneakselisto.com\\\/kauppa\\\/#\\\/schema\\\/logo\\\/image\\\/\"},\"sameAs\":[\"https:\\\/\\\/www.facebook.com\\\/AlaMikkula\\\/\"]}]}<\/script>\n<!-- \/ Yoast SEO plugin. -->","yoast_head_json":{"title":"Siipipy\u00f6r\u00e4 Volvo penta D3-3.0-V6-V8 - Veneakselisto.com - verkkokauppa","description":"Siipipy\u00f6r\u00e4 Volvo penta D3-3.0-V6-V8. Tuotteen toimittaa aina edullinen Veneakselisto.com - Venetarvikkeiden maahantuonti ja myynti.","robots":{"index":"index","follow":"follow","max-snippet":"max-snippet:-1","max-image-preview":"max-image-preview:large","max-video-preview":"max-video-preview:-1"},"canonical":"https:\/\/veneakselisto.com\/kauppa\/tuote\/siipipyora-volvo-penta-d3\/","og_locale":"fi_FI","og_type":"article","og_title":"Siipipy\u00f6r\u00e4 Volvo penta D3-3.0-V6-V8 - Veneakselisto.com - verkkokauppa","og_description":"Siipipy\u00f6r\u00e4 Volvo penta D3-3.0-V6-V8. Tuotteen toimittaa aina edullinen Veneakselisto.com - Venetarvikkeiden maahantuonti ja myynti.","og_url":"https:\/\/veneakselisto.com\/kauppa\/tuote\/siipipyora-volvo-penta-d3\/","og_site_name":"Veneakselisto.com - verkkokauppa","article_publisher":"https:\/\/www.facebook.com\/AlaMikkula\/","article_modified_time":"2025-10-01T11:59:00+00:00","og_image":[{"width":700,"height":700,"url":"https:\/\/veneakselisto.com\/kauppa\/wp-content\/uploads\/2017\/01\/OT-2-15662.jpg","type":"image\/jpeg"}],"twitter_card":"summary_large_image","twitter_misc":{"Arvioitu lukuaika":"3 minuuttia"},"schema":{"@context":"https:\/\/schema.org","@graph":[{"@type":"WebPage","@id":"https:\/\/veneakselisto.com\/kauppa\/tuote\/siipipyora-volvo-penta-d3\/","url":"https:\/\/veneakselisto.com\/kauppa\/tuote\/siipipyora-volvo-penta-d3\/","name":"Siipipy\u00f6r\u00e4 Volvo penta D3-3.0-V6-V8 - Veneakselisto.com - verkkokauppa","isPartOf":{"@id":"https:\/\/veneakselisto.com\/kauppa\/#website"},"primaryImageOfPage":{"@id":"https:\/\/veneakselisto.com\/kauppa\/tuote\/siipipyora-volvo-penta-d3\/#primaryimage"},"image":{"@id":"https:\/\/veneakselisto.com\/kauppa\/tuote\/siipipyora-volvo-penta-d3\/#primaryimage"},"thumbnailUrl":"https:\/\/i0.wp.com\/veneakselisto.com\/kauppa\/wp-content\/uploads\/2017\/01\/OT-2-15662.jpg?fit=700%2C700&ssl=1","datePublished":"2017-01-05T13:07:08+00:00","dateModified":"2025-10-01T11:59:00+00:00","description":"Siipipy\u00f6r\u00e4 Volvo penta D3-3.0-V6-V8. Tuotteen toimittaa aina edullinen Veneakselisto.com - Venetarvikkeiden maahantuonti ja myynti.","breadcrumb":{"@id":"https:\/\/veneakselisto.com\/kauppa\/tuote\/siipipyora-volvo-penta-d3\/#breadcrumb"},"inLanguage":"fi","potentialAction":[{"@type":"ReadAction","target":["https:\/\/veneakselisto.com\/kauppa\/tuote\/siipipyora-volvo-penta-d3\/"]}]},{"@type":"ImageObject","inLanguage":"fi","@id":"https:\/\/veneakselisto.com\/kauppa\/tuote\/siipipyora-volvo-penta-d3\/#primaryimage","url":"https:\/\/i0.wp.com\/veneakselisto.com\/kauppa\/wp-content\/uploads\/2017\/01\/OT-2-15662.jpg?fit=700%2C700&ssl=1","contentUrl":"https:\/\/i0.wp.com\/veneakselisto.com\/kauppa\/wp-content\/uploads\/2017\/01\/OT-2-15662.jpg?fit=700%2C700&ssl=1","width":700,"height":700,"caption":"Volvo Penta Siipipy\u00f6r\u00e4t Veneakselisto.com verkkokaupasta"},{"@type":"BreadcrumbList","@id":"https:\/\/veneakselisto.com\/kauppa\/tuote\/siipipyora-volvo-penta-d3\/#breadcrumb","itemListElement":[{"@type":"ListItem","position":1,"name":"Etusivu","item":"https:\/\/veneakselisto.com\/kauppa\/"},{"@type":"ListItem","position":2,"name":"Kauppa","item":"https:\/\/veneakselisto.com\/kauppa\/"},{"@type":"ListItem","position":3,"name":"Siipipy\u00f6r\u00e4 Volvo penta D3-3.0-V6-V8"}]},{"@type":"WebSite","@id":"https:\/\/veneakselisto.com\/kauppa\/#website","url":"https:\/\/veneakselisto.com\/kauppa\/","name":"Veneakselisto.com - verkkokauppa","description":"Venetarvikkeiden maahantuonti ja myynti","publisher":{"@id":"https:\/\/veneakselisto.com\/kauppa\/#organization"},"potentialAction":[{"@type":"SearchAction","target":{"@type":"EntryPoint","urlTemplate":"https:\/\/veneakselisto.com\/kauppa\/?s={search_term_string}"},"query-input":{"@type":"PropertyValueSpecification","valueRequired":true,"valueName":"search_term_string"}}],"inLanguage":"fi"},{"@type":"Organization","@id":"https:\/\/veneakselisto.com\/kauppa\/#organization","name":"Veneakselisto.com verkkokauppa","url":"https:\/\/veneakselisto.com\/kauppa\/","logo":{"@type":"ImageObject","inLanguage":"fi","@id":"https:\/\/veneakselisto.com\/kauppa\/#\/schema\/logo\/image\/","url":"https:\/\/i2.wp.com\/veneakselisto.com\/kauppa\/wp-content\/uploads\/2016\/06\/fb_icon.jpg?fit=327%2C327&ssl=1","contentUrl":"https:\/\/i2.wp.com\/veneakselisto.com\/kauppa\/wp-content\/uploads\/2016\/06\/fb_icon.jpg?fit=327%2C327&ssl=1","width":327,"height":327,"caption":"Veneakselisto.com verkkokauppa"},"image":{"@id":"https:\/\/veneakselisto.com\/kauppa\/#\/schema\/logo\/image\/"},"sameAs":["https:\/\/www.facebook.com\/AlaMikkula\/"]}]}},"jetpack_publicize_connections":[],"jetpack_sharing_enabled":true,"_links":{"self":[{"href":"https:\/\/veneakselisto.com\/kauppa\/wp-json\/wp\/v2\/product\/1200","targetHints":{"allow":["GET"]}}],"collection":[{"href":"https:\/\/veneakselisto.com\/kauppa\/wp-json\/wp\/v2\/product"}],"about":[{"href":"https:\/\/veneakselisto.com\/kauppa\/wp-json\/wp\/v2\/types\/product"}],"replies":[{"embeddable":true,"href":"https:\/\/veneakselisto.com\/kauppa\/wp-json\/wp\/v2\/comments?post=1200"}],"wp:featuredmedia":[{"embeddable":true,"href":"https:\/\/veneakselisto.com\/kauppa\/wp-json\/wp\/v2\/media\/1201"}],"wp:attachment":[{"href":"https:\/\/veneakselisto.com\/kauppa\/wp-json\/wp\/v2\/media?parent=1200"}],"wp:term":[{"taxonomy":"product_brand","embeddable":true,"href":"https:\/\/veneakselisto.com\/kauppa\/wp-json\/wp\/v2\/product_brand?post=1200"},{"taxonomy":"product_cat","embeddable":true,"href":"https:\/\/veneakselisto.com\/kauppa\/wp-json\/wp\/v2\/product_cat?post=1200"},{"taxonomy":"product_tag","embeddable":true,"href":"https:\/\/veneakselisto.com\/kauppa\/wp-json\/wp\/v2\/product_tag?post=1200"}],"curies":[{"name":"wp","href":"https:\/\/api.w.org\/{rel}","templated":true}]}}