{"id":1194,"date":"2017-01-05T14:47:35","date_gmt":"2017-01-05T12:47:35","guid":{"rendered":"https:\/\/veneakselisto.com\/kauppa\/tuote\/siipipyora-volvo-penta-d2-55-d2-75-3-0-4-3-5-7-7-4-8-1-430-431-432-434-500-501-570-571-572-v-6-v-8-d21-d22-2003-d375-d420\/"},"modified":"2025-06-09T13:21:41","modified_gmt":"2025-06-09T10:21:41","slug":"siipipyora-volvo-penta-d2-55-d2-75-3-0-4-3-5-7-7-4-8-1-430-431-432-434-500-501-570-571-572-v-6-v-8-d21-d22-2003-d375-d420","status":"publish","type":"product","link":"https:\/\/veneakselisto.com\/kauppa\/tuote\/siipipyora-volvo-penta-d2-55-d2-75-3-0-4-3-5-7-7-4-8-1-430-431-432-434-500-501-570-571-572-v-6-v-8-d21-d22-2003-d375-d420\/","title":{"rendered":"Siipipy\u00f6r\u00e4 Volvo Penta D2-55-75, 2003T"},"content":{"rendered":"<div class=\"wpb-content-wrapper\"><p>[vc_row][vc_column][vc_column_text]Siipipy\u00f6r\u00e4 Volvo Penta D2-55, D2-75, 3.0, 4.3, 5.7, 7.4, 8.1, 430, 431, 432, 434, 500, 501, 570, 571, 572, V-6, V-8, D21, D22, 2003, D375, D420<\/p>\n<p>OEM nr: 21951348,\u00a0 21951346,\u00a0 21213660,\u00a0 3862567,\u00a0 3862281,\u00a0 3858256,\u00a0 875811,\u00a0 829940,\u00a0 876243,\u00a0 3855546,\u00a0 3856039,\u00a0 877400<\/p>\n<p>Sopivuus:<\/p>\n<p>D=57.1 mm, H=31.5 mm, rihlat,<\/p>\n<p>Jabsco 3085-0001, Johnson Pump 09-1027B,<\/p>\n<p>D2-55A, D2-55B, D2-55C, D2-55D, D2-55E,<\/p>\n<p>D2-75A, D2-75B, D2-75C,<\/p>\n<p>3,0GS LK,<\/p>\n<p>4.3GL LK, 4.3GS LK, 4.3Gi LK,<\/p>\n<p>430A, 430B, 431A, 431B, 432A, 434A,<\/p>\n<p>AQ175A,<\/p>\n<p>5.7GL LK, 5.7GLi LK, 5.7GSi LK,<\/p>\n<p>7.4GL LK, 7.4GSi LK, 7.4Gi LK,<\/p>\n<p>8.1GSi-A, 8.1GSiL-A, 8.1GXi-A, 8.1GXi-AF, 8.1GXi-B, 8.1GXi-BF,<\/p>\n<p>8.1GXi-C, 8.1GXi-CF, 8.1GXiL-A, 8.1GXiL-B, 8.1GXiL-C, 8.1Gi-A,<\/p>\n<p>8.1Gi-B, 8.1Gi-BF, 8.1Gi-C, 8.1Gi-CF, 8.1Gi-D, 8.1Gi-DF,<\/p>\n<p>8.1GiL-B, 8.1GiL-C, 8.1GiL-D,<\/p>\n<p>500A, 501A, 570A, 571A, 572A,<\/p>\n<p>AQ150A, AQ150B,<\/p>\n<p>AQ231A, AQ231B,<\/p>\n<p>AQ200D, AQ200F,<\/p>\n<p>AQ211A,<\/p>\n<p>AQ225D, AQ225F,<\/p>\n<p>AQ255B,<\/p>\n<p>AQ260A,<\/p>\n<p>AQ271A, AQ271B, AQ271C, AQ271D,<\/p>\n<p>AQ290A,<\/p>\n<p>BB225A, BB225AV, BB225B, BB225C,<\/p>\n<p>BB260A, BB260AV,<\/p>\n<p>DPX375-A, DPX375-B, DPX375BF,<\/p>\n<p>DPX375-CF,<\/p>\n<p>DPX420-A, DPX420B, DPX420-BF,<\/p>\n<p>DPX420-CF,<\/p>\n<p>2003T, 2003TB,<\/p>\n<p>AQD21A*, MD21A*,<\/p>\n<p>MD22A, MD22L-A, MD22L-B, MD22P-B,<\/p>\n<p>TAMD22P-B, TMD22A, TMD22B,<\/p>\n<p>V8-F\u00f6r pump monterad p\u00e5 vevaxeln med fyra skruvar i Locket \/ V8 &#8211; For pump mounted on the crankshaft with four screws in impeller cover \/ V8 &#8211; Pumpuille, jotka asennetaan kampiakseliin nelj\u00e4ll\u00e4 ruuvilla kannessa<\/p>\n<p>* Upp till \/ Up to MO \u00a0\/ -103386 saakka<\/p>\n<p>Impeller 57 mm H = 31 mm, med splines \/ with spline<\/p>\n<p>Volvo Penta merimoottorit.<\/p>\n<p>[\/vc_column_text][\/vc_column][\/vc_row][vc_row][vc_column][vc_column_text]Todella laadukkaat ja edulliset Orbitrade Marine Volvo Penta siipipy\u00f6r\u00e4t.<\/p>\n<p>Valmistuumaa Ruotsi.[\/vc_column_text][\/vc_column][\/vc_row]<\/p>\n<\/div>","protected":false},"excerpt":{"rendered":"<p>OEM nr: 21951348,21951346,21213660,3862567,3862281,3858256,\u00a0875811,829940, 876243, 3855546,3856039,877400<\/p>\n<p>Sopivuus:<\/p>\n<p>D=57.1 mm, H=31.5 mm, rihlat,<\/p>\n<p>Jabsco 3085-0001, Johnson Pump 09-1027B,<\/p>\n<p>D2-55A, D2-55B, D2-55C, D2-55D, D2-55E,<\/p>\n<p>D2-75A, D2-75B, D2-75C,<\/p>\n<p>3,0GS LK,<\/p>\n<p>4.3GL LK, 4.3GS LK, 4.3Gi LK,<\/p>\n<p>430A, 430B, 431A, 431B, 432A, 434A,<\/p>\n<p>AQ175A,<\/p>\n<p>5.7GL LK, 5.7GLi LK, 5.7GSi LK,<\/p>\n<p>7.4GL LK, 7.4GSi LK, 7.4Gi LK,<\/p>\n<p>8.1GSi-A, 8.1GSiL-A, 8.1GXi-A, 8.1GXi-AF, 8.1GXi-B, 8.1GXi-BF,<\/p>\n<p>8.1GXi-C, 8.1GXi-CF, 8.1GXiL-A, 8.1GXiL-B, 8.1GXiL-C, 8.1Gi-A,<\/p>\n<p>8.1Gi-B, 8.1Gi-BF, 8.1Gi-C, 8.1Gi-CF, 8.1Gi-D, 8.1Gi-DF,<\/p>\n<p>8.1GiL-B, 8.1GiL-C, 8.1GiL-D,<\/p>\n<p>500A, 501A, 570A, 571A, 572A,<\/p>\n<p>AQ150A, AQ150B,<\/p>\n<p>AQ231A, AQ231B,<\/p>\n<p>AQ200D, AQ200F,<\/p>\n<p>AQ211A,<\/p>\n<p>AQ225D, AQ225F,<\/p>\n<p>AQ255B,<\/p>\n<p>AQ260A,<\/p>\n<p>AQ271A, AQ271B, AQ271C, AQ271D,<\/p>\n<p>AQ290A,<\/p>\n<p>BB225A, BB225AV, BB225B, BB225C,<\/p>\n<p>BB260A, BB260AV,<\/p>\n<p>DPX375-A, DPX375-B, DPX375BF,<\/p>\n<p>DPX375-CF,<\/p>\n<p>DPX420-A, DPX420B, DPX420-BF,<\/p>\n<p>DPX420-CF,<\/p>\n<p>2003T, 2003TB,<\/p>\n<p>AQD21A*, MD21A*,<\/p>\n<p>MD22A, MD22L-A, MD22L-B, MD22P-B,<\/p>\n<p>TAMD22P-B, TMD22A, TMD22B,<\/p>\n<p>V8-F\u00f6r pump monterad p\u00e5 vevaxeln med fyra skruvar i Locket \/ V8 &#8211; For pump mounted on the crankshaft with four screws in impeller cover \/ V8 &#8211; Pumpuille, jotka asennetaan kampiakseliin nelj\u00e4ll\u00e4 ruuvilla kannessa<\/p>\n<p>* Upp till \/ Up to MO \u00a0\/ -103386 saakka<\/p>\n<p>Impeller 57 mm H = 31 mm, med splines \/ with spline<\/p>\n<p>Volvo Penta merimoottorit.<\/p>\n","protected":false},"featured_media":1195,"comment_status":"open","ping_status":"closed","template":"","meta":{"jetpack_post_was_ever_published":false,"jetpack_publicize_message":"","jetpack_publicize_feature_enabled":true,"jetpack_social_post_already_shared":true,"jetpack_social_options":{"image_generator_settings":{"template":"highway","default_image_id":0,"font":"","enabled":false},"version":2}},"product_brand":[],"product_cat":[736,282],"product_tag":[267,266,248,145,228],"class_list":{"0":"post-1194","1":"product","2":"type-product","3":"status-publish","4":"has-post-thumbnail","6":"product_cat-siipipyora_merimoottorin","7":"product_cat-siipipyorat-volvo-penta-houlto-osat","8":"product_tag-huolto-osat","9":"product_tag-orbitrade-marine","10":"product_tag-penta","11":"product_tag-siipipyora","12":"product_tag-volvo","13":"brand-orbitrade-marine","15":"first","16":"instock","17":"sale","18":"taxable","19":"shipping-taxable","20":"purchasable","21":"product-type-simple"},"yoast_head":"<!-- This site is optimized with the Yoast SEO plugin v27.4 - https:\/\/yoast.com\/product\/yoast-seo-wordpress\/ -->\n<title>Siipipy\u00f6r\u00e4 Volvo Penta D2-55-75-2003T-Veneakselisto-marineparts<\/title>\n<meta name=\"description\" content=\"Siipipy\u00f6r\u00e4 Volvo Penta D2-55-75, TAMD22P. Tuotteen toimittaa Veneakselisto.com-2003T Volvo Penta-Venetarvikkeiden maahantuonti ja myynti. Marineparts\" \/>\n<meta name=\"robots\" content=\"index, follow, max-snippet:-1, max-image-preview:large, max-video-preview:-1\" \/>\n<link rel=\"canonical\" href=\"https:\/\/veneakselisto.com\/kauppa\/tuote\/siipipyora-volvo-penta-d2-55-d2-75-3-0-4-3-5-7-7-4-8-1-430-431-432-434-500-501-570-571-572-v-6-v-8-d21-d22-2003-d375-d420\/\" \/>\n<meta property=\"og:locale\" content=\"fi_FI\" \/>\n<meta property=\"og:type\" content=\"article\" \/>\n<meta property=\"og:title\" content=\"Siipipy\u00f6r\u00e4 Volvo Penta D2-55-75-2003T-Veneakselisto-marineparts\" \/>\n<meta property=\"og:description\" content=\"Siipipy\u00f6r\u00e4 Volvo Penta D2-55-75, TAMD22P. Tuotteen toimittaa Veneakselisto.com-2003T Volvo Penta-Venetarvikkeiden maahantuonti ja myynti. Marineparts\" \/>\n<meta property=\"og:url\" content=\"https:\/\/veneakselisto.com\/kauppa\/tuote\/siipipyora-volvo-penta-d2-55-d2-75-3-0-4-3-5-7-7-4-8-1-430-431-432-434-500-501-570-571-572-v-6-v-8-d21-d22-2003-d375-d420\/\" \/>\n<meta property=\"og:site_name\" content=\"Veneakselisto.com - verkkokauppa\" \/>\n<meta property=\"article:publisher\" content=\"https:\/\/www.facebook.com\/AlaMikkula\/\" \/>\n<meta property=\"article:modified_time\" content=\"2025-06-09T10:21:41+00:00\" \/>\n<meta property=\"og:image\" content=\"https:\/\/veneakselisto.com\/kauppa\/wp-content\/uploads\/2017\/01\/OT-2-15811.jpg\" \/>\n\t<meta property=\"og:image:width\" content=\"700\" \/>\n\t<meta property=\"og:image:height\" content=\"700\" \/>\n\t<meta property=\"og:image:type\" content=\"image\/jpeg\" \/>\n<meta name=\"twitter:card\" content=\"summary_large_image\" \/>\n<meta name=\"twitter:label1\" content=\"Arvioitu lukuaika\" \/>\n\t<meta name=\"twitter:data1\" content=\"1 minuutti\" \/>\n<script type=\"application\/ld+json\" class=\"yoast-schema-graph\">{\"@context\":\"https:\\\/\\\/schema.org\",\"@graph\":[{\"@type\":\"WebPage\",\"@id\":\"https:\\\/\\\/veneakselisto.com\\\/kauppa\\\/tuote\\\/siipipyora-volvo-penta-d2-55-d2-75-3-0-4-3-5-7-7-4-8-1-430-431-432-434-500-501-570-571-572-v-6-v-8-d21-d22-2003-d375-d420\\\/\",\"url\":\"https:\\\/\\\/veneakselisto.com\\\/kauppa\\\/tuote\\\/siipipyora-volvo-penta-d2-55-d2-75-3-0-4-3-5-7-7-4-8-1-430-431-432-434-500-501-570-571-572-v-6-v-8-d21-d22-2003-d375-d420\\\/\",\"name\":\"Siipipy\u00f6r\u00e4 Volvo Penta D2-55-75-2003T-Veneakselisto-marineparts\",\"isPartOf\":{\"@id\":\"https:\\\/\\\/veneakselisto.com\\\/kauppa\\\/#website\"},\"primaryImageOfPage\":{\"@id\":\"https:\\\/\\\/veneakselisto.com\\\/kauppa\\\/tuote\\\/siipipyora-volvo-penta-d2-55-d2-75-3-0-4-3-5-7-7-4-8-1-430-431-432-434-500-501-570-571-572-v-6-v-8-d21-d22-2003-d375-d420\\\/#primaryimage\"},\"image\":{\"@id\":\"https:\\\/\\\/veneakselisto.com\\\/kauppa\\\/tuote\\\/siipipyora-volvo-penta-d2-55-d2-75-3-0-4-3-5-7-7-4-8-1-430-431-432-434-500-501-570-571-572-v-6-v-8-d21-d22-2003-d375-d420\\\/#primaryimage\"},\"thumbnailUrl\":\"https:\\\/\\\/i0.wp.com\\\/veneakselisto.com\\\/kauppa\\\/wp-content\\\/uploads\\\/2017\\\/01\\\/OT-2-15811.jpg?fit=700%2C700&ssl=1\",\"datePublished\":\"2017-01-05T12:47:35+00:00\",\"dateModified\":\"2025-06-09T10:21:41+00:00\",\"description\":\"Siipipy\u00f6r\u00e4 Volvo Penta D2-55-75, TAMD22P. Tuotteen toimittaa Veneakselisto.com-2003T Volvo Penta-Venetarvikkeiden maahantuonti ja myynti. Marineparts\",\"breadcrumb\":{\"@id\":\"https:\\\/\\\/veneakselisto.com\\\/kauppa\\\/tuote\\\/siipipyora-volvo-penta-d2-55-d2-75-3-0-4-3-5-7-7-4-8-1-430-431-432-434-500-501-570-571-572-v-6-v-8-d21-d22-2003-d375-d420\\\/#breadcrumb\"},\"inLanguage\":\"fi\",\"potentialAction\":[{\"@type\":\"ReadAction\",\"target\":[\"https:\\\/\\\/veneakselisto.com\\\/kauppa\\\/tuote\\\/siipipyora-volvo-penta-d2-55-d2-75-3-0-4-3-5-7-7-4-8-1-430-431-432-434-500-501-570-571-572-v-6-v-8-d21-d22-2003-d375-d420\\\/\"]}]},{\"@type\":\"ImageObject\",\"inLanguage\":\"fi\",\"@id\":\"https:\\\/\\\/veneakselisto.com\\\/kauppa\\\/tuote\\\/siipipyora-volvo-penta-d2-55-d2-75-3-0-4-3-5-7-7-4-8-1-430-431-432-434-500-501-570-571-572-v-6-v-8-d21-d22-2003-d375-d420\\\/#primaryimage\",\"url\":\"https:\\\/\\\/i0.wp.com\\\/veneakselisto.com\\\/kauppa\\\/wp-content\\\/uploads\\\/2017\\\/01\\\/OT-2-15811.jpg?fit=700%2C700&ssl=1\",\"contentUrl\":\"https:\\\/\\\/i0.wp.com\\\/veneakselisto.com\\\/kauppa\\\/wp-content\\\/uploads\\\/2017\\\/01\\\/OT-2-15811.jpg?fit=700%2C700&ssl=1\",\"width\":700,\"height\":700,\"caption\":\"Volvo Penta Siipipy\u00f6r\u00e4t Veneakselisto.com verkkokaupasta\"},{\"@type\":\"BreadcrumbList\",\"@id\":\"https:\\\/\\\/veneakselisto.com\\\/kauppa\\\/tuote\\\/siipipyora-volvo-penta-d2-55-d2-75-3-0-4-3-5-7-7-4-8-1-430-431-432-434-500-501-570-571-572-v-6-v-8-d21-d22-2003-d375-d420\\\/#breadcrumb\",\"itemListElement\":[{\"@type\":\"ListItem\",\"position\":1,\"name\":\"Etusivu\",\"item\":\"https:\\\/\\\/veneakselisto.com\\\/kauppa\\\/\"},{\"@type\":\"ListItem\",\"position\":2,\"name\":\"Kauppa\",\"item\":\"https:\\\/\\\/veneakselisto.com\\\/kauppa\\\/\"},{\"@type\":\"ListItem\",\"position\":3,\"name\":\"Siipipy\u00f6r\u00e4 Volvo Penta D2-55-75, 2003T\"}]},{\"@type\":\"WebSite\",\"@id\":\"https:\\\/\\\/veneakselisto.com\\\/kauppa\\\/#website\",\"url\":\"https:\\\/\\\/veneakselisto.com\\\/kauppa\\\/\",\"name\":\"Veneakselisto.com - verkkokauppa\",\"description\":\"Venetarvikkeiden maahantuonti ja myynti\",\"publisher\":{\"@id\":\"https:\\\/\\\/veneakselisto.com\\\/kauppa\\\/#organization\"},\"potentialAction\":[{\"@type\":\"SearchAction\",\"target\":{\"@type\":\"EntryPoint\",\"urlTemplate\":\"https:\\\/\\\/veneakselisto.com\\\/kauppa\\\/?s={search_term_string}\"},\"query-input\":{\"@type\":\"PropertyValueSpecification\",\"valueRequired\":true,\"valueName\":\"search_term_string\"}}],\"inLanguage\":\"fi\"},{\"@type\":\"Organization\",\"@id\":\"https:\\\/\\\/veneakselisto.com\\\/kauppa\\\/#organization\",\"name\":\"Veneakselisto.com verkkokauppa\",\"url\":\"https:\\\/\\\/veneakselisto.com\\\/kauppa\\\/\",\"logo\":{\"@type\":\"ImageObject\",\"inLanguage\":\"fi\",\"@id\":\"https:\\\/\\\/veneakselisto.com\\\/kauppa\\\/#\\\/schema\\\/logo\\\/image\\\/\",\"url\":\"https:\\\/\\\/i2.wp.com\\\/veneakselisto.com\\\/kauppa\\\/wp-content\\\/uploads\\\/2016\\\/06\\\/fb_icon.jpg?fit=327%2C327&ssl=1\",\"contentUrl\":\"https:\\\/\\\/i2.wp.com\\\/veneakselisto.com\\\/kauppa\\\/wp-content\\\/uploads\\\/2016\\\/06\\\/fb_icon.jpg?fit=327%2C327&ssl=1\",\"width\":327,\"height\":327,\"caption\":\"Veneakselisto.com verkkokauppa\"},\"image\":{\"@id\":\"https:\\\/\\\/veneakselisto.com\\\/kauppa\\\/#\\\/schema\\\/logo\\\/image\\\/\"},\"sameAs\":[\"https:\\\/\\\/www.facebook.com\\\/AlaMikkula\\\/\"]}]}<\/script>\n<!-- \/ Yoast SEO plugin. -->","yoast_head_json":{"title":"Siipipy\u00f6r\u00e4 Volvo Penta D2-55-75-2003T-Veneakselisto-marineparts","description":"Siipipy\u00f6r\u00e4 Volvo Penta D2-55-75, TAMD22P. Tuotteen toimittaa Veneakselisto.com-2003T Volvo Penta-Venetarvikkeiden maahantuonti ja myynti. Marineparts","robots":{"index":"index","follow":"follow","max-snippet":"max-snippet:-1","max-image-preview":"max-image-preview:large","max-video-preview":"max-video-preview:-1"},"canonical":"https:\/\/veneakselisto.com\/kauppa\/tuote\/siipipyora-volvo-penta-d2-55-d2-75-3-0-4-3-5-7-7-4-8-1-430-431-432-434-500-501-570-571-572-v-6-v-8-d21-d22-2003-d375-d420\/","og_locale":"fi_FI","og_type":"article","og_title":"Siipipy\u00f6r\u00e4 Volvo Penta D2-55-75-2003T-Veneakselisto-marineparts","og_description":"Siipipy\u00f6r\u00e4 Volvo Penta D2-55-75, TAMD22P. Tuotteen toimittaa Veneakselisto.com-2003T Volvo Penta-Venetarvikkeiden maahantuonti ja myynti. Marineparts","og_url":"https:\/\/veneakselisto.com\/kauppa\/tuote\/siipipyora-volvo-penta-d2-55-d2-75-3-0-4-3-5-7-7-4-8-1-430-431-432-434-500-501-570-571-572-v-6-v-8-d21-d22-2003-d375-d420\/","og_site_name":"Veneakselisto.com - verkkokauppa","article_publisher":"https:\/\/www.facebook.com\/AlaMikkula\/","article_modified_time":"2025-06-09T10:21:41+00:00","og_image":[{"width":700,"height":700,"url":"https:\/\/veneakselisto.com\/kauppa\/wp-content\/uploads\/2017\/01\/OT-2-15811.jpg","type":"image\/jpeg"}],"twitter_card":"summary_large_image","twitter_misc":{"Arvioitu lukuaika":"1 minuutti"},"schema":{"@context":"https:\/\/schema.org","@graph":[{"@type":"WebPage","@id":"https:\/\/veneakselisto.com\/kauppa\/tuote\/siipipyora-volvo-penta-d2-55-d2-75-3-0-4-3-5-7-7-4-8-1-430-431-432-434-500-501-570-571-572-v-6-v-8-d21-d22-2003-d375-d420\/","url":"https:\/\/veneakselisto.com\/kauppa\/tuote\/siipipyora-volvo-penta-d2-55-d2-75-3-0-4-3-5-7-7-4-8-1-430-431-432-434-500-501-570-571-572-v-6-v-8-d21-d22-2003-d375-d420\/","name":"Siipipy\u00f6r\u00e4 Volvo Penta D2-55-75-2003T-Veneakselisto-marineparts","isPartOf":{"@id":"https:\/\/veneakselisto.com\/kauppa\/#website"},"primaryImageOfPage":{"@id":"https:\/\/veneakselisto.com\/kauppa\/tuote\/siipipyora-volvo-penta-d2-55-d2-75-3-0-4-3-5-7-7-4-8-1-430-431-432-434-500-501-570-571-572-v-6-v-8-d21-d22-2003-d375-d420\/#primaryimage"},"image":{"@id":"https:\/\/veneakselisto.com\/kauppa\/tuote\/siipipyora-volvo-penta-d2-55-d2-75-3-0-4-3-5-7-7-4-8-1-430-431-432-434-500-501-570-571-572-v-6-v-8-d21-d22-2003-d375-d420\/#primaryimage"},"thumbnailUrl":"https:\/\/i0.wp.com\/veneakselisto.com\/kauppa\/wp-content\/uploads\/2017\/01\/OT-2-15811.jpg?fit=700%2C700&ssl=1","datePublished":"2017-01-05T12:47:35+00:00","dateModified":"2025-06-09T10:21:41+00:00","description":"Siipipy\u00f6r\u00e4 Volvo Penta D2-55-75, TAMD22P. Tuotteen toimittaa Veneakselisto.com-2003T Volvo Penta-Venetarvikkeiden maahantuonti ja myynti. Marineparts","breadcrumb":{"@id":"https:\/\/veneakselisto.com\/kauppa\/tuote\/siipipyora-volvo-penta-d2-55-d2-75-3-0-4-3-5-7-7-4-8-1-430-431-432-434-500-501-570-571-572-v-6-v-8-d21-d22-2003-d375-d420\/#breadcrumb"},"inLanguage":"fi","potentialAction":[{"@type":"ReadAction","target":["https:\/\/veneakselisto.com\/kauppa\/tuote\/siipipyora-volvo-penta-d2-55-d2-75-3-0-4-3-5-7-7-4-8-1-430-431-432-434-500-501-570-571-572-v-6-v-8-d21-d22-2003-d375-d420\/"]}]},{"@type":"ImageObject","inLanguage":"fi","@id":"https:\/\/veneakselisto.com\/kauppa\/tuote\/siipipyora-volvo-penta-d2-55-d2-75-3-0-4-3-5-7-7-4-8-1-430-431-432-434-500-501-570-571-572-v-6-v-8-d21-d22-2003-d375-d420\/#primaryimage","url":"https:\/\/i0.wp.com\/veneakselisto.com\/kauppa\/wp-content\/uploads\/2017\/01\/OT-2-15811.jpg?fit=700%2C700&ssl=1","contentUrl":"https:\/\/i0.wp.com\/veneakselisto.com\/kauppa\/wp-content\/uploads\/2017\/01\/OT-2-15811.jpg?fit=700%2C700&ssl=1","width":700,"height":700,"caption":"Volvo Penta Siipipy\u00f6r\u00e4t Veneakselisto.com verkkokaupasta"},{"@type":"BreadcrumbList","@id":"https:\/\/veneakselisto.com\/kauppa\/tuote\/siipipyora-volvo-penta-d2-55-d2-75-3-0-4-3-5-7-7-4-8-1-430-431-432-434-500-501-570-571-572-v-6-v-8-d21-d22-2003-d375-d420\/#breadcrumb","itemListElement":[{"@type":"ListItem","position":1,"name":"Etusivu","item":"https:\/\/veneakselisto.com\/kauppa\/"},{"@type":"ListItem","position":2,"name":"Kauppa","item":"https:\/\/veneakselisto.com\/kauppa\/"},{"@type":"ListItem","position":3,"name":"Siipipy\u00f6r\u00e4 Volvo Penta D2-55-75, 2003T"}]},{"@type":"WebSite","@id":"https:\/\/veneakselisto.com\/kauppa\/#website","url":"https:\/\/veneakselisto.com\/kauppa\/","name":"Veneakselisto.com - verkkokauppa","description":"Venetarvikkeiden maahantuonti ja myynti","publisher":{"@id":"https:\/\/veneakselisto.com\/kauppa\/#organization"},"potentialAction":[{"@type":"SearchAction","target":{"@type":"EntryPoint","urlTemplate":"https:\/\/veneakselisto.com\/kauppa\/?s={search_term_string}"},"query-input":{"@type":"PropertyValueSpecification","valueRequired":true,"valueName":"search_term_string"}}],"inLanguage":"fi"},{"@type":"Organization","@id":"https:\/\/veneakselisto.com\/kauppa\/#organization","name":"Veneakselisto.com verkkokauppa","url":"https:\/\/veneakselisto.com\/kauppa\/","logo":{"@type":"ImageObject","inLanguage":"fi","@id":"https:\/\/veneakselisto.com\/kauppa\/#\/schema\/logo\/image\/","url":"https:\/\/i2.wp.com\/veneakselisto.com\/kauppa\/wp-content\/uploads\/2016\/06\/fb_icon.jpg?fit=327%2C327&ssl=1","contentUrl":"https:\/\/i2.wp.com\/veneakselisto.com\/kauppa\/wp-content\/uploads\/2016\/06\/fb_icon.jpg?fit=327%2C327&ssl=1","width":327,"height":327,"caption":"Veneakselisto.com verkkokauppa"},"image":{"@id":"https:\/\/veneakselisto.com\/kauppa\/#\/schema\/logo\/image\/"},"sameAs":["https:\/\/www.facebook.com\/AlaMikkula\/"]}]}},"jetpack_publicize_connections":[],"jetpack_sharing_enabled":true,"_links":{"self":[{"href":"https:\/\/veneakselisto.com\/kauppa\/wp-json\/wp\/v2\/product\/1194","targetHints":{"allow":["GET"]}}],"collection":[{"href":"https:\/\/veneakselisto.com\/kauppa\/wp-json\/wp\/v2\/product"}],"about":[{"href":"https:\/\/veneakselisto.com\/kauppa\/wp-json\/wp\/v2\/types\/product"}],"replies":[{"embeddable":true,"href":"https:\/\/veneakselisto.com\/kauppa\/wp-json\/wp\/v2\/comments?post=1194"}],"wp:featuredmedia":[{"embeddable":true,"href":"https:\/\/veneakselisto.com\/kauppa\/wp-json\/wp\/v2\/media\/1195"}],"wp:attachment":[{"href":"https:\/\/veneakselisto.com\/kauppa\/wp-json\/wp\/v2\/media?parent=1194"}],"wp:term":[{"taxonomy":"product_brand","embeddable":true,"href":"https:\/\/veneakselisto.com\/kauppa\/wp-json\/wp\/v2\/product_brand?post=1194"},{"taxonomy":"product_cat","embeddable":true,"href":"https:\/\/veneakselisto.com\/kauppa\/wp-json\/wp\/v2\/product_cat?post=1194"},{"taxonomy":"product_tag","embeddable":true,"href":"https:\/\/veneakselisto.com\/kauppa\/wp-json\/wp\/v2\/product_tag?post=1194"}],"curies":[{"name":"wp","href":"https:\/\/api.w.org\/{rel}","templated":true}]}}