{"id":11894,"date":"2021-10-09T12:43:18","date_gmt":"2021-10-09T09:43:18","guid":{"rendered":"https:\/\/veneakselisto.com\/kauppa\/?post_type=product&#038;p=11894"},"modified":"2024-08-31T23:13:53","modified_gmt":"2024-08-31T20:13:53","slug":"f5b-9-high-speed-kumisiipipumppu-moottorin-jaahdytykseen","status":"publish","type":"product","link":"https:\/\/veneakselisto.com\/kauppa\/tuote\/f5b-9-high-speed-kumisiipipumppu-moottorin-jaahdytykseen\/","title":{"rendered":"F5B-9 High Speed Kumisiipipumppu j\u00e4\u00e4hdytykseen"},"content":{"rendered":"<p>F5B-9 High Speed Kumisiipipumppu moottorin j\u00e4\u00e4hdytykseen<br \/>\nLetkuyhteet: 3\/4&#8243;\/ 31,8mm<br \/>\nSiipipy\u00f6r\u00e4n materiaali: Neopreeni<\/p>\n<p>Uusittu sarja monik\u00e4ytt\u00f6isi\u00e4 pronssipumppuja. Kompaktit merivett\u00e4 kest\u00e4v\u00e4t pumput on nyt varustettu mekaanisella tiivisteell\u00e4 ja kulutuslevyll\u00e4, silti kohtuulliseen hintaan-johon sis\u00e4ltyy SPX:n Johnson Pump Marine tuotelinjan maineikas laatu. N\u00e4m\u00e4 pumput on suunniteltu moniin sovelluksiin aluksella. Niiden mahtava imukyky tekee niist\u00e4 mainioita merimoottoreiden j\u00e4\u00e4hdytysvesipumppuja, pilssipumppuja, kannenpesupumppuja, makeavesipumppuja, polttoaineen siirtopumppuja ja pumppuja moniin muihin sovelluksiin. Ne ovat my\u00f6s ihanteellisia maissa tyhjent\u00e4m\u00e4\u00e4n likavesis\u00e4ili\u00f6it\u00e4, huuhtomaan tai puhdistamaan ja t\u00e4ytt\u00e4m\u00e4\u00e4n vesis\u00e4ili\u00f6it\u00e4. Saatavissa 4 l\/min &#8211; 279 l\/min tuotolla ja 3\/8&#8243;-1 1\/2&#8243; yhteill\u00e4<\/p>\n","protected":false},"excerpt":{"rendered":"<p>F5B-9 High Speed Kumisiipipumppu moottorin j\u00e4\u00e4hdytykseen<br \/>\nLetkuyhteet: 3\/4&#8243;\/ 31,8mm<br \/>\nSiipipy\u00f6r\u00e4n materiaali: Neopreeni<\/p>\n","protected":false},"featured_media":11895,"comment_status":"open","ping_status":"closed","template":"","meta":{"jetpack_post_was_ever_published":false,"jetpack_publicize_message":"","jetpack_publicize_feature_enabled":true,"jetpack_social_post_already_shared":true,"jetpack_social_options":{"image_generator_settings":{"template":"highway","default_image_id":0,"font":"","enabled":false},"version":2}},"product_brand":[],"product_cat":[55],"product_tag":[205,1183,1182,175,203],"class_list":{"0":"post-11894","1":"product","2":"type-product","3":"status-publish","4":"has-post-thumbnail","6":"product_cat-kumisiipipumppu-jaahdytykseen","7":"product_tag-205","8":"product_tag-f5b","9":"product_tag-high-speed","10":"product_tag-jaahdytys","11":"product_tag-pumppu","13":"first","14":"onbackorder","15":"taxable","16":"shipping-taxable","17":"purchasable","18":"product-type-simple"},"yoast_head":"<!-- This site is optimized with the Yoast SEO plugin v27.3 - https:\/\/yoast.com\/product\/yoast-seo-wordpress\/ -->\n<title>F5B-9 High Speed Kumisiipipumppu moottorin j\u00e4\u00e4hdytykseen-10-24230-3<\/title>\n<meta name=\"description\" content=\"F5B-9 High Speed Kumisiipipumppu moottorin j\u00e4\u00e4hdytykseen . Tuotteen toimittaa venetarvikkeiden erikoisliike Veneakselisto.com-10-24230-3\" \/>\n<meta name=\"robots\" content=\"index, follow, max-snippet:-1, max-image-preview:large, max-video-preview:-1\" \/>\n<link rel=\"canonical\" href=\"https:\/\/veneakselisto.com\/kauppa\/tuote\/f5b-9-high-speed-kumisiipipumppu-moottorin-jaahdytykseen\/\" \/>\n<meta property=\"og:locale\" content=\"fi_FI\" \/>\n<meta property=\"og:type\" content=\"article\" \/>\n<meta property=\"og:title\" content=\"F5B-9 High Speed Kumisiipipumppu moottorin j\u00e4\u00e4hdytykseen-10-24230-3\" \/>\n<meta property=\"og:description\" content=\"F5B-9 High Speed Kumisiipipumppu moottorin j\u00e4\u00e4hdytykseen . Tuotteen toimittaa venetarvikkeiden erikoisliike Veneakselisto.com-10-24230-3\" \/>\n<meta property=\"og:url\" content=\"https:\/\/veneakselisto.com\/kauppa\/tuote\/f5b-9-high-speed-kumisiipipumppu-moottorin-jaahdytykseen\/\" \/>\n<meta property=\"og:site_name\" content=\"Veneakselisto.com - verkkokauppa\" \/>\n<meta property=\"article:publisher\" content=\"https:\/\/www.facebook.com\/AlaMikkula\/\" \/>\n<meta property=\"article:modified_time\" content=\"2024-08-31T20:13:53+00:00\" \/>\n<meta property=\"og:image\" content=\"https:\/\/veneakselisto.com\/kauppa\/wp-content\/uploads\/2021\/10\/10-24230-3.jpg\" \/>\n\t<meta property=\"og:image:width\" content=\"500\" \/>\n\t<meta property=\"og:image:height\" content=\"500\" \/>\n\t<meta property=\"og:image:type\" content=\"image\/jpeg\" \/>\n<meta name=\"twitter:card\" content=\"summary_large_image\" \/>\n<meta name=\"twitter:label1\" content=\"Arvioitu lukuaika\" \/>\n\t<meta name=\"twitter:data1\" content=\"1 minuutti\" \/>\n<script type=\"application\/ld+json\" class=\"yoast-schema-graph\">{\"@context\":\"https:\\\/\\\/schema.org\",\"@graph\":[{\"@type\":\"WebPage\",\"@id\":\"https:\\\/\\\/veneakselisto.com\\\/kauppa\\\/tuote\\\/f5b-9-high-speed-kumisiipipumppu-moottorin-jaahdytykseen\\\/\",\"url\":\"https:\\\/\\\/veneakselisto.com\\\/kauppa\\\/tuote\\\/f5b-9-high-speed-kumisiipipumppu-moottorin-jaahdytykseen\\\/\",\"name\":\"F5B-9 High Speed Kumisiipipumppu moottorin j\u00e4\u00e4hdytykseen-10-24230-3\",\"isPartOf\":{\"@id\":\"https:\\\/\\\/veneakselisto.com\\\/kauppa\\\/#website\"},\"primaryImageOfPage\":{\"@id\":\"https:\\\/\\\/veneakselisto.com\\\/kauppa\\\/tuote\\\/f5b-9-high-speed-kumisiipipumppu-moottorin-jaahdytykseen\\\/#primaryimage\"},\"image\":{\"@id\":\"https:\\\/\\\/veneakselisto.com\\\/kauppa\\\/tuote\\\/f5b-9-high-speed-kumisiipipumppu-moottorin-jaahdytykseen\\\/#primaryimage\"},\"thumbnailUrl\":\"https:\\\/\\\/i0.wp.com\\\/veneakselisto.com\\\/kauppa\\\/wp-content\\\/uploads\\\/2021\\\/10\\\/10-24230-3.jpg?fit=500%2C500&ssl=1\",\"datePublished\":\"2021-10-09T09:43:18+00:00\",\"dateModified\":\"2024-08-31T20:13:53+00:00\",\"description\":\"F5B-9 High Speed Kumisiipipumppu moottorin j\u00e4\u00e4hdytykseen . Tuotteen toimittaa venetarvikkeiden erikoisliike Veneakselisto.com-10-24230-3\",\"breadcrumb\":{\"@id\":\"https:\\\/\\\/veneakselisto.com\\\/kauppa\\\/tuote\\\/f5b-9-high-speed-kumisiipipumppu-moottorin-jaahdytykseen\\\/#breadcrumb\"},\"inLanguage\":\"fi\",\"potentialAction\":[{\"@type\":\"ReadAction\",\"target\":[\"https:\\\/\\\/veneakselisto.com\\\/kauppa\\\/tuote\\\/f5b-9-high-speed-kumisiipipumppu-moottorin-jaahdytykseen\\\/\"]}]},{\"@type\":\"ImageObject\",\"inLanguage\":\"fi\",\"@id\":\"https:\\\/\\\/veneakselisto.com\\\/kauppa\\\/tuote\\\/f5b-9-high-speed-kumisiipipumppu-moottorin-jaahdytykseen\\\/#primaryimage\",\"url\":\"https:\\\/\\\/i0.wp.com\\\/veneakselisto.com\\\/kauppa\\\/wp-content\\\/uploads\\\/2021\\\/10\\\/10-24230-3.jpg?fit=500%2C500&ssl=1\",\"contentUrl\":\"https:\\\/\\\/i0.wp.com\\\/veneakselisto.com\\\/kauppa\\\/wp-content\\\/uploads\\\/2021\\\/10\\\/10-24230-3.jpg?fit=500%2C500&ssl=1\",\"width\":500,\"height\":500,\"caption\":\"10-24230-3 Hihg Speed-Johnson Pump-Veneakselisto\"},{\"@type\":\"BreadcrumbList\",\"@id\":\"https:\\\/\\\/veneakselisto.com\\\/kauppa\\\/tuote\\\/f5b-9-high-speed-kumisiipipumppu-moottorin-jaahdytykseen\\\/#breadcrumb\",\"itemListElement\":[{\"@type\":\"ListItem\",\"position\":1,\"name\":\"Etusivu\",\"item\":\"https:\\\/\\\/veneakselisto.com\\\/kauppa\\\/\"},{\"@type\":\"ListItem\",\"position\":2,\"name\":\"Kauppa\",\"item\":\"https:\\\/\\\/veneakselisto.com\\\/kauppa\\\/\"},{\"@type\":\"ListItem\",\"position\":3,\"name\":\"F5B-9 High Speed Kumisiipipumppu j\u00e4\u00e4hdytykseen\"}]},{\"@type\":\"WebSite\",\"@id\":\"https:\\\/\\\/veneakselisto.com\\\/kauppa\\\/#website\",\"url\":\"https:\\\/\\\/veneakselisto.com\\\/kauppa\\\/\",\"name\":\"Veneakselisto.com - verkkokauppa\",\"description\":\"Venetarvikkeiden maahantuonti ja myynti\",\"publisher\":{\"@id\":\"https:\\\/\\\/veneakselisto.com\\\/kauppa\\\/#organization\"},\"potentialAction\":[{\"@type\":\"SearchAction\",\"target\":{\"@type\":\"EntryPoint\",\"urlTemplate\":\"https:\\\/\\\/veneakselisto.com\\\/kauppa\\\/?s={search_term_string}\"},\"query-input\":{\"@type\":\"PropertyValueSpecification\",\"valueRequired\":true,\"valueName\":\"search_term_string\"}}],\"inLanguage\":\"fi\"},{\"@type\":\"Organization\",\"@id\":\"https:\\\/\\\/veneakselisto.com\\\/kauppa\\\/#organization\",\"name\":\"Veneakselisto.com verkkokauppa\",\"url\":\"https:\\\/\\\/veneakselisto.com\\\/kauppa\\\/\",\"logo\":{\"@type\":\"ImageObject\",\"inLanguage\":\"fi\",\"@id\":\"https:\\\/\\\/veneakselisto.com\\\/kauppa\\\/#\\\/schema\\\/logo\\\/image\\\/\",\"url\":\"https:\\\/\\\/i2.wp.com\\\/veneakselisto.com\\\/kauppa\\\/wp-content\\\/uploads\\\/2016\\\/06\\\/fb_icon.jpg?fit=327%2C327&ssl=1\",\"contentUrl\":\"https:\\\/\\\/i2.wp.com\\\/veneakselisto.com\\\/kauppa\\\/wp-content\\\/uploads\\\/2016\\\/06\\\/fb_icon.jpg?fit=327%2C327&ssl=1\",\"width\":327,\"height\":327,\"caption\":\"Veneakselisto.com verkkokauppa\"},\"image\":{\"@id\":\"https:\\\/\\\/veneakselisto.com\\\/kauppa\\\/#\\\/schema\\\/logo\\\/image\\\/\"},\"sameAs\":[\"https:\\\/\\\/www.facebook.com\\\/AlaMikkula\\\/\"]}]}<\/script>\n<!-- \/ Yoast SEO plugin. -->","yoast_head_json":{"title":"F5B-9 High Speed Kumisiipipumppu moottorin j\u00e4\u00e4hdytykseen-10-24230-3","description":"F5B-9 High Speed Kumisiipipumppu moottorin j\u00e4\u00e4hdytykseen . Tuotteen toimittaa venetarvikkeiden erikoisliike Veneakselisto.com-10-24230-3","robots":{"index":"index","follow":"follow","max-snippet":"max-snippet:-1","max-image-preview":"max-image-preview:large","max-video-preview":"max-video-preview:-1"},"canonical":"https:\/\/veneakselisto.com\/kauppa\/tuote\/f5b-9-high-speed-kumisiipipumppu-moottorin-jaahdytykseen\/","og_locale":"fi_FI","og_type":"article","og_title":"F5B-9 High Speed Kumisiipipumppu moottorin j\u00e4\u00e4hdytykseen-10-24230-3","og_description":"F5B-9 High Speed Kumisiipipumppu moottorin j\u00e4\u00e4hdytykseen . Tuotteen toimittaa venetarvikkeiden erikoisliike Veneakselisto.com-10-24230-3","og_url":"https:\/\/veneakselisto.com\/kauppa\/tuote\/f5b-9-high-speed-kumisiipipumppu-moottorin-jaahdytykseen\/","og_site_name":"Veneakselisto.com - verkkokauppa","article_publisher":"https:\/\/www.facebook.com\/AlaMikkula\/","article_modified_time":"2024-08-31T20:13:53+00:00","og_image":[{"width":500,"height":500,"url":"https:\/\/veneakselisto.com\/kauppa\/wp-content\/uploads\/2021\/10\/10-24230-3.jpg","type":"image\/jpeg"}],"twitter_card":"summary_large_image","twitter_misc":{"Arvioitu lukuaika":"1 minuutti"},"schema":{"@context":"https:\/\/schema.org","@graph":[{"@type":"WebPage","@id":"https:\/\/veneakselisto.com\/kauppa\/tuote\/f5b-9-high-speed-kumisiipipumppu-moottorin-jaahdytykseen\/","url":"https:\/\/veneakselisto.com\/kauppa\/tuote\/f5b-9-high-speed-kumisiipipumppu-moottorin-jaahdytykseen\/","name":"F5B-9 High Speed Kumisiipipumppu moottorin j\u00e4\u00e4hdytykseen-10-24230-3","isPartOf":{"@id":"https:\/\/veneakselisto.com\/kauppa\/#website"},"primaryImageOfPage":{"@id":"https:\/\/veneakselisto.com\/kauppa\/tuote\/f5b-9-high-speed-kumisiipipumppu-moottorin-jaahdytykseen\/#primaryimage"},"image":{"@id":"https:\/\/veneakselisto.com\/kauppa\/tuote\/f5b-9-high-speed-kumisiipipumppu-moottorin-jaahdytykseen\/#primaryimage"},"thumbnailUrl":"https:\/\/i0.wp.com\/veneakselisto.com\/kauppa\/wp-content\/uploads\/2021\/10\/10-24230-3.jpg?fit=500%2C500&ssl=1","datePublished":"2021-10-09T09:43:18+00:00","dateModified":"2024-08-31T20:13:53+00:00","description":"F5B-9 High Speed Kumisiipipumppu moottorin j\u00e4\u00e4hdytykseen . Tuotteen toimittaa venetarvikkeiden erikoisliike Veneakselisto.com-10-24230-3","breadcrumb":{"@id":"https:\/\/veneakselisto.com\/kauppa\/tuote\/f5b-9-high-speed-kumisiipipumppu-moottorin-jaahdytykseen\/#breadcrumb"},"inLanguage":"fi","potentialAction":[{"@type":"ReadAction","target":["https:\/\/veneakselisto.com\/kauppa\/tuote\/f5b-9-high-speed-kumisiipipumppu-moottorin-jaahdytykseen\/"]}]},{"@type":"ImageObject","inLanguage":"fi","@id":"https:\/\/veneakselisto.com\/kauppa\/tuote\/f5b-9-high-speed-kumisiipipumppu-moottorin-jaahdytykseen\/#primaryimage","url":"https:\/\/i0.wp.com\/veneakselisto.com\/kauppa\/wp-content\/uploads\/2021\/10\/10-24230-3.jpg?fit=500%2C500&ssl=1","contentUrl":"https:\/\/i0.wp.com\/veneakselisto.com\/kauppa\/wp-content\/uploads\/2021\/10\/10-24230-3.jpg?fit=500%2C500&ssl=1","width":500,"height":500,"caption":"10-24230-3 Hihg Speed-Johnson Pump-Veneakselisto"},{"@type":"BreadcrumbList","@id":"https:\/\/veneakselisto.com\/kauppa\/tuote\/f5b-9-high-speed-kumisiipipumppu-moottorin-jaahdytykseen\/#breadcrumb","itemListElement":[{"@type":"ListItem","position":1,"name":"Etusivu","item":"https:\/\/veneakselisto.com\/kauppa\/"},{"@type":"ListItem","position":2,"name":"Kauppa","item":"https:\/\/veneakselisto.com\/kauppa\/"},{"@type":"ListItem","position":3,"name":"F5B-9 High Speed Kumisiipipumppu j\u00e4\u00e4hdytykseen"}]},{"@type":"WebSite","@id":"https:\/\/veneakselisto.com\/kauppa\/#website","url":"https:\/\/veneakselisto.com\/kauppa\/","name":"Veneakselisto.com - verkkokauppa","description":"Venetarvikkeiden maahantuonti ja myynti","publisher":{"@id":"https:\/\/veneakselisto.com\/kauppa\/#organization"},"potentialAction":[{"@type":"SearchAction","target":{"@type":"EntryPoint","urlTemplate":"https:\/\/veneakselisto.com\/kauppa\/?s={search_term_string}"},"query-input":{"@type":"PropertyValueSpecification","valueRequired":true,"valueName":"search_term_string"}}],"inLanguage":"fi"},{"@type":"Organization","@id":"https:\/\/veneakselisto.com\/kauppa\/#organization","name":"Veneakselisto.com verkkokauppa","url":"https:\/\/veneakselisto.com\/kauppa\/","logo":{"@type":"ImageObject","inLanguage":"fi","@id":"https:\/\/veneakselisto.com\/kauppa\/#\/schema\/logo\/image\/","url":"https:\/\/i2.wp.com\/veneakselisto.com\/kauppa\/wp-content\/uploads\/2016\/06\/fb_icon.jpg?fit=327%2C327&ssl=1","contentUrl":"https:\/\/i2.wp.com\/veneakselisto.com\/kauppa\/wp-content\/uploads\/2016\/06\/fb_icon.jpg?fit=327%2C327&ssl=1","width":327,"height":327,"caption":"Veneakselisto.com verkkokauppa"},"image":{"@id":"https:\/\/veneakselisto.com\/kauppa\/#\/schema\/logo\/image\/"},"sameAs":["https:\/\/www.facebook.com\/AlaMikkula\/"]}]}},"jetpack_publicize_connections":[],"jetpack_sharing_enabled":true,"_links":{"self":[{"href":"https:\/\/veneakselisto.com\/kauppa\/wp-json\/wp\/v2\/product\/11894","targetHints":{"allow":["GET"]}}],"collection":[{"href":"https:\/\/veneakselisto.com\/kauppa\/wp-json\/wp\/v2\/product"}],"about":[{"href":"https:\/\/veneakselisto.com\/kauppa\/wp-json\/wp\/v2\/types\/product"}],"replies":[{"embeddable":true,"href":"https:\/\/veneakselisto.com\/kauppa\/wp-json\/wp\/v2\/comments?post=11894"}],"wp:featuredmedia":[{"embeddable":true,"href":"https:\/\/veneakselisto.com\/kauppa\/wp-json\/wp\/v2\/media\/11895"}],"wp:attachment":[{"href":"https:\/\/veneakselisto.com\/kauppa\/wp-json\/wp\/v2\/media?parent=11894"}],"wp:term":[{"taxonomy":"product_brand","embeddable":true,"href":"https:\/\/veneakselisto.com\/kauppa\/wp-json\/wp\/v2\/product_brand?post=11894"},{"taxonomy":"product_cat","embeddable":true,"href":"https:\/\/veneakselisto.com\/kauppa\/wp-json\/wp\/v2\/product_cat?post=11894"},{"taxonomy":"product_tag","embeddable":true,"href":"https:\/\/veneakselisto.com\/kauppa\/wp-json\/wp\/v2\/product_tag?post=11894"}],"curies":[{"name":"wp","href":"https:\/\/api.w.org\/{rel}","templated":true}]}}