{"id":11889,"date":"2021-10-09T10:46:29","date_gmt":"2021-10-09T07:46:29","guid":{"rendered":"https:\/\/veneakselisto.com\/kauppa\/?post_type=product&#038;p=11889"},"modified":"2025-03-10T13:31:46","modified_gmt":"2025-03-10T11:31:46","slug":"johnson-pump-pilssiveden-halytin","status":"publish","type":"product","link":"https:\/\/veneakselisto.com\/kauppa\/tuote\/johnson-pump-pilssiveden-halytin\/","title":{"rendered":"Johnson Pump pilssiveden h\u00e4lytin 12v"},"content":{"rendered":"<h2>Johnson Pump pilssiveden h\u00e4lytin 12v<\/h2>\n<h2>Tuotetiedot<\/h2>\n<div class=\"std\">\n<p>Pilssipumpun automaattikatkaisija 12V Johnson Pump pilssipumpuille<\/p>\n<p>Johnson Pump Bilge Alert pilssiveden h\u00e4lytin 12V. Veden pinnan h\u00e4lytin k\u00e4ytt\u00e4\u00e4 uutta digitaalista tekniikkaa, patentoitua MIRUS kentt\u00e4ilmi\u00f6t\u00e4 hyv\u00e4kseen. Suojatut kennot havaitsevat veden tai nesteen aiheuttaman katkoksen s\u00e4hk\u00f6isess\u00e4 kent\u00e4ss\u00e4. Anturit ovat t\u00e4ysin suojattuja eiv\u00e4tk\u00e4 koskaan ole yhteydess\u00e4 veteen, ne eiv\u00e4t hapetu eik\u00e4 niihin vaikuta \u00f6ljy eiv\u00e4tk\u00e4 roskat. Pilssiveden h\u00e4lytin havaitsee veden ja varoittaa voimakkaalla signaali\u00e4\u00e4nell\u00e4 (90 db) Kolmiasentoisella keinukytkimell\u00e4 voidaan h\u00e4lytin testata, kytke\u00e4 pois k\u00e4yt\u00f6st\u00e4 ja aktivoida.<\/p>\n<p>Uutta digitaalista tekniikkaa k\u00e4ytt\u00e4v\u00e4t patentoidut Mirus kentt\u00e4ilmi\u00f6\u00f6n perustuvat anturikennot tuottavat mikros\u00e4hk\u00f6isen kent\u00e4n ja havaitsevat veden tai nesteen aiheuttaman katkoksen kent\u00e4ss\u00e4. Anturikennot ovat t\u00e4ysin suojattuja eiv\u00e4tk\u00e4 koskaan ole yhteydess\u00e4 veteen, ne eiv\u00e4t hapetu eik\u00e4 niihin vaikuta \u00f6ljy eiv\u00e4tk\u00e4 roskat. Ei liikkuvia osia.<\/p>\n<p>T\u00e4ysin suojattu puolijohde-elektroniikka ja suojatut kentt\u00e4anturit, ei ymp\u00e4rist\u00f6lle haitallista elohopeaa eik\u00e4 n\u00e4kyvi\u00e4 tunnistimia sulkevat pois korroosion ja sy\u00f6pymisen mahdollisuuden ja tekee Ultima kytkimest\u00e4 ymp\u00e4rist\u00f6yst\u00e4v\u00e4llisen tuotteen.<\/p>\n<p>&nbsp;<\/p>\n<p>&nbsp;<\/p>\n<\/div>\n","protected":false},"excerpt":{"rendered":"<h2>Johnson Pump pilssiveden h\u00e4lytin<\/h2>\n<p>Pilssiveden h\u00e4lytin havaitsee veden ja varoittaa voimakkaalla signaali\u00e4\u00e4nell\u00e4 (90 db) Kolmiasentoisella keinukytkimell\u00e4 voidaan h\u00e4lytin testata, kytke\u00e4 pois k\u00e4yt\u00f6st\u00e4 ja aktivoida.<\/p>\n","protected":false},"featured_media":11890,"comment_status":"open","ping_status":"closed","template":"","meta":{"jetpack_post_was_ever_published":false,"jetpack_publicize_message":"","jetpack_publicize_feature_enabled":true,"jetpack_social_post_already_shared":true,"jetpack_social_options":{"image_generator_settings":{"template":"highway","default_image_id":0,"font":"","enabled":false},"version":2}},"product_brand":[],"product_cat":[57],"product_tag":[207,186],"class_list":{"0":"post-11889","1":"product","2":"type-product","3":"status-publish","4":"has-post-thumbnail","6":"product_cat-pilssipumpu","7":"product_tag-pilssipumppu","8":"product_tag-tarvike","10":"first","11":"instock","12":"sale","13":"taxable","14":"shipping-taxable","15":"purchasable","16":"product-type-simple"},"yoast_head":"<!-- This site is optimized with the Yoast SEO plugin v27.4 - https:\/\/yoast.com\/product\/yoast-seo-wordpress\/ -->\n<title>Johnson Pump pilssiveden h\u00e4lytin 12v-Veneakselisto.com<\/title>\n<meta name=\"description\" content=\"Johnson Pump pilssiveden h\u00e4lytin 12v. Varmatoiminen, laadukas ja ilman liikuvia osia pilssiveden h\u00e4lytin-Veneakselisto.com\" \/>\n<meta name=\"robots\" content=\"index, follow, max-snippet:-1, max-image-preview:large, max-video-preview:-1\" \/>\n<link rel=\"canonical\" href=\"https:\/\/veneakselisto.com\/kauppa\/tuote\/johnson-pump-pilssiveden-halytin\/\" \/>\n<meta property=\"og:locale\" content=\"fi_FI\" \/>\n<meta property=\"og:type\" content=\"article\" \/>\n<meta property=\"og:title\" content=\"Johnson Pump pilssiveden h\u00e4lytin 12v-Veneakselisto.com\" \/>\n<meta property=\"og:description\" content=\"Johnson Pump pilssiveden h\u00e4lytin 12v. Varmatoiminen, laadukas ja ilman liikuvia osia pilssiveden h\u00e4lytin-Veneakselisto.com\" \/>\n<meta property=\"og:url\" content=\"https:\/\/veneakselisto.com\/kauppa\/tuote\/johnson-pump-pilssiveden-halytin\/\" \/>\n<meta property=\"og:site_name\" content=\"Veneakselisto.com - verkkokauppa\" \/>\n<meta property=\"article:publisher\" content=\"https:\/\/www.facebook.com\/AlaMikkula\/\" \/>\n<meta property=\"article:modified_time\" content=\"2025-03-10T11:31:46+00:00\" \/>\n<meta property=\"og:image\" content=\"https:\/\/veneakselisto.com\/kauppa\/wp-content\/uploads\/2021\/10\/34-72303.jpg\" \/>\n\t<meta property=\"og:image:width\" content=\"500\" \/>\n\t<meta property=\"og:image:height\" content=\"500\" \/>\n\t<meta property=\"og:image:type\" content=\"image\/jpeg\" \/>\n<meta name=\"twitter:card\" content=\"summary_large_image\" \/>\n<meta name=\"twitter:label1\" content=\"Arvioitu lukuaika\" \/>\n\t<meta name=\"twitter:data1\" content=\"1 minuutti\" \/>\n<script type=\"application\/ld+json\" class=\"yoast-schema-graph\">{\"@context\":\"https:\\\/\\\/schema.org\",\"@graph\":[{\"@type\":\"WebPage\",\"@id\":\"https:\\\/\\\/veneakselisto.com\\\/kauppa\\\/tuote\\\/johnson-pump-pilssiveden-halytin\\\/\",\"url\":\"https:\\\/\\\/veneakselisto.com\\\/kauppa\\\/tuote\\\/johnson-pump-pilssiveden-halytin\\\/\",\"name\":\"Johnson Pump pilssiveden h\u00e4lytin 12v-Veneakselisto.com\",\"isPartOf\":{\"@id\":\"https:\\\/\\\/veneakselisto.com\\\/kauppa\\\/#website\"},\"primaryImageOfPage\":{\"@id\":\"https:\\\/\\\/veneakselisto.com\\\/kauppa\\\/tuote\\\/johnson-pump-pilssiveden-halytin\\\/#primaryimage\"},\"image\":{\"@id\":\"https:\\\/\\\/veneakselisto.com\\\/kauppa\\\/tuote\\\/johnson-pump-pilssiveden-halytin\\\/#primaryimage\"},\"thumbnailUrl\":\"https:\\\/\\\/i0.wp.com\\\/veneakselisto.com\\\/kauppa\\\/wp-content\\\/uploads\\\/2021\\\/10\\\/34-72303.jpg?fit=500%2C500&ssl=1\",\"datePublished\":\"2021-10-09T07:46:29+00:00\",\"dateModified\":\"2025-03-10T11:31:46+00:00\",\"description\":\"Johnson Pump pilssiveden h\u00e4lytin 12v. Varmatoiminen, laadukas ja ilman liikuvia osia pilssiveden h\u00e4lytin-Veneakselisto.com\",\"breadcrumb\":{\"@id\":\"https:\\\/\\\/veneakselisto.com\\\/kauppa\\\/tuote\\\/johnson-pump-pilssiveden-halytin\\\/#breadcrumb\"},\"inLanguage\":\"fi\",\"potentialAction\":[{\"@type\":\"ReadAction\",\"target\":[\"https:\\\/\\\/veneakselisto.com\\\/kauppa\\\/tuote\\\/johnson-pump-pilssiveden-halytin\\\/\"]}]},{\"@type\":\"ImageObject\",\"inLanguage\":\"fi\",\"@id\":\"https:\\\/\\\/veneakselisto.com\\\/kauppa\\\/tuote\\\/johnson-pump-pilssiveden-halytin\\\/#primaryimage\",\"url\":\"https:\\\/\\\/i0.wp.com\\\/veneakselisto.com\\\/kauppa\\\/wp-content\\\/uploads\\\/2021\\\/10\\\/34-72303.jpg?fit=500%2C500&ssl=1\",\"contentUrl\":\"https:\\\/\\\/i0.wp.com\\\/veneakselisto.com\\\/kauppa\\\/wp-content\\\/uploads\\\/2021\\\/10\\\/34-72303.jpg?fit=500%2C500&ssl=1\",\"width\":500,\"height\":500,\"caption\":\"34-72303-pilssiveden h\u00e4lytin-venetarvikkeiden erikoisliike-veneakselisto.com\"},{\"@type\":\"BreadcrumbList\",\"@id\":\"https:\\\/\\\/veneakselisto.com\\\/kauppa\\\/tuote\\\/johnson-pump-pilssiveden-halytin\\\/#breadcrumb\",\"itemListElement\":[{\"@type\":\"ListItem\",\"position\":1,\"name\":\"Etusivu\",\"item\":\"https:\\\/\\\/veneakselisto.com\\\/kauppa\\\/\"},{\"@type\":\"ListItem\",\"position\":2,\"name\":\"Kauppa\",\"item\":\"https:\\\/\\\/veneakselisto.com\\\/kauppa\\\/\"},{\"@type\":\"ListItem\",\"position\":3,\"name\":\"Johnson Pump pilssiveden h\u00e4lytin 12v\"}]},{\"@type\":\"WebSite\",\"@id\":\"https:\\\/\\\/veneakselisto.com\\\/kauppa\\\/#website\",\"url\":\"https:\\\/\\\/veneakselisto.com\\\/kauppa\\\/\",\"name\":\"Veneakselisto.com - verkkokauppa\",\"description\":\"Venetarvikkeiden maahantuonti ja myynti\",\"publisher\":{\"@id\":\"https:\\\/\\\/veneakselisto.com\\\/kauppa\\\/#organization\"},\"potentialAction\":[{\"@type\":\"SearchAction\",\"target\":{\"@type\":\"EntryPoint\",\"urlTemplate\":\"https:\\\/\\\/veneakselisto.com\\\/kauppa\\\/?s={search_term_string}\"},\"query-input\":{\"@type\":\"PropertyValueSpecification\",\"valueRequired\":true,\"valueName\":\"search_term_string\"}}],\"inLanguage\":\"fi\"},{\"@type\":\"Organization\",\"@id\":\"https:\\\/\\\/veneakselisto.com\\\/kauppa\\\/#organization\",\"name\":\"Veneakselisto.com verkkokauppa\",\"url\":\"https:\\\/\\\/veneakselisto.com\\\/kauppa\\\/\",\"logo\":{\"@type\":\"ImageObject\",\"inLanguage\":\"fi\",\"@id\":\"https:\\\/\\\/veneakselisto.com\\\/kauppa\\\/#\\\/schema\\\/logo\\\/image\\\/\",\"url\":\"https:\\\/\\\/i2.wp.com\\\/veneakselisto.com\\\/kauppa\\\/wp-content\\\/uploads\\\/2016\\\/06\\\/fb_icon.jpg?fit=327%2C327&ssl=1\",\"contentUrl\":\"https:\\\/\\\/i2.wp.com\\\/veneakselisto.com\\\/kauppa\\\/wp-content\\\/uploads\\\/2016\\\/06\\\/fb_icon.jpg?fit=327%2C327&ssl=1\",\"width\":327,\"height\":327,\"caption\":\"Veneakselisto.com verkkokauppa\"},\"image\":{\"@id\":\"https:\\\/\\\/veneakselisto.com\\\/kauppa\\\/#\\\/schema\\\/logo\\\/image\\\/\"},\"sameAs\":[\"https:\\\/\\\/www.facebook.com\\\/AlaMikkula\\\/\"]}]}<\/script>\n<!-- \/ Yoast SEO plugin. -->","yoast_head_json":{"title":"Johnson Pump pilssiveden h\u00e4lytin 12v-Veneakselisto.com","description":"Johnson Pump pilssiveden h\u00e4lytin 12v. Varmatoiminen, laadukas ja ilman liikuvia osia pilssiveden h\u00e4lytin-Veneakselisto.com","robots":{"index":"index","follow":"follow","max-snippet":"max-snippet:-1","max-image-preview":"max-image-preview:large","max-video-preview":"max-video-preview:-1"},"canonical":"https:\/\/veneakselisto.com\/kauppa\/tuote\/johnson-pump-pilssiveden-halytin\/","og_locale":"fi_FI","og_type":"article","og_title":"Johnson Pump pilssiveden h\u00e4lytin 12v-Veneakselisto.com","og_description":"Johnson Pump pilssiveden h\u00e4lytin 12v. Varmatoiminen, laadukas ja ilman liikuvia osia pilssiveden h\u00e4lytin-Veneakselisto.com","og_url":"https:\/\/veneakselisto.com\/kauppa\/tuote\/johnson-pump-pilssiveden-halytin\/","og_site_name":"Veneakselisto.com - verkkokauppa","article_publisher":"https:\/\/www.facebook.com\/AlaMikkula\/","article_modified_time":"2025-03-10T11:31:46+00:00","og_image":[{"width":500,"height":500,"url":"https:\/\/veneakselisto.com\/kauppa\/wp-content\/uploads\/2021\/10\/34-72303.jpg","type":"image\/jpeg"}],"twitter_card":"summary_large_image","twitter_misc":{"Arvioitu lukuaika":"1 minuutti"},"schema":{"@context":"https:\/\/schema.org","@graph":[{"@type":"WebPage","@id":"https:\/\/veneakselisto.com\/kauppa\/tuote\/johnson-pump-pilssiveden-halytin\/","url":"https:\/\/veneakselisto.com\/kauppa\/tuote\/johnson-pump-pilssiveden-halytin\/","name":"Johnson Pump pilssiveden h\u00e4lytin 12v-Veneakselisto.com","isPartOf":{"@id":"https:\/\/veneakselisto.com\/kauppa\/#website"},"primaryImageOfPage":{"@id":"https:\/\/veneakselisto.com\/kauppa\/tuote\/johnson-pump-pilssiveden-halytin\/#primaryimage"},"image":{"@id":"https:\/\/veneakselisto.com\/kauppa\/tuote\/johnson-pump-pilssiveden-halytin\/#primaryimage"},"thumbnailUrl":"https:\/\/i0.wp.com\/veneakselisto.com\/kauppa\/wp-content\/uploads\/2021\/10\/34-72303.jpg?fit=500%2C500&ssl=1","datePublished":"2021-10-09T07:46:29+00:00","dateModified":"2025-03-10T11:31:46+00:00","description":"Johnson Pump pilssiveden h\u00e4lytin 12v. Varmatoiminen, laadukas ja ilman liikuvia osia pilssiveden h\u00e4lytin-Veneakselisto.com","breadcrumb":{"@id":"https:\/\/veneakselisto.com\/kauppa\/tuote\/johnson-pump-pilssiveden-halytin\/#breadcrumb"},"inLanguage":"fi","potentialAction":[{"@type":"ReadAction","target":["https:\/\/veneakselisto.com\/kauppa\/tuote\/johnson-pump-pilssiveden-halytin\/"]}]},{"@type":"ImageObject","inLanguage":"fi","@id":"https:\/\/veneakselisto.com\/kauppa\/tuote\/johnson-pump-pilssiveden-halytin\/#primaryimage","url":"https:\/\/i0.wp.com\/veneakselisto.com\/kauppa\/wp-content\/uploads\/2021\/10\/34-72303.jpg?fit=500%2C500&ssl=1","contentUrl":"https:\/\/i0.wp.com\/veneakselisto.com\/kauppa\/wp-content\/uploads\/2021\/10\/34-72303.jpg?fit=500%2C500&ssl=1","width":500,"height":500,"caption":"34-72303-pilssiveden h\u00e4lytin-venetarvikkeiden erikoisliike-veneakselisto.com"},{"@type":"BreadcrumbList","@id":"https:\/\/veneakselisto.com\/kauppa\/tuote\/johnson-pump-pilssiveden-halytin\/#breadcrumb","itemListElement":[{"@type":"ListItem","position":1,"name":"Etusivu","item":"https:\/\/veneakselisto.com\/kauppa\/"},{"@type":"ListItem","position":2,"name":"Kauppa","item":"https:\/\/veneakselisto.com\/kauppa\/"},{"@type":"ListItem","position":3,"name":"Johnson Pump pilssiveden h\u00e4lytin 12v"}]},{"@type":"WebSite","@id":"https:\/\/veneakselisto.com\/kauppa\/#website","url":"https:\/\/veneakselisto.com\/kauppa\/","name":"Veneakselisto.com - verkkokauppa","description":"Venetarvikkeiden maahantuonti ja myynti","publisher":{"@id":"https:\/\/veneakselisto.com\/kauppa\/#organization"},"potentialAction":[{"@type":"SearchAction","target":{"@type":"EntryPoint","urlTemplate":"https:\/\/veneakselisto.com\/kauppa\/?s={search_term_string}"},"query-input":{"@type":"PropertyValueSpecification","valueRequired":true,"valueName":"search_term_string"}}],"inLanguage":"fi"},{"@type":"Organization","@id":"https:\/\/veneakselisto.com\/kauppa\/#organization","name":"Veneakselisto.com verkkokauppa","url":"https:\/\/veneakselisto.com\/kauppa\/","logo":{"@type":"ImageObject","inLanguage":"fi","@id":"https:\/\/veneakselisto.com\/kauppa\/#\/schema\/logo\/image\/","url":"https:\/\/i2.wp.com\/veneakselisto.com\/kauppa\/wp-content\/uploads\/2016\/06\/fb_icon.jpg?fit=327%2C327&ssl=1","contentUrl":"https:\/\/i2.wp.com\/veneakselisto.com\/kauppa\/wp-content\/uploads\/2016\/06\/fb_icon.jpg?fit=327%2C327&ssl=1","width":327,"height":327,"caption":"Veneakselisto.com verkkokauppa"},"image":{"@id":"https:\/\/veneakselisto.com\/kauppa\/#\/schema\/logo\/image\/"},"sameAs":["https:\/\/www.facebook.com\/AlaMikkula\/"]}]}},"jetpack_publicize_connections":[],"jetpack_sharing_enabled":true,"_links":{"self":[{"href":"https:\/\/veneakselisto.com\/kauppa\/wp-json\/wp\/v2\/product\/11889","targetHints":{"allow":["GET"]}}],"collection":[{"href":"https:\/\/veneakselisto.com\/kauppa\/wp-json\/wp\/v2\/product"}],"about":[{"href":"https:\/\/veneakselisto.com\/kauppa\/wp-json\/wp\/v2\/types\/product"}],"replies":[{"embeddable":true,"href":"https:\/\/veneakselisto.com\/kauppa\/wp-json\/wp\/v2\/comments?post=11889"}],"wp:featuredmedia":[{"embeddable":true,"href":"https:\/\/veneakselisto.com\/kauppa\/wp-json\/wp\/v2\/media\/11890"}],"wp:attachment":[{"href":"https:\/\/veneakselisto.com\/kauppa\/wp-json\/wp\/v2\/media?parent=11889"}],"wp:term":[{"taxonomy":"product_brand","embeddable":true,"href":"https:\/\/veneakselisto.com\/kauppa\/wp-json\/wp\/v2\/product_brand?post=11889"},{"taxonomy":"product_cat","embeddable":true,"href":"https:\/\/veneakselisto.com\/kauppa\/wp-json\/wp\/v2\/product_cat?post=11889"},{"taxonomy":"product_tag","embeddable":true,"href":"https:\/\/veneakselisto.com\/kauppa\/wp-json\/wp\/v2\/product_tag?post=11889"}],"curies":[{"name":"wp","href":"https:\/\/api.w.org\/{rel}","templated":true}]}}