{"id":11812,"date":"2021-09-28T09:57:05","date_gmt":"2021-09-28T06:57:05","guid":{"rendered":"https:\/\/veneakselisto.com\/kauppa\/?post_type=product&#038;p=11812"},"modified":"2026-04-08T13:19:00","modified_gmt":"2026-04-08T10:19:00","slug":"ab16s-huohotinventtiili","status":"publish","type":"product","link":"https:\/\/veneakselisto.com\/kauppa\/tuote\/ab16s-huohotinventtiili\/","title":{"rendered":"AB16S huohotinventtiili"},"content":{"rendered":"<p>AB16S huohotinventtiili<\/p>\n<p>Huohotinventtiilit haponkest\u00e4v\u00e4\u00e4 ter\u00e4st\u00e4 (AISI 316). Sopii juomavedelle &#8211; polttoaineelle &#8211; j\u00e4tevedelle. Huohottimien kapasiteetti t\u00e4ytt\u00e4\u00e4 CE vaatimukset. Toimitetaan ristikolla (ruostumaton ter\u00e4s), joka toimii liekinpys\u00e4yttimen\u00e4. Voidaan puhdistaa helposti.<\/p>\n<p>-Letku 16mm<\/p>\n<p>-Asennusreik\u00e4 39.5mm<\/p>\n","protected":false},"excerpt":{"rendered":"<p>AB16S huohotinventtiili<\/p>\n<p>Huohotinventtiilit haponkest\u00e4v\u00e4\u00e4 ter\u00e4st\u00e4 (AISI 316). Sopii juomavedelle &#8211; polttoaineelle &#8211; j\u00e4tevedelle. Huohottimien kapasiteetti t\u00e4ytt\u00e4\u00e4 CE vaatimukset. Toimitetaan ristikolla (ruostumaton ter\u00e4s), joka toimii liekinpys\u00e4yttimen\u00e4. Voidaan puhdistaa helposti.<\/p>\n<p>-Letku 16mm<\/p>\n<p>-Asennusreik\u00e4 39.5mm<\/p>\n<p>Kaikilla tuotteilla normaalisti 1-5pv toimitusaika.<\/p>\n","protected":false},"featured_media":11813,"comment_status":"open","ping_status":"closed","template":"","meta":{"jetpack_post_was_ever_published":false,"jetpack_publicize_message":"","jetpack_publicize_feature_enabled":true,"jetpack_social_post_already_shared":true,"jetpack_social_options":{"image_generator_settings":{"template":"highway","default_image_id":0,"font":"","enabled":false},"version":2}},"product_brand":[],"product_cat":[1063,58,1077,1078,939,1057,483,1061,142,1086,476,472,470],"product_tag":[482,1181,474,98],"class_list":{"0":"post-11812","1":"product","2":"type-product","3":"status-publish","4":"has-post-thumbnail","6":"product_cat-vetus-septitankki-jatevesijarjestelma","7":"product_cat-jatevesipumput-ja-tarvikkeet","8":"product_cat-vetus-jatevesi-septisailio-tarvikkeet","9":"product_cat-vetus-makeavesijarjestelma-juomavesi","10":"product_cat-makeavesitankin-tarvikkeet-asennus","11":"product_cat-polttoainejarjestelma","12":"product_cat-polttoainejarjestela_tarvikkeet","13":"product_cat-diesel-tarvikkeet-veneen-suodatin","14":"product_cat-vesi-ja-wc-jarjestelmat","15":"product_cat-tarvikkeet-makeallevedelle","16":"product_cat-vetus_vetus-venetarvikkeet_venetarvikeiden-maahantuonti-ja-myynti-vetus_vetus-venetarvikkeet_venetarvikeiden-maahantuonti-ja-myynti","17":"product_cat-vetus_polttoainejarjestelma","18":"product_cat-vetus_vetus-venetarvikkeet_venetarvikeiden-maahantuonti-ja-myynti","19":"product_tag-diesel","20":"product_tag-makeavesi","21":"product_tag-septi","22":"product_tag-vetus","23":"brand-vetus","25":"first","26":"instock","27":"taxable","28":"shipping-taxable","29":"purchasable","30":"product-type-simple"},"yoast_head":"<!-- This site is optimized with the Yoast SEO plugin v27.3 - https:\/\/yoast.com\/product\/yoast-seo-wordpress\/ -->\n<title>AB16S huohotinventtiili -tankki-Vetus-kaikille nesteille<\/title>\n<meta name=\"description\" content=\"AB16S huohotinventtiili -vetus Venetarvikkeet Venevaraosat.com-Venetarvikkeiden maahantuonti ja myynti-Vetus\" \/>\n<meta name=\"robots\" content=\"index, follow, max-snippet:-1, max-image-preview:large, max-video-preview:-1\" \/>\n<link rel=\"canonical\" href=\"https:\/\/veneakselisto.com\/kauppa\/tuote\/ab16s-huohotinventtiili\/\" \/>\n<meta property=\"og:locale\" content=\"fi_FI\" \/>\n<meta property=\"og:type\" content=\"article\" \/>\n<meta property=\"og:title\" content=\"AB16S huohotinventtiili -tankki-Vetus-kaikille nesteille\" \/>\n<meta property=\"og:description\" content=\"AB16S huohotinventtiili -vetus Venetarvikkeet Venevaraosat.com-Venetarvikkeiden maahantuonti ja myynti-Vetus\" \/>\n<meta property=\"og:url\" content=\"https:\/\/veneakselisto.com\/kauppa\/tuote\/ab16s-huohotinventtiili\/\" \/>\n<meta property=\"og:site_name\" content=\"Veneakselisto.com - verkkokauppa\" \/>\n<meta property=\"article:publisher\" content=\"https:\/\/www.facebook.com\/AlaMikkula\/\" \/>\n<meta property=\"article:modified_time\" content=\"2026-04-08T10:19:00+00:00\" \/>\n<meta property=\"og:image\" content=\"https:\/\/veneakselisto.com\/kauppa\/wp-content\/uploads\/2021\/09\/AB16S.jpg\" \/>\n\t<meta property=\"og:image:width\" content=\"500\" \/>\n\t<meta property=\"og:image:height\" content=\"500\" \/>\n\t<meta property=\"og:image:type\" content=\"image\/jpeg\" \/>\n<meta name=\"twitter:card\" content=\"summary_large_image\" \/>\n<meta name=\"twitter:label1\" content=\"Arvioitu lukuaika\" \/>\n\t<meta name=\"twitter:data1\" content=\"1 minuutti\" \/>\n<script type=\"application\/ld+json\" class=\"yoast-schema-graph\">{\"@context\":\"https:\\\/\\\/schema.org\",\"@graph\":[{\"@type\":\"WebPage\",\"@id\":\"https:\\\/\\\/veneakselisto.com\\\/kauppa\\\/tuote\\\/ab16s-huohotinventtiili\\\/\",\"url\":\"https:\\\/\\\/veneakselisto.com\\\/kauppa\\\/tuote\\\/ab16s-huohotinventtiili\\\/\",\"name\":\"AB16S huohotinventtiili -tankki-Vetus-kaikille nesteille\",\"isPartOf\":{\"@id\":\"https:\\\/\\\/veneakselisto.com\\\/kauppa\\\/#website\"},\"primaryImageOfPage\":{\"@id\":\"https:\\\/\\\/veneakselisto.com\\\/kauppa\\\/tuote\\\/ab16s-huohotinventtiili\\\/#primaryimage\"},\"image\":{\"@id\":\"https:\\\/\\\/veneakselisto.com\\\/kauppa\\\/tuote\\\/ab16s-huohotinventtiili\\\/#primaryimage\"},\"thumbnailUrl\":\"https:\\\/\\\/i0.wp.com\\\/veneakselisto.com\\\/kauppa\\\/wp-content\\\/uploads\\\/2021\\\/09\\\/AB16S.jpg?fit=500%2C500&ssl=1\",\"datePublished\":\"2021-09-28T06:57:05+00:00\",\"dateModified\":\"2026-04-08T10:19:00+00:00\",\"description\":\"AB16S huohotinventtiili -vetus Venetarvikkeet Venevaraosat.com-Venetarvikkeiden maahantuonti ja myynti-Vetus\",\"breadcrumb\":{\"@id\":\"https:\\\/\\\/veneakselisto.com\\\/kauppa\\\/tuote\\\/ab16s-huohotinventtiili\\\/#breadcrumb\"},\"inLanguage\":\"fi\",\"potentialAction\":[{\"@type\":\"ReadAction\",\"target\":[\"https:\\\/\\\/veneakselisto.com\\\/kauppa\\\/tuote\\\/ab16s-huohotinventtiili\\\/\"]}]},{\"@type\":\"ImageObject\",\"inLanguage\":\"fi\",\"@id\":\"https:\\\/\\\/veneakselisto.com\\\/kauppa\\\/tuote\\\/ab16s-huohotinventtiili\\\/#primaryimage\",\"url\":\"https:\\\/\\\/i0.wp.com\\\/veneakselisto.com\\\/kauppa\\\/wp-content\\\/uploads\\\/2021\\\/09\\\/AB16S.jpg?fit=500%2C500&ssl=1\",\"contentUrl\":\"https:\\\/\\\/i0.wp.com\\\/veneakselisto.com\\\/kauppa\\\/wp-content\\\/uploads\\\/2021\\\/09\\\/AB16S.jpg?fit=500%2C500&ssl=1\",\"width\":500,\"height\":500,\"caption\":\"Huohitinventtiili juomavedelle-polttoaineille-j\u00e4tevedelle-Veneakselisto.com\"},{\"@type\":\"BreadcrumbList\",\"@id\":\"https:\\\/\\\/veneakselisto.com\\\/kauppa\\\/tuote\\\/ab16s-huohotinventtiili\\\/#breadcrumb\",\"itemListElement\":[{\"@type\":\"ListItem\",\"position\":1,\"name\":\"Etusivu\",\"item\":\"https:\\\/\\\/veneakselisto.com\\\/kauppa\\\/\"},{\"@type\":\"ListItem\",\"position\":2,\"name\":\"Kauppa\",\"item\":\"https:\\\/\\\/veneakselisto.com\\\/kauppa\\\/\"},{\"@type\":\"ListItem\",\"position\":3,\"name\":\"AB16S huohotinventtiili\"}]},{\"@type\":\"WebSite\",\"@id\":\"https:\\\/\\\/veneakselisto.com\\\/kauppa\\\/#website\",\"url\":\"https:\\\/\\\/veneakselisto.com\\\/kauppa\\\/\",\"name\":\"Veneakselisto.com - verkkokauppa\",\"description\":\"Venetarvikkeiden maahantuonti ja myynti\",\"publisher\":{\"@id\":\"https:\\\/\\\/veneakselisto.com\\\/kauppa\\\/#organization\"},\"potentialAction\":[{\"@type\":\"SearchAction\",\"target\":{\"@type\":\"EntryPoint\",\"urlTemplate\":\"https:\\\/\\\/veneakselisto.com\\\/kauppa\\\/?s={search_term_string}\"},\"query-input\":{\"@type\":\"PropertyValueSpecification\",\"valueRequired\":true,\"valueName\":\"search_term_string\"}}],\"inLanguage\":\"fi\"},{\"@type\":\"Organization\",\"@id\":\"https:\\\/\\\/veneakselisto.com\\\/kauppa\\\/#organization\",\"name\":\"Veneakselisto.com verkkokauppa\",\"url\":\"https:\\\/\\\/veneakselisto.com\\\/kauppa\\\/\",\"logo\":{\"@type\":\"ImageObject\",\"inLanguage\":\"fi\",\"@id\":\"https:\\\/\\\/veneakselisto.com\\\/kauppa\\\/#\\\/schema\\\/logo\\\/image\\\/\",\"url\":\"https:\\\/\\\/i2.wp.com\\\/veneakselisto.com\\\/kauppa\\\/wp-content\\\/uploads\\\/2016\\\/06\\\/fb_icon.jpg?fit=327%2C327&ssl=1\",\"contentUrl\":\"https:\\\/\\\/i2.wp.com\\\/veneakselisto.com\\\/kauppa\\\/wp-content\\\/uploads\\\/2016\\\/06\\\/fb_icon.jpg?fit=327%2C327&ssl=1\",\"width\":327,\"height\":327,\"caption\":\"Veneakselisto.com verkkokauppa\"},\"image\":{\"@id\":\"https:\\\/\\\/veneakselisto.com\\\/kauppa\\\/#\\\/schema\\\/logo\\\/image\\\/\"},\"sameAs\":[\"https:\\\/\\\/www.facebook.com\\\/AlaMikkula\\\/\"]}]}<\/script>\n<!-- \/ Yoast SEO plugin. -->","yoast_head_json":{"title":"AB16S huohotinventtiili -tankki-Vetus-kaikille nesteille","description":"AB16S huohotinventtiili -vetus Venetarvikkeet Venevaraosat.com-Venetarvikkeiden maahantuonti ja myynti-Vetus","robots":{"index":"index","follow":"follow","max-snippet":"max-snippet:-1","max-image-preview":"max-image-preview:large","max-video-preview":"max-video-preview:-1"},"canonical":"https:\/\/veneakselisto.com\/kauppa\/tuote\/ab16s-huohotinventtiili\/","og_locale":"fi_FI","og_type":"article","og_title":"AB16S huohotinventtiili -tankki-Vetus-kaikille nesteille","og_description":"AB16S huohotinventtiili -vetus Venetarvikkeet Venevaraosat.com-Venetarvikkeiden maahantuonti ja myynti-Vetus","og_url":"https:\/\/veneakselisto.com\/kauppa\/tuote\/ab16s-huohotinventtiili\/","og_site_name":"Veneakselisto.com - verkkokauppa","article_publisher":"https:\/\/www.facebook.com\/AlaMikkula\/","article_modified_time":"2026-04-08T10:19:00+00:00","og_image":[{"width":500,"height":500,"url":"https:\/\/veneakselisto.com\/kauppa\/wp-content\/uploads\/2021\/09\/AB16S.jpg","type":"image\/jpeg"}],"twitter_card":"summary_large_image","twitter_misc":{"Arvioitu lukuaika":"1 minuutti"},"schema":{"@context":"https:\/\/schema.org","@graph":[{"@type":"WebPage","@id":"https:\/\/veneakselisto.com\/kauppa\/tuote\/ab16s-huohotinventtiili\/","url":"https:\/\/veneakselisto.com\/kauppa\/tuote\/ab16s-huohotinventtiili\/","name":"AB16S huohotinventtiili -tankki-Vetus-kaikille nesteille","isPartOf":{"@id":"https:\/\/veneakselisto.com\/kauppa\/#website"},"primaryImageOfPage":{"@id":"https:\/\/veneakselisto.com\/kauppa\/tuote\/ab16s-huohotinventtiili\/#primaryimage"},"image":{"@id":"https:\/\/veneakselisto.com\/kauppa\/tuote\/ab16s-huohotinventtiili\/#primaryimage"},"thumbnailUrl":"https:\/\/i0.wp.com\/veneakselisto.com\/kauppa\/wp-content\/uploads\/2021\/09\/AB16S.jpg?fit=500%2C500&ssl=1","datePublished":"2021-09-28T06:57:05+00:00","dateModified":"2026-04-08T10:19:00+00:00","description":"AB16S huohotinventtiili -vetus Venetarvikkeet Venevaraosat.com-Venetarvikkeiden maahantuonti ja myynti-Vetus","breadcrumb":{"@id":"https:\/\/veneakselisto.com\/kauppa\/tuote\/ab16s-huohotinventtiili\/#breadcrumb"},"inLanguage":"fi","potentialAction":[{"@type":"ReadAction","target":["https:\/\/veneakselisto.com\/kauppa\/tuote\/ab16s-huohotinventtiili\/"]}]},{"@type":"ImageObject","inLanguage":"fi","@id":"https:\/\/veneakselisto.com\/kauppa\/tuote\/ab16s-huohotinventtiili\/#primaryimage","url":"https:\/\/i0.wp.com\/veneakselisto.com\/kauppa\/wp-content\/uploads\/2021\/09\/AB16S.jpg?fit=500%2C500&ssl=1","contentUrl":"https:\/\/i0.wp.com\/veneakselisto.com\/kauppa\/wp-content\/uploads\/2021\/09\/AB16S.jpg?fit=500%2C500&ssl=1","width":500,"height":500,"caption":"Huohitinventtiili juomavedelle-polttoaineille-j\u00e4tevedelle-Veneakselisto.com"},{"@type":"BreadcrumbList","@id":"https:\/\/veneakselisto.com\/kauppa\/tuote\/ab16s-huohotinventtiili\/#breadcrumb","itemListElement":[{"@type":"ListItem","position":1,"name":"Etusivu","item":"https:\/\/veneakselisto.com\/kauppa\/"},{"@type":"ListItem","position":2,"name":"Kauppa","item":"https:\/\/veneakselisto.com\/kauppa\/"},{"@type":"ListItem","position":3,"name":"AB16S huohotinventtiili"}]},{"@type":"WebSite","@id":"https:\/\/veneakselisto.com\/kauppa\/#website","url":"https:\/\/veneakselisto.com\/kauppa\/","name":"Veneakselisto.com - verkkokauppa","description":"Venetarvikkeiden maahantuonti ja myynti","publisher":{"@id":"https:\/\/veneakselisto.com\/kauppa\/#organization"},"potentialAction":[{"@type":"SearchAction","target":{"@type":"EntryPoint","urlTemplate":"https:\/\/veneakselisto.com\/kauppa\/?s={search_term_string}"},"query-input":{"@type":"PropertyValueSpecification","valueRequired":true,"valueName":"search_term_string"}}],"inLanguage":"fi"},{"@type":"Organization","@id":"https:\/\/veneakselisto.com\/kauppa\/#organization","name":"Veneakselisto.com verkkokauppa","url":"https:\/\/veneakselisto.com\/kauppa\/","logo":{"@type":"ImageObject","inLanguage":"fi","@id":"https:\/\/veneakselisto.com\/kauppa\/#\/schema\/logo\/image\/","url":"https:\/\/i2.wp.com\/veneakselisto.com\/kauppa\/wp-content\/uploads\/2016\/06\/fb_icon.jpg?fit=327%2C327&ssl=1","contentUrl":"https:\/\/i2.wp.com\/veneakselisto.com\/kauppa\/wp-content\/uploads\/2016\/06\/fb_icon.jpg?fit=327%2C327&ssl=1","width":327,"height":327,"caption":"Veneakselisto.com verkkokauppa"},"image":{"@id":"https:\/\/veneakselisto.com\/kauppa\/#\/schema\/logo\/image\/"},"sameAs":["https:\/\/www.facebook.com\/AlaMikkula\/"]}]}},"jetpack_publicize_connections":[],"jetpack_sharing_enabled":true,"_links":{"self":[{"href":"https:\/\/veneakselisto.com\/kauppa\/wp-json\/wp\/v2\/product\/11812","targetHints":{"allow":["GET"]}}],"collection":[{"href":"https:\/\/veneakselisto.com\/kauppa\/wp-json\/wp\/v2\/product"}],"about":[{"href":"https:\/\/veneakselisto.com\/kauppa\/wp-json\/wp\/v2\/types\/product"}],"replies":[{"embeddable":true,"href":"https:\/\/veneakselisto.com\/kauppa\/wp-json\/wp\/v2\/comments?post=11812"}],"wp:featuredmedia":[{"embeddable":true,"href":"https:\/\/veneakselisto.com\/kauppa\/wp-json\/wp\/v2\/media\/11813"}],"wp:attachment":[{"href":"https:\/\/veneakselisto.com\/kauppa\/wp-json\/wp\/v2\/media?parent=11812"}],"wp:term":[{"taxonomy":"product_brand","embeddable":true,"href":"https:\/\/veneakselisto.com\/kauppa\/wp-json\/wp\/v2\/product_brand?post=11812"},{"taxonomy":"product_cat","embeddable":true,"href":"https:\/\/veneakselisto.com\/kauppa\/wp-json\/wp\/v2\/product_cat?post=11812"},{"taxonomy":"product_tag","embeddable":true,"href":"https:\/\/veneakselisto.com\/kauppa\/wp-json\/wp\/v2\/product_tag?post=11812"}],"curies":[{"name":"wp","href":"https:\/\/api.w.org\/{rel}","templated":true}]}}