{"id":10981,"date":"2021-05-26T13:13:03","date_gmt":"2021-05-26T10:13:03","guid":{"rendered":"https:\/\/veneakselisto.com\/kauppa\/?post_type=product&#038;p=10981"},"modified":"2025-11-17T15:47:54","modified_gmt":"2025-11-17T13:47:54","slug":"vetus-35mm-vesivoideltava-kolmoishuuli-akselitiiviste","status":"publish","type":"product","link":"https:\/\/veneakselisto.com\/kauppa\/tuote\/vetus-35mm-vesivoideltava-kolmoishuuli-akselitiiviste\/","title":{"rendered":"35mm VETUS vesivoideltava kolmoishuuli akselitiiviste"},"content":{"rendered":"<p>VETUS 35mm vesivoideltava kolmoishuuli akselitiiviste<\/p>\n<p>35mm akselille<\/p>\n<p>54-56mm vannaputkelle<\/p>\n<p>Pituus 145m<\/p>\n<p>Joustava akselitiiviste kolmoishuulitiivisteell\u00e4 takaa tiiviyden<\/p>\n<p>ZWBH akselitiivisteet ovat kehitetty k\u00e4ytett\u00e4v\u00e4ksi vesivoideltujen akselistojen kanssa.<br \/>\nT\u00e4m\u00e4 p\u00e4ivitetty, yhdest\u00e4 kappaleesta valmistettu (monoblock) malli, toimii samalla<br \/>\ntavalla kuin luotettavat ZWB mallit, mutta siihen on lis\u00e4tty viel\u00e4 yksi huulitiiviste<br \/>\n(yhteens\u00e4 kolme) tiiviyden varmistamiseksi. Minimaalinen kitka, \u00f6ljyn ja vaseliinin<br \/>\nkest\u00e4v\u00e4 sek\u00e4 10 mm vulkanoitu letkukara, tekev\u00e4t ZWBH:sta varman valinnan.<br \/>\nVETUS suosittelee ett\u00e4 t\u00e4m\u00e4 akselitiiviste voidellaan vuosittain silikonirasvalla<br \/>\noptimaalisen toiminnan s\u00e4ilytt\u00e4miseksi. ZWBH akselitiivisteet kest\u00e4v\u00e4t jopa<br \/>\n-15\u00b0 ja + 85\u00b0 v\u00e4liset l\u00e4mp\u00f6tilat ja soveltuvat k\u00e4ytett\u00e4v\u00e4ksi pronssisten, ter\u00e4ksisten ja<br \/>\nlujitemuovisten VETUS vannasputkien kanssa. Toimitukseen kuuluu lis\u00e4ksi<br \/>\n2 letkukiristint\u00e4 (ruostumatonta ter\u00e4st\u00e4) sek\u00e4 silikonirasva.<\/p>\n","protected":false},"excerpt":{"rendered":"<p>VETUS 35mm vesivoideltava kolmoishuuli akselitiiviste<\/p>\n<p>OEM: ZWBH35<\/p>\n<p>Halkaisija: 35mm akselille kolmoishuulitiivisteell\u00e4<br \/>\nPituus: 145mm<\/p>\n<p>54-56mm vannasputkelle<\/p>\n<p>Verkkokauppa tuote. Toimitus 1-4pv normaalisti.<\/p>\n","protected":false},"featured_media":4122,"comment_status":"open","ping_status":"closed","template":"","meta":{"jetpack_post_was_ever_published":false,"jetpack_publicize_message":"","jetpack_publicize_feature_enabled":true,"jetpack_social_post_already_shared":true,"jetpack_social_options":{"image_generator_settings":{"template":"highway","default_image_id":0,"font":"","enabled":false},"version":2}},"product_brand":[],"product_cat":[819,21,26,994,27,470],"product_tag":[80,302,98],"class_list":{"0":"post-10981","1":"product","2":"type-product","3":"status-publish","4":"has-post-thumbnail","6":"product_cat-vesivoidellut-akselitiivisteet-volvo-penta-akselitiiviste-vesivoidellut-akselitiivisteet-volvo-penta-akselitiiviste","7":"product_cat-potkuriakselit_ja_tarvikkeet","8":"product_cat-vesivoidellut-akselitiivisteet-volvo-penta-akselitiiviste","9":"product_cat-vetus-potkuriakseli-tiiviste","10":"product_cat-vetus-akselitiivisteet","11":"product_cat-vetus_vetus-venetarvikkeet_venetarvikeiden-maahantuonti-ja-myynti","12":"product_tag-akselitiiviste","13":"product_tag-tarvikkeet","14":"product_tag-vetus","15":"brand-vetus","17":"first","18":"instock","19":"taxable","20":"shipping-taxable","21":"purchasable","22":"product-type-simple"},"yoast_head":"<!-- This site is optimized with the Yoast SEO plugin v27.3 - https:\/\/yoast.com\/product\/yoast-seo-wordpress\/ -->\n<title>VETUS 35mm vesivoideltava kolmoishuuli akselitiiviste -Veneakseli<\/title>\n<meta name=\"description\" content=\"VETUS 35mm vesivoideltava kolmoishuuli akselitiiviste. Tuotteen toimittaa aina edullinen Veneakselisto.com - Venetarvikkeiden maahantuonti ja myynti.\" \/>\n<meta name=\"robots\" content=\"index, follow, max-snippet:-1, max-image-preview:large, max-video-preview:-1\" \/>\n<link rel=\"canonical\" href=\"https:\/\/veneakselisto.com\/kauppa\/tuote\/vetus-35mm-vesivoideltava-kolmoishuuli-akselitiiviste\/\" \/>\n<meta property=\"og:locale\" content=\"fi_FI\" \/>\n<meta property=\"og:type\" content=\"article\" \/>\n<meta property=\"og:title\" content=\"VETUS 35mm vesivoideltava kolmoishuuli akselitiiviste -Veneakseli\" \/>\n<meta property=\"og:description\" content=\"VETUS 35mm vesivoideltava kolmoishuuli akselitiiviste. Tuotteen toimittaa aina edullinen Veneakselisto.com - Venetarvikkeiden maahantuonti ja myynti.\" \/>\n<meta property=\"og:url\" content=\"https:\/\/veneakselisto.com\/kauppa\/tuote\/vetus-35mm-vesivoideltava-kolmoishuuli-akselitiiviste\/\" \/>\n<meta property=\"og:site_name\" content=\"Veneakselisto.com - verkkokauppa\" \/>\n<meta property=\"article:publisher\" content=\"https:\/\/www.facebook.com\/AlaMikkula\/\" \/>\n<meta property=\"article:modified_time\" content=\"2025-11-17T13:47:54+00:00\" \/>\n<meta property=\"og:image\" content=\"https:\/\/veneakselisto.com\/kauppa\/wp-content\/uploads\/2019\/02\/ZWBH25.jpg\" \/>\n\t<meta property=\"og:image:width\" content=\"800\" \/>\n\t<meta property=\"og:image:height\" content=\"800\" \/>\n\t<meta property=\"og:image:type\" content=\"image\/jpeg\" \/>\n<meta name=\"twitter:card\" content=\"summary_large_image\" \/>\n<meta name=\"twitter:label1\" content=\"Arvioitu lukuaika\" \/>\n\t<meta name=\"twitter:data1\" content=\"1 minuutti\" \/>\n<script type=\"application\/ld+json\" class=\"yoast-schema-graph\">{\"@context\":\"https:\\\/\\\/schema.org\",\"@graph\":[{\"@type\":\"WebPage\",\"@id\":\"https:\\\/\\\/veneakselisto.com\\\/kauppa\\\/tuote\\\/vetus-35mm-vesivoideltava-kolmoishuuli-akselitiiviste\\\/\",\"url\":\"https:\\\/\\\/veneakselisto.com\\\/kauppa\\\/tuote\\\/vetus-35mm-vesivoideltava-kolmoishuuli-akselitiiviste\\\/\",\"name\":\"VETUS 35mm vesivoideltava kolmoishuuli akselitiiviste -Veneakseli\",\"isPartOf\":{\"@id\":\"https:\\\/\\\/veneakselisto.com\\\/kauppa\\\/#website\"},\"primaryImageOfPage\":{\"@id\":\"https:\\\/\\\/veneakselisto.com\\\/kauppa\\\/tuote\\\/vetus-35mm-vesivoideltava-kolmoishuuli-akselitiiviste\\\/#primaryimage\"},\"image\":{\"@id\":\"https:\\\/\\\/veneakselisto.com\\\/kauppa\\\/tuote\\\/vetus-35mm-vesivoideltava-kolmoishuuli-akselitiiviste\\\/#primaryimage\"},\"thumbnailUrl\":\"https:\\\/\\\/i0.wp.com\\\/veneakselisto.com\\\/kauppa\\\/wp-content\\\/uploads\\\/2019\\\/02\\\/ZWBH25.jpg?fit=800%2C800&ssl=1\",\"datePublished\":\"2021-05-26T10:13:03+00:00\",\"dateModified\":\"2025-11-17T13:47:54+00:00\",\"description\":\"VETUS 35mm vesivoideltava kolmoishuuli akselitiiviste. Tuotteen toimittaa aina edullinen Veneakselisto.com - Venetarvikkeiden maahantuonti ja myynti.\",\"breadcrumb\":{\"@id\":\"https:\\\/\\\/veneakselisto.com\\\/kauppa\\\/tuote\\\/vetus-35mm-vesivoideltava-kolmoishuuli-akselitiiviste\\\/#breadcrumb\"},\"inLanguage\":\"fi\",\"potentialAction\":[{\"@type\":\"ReadAction\",\"target\":[\"https:\\\/\\\/veneakselisto.com\\\/kauppa\\\/tuote\\\/vetus-35mm-vesivoideltava-kolmoishuuli-akselitiiviste\\\/\"]}]},{\"@type\":\"ImageObject\",\"inLanguage\":\"fi\",\"@id\":\"https:\\\/\\\/veneakselisto.com\\\/kauppa\\\/tuote\\\/vetus-35mm-vesivoideltava-kolmoishuuli-akselitiiviste\\\/#primaryimage\",\"url\":\"https:\\\/\\\/i0.wp.com\\\/veneakselisto.com\\\/kauppa\\\/wp-content\\\/uploads\\\/2019\\\/02\\\/ZWBH25.jpg?fit=800%2C800&ssl=1\",\"contentUrl\":\"https:\\\/\\\/i0.wp.com\\\/veneakselisto.com\\\/kauppa\\\/wp-content\\\/uploads\\\/2019\\\/02\\\/ZWBH25.jpg?fit=800%2C800&ssl=1\",\"width\":800,\"height\":800,\"caption\":\"Kolmoishuuli akselitiiviste vesivoideltu\"},{\"@type\":\"BreadcrumbList\",\"@id\":\"https:\\\/\\\/veneakselisto.com\\\/kauppa\\\/tuote\\\/vetus-35mm-vesivoideltava-kolmoishuuli-akselitiiviste\\\/#breadcrumb\",\"itemListElement\":[{\"@type\":\"ListItem\",\"position\":1,\"name\":\"Etusivu\",\"item\":\"https:\\\/\\\/veneakselisto.com\\\/kauppa\\\/\"},{\"@type\":\"ListItem\",\"position\":2,\"name\":\"Kauppa\",\"item\":\"https:\\\/\\\/veneakselisto.com\\\/kauppa\\\/\"},{\"@type\":\"ListItem\",\"position\":3,\"name\":\"35mm VETUS vesivoideltava kolmoishuuli akselitiiviste\"}]},{\"@type\":\"WebSite\",\"@id\":\"https:\\\/\\\/veneakselisto.com\\\/kauppa\\\/#website\",\"url\":\"https:\\\/\\\/veneakselisto.com\\\/kauppa\\\/\",\"name\":\"Veneakselisto.com - verkkokauppa\",\"description\":\"Venetarvikkeiden maahantuonti ja myynti\",\"publisher\":{\"@id\":\"https:\\\/\\\/veneakselisto.com\\\/kauppa\\\/#organization\"},\"potentialAction\":[{\"@type\":\"SearchAction\",\"target\":{\"@type\":\"EntryPoint\",\"urlTemplate\":\"https:\\\/\\\/veneakselisto.com\\\/kauppa\\\/?s={search_term_string}\"},\"query-input\":{\"@type\":\"PropertyValueSpecification\",\"valueRequired\":true,\"valueName\":\"search_term_string\"}}],\"inLanguage\":\"fi\"},{\"@type\":\"Organization\",\"@id\":\"https:\\\/\\\/veneakselisto.com\\\/kauppa\\\/#organization\",\"name\":\"Veneakselisto.com verkkokauppa\",\"url\":\"https:\\\/\\\/veneakselisto.com\\\/kauppa\\\/\",\"logo\":{\"@type\":\"ImageObject\",\"inLanguage\":\"fi\",\"@id\":\"https:\\\/\\\/veneakselisto.com\\\/kauppa\\\/#\\\/schema\\\/logo\\\/image\\\/\",\"url\":\"https:\\\/\\\/i2.wp.com\\\/veneakselisto.com\\\/kauppa\\\/wp-content\\\/uploads\\\/2016\\\/06\\\/fb_icon.jpg?fit=327%2C327&ssl=1\",\"contentUrl\":\"https:\\\/\\\/i2.wp.com\\\/veneakselisto.com\\\/kauppa\\\/wp-content\\\/uploads\\\/2016\\\/06\\\/fb_icon.jpg?fit=327%2C327&ssl=1\",\"width\":327,\"height\":327,\"caption\":\"Veneakselisto.com verkkokauppa\"},\"image\":{\"@id\":\"https:\\\/\\\/veneakselisto.com\\\/kauppa\\\/#\\\/schema\\\/logo\\\/image\\\/\"},\"sameAs\":[\"https:\\\/\\\/www.facebook.com\\\/AlaMikkula\\\/\"]}]}<\/script>\n<!-- \/ Yoast SEO plugin. -->","yoast_head_json":{"title":"VETUS 35mm vesivoideltava kolmoishuuli akselitiiviste -Veneakseli","description":"VETUS 35mm vesivoideltava kolmoishuuli akselitiiviste. Tuotteen toimittaa aina edullinen Veneakselisto.com - Venetarvikkeiden maahantuonti ja myynti.","robots":{"index":"index","follow":"follow","max-snippet":"max-snippet:-1","max-image-preview":"max-image-preview:large","max-video-preview":"max-video-preview:-1"},"canonical":"https:\/\/veneakselisto.com\/kauppa\/tuote\/vetus-35mm-vesivoideltava-kolmoishuuli-akselitiiviste\/","og_locale":"fi_FI","og_type":"article","og_title":"VETUS 35mm vesivoideltava kolmoishuuli akselitiiviste -Veneakseli","og_description":"VETUS 35mm vesivoideltava kolmoishuuli akselitiiviste. Tuotteen toimittaa aina edullinen Veneakselisto.com - Venetarvikkeiden maahantuonti ja myynti.","og_url":"https:\/\/veneakselisto.com\/kauppa\/tuote\/vetus-35mm-vesivoideltava-kolmoishuuli-akselitiiviste\/","og_site_name":"Veneakselisto.com - verkkokauppa","article_publisher":"https:\/\/www.facebook.com\/AlaMikkula\/","article_modified_time":"2025-11-17T13:47:54+00:00","og_image":[{"width":800,"height":800,"url":"https:\/\/veneakselisto.com\/kauppa\/wp-content\/uploads\/2019\/02\/ZWBH25.jpg","type":"image\/jpeg"}],"twitter_card":"summary_large_image","twitter_misc":{"Arvioitu lukuaika":"1 minuutti"},"schema":{"@context":"https:\/\/schema.org","@graph":[{"@type":"WebPage","@id":"https:\/\/veneakselisto.com\/kauppa\/tuote\/vetus-35mm-vesivoideltava-kolmoishuuli-akselitiiviste\/","url":"https:\/\/veneakselisto.com\/kauppa\/tuote\/vetus-35mm-vesivoideltava-kolmoishuuli-akselitiiviste\/","name":"VETUS 35mm vesivoideltava kolmoishuuli akselitiiviste -Veneakseli","isPartOf":{"@id":"https:\/\/veneakselisto.com\/kauppa\/#website"},"primaryImageOfPage":{"@id":"https:\/\/veneakselisto.com\/kauppa\/tuote\/vetus-35mm-vesivoideltava-kolmoishuuli-akselitiiviste\/#primaryimage"},"image":{"@id":"https:\/\/veneakselisto.com\/kauppa\/tuote\/vetus-35mm-vesivoideltava-kolmoishuuli-akselitiiviste\/#primaryimage"},"thumbnailUrl":"https:\/\/i0.wp.com\/veneakselisto.com\/kauppa\/wp-content\/uploads\/2019\/02\/ZWBH25.jpg?fit=800%2C800&ssl=1","datePublished":"2021-05-26T10:13:03+00:00","dateModified":"2025-11-17T13:47:54+00:00","description":"VETUS 35mm vesivoideltava kolmoishuuli akselitiiviste. Tuotteen toimittaa aina edullinen Veneakselisto.com - Venetarvikkeiden maahantuonti ja myynti.","breadcrumb":{"@id":"https:\/\/veneakselisto.com\/kauppa\/tuote\/vetus-35mm-vesivoideltava-kolmoishuuli-akselitiiviste\/#breadcrumb"},"inLanguage":"fi","potentialAction":[{"@type":"ReadAction","target":["https:\/\/veneakselisto.com\/kauppa\/tuote\/vetus-35mm-vesivoideltava-kolmoishuuli-akselitiiviste\/"]}]},{"@type":"ImageObject","inLanguage":"fi","@id":"https:\/\/veneakselisto.com\/kauppa\/tuote\/vetus-35mm-vesivoideltava-kolmoishuuli-akselitiiviste\/#primaryimage","url":"https:\/\/i0.wp.com\/veneakselisto.com\/kauppa\/wp-content\/uploads\/2019\/02\/ZWBH25.jpg?fit=800%2C800&ssl=1","contentUrl":"https:\/\/i0.wp.com\/veneakselisto.com\/kauppa\/wp-content\/uploads\/2019\/02\/ZWBH25.jpg?fit=800%2C800&ssl=1","width":800,"height":800,"caption":"Kolmoishuuli akselitiiviste vesivoideltu"},{"@type":"BreadcrumbList","@id":"https:\/\/veneakselisto.com\/kauppa\/tuote\/vetus-35mm-vesivoideltava-kolmoishuuli-akselitiiviste\/#breadcrumb","itemListElement":[{"@type":"ListItem","position":1,"name":"Etusivu","item":"https:\/\/veneakselisto.com\/kauppa\/"},{"@type":"ListItem","position":2,"name":"Kauppa","item":"https:\/\/veneakselisto.com\/kauppa\/"},{"@type":"ListItem","position":3,"name":"35mm VETUS vesivoideltava kolmoishuuli akselitiiviste"}]},{"@type":"WebSite","@id":"https:\/\/veneakselisto.com\/kauppa\/#website","url":"https:\/\/veneakselisto.com\/kauppa\/","name":"Veneakselisto.com - verkkokauppa","description":"Venetarvikkeiden maahantuonti ja myynti","publisher":{"@id":"https:\/\/veneakselisto.com\/kauppa\/#organization"},"potentialAction":[{"@type":"SearchAction","target":{"@type":"EntryPoint","urlTemplate":"https:\/\/veneakselisto.com\/kauppa\/?s={search_term_string}"},"query-input":{"@type":"PropertyValueSpecification","valueRequired":true,"valueName":"search_term_string"}}],"inLanguage":"fi"},{"@type":"Organization","@id":"https:\/\/veneakselisto.com\/kauppa\/#organization","name":"Veneakselisto.com verkkokauppa","url":"https:\/\/veneakselisto.com\/kauppa\/","logo":{"@type":"ImageObject","inLanguage":"fi","@id":"https:\/\/veneakselisto.com\/kauppa\/#\/schema\/logo\/image\/","url":"https:\/\/i2.wp.com\/veneakselisto.com\/kauppa\/wp-content\/uploads\/2016\/06\/fb_icon.jpg?fit=327%2C327&ssl=1","contentUrl":"https:\/\/i2.wp.com\/veneakselisto.com\/kauppa\/wp-content\/uploads\/2016\/06\/fb_icon.jpg?fit=327%2C327&ssl=1","width":327,"height":327,"caption":"Veneakselisto.com verkkokauppa"},"image":{"@id":"https:\/\/veneakselisto.com\/kauppa\/#\/schema\/logo\/image\/"},"sameAs":["https:\/\/www.facebook.com\/AlaMikkula\/"]}]}},"jetpack_publicize_connections":[],"jetpack_sharing_enabled":true,"_links":{"self":[{"href":"https:\/\/veneakselisto.com\/kauppa\/wp-json\/wp\/v2\/product\/10981","targetHints":{"allow":["GET"]}}],"collection":[{"href":"https:\/\/veneakselisto.com\/kauppa\/wp-json\/wp\/v2\/product"}],"about":[{"href":"https:\/\/veneakselisto.com\/kauppa\/wp-json\/wp\/v2\/types\/product"}],"replies":[{"embeddable":true,"href":"https:\/\/veneakselisto.com\/kauppa\/wp-json\/wp\/v2\/comments?post=10981"}],"wp:featuredmedia":[{"embeddable":true,"href":"https:\/\/veneakselisto.com\/kauppa\/wp-json\/wp\/v2\/media\/4122"}],"wp:attachment":[{"href":"https:\/\/veneakselisto.com\/kauppa\/wp-json\/wp\/v2\/media?parent=10981"}],"wp:term":[{"taxonomy":"product_brand","embeddable":true,"href":"https:\/\/veneakselisto.com\/kauppa\/wp-json\/wp\/v2\/product_brand?post=10981"},{"taxonomy":"product_cat","embeddable":true,"href":"https:\/\/veneakselisto.com\/kauppa\/wp-json\/wp\/v2\/product_cat?post=10981"},{"taxonomy":"product_tag","embeddable":true,"href":"https:\/\/veneakselisto.com\/kauppa\/wp-json\/wp\/v2\/product_tag?post=10981"}],"curies":[{"name":"wp","href":"https:\/\/api.w.org\/{rel}","templated":true}]}}