{"id":1098,"date":"2016-11-25T22:08:58","date_gmt":"2016-11-25T20:08:58","guid":{"rendered":"https:\/\/veneakselisto.com\/kauppa\/tuote\/pakokayra-volvo-penta-d31-d41-2\/"},"modified":"2025-10-20T19:39:14","modified_gmt":"2025-10-20T16:39:14","slug":"pakokayra-volvo-penta-d31-d41-2","status":"publish","type":"product","link":"https:\/\/veneakselisto.com\/kauppa\/tuote\/pakokayra-volvo-penta-d31-d41-2\/","title":{"rendered":"Pakomutka Volvo Penta D31-D41"},"content":{"rendered":"<p><span lang=\"EN-US\">Pakok\u00e4yr\u00e4 Volvo Penta D31-D41<\/span><\/p>\n<p>Volvo Penta OEM nr: 859963 877415 858481<\/p>\n<p>Valmistaja Recmar<\/p>\n<p>Sopivuus:<\/p>\n<p>AD31A, AD31B<br \/>\nAQAD31A<br \/>\nTAMD31A, TAMD31B, TAMD31D,<br \/>\nTAMD31L-A, TAMD31M-A, TAMD31P-A<br \/>\nTMD31A, TMD31B, TMD31D, TMD31L-A<\/p>\n<p>AD41A, AD41B, AD41D<br \/>\nAQAD41A<br \/>\nD41A, D41B<br \/>\nTAMD41A, TAMD41B, TAMD41D, TAMD41H-A,<br \/>\nTAMD41L-A, TAMD41M-A, TAMD41P-A<br \/>\nTMD41A, TMD41B, TMD41D, TMD41L-A<\/p>\n<p>Volvo Penta merimoottorit.<\/p>\n","protected":false},"excerpt":{"rendered":"<p><span lang=\"EN-US\">Pakok\u00e4yr\u00e4 Volvo Penta D31-D41<\/span><\/p>\n<p>Volvo Penta OEM nr: 859963 877415 858481<\/p>\n<p>Volvo Penta merimoottorit.<\/p>\n<p>Verkkokauppatuote. Toimitusaika normaalisti 4-6pv<\/p>\n","protected":false},"featured_media":23299,"comment_status":"open","ping_status":"closed","template":"","meta":{"jetpack_post_was_ever_published":false,"jetpack_publicize_message":"","jetpack_publicize_feature_enabled":true,"jetpack_social_post_already_shared":true,"jetpack_social_options":{"image_generator_settings":{"template":"highway","default_image_id":0,"font":"","enabled":false},"version":2}},"product_brand":[],"product_cat":[327],"product_tag":[667,669,267,266,274,273,248,228],"class_list":{"0":"post-1098","1":"product","2":"type-product","3":"status-publish","4":"has-post-thumbnail","6":"product_cat-volvo-penta-vara-huolto-osat-volvo-penta-vara-houlto-osat","7":"product_tag-d31","8":"product_tag-d41","9":"product_tag-huolto-osat","10":"product_tag-orbitrade-marine","11":"product_tag-pakokayra","12":"product_tag-pakosarja","13":"product_tag-penta","14":"product_tag-volvo","16":"first","17":"instock","18":"taxable","19":"shipping-taxable","20":"purchasable","21":"product-type-simple"},"yoast_head":"<!-- This site is optimized with the Yoast SEO plugin v27.4 - https:\/\/yoast.com\/product\/yoast-seo-wordpress\/ -->\n<title>Pakok\u00e4yr\u00e4-Volvo Penta-D31-D41-Varaosat-marineparts<\/title>\n<meta name=\"description\" content=\"Pakok\u00e4yr\u00e4 Volvo Penta D31-D41. Pakok\u00e4yr\u00e4 volvo penta-Varaosat-marineparts-855963-877415-venetarvikkeiden erikoisliikkeest\u00e4-Veneakselisto\" \/>\n<meta name=\"robots\" content=\"index, follow, max-snippet:-1, max-image-preview:large, max-video-preview:-1\" \/>\n<link rel=\"canonical\" href=\"https:\/\/veneakselisto.com\/kauppa\/tuote\/pakokayra-volvo-penta-d31-d41-2\/\" \/>\n<meta property=\"og:locale\" content=\"fi_FI\" \/>\n<meta property=\"og:type\" content=\"article\" \/>\n<meta property=\"og:title\" content=\"Pakok\u00e4yr\u00e4-Volvo Penta-D31-D41-Varaosat-marineparts\" \/>\n<meta property=\"og:description\" content=\"Pakok\u00e4yr\u00e4 Volvo Penta D31-D41. Pakok\u00e4yr\u00e4 volvo penta-Varaosat-marineparts-855963-877415-venetarvikkeiden erikoisliikkeest\u00e4-Veneakselisto\" \/>\n<meta property=\"og:url\" content=\"https:\/\/veneakselisto.com\/kauppa\/tuote\/pakokayra-volvo-penta-d31-d41-2\/\" \/>\n<meta property=\"og:site_name\" content=\"Veneakselisto.com - verkkokauppa\" \/>\n<meta property=\"article:publisher\" content=\"https:\/\/www.facebook.com\/AlaMikkula\/\" \/>\n<meta property=\"article:modified_time\" content=\"2025-10-20T16:39:14+00:00\" \/>\n<meta property=\"og:image\" content=\"https:\/\/veneakselisto.com\/kauppa\/wp-content\/uploads\/2016\/11\/MAR963.png\" \/>\n\t<meta property=\"og:image:width\" content=\"500\" \/>\n\t<meta property=\"og:image:height\" content=\"500\" \/>\n\t<meta property=\"og:image:type\" content=\"image\/png\" \/>\n<meta name=\"twitter:card\" content=\"summary_large_image\" \/>\n<meta name=\"twitter:label1\" content=\"Arvioitu lukuaika\" \/>\n\t<meta name=\"twitter:data1\" content=\"1 minuutti\" \/>\n<script type=\"application\/ld+json\" class=\"yoast-schema-graph\">{\"@context\":\"https:\\\/\\\/schema.org\",\"@graph\":[{\"@type\":\"WebPage\",\"@id\":\"https:\\\/\\\/veneakselisto.com\\\/kauppa\\\/tuote\\\/pakokayra-volvo-penta-d31-d41-2\\\/\",\"url\":\"https:\\\/\\\/veneakselisto.com\\\/kauppa\\\/tuote\\\/pakokayra-volvo-penta-d31-d41-2\\\/\",\"name\":\"Pakok\u00e4yr\u00e4-Volvo Penta-D31-D41-Varaosat-marineparts\",\"isPartOf\":{\"@id\":\"https:\\\/\\\/veneakselisto.com\\\/kauppa\\\/#website\"},\"primaryImageOfPage\":{\"@id\":\"https:\\\/\\\/veneakselisto.com\\\/kauppa\\\/tuote\\\/pakokayra-volvo-penta-d31-d41-2\\\/#primaryimage\"},\"image\":{\"@id\":\"https:\\\/\\\/veneakselisto.com\\\/kauppa\\\/tuote\\\/pakokayra-volvo-penta-d31-d41-2\\\/#primaryimage\"},\"thumbnailUrl\":\"https:\\\/\\\/i0.wp.com\\\/veneakselisto.com\\\/kauppa\\\/wp-content\\\/uploads\\\/2016\\\/11\\\/MAR963.png?fit=500%2C500&ssl=1\",\"datePublished\":\"2016-11-25T20:08:58+00:00\",\"dateModified\":\"2025-10-20T16:39:14+00:00\",\"description\":\"Pakok\u00e4yr\u00e4 Volvo Penta D31-D41. Pakok\u00e4yr\u00e4 volvo penta-Varaosat-marineparts-855963-877415-venetarvikkeiden erikoisliikkeest\u00e4-Veneakselisto\",\"breadcrumb\":{\"@id\":\"https:\\\/\\\/veneakselisto.com\\\/kauppa\\\/tuote\\\/pakokayra-volvo-penta-d31-d41-2\\\/#breadcrumb\"},\"inLanguage\":\"fi\",\"potentialAction\":[{\"@type\":\"ReadAction\",\"target\":[\"https:\\\/\\\/veneakselisto.com\\\/kauppa\\\/tuote\\\/pakokayra-volvo-penta-d31-d41-2\\\/\"]}]},{\"@type\":\"ImageObject\",\"inLanguage\":\"fi\",\"@id\":\"https:\\\/\\\/veneakselisto.com\\\/kauppa\\\/tuote\\\/pakokayra-volvo-penta-d31-d41-2\\\/#primaryimage\",\"url\":\"https:\\\/\\\/i0.wp.com\\\/veneakselisto.com\\\/kauppa\\\/wp-content\\\/uploads\\\/2016\\\/11\\\/MAR963.png?fit=500%2C500&ssl=1\",\"contentUrl\":\"https:\\\/\\\/i0.wp.com\\\/veneakselisto.com\\\/kauppa\\\/wp-content\\\/uploads\\\/2016\\\/11\\\/MAR963.png?fit=500%2C500&ssl=1\",\"width\":500,\"height\":500,\"caption\":\"pakok\u00e4yr\u00e4t, veneiden muut varaosat ja huolto-osat veneakselisto.com ja venevaraosat.fi verkkokaupasta.\"},{\"@type\":\"BreadcrumbList\",\"@id\":\"https:\\\/\\\/veneakselisto.com\\\/kauppa\\\/tuote\\\/pakokayra-volvo-penta-d31-d41-2\\\/#breadcrumb\",\"itemListElement\":[{\"@type\":\"ListItem\",\"position\":1,\"name\":\"Etusivu\",\"item\":\"https:\\\/\\\/veneakselisto.com\\\/kauppa\\\/\"},{\"@type\":\"ListItem\",\"position\":2,\"name\":\"Kauppa\",\"item\":\"https:\\\/\\\/veneakselisto.com\\\/kauppa\\\/\"},{\"@type\":\"ListItem\",\"position\":3,\"name\":\"Pakomutka Volvo Penta D31-D41\"}]},{\"@type\":\"WebSite\",\"@id\":\"https:\\\/\\\/veneakselisto.com\\\/kauppa\\\/#website\",\"url\":\"https:\\\/\\\/veneakselisto.com\\\/kauppa\\\/\",\"name\":\"Veneakselisto.com - verkkokauppa\",\"description\":\"Venetarvikkeiden maahantuonti ja myynti\",\"publisher\":{\"@id\":\"https:\\\/\\\/veneakselisto.com\\\/kauppa\\\/#organization\"},\"potentialAction\":[{\"@type\":\"SearchAction\",\"target\":{\"@type\":\"EntryPoint\",\"urlTemplate\":\"https:\\\/\\\/veneakselisto.com\\\/kauppa\\\/?s={search_term_string}\"},\"query-input\":{\"@type\":\"PropertyValueSpecification\",\"valueRequired\":true,\"valueName\":\"search_term_string\"}}],\"inLanguage\":\"fi\"},{\"@type\":\"Organization\",\"@id\":\"https:\\\/\\\/veneakselisto.com\\\/kauppa\\\/#organization\",\"name\":\"Veneakselisto.com verkkokauppa\",\"url\":\"https:\\\/\\\/veneakselisto.com\\\/kauppa\\\/\",\"logo\":{\"@type\":\"ImageObject\",\"inLanguage\":\"fi\",\"@id\":\"https:\\\/\\\/veneakselisto.com\\\/kauppa\\\/#\\\/schema\\\/logo\\\/image\\\/\",\"url\":\"https:\\\/\\\/i2.wp.com\\\/veneakselisto.com\\\/kauppa\\\/wp-content\\\/uploads\\\/2016\\\/06\\\/fb_icon.jpg?fit=327%2C327&ssl=1\",\"contentUrl\":\"https:\\\/\\\/i2.wp.com\\\/veneakselisto.com\\\/kauppa\\\/wp-content\\\/uploads\\\/2016\\\/06\\\/fb_icon.jpg?fit=327%2C327&ssl=1\",\"width\":327,\"height\":327,\"caption\":\"Veneakselisto.com verkkokauppa\"},\"image\":{\"@id\":\"https:\\\/\\\/veneakselisto.com\\\/kauppa\\\/#\\\/schema\\\/logo\\\/image\\\/\"},\"sameAs\":[\"https:\\\/\\\/www.facebook.com\\\/AlaMikkula\\\/\"]}]}<\/script>\n<!-- \/ Yoast SEO plugin. -->","yoast_head_json":{"title":"Pakok\u00e4yr\u00e4-Volvo Penta-D31-D41-Varaosat-marineparts","description":"Pakok\u00e4yr\u00e4 Volvo Penta D31-D41. Pakok\u00e4yr\u00e4 volvo penta-Varaosat-marineparts-855963-877415-venetarvikkeiden erikoisliikkeest\u00e4-Veneakselisto","robots":{"index":"index","follow":"follow","max-snippet":"max-snippet:-1","max-image-preview":"max-image-preview:large","max-video-preview":"max-video-preview:-1"},"canonical":"https:\/\/veneakselisto.com\/kauppa\/tuote\/pakokayra-volvo-penta-d31-d41-2\/","og_locale":"fi_FI","og_type":"article","og_title":"Pakok\u00e4yr\u00e4-Volvo Penta-D31-D41-Varaosat-marineparts","og_description":"Pakok\u00e4yr\u00e4 Volvo Penta D31-D41. Pakok\u00e4yr\u00e4 volvo penta-Varaosat-marineparts-855963-877415-venetarvikkeiden erikoisliikkeest\u00e4-Veneakselisto","og_url":"https:\/\/veneakselisto.com\/kauppa\/tuote\/pakokayra-volvo-penta-d31-d41-2\/","og_site_name":"Veneakselisto.com - verkkokauppa","article_publisher":"https:\/\/www.facebook.com\/AlaMikkula\/","article_modified_time":"2025-10-20T16:39:14+00:00","og_image":[{"width":500,"height":500,"url":"https:\/\/veneakselisto.com\/kauppa\/wp-content\/uploads\/2016\/11\/MAR963.png","type":"image\/png"}],"twitter_card":"summary_large_image","twitter_misc":{"Arvioitu lukuaika":"1 minuutti"},"schema":{"@context":"https:\/\/schema.org","@graph":[{"@type":"WebPage","@id":"https:\/\/veneakselisto.com\/kauppa\/tuote\/pakokayra-volvo-penta-d31-d41-2\/","url":"https:\/\/veneakselisto.com\/kauppa\/tuote\/pakokayra-volvo-penta-d31-d41-2\/","name":"Pakok\u00e4yr\u00e4-Volvo Penta-D31-D41-Varaosat-marineparts","isPartOf":{"@id":"https:\/\/veneakselisto.com\/kauppa\/#website"},"primaryImageOfPage":{"@id":"https:\/\/veneakselisto.com\/kauppa\/tuote\/pakokayra-volvo-penta-d31-d41-2\/#primaryimage"},"image":{"@id":"https:\/\/veneakselisto.com\/kauppa\/tuote\/pakokayra-volvo-penta-d31-d41-2\/#primaryimage"},"thumbnailUrl":"https:\/\/i0.wp.com\/veneakselisto.com\/kauppa\/wp-content\/uploads\/2016\/11\/MAR963.png?fit=500%2C500&ssl=1","datePublished":"2016-11-25T20:08:58+00:00","dateModified":"2025-10-20T16:39:14+00:00","description":"Pakok\u00e4yr\u00e4 Volvo Penta D31-D41. Pakok\u00e4yr\u00e4 volvo penta-Varaosat-marineparts-855963-877415-venetarvikkeiden erikoisliikkeest\u00e4-Veneakselisto","breadcrumb":{"@id":"https:\/\/veneakselisto.com\/kauppa\/tuote\/pakokayra-volvo-penta-d31-d41-2\/#breadcrumb"},"inLanguage":"fi","potentialAction":[{"@type":"ReadAction","target":["https:\/\/veneakselisto.com\/kauppa\/tuote\/pakokayra-volvo-penta-d31-d41-2\/"]}]},{"@type":"ImageObject","inLanguage":"fi","@id":"https:\/\/veneakselisto.com\/kauppa\/tuote\/pakokayra-volvo-penta-d31-d41-2\/#primaryimage","url":"https:\/\/i0.wp.com\/veneakselisto.com\/kauppa\/wp-content\/uploads\/2016\/11\/MAR963.png?fit=500%2C500&ssl=1","contentUrl":"https:\/\/i0.wp.com\/veneakselisto.com\/kauppa\/wp-content\/uploads\/2016\/11\/MAR963.png?fit=500%2C500&ssl=1","width":500,"height":500,"caption":"pakok\u00e4yr\u00e4t, veneiden muut varaosat ja huolto-osat veneakselisto.com ja venevaraosat.fi verkkokaupasta."},{"@type":"BreadcrumbList","@id":"https:\/\/veneakselisto.com\/kauppa\/tuote\/pakokayra-volvo-penta-d31-d41-2\/#breadcrumb","itemListElement":[{"@type":"ListItem","position":1,"name":"Etusivu","item":"https:\/\/veneakselisto.com\/kauppa\/"},{"@type":"ListItem","position":2,"name":"Kauppa","item":"https:\/\/veneakselisto.com\/kauppa\/"},{"@type":"ListItem","position":3,"name":"Pakomutka Volvo Penta D31-D41"}]},{"@type":"WebSite","@id":"https:\/\/veneakselisto.com\/kauppa\/#website","url":"https:\/\/veneakselisto.com\/kauppa\/","name":"Veneakselisto.com - verkkokauppa","description":"Venetarvikkeiden maahantuonti ja myynti","publisher":{"@id":"https:\/\/veneakselisto.com\/kauppa\/#organization"},"potentialAction":[{"@type":"SearchAction","target":{"@type":"EntryPoint","urlTemplate":"https:\/\/veneakselisto.com\/kauppa\/?s={search_term_string}"},"query-input":{"@type":"PropertyValueSpecification","valueRequired":true,"valueName":"search_term_string"}}],"inLanguage":"fi"},{"@type":"Organization","@id":"https:\/\/veneakselisto.com\/kauppa\/#organization","name":"Veneakselisto.com verkkokauppa","url":"https:\/\/veneakselisto.com\/kauppa\/","logo":{"@type":"ImageObject","inLanguage":"fi","@id":"https:\/\/veneakselisto.com\/kauppa\/#\/schema\/logo\/image\/","url":"https:\/\/i2.wp.com\/veneakselisto.com\/kauppa\/wp-content\/uploads\/2016\/06\/fb_icon.jpg?fit=327%2C327&ssl=1","contentUrl":"https:\/\/i2.wp.com\/veneakselisto.com\/kauppa\/wp-content\/uploads\/2016\/06\/fb_icon.jpg?fit=327%2C327&ssl=1","width":327,"height":327,"caption":"Veneakselisto.com verkkokauppa"},"image":{"@id":"https:\/\/veneakselisto.com\/kauppa\/#\/schema\/logo\/image\/"},"sameAs":["https:\/\/www.facebook.com\/AlaMikkula\/"]}]}},"jetpack_publicize_connections":[],"jetpack_sharing_enabled":true,"_links":{"self":[{"href":"https:\/\/veneakselisto.com\/kauppa\/wp-json\/wp\/v2\/product\/1098","targetHints":{"allow":["GET"]}}],"collection":[{"href":"https:\/\/veneakselisto.com\/kauppa\/wp-json\/wp\/v2\/product"}],"about":[{"href":"https:\/\/veneakselisto.com\/kauppa\/wp-json\/wp\/v2\/types\/product"}],"replies":[{"embeddable":true,"href":"https:\/\/veneakselisto.com\/kauppa\/wp-json\/wp\/v2\/comments?post=1098"}],"wp:featuredmedia":[{"embeddable":true,"href":"https:\/\/veneakselisto.com\/kauppa\/wp-json\/wp\/v2\/media\/23299"}],"wp:attachment":[{"href":"https:\/\/veneakselisto.com\/kauppa\/wp-json\/wp\/v2\/media?parent=1098"}],"wp:term":[{"taxonomy":"product_brand","embeddable":true,"href":"https:\/\/veneakselisto.com\/kauppa\/wp-json\/wp\/v2\/product_brand?post=1098"},{"taxonomy":"product_cat","embeddable":true,"href":"https:\/\/veneakselisto.com\/kauppa\/wp-json\/wp\/v2\/product_cat?post=1098"},{"taxonomy":"product_tag","embeddable":true,"href":"https:\/\/veneakselisto.com\/kauppa\/wp-json\/wp\/v2\/product_tag?post=1098"}],"curies":[{"name":"wp","href":"https:\/\/api.w.org\/{rel}","templated":true}]}}