{"id":1089,"date":"2016-11-25T21:50:37","date_gmt":"2016-11-25T19:50:37","guid":{"rendered":"https:\/\/veneakselisto.com\/kauppa\/tuote\/pakokayra-volvo-penta-b18-b20-2\/"},"modified":"2025-10-29T12:03:21","modified_gmt":"2025-10-29T10:03:21","slug":"pakokayra-volvo-penta-b18-b20-2","status":"publish","type":"product","link":"https:\/\/veneakselisto.com\/kauppa\/tuote\/pakokayra-volvo-penta-b18-b20-2\/","title":{"rendered":"Pakomutka Volvo Penta B18-B20"},"content":{"rendered":"<p>Pakomutka Volvo Penta B18-B20<\/p>\n<p><span style=\"color: #ff0000;\">Tehdastoimituksena 2-5pv normaalisti<\/span><\/p>\n<p>Valmistaja BARR Marine<\/p>\n<p>OEM nr: 825599 825599-4<\/p>\n<p>Materiaali valurauta.<\/p>\n<p>Ei sis\u00e4ll\u00e4 pultteja tai tiivisteit\u00e4.<\/p>\n<p>Sopivuus:<\/p>\n<p>AQ90, AQ95, AQ95A, AQ100, AQ 110, AQ120<br \/>\nAQ105A, AQ115A, AQ115B, AQ115C, AQ130A, AQ130B, AQ130C, AQ130D<\/p>\n<p>Huom! vain sis\u00e4per\u00e4moottorille joissa 200-280 vetolaite.<\/p>\n<p>Volvo Penta merimoottorit.<\/p>\n<p>Pakomutka Volvo Penta B18-B20<\/p>\n<p>&nbsp;<\/p>\n","protected":false},"excerpt":{"rendered":"<p>Pakomutka Volvo Penta B18-B20<\/p>\n<p><span style=\"color: #ff0000;\">Tehdastoimituksena 2-5pv normaalisti<\/span><\/p>\n<p>Valmistaja BARR Marine<\/p>\n<p>OEM nr: 825599 825599-4<\/p>\n<p>Materiaali valurauta.<\/p>\n<p>Ei sis\u00e4ll\u00e4 pultteja tai tiivisteit\u00e4.<\/p>\n<p>Sopivuus:<\/p>\n<p>AQ90, AQ95, AQ95A, AQ100, AQ 110, AQ120<br \/>\nAQ105A, AQ115A, AQ115B, AQ115C, AQ130A, AQ130B, AQ130C, AQ130D<\/p>\n<p>Volvo Penta merimoottorit.<\/p>\n","protected":false},"featured_media":1090,"comment_status":"open","ping_status":"closed","template":"","meta":{"jetpack_post_was_ever_published":false,"jetpack_publicize_message":"","jetpack_publicize_feature_enabled":true,"jetpack_social_post_already_shared":true,"jetpack_social_options":{"image_generator_settings":{"template":"highway","default_image_id":0,"font":"","enabled":false},"version":2}},"product_brand":[],"product_cat":[327],"product_tag":[267,266,274,273,248,228],"class_list":{"0":"post-1089","1":"product","2":"type-product","3":"status-publish","4":"has-post-thumbnail","6":"product_cat-volvo-penta-vara-huolto-osat-volvo-penta-vara-houlto-osat","7":"product_tag-huolto-osat","8":"product_tag-orbitrade-marine","9":"product_tag-pakokayra","10":"product_tag-pakosarja","11":"product_tag-penta","12":"product_tag-volvo","13":"brand-barr-marine","15":"first","16":"onbackorder","17":"taxable","18":"shipping-taxable","19":"purchasable","20":"product-type-simple"},"yoast_head":"<!-- This site is optimized with the Yoast SEO plugin v27.4 - https:\/\/yoast.com\/product\/yoast-seo-wordpress\/ -->\n<title>Pakomutka Volvo Penta B18-B20- Veneakselisto.com - verkkokauppa<\/title>\n<meta name=\"description\" content=\"Pakomutka Volvo Penta B18-B20. Volvo Penta pakok\u00e4yr\u00e4n toimittaa aina edullinen Veneakselisto.com - Verkkokauppa - Venetarvikkeiden maahantuonti ja myynti.\" \/>\n<meta name=\"robots\" content=\"index, follow, max-snippet:-1, max-image-preview:large, max-video-preview:-1\" \/>\n<link rel=\"canonical\" href=\"https:\/\/veneakselisto.com\/kauppa\/tuote\/pakokayra-volvo-penta-b18-b20-2\/\" \/>\n<meta property=\"og:locale\" content=\"fi_FI\" \/>\n<meta property=\"og:type\" content=\"article\" \/>\n<meta property=\"og:title\" content=\"Pakomutka Volvo Penta B18-B20- Veneakselisto.com - verkkokauppa\" \/>\n<meta property=\"og:description\" content=\"Pakomutka Volvo Penta B18-B20. Volvo Penta pakok\u00e4yr\u00e4n toimittaa aina edullinen Veneakselisto.com - Verkkokauppa - Venetarvikkeiden maahantuonti ja myynti.\" \/>\n<meta property=\"og:url\" content=\"https:\/\/veneakselisto.com\/kauppa\/tuote\/pakokayra-volvo-penta-b18-b20-2\/\" \/>\n<meta property=\"og:site_name\" content=\"Veneakselisto.com - verkkokauppa\" \/>\n<meta property=\"article:publisher\" content=\"https:\/\/www.facebook.com\/AlaMikkula\/\" \/>\n<meta property=\"article:modified_time\" content=\"2025-10-29T10:03:21+00:00\" \/>\n<meta property=\"og:image\" content=\"https:\/\/veneakselisto.com\/kauppa\/wp-content\/uploads\/2016\/11\/OT-4-16599.jpg\" \/>\n\t<meta property=\"og:image:width\" content=\"700\" \/>\n\t<meta property=\"og:image:height\" content=\"700\" \/>\n\t<meta property=\"og:image:type\" content=\"image\/jpeg\" \/>\n<meta name=\"twitter:card\" content=\"summary_large_image\" \/>\n<meta name=\"twitter:label1\" content=\"Arvioitu lukuaika\" \/>\n\t<meta name=\"twitter:data1\" content=\"1 minuutti\" \/>\n<script type=\"application\/ld+json\" class=\"yoast-schema-graph\">{\"@context\":\"https:\\\/\\\/schema.org\",\"@graph\":[{\"@type\":\"WebPage\",\"@id\":\"https:\\\/\\\/veneakselisto.com\\\/kauppa\\\/tuote\\\/pakokayra-volvo-penta-b18-b20-2\\\/\",\"url\":\"https:\\\/\\\/veneakselisto.com\\\/kauppa\\\/tuote\\\/pakokayra-volvo-penta-b18-b20-2\\\/\",\"name\":\"Pakomutka Volvo Penta B18-B20- Veneakselisto.com - verkkokauppa\",\"isPartOf\":{\"@id\":\"https:\\\/\\\/veneakselisto.com\\\/kauppa\\\/#website\"},\"primaryImageOfPage\":{\"@id\":\"https:\\\/\\\/veneakselisto.com\\\/kauppa\\\/tuote\\\/pakokayra-volvo-penta-b18-b20-2\\\/#primaryimage\"},\"image\":{\"@id\":\"https:\\\/\\\/veneakselisto.com\\\/kauppa\\\/tuote\\\/pakokayra-volvo-penta-b18-b20-2\\\/#primaryimage\"},\"thumbnailUrl\":\"https:\\\/\\\/i0.wp.com\\\/veneakselisto.com\\\/kauppa\\\/wp-content\\\/uploads\\\/2016\\\/11\\\/OT-4-16599.jpg?fit=700%2C700&ssl=1\",\"datePublished\":\"2016-11-25T19:50:37+00:00\",\"dateModified\":\"2025-10-29T10:03:21+00:00\",\"description\":\"Pakomutka Volvo Penta B18-B20. Volvo Penta pakok\u00e4yr\u00e4n toimittaa aina edullinen Veneakselisto.com - Verkkokauppa - Venetarvikkeiden maahantuonti ja myynti.\",\"breadcrumb\":{\"@id\":\"https:\\\/\\\/veneakselisto.com\\\/kauppa\\\/tuote\\\/pakokayra-volvo-penta-b18-b20-2\\\/#breadcrumb\"},\"inLanguage\":\"fi\",\"potentialAction\":[{\"@type\":\"ReadAction\",\"target\":[\"https:\\\/\\\/veneakselisto.com\\\/kauppa\\\/tuote\\\/pakokayra-volvo-penta-b18-b20-2\\\/\"]}]},{\"@type\":\"ImageObject\",\"inLanguage\":\"fi\",\"@id\":\"https:\\\/\\\/veneakselisto.com\\\/kauppa\\\/tuote\\\/pakokayra-volvo-penta-b18-b20-2\\\/#primaryimage\",\"url\":\"https:\\\/\\\/i0.wp.com\\\/veneakselisto.com\\\/kauppa\\\/wp-content\\\/uploads\\\/2016\\\/11\\\/OT-4-16599.jpg?fit=700%2C700&ssl=1\",\"contentUrl\":\"https:\\\/\\\/i0.wp.com\\\/veneakselisto.com\\\/kauppa\\\/wp-content\\\/uploads\\\/2016\\\/11\\\/OT-4-16599.jpg?fit=700%2C700&ssl=1\",\"width\":700,\"height\":700,\"caption\":\"pakok\u00e4yr\u00e4t, veneiden muut varaosat ja huolto-osat veneakselisto.com ja venevaraosat.fi verkkokaupasta.\"},{\"@type\":\"BreadcrumbList\",\"@id\":\"https:\\\/\\\/veneakselisto.com\\\/kauppa\\\/tuote\\\/pakokayra-volvo-penta-b18-b20-2\\\/#breadcrumb\",\"itemListElement\":[{\"@type\":\"ListItem\",\"position\":1,\"name\":\"Etusivu\",\"item\":\"https:\\\/\\\/veneakselisto.com\\\/kauppa\\\/\"},{\"@type\":\"ListItem\",\"position\":2,\"name\":\"Kauppa\",\"item\":\"https:\\\/\\\/veneakselisto.com\\\/kauppa\\\/\"},{\"@type\":\"ListItem\",\"position\":3,\"name\":\"Pakomutka Volvo Penta B18-B20\"}]},{\"@type\":\"WebSite\",\"@id\":\"https:\\\/\\\/veneakselisto.com\\\/kauppa\\\/#website\",\"url\":\"https:\\\/\\\/veneakselisto.com\\\/kauppa\\\/\",\"name\":\"Veneakselisto.com - verkkokauppa\",\"description\":\"Venetarvikkeiden maahantuonti ja myynti\",\"publisher\":{\"@id\":\"https:\\\/\\\/veneakselisto.com\\\/kauppa\\\/#organization\"},\"potentialAction\":[{\"@type\":\"SearchAction\",\"target\":{\"@type\":\"EntryPoint\",\"urlTemplate\":\"https:\\\/\\\/veneakselisto.com\\\/kauppa\\\/?s={search_term_string}\"},\"query-input\":{\"@type\":\"PropertyValueSpecification\",\"valueRequired\":true,\"valueName\":\"search_term_string\"}}],\"inLanguage\":\"fi\"},{\"@type\":\"Organization\",\"@id\":\"https:\\\/\\\/veneakselisto.com\\\/kauppa\\\/#organization\",\"name\":\"Veneakselisto.com verkkokauppa\",\"url\":\"https:\\\/\\\/veneakselisto.com\\\/kauppa\\\/\",\"logo\":{\"@type\":\"ImageObject\",\"inLanguage\":\"fi\",\"@id\":\"https:\\\/\\\/veneakselisto.com\\\/kauppa\\\/#\\\/schema\\\/logo\\\/image\\\/\",\"url\":\"https:\\\/\\\/i2.wp.com\\\/veneakselisto.com\\\/kauppa\\\/wp-content\\\/uploads\\\/2016\\\/06\\\/fb_icon.jpg?fit=327%2C327&ssl=1\",\"contentUrl\":\"https:\\\/\\\/i2.wp.com\\\/veneakselisto.com\\\/kauppa\\\/wp-content\\\/uploads\\\/2016\\\/06\\\/fb_icon.jpg?fit=327%2C327&ssl=1\",\"width\":327,\"height\":327,\"caption\":\"Veneakselisto.com verkkokauppa\"},\"image\":{\"@id\":\"https:\\\/\\\/veneakselisto.com\\\/kauppa\\\/#\\\/schema\\\/logo\\\/image\\\/\"},\"sameAs\":[\"https:\\\/\\\/www.facebook.com\\\/AlaMikkula\\\/\"]}]}<\/script>\n<!-- \/ Yoast SEO plugin. -->","yoast_head_json":{"title":"Pakomutka Volvo Penta B18-B20- Veneakselisto.com - verkkokauppa","description":"Pakomutka Volvo Penta B18-B20. Volvo Penta pakok\u00e4yr\u00e4n toimittaa aina edullinen Veneakselisto.com - Verkkokauppa - Venetarvikkeiden maahantuonti ja myynti.","robots":{"index":"index","follow":"follow","max-snippet":"max-snippet:-1","max-image-preview":"max-image-preview:large","max-video-preview":"max-video-preview:-1"},"canonical":"https:\/\/veneakselisto.com\/kauppa\/tuote\/pakokayra-volvo-penta-b18-b20-2\/","og_locale":"fi_FI","og_type":"article","og_title":"Pakomutka Volvo Penta B18-B20- Veneakselisto.com - verkkokauppa","og_description":"Pakomutka Volvo Penta B18-B20. Volvo Penta pakok\u00e4yr\u00e4n toimittaa aina edullinen Veneakselisto.com - Verkkokauppa - Venetarvikkeiden maahantuonti ja myynti.","og_url":"https:\/\/veneakselisto.com\/kauppa\/tuote\/pakokayra-volvo-penta-b18-b20-2\/","og_site_name":"Veneakselisto.com - verkkokauppa","article_publisher":"https:\/\/www.facebook.com\/AlaMikkula\/","article_modified_time":"2025-10-29T10:03:21+00:00","og_image":[{"width":700,"height":700,"url":"https:\/\/veneakselisto.com\/kauppa\/wp-content\/uploads\/2016\/11\/OT-4-16599.jpg","type":"image\/jpeg"}],"twitter_card":"summary_large_image","twitter_misc":{"Arvioitu lukuaika":"1 minuutti"},"schema":{"@context":"https:\/\/schema.org","@graph":[{"@type":"WebPage","@id":"https:\/\/veneakselisto.com\/kauppa\/tuote\/pakokayra-volvo-penta-b18-b20-2\/","url":"https:\/\/veneakselisto.com\/kauppa\/tuote\/pakokayra-volvo-penta-b18-b20-2\/","name":"Pakomutka Volvo Penta B18-B20- Veneakselisto.com - verkkokauppa","isPartOf":{"@id":"https:\/\/veneakselisto.com\/kauppa\/#website"},"primaryImageOfPage":{"@id":"https:\/\/veneakselisto.com\/kauppa\/tuote\/pakokayra-volvo-penta-b18-b20-2\/#primaryimage"},"image":{"@id":"https:\/\/veneakselisto.com\/kauppa\/tuote\/pakokayra-volvo-penta-b18-b20-2\/#primaryimage"},"thumbnailUrl":"https:\/\/i0.wp.com\/veneakselisto.com\/kauppa\/wp-content\/uploads\/2016\/11\/OT-4-16599.jpg?fit=700%2C700&ssl=1","datePublished":"2016-11-25T19:50:37+00:00","dateModified":"2025-10-29T10:03:21+00:00","description":"Pakomutka Volvo Penta B18-B20. Volvo Penta pakok\u00e4yr\u00e4n toimittaa aina edullinen Veneakselisto.com - Verkkokauppa - Venetarvikkeiden maahantuonti ja myynti.","breadcrumb":{"@id":"https:\/\/veneakselisto.com\/kauppa\/tuote\/pakokayra-volvo-penta-b18-b20-2\/#breadcrumb"},"inLanguage":"fi","potentialAction":[{"@type":"ReadAction","target":["https:\/\/veneakselisto.com\/kauppa\/tuote\/pakokayra-volvo-penta-b18-b20-2\/"]}]},{"@type":"ImageObject","inLanguage":"fi","@id":"https:\/\/veneakselisto.com\/kauppa\/tuote\/pakokayra-volvo-penta-b18-b20-2\/#primaryimage","url":"https:\/\/i0.wp.com\/veneakselisto.com\/kauppa\/wp-content\/uploads\/2016\/11\/OT-4-16599.jpg?fit=700%2C700&ssl=1","contentUrl":"https:\/\/i0.wp.com\/veneakselisto.com\/kauppa\/wp-content\/uploads\/2016\/11\/OT-4-16599.jpg?fit=700%2C700&ssl=1","width":700,"height":700,"caption":"pakok\u00e4yr\u00e4t, veneiden muut varaosat ja huolto-osat veneakselisto.com ja venevaraosat.fi verkkokaupasta."},{"@type":"BreadcrumbList","@id":"https:\/\/veneakselisto.com\/kauppa\/tuote\/pakokayra-volvo-penta-b18-b20-2\/#breadcrumb","itemListElement":[{"@type":"ListItem","position":1,"name":"Etusivu","item":"https:\/\/veneakselisto.com\/kauppa\/"},{"@type":"ListItem","position":2,"name":"Kauppa","item":"https:\/\/veneakselisto.com\/kauppa\/"},{"@type":"ListItem","position":3,"name":"Pakomutka Volvo Penta B18-B20"}]},{"@type":"WebSite","@id":"https:\/\/veneakselisto.com\/kauppa\/#website","url":"https:\/\/veneakselisto.com\/kauppa\/","name":"Veneakselisto.com - verkkokauppa","description":"Venetarvikkeiden maahantuonti ja myynti","publisher":{"@id":"https:\/\/veneakselisto.com\/kauppa\/#organization"},"potentialAction":[{"@type":"SearchAction","target":{"@type":"EntryPoint","urlTemplate":"https:\/\/veneakselisto.com\/kauppa\/?s={search_term_string}"},"query-input":{"@type":"PropertyValueSpecification","valueRequired":true,"valueName":"search_term_string"}}],"inLanguage":"fi"},{"@type":"Organization","@id":"https:\/\/veneakselisto.com\/kauppa\/#organization","name":"Veneakselisto.com verkkokauppa","url":"https:\/\/veneakselisto.com\/kauppa\/","logo":{"@type":"ImageObject","inLanguage":"fi","@id":"https:\/\/veneakselisto.com\/kauppa\/#\/schema\/logo\/image\/","url":"https:\/\/i2.wp.com\/veneakselisto.com\/kauppa\/wp-content\/uploads\/2016\/06\/fb_icon.jpg?fit=327%2C327&ssl=1","contentUrl":"https:\/\/i2.wp.com\/veneakselisto.com\/kauppa\/wp-content\/uploads\/2016\/06\/fb_icon.jpg?fit=327%2C327&ssl=1","width":327,"height":327,"caption":"Veneakselisto.com verkkokauppa"},"image":{"@id":"https:\/\/veneakselisto.com\/kauppa\/#\/schema\/logo\/image\/"},"sameAs":["https:\/\/www.facebook.com\/AlaMikkula\/"]}]}},"jetpack_publicize_connections":[],"jetpack_sharing_enabled":true,"_links":{"self":[{"href":"https:\/\/veneakselisto.com\/kauppa\/wp-json\/wp\/v2\/product\/1089","targetHints":{"allow":["GET"]}}],"collection":[{"href":"https:\/\/veneakselisto.com\/kauppa\/wp-json\/wp\/v2\/product"}],"about":[{"href":"https:\/\/veneakselisto.com\/kauppa\/wp-json\/wp\/v2\/types\/product"}],"replies":[{"embeddable":true,"href":"https:\/\/veneakselisto.com\/kauppa\/wp-json\/wp\/v2\/comments?post=1089"}],"wp:featuredmedia":[{"embeddable":true,"href":"https:\/\/veneakselisto.com\/kauppa\/wp-json\/wp\/v2\/media\/1090"}],"wp:attachment":[{"href":"https:\/\/veneakselisto.com\/kauppa\/wp-json\/wp\/v2\/media?parent=1089"}],"wp:term":[{"taxonomy":"product_brand","embeddable":true,"href":"https:\/\/veneakselisto.com\/kauppa\/wp-json\/wp\/v2\/product_brand?post=1089"},{"taxonomy":"product_cat","embeddable":true,"href":"https:\/\/veneakselisto.com\/kauppa\/wp-json\/wp\/v2\/product_cat?post=1089"},{"taxonomy":"product_tag","embeddable":true,"href":"https:\/\/veneakselisto.com\/kauppa\/wp-json\/wp\/v2\/product_tag?post=1089"}],"curies":[{"name":"wp","href":"https:\/\/api.w.org\/{rel}","templated":true}]}}