{"id":10512,"date":"2021-04-13T10:22:05","date_gmt":"2021-04-13T07:22:05","guid":{"rendered":"https:\/\/veneakselisto.com\/kauppa\/?post_type=product&#038;p=10512"},"modified":"2025-09-04T10:37:27","modified_gmt":"2025-09-04T07:37:27","slug":"orbitrade-15w-40-merimoottorioljy-5-l","status":"publish","type":"product","link":"https:\/\/veneakselisto.com\/kauppa\/tuote\/orbitrade-15w-40-merimoottorioljy-5-l\/","title":{"rendered":"Orbitrade 15W-40 merimoottori\u00f6ljy 5 L"},"content":{"rendered":"<p>Orbitrade 15W-40 merimoottori\u00f6ljy 5 L<\/p>\n<p>Orbitrade Dieselmoottori\u00f6ljy 15W-40 sopii useimmille meridieseleille ja dieselgeneraattoreille, niin vapaasti hengitt\u00e4ville kuin turboahdetuillekin moottoreille.<\/p>\n<p>TUOTETIEDOT<\/p>\n<p>SAE grad(er): 15W-40<br \/>\nAPI: C1-4\/CG-4\/ CF-4\/CF\/SL<br \/>\nACEA: 04-E7\/ A3\/B3\/ B4<br \/>\nVolvo: VDS 3<\/p>\n<p>Moottori\u00f6ljy Mineraali 15W-40<br \/>\nErikois\u00f6ljy 4-tahtimoottoreille turbolla tai ilman. Erityisesti sovitettu lis\u00e4aine varmistaa raskaasti kuormitettujen moottoreiden vakaan toiminnan vaativissa olosuhteissa. \u00d6ljy sis\u00e4lt\u00e4\u00e4 erinomaisia korroosionestoaineita, jotka est\u00e4v\u00e4t makean ja suolaisen veden korroosiota. Korkeaviskositeettinen \u00f6ljy tarjoaa maksimaalisen suojan kulumiselta ja est\u00e4\u00e4 saostumien kertymisen moottorin sis\u00e4osiin.<\/p>\n<p>Orbitrade 15W-40 merimoottori\u00f6ljy 5 L<\/p>\n","protected":false},"excerpt":{"rendered":"<p>Orbitrade 15W-40 merimoottori\u00f6ljy 5 L<\/p>\n<p>TUOTETIEDOT<\/p>\n<p>SAE grad(er): 15W-40<br \/>\nAPI: C1-4\/CG-4\/ CF-4\/CF\/SL<br \/>\nACEA: 04-E7\/ A3\/B3\/ B4<br \/>\nVolvo: VDS 3<\/p>\n<p>Moottori\u00f6ljy Mineraali 15W-40<br \/>\nErikois\u00f6ljy 4-tahtimoottoreille turbolla tai ilman. Erityisesti sovitettu lis\u00e4aine varmistaa raskaasti kuormitettujen moottoreiden vakaan toiminnan vaativissa olosuhteissa. \u00d6ljy sis\u00e4lt\u00e4\u00e4 erinomaisia korroosionestoaineita, jotka est\u00e4v\u00e4t makean ja suolaisen veden korroosiota. Korkeaviskositeettinen \u00f6ljy tarjoaa maksimaalisen suojan kulumiselta ja est\u00e4\u00e4 saostumien kertymisen moottorin sis\u00e4osiin.<\/p>\n","protected":false},"featured_media":10514,"comment_status":"open","ping_status":"closed","template":"","meta":{"jetpack_post_was_ever_published":false,"jetpack_publicize_message":"","jetpack_publicize_feature_enabled":true,"jetpack_social_post_already_shared":true,"jetpack_social_options":{"image_generator_settings":{"template":"highway","default_image_id":0,"font":"","enabled":false},"version":2}},"product_brand":[],"product_cat":[256,250,1045,1178,293,270,1173,288,913,251,264,269],"product_tag":[261,259,260,98],"class_list":{"0":"post-10512","1":"product","2":"type-product","3":"status-publish","4":"has-post-thumbnail","6":"product_cat-lombardini-huolto-osat","7":"product_cat-moottoreiden-huolto-osat","8":"product_cat-yanmar-oljy","9":"product_cat-oljy-nesteet-volvo-penta-vetus-kubota","10":"product_cat-oljyt-ja-nesteet-lombardini-huolto-osat","11":"product_cat-oljyt-ja-nesteet","12":"product_cat-oljy-volvo-penta","13":"product_cat-oljyt-ja-nesteet-vetus-huolto-osat","14":"product_cat-peravetolaite-oljy","15":"product_cat-vetus-huolto-osat","16":"product_cat-volvo-penta-huoltopaketit","17":"product_cat-volvo-penta-varaosat-houlto-osat","18":"product_tag-dieselmoottorioljy","19":"product_tag-moottorioljy","20":"product_tag-oljy","21":"product_tag-vetus","22":"brand-orbitrade-marine","24":"first","25":"instock","26":"sale","27":"taxable","28":"shipping-taxable","29":"purchasable","30":"product-type-simple"},"yoast_head":"<!-- This site is optimized with the Yoast SEO plugin v27.4 - https:\/\/yoast.com\/product\/yoast-seo-wordpress\/ -->\n<title>Orbitrade 15W-40 merimoottori\u00f6ljy 5 L-Penta-Veneakselisto.com<\/title>\n<meta name=\"description\" content=\"Orbitrade 15W-40 merimoottori\u00f6ljy 5 L . Volvo Penta \u00f6ljyt ja nesteet edullisesti Veneakselisto.com-Venetarvikkeiden maahantuonti ja myynti\" \/>\n<meta name=\"robots\" content=\"index, follow, max-snippet:-1, max-image-preview:large, max-video-preview:-1\" \/>\n<link rel=\"canonical\" href=\"https:\/\/veneakselisto.com\/kauppa\/tuote\/orbitrade-15w-40-merimoottorioljy-5-l\/\" \/>\n<meta property=\"og:locale\" content=\"fi_FI\" \/>\n<meta property=\"og:type\" content=\"article\" \/>\n<meta property=\"og:title\" content=\"Orbitrade 15W-40 merimoottori\u00f6ljy 5 L-Penta-Veneakselisto.com\" \/>\n<meta property=\"og:description\" content=\"Orbitrade 15W-40 merimoottori\u00f6ljy 5 L . Volvo Penta \u00f6ljyt ja nesteet edullisesti Veneakselisto.com-Venetarvikkeiden maahantuonti ja myynti\" \/>\n<meta property=\"og:url\" content=\"https:\/\/veneakselisto.com\/kauppa\/tuote\/orbitrade-15w-40-merimoottorioljy-5-l\/\" \/>\n<meta property=\"og:site_name\" content=\"Veneakselisto.com - verkkokauppa\" \/>\n<meta property=\"article:publisher\" content=\"https:\/\/www.facebook.com\/AlaMikkula\/\" \/>\n<meta property=\"article:modified_time\" content=\"2025-09-04T07:37:27+00:00\" \/>\n<meta property=\"og:image\" content=\"https:\/\/veneakselisto.com\/kauppa\/wp-content\/uploads\/2021\/04\/2402-5-volvo-penta-moottorioljy.jpg\" \/>\n\t<meta property=\"og:image:width\" content=\"500\" \/>\n\t<meta property=\"og:image:height\" content=\"500\" \/>\n\t<meta property=\"og:image:type\" content=\"image\/jpeg\" \/>\n<meta name=\"twitter:card\" content=\"summary_large_image\" \/>\n<meta name=\"twitter:label1\" content=\"Arvioitu lukuaika\" \/>\n\t<meta name=\"twitter:data1\" content=\"1 minuutti\" \/>\n<script type=\"application\/ld+json\" class=\"yoast-schema-graph\">{\"@context\":\"https:\\\/\\\/schema.org\",\"@graph\":[{\"@type\":\"WebPage\",\"@id\":\"https:\\\/\\\/veneakselisto.com\\\/kauppa\\\/tuote\\\/orbitrade-15w-40-merimoottorioljy-5-l\\\/\",\"url\":\"https:\\\/\\\/veneakselisto.com\\\/kauppa\\\/tuote\\\/orbitrade-15w-40-merimoottorioljy-5-l\\\/\",\"name\":\"Orbitrade 15W-40 merimoottori\u00f6ljy 5 L-Penta-Veneakselisto.com\",\"isPartOf\":{\"@id\":\"https:\\\/\\\/veneakselisto.com\\\/kauppa\\\/#website\"},\"primaryImageOfPage\":{\"@id\":\"https:\\\/\\\/veneakselisto.com\\\/kauppa\\\/tuote\\\/orbitrade-15w-40-merimoottorioljy-5-l\\\/#primaryimage\"},\"image\":{\"@id\":\"https:\\\/\\\/veneakselisto.com\\\/kauppa\\\/tuote\\\/orbitrade-15w-40-merimoottorioljy-5-l\\\/#primaryimage\"},\"thumbnailUrl\":\"https:\\\/\\\/i0.wp.com\\\/veneakselisto.com\\\/kauppa\\\/wp-content\\\/uploads\\\/2021\\\/04\\\/2402-5-volvo-penta-moottorioljy.jpg?fit=500%2C500&ssl=1\",\"datePublished\":\"2021-04-13T07:22:05+00:00\",\"dateModified\":\"2025-09-04T07:37:27+00:00\",\"description\":\"Orbitrade 15W-40 merimoottori\u00f6ljy 5 L . Volvo Penta \u00f6ljyt ja nesteet edullisesti Veneakselisto.com-Venetarvikkeiden maahantuonti ja myynti\",\"breadcrumb\":{\"@id\":\"https:\\\/\\\/veneakselisto.com\\\/kauppa\\\/tuote\\\/orbitrade-15w-40-merimoottorioljy-5-l\\\/#breadcrumb\"},\"inLanguage\":\"fi\",\"potentialAction\":[{\"@type\":\"ReadAction\",\"target\":[\"https:\\\/\\\/veneakselisto.com\\\/kauppa\\\/tuote\\\/orbitrade-15w-40-merimoottorioljy-5-l\\\/\"]}]},{\"@type\":\"ImageObject\",\"inLanguage\":\"fi\",\"@id\":\"https:\\\/\\\/veneakselisto.com\\\/kauppa\\\/tuote\\\/orbitrade-15w-40-merimoottorioljy-5-l\\\/#primaryimage\",\"url\":\"https:\\\/\\\/i0.wp.com\\\/veneakselisto.com\\\/kauppa\\\/wp-content\\\/uploads\\\/2021\\\/04\\\/2402-5-volvo-penta-moottorioljy.jpg?fit=500%2C500&ssl=1\",\"contentUrl\":\"https:\\\/\\\/i0.wp.com\\\/veneakselisto.com\\\/kauppa\\\/wp-content\\\/uploads\\\/2021\\\/04\\\/2402-5-volvo-penta-moottorioljy.jpg?fit=500%2C500&ssl=1\",\"width\":500,\"height\":500,\"caption\":\"orbitrade moottori\u00f6ljy 5 L 15w-40- Venetarvikkeiden erikoisliike-Veneakselisto.com\"},{\"@type\":\"BreadcrumbList\",\"@id\":\"https:\\\/\\\/veneakselisto.com\\\/kauppa\\\/tuote\\\/orbitrade-15w-40-merimoottorioljy-5-l\\\/#breadcrumb\",\"itemListElement\":[{\"@type\":\"ListItem\",\"position\":1,\"name\":\"Etusivu\",\"item\":\"https:\\\/\\\/veneakselisto.com\\\/kauppa\\\/\"},{\"@type\":\"ListItem\",\"position\":2,\"name\":\"Kauppa\",\"item\":\"https:\\\/\\\/veneakselisto.com\\\/kauppa\\\/\"},{\"@type\":\"ListItem\",\"position\":3,\"name\":\"Orbitrade 15W-40 merimoottori\u00f6ljy 5 L\"}]},{\"@type\":\"WebSite\",\"@id\":\"https:\\\/\\\/veneakselisto.com\\\/kauppa\\\/#website\",\"url\":\"https:\\\/\\\/veneakselisto.com\\\/kauppa\\\/\",\"name\":\"Veneakselisto.com - verkkokauppa\",\"description\":\"Venetarvikkeiden maahantuonti ja myynti\",\"publisher\":{\"@id\":\"https:\\\/\\\/veneakselisto.com\\\/kauppa\\\/#organization\"},\"potentialAction\":[{\"@type\":\"SearchAction\",\"target\":{\"@type\":\"EntryPoint\",\"urlTemplate\":\"https:\\\/\\\/veneakselisto.com\\\/kauppa\\\/?s={search_term_string}\"},\"query-input\":{\"@type\":\"PropertyValueSpecification\",\"valueRequired\":true,\"valueName\":\"search_term_string\"}}],\"inLanguage\":\"fi\"},{\"@type\":\"Organization\",\"@id\":\"https:\\\/\\\/veneakselisto.com\\\/kauppa\\\/#organization\",\"name\":\"Veneakselisto.com verkkokauppa\",\"url\":\"https:\\\/\\\/veneakselisto.com\\\/kauppa\\\/\",\"logo\":{\"@type\":\"ImageObject\",\"inLanguage\":\"fi\",\"@id\":\"https:\\\/\\\/veneakselisto.com\\\/kauppa\\\/#\\\/schema\\\/logo\\\/image\\\/\",\"url\":\"https:\\\/\\\/i2.wp.com\\\/veneakselisto.com\\\/kauppa\\\/wp-content\\\/uploads\\\/2016\\\/06\\\/fb_icon.jpg?fit=327%2C327&ssl=1\",\"contentUrl\":\"https:\\\/\\\/i2.wp.com\\\/veneakselisto.com\\\/kauppa\\\/wp-content\\\/uploads\\\/2016\\\/06\\\/fb_icon.jpg?fit=327%2C327&ssl=1\",\"width\":327,\"height\":327,\"caption\":\"Veneakselisto.com verkkokauppa\"},\"image\":{\"@id\":\"https:\\\/\\\/veneakselisto.com\\\/kauppa\\\/#\\\/schema\\\/logo\\\/image\\\/\"},\"sameAs\":[\"https:\\\/\\\/www.facebook.com\\\/AlaMikkula\\\/\"]}]}<\/script>\n<!-- \/ Yoast SEO plugin. -->","yoast_head_json":{"title":"Orbitrade 15W-40 merimoottori\u00f6ljy 5 L-Penta-Veneakselisto.com","description":"Orbitrade 15W-40 merimoottori\u00f6ljy 5 L . Volvo Penta \u00f6ljyt ja nesteet edullisesti Veneakselisto.com-Venetarvikkeiden maahantuonti ja myynti","robots":{"index":"index","follow":"follow","max-snippet":"max-snippet:-1","max-image-preview":"max-image-preview:large","max-video-preview":"max-video-preview:-1"},"canonical":"https:\/\/veneakselisto.com\/kauppa\/tuote\/orbitrade-15w-40-merimoottorioljy-5-l\/","og_locale":"fi_FI","og_type":"article","og_title":"Orbitrade 15W-40 merimoottori\u00f6ljy 5 L-Penta-Veneakselisto.com","og_description":"Orbitrade 15W-40 merimoottori\u00f6ljy 5 L . Volvo Penta \u00f6ljyt ja nesteet edullisesti Veneakselisto.com-Venetarvikkeiden maahantuonti ja myynti","og_url":"https:\/\/veneakselisto.com\/kauppa\/tuote\/orbitrade-15w-40-merimoottorioljy-5-l\/","og_site_name":"Veneakselisto.com - verkkokauppa","article_publisher":"https:\/\/www.facebook.com\/AlaMikkula\/","article_modified_time":"2025-09-04T07:37:27+00:00","og_image":[{"width":500,"height":500,"url":"https:\/\/veneakselisto.com\/kauppa\/wp-content\/uploads\/2021\/04\/2402-5-volvo-penta-moottorioljy.jpg","type":"image\/jpeg"}],"twitter_card":"summary_large_image","twitter_misc":{"Arvioitu lukuaika":"1 minuutti"},"schema":{"@context":"https:\/\/schema.org","@graph":[{"@type":"WebPage","@id":"https:\/\/veneakselisto.com\/kauppa\/tuote\/orbitrade-15w-40-merimoottorioljy-5-l\/","url":"https:\/\/veneakselisto.com\/kauppa\/tuote\/orbitrade-15w-40-merimoottorioljy-5-l\/","name":"Orbitrade 15W-40 merimoottori\u00f6ljy 5 L-Penta-Veneakselisto.com","isPartOf":{"@id":"https:\/\/veneakselisto.com\/kauppa\/#website"},"primaryImageOfPage":{"@id":"https:\/\/veneakselisto.com\/kauppa\/tuote\/orbitrade-15w-40-merimoottorioljy-5-l\/#primaryimage"},"image":{"@id":"https:\/\/veneakselisto.com\/kauppa\/tuote\/orbitrade-15w-40-merimoottorioljy-5-l\/#primaryimage"},"thumbnailUrl":"https:\/\/i0.wp.com\/veneakselisto.com\/kauppa\/wp-content\/uploads\/2021\/04\/2402-5-volvo-penta-moottorioljy.jpg?fit=500%2C500&ssl=1","datePublished":"2021-04-13T07:22:05+00:00","dateModified":"2025-09-04T07:37:27+00:00","description":"Orbitrade 15W-40 merimoottori\u00f6ljy 5 L . Volvo Penta \u00f6ljyt ja nesteet edullisesti Veneakselisto.com-Venetarvikkeiden maahantuonti ja myynti","breadcrumb":{"@id":"https:\/\/veneakselisto.com\/kauppa\/tuote\/orbitrade-15w-40-merimoottorioljy-5-l\/#breadcrumb"},"inLanguage":"fi","potentialAction":[{"@type":"ReadAction","target":["https:\/\/veneakselisto.com\/kauppa\/tuote\/orbitrade-15w-40-merimoottorioljy-5-l\/"]}]},{"@type":"ImageObject","inLanguage":"fi","@id":"https:\/\/veneakselisto.com\/kauppa\/tuote\/orbitrade-15w-40-merimoottorioljy-5-l\/#primaryimage","url":"https:\/\/i0.wp.com\/veneakselisto.com\/kauppa\/wp-content\/uploads\/2021\/04\/2402-5-volvo-penta-moottorioljy.jpg?fit=500%2C500&ssl=1","contentUrl":"https:\/\/i0.wp.com\/veneakselisto.com\/kauppa\/wp-content\/uploads\/2021\/04\/2402-5-volvo-penta-moottorioljy.jpg?fit=500%2C500&ssl=1","width":500,"height":500,"caption":"orbitrade moottori\u00f6ljy 5 L 15w-40- Venetarvikkeiden erikoisliike-Veneakselisto.com"},{"@type":"BreadcrumbList","@id":"https:\/\/veneakselisto.com\/kauppa\/tuote\/orbitrade-15w-40-merimoottorioljy-5-l\/#breadcrumb","itemListElement":[{"@type":"ListItem","position":1,"name":"Etusivu","item":"https:\/\/veneakselisto.com\/kauppa\/"},{"@type":"ListItem","position":2,"name":"Kauppa","item":"https:\/\/veneakselisto.com\/kauppa\/"},{"@type":"ListItem","position":3,"name":"Orbitrade 15W-40 merimoottori\u00f6ljy 5 L"}]},{"@type":"WebSite","@id":"https:\/\/veneakselisto.com\/kauppa\/#website","url":"https:\/\/veneakselisto.com\/kauppa\/","name":"Veneakselisto.com - verkkokauppa","description":"Venetarvikkeiden maahantuonti ja myynti","publisher":{"@id":"https:\/\/veneakselisto.com\/kauppa\/#organization"},"potentialAction":[{"@type":"SearchAction","target":{"@type":"EntryPoint","urlTemplate":"https:\/\/veneakselisto.com\/kauppa\/?s={search_term_string}"},"query-input":{"@type":"PropertyValueSpecification","valueRequired":true,"valueName":"search_term_string"}}],"inLanguage":"fi"},{"@type":"Organization","@id":"https:\/\/veneakselisto.com\/kauppa\/#organization","name":"Veneakselisto.com verkkokauppa","url":"https:\/\/veneakselisto.com\/kauppa\/","logo":{"@type":"ImageObject","inLanguage":"fi","@id":"https:\/\/veneakselisto.com\/kauppa\/#\/schema\/logo\/image\/","url":"https:\/\/i2.wp.com\/veneakselisto.com\/kauppa\/wp-content\/uploads\/2016\/06\/fb_icon.jpg?fit=327%2C327&ssl=1","contentUrl":"https:\/\/i2.wp.com\/veneakselisto.com\/kauppa\/wp-content\/uploads\/2016\/06\/fb_icon.jpg?fit=327%2C327&ssl=1","width":327,"height":327,"caption":"Veneakselisto.com verkkokauppa"},"image":{"@id":"https:\/\/veneakselisto.com\/kauppa\/#\/schema\/logo\/image\/"},"sameAs":["https:\/\/www.facebook.com\/AlaMikkula\/"]}]}},"jetpack_publicize_connections":[],"jetpack_sharing_enabled":true,"_links":{"self":[{"href":"https:\/\/veneakselisto.com\/kauppa\/wp-json\/wp\/v2\/product\/10512","targetHints":{"allow":["GET"]}}],"collection":[{"href":"https:\/\/veneakselisto.com\/kauppa\/wp-json\/wp\/v2\/product"}],"about":[{"href":"https:\/\/veneakselisto.com\/kauppa\/wp-json\/wp\/v2\/types\/product"}],"replies":[{"embeddable":true,"href":"https:\/\/veneakselisto.com\/kauppa\/wp-json\/wp\/v2\/comments?post=10512"}],"wp:featuredmedia":[{"embeddable":true,"href":"https:\/\/veneakselisto.com\/kauppa\/wp-json\/wp\/v2\/media\/10514"}],"wp:attachment":[{"href":"https:\/\/veneakselisto.com\/kauppa\/wp-json\/wp\/v2\/media?parent=10512"}],"wp:term":[{"taxonomy":"product_brand","embeddable":true,"href":"https:\/\/veneakselisto.com\/kauppa\/wp-json\/wp\/v2\/product_brand?post=10512"},{"taxonomy":"product_cat","embeddable":true,"href":"https:\/\/veneakselisto.com\/kauppa\/wp-json\/wp\/v2\/product_cat?post=10512"},{"taxonomy":"product_tag","embeddable":true,"href":"https:\/\/veneakselisto.com\/kauppa\/wp-json\/wp\/v2\/product_tag?post=10512"}],"curies":[{"name":"wp","href":"https:\/\/api.w.org\/{rel}","templated":true}]}}