{"id":10427,"date":"2021-04-05T19:01:56","date_gmt":"2021-04-05T16:01:56","guid":{"rendered":"https:\/\/veneakselisto.com\/kauppa\/?post_type=product&#038;p=10427"},"modified":"2024-08-31T23:14:59","modified_gmt":"2024-08-31T20:14:59","slug":"14-1-8x23-michigan-ballistic-rst-potkuri-150-300-hv-suzuki","status":"publish","type":"product","link":"https:\/\/veneakselisto.com\/kauppa\/tuote\/14-1-8x23-michigan-ballistic-rst-potkuri-150-300-hv-suzuki\/","title":{"rendered":"14 1\/8&#215;23 Michigan Ballistic RST potkuri 150-300 hv Suzuki"},"content":{"rendered":"<p>14 1\/8&#215;23 Michigan Ballistic RST potkuri 150-300 hv Suzuki<\/p>\n<p>4 lapainen Michigan Ballistic ter\u00e4spotkuri. A srja<\/p>\n<p>Potkurissa on irtokeski\u00f6 joka KUULUU HINTAAN ja toimitetaan potkurin mukana<\/p>\n<p><b>Suzuki 150-300 HP <\/b><br \/>\n\u009515 Tooth Spline &#8211; 4-3\/4&#8243; Gearcase &#8211; Thru Hub Exhaust &#8211; Hub Kit: 204SH sis\u00e4ltyy toimitukseen!<\/p>\n<p>DT 150 1986-03<br \/>\nDF 150 4-Stroke 2006-<br \/>\nDF 150TG 2014-<br \/>\nDT 175 1987-92<br \/>\nDF 175 4-Stroke 2006-<br \/>\nDT 175TG 2014-<br \/>\nDT 200 1986-00<br \/>\nDF 200 4-Stroke 2004-<br \/>\nDF 200A 4-Stroke 2015-<br \/>\nDF 200AP 4-Stroke 2015-<br \/>\nDT 225 1986-03<br \/>\nDF 225 4-Stroke 2004-<br \/>\nDF 250 4-Stroke 2004-<br \/>\nDF 250AP 4-Stroke 2014-<\/p>\n<p>DF 300 4-Stroke 2007-<br \/>\nDF 300AP 4-Stroke 2014-<\/p>\n<p>14 1\/8&#215;23 Michigan Ballistic RST potkuri 150-300 hv Suzuki<\/p>\n<p>Michigan valmistaa potkureita useinpiin eri moottorimerkkeihin. Jos haluat todella laadukkaan ja suorituskykyisen potkurin, niin Michigan Apollo tai Ballistic sarjasta ne l\u00f6ytyv\u00e4t!<\/p>\n<p>Hyv\u00e4 tiet\u00e4\u00e4 potkurin valinnassa.<\/p>\n<p>Selvit\u00e4 mik\u00e4 potkuri sinulla on nyt moottorissasi. Potkurin koko lukee potkurin navassa lapojen v\u00e4liss\u00e4 tai potkurin navan p\u00e4\u00e4ss\u00e4. Esim. 13 1\/4 x 17. Ensinm\u00e4inen numero on potkurin halkaisija ja j\u00e4lkinm\u00e4inen on potkurin nousu.<\/p>\n<p>Muutos potkurin nousussa voi lis\u00e4t\u00e4 tai v\u00e4hent\u00e4\u00e4 moottorin kierroslukua. Kahden tuuman (2\u201d) lis\u00e4ys tai v\u00e4hennys potkurin nousuun muuttaa moottorin kierroslukua noin +- 350 rpm. Tarkista my\u00f6s moottorinvalmistajan suosittelema kierroslukualue!<\/p>\n<p>Potkurimyyj\u00e4lle k\u00e4site \u201dvakiopotkuri\u201d on vaikea, sill\u00e4 kaikki potkurivalmistajan valikoimassa olevat potkurit ovat periaatteessa vakiopotkureita. Kahdessa t\u00e4ysin samanlaisessa veneess\u00e4, varustettuna saman tehoisilla moottoreilla, voi potkurit olla eri kokoiset mik\u00e4li veneit\u00e4 ajetaan eri kuormalla. Siksi on eritt\u00e4in t\u00e4rke\u00e4\u00e4 merkit\u00e4 muistiin potkurin koko ja suurin kierrosluku, jonka moottori saavuttaa sek\u00e4 veneen suurin nopeus.<\/p>\n<p>Moottorioston yhteydess\u00e4 moottorin kanssa on yleens\u00e4 toimitettu potkuri, jota kutsutaan \u201cvakiopotkuriksi\u201d. Kooltaan t\u00e4m\u00e4 potkuri on arvioitu sopivan mahdollisimman moneen moottori\/vene yhdistelm\u00e4\u00e4n. Vakiopotkuri ei siis aina ole paras vaihtoehto.<\/p>\n<p>Jos olet ep\u00e4varma potkurin valinnasta, niin ota yhteytt\u00e4 pottkureiden ammattilaiseen.<\/p>\n<h4><strong>Suomen laajin ja monipuolisin potkureiden valikoima l\u00f6ytyy Suomen Veneakselisto Oy:st\u00e4, Potkureiden erikoisliikkeest\u00e4.<\/strong><\/h4>\n<p><strong>\u201dse laadukkaiden potkureiden edullinen verkkokauppa\u201d<\/strong><\/p>\n","protected":false},"excerpt":{"rendered":"<p><b>Suzuki 150-300 HP <\/b><\/p>\n<p>14 1\/8&#215;23 Michigan Ballistic RST potkuri 150-300 hv Suzuki<\/p>\n<p>4 lapainen Michigan Ballistic ter\u00e4spotkuri. A srja<\/p>\n<p>Potkurissa on irtokeski\u00f6 joka KUULUU HINTAAN ja toimitetaan potkurin mukana<\/p>\n<p><b>Suzuki 150-300 HP <\/b><br \/>\n\u009515 Tooth Spline &#8211; 4-3\/4&#8243; Gearcase &#8211; Thru Hub Exhaust &#8211; Hub Kit: 204SH sis\u00e4ltyy toimitukseen!<\/p>\n<p>&nbsp;<\/p>\n<p>Verkkokauppa tuote. Toimitusaika 2-5pv<\/p>\n","protected":false},"featured_media":10429,"comment_status":"open","ping_status":"closed","template":"","meta":{"jetpack_post_was_ever_published":false,"jetpack_publicize_message":"","jetpack_publicize_feature_enabled":true,"jetpack_social_post_already_shared":true,"jetpack_social_options":{"image_generator_settings":{"template":"highway","default_image_id":0,"font":"","enabled":false},"version":2}},"product_brand":[],"product_cat":[1142,1112,18,1115],"product_tag":[1119,418,1122],"class_list":{"0":"post-10427","1":"product","2":"type-product","3":"status-publish","4":"has-post-thumbnail","6":"product_cat-ballistic-michigan-suzuki-teraspotkuri","7":"product_cat-michigan-teraspotkuri-rst","8":"product_cat-potkurit","9":"product_cat-suzuki-rst-potkuri-michigan","10":"product_tag-rst-potkuri","11":"product_tag-suzuki","12":"product_tag-teraspotkuri","13":"brand-michigan","15":"first","16":"onbackorder","17":"sale","18":"taxable","19":"shipping-taxable","20":"purchasable","21":"product-type-simple"},"yoast_head":"<!-- This site is optimized with the Yoast SEO plugin v27.4 - https:\/\/yoast.com\/product\/yoast-seo-wordpress\/ -->\n<title>14 1\/8x23 Michigan Ballistic RST potkuri 150-300 hv Suzuki-Verkkokauppa<\/title>\n<meta name=\"description\" content=\"14 1\/8x23 Michigan Ballistic RST potkuri 150-300 hv Suzuki. Ter\u00e4spotkurit toimittaa potkureiden erikoisliike-Veneakselisto.com-ter\u00e4spotkur\" \/>\n<meta name=\"robots\" content=\"index, follow, max-snippet:-1, max-image-preview:large, max-video-preview:-1\" \/>\n<link rel=\"canonical\" href=\"https:\/\/veneakselisto.com\/kauppa\/tuote\/14-1-8x23-michigan-ballistic-rst-potkuri-150-300-hv-suzuki\/\" \/>\n<meta property=\"og:locale\" content=\"fi_FI\" \/>\n<meta property=\"og:type\" content=\"article\" \/>\n<meta property=\"og:title\" content=\"14 1\/8x23 Michigan Ballistic RST potkuri 150-300 hv Suzuki-Verkkokauppa\" \/>\n<meta property=\"og:description\" content=\"14 1\/8x23 Michigan Ballistic RST potkuri 150-300 hv Suzuki. Ter\u00e4spotkurit toimittaa potkureiden erikoisliike-Veneakselisto.com-ter\u00e4spotkur\" \/>\n<meta property=\"og:url\" content=\"https:\/\/veneakselisto.com\/kauppa\/tuote\/14-1-8x23-michigan-ballistic-rst-potkuri-150-300-hv-suzuki\/\" \/>\n<meta property=\"og:site_name\" content=\"Veneakselisto.com - verkkokauppa\" \/>\n<meta property=\"article:publisher\" content=\"https:\/\/www.facebook.com\/AlaMikkula\/\" \/>\n<meta property=\"article:modified_time\" content=\"2024-08-31T20:14:59+00:00\" \/>\n<meta property=\"og:image\" content=\"https:\/\/veneakselisto.com\/kauppa\/wp-content\/uploads\/2021\/04\/Ballistic-4-lapainen-suzuki.jpg\" \/>\n\t<meta property=\"og:image:width\" content=\"500\" \/>\n\t<meta property=\"og:image:height\" content=\"500\" \/>\n\t<meta property=\"og:image:type\" content=\"image\/jpeg\" \/>\n<meta name=\"twitter:card\" content=\"summary_large_image\" \/>\n<meta name=\"twitter:label1\" content=\"Arvioitu lukuaika\" \/>\n\t<meta name=\"twitter:data1\" content=\"2 minuuttia\" \/>\n<script type=\"application\/ld+json\" class=\"yoast-schema-graph\">{\"@context\":\"https:\\\/\\\/schema.org\",\"@graph\":[{\"@type\":\"WebPage\",\"@id\":\"https:\\\/\\\/veneakselisto.com\\\/kauppa\\\/tuote\\\/14-1-8x23-michigan-ballistic-rst-potkuri-150-300-hv-suzuki\\\/\",\"url\":\"https:\\\/\\\/veneakselisto.com\\\/kauppa\\\/tuote\\\/14-1-8x23-michigan-ballistic-rst-potkuri-150-300-hv-suzuki\\\/\",\"name\":\"14 1\\\/8x23 Michigan Ballistic RST potkuri 150-300 hv Suzuki-Verkkokauppa\",\"isPartOf\":{\"@id\":\"https:\\\/\\\/veneakselisto.com\\\/kauppa\\\/#website\"},\"primaryImageOfPage\":{\"@id\":\"https:\\\/\\\/veneakselisto.com\\\/kauppa\\\/tuote\\\/14-1-8x23-michigan-ballistic-rst-potkuri-150-300-hv-suzuki\\\/#primaryimage\"},\"image\":{\"@id\":\"https:\\\/\\\/veneakselisto.com\\\/kauppa\\\/tuote\\\/14-1-8x23-michigan-ballistic-rst-potkuri-150-300-hv-suzuki\\\/#primaryimage\"},\"thumbnailUrl\":\"https:\\\/\\\/i0.wp.com\\\/veneakselisto.com\\\/kauppa\\\/wp-content\\\/uploads\\\/2021\\\/04\\\/Ballistic-4-lapainen-suzuki.jpg?fit=500%2C500&ssl=1\",\"datePublished\":\"2021-04-05T16:01:56+00:00\",\"dateModified\":\"2024-08-31T20:14:59+00:00\",\"description\":\"14 1\\\/8x23 Michigan Ballistic RST potkuri 150-300 hv Suzuki. Ter\u00e4spotkurit toimittaa potkureiden erikoisliike-Veneakselisto.com-ter\u00e4spotkur\",\"breadcrumb\":{\"@id\":\"https:\\\/\\\/veneakselisto.com\\\/kauppa\\\/tuote\\\/14-1-8x23-michigan-ballistic-rst-potkuri-150-300-hv-suzuki\\\/#breadcrumb\"},\"inLanguage\":\"fi\",\"potentialAction\":[{\"@type\":\"ReadAction\",\"target\":[\"https:\\\/\\\/veneakselisto.com\\\/kauppa\\\/tuote\\\/14-1-8x23-michigan-ballistic-rst-potkuri-150-300-hv-suzuki\\\/\"]}]},{\"@type\":\"ImageObject\",\"inLanguage\":\"fi\",\"@id\":\"https:\\\/\\\/veneakselisto.com\\\/kauppa\\\/tuote\\\/14-1-8x23-michigan-ballistic-rst-potkuri-150-300-hv-suzuki\\\/#primaryimage\",\"url\":\"https:\\\/\\\/i0.wp.com\\\/veneakselisto.com\\\/kauppa\\\/wp-content\\\/uploads\\\/2021\\\/04\\\/Ballistic-4-lapainen-suzuki.jpg?fit=500%2C500&ssl=1\",\"contentUrl\":\"https:\\\/\\\/i0.wp.com\\\/veneakselisto.com\\\/kauppa\\\/wp-content\\\/uploads\\\/2021\\\/04\\\/Ballistic-4-lapainen-suzuki.jpg?fit=500%2C500&ssl=1\",\"width\":500,\"height\":500,\"caption\":\"Michigan Ballistic 4-lapainen ter\u00e4spotkuri-Suzuki-Veneakselisto.com\"},{\"@type\":\"BreadcrumbList\",\"@id\":\"https:\\\/\\\/veneakselisto.com\\\/kauppa\\\/tuote\\\/14-1-8x23-michigan-ballistic-rst-potkuri-150-300-hv-suzuki\\\/#breadcrumb\",\"itemListElement\":[{\"@type\":\"ListItem\",\"position\":1,\"name\":\"Etusivu\",\"item\":\"https:\\\/\\\/veneakselisto.com\\\/kauppa\\\/\"},{\"@type\":\"ListItem\",\"position\":2,\"name\":\"Kauppa\",\"item\":\"https:\\\/\\\/veneakselisto.com\\\/kauppa\\\/\"},{\"@type\":\"ListItem\",\"position\":3,\"name\":\"14 1\\\/8&#215;23 Michigan Ballistic RST potkuri 150-300 hv Suzuki\"}]},{\"@type\":\"WebSite\",\"@id\":\"https:\\\/\\\/veneakselisto.com\\\/kauppa\\\/#website\",\"url\":\"https:\\\/\\\/veneakselisto.com\\\/kauppa\\\/\",\"name\":\"Veneakselisto.com - verkkokauppa\",\"description\":\"Venetarvikkeiden maahantuonti ja myynti\",\"publisher\":{\"@id\":\"https:\\\/\\\/veneakselisto.com\\\/kauppa\\\/#organization\"},\"potentialAction\":[{\"@type\":\"SearchAction\",\"target\":{\"@type\":\"EntryPoint\",\"urlTemplate\":\"https:\\\/\\\/veneakselisto.com\\\/kauppa\\\/?s={search_term_string}\"},\"query-input\":{\"@type\":\"PropertyValueSpecification\",\"valueRequired\":true,\"valueName\":\"search_term_string\"}}],\"inLanguage\":\"fi\"},{\"@type\":\"Organization\",\"@id\":\"https:\\\/\\\/veneakselisto.com\\\/kauppa\\\/#organization\",\"name\":\"Veneakselisto.com verkkokauppa\",\"url\":\"https:\\\/\\\/veneakselisto.com\\\/kauppa\\\/\",\"logo\":{\"@type\":\"ImageObject\",\"inLanguage\":\"fi\",\"@id\":\"https:\\\/\\\/veneakselisto.com\\\/kauppa\\\/#\\\/schema\\\/logo\\\/image\\\/\",\"url\":\"https:\\\/\\\/i2.wp.com\\\/veneakselisto.com\\\/kauppa\\\/wp-content\\\/uploads\\\/2016\\\/06\\\/fb_icon.jpg?fit=327%2C327&ssl=1\",\"contentUrl\":\"https:\\\/\\\/i2.wp.com\\\/veneakselisto.com\\\/kauppa\\\/wp-content\\\/uploads\\\/2016\\\/06\\\/fb_icon.jpg?fit=327%2C327&ssl=1\",\"width\":327,\"height\":327,\"caption\":\"Veneakselisto.com verkkokauppa\"},\"image\":{\"@id\":\"https:\\\/\\\/veneakselisto.com\\\/kauppa\\\/#\\\/schema\\\/logo\\\/image\\\/\"},\"sameAs\":[\"https:\\\/\\\/www.facebook.com\\\/AlaMikkula\\\/\"]}]}<\/script>\n<!-- \/ Yoast SEO plugin. -->","yoast_head_json":{"title":"14 1\/8x23 Michigan Ballistic RST potkuri 150-300 hv Suzuki-Verkkokauppa","description":"14 1\/8x23 Michigan Ballistic RST potkuri 150-300 hv Suzuki. Ter\u00e4spotkurit toimittaa potkureiden erikoisliike-Veneakselisto.com-ter\u00e4spotkur","robots":{"index":"index","follow":"follow","max-snippet":"max-snippet:-1","max-image-preview":"max-image-preview:large","max-video-preview":"max-video-preview:-1"},"canonical":"https:\/\/veneakselisto.com\/kauppa\/tuote\/14-1-8x23-michigan-ballistic-rst-potkuri-150-300-hv-suzuki\/","og_locale":"fi_FI","og_type":"article","og_title":"14 1\/8x23 Michigan Ballistic RST potkuri 150-300 hv Suzuki-Verkkokauppa","og_description":"14 1\/8x23 Michigan Ballistic RST potkuri 150-300 hv Suzuki. Ter\u00e4spotkurit toimittaa potkureiden erikoisliike-Veneakselisto.com-ter\u00e4spotkur","og_url":"https:\/\/veneakselisto.com\/kauppa\/tuote\/14-1-8x23-michigan-ballistic-rst-potkuri-150-300-hv-suzuki\/","og_site_name":"Veneakselisto.com - verkkokauppa","article_publisher":"https:\/\/www.facebook.com\/AlaMikkula\/","article_modified_time":"2024-08-31T20:14:59+00:00","og_image":[{"width":500,"height":500,"url":"https:\/\/veneakselisto.com\/kauppa\/wp-content\/uploads\/2021\/04\/Ballistic-4-lapainen-suzuki.jpg","type":"image\/jpeg"}],"twitter_card":"summary_large_image","twitter_misc":{"Arvioitu lukuaika":"2 minuuttia"},"schema":{"@context":"https:\/\/schema.org","@graph":[{"@type":"WebPage","@id":"https:\/\/veneakselisto.com\/kauppa\/tuote\/14-1-8x23-michigan-ballistic-rst-potkuri-150-300-hv-suzuki\/","url":"https:\/\/veneakselisto.com\/kauppa\/tuote\/14-1-8x23-michigan-ballistic-rst-potkuri-150-300-hv-suzuki\/","name":"14 1\/8x23 Michigan Ballistic RST potkuri 150-300 hv Suzuki-Verkkokauppa","isPartOf":{"@id":"https:\/\/veneakselisto.com\/kauppa\/#website"},"primaryImageOfPage":{"@id":"https:\/\/veneakselisto.com\/kauppa\/tuote\/14-1-8x23-michigan-ballistic-rst-potkuri-150-300-hv-suzuki\/#primaryimage"},"image":{"@id":"https:\/\/veneakselisto.com\/kauppa\/tuote\/14-1-8x23-michigan-ballistic-rst-potkuri-150-300-hv-suzuki\/#primaryimage"},"thumbnailUrl":"https:\/\/i0.wp.com\/veneakselisto.com\/kauppa\/wp-content\/uploads\/2021\/04\/Ballistic-4-lapainen-suzuki.jpg?fit=500%2C500&ssl=1","datePublished":"2021-04-05T16:01:56+00:00","dateModified":"2024-08-31T20:14:59+00:00","description":"14 1\/8x23 Michigan Ballistic RST potkuri 150-300 hv Suzuki. Ter\u00e4spotkurit toimittaa potkureiden erikoisliike-Veneakselisto.com-ter\u00e4spotkur","breadcrumb":{"@id":"https:\/\/veneakselisto.com\/kauppa\/tuote\/14-1-8x23-michigan-ballistic-rst-potkuri-150-300-hv-suzuki\/#breadcrumb"},"inLanguage":"fi","potentialAction":[{"@type":"ReadAction","target":["https:\/\/veneakselisto.com\/kauppa\/tuote\/14-1-8x23-michigan-ballistic-rst-potkuri-150-300-hv-suzuki\/"]}]},{"@type":"ImageObject","inLanguage":"fi","@id":"https:\/\/veneakselisto.com\/kauppa\/tuote\/14-1-8x23-michigan-ballistic-rst-potkuri-150-300-hv-suzuki\/#primaryimage","url":"https:\/\/i0.wp.com\/veneakselisto.com\/kauppa\/wp-content\/uploads\/2021\/04\/Ballistic-4-lapainen-suzuki.jpg?fit=500%2C500&ssl=1","contentUrl":"https:\/\/i0.wp.com\/veneakselisto.com\/kauppa\/wp-content\/uploads\/2021\/04\/Ballistic-4-lapainen-suzuki.jpg?fit=500%2C500&ssl=1","width":500,"height":500,"caption":"Michigan Ballistic 4-lapainen ter\u00e4spotkuri-Suzuki-Veneakselisto.com"},{"@type":"BreadcrumbList","@id":"https:\/\/veneakselisto.com\/kauppa\/tuote\/14-1-8x23-michigan-ballistic-rst-potkuri-150-300-hv-suzuki\/#breadcrumb","itemListElement":[{"@type":"ListItem","position":1,"name":"Etusivu","item":"https:\/\/veneakselisto.com\/kauppa\/"},{"@type":"ListItem","position":2,"name":"Kauppa","item":"https:\/\/veneakselisto.com\/kauppa\/"},{"@type":"ListItem","position":3,"name":"14 1\/8&#215;23 Michigan Ballistic RST potkuri 150-300 hv Suzuki"}]},{"@type":"WebSite","@id":"https:\/\/veneakselisto.com\/kauppa\/#website","url":"https:\/\/veneakselisto.com\/kauppa\/","name":"Veneakselisto.com - verkkokauppa","description":"Venetarvikkeiden maahantuonti ja myynti","publisher":{"@id":"https:\/\/veneakselisto.com\/kauppa\/#organization"},"potentialAction":[{"@type":"SearchAction","target":{"@type":"EntryPoint","urlTemplate":"https:\/\/veneakselisto.com\/kauppa\/?s={search_term_string}"},"query-input":{"@type":"PropertyValueSpecification","valueRequired":true,"valueName":"search_term_string"}}],"inLanguage":"fi"},{"@type":"Organization","@id":"https:\/\/veneakselisto.com\/kauppa\/#organization","name":"Veneakselisto.com verkkokauppa","url":"https:\/\/veneakselisto.com\/kauppa\/","logo":{"@type":"ImageObject","inLanguage":"fi","@id":"https:\/\/veneakselisto.com\/kauppa\/#\/schema\/logo\/image\/","url":"https:\/\/i2.wp.com\/veneakselisto.com\/kauppa\/wp-content\/uploads\/2016\/06\/fb_icon.jpg?fit=327%2C327&ssl=1","contentUrl":"https:\/\/i2.wp.com\/veneakselisto.com\/kauppa\/wp-content\/uploads\/2016\/06\/fb_icon.jpg?fit=327%2C327&ssl=1","width":327,"height":327,"caption":"Veneakselisto.com verkkokauppa"},"image":{"@id":"https:\/\/veneakselisto.com\/kauppa\/#\/schema\/logo\/image\/"},"sameAs":["https:\/\/www.facebook.com\/AlaMikkula\/"]}]}},"jetpack_publicize_connections":[],"jetpack_sharing_enabled":true,"_links":{"self":[{"href":"https:\/\/veneakselisto.com\/kauppa\/wp-json\/wp\/v2\/product\/10427","targetHints":{"allow":["GET"]}}],"collection":[{"href":"https:\/\/veneakselisto.com\/kauppa\/wp-json\/wp\/v2\/product"}],"about":[{"href":"https:\/\/veneakselisto.com\/kauppa\/wp-json\/wp\/v2\/types\/product"}],"replies":[{"embeddable":true,"href":"https:\/\/veneakselisto.com\/kauppa\/wp-json\/wp\/v2\/comments?post=10427"}],"wp:featuredmedia":[{"embeddable":true,"href":"https:\/\/veneakselisto.com\/kauppa\/wp-json\/wp\/v2\/media\/10429"}],"wp:attachment":[{"href":"https:\/\/veneakselisto.com\/kauppa\/wp-json\/wp\/v2\/media?parent=10427"}],"wp:term":[{"taxonomy":"product_brand","embeddable":true,"href":"https:\/\/veneakselisto.com\/kauppa\/wp-json\/wp\/v2\/product_brand?post=10427"},{"taxonomy":"product_cat","embeddable":true,"href":"https:\/\/veneakselisto.com\/kauppa\/wp-json\/wp\/v2\/product_cat?post=10427"},{"taxonomy":"product_tag","embeddable":true,"href":"https:\/\/veneakselisto.com\/kauppa\/wp-json\/wp\/v2\/product_tag?post=10427"}],"curies":[{"name":"wp","href":"https:\/\/api.w.org\/{rel}","templated":true}]}}