{"id":10157,"date":"2021-03-24T19:28:55","date_gmt":"2021-03-24T17:28:55","guid":{"rendered":"https:\/\/veneakselisto.com\/kauppa\/?post_type=product&#038;p=10157"},"modified":"2026-02-10T16:39:45","modified_gmt":"2026-02-10T14:39:45","slug":"14-1-8x20-michigan-203-apollo-rst-potkuri-150-300-hv-yamaha","status":"publish","type":"product","link":"https:\/\/veneakselisto.com\/kauppa\/tuote\/14-1-8x20-michigan-203-apollo-rst-potkuri-150-300-hv-yamaha\/","title":{"rendered":"14 1\/8&#215;20 Michigan 203 Apollo RST potkuri 150-300 hv Yamaha"},"content":{"rendered":"<p>14 1\/8&#215;20 Michigan Apollo RST potkuri<\/p>\n<p>Korvaa Yamaha &#8220;M&#8221; tai &#8220;T&#8221; sarjan potkurin<\/p>\n<p>Potkurissa on irtokeski\u00f6 joka KUULUU HINTAAN ja toimitetaan potkurin mukana<\/p>\n<p><b>Yamaha 150-300 HP <\/b><br \/>\n\u009515 Tooth Spline &#8211; 4-3\/4&#8243; Gearcase &#8211; Thru Hub Exhaust &#8211; Hub Kit: 108-4-203SH sis\u00e4ltyy hintaan!<\/p>\n<p>SOPIVUUS<\/p>\n<p>\u009515 Tooth Spline &#8211; 4-3\/4\\ Gearcase &#8211; Thru Hub Exhaust &#8211; Hub Kit: 108-4-203<br \/>\n150 HP 1986-<br \/>\nF150 4-Stroke 2004-<br \/>\n175 HP 1984-<br \/>\nF175 4-Stroke 2014-<br \/>\n200 HP 1984-<br \/>\n200 HP V MAX 2001<br \/>\nF200 4-Stroke 2002-<br \/>\nVF200 V MAX SHO 2010-<br \/>\n220 HP (Special) 1984-85<br \/>\n225 HP (Excel) 1987-88<br \/>\n225 HP 1986-<br \/>\nF225 4-Stroke 2002-<br \/>\nVF225 V MAX SHO 2010-<br \/>\nF225 Offshore 2010-<br \/>\n250 HP 1990-<br \/>\n250 HP V MAX 2001<br \/>\nF250 4-Stroke 2002-<br \/>\nVF250 V MAX SHO 2010-<br \/>\nF250 Offshore 2010-<br \/>\n*300 HP 2004-2007 (203SH)<br \/>\n*F300 Offshore 2010- (203SH)<\/p>\n<p>Hyv\u00e4 tiet\u00e4\u00e4 potkurin valinnassa.<\/p>\n<p>Selvit\u00e4 mik\u00e4 potkuri sinulla on nyt moottorissasi. Potkurin koko lukee potkurin navassa lapojen v\u00e4liss\u00e4 tai navan p\u00e4\u00e4ss\u00e4. Esim. 13 1\/4 x 17. Ensinm\u00e4inen numero on potkurin halkaisija ja j\u00e4lkinm\u00e4inen on potkurin nousu.<\/p>\n<p>Muutos potkurin nousussa voi lis\u00e4t\u00e4 tai v\u00e4hent\u00e4\u00e4 moottorin kierroslukua. Kahden tuuman (2\u201d) lis\u00e4ys tai v\u00e4hennys potkurin nousuun muuttaa moottorin kierroslukua noin +- 350 rpm. Tarkista my\u00f6s moottorinvalmistajan suosittelema kierroslukualue!<\/p>\n<p>Potkurimyyj\u00e4lle k\u00e4site \u201dvakiopotkuri\u201d on vaikea, sill\u00e4 kaikki potkurivalmistajan valikoimassa olevat potkurit ovat periaatteessa vakiopotkureita. Kahdessa t\u00e4ysin samanlaisessa veneess\u00e4, varustettuna saman tehoisilla moottoreilla, voi potkurit olla eri kokoiset mik\u00e4li veneit\u00e4 ajetaan eri kuormalla. Siksi on eritt\u00e4in t\u00e4rke\u00e4\u00e4 merkit\u00e4 muistiin potkurin koko ja suurin kierrosluku, jonka moottori saavuttaa sek\u00e4 veneen suurin nopeus.<\/p>\n<p>Moottorioston yhteydess\u00e4 moottorin kanssa on yleens\u00e4 toimitettu potkuri, jota kutsutaan \u201cvakiopotkuriksi\u201d. Kooltaan t\u00e4m\u00e4 potkuri on arvioitu sopivan mahdollisimman moneen moottori\/vene yhdistelm\u00e4\u00e4n. Vakiopotkuri ei siis aina ole paras vaihtoehto.<\/p>\n<p><strong>Alumiini vai ter\u00e4spotkuri?<\/strong> Useimmat veneet toimitetaan alumiinipotkurilla. Alumiinipotkurit ovat suhteellisen edullisia ja kest\u00e4v\u00e4t normaaliolosuhteissa useita vuosia. Ter\u00e4spotkurit ovat kalliimpia mutta paljon vahvempia ja kest\u00e4v\u00e4mpi\u00e4 kuin alumiinipotkurit. Jos kaipaat parempaa suorituskyky\u00e4 kuten huippunopeutta ja kiihtyvyytt\u00e4 kannattaa harkita ter\u00e4spotkurin hankintaa.<\/p>\n<p>&nbsp;<\/p>\n<p>Michigan valmistaa potkureita useinpiin eri moottorimerkkeihin. Jos haluat todella laadukkaan ja suorituskykyisen potkurin, niin Michigan Apollo tai Ballistic sarjasta ne l\u00f6ytyv\u00e4t!<\/p>\n","protected":false},"excerpt":{"rendered":"<p><b>Yamaha 150-300 HP <\/b><\/p>\n<p>14 1\/8&#215;20 Michigan Apollo RST potkuri<\/p>\n<p>Korvaa Yamaha &#8220;M&#8221; tai &#8220;T&#8221; sarjan potkurin<\/p>\n<p>Potkurissa on irtokeski\u00f6 joka KUULUU HINTAAN ja toimitetaan potkurin mukana<\/p>\n<p><b>Yamaha 150-300 HP <\/b><br \/>\n\u009515 Tooth Spline &#8211; 4-3\/4&#8243; Gearcase &#8211; Thru Hub Exhaust &#8211; Hub Kit: 203 sis\u00e4ltyy hintaan!<\/p>\n<p>Katso tarkempi moottorierittely alta<\/p>\n<p>Verkkokauppatuote. Toimitusaika 1-4pv<\/p>\n","protected":false},"featured_media":10154,"comment_status":"open","ping_status":"closed","template":"","meta":{"jetpack_post_was_ever_published":false,"jetpack_publicize_message":"","jetpack_publicize_feature_enabled":true,"jetpack_social_post_already_shared":true,"jetpack_social_options":{"image_generator_settings":{"template":"highway","default_image_id":0,"font":"","enabled":false},"version":2}},"product_brand":[],"product_cat":[1143,1112,1117],"product_tag":[1119,1122,388],"class_list":{"0":"post-10157","1":"product","2":"type-product","3":"status-publish","4":"has-post-thumbnail","6":"product_cat-teraspotkuri-yamaha-michigan-apollo","7":"product_cat-michigan-teraspotkuri-rst","8":"product_cat-yamaha-teraspotkuri-rst-michigan","9":"product_tag-rst-potkuri","10":"product_tag-teraspotkuri","11":"product_tag-yamaha","12":"brand-michigan","14":"first","15":"instock","16":"sale","17":"taxable","18":"shipping-taxable","19":"purchasable","20":"product-type-simple"},"yoast_head":"<!-- This site is optimized with the Yoast SEO plugin v27.3 - https:\/\/yoast.com\/product\/yoast-seo-wordpress\/ -->\n<title>14 1\/8x20 Michigan 203 Apollo RST potkuri 150-250 hv Yamaha-Ter\u00e4spotk<\/title>\n<meta name=\"description\" content=\"14 1\/8x20 Michigan Apollo RST potkuri. Ter\u00e4spotkurit toimittaa Venetarvikkeiden maahantuonti ja myynti-Veneakselisto.com-Ter\u00e4spotkuri\" \/>\n<meta name=\"robots\" content=\"index, follow, max-snippet:-1, max-image-preview:large, max-video-preview:-1\" \/>\n<link rel=\"canonical\" href=\"https:\/\/veneakselisto.com\/kauppa\/tuote\/14-1-8x20-michigan-203-apollo-rst-potkuri-150-300-hv-yamaha\/\" \/>\n<meta property=\"og:locale\" content=\"fi_FI\" \/>\n<meta property=\"og:type\" content=\"article\" \/>\n<meta property=\"og:title\" content=\"14 1\/8x20 Michigan 203 Apollo RST potkuri 150-250 hv Yamaha-Ter\u00e4spotk\" \/>\n<meta property=\"og:description\" content=\"14 1\/8x20 Michigan Apollo RST potkuri. Ter\u00e4spotkurit toimittaa Venetarvikkeiden maahantuonti ja myynti-Veneakselisto.com-Ter\u00e4spotkuri\" \/>\n<meta property=\"og:url\" content=\"https:\/\/veneakselisto.com\/kauppa\/tuote\/14-1-8x20-michigan-203-apollo-rst-potkuri-150-300-hv-yamaha\/\" \/>\n<meta property=\"og:site_name\" content=\"Veneakselisto.com - verkkokauppa\" \/>\n<meta property=\"article:publisher\" content=\"https:\/\/www.facebook.com\/AlaMikkula\/\" \/>\n<meta property=\"article:modified_time\" content=\"2026-02-10T14:39:45+00:00\" \/>\n<meta property=\"og:image\" content=\"https:\/\/veneakselisto.com\/kauppa\/wp-content\/uploads\/2021\/03\/Apollo-4-lapainen-Yamaha.jpg\" \/>\n\t<meta property=\"og:image:width\" content=\"500\" \/>\n\t<meta property=\"og:image:height\" content=\"500\" \/>\n\t<meta property=\"og:image:type\" content=\"image\/jpeg\" \/>\n<meta name=\"twitter:card\" content=\"summary_large_image\" \/>\n<meta name=\"twitter:label1\" content=\"Arvioitu lukuaika\" \/>\n\t<meta name=\"twitter:data1\" content=\"3 minuuttia\" \/>\n<script type=\"application\/ld+json\" class=\"yoast-schema-graph\">{\"@context\":\"https:\\\/\\\/schema.org\",\"@graph\":[{\"@type\":\"WebPage\",\"@id\":\"https:\\\/\\\/veneakselisto.com\\\/kauppa\\\/tuote\\\/14-1-8x20-michigan-203-apollo-rst-potkuri-150-300-hv-yamaha\\\/\",\"url\":\"https:\\\/\\\/veneakselisto.com\\\/kauppa\\\/tuote\\\/14-1-8x20-michigan-203-apollo-rst-potkuri-150-300-hv-yamaha\\\/\",\"name\":\"14 1\\\/8x20 Michigan 203 Apollo RST potkuri 150-250 hv Yamaha-Ter\u00e4spotk\",\"isPartOf\":{\"@id\":\"https:\\\/\\\/veneakselisto.com\\\/kauppa\\\/#website\"},\"primaryImageOfPage\":{\"@id\":\"https:\\\/\\\/veneakselisto.com\\\/kauppa\\\/tuote\\\/14-1-8x20-michigan-203-apollo-rst-potkuri-150-300-hv-yamaha\\\/#primaryimage\"},\"image\":{\"@id\":\"https:\\\/\\\/veneakselisto.com\\\/kauppa\\\/tuote\\\/14-1-8x20-michigan-203-apollo-rst-potkuri-150-300-hv-yamaha\\\/#primaryimage\"},\"thumbnailUrl\":\"https:\\\/\\\/i0.wp.com\\\/veneakselisto.com\\\/kauppa\\\/wp-content\\\/uploads\\\/2021\\\/03\\\/Apollo-4-lapainen-Yamaha.jpg?fit=500%2C500&ssl=1\",\"datePublished\":\"2021-03-24T17:28:55+00:00\",\"dateModified\":\"2026-02-10T14:39:45+00:00\",\"description\":\"14 1\\\/8x20 Michigan Apollo RST potkuri. Ter\u00e4spotkurit toimittaa Venetarvikkeiden maahantuonti ja myynti-Veneakselisto.com-Ter\u00e4spotkuri\",\"breadcrumb\":{\"@id\":\"https:\\\/\\\/veneakselisto.com\\\/kauppa\\\/tuote\\\/14-1-8x20-michigan-203-apollo-rst-potkuri-150-300-hv-yamaha\\\/#breadcrumb\"},\"inLanguage\":\"fi\",\"potentialAction\":[{\"@type\":\"ReadAction\",\"target\":[\"https:\\\/\\\/veneakselisto.com\\\/kauppa\\\/tuote\\\/14-1-8x20-michigan-203-apollo-rst-potkuri-150-300-hv-yamaha\\\/\"]}]},{\"@type\":\"ImageObject\",\"inLanguage\":\"fi\",\"@id\":\"https:\\\/\\\/veneakselisto.com\\\/kauppa\\\/tuote\\\/14-1-8x20-michigan-203-apollo-rst-potkuri-150-300-hv-yamaha\\\/#primaryimage\",\"url\":\"https:\\\/\\\/i0.wp.com\\\/veneakselisto.com\\\/kauppa\\\/wp-content\\\/uploads\\\/2021\\\/03\\\/Apollo-4-lapainen-Yamaha.jpg?fit=500%2C500&ssl=1\",\"contentUrl\":\"https:\\\/\\\/i0.wp.com\\\/veneakselisto.com\\\/kauppa\\\/wp-content\\\/uploads\\\/2021\\\/03\\\/Apollo-4-lapainen-Yamaha.jpg?fit=500%2C500&ssl=1\",\"width\":500,\"height\":500,\"caption\":\"Yamaha ter\u00e4spotkuri-Potkureiden erikoisliikkeest\u00e4-Veneakselisto.com\"},{\"@type\":\"BreadcrumbList\",\"@id\":\"https:\\\/\\\/veneakselisto.com\\\/kauppa\\\/tuote\\\/14-1-8x20-michigan-203-apollo-rst-potkuri-150-300-hv-yamaha\\\/#breadcrumb\",\"itemListElement\":[{\"@type\":\"ListItem\",\"position\":1,\"name\":\"Etusivu\",\"item\":\"https:\\\/\\\/veneakselisto.com\\\/kauppa\\\/\"},{\"@type\":\"ListItem\",\"position\":2,\"name\":\"Kauppa\",\"item\":\"https:\\\/\\\/veneakselisto.com\\\/kauppa\\\/\"},{\"@type\":\"ListItem\",\"position\":3,\"name\":\"14 1\\\/8&#215;20 Michigan 203 Apollo RST potkuri 150-300 hv Yamaha\"}]},{\"@type\":\"WebSite\",\"@id\":\"https:\\\/\\\/veneakselisto.com\\\/kauppa\\\/#website\",\"url\":\"https:\\\/\\\/veneakselisto.com\\\/kauppa\\\/\",\"name\":\"Veneakselisto.com - verkkokauppa\",\"description\":\"Venetarvikkeiden maahantuonti ja myynti\",\"publisher\":{\"@id\":\"https:\\\/\\\/veneakselisto.com\\\/kauppa\\\/#organization\"},\"potentialAction\":[{\"@type\":\"SearchAction\",\"target\":{\"@type\":\"EntryPoint\",\"urlTemplate\":\"https:\\\/\\\/veneakselisto.com\\\/kauppa\\\/?s={search_term_string}\"},\"query-input\":{\"@type\":\"PropertyValueSpecification\",\"valueRequired\":true,\"valueName\":\"search_term_string\"}}],\"inLanguage\":\"fi\"},{\"@type\":\"Organization\",\"@id\":\"https:\\\/\\\/veneakselisto.com\\\/kauppa\\\/#organization\",\"name\":\"Veneakselisto.com verkkokauppa\",\"url\":\"https:\\\/\\\/veneakselisto.com\\\/kauppa\\\/\",\"logo\":{\"@type\":\"ImageObject\",\"inLanguage\":\"fi\",\"@id\":\"https:\\\/\\\/veneakselisto.com\\\/kauppa\\\/#\\\/schema\\\/logo\\\/image\\\/\",\"url\":\"https:\\\/\\\/i2.wp.com\\\/veneakselisto.com\\\/kauppa\\\/wp-content\\\/uploads\\\/2016\\\/06\\\/fb_icon.jpg?fit=327%2C327&ssl=1\",\"contentUrl\":\"https:\\\/\\\/i2.wp.com\\\/veneakselisto.com\\\/kauppa\\\/wp-content\\\/uploads\\\/2016\\\/06\\\/fb_icon.jpg?fit=327%2C327&ssl=1\",\"width\":327,\"height\":327,\"caption\":\"Veneakselisto.com verkkokauppa\"},\"image\":{\"@id\":\"https:\\\/\\\/veneakselisto.com\\\/kauppa\\\/#\\\/schema\\\/logo\\\/image\\\/\"},\"sameAs\":[\"https:\\\/\\\/www.facebook.com\\\/AlaMikkula\\\/\"]}]}<\/script>\n<!-- \/ Yoast SEO plugin. -->","yoast_head_json":{"title":"14 1\/8x20 Michigan 203 Apollo RST potkuri 150-250 hv Yamaha-Ter\u00e4spotk","description":"14 1\/8x20 Michigan Apollo RST potkuri. Ter\u00e4spotkurit toimittaa Venetarvikkeiden maahantuonti ja myynti-Veneakselisto.com-Ter\u00e4spotkuri","robots":{"index":"index","follow":"follow","max-snippet":"max-snippet:-1","max-image-preview":"max-image-preview:large","max-video-preview":"max-video-preview:-1"},"canonical":"https:\/\/veneakselisto.com\/kauppa\/tuote\/14-1-8x20-michigan-203-apollo-rst-potkuri-150-300-hv-yamaha\/","og_locale":"fi_FI","og_type":"article","og_title":"14 1\/8x20 Michigan 203 Apollo RST potkuri 150-250 hv Yamaha-Ter\u00e4spotk","og_description":"14 1\/8x20 Michigan Apollo RST potkuri. Ter\u00e4spotkurit toimittaa Venetarvikkeiden maahantuonti ja myynti-Veneakselisto.com-Ter\u00e4spotkuri","og_url":"https:\/\/veneakselisto.com\/kauppa\/tuote\/14-1-8x20-michigan-203-apollo-rst-potkuri-150-300-hv-yamaha\/","og_site_name":"Veneakselisto.com - verkkokauppa","article_publisher":"https:\/\/www.facebook.com\/AlaMikkula\/","article_modified_time":"2026-02-10T14:39:45+00:00","og_image":[{"width":500,"height":500,"url":"https:\/\/veneakselisto.com\/kauppa\/wp-content\/uploads\/2021\/03\/Apollo-4-lapainen-Yamaha.jpg","type":"image\/jpeg"}],"twitter_card":"summary_large_image","twitter_misc":{"Arvioitu lukuaika":"3 minuuttia"},"schema":{"@context":"https:\/\/schema.org","@graph":[{"@type":"WebPage","@id":"https:\/\/veneakselisto.com\/kauppa\/tuote\/14-1-8x20-michigan-203-apollo-rst-potkuri-150-300-hv-yamaha\/","url":"https:\/\/veneakselisto.com\/kauppa\/tuote\/14-1-8x20-michigan-203-apollo-rst-potkuri-150-300-hv-yamaha\/","name":"14 1\/8x20 Michigan 203 Apollo RST potkuri 150-250 hv Yamaha-Ter\u00e4spotk","isPartOf":{"@id":"https:\/\/veneakselisto.com\/kauppa\/#website"},"primaryImageOfPage":{"@id":"https:\/\/veneakselisto.com\/kauppa\/tuote\/14-1-8x20-michigan-203-apollo-rst-potkuri-150-300-hv-yamaha\/#primaryimage"},"image":{"@id":"https:\/\/veneakselisto.com\/kauppa\/tuote\/14-1-8x20-michigan-203-apollo-rst-potkuri-150-300-hv-yamaha\/#primaryimage"},"thumbnailUrl":"https:\/\/i0.wp.com\/veneakselisto.com\/kauppa\/wp-content\/uploads\/2021\/03\/Apollo-4-lapainen-Yamaha.jpg?fit=500%2C500&ssl=1","datePublished":"2021-03-24T17:28:55+00:00","dateModified":"2026-02-10T14:39:45+00:00","description":"14 1\/8x20 Michigan Apollo RST potkuri. Ter\u00e4spotkurit toimittaa Venetarvikkeiden maahantuonti ja myynti-Veneakselisto.com-Ter\u00e4spotkuri","breadcrumb":{"@id":"https:\/\/veneakselisto.com\/kauppa\/tuote\/14-1-8x20-michigan-203-apollo-rst-potkuri-150-300-hv-yamaha\/#breadcrumb"},"inLanguage":"fi","potentialAction":[{"@type":"ReadAction","target":["https:\/\/veneakselisto.com\/kauppa\/tuote\/14-1-8x20-michigan-203-apollo-rst-potkuri-150-300-hv-yamaha\/"]}]},{"@type":"ImageObject","inLanguage":"fi","@id":"https:\/\/veneakselisto.com\/kauppa\/tuote\/14-1-8x20-michigan-203-apollo-rst-potkuri-150-300-hv-yamaha\/#primaryimage","url":"https:\/\/i0.wp.com\/veneakselisto.com\/kauppa\/wp-content\/uploads\/2021\/03\/Apollo-4-lapainen-Yamaha.jpg?fit=500%2C500&ssl=1","contentUrl":"https:\/\/i0.wp.com\/veneakselisto.com\/kauppa\/wp-content\/uploads\/2021\/03\/Apollo-4-lapainen-Yamaha.jpg?fit=500%2C500&ssl=1","width":500,"height":500,"caption":"Yamaha ter\u00e4spotkuri-Potkureiden erikoisliikkeest\u00e4-Veneakselisto.com"},{"@type":"BreadcrumbList","@id":"https:\/\/veneakselisto.com\/kauppa\/tuote\/14-1-8x20-michigan-203-apollo-rst-potkuri-150-300-hv-yamaha\/#breadcrumb","itemListElement":[{"@type":"ListItem","position":1,"name":"Etusivu","item":"https:\/\/veneakselisto.com\/kauppa\/"},{"@type":"ListItem","position":2,"name":"Kauppa","item":"https:\/\/veneakselisto.com\/kauppa\/"},{"@type":"ListItem","position":3,"name":"14 1\/8&#215;20 Michigan 203 Apollo RST potkuri 150-300 hv Yamaha"}]},{"@type":"WebSite","@id":"https:\/\/veneakselisto.com\/kauppa\/#website","url":"https:\/\/veneakselisto.com\/kauppa\/","name":"Veneakselisto.com - verkkokauppa","description":"Venetarvikkeiden maahantuonti ja myynti","publisher":{"@id":"https:\/\/veneakselisto.com\/kauppa\/#organization"},"potentialAction":[{"@type":"SearchAction","target":{"@type":"EntryPoint","urlTemplate":"https:\/\/veneakselisto.com\/kauppa\/?s={search_term_string}"},"query-input":{"@type":"PropertyValueSpecification","valueRequired":true,"valueName":"search_term_string"}}],"inLanguage":"fi"},{"@type":"Organization","@id":"https:\/\/veneakselisto.com\/kauppa\/#organization","name":"Veneakselisto.com verkkokauppa","url":"https:\/\/veneakselisto.com\/kauppa\/","logo":{"@type":"ImageObject","inLanguage":"fi","@id":"https:\/\/veneakselisto.com\/kauppa\/#\/schema\/logo\/image\/","url":"https:\/\/i2.wp.com\/veneakselisto.com\/kauppa\/wp-content\/uploads\/2016\/06\/fb_icon.jpg?fit=327%2C327&ssl=1","contentUrl":"https:\/\/i2.wp.com\/veneakselisto.com\/kauppa\/wp-content\/uploads\/2016\/06\/fb_icon.jpg?fit=327%2C327&ssl=1","width":327,"height":327,"caption":"Veneakselisto.com verkkokauppa"},"image":{"@id":"https:\/\/veneakselisto.com\/kauppa\/#\/schema\/logo\/image\/"},"sameAs":["https:\/\/www.facebook.com\/AlaMikkula\/"]}]}},"jetpack_publicize_connections":[],"jetpack_sharing_enabled":true,"_links":{"self":[{"href":"https:\/\/veneakselisto.com\/kauppa\/wp-json\/wp\/v2\/product\/10157","targetHints":{"allow":["GET"]}}],"collection":[{"href":"https:\/\/veneakselisto.com\/kauppa\/wp-json\/wp\/v2\/product"}],"about":[{"href":"https:\/\/veneakselisto.com\/kauppa\/wp-json\/wp\/v2\/types\/product"}],"replies":[{"embeddable":true,"href":"https:\/\/veneakselisto.com\/kauppa\/wp-json\/wp\/v2\/comments?post=10157"}],"wp:featuredmedia":[{"embeddable":true,"href":"https:\/\/veneakselisto.com\/kauppa\/wp-json\/wp\/v2\/media\/10154"}],"wp:attachment":[{"href":"https:\/\/veneakselisto.com\/kauppa\/wp-json\/wp\/v2\/media?parent=10157"}],"wp:term":[{"taxonomy":"product_brand","embeddable":true,"href":"https:\/\/veneakselisto.com\/kauppa\/wp-json\/wp\/v2\/product_brand?post=10157"},{"taxonomy":"product_cat","embeddable":true,"href":"https:\/\/veneakselisto.com\/kauppa\/wp-json\/wp\/v2\/product_cat?post=10157"},{"taxonomy":"product_tag","embeddable":true,"href":"https:\/\/veneakselisto.com\/kauppa\/wp-json\/wp\/v2\/product_tag?post=10157"}],"curies":[{"name":"wp","href":"https:\/\/api.w.org\/{rel}","templated":true}]}}