{"id":23967,"date":"2026-01-19T12:24:22","date_gmt":"2026-01-19T10:24:22","guid":{"rendered":"https:\/\/veneakselisto.com\/kauppa\/?page_id=23967"},"modified":"2026-01-20T13:11:43","modified_gmt":"2026-01-20T11:11:43","slug":"ilmastovastuu","status":"publish","type":"page","link":"https:\/\/veneakselisto.com\/kauppa\/ilmastovastuu\/","title":{"rendered":"Ilmastovastuu"},"content":{"rendered":"<div class=\"wpb-content-wrapper\"><p>[vc_row][vc_column][vc_column_text css=&#8221;.vc_custom_1768814456365{padding-left: 10px !important;background-color: #CF2E2E !important;}&#8221;]<\/p>\n<h1><span style=\"color: #ffffff;\">Suomen Veneakselisto Oy:n ilmastotoimet<\/span><\/h1>\n<p>[\/vc_column_text][\/vc_column][\/vc_row][vc_row equal_height=&#8221;yes&#8221; content_placement=&#8221;top&#8221;][vc_column width=&#8221;1\/2&#8243;][vc_column_text css=&#8221;&#8221;]<\/p>\n<h4>Meid\u00e4n konkreettinen ilmastotekomme<\/h4>\n<p>[\/vc_column_text][vc_column_text css=&#8221;&#8221;]Lasketimme liiketoimintamme hiilijalanj\u00e4ljen. Olemme kompensoineet suorasta liiketoiminnastamme aiheutuneet p\u00e4\u00e4st\u00f6t tehden ilmastotoimia, joiden vaikutuksesta ilmakeh\u00e4st\u00e4 tulee poistumaan 100 000 kiloa hiilidioksidia.[\/vc_column_text][vc_column_text css=&#8221;&#8221;]<\/p>\n<h4>Veneakseliston istuttama mets\u00e4<\/h4>\n<p>Olemme mukana rakentamassa uutta mets\u00e4\u00e4 Suomeen yhdess\u00e4 Carborealin kanssa. Alue on perusuraltaan viljelyst\u00e4 poistunutta, vanhaa turvepeltomaata.<\/p>\n<p>Kev\u00e4\u00e4ll\u00e4 2024 muokkasimme alueen ja istutimme lohkolle noin 500 m\u00e4nnyn- ja 500 kuusentainta hehtaarille. Alueella kasvoi luontaisesti paljon puuntaimia, mik\u00e4 vaikutti istutettavien taimien m\u00e4\u00e4r\u00e4\u00e4n.<\/p>\n<p>Havaitsimme syksyn 2024 tarkastusk\u00e4ynnill\u00e4 taimien l\u00e4hteneen hyvin kasvuun.<\/p>\n<p>S\u00e4\u00e4st\u00e4mme lis\u00e4ksi luontaisesti alueelle nousseita lehtipuita, kuten koivua, pihlajaa, lepp\u00e4\u00e4 sek\u00e4 pieness\u00e4 m\u00e4\u00e4rin my\u00f6s pajua, parantaaksemme alueen monimuotoisuutta.<\/p>\n<p>Pidemm\u00e4n aikav\u00e4lin hoitosuunnitelman sitoumusaika on v\u00e4hint\u00e4\u00e4n 70 vuotta ja se toteutetaan mets\u00e4nhoidon suositusten mukaisesti.[\/vc_column_text][\/vc_column][vc_column width=&#8221;1\/2&#8243;][vc_single_image image=&#8221;23970&#8243; img_size=&#8221;medium&#8221; alignment=&#8221;center&#8221; onclick=&#8221;link_image&#8221; css=&#8221;&#8221;][\/vc_column][\/vc_row][vc_row equal_height=&#8221;yes&#8221; content_placement=&#8221;top&#8221;][vc_column width=&#8221;1\/2&#8243;][vc_message message_box_color=&#8221;green&#8221; css=&#8221;&#8221;]Ostetut hiilensidontayksik\u00f6t sijaitsevat Lapissa Sallassa[\/vc_message][vc_message message_box_color=&#8221;green&#8221; css=&#8221;&#8221;]Kiinteist\u00f6numero 732-404-41-2[\/vc_message][vc_message message_box_color=&#8221;green&#8221; css=&#8221;&#8221;]Peruslohko: 73200000001[\/vc_message][\/vc_column][vc_column width=&#8221;1\/2&#8243;][vc_single_image image=&#8221;23974&#8243; img_size=&#8221;full&#8221; alignment=&#8221;center&#8221; css=&#8221;&#8221;][\/vc_column][\/vc_row][vc_row][vc_column][vc_message message_box_color=&#8221;green&#8221; css=&#8221;&#8221;]Voit tutustua Carborealin ilmastoty\u00f6h\u00f6n osoitteessa: <a href=\"https:\/\/www.carboreal.fi\/\">https:\/\/www.carboreal.fi\/<\/a>[\/vc_message][\/vc_column][\/vc_row]<\/p>\n<\/div>","protected":false},"excerpt":{"rendered":"<p>[vc_row][vc_column][vc_column_text css=&#8221;.vc_custom_1768814456365{padding-left: 10px !important;background-color: #CF2E2E !important;}&#8221;] Suomen Veneakselisto Oy:n ilmastotoimet [\/vc_column_text][\/vc_column][\/vc_row][vc_row equal_height=&#8221;yes&#8221; content_placement=&#8221;top&#8221;][vc_column width=&#8221;1\/2&#8243;][vc_column_text css=&#8221;&#8221;] Meid\u00e4n konkreettinen ilmastotekomme [\/vc_column_text][vc_column_text css=&#8221;&#8221;]Lasketimme liiketoimintamme hiilijalanj\u00e4ljen. Olemme kompensoineet suorasta liiketoiminnastamme aiheutuneet p\u00e4\u00e4st\u00f6t tehden ilmastotoimia, joiden vaikutuksesta ilmakeh\u00e4st\u00e4 tulee poistumaan 100 000 kiloa hiilidioksidia.[\/vc_column_text][vc_column_text css=&#8221;&#8221;] Veneakseliston istuttama mets\u00e4 Olemme mukana rakentamassa uutta mets\u00e4\u00e4 Suomeen yhdess\u00e4&#8230;<\/p>\n","protected":false},"author":1,"featured_media":0,"parent":0,"menu_order":0,"comment_status":"closed","ping_status":"closed","template":"","meta":{"jetpack_post_was_ever_published":false,"footnotes":""},"class_list":["post-23967","page","type-page","status-publish","hentry"],"yoast_head":"<!-- This site is optimized with the Yoast SEO plugin v27.4 - https:\/\/yoast.com\/product\/yoast-seo-wordpress\/ -->\n<title>Ilmastovastuu - Veneakselisto.com - verkkokauppa<\/title>\n<meta name=\"robots\" content=\"index, follow, max-snippet:-1, max-image-preview:large, max-video-preview:-1\" \/>\n<link rel=\"canonical\" href=\"https:\/\/veneakselisto.com\/kauppa\/ilmastovastuu\/\" \/>\n<meta property=\"og:locale\" content=\"fi_FI\" \/>\n<meta property=\"og:type\" content=\"article\" \/>\n<meta property=\"og:title\" content=\"Ilmastovastuu - Veneakselisto.com - verkkokauppa\" \/>\n<meta property=\"og:description\" content=\"[vc_row][vc_column][vc_column_text css=&#8221;.vc_custom_1768814456365{padding-left: 10px !important;background-color: #CF2E2E !important;}&#8221;] Suomen Veneakselisto Oy:n ilmastotoimet [\/vc_column_text][\/vc_column][\/vc_row][vc_row equal_height=&#8221;yes&#8221; content_placement=&#8221;top&#8221;][vc_column width=&#8221;1\/2&#8243;][vc_column_text css=&#8221;&#8221;] Meid\u00e4n konkreettinen ilmastotekomme [\/vc_column_text][vc_column_text css=&#8221;&#8221;]Lasketimme liiketoimintamme hiilijalanj\u00e4ljen. Olemme kompensoineet suorasta liiketoiminnastamme aiheutuneet p\u00e4\u00e4st\u00f6t tehden ilmastotoimia, joiden vaikutuksesta ilmakeh\u00e4st\u00e4 tulee poistumaan 100 000 kiloa hiilidioksidia.[\/vc_column_text][vc_column_text css=&#8221;&#8221;] Veneakseliston istuttama mets\u00e4 Olemme mukana rakentamassa uutta mets\u00e4\u00e4 Suomeen yhdess\u00e4...\" \/>\n<meta property=\"og:url\" content=\"https:\/\/veneakselisto.com\/kauppa\/ilmastovastuu\/\" \/>\n<meta property=\"og:site_name\" content=\"Veneakselisto.com - verkkokauppa\" \/>\n<meta property=\"article:publisher\" content=\"https:\/\/www.facebook.com\/AlaMikkula\/\" \/>\n<meta property=\"article:modified_time\" content=\"2026-01-20T11:11:43+00:00\" \/>\n<meta name=\"twitter:card\" content=\"summary_large_image\" \/>\n<meta name=\"twitter:label1\" content=\"Arvioitu lukuaika\" \/>\n\t<meta name=\"twitter:data1\" content=\"1 minuutti\" \/>\n<script type=\"application\/ld+json\" class=\"yoast-schema-graph\">{\"@context\":\"https:\\\/\\\/schema.org\",\"@graph\":[{\"@type\":\"WebPage\",\"@id\":\"https:\\\/\\\/veneakselisto.com\\\/kauppa\\\/ilmastovastuu\\\/\",\"url\":\"https:\\\/\\\/veneakselisto.com\\\/kauppa\\\/ilmastovastuu\\\/\",\"name\":\"Ilmastovastuu - Veneakselisto.com - verkkokauppa\",\"isPartOf\":{\"@id\":\"https:\\\/\\\/veneakselisto.com\\\/kauppa\\\/#website\"},\"datePublished\":\"2026-01-19T10:24:22+00:00\",\"dateModified\":\"2026-01-20T11:11:43+00:00\",\"breadcrumb\":{\"@id\":\"https:\\\/\\\/veneakselisto.com\\\/kauppa\\\/ilmastovastuu\\\/#breadcrumb\"},\"inLanguage\":\"fi\",\"potentialAction\":[{\"@type\":\"ReadAction\",\"target\":[\"https:\\\/\\\/veneakselisto.com\\\/kauppa\\\/ilmastovastuu\\\/\"]}]},{\"@type\":\"BreadcrumbList\",\"@id\":\"https:\\\/\\\/veneakselisto.com\\\/kauppa\\\/ilmastovastuu\\\/#breadcrumb\",\"itemListElement\":[{\"@type\":\"ListItem\",\"position\":1,\"name\":\"Etusivu\",\"item\":\"https:\\\/\\\/veneakselisto.com\\\/kauppa\\\/\"},{\"@type\":\"ListItem\",\"position\":2,\"name\":\"Ilmastovastuu\"}]},{\"@type\":\"WebSite\",\"@id\":\"https:\\\/\\\/veneakselisto.com\\\/kauppa\\\/#website\",\"url\":\"https:\\\/\\\/veneakselisto.com\\\/kauppa\\\/\",\"name\":\"Veneakselisto.com - verkkokauppa\",\"description\":\"Venetarvikkeiden maahantuonti ja myynti\",\"publisher\":{\"@id\":\"https:\\\/\\\/veneakselisto.com\\\/kauppa\\\/#organization\"},\"potentialAction\":[{\"@type\":\"SearchAction\",\"target\":{\"@type\":\"EntryPoint\",\"urlTemplate\":\"https:\\\/\\\/veneakselisto.com\\\/kauppa\\\/?s={search_term_string}\"},\"query-input\":{\"@type\":\"PropertyValueSpecification\",\"valueRequired\":true,\"valueName\":\"search_term_string\"}}],\"inLanguage\":\"fi\"},{\"@type\":\"Organization\",\"@id\":\"https:\\\/\\\/veneakselisto.com\\\/kauppa\\\/#organization\",\"name\":\"Veneakselisto.com verkkokauppa\",\"url\":\"https:\\\/\\\/veneakselisto.com\\\/kauppa\\\/\",\"logo\":{\"@type\":\"ImageObject\",\"inLanguage\":\"fi\",\"@id\":\"https:\\\/\\\/veneakselisto.com\\\/kauppa\\\/#\\\/schema\\\/logo\\\/image\\\/\",\"url\":\"https:\\\/\\\/i2.wp.com\\\/veneakselisto.com\\\/kauppa\\\/wp-content\\\/uploads\\\/2016\\\/06\\\/fb_icon.jpg?fit=327%2C327&ssl=1\",\"contentUrl\":\"https:\\\/\\\/i2.wp.com\\\/veneakselisto.com\\\/kauppa\\\/wp-content\\\/uploads\\\/2016\\\/06\\\/fb_icon.jpg?fit=327%2C327&ssl=1\",\"width\":327,\"height\":327,\"caption\":\"Veneakselisto.com verkkokauppa\"},\"image\":{\"@id\":\"https:\\\/\\\/veneakselisto.com\\\/kauppa\\\/#\\\/schema\\\/logo\\\/image\\\/\"},\"sameAs\":[\"https:\\\/\\\/www.facebook.com\\\/AlaMikkula\\\/\"]}]}<\/script>\n<!-- \/ Yoast SEO plugin. -->","yoast_head_json":{"title":"Ilmastovastuu - Veneakselisto.com - verkkokauppa","robots":{"index":"index","follow":"follow","max-snippet":"max-snippet:-1","max-image-preview":"max-image-preview:large","max-video-preview":"max-video-preview:-1"},"canonical":"https:\/\/veneakselisto.com\/kauppa\/ilmastovastuu\/","og_locale":"fi_FI","og_type":"article","og_title":"Ilmastovastuu - Veneakselisto.com - verkkokauppa","og_description":"[vc_row][vc_column][vc_column_text css=&#8221;.vc_custom_1768814456365{padding-left: 10px !important;background-color: #CF2E2E !important;}&#8221;] Suomen Veneakselisto Oy:n ilmastotoimet [\/vc_column_text][\/vc_column][\/vc_row][vc_row equal_height=&#8221;yes&#8221; content_placement=&#8221;top&#8221;][vc_column width=&#8221;1\/2&#8243;][vc_column_text css=&#8221;&#8221;] Meid\u00e4n konkreettinen ilmastotekomme [\/vc_column_text][vc_column_text css=&#8221;&#8221;]Lasketimme liiketoimintamme hiilijalanj\u00e4ljen. Olemme kompensoineet suorasta liiketoiminnastamme aiheutuneet p\u00e4\u00e4st\u00f6t tehden ilmastotoimia, joiden vaikutuksesta ilmakeh\u00e4st\u00e4 tulee poistumaan 100 000 kiloa hiilidioksidia.[\/vc_column_text][vc_column_text css=&#8221;&#8221;] Veneakseliston istuttama mets\u00e4 Olemme mukana rakentamassa uutta mets\u00e4\u00e4 Suomeen yhdess\u00e4...","og_url":"https:\/\/veneakselisto.com\/kauppa\/ilmastovastuu\/","og_site_name":"Veneakselisto.com - verkkokauppa","article_publisher":"https:\/\/www.facebook.com\/AlaMikkula\/","article_modified_time":"2026-01-20T11:11:43+00:00","twitter_card":"summary_large_image","twitter_misc":{"Arvioitu lukuaika":"1 minuutti"},"schema":{"@context":"https:\/\/schema.org","@graph":[{"@type":"WebPage","@id":"https:\/\/veneakselisto.com\/kauppa\/ilmastovastuu\/","url":"https:\/\/veneakselisto.com\/kauppa\/ilmastovastuu\/","name":"Ilmastovastuu - Veneakselisto.com - verkkokauppa","isPartOf":{"@id":"https:\/\/veneakselisto.com\/kauppa\/#website"},"datePublished":"2026-01-19T10:24:22+00:00","dateModified":"2026-01-20T11:11:43+00:00","breadcrumb":{"@id":"https:\/\/veneakselisto.com\/kauppa\/ilmastovastuu\/#breadcrumb"},"inLanguage":"fi","potentialAction":[{"@type":"ReadAction","target":["https:\/\/veneakselisto.com\/kauppa\/ilmastovastuu\/"]}]},{"@type":"BreadcrumbList","@id":"https:\/\/veneakselisto.com\/kauppa\/ilmastovastuu\/#breadcrumb","itemListElement":[{"@type":"ListItem","position":1,"name":"Etusivu","item":"https:\/\/veneakselisto.com\/kauppa\/"},{"@type":"ListItem","position":2,"name":"Ilmastovastuu"}]},{"@type":"WebSite","@id":"https:\/\/veneakselisto.com\/kauppa\/#website","url":"https:\/\/veneakselisto.com\/kauppa\/","name":"Veneakselisto.com - verkkokauppa","description":"Venetarvikkeiden maahantuonti ja myynti","publisher":{"@id":"https:\/\/veneakselisto.com\/kauppa\/#organization"},"potentialAction":[{"@type":"SearchAction","target":{"@type":"EntryPoint","urlTemplate":"https:\/\/veneakselisto.com\/kauppa\/?s={search_term_string}"},"query-input":{"@type":"PropertyValueSpecification","valueRequired":true,"valueName":"search_term_string"}}],"inLanguage":"fi"},{"@type":"Organization","@id":"https:\/\/veneakselisto.com\/kauppa\/#organization","name":"Veneakselisto.com verkkokauppa","url":"https:\/\/veneakselisto.com\/kauppa\/","logo":{"@type":"ImageObject","inLanguage":"fi","@id":"https:\/\/veneakselisto.com\/kauppa\/#\/schema\/logo\/image\/","url":"https:\/\/i2.wp.com\/veneakselisto.com\/kauppa\/wp-content\/uploads\/2016\/06\/fb_icon.jpg?fit=327%2C327&ssl=1","contentUrl":"https:\/\/i2.wp.com\/veneakselisto.com\/kauppa\/wp-content\/uploads\/2016\/06\/fb_icon.jpg?fit=327%2C327&ssl=1","width":327,"height":327,"caption":"Veneakselisto.com verkkokauppa"},"image":{"@id":"https:\/\/veneakselisto.com\/kauppa\/#\/schema\/logo\/image\/"},"sameAs":["https:\/\/www.facebook.com\/AlaMikkula\/"]}]}},"jetpack_sharing_enabled":true,"jetpack_shortlink":"https:\/\/wp.me\/P70AGh-6ez","_links":{"self":[{"href":"https:\/\/veneakselisto.com\/kauppa\/wp-json\/wp\/v2\/pages\/23967","targetHints":{"allow":["GET"]}}],"collection":[{"href":"https:\/\/veneakselisto.com\/kauppa\/wp-json\/wp\/v2\/pages"}],"about":[{"href":"https:\/\/veneakselisto.com\/kauppa\/wp-json\/wp\/v2\/types\/page"}],"author":[{"embeddable":true,"href":"https:\/\/veneakselisto.com\/kauppa\/wp-json\/wp\/v2\/users\/1"}],"replies":[{"embeddable":true,"href":"https:\/\/veneakselisto.com\/kauppa\/wp-json\/wp\/v2\/comments?post=23967"}],"version-history":[{"count":16,"href":"https:\/\/veneakselisto.com\/kauppa\/wp-json\/wp\/v2\/pages\/23967\/revisions"}],"predecessor-version":[{"id":23997,"href":"https:\/\/veneakselisto.com\/kauppa\/wp-json\/wp\/v2\/pages\/23967\/revisions\/23997"}],"wp:attachment":[{"href":"https:\/\/veneakselisto.com\/kauppa\/wp-json\/wp\/v2\/media?parent=23967"}],"curies":[{"name":"wp","href":"https:\/\/api.w.org\/{rel}","templated":true}]}}