{"id":131,"date":"2016-01-27T16:16:23","date_gmt":"2016-01-27T14:16:23","guid":{"rendered":"http:\/\/veneakselistocom.test.mngd.fi\/kauppa\/?page_id=131"},"modified":"2026-01-20T13:29:44","modified_gmt":"2026-01-20T11:29:44","slug":"rekisteriseloste","status":"publish","type":"page","link":"https:\/\/veneakselisto.com\/kauppa\/rekisteriseloste\/","title":{"rendered":"Tietosuoja- ja rekisteriseloste"},"content":{"rendered":"<div class=\"wpb-content-wrapper\"><p>[vc_row][vc_column][vc_column_text]<\/p>\n<h3 class=\"western\">Tietosuoja- ja rekisteriseloste<\/h3>\n<p>Asiakkaidemme yksityisyys ja tietosuoja on meille t\u00e4rke\u00e4\u00e4. Sitoudumme huolehtimaan asiakkaan henkil\u00f6tietojen ja muiden palveluidemme yhteydess\u00e4 ker\u00e4tt\u00e4vien tietojen asianmukaisesta k\u00e4sittelyst\u00e4 ja suojaamisesta asianmukaisesti ja turvallisesti.<\/p>\n<p>T\u00e4ss\u00e4 selosteessa kerromme, ett\u00e4 miksi ja miten ker\u00e4\u00e4mme ja k\u00e4sittelemme asiakkaan tietoja asiakkaan vieraillessa sivuillamme tai muutoin k\u00e4ytt\u00e4ess\u00e4 palveluitamme ja miten suojaamme ker\u00e4ttyj\u00e4 tietoja. Lis\u00e4ksi kerromme selosteessa, ett\u00e4 millaisia valintoja asikasa voi tehd\u00e4 ker\u00e4ttyjen tietojen k\u00e4yt\u00f6n suhteen.<\/p>\n<p>Antamalla meille henkil\u00f6tietojansa internetsivustomme kautta tai muiden tarjoamiemme palveluiden v\u00e4lityksell\u00e4, asiakas samalla hyv\u00e4ksyy sen, ett\u00e4 ko. tietojen k\u00e4sittelyyn sovelletaan n\u00e4it\u00e4 tietosuojaperiaatteita, sek\u00e4 rekisteriselosteemme tiedonk\u00e4sittelyperiaatteita.<\/p>\n<h3 class=\"western\">Veneakselisto Ala-Mikkula Ky:n asiakasrekisteri<\/h3>\n<p>EU:n GDPR -asetusten ja suomen Henkil\u00f6tietolain\u00a0(523\/1999) 10 ja 24\u00a7 mukainen Tietosuojaseloste.<\/p>\n<p>Saatamme muuttaa t\u00e4t\u00e4 selostetta ajoittain. N\u00e4iss\u00e4 tapauksissa julkaisemme uuden version t\u00e4ll\u00e4 samalla sivulla.<\/p>\n<h4 class=\"western\">Rekisterin nimi<\/h4>\n<p>Veneakselisto Ala-Mikkula Ky:n asiakasrekisteri<\/p>\n<h4 class=\"western\">Rekisterinpit\u00e4j\u00e4<\/h4>\n<p>Veneakselisto Ala-Mikkula Ky (Y-tunnus: 1437719-1), kotipaikkana Sipoo<\/p>\n<h4 class=\"western\">Rekisterin vastuuhenkil\u00f6<\/h4>\n<p>Jukka Ala-Mikkula<br \/>\nPuhelin +358 40 579 1742<br \/>\nS\u00e4hk\u00f6posti akseli@veneakselisto.fi<\/p>\n<p>Postiosoite:<br \/>\nVeneakselisto Ala-Mikkula Ky (Y-tunnus: 1437719-1)<br \/>\nJukka Ala-Mikkula<br \/>\nBj\u00f6rkhagantie 15<br \/>\n01120 V\u00e4sterskog<br \/>\nSipoo<\/p>\n<p>Vastuuhenkil\u00f6lle kuuluu rekisteriasioita hoitavien henkil\u00f6iden nime\u00e4minen ja asiakasrekisterin asianmukaisesta hoidosta huolehtiminen. Vastuuhenkil\u00f6 my\u00f6s vastaa asiakasrekisterin yll\u00e4pidosta ja antaa tarvittaessa tietoa rekisterist\u00e4 ja rekister\u00f6idyn oikeuksista.<\/p>\n<h4 class=\"western\">Rekisterin k\u00e4ytt\u00f6tarkoitus<\/h4>\n<p>rekisterin tarkoituksena on https:\/\/veneakselisto.com -verkkokaupan asiakassuhteen hoito.<\/p>\n<h4 class=\"western\">Rekisterin pit\u00e4misen peruste<\/h4>\n<p>Asiakasrekisteriin rekister\u00f6idyt henkil\u00f6t ovat asiakassuhteessa Veneakselisto Ala-Mikkula Ky:n kanssa. Asiakasrekisteriin rekister\u00f6id\u00e4\u00e4n vain asiakassuhteen hoitamiseen ja yhteydenpitoon tarvittavat tiedot.<\/p>\n<h4 class=\"western\">Rekisterin tietosis\u00e4lt\u00f6<\/h4>\n<p>Rekisteriin merkit\u00e4\u00e4n asiakkaan nimi, osoite- ja yhteystiedot verkkakaupasta tilattujen tuotteiden toimittasiseksi ja laskuttamiseksi. Rekisteriin merkit\u00e4\u00e4n my\u00f6s asiakkaan aiemmat tilaukset, sek\u00e4 tiedot niiden k\u00e4sittelyst\u00e4.<\/p>\n<h4 class=\"western\">Rekisterin s\u00e4\u00e4nn\u00f6nmukaiset tietol\u00e4hteet<\/h4>\n<p>Rekisteri\u00e4 p\u00e4ivitet\u00e4\u00e4n asiakkailta tilausten, tarjouspyynt\u00f6jen tai muiden yhteydenottojen yhteydess\u00e4 saaduilla tiedoilla.<\/p>\n<h4 class=\"western\">S\u00e4\u00e4nn\u00f6nmukaiset henkil\u00f6tietojen luovutukset<\/h4>\n<p>Rekisteritietoja k\u00e4ytet\u00e4\u00e4n ainoastaan asiakassuhteiden yll\u00e4pitoon, eik\u00e4 niit\u00e4 luovuteta s\u00e4\u00e4nn\u00f6nmukaisesti edelleen. Mahdollisten maksamattomien laskujen perint\u00e4\u00e4 varten yksitt\u00e4isi\u00e4 tietoja voidaan luovuttaa perinn\u00e4n suorittavalle yritykselle.<\/p>\n<h4 class=\"western\">Rekisterin k\u00e4ytt\u00f6<\/h4>\n<p>Rekisteri\u00e4 k\u00e4ytt\u00e4\u00e4 ja yll\u00e4pit\u00e4\u00e4 asiakaspalveluteht\u00e4viss\u00e4 olevat, tarjouksia ja tilauksia k\u00e4sittelev\u00e4t, sek\u00e4 laksutusta, maksujen tarkkailua ja perint\u00e4\u00e4 hoitavat henkil\u00f6t. Rekisterin k\u00e4ytt\u00f6\u00f6n edellytet\u00e4\u00e4n henkil\u00f6kohtaista k\u00e4ytt\u00e4j\u00e4tunnusta ja salasanaa.<\/p>\n<h4 class=\"western\">Rekisterin yhdist\u00e4minen muihin henkil\u00f6rekistereihin<\/h4>\n<p>Veneakselisto Ala-Mikkula Ky:n asiakasrekisterist\u00e4 ei ole yhteytt\u00e4 muihin henkil\u00f6rekistereihin.<\/p>\n<h4 class=\"western\">Tilastotiedot<\/h4>\n<p>Tilastotietojen ker\u00e4\u00e4miseen verkkosivuilla on k\u00e4yt\u00f6ss\u00e4 Google Analytics. Googlen tietosuojak\u00e4yt\u00e4nt\u00f6 on luettavissa osoittessa:\u00a0<a href=\"http:\/\/www.google.fi\/policies\/privacy\/\"><span style=\"color: #949494;\">http:\/\/www.google.fi\/policies\/privacy\/<\/span><\/a><\/p>\n<h4 class=\"western\">Ev\u00e4steet<\/h4>\n<p>Sivustolla k\u00e4ytet\u00e4\u00e4n ev\u00e4steit\u00e4 (eng. Cookies) k\u00e4ytt\u00e4j\u00e4istunnon ja k\u00e4ytt\u00f6mukavuuden yll\u00e4pit\u00e4miseksi. Teknisiin ev\u00e4steisiin ei merkata, eik\u00e4 tallenneta asiakkaan henkil\u00f6tietoja. Sivustoja voi k\u00e4ytt\u00e4 ilman ev\u00e4steit\u00e4, mutta t\u00e4ll\u00f6in osa sivuston toiminnoista ei v\u00e4ltt\u00e4m\u00e4tt\u00e4 ole k\u00e4ytett\u00e4viss\u00e4.<\/p>\n<h4 class=\"western\">Tietojen suojaaminen<\/h4>\n<p>Rekisterin henkil\u00f6tiedot on suojattu salasanoin, rajatuin k\u00e4ytt\u00e4j\u00e4oikeuksin, sek\u00e4 salatuin yhteyksin ja s\u00e4hk\u00f6postein. Tietoja k\u00e4sitell\u00e4\u00e4n suojaamattomassa s\u00e4hk\u00f6postissa vain, jos asiakas toimittaa\u00a0 tietojaan salaamattomalla s\u00e4hk\u00f6postilla. Oletuksena tiedot sy\u00f6tet\u00e4\u00e4n rekisteriin aina suojatun yhteyden v\u00e4lityksell\u00e4, jolloin henkil\u00f6tiedot kulkevat salattuina. Palvelinlaitteet s\u00e4ilytet\u00e4\u00e4n operaattorin lukitussa ja valvotussa tilassa. Ty\u00f6asemat, joilta asiakasrekisteri\u00e4 k\u00e4ytet\u00e4\u00e4n on suojattu k\u00e4ytt\u00e4j\u00e4kohtaisilla k\u00e4ytt\u00e4j\u00e4tunnuksilla ja salasanoilla. J\u00e4rjestelm\u00e4st\u00e4 otetaan s\u00e4\u00e4nn\u00f6llisesti turvakopioita, jotka my\u00f6s s\u00e4ilytet\u00e4\u00e4n asianmukaisesti suojattuna.<\/p>\n<h4 class=\"western\">Rekisteritietojen s\u00e4ilytys, arkistointi ja h\u00e4vitt\u00e4minen<\/h4>\n<p>Asiakastiedot s\u00e4ilyv\u00e4t rekisteriss\u00e4 my\u00f6s asiakassuhteen p\u00e4\u00e4ttymisen j\u00e4lkeen.<\/p>\n<h4 class=\"western\">Rekister\u00f6idyn informointi<\/h4>\n<p>J\u00e4rjestelm\u00e4n tietosuojaseloste on n\u00e4ht\u00e4viss\u00e4 Veneakselisto.com -verkkokaupan www-sivuilla.<\/p>\n<h4 class=\"western\">Tarkastusoikeus<\/h4>\n<p>Asiakasrekisteriin merkitty voi pyyt\u00e4\u00e4 oikeutta tarkastaa h\u00e4nest\u00e4 rekisteriin merkityt tiedot kirjallisesti rekisterin vastuuhenkil\u00f6lt\u00e4. Tarkistusoikeuden toteutumisesta p\u00e4\u00e4tt\u00e4\u00e4 rekisterin vastuuhenkil\u00f6. Tarkistusoikeus toteutetaan mahdollisimman pikaisesti. Rekisteriin ei merkit\u00e4 sellaisia tietoja, jotka rajoittaisivat tarkistusoikeutta.<\/p>\n<h4 class=\"western\">Tiedon korjaaminen<\/h4>\n<p>Rekister\u00f6ity voi pyyt\u00e4\u00e4 rekisteritietojen korjaamista kirjallisena rekisterin vastuuhenkil\u00f6lt\u00e4. Korjaamisesta p\u00e4\u00e4tt\u00e4\u00e4 rekisterin vastuuhenkil\u00f6.<\/p>\n<h4 class=\"western\">Kielto-oikeus<\/h4>\n<p>Rekisteriin merkittyll\u00e4 on oikeus kielt\u00e4\u00e4 tietojen k\u00e4yt\u00f6n markkina- ja mieleipidetutkimuksiin, suoramarkkinointiin ja henkil\u00f6- ja sukututkimusta varten. Veneakselisto Ala-Mikkula Ky:n asiakasrekisteri\u00e4 ei k\u00e4ytet\u00e4 em. tavoin.<\/p>\n<p>\u00a9Veneakselisto Ala-Mikkula Ky \u2013 2018[\/vc_column_text][\/vc_column][\/vc_row]<\/p>\n<\/div>","protected":false},"excerpt":{"rendered":"<p>[vc_row][vc_column][vc_column_text] Tietosuoja- ja rekisteriseloste Asiakkaidemme yksityisyys ja tietosuoja on meille t\u00e4rke\u00e4\u00e4. Sitoudumme huolehtimaan asiakkaan henkil\u00f6tietojen ja muiden palveluidemme yhteydess\u00e4 ker\u00e4tt\u00e4vien tietojen asianmukaisesta k\u00e4sittelyst\u00e4 ja suojaamisesta asianmukaisesti ja turvallisesti. T\u00e4ss\u00e4 selosteessa kerromme, ett\u00e4 miksi ja miten ker\u00e4\u00e4mme ja k\u00e4sittelemme asiakkaan tietoja asiakkaan vieraillessa sivuillamme tai muutoin k\u00e4ytt\u00e4ess\u00e4 palveluitamme ja miten suojaamme&#8230;<\/p>\n","protected":false},"author":1,"featured_media":0,"parent":0,"menu_order":0,"comment_status":"closed","ping_status":"closed","template":"","meta":{"jetpack_post_was_ever_published":false,"footnotes":""},"class_list":["post-131","page","type-page","status-publish","hentry"],"yoast_head":"<!-- This site is optimized with the Yoast SEO plugin v27.4 - https:\/\/yoast.com\/product\/yoast-seo-wordpress\/ -->\n<title>Tietosuoja- ja rekisteriseloste - Veneakselisto.com - verkkokauppa<\/title>\n<meta name=\"robots\" content=\"index, follow, max-snippet:-1, max-image-preview:large, max-video-preview:-1\" \/>\n<link rel=\"canonical\" href=\"https:\/\/veneakselisto.com\/kauppa\/rekisteriseloste\/\" \/>\n<meta property=\"og:locale\" content=\"fi_FI\" \/>\n<meta property=\"og:type\" content=\"article\" \/>\n<meta property=\"og:title\" content=\"Tietosuoja- ja rekisteriseloste - Veneakselisto.com - verkkokauppa\" \/>\n<meta property=\"og:description\" content=\"[vc_row][vc_column][vc_column_text] Tietosuoja- ja rekisteriseloste Asiakkaidemme yksityisyys ja tietosuoja on meille t\u00e4rke\u00e4\u00e4. Sitoudumme huolehtimaan asiakkaan henkil\u00f6tietojen ja muiden palveluidemme yhteydess\u00e4 ker\u00e4tt\u00e4vien tietojen asianmukaisesta k\u00e4sittelyst\u00e4 ja suojaamisesta asianmukaisesti ja turvallisesti. T\u00e4ss\u00e4 selosteessa kerromme, ett\u00e4 miksi ja miten ker\u00e4\u00e4mme ja k\u00e4sittelemme asiakkaan tietoja asiakkaan vieraillessa sivuillamme tai muutoin k\u00e4ytt\u00e4ess\u00e4 palveluitamme ja miten suojaamme...\" \/>\n<meta property=\"og:url\" content=\"https:\/\/veneakselisto.com\/kauppa\/rekisteriseloste\/\" \/>\n<meta property=\"og:site_name\" content=\"Veneakselisto.com - verkkokauppa\" \/>\n<meta property=\"article:publisher\" content=\"https:\/\/www.facebook.com\/AlaMikkula\/\" \/>\n<meta property=\"article:modified_time\" content=\"2026-01-20T11:29:44+00:00\" \/>\n<meta name=\"twitter:card\" content=\"summary_large_image\" \/>\n<meta name=\"twitter:label1\" content=\"Arvioitu lukuaika\" \/>\n\t<meta name=\"twitter:data1\" content=\"4 minuuttia\" \/>\n<script type=\"application\/ld+json\" class=\"yoast-schema-graph\">{\"@context\":\"https:\\\/\\\/schema.org\",\"@graph\":[{\"@type\":\"WebPage\",\"@id\":\"https:\\\/\\\/veneakselisto.com\\\/kauppa\\\/rekisteriseloste\\\/\",\"url\":\"https:\\\/\\\/veneakselisto.com\\\/kauppa\\\/rekisteriseloste\\\/\",\"name\":\"Tietosuoja- ja rekisteriseloste - Veneakselisto.com - verkkokauppa\",\"isPartOf\":{\"@id\":\"https:\\\/\\\/veneakselisto.com\\\/kauppa\\\/#website\"},\"datePublished\":\"2016-01-27T14:16:23+00:00\",\"dateModified\":\"2026-01-20T11:29:44+00:00\",\"breadcrumb\":{\"@id\":\"https:\\\/\\\/veneakselisto.com\\\/kauppa\\\/rekisteriseloste\\\/#breadcrumb\"},\"inLanguage\":\"fi\",\"potentialAction\":[{\"@type\":\"ReadAction\",\"target\":[\"https:\\\/\\\/veneakselisto.com\\\/kauppa\\\/rekisteriseloste\\\/\"]}]},{\"@type\":\"BreadcrumbList\",\"@id\":\"https:\\\/\\\/veneakselisto.com\\\/kauppa\\\/rekisteriseloste\\\/#breadcrumb\",\"itemListElement\":[{\"@type\":\"ListItem\",\"position\":1,\"name\":\"Etusivu\",\"item\":\"https:\\\/\\\/veneakselisto.com\\\/kauppa\\\/\"},{\"@type\":\"ListItem\",\"position\":2,\"name\":\"Tietosuoja- ja rekisteriseloste\"}]},{\"@type\":\"WebSite\",\"@id\":\"https:\\\/\\\/veneakselisto.com\\\/kauppa\\\/#website\",\"url\":\"https:\\\/\\\/veneakselisto.com\\\/kauppa\\\/\",\"name\":\"Veneakselisto.com - verkkokauppa\",\"description\":\"Venetarvikkeiden maahantuonti ja myynti\",\"publisher\":{\"@id\":\"https:\\\/\\\/veneakselisto.com\\\/kauppa\\\/#organization\"},\"potentialAction\":[{\"@type\":\"SearchAction\",\"target\":{\"@type\":\"EntryPoint\",\"urlTemplate\":\"https:\\\/\\\/veneakselisto.com\\\/kauppa\\\/?s={search_term_string}\"},\"query-input\":{\"@type\":\"PropertyValueSpecification\",\"valueRequired\":true,\"valueName\":\"search_term_string\"}}],\"inLanguage\":\"fi\"},{\"@type\":\"Organization\",\"@id\":\"https:\\\/\\\/veneakselisto.com\\\/kauppa\\\/#organization\",\"name\":\"Veneakselisto.com verkkokauppa\",\"url\":\"https:\\\/\\\/veneakselisto.com\\\/kauppa\\\/\",\"logo\":{\"@type\":\"ImageObject\",\"inLanguage\":\"fi\",\"@id\":\"https:\\\/\\\/veneakselisto.com\\\/kauppa\\\/#\\\/schema\\\/logo\\\/image\\\/\",\"url\":\"https:\\\/\\\/i2.wp.com\\\/veneakselisto.com\\\/kauppa\\\/wp-content\\\/uploads\\\/2016\\\/06\\\/fb_icon.jpg?fit=327%2C327&ssl=1\",\"contentUrl\":\"https:\\\/\\\/i2.wp.com\\\/veneakselisto.com\\\/kauppa\\\/wp-content\\\/uploads\\\/2016\\\/06\\\/fb_icon.jpg?fit=327%2C327&ssl=1\",\"width\":327,\"height\":327,\"caption\":\"Veneakselisto.com verkkokauppa\"},\"image\":{\"@id\":\"https:\\\/\\\/veneakselisto.com\\\/kauppa\\\/#\\\/schema\\\/logo\\\/image\\\/\"},\"sameAs\":[\"https:\\\/\\\/www.facebook.com\\\/AlaMikkula\\\/\"]}]}<\/script>\n<!-- \/ Yoast SEO plugin. -->","yoast_head_json":{"title":"Tietosuoja- ja rekisteriseloste - Veneakselisto.com - verkkokauppa","robots":{"index":"index","follow":"follow","max-snippet":"max-snippet:-1","max-image-preview":"max-image-preview:large","max-video-preview":"max-video-preview:-1"},"canonical":"https:\/\/veneakselisto.com\/kauppa\/rekisteriseloste\/","og_locale":"fi_FI","og_type":"article","og_title":"Tietosuoja- ja rekisteriseloste - Veneakselisto.com - verkkokauppa","og_description":"[vc_row][vc_column][vc_column_text] Tietosuoja- ja rekisteriseloste Asiakkaidemme yksityisyys ja tietosuoja on meille t\u00e4rke\u00e4\u00e4. Sitoudumme huolehtimaan asiakkaan henkil\u00f6tietojen ja muiden palveluidemme yhteydess\u00e4 ker\u00e4tt\u00e4vien tietojen asianmukaisesta k\u00e4sittelyst\u00e4 ja suojaamisesta asianmukaisesti ja turvallisesti. T\u00e4ss\u00e4 selosteessa kerromme, ett\u00e4 miksi ja miten ker\u00e4\u00e4mme ja k\u00e4sittelemme asiakkaan tietoja asiakkaan vieraillessa sivuillamme tai muutoin k\u00e4ytt\u00e4ess\u00e4 palveluitamme ja miten suojaamme...","og_url":"https:\/\/veneakselisto.com\/kauppa\/rekisteriseloste\/","og_site_name":"Veneakselisto.com - verkkokauppa","article_publisher":"https:\/\/www.facebook.com\/AlaMikkula\/","article_modified_time":"2026-01-20T11:29:44+00:00","twitter_card":"summary_large_image","twitter_misc":{"Arvioitu lukuaika":"4 minuuttia"},"schema":{"@context":"https:\/\/schema.org","@graph":[{"@type":"WebPage","@id":"https:\/\/veneakselisto.com\/kauppa\/rekisteriseloste\/","url":"https:\/\/veneakselisto.com\/kauppa\/rekisteriseloste\/","name":"Tietosuoja- ja rekisteriseloste - Veneakselisto.com - verkkokauppa","isPartOf":{"@id":"https:\/\/veneakselisto.com\/kauppa\/#website"},"datePublished":"2016-01-27T14:16:23+00:00","dateModified":"2026-01-20T11:29:44+00:00","breadcrumb":{"@id":"https:\/\/veneakselisto.com\/kauppa\/rekisteriseloste\/#breadcrumb"},"inLanguage":"fi","potentialAction":[{"@type":"ReadAction","target":["https:\/\/veneakselisto.com\/kauppa\/rekisteriseloste\/"]}]},{"@type":"BreadcrumbList","@id":"https:\/\/veneakselisto.com\/kauppa\/rekisteriseloste\/#breadcrumb","itemListElement":[{"@type":"ListItem","position":1,"name":"Etusivu","item":"https:\/\/veneakselisto.com\/kauppa\/"},{"@type":"ListItem","position":2,"name":"Tietosuoja- ja rekisteriseloste"}]},{"@type":"WebSite","@id":"https:\/\/veneakselisto.com\/kauppa\/#website","url":"https:\/\/veneakselisto.com\/kauppa\/","name":"Veneakselisto.com - verkkokauppa","description":"Venetarvikkeiden maahantuonti ja myynti","publisher":{"@id":"https:\/\/veneakselisto.com\/kauppa\/#organization"},"potentialAction":[{"@type":"SearchAction","target":{"@type":"EntryPoint","urlTemplate":"https:\/\/veneakselisto.com\/kauppa\/?s={search_term_string}"},"query-input":{"@type":"PropertyValueSpecification","valueRequired":true,"valueName":"search_term_string"}}],"inLanguage":"fi"},{"@type":"Organization","@id":"https:\/\/veneakselisto.com\/kauppa\/#organization","name":"Veneakselisto.com verkkokauppa","url":"https:\/\/veneakselisto.com\/kauppa\/","logo":{"@type":"ImageObject","inLanguage":"fi","@id":"https:\/\/veneakselisto.com\/kauppa\/#\/schema\/logo\/image\/","url":"https:\/\/i2.wp.com\/veneakselisto.com\/kauppa\/wp-content\/uploads\/2016\/06\/fb_icon.jpg?fit=327%2C327&ssl=1","contentUrl":"https:\/\/i2.wp.com\/veneakselisto.com\/kauppa\/wp-content\/uploads\/2016\/06\/fb_icon.jpg?fit=327%2C327&ssl=1","width":327,"height":327,"caption":"Veneakselisto.com verkkokauppa"},"image":{"@id":"https:\/\/veneakselisto.com\/kauppa\/#\/schema\/logo\/image\/"},"sameAs":["https:\/\/www.facebook.com\/AlaMikkula\/"]}]}},"jetpack_sharing_enabled":true,"jetpack_shortlink":"https:\/\/wp.me\/P70AGh-27","_links":{"self":[{"href":"https:\/\/veneakselisto.com\/kauppa\/wp-json\/wp\/v2\/pages\/131","targetHints":{"allow":["GET"]}}],"collection":[{"href":"https:\/\/veneakselisto.com\/kauppa\/wp-json\/wp\/v2\/pages"}],"about":[{"href":"https:\/\/veneakselisto.com\/kauppa\/wp-json\/wp\/v2\/types\/page"}],"author":[{"embeddable":true,"href":"https:\/\/veneakselisto.com\/kauppa\/wp-json\/wp\/v2\/users\/1"}],"replies":[{"embeddable":true,"href":"https:\/\/veneakselisto.com\/kauppa\/wp-json\/wp\/v2\/comments?post=131"}],"version-history":[{"count":1,"href":"https:\/\/veneakselisto.com\/kauppa\/wp-json\/wp\/v2\/pages\/131\/revisions"}],"predecessor-version":[{"id":24002,"href":"https:\/\/veneakselisto.com\/kauppa\/wp-json\/wp\/v2\/pages\/131\/revisions\/24002"}],"wp:attachment":[{"href":"https:\/\/veneakselisto.com\/kauppa\/wp-json\/wp\/v2\/media?parent=131"}],"curies":[{"name":"wp","href":"https:\/\/api.w.org\/{rel}","templated":true}]}}